{"id":11221,"date":"2022-08-11T16:07:53","date_gmt":"2022-08-11T14:07:53","guid":{"rendered":"https:\/\/strangercam.com\/?page_id=11221"},"modified":"2023-08-21T12:24:42","modified_gmt":"2023-08-21T10:24:42","slug":"meetme","status":"publish","type":"page","link":"https:\/\/strangercam.com\/da\/meetme\/","title":{"rendered":"Meetme"},"content":{"rendered":"<p>Hvis du leder efter en ny m\u00e5de at <a href=\"https:\/\/strangercam.com\/da\/coomeet\/\">m\u00f8des<\/a> mennesker og <a href=\"https:\/\/strangercam.com\/da\/flingster\/\">flirte<\/a> med fremmede, s\u00e5 b\u00f8r du tjekke meetme ud. Denne app giver dig mulighed for at komme i kontakt med folk i n\u00e6rheden af dig, som ogs\u00e5 er p\u00e5 udkig efter nye venner eller en romantisk partner. Du kan <a href=\"https:\/\/strangercam.com\/da\/chatroulette\/\">chat<\/a> med dem, dele billeder og interesser og endda m\u00f8des personligt, hvis I begge er interesserede. S\u00e5 hvorfor ikke give det en chance? Du ved aldrig, hvem du kan m\u00f8de!<\/p>\n<h2>Hvad er meetme?<\/h2>\n<p>Meetme er en <a href=\"https:\/\/strangercam.com\/da\/chathub\/\">Tilf\u00e6ldig videochat<\/a> site, der giver dig mulighed for at m\u00f8de nye mennesker og flirte med fremmede. Det er en god m\u00e5de at m\u00f8de nye venner eller potentielle partnere p\u00e5. Du kan ogs\u00e5 bruge meetme til at finde folk med samme interesser eller til at starte en samtale med en, du er interesseret i.<\/p>\n<h2>S\u00e5dan bruger du meetme<\/h2>\n<p>Hvis du er p\u00e5 udkig efter en ny m\u00e5de at m\u00f8de mennesker p\u00e5 og flirte med fremmede, b\u00f8r du tjekke meetme ud. Det er en fantastisk m\u00e5de at komme i kontakt med nye mennesker og potentielt finde k\u00e6rligheden. S\u00e5dan bruger du meetme:<\/p>\n<ul>\n<li style=\"font-weight: 400;\" aria-level=\"1\">F\u00f8rst skal du oprette en profil ved at tilmelde dig med din e-mailadresse eller oprette forbindelse til din Facebook-konto. S\u00f8rg for at tilf\u00f8je et foto og nogle grundl\u00e6ggende oplysninger om dig selv, s\u00e5 folk kan l\u00e6re dig at kende.<\/li>\n<li style=\"font-weight: 400;\" aria-level=\"1\">N\u00e5r du har en profil, kan du begynde at gennemse andre brugeres profiler. N\u00e5r du finder nogen, du er interesseret i, kan du sende dem en besked og se, om de er interesserede i at chatte.<\/li>\n<li style=\"font-weight: 400;\" aria-level=\"1\">Hvis du falder i hak med nogen, kan du begynde at flirte med dem. Det kan v\u00e6re alt fra at sende komplimenter til legende drillerier. Bare hav det sjovt og se, hvor det b\u00e6rer hen!<\/li>\n<li style=\"font-weight: 400;\" aria-level=\"1\">Hvis det ser ud til at g\u00e5 godt, kan du invitere personen ud p\u00e5 en date. Bare v\u00e6r sikker p\u00e5, at I begge er enige om, hvad I leder efter, f\u00f8r I m\u00f8des personligt.<\/li>\n<li style=\"font-weight: 400;\" aria-level=\"1\">Og s\u00e5dan er det! Brug meetme til at m\u00f8de nye mennesker og flirte med fremmede i et sikkert og sjovt milj\u00f8.<\/li>\n<\/ul>\n<h2>Fordele og ulemper ved meetme<\/h2>\n<p>Der er b\u00e5de gode og d\u00e5rlige ting ved meetme-appen. P\u00e5 den ene side kan det v\u00e6re en god m\u00e5de at m\u00f8de nye mennesker p\u00e5 og f\u00e5 nye venner. P\u00e5 den anden side er der ogs\u00e5 mulighed for at m\u00f8de farlige fremmede. Det er vigtigt at v\u00e6re opm\u00e6rksom p\u00e5 b\u00e5de fordele og ulemper, f\u00f8r man bruger denne app.<\/p>\n<p>Det gode ved meetme er, at du kan tale med mennesker fra hele verden. Det giver dig mulighed for at l\u00e6re om forskellige kulturer og f\u00e5 nye venner. Du kan ogs\u00e5 flirte med folk p\u00e5 meetme, hvilket kan v\u00e6re sjovt, hvis du er single og p\u00e5 udkig efter en date.<\/p>\n<p>Ulempen ved meetme er, at du potentielt kan m\u00f8de farlige fremmede. Fordi du taler med folk, du ikke kender, er det vigtigt at v\u00e6re forsigtig med, hvilke oplysninger du deler. Du b\u00f8r aldrig udlevere dine personlige oplysninger eller sige ja til at m\u00f8de nogen personligt, medmindre du er helt sikker p\u00e5, at de er i sikkerhed.<\/p>\n<p>Overordnet set kan meetme v\u00e6re en god m\u00e5de at m\u00f8de nye mennesker p\u00e5 og have det sjovt. Det er dog vigtigt at v\u00e6re opm\u00e6rksom p\u00e5 risiciene, f\u00f8r man bruger denne app.<\/p>\n<h2>Hvorfor er meetme s\u00e5 popul\u00e6r en tilf\u00e6ldig videochatplatform?<\/h2>\n<p>Der er mange grunde til, at meetme er s\u00e5 popul\u00e6r en platform for tilf\u00e6ldig videochat. For det f\u00f8rste er den utrolig nem at bruge. Du beh\u00f8ver ikke at oprette en konto eller noget i den stil. Du skal bare \u00e5bne appen og begynde at chatte med folk fra hele verden.<\/p>\n<p>En anden grund til, at meetme er s\u00e5 popul\u00e6rt, er, at det er anonymt. Du beh\u00f8ver ikke at opgive dit navn eller andre personlige oplysninger, n\u00e5r du bruger det. Det g\u00f8r det til en fantastisk platform for folk, der gerne vil chatte med fremmede uden at afsl\u00f8re for meget om sig selv.<\/p>\n<p>Endelig er meetme popul\u00e6rt, fordi det er en god m\u00e5de at m\u00f8de nye mennesker og f\u00e5 nye venner p\u00e5. Du kan chatte med folk fra hele verden og l\u00e6re dem bedre at kende. Uanset om du leder efter en ny ven eller en potentiel romantisk partner, er meetme et godt sted at starte.<\/p>\n<h2>Hvordan f\u00e5r man mest ud af meetme?<\/h2>\n<p>Hvis du er p\u00e5 udkig efter k\u00e6rlighed eller bare en god tid, kan du ikke g\u00e5 galt i byen med meetme. Dette sociale netv\u00e6rkssite giver dig mulighed for at m\u00f8de nye mennesker og flirte med fremmede i et sikkert og sjovt milj\u00f8. Her er nogle tips, der kan hj\u00e6lpe dig med at f\u00e5 mest muligt ud af din meetme-oplevelse:<\/p>\n<ol>\n<li style=\"font-weight: 400;\" aria-level=\"1\">Udfyld din profil. Jo flere oplysninger du giver om dig selv, jo lettere bliver det for andre at finde dig og komme i kontakt med dig. S\u00f8rg for at inkludere et nyt foto, s\u00e5 folk kan se, hvordan du ser ud.<\/li>\n<li style=\"font-weight: 400;\" aria-level=\"1\">Brug s\u00f8gefunktionen. meetme har en fantastisk s\u00f8gefunktion, der giver dig mulighed for at finde mennesker, der deler dine interesser, og som bor i n\u00e6rheden af dig. Brug s\u00f8gefunktionen til at finde potentielle matches, og begynd at chatte med dem.<\/li>\n<li style=\"font-weight: 400;\" aria-level=\"1\">V\u00e6r ikke bange for at flirte. Flirt er en god m\u00e5de at l\u00e6re nogen bedre at kende p\u00e5. Hvis du f\u00f8ler dig modig, kan du pr\u00f8ve at sende en privat besked eller flirte med nogen i offentlige chatrum. Bare s\u00f8rg for at opf\u00f8re dig ordentligt og holde det p\u00e5 et let plan, s\u00e5 ingen f\u00f8ler sig utilpas.<\/li>\n<li style=\"font-weight: 400;\" aria-level=\"1\">M\u00f8des personligt. N\u00e5r du har l\u00e6rt en person ret godt at kende online, er det tid til at tage tingene offline og m\u00f8des personligt. M\u00f8de<\/li>\n<\/ol>\n<h2>Hvad kan man forvente, n\u00e5r man bruger en tilf\u00e6ldig videochatplatform?<\/h2>\n<p>N\u00e5r du bruger en tilf\u00e6ldig videochatplatform som meetme, kan du forvente at m\u00f8de nye mennesker fra hele verden. Du vil kunne chatte med dem og l\u00e6re dem bedre at kende. Du kan endda finde p\u00e5 at flirte med dem!<\/p>\n<h2>Fordele ved at bruge en tilf\u00e6ldig videochat<\/h2>\n<p>Der er masser af fordele ved at bruge en tilf\u00e6ldig videochattjeneste som meetme. For det f\u00f8rste er det en fantastisk m\u00e5de at m\u00f8de nye mennesker fra hele verden p\u00e5. Du ved aldrig, hvem du m\u00f8der, eller hvor de kommer fra, og det kan give nogle interessante samtaler.<\/p>\n<p>En anden fordel er, at det er en god m\u00e5de at \u00f8ve sine sociale f\u00e6rdigheder p\u00e5. Hvis du er genert eller ikke s\u00e6rlig god til at tale med folk, kan en tilf\u00e6ldig videochat v\u00e6re en god m\u00e5de at \u00f8ve sig p\u00e5. Du kan ogs\u00e5 l\u00e6re mere om kropssprog og om, hvordan du afl\u00e6ser andre mennesker ved at chatte med dem online.<\/p>\n<p>Endelig kan en tilf\u00e6ldig videochat v\u00e6re meget sjov. Det er en god m\u00e5de at sl\u00e5 tiden ihjel p\u00e5 og m\u00f8de nye og interessante mennesker. S\u00e5 hvis du leder efter noget at lave, hvorfor s\u00e5 ikke pr\u00f8ve det?<\/p>\n<h2>Er det sikkert at bruge?<\/h2>\n<p>Der er mange mennesker derude, som er p\u00e5 udkig efter k\u00e6rlighed, kammeratskab og endda bare et m\u00f8de. Men er det virkelig sikkert at m\u00f8de nogen online og flirte med dem? Der er mange risici forbundet med at m\u00f8de nogen online, men der er ogs\u00e5 mange fordele. Du skal bare v\u00e6re forsigtig og bruge din bedste d\u00f8mmekraft.<\/p>\n<p>Hvis du leder efter k\u00e6rlighed, kan det at m\u00f8de nogen online v\u00e6re en god m\u00e5de at finde din soulmate p\u00e5. Men du skal v\u00e6re forsigtig med, hvem du taler med, og hvor meget du afsl\u00f8rer om dig selv. Det er vigtigt at huske, at ikke alle er dem, de giver sig ud for at v\u00e6re online. Der er mange rovdyr derude, som \u00f8nsker at udnytte folk. S\u00e5 du skal v\u00e6re forsigtig med, hvem du taler med, og s\u00f8rge for, at du ikke afsl\u00f8rer for meget om dig selv.<\/p>\n<p>Hvis du bare er ude efter at score, kan det at m\u00f8de nogen online v\u00e6re en god m\u00e5de at f\u00e5, hvad du vil have. Men igen skal du v\u00e6re forsigtig med, hvem du taler med, og hvor meget du afsl\u00f8rer om dig selv.<\/p>\n<h2>S\u00e5dan bliver du sikker p\u00e5 meetme<\/h2>\n<p>Hvis du gerne vil m\u00f8de nye mennesker og m\u00e5ske endda flirte med nogle fremmede, er meetme en god mulighed. Men det er vigtigt at v\u00e6re p\u00e5 den sikre side, n\u00e5r man bruger denne eller andre dating-apps. Her er nogle tips, der kan hj\u00e6lpe dig med at v\u00e6re sikker, n\u00e5r du bruger meetme:<\/p>\n<ul>\n<li style=\"font-weight: 400;\" aria-level=\"1\">Giv ikke for mange personlige oplysninger. N\u00e5r du f\u00f8rst l\u00e6rer nogen at kende, er det bedst at holde ting som din adresse og dit telefonnummer privat.<\/li>\n<li style=\"font-weight: 400;\" aria-level=\"1\">V\u00e6r forsigtig med, hvem du m\u00f8der personligt. Hvis du beslutter dig for at m\u00f8de nogen fra meetme personligt, skal du s\u00f8rge for at g\u00f8re det p\u00e5 et offentligt sted og lade en ven eller et familiemedlem vide, hvor du vil v\u00e6re.<\/li>\n<li style=\"font-weight: 400;\" aria-level=\"1\">Lad v\u00e6re med at sende penge eller gaver til nogen, du har <a href=\"https:\/\/strangercam.com\/da\/chamet\/\">met<\/a> online, uanset hvor godt du tror, du kender dem.<\/li>\n<li style=\"font-weight: 400;\" aria-level=\"1\">Stol p\u00e5 dine instinkter. Hvis noget ikke f\u00f8les rigtigt, skal du ikke t\u00f8ve med at blokere eller rapportere brugeren.<\/li>\n<\/ul>\n<h2>Konklusion<\/h2>\n<p>Hvis du leder efter en ny m\u00e5de at m\u00f8de folk p\u00e5 og flirte med fremmede, s\u00e5 er MeetMe m\u00e5ske den rette app for dig. Med sin brugervenlige gr\u00e6nseflade og fantastiske funktioner er den bestemt v\u00e6rd at tjekke ud. Hvem ved, m\u00e5ske finder du din n\u00e6ste date eller hookup p\u00e5 MeetMe!<\/p>","protected":false},"excerpt":{"rendered":"<p>If you&#8217;re looking for a new way to meet people and flirt with strangers, then you should check out meetme. This app allows you to connect with people near you who are also looking for new friends or a romantic partner. You can chat with them, share photos and interests, and even meet up in [&hellip;]<\/p>\n","protected":false},"author":6,"featured_media":559,"parent":0,"menu_order":0,"comment_status":"closed","ping_status":"closed","template":"","meta":{"footnotes":""},"class_list":["post-11221","page","type-page","status-publish","has-post-thumbnail","hentry"],"yoast_head":"<!-- This site is optimized with the Yoast SEO plugin v26.9 - https:\/\/yoast.com\/product\/yoast-seo-wordpress\/ -->\n<title>Meetme - Chat with strangers on StrangerCam.com<\/title>\n<meta name=\"description\" content=\"Like Meetme? Come chat with more than 5.000.000 strangers on Stranger Cam for Free! Turn on your cam and find new friends &amp; maby a match!\" \/>\n<meta name=\"robots\" content=\"index, follow, max-snippet:-1, max-image-preview:large, max-video-preview:-1\" \/>\n<link rel=\"canonical\" href=\"https:\/\/strangercam.com\/da\/meetme\/\" \/>\n<meta property=\"og:locale\" content=\"da_DK\" \/>\n<meta property=\"og:type\" content=\"article\" \/>\n<meta property=\"og:title\" content=\"Meetme - Chat with strangers on StrangerCam.com\" \/>\n<meta property=\"og:description\" content=\"Like Meetme? Come chat with more than 5.000.000 strangers on Stranger Cam for Free! Turn on your cam and find new friends &amp; maby a match!\" \/>\n<meta property=\"og:url\" content=\"https:\/\/strangercam.com\/da\/meetme\/\" \/>\n<meta property=\"og:site_name\" content=\"Strangercam\" \/>\n<meta property=\"article:publisher\" content=\"https:\/\/www.facebook.com\/strangercam\" \/>\n<meta property=\"article:modified_time\" content=\"2023-08-21T10:24:42+00:00\" \/>\n<meta property=\"og:image\" content=\"https:\/\/strangercam.com\/wp-content\/uploads\/2020\/11\/stranger-cam-1.png\" \/>\n\t<meta property=\"og:image:width\" content=\"800\" \/>\n\t<meta property=\"og:image:height\" content=\"800\" \/>\n\t<meta property=\"og:image:type\" content=\"image\/png\" \/>\n<meta name=\"twitter:card\" content=\"summary_large_image\" \/>\n<meta name=\"twitter:site\" content=\"@strangercamapp\" \/>\n<meta name=\"twitter:label1\" content=\"Estimeret l\u00e6setid\" \/>\n\t<meta name=\"twitter:data1\" content=\"7 minutter\" \/>\n<script type=\"application\/ld+json\" class=\"yoast-schema-graph\">{\"@context\":\"https:\/\/schema.org\",\"@graph\":[{\"@type\":\"WebPage\",\"@id\":\"https:\/\/strangercam.com\/meetme\/\",\"url\":\"https:\/\/strangercam.com\/meetme\/\",\"name\":\"Meetme - Chat with strangers on StrangerCam.com\",\"isPartOf\":{\"@id\":\"https:\/\/strangercam.com\/#website\"},\"primaryImageOfPage\":{\"@id\":\"https:\/\/strangercam.com\/meetme\/#primaryimage\"},\"image\":{\"@id\":\"https:\/\/strangercam.com\/meetme\/#primaryimage\"},\"thumbnailUrl\":\"https:\/\/strangercam.com\/wp-content\/uploads\/2020\/11\/stranger-cam-1.png\",\"datePublished\":\"2022-08-11T14:07:53+00:00\",\"dateModified\":\"2023-08-21T10:24:42+00:00\",\"description\":\"Like Meetme? Come chat with more than 5.000.000 strangers on Stranger Cam for Free! Turn on your cam and find new friends & maby a match!\",\"breadcrumb\":{\"@id\":\"https:\/\/strangercam.com\/meetme\/#breadcrumb\"},\"inLanguage\":\"da-DK\",\"potentialAction\":[{\"@type\":\"ReadAction\",\"target\":[\"https:\/\/strangercam.com\/meetme\/\"]}]},{\"@type\":\"ImageObject\",\"inLanguage\":\"da-DK\",\"@id\":\"https:\/\/strangercam.com\/meetme\/#primaryimage\",\"url\":\"https:\/\/strangercam.com\/wp-content\/uploads\/2020\/11\/stranger-cam-1.png\",\"contentUrl\":\"https:\/\/strangercam.com\/wp-content\/uploads\/2020\/11\/stranger-cam-1.png\",\"width\":800,\"height\":800,\"caption\":\"stranger cam random video chat\"},{\"@type\":\"BreadcrumbList\",\"@id\":\"https:\/\/strangercam.com\/meetme\/#breadcrumb\",\"itemListElement\":[{\"@type\":\"ListItem\",\"position\":1,\"name\":\"Home\",\"item\":\"https:\/\/strangercam.com\/\"},{\"@type\":\"ListItem\",\"position\":2,\"name\":\"Meetme\"}]},{\"@type\":\"WebSite\",\"@id\":\"https:\/\/strangercam.com\/#website\",\"url\":\"https:\/\/strangercam.com\/\",\"name\":\"Strangercam\",\"description\":\"Random Video Chat with Strangers\",\"publisher\":{\"@id\":\"https:\/\/strangercam.com\/#organization\"},\"alternateName\":\"Strangercam.com\",\"potentialAction\":[{\"@type\":\"SearchAction\",\"target\":{\"@type\":\"EntryPoint\",\"urlTemplate\":\"https:\/\/strangercam.com\/?s={search_term_string}\"},\"query-input\":{\"@type\":\"PropertyValueSpecification\",\"valueRequired\":true,\"valueName\":\"search_term_string\"}}],\"inLanguage\":\"da-DK\"},{\"@type\":\"Organization\",\"@id\":\"https:\/\/strangercam.com\/#organization\",\"name\":\"Strangercam\",\"alternateName\":\"Strangercam.com\",\"url\":\"https:\/\/strangercam.com\/\",\"logo\":{\"@type\":\"ImageObject\",\"inLanguage\":\"da-DK\",\"@id\":\"https:\/\/strangercam.com\/#\/schema\/logo\/image\/\",\"url\":\"https:\/\/strangercam.com\/wp-content\/uploads\/2020\/11\/cropped-new-favicon-black.png\",\"contentUrl\":\"https:\/\/strangercam.com\/wp-content\/uploads\/2020\/11\/cropped-new-favicon-black.png\",\"width\":512,\"height\":512,\"caption\":\"Strangercam\"},\"image\":{\"@id\":\"https:\/\/strangercam.com\/#\/schema\/logo\/image\/\"},\"sameAs\":[\"https:\/\/www.facebook.com\/strangercam\",\"https:\/\/x.com\/strangercamapp\"]}]}<\/script>\n<!-- \/ Yoast SEO plugin. -->","yoast_head_json":{"title":"Meetme - Chat med fremmede p\u00e5 StrangerCam.com","description":"Kan du lide Meetme? Kom og chat med mere end 5.000.000 fremmede p\u00e5 Stranger Cam helt gratis! T\u00e6nd for dit kamera og find nye venner og m\u00e5ske et match!","robots":{"index":"index","follow":"follow","max-snippet":"max-snippet:-1","max-image-preview":"max-image-preview:large","max-video-preview":"max-video-preview:-1"},"canonical":"https:\/\/strangercam.com\/da\/meetme\/","og_locale":"da_DK","og_type":"article","og_title":"Meetme - Chat with strangers on StrangerCam.com","og_description":"Like Meetme? Come chat with more than 5.000.000 strangers on Stranger Cam for Free! Turn on your cam and find new friends & maby a match!","og_url":"https:\/\/strangercam.com\/da\/meetme\/","og_site_name":"Strangercam","article_publisher":"https:\/\/www.facebook.com\/strangercam","article_modified_time":"2023-08-21T10:24:42+00:00","og_image":[{"width":800,"height":800,"url":"https:\/\/strangercam.com\/wp-content\/uploads\/2020\/11\/stranger-cam-1.png","type":"image\/png"}],"twitter_card":"summary_large_image","twitter_site":"@strangercamapp","twitter_misc":{"Estimeret l\u00e6setid":"7 minutter"},"schema":{"@context":"https:\/\/schema.org","@graph":[{"@type":"WebPage","@id":"https:\/\/strangercam.com\/meetme\/","url":"https:\/\/strangercam.com\/meetme\/","name":"Meetme - Chat med fremmede p\u00e5 StrangerCam.com","isPartOf":{"@id":"https:\/\/strangercam.com\/#website"},"primaryImageOfPage":{"@id":"https:\/\/strangercam.com\/meetme\/#primaryimage"},"image":{"@id":"https:\/\/strangercam.com\/meetme\/#primaryimage"},"thumbnailUrl":"https:\/\/strangercam.com\/wp-content\/uploads\/2020\/11\/stranger-cam-1.png","datePublished":"2022-08-11T14:07:53+00:00","dateModified":"2023-08-21T10:24:42+00:00","description":"Kan du lide Meetme? Kom og chat med mere end 5.000.000 fremmede p\u00e5 Stranger Cam helt gratis! T\u00e6nd for dit kamera og find nye venner og m\u00e5ske et match!","breadcrumb":{"@id":"https:\/\/strangercam.com\/meetme\/#breadcrumb"},"inLanguage":"da-DK","potentialAction":[{"@type":"ReadAction","target":["https:\/\/strangercam.com\/meetme\/"]}]},{"@type":"ImageObject","inLanguage":"da-DK","@id":"https:\/\/strangercam.com\/meetme\/#primaryimage","url":"https:\/\/strangercam.com\/wp-content\/uploads\/2020\/11\/stranger-cam-1.png","contentUrl":"https:\/\/strangercam.com\/wp-content\/uploads\/2020\/11\/stranger-cam-1.png","width":800,"height":800,"caption":"stranger cam random video chat"},{"@type":"BreadcrumbList","@id":"https:\/\/strangercam.com\/meetme\/#breadcrumb","itemListElement":[{"@type":"ListItem","position":1,"name":"Home","item":"https:\/\/strangercam.com\/"},{"@type":"ListItem","position":2,"name":"Meetme"}]},{"@type":"WebSite","@id":"https:\/\/strangercam.com\/#website","url":"https:\/\/strangercam.com\/","name":"Strangercam","description":"Tilf\u00e6ldig videochat med fremmede","publisher":{"@id":"https:\/\/strangercam.com\/#organization"},"alternateName":"Strangercam.com","potentialAction":[{"@type":"SearchAction","target":{"@type":"EntryPoint","urlTemplate":"https:\/\/strangercam.com\/?s={search_term_string}"},"query-input":{"@type":"PropertyValueSpecification","valueRequired":true,"valueName":"search_term_string"}}],"inLanguage":"da-DK"},{"@type":"Organization","@id":"https:\/\/strangercam.com\/#organization","name":"Strangercam","alternateName":"Strangercam.com","url":"https:\/\/strangercam.com\/","logo":{"@type":"ImageObject","inLanguage":"da-DK","@id":"https:\/\/strangercam.com\/#\/schema\/logo\/image\/","url":"https:\/\/strangercam.com\/wp-content\/uploads\/2020\/11\/cropped-new-favicon-black.png","contentUrl":"https:\/\/strangercam.com\/wp-content\/uploads\/2020\/11\/cropped-new-favicon-black.png","width":512,"height":512,"caption":"Strangercam"},"image":{"@id":"https:\/\/strangercam.com\/#\/schema\/logo\/image\/"},"sameAs":["https:\/\/www.facebook.com\/strangercam","https:\/\/x.com\/strangercamapp"]}]}},"_links":{"self":[{"href":"https:\/\/strangercam.com\/da\/wp-json\/wp\/v2\/pages\/11221","targetHints":{"allow":["GET"]}}],"collection":[{"href":"https:\/\/strangercam.com\/da\/wp-json\/wp\/v2\/pages"}],"about":[{"href":"https:\/\/strangercam.com\/da\/wp-json\/wp\/v2\/types\/page"}],"author":[{"embeddable":true,"href":"https:\/\/strangercam.com\/da\/wp-json\/wp\/v2\/users\/6"}],"replies":[{"embeddable":true,"href":"https:\/\/strangercam.com\/da\/wp-json\/wp\/v2\/comments?post=11221"}],"version-history":[{"count":0,"href":"https:\/\/strangercam.com\/da\/wp-json\/wp\/v2\/pages\/11221\/revisions"}],"wp:featuredmedia":[{"embeddable":true,"href":"https:\/\/strangercam.com\/da\/wp-json\/wp\/v2\/media\/559"}],"wp:attachment":[{"href":"https:\/\/strangercam.com\/da\/wp-json\/wp\/v2\/media?parent=11221"}],"curies":[{"name":"wp","href":"https:\/\/api.w.org\/{rel}","templated":true}]}}