{"id":11208,"date":"2022-08-11T16:02:32","date_gmt":"2022-08-11T14:02:32","guid":{"rendered":"https:\/\/strangercam.com\/?page_id=11208"},"modified":"2023-08-21T12:24:41","modified_gmt":"2023-08-21T10:24:41","slug":"epikchat","status":"publish","type":"page","link":"https:\/\/strangercam.com\/da\/epikchat\/","title":{"rendered":"Epikchat"},"content":{"rendered":"<p>Epikchat er en ny social netv\u00e6rks- og dating-app, der lader dig <a href=\"https:\/\/strangercam.com\/da\/coomeet\/\">m\u00f8des<\/a> nye mennesker og flirte med fremmede. Appen er i \u00f8jeblikket tilg\u00e6ngelig til iOS- og Android-enheder.<\/p>\n<h2>Hvad er Epikchat?<\/h2>\n<p>Epikchat er en live video <a href=\"https:\/\/strangercam.com\/da\/chathub\/\">chat<\/a> platform, der giver brugerne mulighed for at komme i kontakt med hinanden i realtid. Epikchat giver folk en unik og bekvem m\u00e5de at kommunikere med hinanden p\u00e5 og nyde deres tid.<\/p>\n<h2>S\u00e5dan bruger du Epikchat<\/h2>\n<p>Det f\u00f8rste skridt er at oprette en konto hos Epikchat. Det kan du g\u00f8re ved at g\u00e5 ind p\u00e5 deres hjemmeside og klikke p\u00e5 knappen \"Sign Up\". N\u00e5r du har oprettet en konto, skal du bekr\u00e6fte din e-mailadresse. N\u00e5r din e-mailadresse er bekr\u00e6ftet, kan du logge ind p\u00e5 din konto.<\/p>\n<p>N\u00e5r du er logget ind, vil du kunne se en liste over alle de chatrum, der er tilg\u00e6ngelige. Du kan v\u00e6lge at deltage i et af disse chatrum, eller du kan oprette dit eget chatrum. Hvis du beslutter dig for at oprette dit eget chatrum, skal du v\u00e6lge et navn til dit rum og en adgangskode. N\u00e5r du har valgt et navn og en adgangskode til dit rum, kan du invitere andre til at deltage i dit rum.<\/p>\n<h2>Fordele og ulemper ved at bruge Epikchat<\/h2>\n<p>Der er mange grunde til, at folk brugerEpikchat. Nogle bruger det til at m\u00f8de nye venner, andre bruger det til at flirte med fremmede, og nogle bruger det til at finde en date. Men der er ogs\u00e5 nogle ulemper ved at bruge Epikchat. Her er nogle fordele og ulemper ved at bruge Epikchat:<\/p>\n<h4>Fordele:<\/h4>\n<ul>\n<li style=\"font-weight: 400;\" aria-level=\"1\">Du kan m\u00f8de nye mennesker fra hele verden.<\/li>\n<li style=\"font-weight: 400;\" aria-level=\"1\">Det er en god m\u00e5de at \u00f8ve sig i at flirte p\u00e5.<\/li>\n<li style=\"font-weight: 400;\" aria-level=\"1\">Du kan l\u00e6re om andre kulturer ved at chatte med folk fra forskellige lande.<\/li>\n<li style=\"font-weight: 400;\" aria-level=\"1\">Det er en god m\u00e5de at f\u00e5 nye venner p\u00e5.<\/li>\n<\/ul>\n<h4>Ulemper:<\/h4>\n<ul>\n<li style=\"font-weight: 400;\" aria-level=\"1\">Nogle mennesker bruger Epikchat til cybermobning.<\/li>\n<li style=\"font-weight: 400;\" aria-level=\"1\">Du kan st\u00f8de p\u00e5 upassende indhold, n\u00e5r du chatter med fremmede.<\/li>\n<li style=\"font-weight: 400;\" aria-level=\"1\">Dine personlige oplysninger kan v\u00e6re i fare, hvis du ikke bruger privatlivsindstillingerne korrekt.<\/li>\n<\/ul>\n<h2>Hvad du kan forvente, n\u00e5r du bruger Epikchat<\/h2>\n<p>Epikchat er et nyt socialt netv\u00e6rkssite, der giver dig mulighed for at m\u00f8de nye mennesker og flirte med dem. Det er en god m\u00e5de at f\u00e5 nye venner p\u00e5 og m\u00e5ske endda finde k\u00e6rligheden. Der er dog nogle ting, du b\u00f8r forvente, n\u00e5r du bruger denne side.<\/p>\n<p>F\u00f8rst skal du oprette en profil. Den skal indeholde dit navn, din alder, dit k\u00f8n og dine interesser. Du kan ogs\u00e5 uploade et billede af dig selv. N\u00e5r du har oprettet din profil, kan du begynde at s\u00f8ge efter andre medlemmer.<\/p>\n<p>Du kan s\u00f8ge efter medlemmer ud fra deres placering, alder eller interesser. N\u00e5r du har fundet nogen, du vil chatte med, kan du sende dem en besked. Hvis de er online, kan du chatte med dem i realtid. Hvis de ikke er online, kan du stadig sende dem beskeder, men de vil ikke kunne svare, f\u00f8r de logger ind igen.<\/p>\n<p>Epikchat er en fantastisk m\u00e5de at m\u00f8de nye mennesker p\u00e5 og flirte med dem. Der er dog nogle ting, du b\u00f8r forvente, n\u00e5r du bruger denne side. S\u00e5 g\u00e5 videre og opret en profil i dag og begynd at chatte med nogle nye venner!<\/p>\n<h2>Hvorfor er Epikchat s\u00e5 popul\u00e6r en tilf\u00e6ldig videochat-platform?<\/h2>\n<p>Epikchat er en popul\u00e6r platform for tilf\u00e6ldig videochat af flere grunde. For det f\u00f8rste er den utrolig nem at bruge. Alt, hvad du beh\u00f8ver, er et webcam og en internetforbindelse, og s\u00e5 kan du begynde at chatte med fremmede fra hele verden. For det andet har siden et meget aktivt f\u00e6llesskab af brugere, som altid er glade for at chatte og flirte med nye mennesker. Endelig er Epikchat helt gratis at bruge, s\u00e5 du kan chatte s\u00e5 meget, du vil, uden at skulle bekymre dig om gebyrer.<\/p>\n<h2>Epikchat vs andre tilf\u00e6ldige videochat-platforme<\/h2>\n<p>Epikchat er en ny tilf\u00e6ldig videochatplatform, der hurtigt vinder popularitet. Der er mange andre lignende platforme derude, men Epikchat har flere funktioner, der adskiller den fra konkurrenterne.<\/p>\n<p>F\u00f8rst og fremmest er Epikchat helt gratis at bruge. Der kr\u00e6ves ingen skjulte gebyrer eller betalte medlemskaber for at f\u00e5 adgang til alle funktionerne. Det g\u00f8r den meget tiltalende for brugere, der er p\u00e5 udkig efter en budgetvenlig l\u00f8sning.<\/p>\n<p>For det andet har Epikchat en meget renere og mere brugervenlig gr\u00e6nseflade end de fleste andre chatplatforme. Designet er slankt og moderne, og navigationen er let at forst\u00e5. Det g\u00f8r den ideel til brugere, der \u00f8nsker en problemfri oplevelse.<\/p>\n<p>Endelig tilbyder Epikchat en unik \u201cflirt\u201d-funktion, der giver brugerne mulighed for anonymt at sende flirtende beskeder til fremmede. Hvis modtageren synes om samtalen, kan de v\u00e6lge at afsl\u00f8re deres identitet. Det kan f\u00f8re til nogle sjove og interessante interaktioner!<\/p>\n<h2>Fordele ved at bruge en tilf\u00e6ldig videochatplatform<\/h2>\n<p>Der er mange fordele ved at bruge en tilf\u00e6ldig videochatplatform. Den vigtigste fordel er, at det hj\u00e6lper dig med at komme i kontakt med mennesker fra hele verden. Du kan f\u00e5 nye venner, l\u00e6re nye kulturer og sprog og endda finde k\u00e6rligheden p\u00e5 disse platforme.<\/p>\n<p>En anden stor fordel er, at man kan have det rigtig sjovt p\u00e5 disse platforme. Du kan spille spil, dele billeder og videoer og bare generelt have det sjovt. Der er ogs\u00e5 mange muligheder for at m\u00f8de nye mennesker og flirte med dem p\u00e5 disse platforme. S\u00e5 hvis du leder efter en sjov og nem m\u00e5de at m\u00f8de nye mennesker p\u00e5, b\u00f8r du helt sikkert tjekke en tilf\u00e6ldig videochatplatform ud.<\/p>\n<h2>S\u00e5dan er du sikker, n\u00e5r du bruger Epikchat<\/h2>\n<p>Hvis du gerne vil m\u00f8de nye mennesker og flirte med fremmede, er Epikchat en god mulighed. Der er dog nogle ting, du b\u00f8r huske p\u00e5 for at v\u00e6re sikker, n\u00e5r du bruger appen.<\/p>\n<p>F\u00f8rst og fremmest skal du aldrig give personlige oplysninger til nogen, du ikke kender. Det omfatter dit fulde navn, adresse, telefonnummer, e-mailadresse eller andre f\u00f8lsomme oplysninger. Du b\u00f8r ogs\u00e5 undg\u00e5 at dele billeder eller videoer, der kan bruges til at identificere dig.<\/p>\n<p>Et andet vigtigt sikkerhedstip er aldrig at m\u00f8des med nogen, du har m\u00f8dt online, i virkeligheden. Hvis du beslutter dig for at m\u00f8des med nogen, s\u00e5 s\u00f8rg for at g\u00f8re det p\u00e5 et offentligt sted og tag en ven eller et familiemedlem med. Tag aldrig alene af sted med nogen, du ikke kender.<\/p>\n<p>Hvis du nogensinde f\u00f8ler dig utilpas eller utryg, mens du bruger Epikchat, skal du huske at rapportere brugeren til appens moderatorer. De vil tr\u00e6ffe passende foranstaltninger for at beskytte dig.<\/p>\n<p>Ved at f\u00f8lge disse enkle sikkerhedstips kan du have det sjovt med at bruge Epikchat uden at uds\u00e6tte dig selv for risiko.<\/p>\n<h2>Alternativer til Epikchat<\/h2>\n<p>Hvis du leder efter alternativer til Epikchat, er der masser af muligheder derude. Her er nogle af vores favoritter:<\/p>\n<ol>\n<li><a href=\"https:\/\/strangercam.com\/da\/chatroulette\/\">Chatroulette<\/a>: Denne side minder meget om Epikchat og giver dig mulighed for at chatte med tilf\u00e6ldige fremmede fra hele verden. Men den har ogs\u00e5 nogle ekstra funktioner, som f.eks. muligheden for at filtrere dine resultater efter land eller k\u00f8n.<\/li>\n<li><a href=\"https:\/\/strangercam.com\/da\/omegle\/\">Omegle<\/a>: Omegle er en anden popul\u00e6r chatside, der tilbyder en lignende oplevelse som Epikchat. Men en af de unikke funktioner p\u00e5 dette websted er, at det ogs\u00e5 har en sektion til tekstbaseret chat ud over videochat.<\/li>\n<li>TinyChat: TinyChat er en nyere mulighed, som er blevet ret popul\u00e6r i de senere \u00e5r. Den har en enkel brugerflade og giver dig mulighed for at oprette \u201crum\u201d til gruppechats med op til 12 personer. Du kan ogs\u00e5 deltage i offentlige rum p\u00e5 TinyChat for at m\u00f8de nye mennesker.<\/li>\n<\/ol>\n<h2>Konklusion<\/h2>\n<p>Epikchat er en fantastisk m\u00e5de at m\u00f8de nye mennesker p\u00e5 og flirte med fremmede. Det er nemt at bruge, og du kan komme i kontakt med mennesker fra hele verden. Hvis du leder efter en sjov m\u00e5de at m\u00f8de nye mennesker p\u00e5, er Epikchat bestemt v\u00e6rd at tjekke ud.<\/p>","protected":false},"excerpt":{"rendered":"<p>Epikchat is a new social networking and dating app that lets you meet new people and flirt with strangers. The app is currently available for iOS and Android devices. What is Epikchat? Epikchat is a live video chat platform that allows users to connect with each other in real time. Epikchat provides a unique and [&hellip;]<\/p>\n","protected":false},"author":6,"featured_media":559,"parent":0,"menu_order":0,"comment_status":"closed","ping_status":"closed","template":"","meta":{"footnotes":""},"class_list":["post-11208","page","type-page","status-publish","has-post-thumbnail","hentry"],"yoast_head":"<!-- This site is optimized with the Yoast SEO plugin v26.9 - https:\/\/yoast.com\/product\/yoast-seo-wordpress\/ -->\n<title>Epikchat - Chat with strangers on StrangerCam.com<\/title>\n<meta name=\"description\" content=\"Like Epikchat? Come chat with more than 5.000.000 strangers on Stranger Cam for Free! Turn on your cam and find new friends &amp; maby a match!\" \/>\n<meta name=\"robots\" content=\"index, follow, max-snippet:-1, max-image-preview:large, max-video-preview:-1\" \/>\n<link rel=\"canonical\" href=\"https:\/\/strangercam.com\/da\/epikchat\/\" \/>\n<meta property=\"og:locale\" content=\"da_DK\" \/>\n<meta property=\"og:type\" content=\"article\" \/>\n<meta property=\"og:title\" content=\"Epikchat - Chat with strangers on StrangerCam.com\" \/>\n<meta property=\"og:description\" content=\"Like Epikchat? Come chat with more than 5.000.000 strangers on Stranger Cam for Free! Turn on your cam and find new friends &amp; maby a match!\" \/>\n<meta property=\"og:url\" content=\"https:\/\/strangercam.com\/da\/epikchat\/\" \/>\n<meta property=\"og:site_name\" content=\"Strangercam\" \/>\n<meta property=\"article:publisher\" content=\"https:\/\/www.facebook.com\/strangercam\" \/>\n<meta property=\"article:modified_time\" content=\"2023-08-21T10:24:41+00:00\" \/>\n<meta property=\"og:image\" content=\"https:\/\/strangercam.com\/wp-content\/uploads\/2020\/11\/stranger-cam-1.png\" \/>\n\t<meta property=\"og:image:width\" content=\"800\" \/>\n\t<meta property=\"og:image:height\" content=\"800\" \/>\n\t<meta property=\"og:image:type\" content=\"image\/png\" \/>\n<meta name=\"twitter:card\" content=\"summary_large_image\" \/>\n<meta name=\"twitter:site\" content=\"@strangercamapp\" \/>\n<meta name=\"twitter:label1\" content=\"Estimeret l\u00e6setid\" \/>\n\t<meta name=\"twitter:data1\" content=\"6 minutter\" \/>\n<script type=\"application\/ld+json\" class=\"yoast-schema-graph\">{\"@context\":\"https:\/\/schema.org\",\"@graph\":[{\"@type\":\"WebPage\",\"@id\":\"https:\/\/strangercam.com\/epikchat\/\",\"url\":\"https:\/\/strangercam.com\/epikchat\/\",\"name\":\"Epikchat - Chat with strangers on StrangerCam.com\",\"isPartOf\":{\"@id\":\"https:\/\/strangercam.com\/#website\"},\"primaryImageOfPage\":{\"@id\":\"https:\/\/strangercam.com\/epikchat\/#primaryimage\"},\"image\":{\"@id\":\"https:\/\/strangercam.com\/epikchat\/#primaryimage\"},\"thumbnailUrl\":\"https:\/\/strangercam.com\/wp-content\/uploads\/2020\/11\/stranger-cam-1.png\",\"datePublished\":\"2022-08-11T14:02:32+00:00\",\"dateModified\":\"2023-08-21T10:24:41+00:00\",\"description\":\"Like Epikchat? Come chat with more than 5.000.000 strangers on Stranger Cam for Free! Turn on your cam and find new friends & maby a match!\",\"breadcrumb\":{\"@id\":\"https:\/\/strangercam.com\/epikchat\/#breadcrumb\"},\"inLanguage\":\"da-DK\",\"potentialAction\":[{\"@type\":\"ReadAction\",\"target\":[\"https:\/\/strangercam.com\/epikchat\/\"]}]},{\"@type\":\"ImageObject\",\"inLanguage\":\"da-DK\",\"@id\":\"https:\/\/strangercam.com\/epikchat\/#primaryimage\",\"url\":\"https:\/\/strangercam.com\/wp-content\/uploads\/2020\/11\/stranger-cam-1.png\",\"contentUrl\":\"https:\/\/strangercam.com\/wp-content\/uploads\/2020\/11\/stranger-cam-1.png\",\"width\":800,\"height\":800,\"caption\":\"stranger cam random video chat\"},{\"@type\":\"BreadcrumbList\",\"@id\":\"https:\/\/strangercam.com\/epikchat\/#breadcrumb\",\"itemListElement\":[{\"@type\":\"ListItem\",\"position\":1,\"name\":\"Home\",\"item\":\"https:\/\/strangercam.com\/\"},{\"@type\":\"ListItem\",\"position\":2,\"name\":\"Epikchat\"}]},{\"@type\":\"WebSite\",\"@id\":\"https:\/\/strangercam.com\/#website\",\"url\":\"https:\/\/strangercam.com\/\",\"name\":\"Strangercam\",\"description\":\"Random Video Chat with Strangers\",\"publisher\":{\"@id\":\"https:\/\/strangercam.com\/#organization\"},\"alternateName\":\"Strangercam.com\",\"potentialAction\":[{\"@type\":\"SearchAction\",\"target\":{\"@type\":\"EntryPoint\",\"urlTemplate\":\"https:\/\/strangercam.com\/?s={search_term_string}\"},\"query-input\":{\"@type\":\"PropertyValueSpecification\",\"valueRequired\":true,\"valueName\":\"search_term_string\"}}],\"inLanguage\":\"da-DK\"},{\"@type\":\"Organization\",\"@id\":\"https:\/\/strangercam.com\/#organization\",\"name\":\"Strangercam\",\"alternateName\":\"Strangercam.com\",\"url\":\"https:\/\/strangercam.com\/\",\"logo\":{\"@type\":\"ImageObject\",\"inLanguage\":\"da-DK\",\"@id\":\"https:\/\/strangercam.com\/#\/schema\/logo\/image\/\",\"url\":\"https:\/\/strangercam.com\/wp-content\/uploads\/2020\/11\/cropped-new-favicon-black.png\",\"contentUrl\":\"https:\/\/strangercam.com\/wp-content\/uploads\/2020\/11\/cropped-new-favicon-black.png\",\"width\":512,\"height\":512,\"caption\":\"Strangercam\"},\"image\":{\"@id\":\"https:\/\/strangercam.com\/#\/schema\/logo\/image\/\"},\"sameAs\":[\"https:\/\/www.facebook.com\/strangercam\",\"https:\/\/x.com\/strangercamapp\"]}]}<\/script>\n<!-- \/ Yoast SEO plugin. -->","yoast_head_json":{"title":"Epikchat - Chat med fremmede p\u00e5 StrangerCam.com","description":"Kan du lide Epikchat? Kom og chat med mere end 5.000.000 fremmede p\u00e5 Stranger Cam helt gratis! T\u00e6nd for dit kamera og find nye venner og m\u00e5ske et match!","robots":{"index":"index","follow":"follow","max-snippet":"max-snippet:-1","max-image-preview":"max-image-preview:large","max-video-preview":"max-video-preview:-1"},"canonical":"https:\/\/strangercam.com\/da\/epikchat\/","og_locale":"da_DK","og_type":"article","og_title":"Epikchat - Chat with strangers on StrangerCam.com","og_description":"Like Epikchat? Come chat with more than 5.000.000 strangers on Stranger Cam for Free! Turn on your cam and find new friends & maby a match!","og_url":"https:\/\/strangercam.com\/da\/epikchat\/","og_site_name":"Strangercam","article_publisher":"https:\/\/www.facebook.com\/strangercam","article_modified_time":"2023-08-21T10:24:41+00:00","og_image":[{"width":800,"height":800,"url":"https:\/\/strangercam.com\/wp-content\/uploads\/2020\/11\/stranger-cam-1.png","type":"image\/png"}],"twitter_card":"summary_large_image","twitter_site":"@strangercamapp","twitter_misc":{"Estimeret l\u00e6setid":"6 minutter"},"schema":{"@context":"https:\/\/schema.org","@graph":[{"@type":"WebPage","@id":"https:\/\/strangercam.com\/epikchat\/","url":"https:\/\/strangercam.com\/epikchat\/","name":"Epikchat - Chat med fremmede p\u00e5 StrangerCam.com","isPartOf":{"@id":"https:\/\/strangercam.com\/#website"},"primaryImageOfPage":{"@id":"https:\/\/strangercam.com\/epikchat\/#primaryimage"},"image":{"@id":"https:\/\/strangercam.com\/epikchat\/#primaryimage"},"thumbnailUrl":"https:\/\/strangercam.com\/wp-content\/uploads\/2020\/11\/stranger-cam-1.png","datePublished":"2022-08-11T14:02:32+00:00","dateModified":"2023-08-21T10:24:41+00:00","description":"Kan du lide Epikchat? Kom og chat med mere end 5.000.000 fremmede p\u00e5 Stranger Cam helt gratis! T\u00e6nd for dit kamera og find nye venner og m\u00e5ske et match!","breadcrumb":{"@id":"https:\/\/strangercam.com\/epikchat\/#breadcrumb"},"inLanguage":"da-DK","potentialAction":[{"@type":"ReadAction","target":["https:\/\/strangercam.com\/epikchat\/"]}]},{"@type":"ImageObject","inLanguage":"da-DK","@id":"https:\/\/strangercam.com\/epikchat\/#primaryimage","url":"https:\/\/strangercam.com\/wp-content\/uploads\/2020\/11\/stranger-cam-1.png","contentUrl":"https:\/\/strangercam.com\/wp-content\/uploads\/2020\/11\/stranger-cam-1.png","width":800,"height":800,"caption":"stranger cam random video chat"},{"@type":"BreadcrumbList","@id":"https:\/\/strangercam.com\/epikchat\/#breadcrumb","itemListElement":[{"@type":"ListItem","position":1,"name":"Home","item":"https:\/\/strangercam.com\/"},{"@type":"ListItem","position":2,"name":"Epikchat"}]},{"@type":"WebSite","@id":"https:\/\/strangercam.com\/#website","url":"https:\/\/strangercam.com\/","name":"Strangercam","description":"Tilf\u00e6ldig videochat med fremmede","publisher":{"@id":"https:\/\/strangercam.com\/#organization"},"alternateName":"Strangercam.com","potentialAction":[{"@type":"SearchAction","target":{"@type":"EntryPoint","urlTemplate":"https:\/\/strangercam.com\/?s={search_term_string}"},"query-input":{"@type":"PropertyValueSpecification","valueRequired":true,"valueName":"search_term_string"}}],"inLanguage":"da-DK"},{"@type":"Organization","@id":"https:\/\/strangercam.com\/#organization","name":"Strangercam","alternateName":"Strangercam.com","url":"https:\/\/strangercam.com\/","logo":{"@type":"ImageObject","inLanguage":"da-DK","@id":"https:\/\/strangercam.com\/#\/schema\/logo\/image\/","url":"https:\/\/strangercam.com\/wp-content\/uploads\/2020\/11\/cropped-new-favicon-black.png","contentUrl":"https:\/\/strangercam.com\/wp-content\/uploads\/2020\/11\/cropped-new-favicon-black.png","width":512,"height":512,"caption":"Strangercam"},"image":{"@id":"https:\/\/strangercam.com\/#\/schema\/logo\/image\/"},"sameAs":["https:\/\/www.facebook.com\/strangercam","https:\/\/x.com\/strangercamapp"]}]}},"_links":{"self":[{"href":"https:\/\/strangercam.com\/da\/wp-json\/wp\/v2\/pages\/11208","targetHints":{"allow":["GET"]}}],"collection":[{"href":"https:\/\/strangercam.com\/da\/wp-json\/wp\/v2\/pages"}],"about":[{"href":"https:\/\/strangercam.com\/da\/wp-json\/wp\/v2\/types\/page"}],"author":[{"embeddable":true,"href":"https:\/\/strangercam.com\/da\/wp-json\/wp\/v2\/users\/6"}],"replies":[{"embeddable":true,"href":"https:\/\/strangercam.com\/da\/wp-json\/wp\/v2\/comments?post=11208"}],"version-history":[{"count":0,"href":"https:\/\/strangercam.com\/da\/wp-json\/wp\/v2\/pages\/11208\/revisions"}],"wp:featuredmedia":[{"embeddable":true,"href":"https:\/\/strangercam.com\/da\/wp-json\/wp\/v2\/media\/559"}],"wp:attachment":[{"href":"https:\/\/strangercam.com\/da\/wp-json\/wp\/v2\/media?parent=11208"}],"curies":[{"name":"wp","href":"https:\/\/api.w.org\/{rel}","templated":true}]}}