{"id":11194,"date":"2022-08-11T15:50:53","date_gmt":"2022-08-11T13:50:53","guid":{"rendered":"https:\/\/strangercam.com\/?page_id=11194"},"modified":"2023-08-21T11:40:39","modified_gmt":"2023-08-21T09:40:39","slug":"camskip","status":"publish","type":"page","link":"https:\/\/strangercam.com\/da\/camskip\/","title":{"rendered":"Camskip"},"content":{"rendered":"<p>Har du nogensinde \u00f8nsket, at du bare kunne springe al smalltalken over og komme til den sjove del af det at m\u00f8de nye mennesker? Nu findes der en app til det! Camskip er en ny dating-app, som giver dig mulighed for at g\u00f8re netop det. <a href=\"https:\/\/strangercam.com\/da\/coomeet\/\">m\u00f8des<\/a> nye mennesker og <a href=\"https:\/\/strangercam.com\/da\/flingster\/\">flirte<\/a> med fremmede, uden alt besv\u00e6ret.<\/p>\n<h2>Hvad er camskip?<\/h2>\n<p>camskip er en ny tilf\u00e6ldig <a href=\"https:\/\/strangercam.com\/da\/chatroulette\/\">chat<\/a> platform, der giver dig mulighed for at m\u00f8de nye mennesker og flirte med fremmede. Platformen bliver stadig mere popul\u00e6r blandt brugerne. Konceptet med platformen er enkelt: Du kan enten deltage i et eksisterende chatrum eller oprette dit eget og invitere folk til at deltage. N\u00e5r du er i et chatrum, kan du begynde at flirte med andre brugere. Hvis nogen fanger din interesse, kan du f\u00f8je dem til din venneliste og forts\u00e6tte med at chatte med dem.<\/p>\n<h2>S\u00e5dan bruger du camskip<\/h2>\n<p>Hvis du gerne vil m\u00f8de nye mennesker og flirte med fremmede, er camskip den perfekte platform for dig. Her er en hurtig guide til, hvordan du bruger camskip:<\/p>\n<ol>\n<li>Opret en gratis konto. Du skal angive en gyldig e-mailadresse og oprette et brugernavn og en adgangskode.<\/li>\n<li>N\u00e5r du er logget ind, kan du begynde at chatte med alle, der er online. For at g\u00f8re det skal du blot klikke p\u00e5 knappen \u201cChat\u201d \u00f8verst p\u00e5 siden.<\/li>\n<li>Hvis du ser nogen, du kan lide, kan du sende dem en privat besked ved at klikke p\u00e5 knappen \"Besked\".<\/li>\n<li>Hvis du vil flirte med nogen, skal du klikke p\u00e5 knappen \u201cFlirt\u201d. Det vil sende dem en flirtende besked, som de enten kan acceptere eller afvise.<\/li>\n<li>Hvis du vil tage tingene til det n\u00e6ste niveau, kan du f\u00f8je dem til din venneliste ved at klikke p\u00e5 knappen \u201cTilf\u00f8j ven\u201d. P\u00e5 den m\u00e5de kan du chatte med dem, n\u00e5r som helst de er online.<\/li>\n<\/ol>\n<h2>Fordele og ulemper ved camskip<\/h2>\n<p>Der er b\u00e5de fordele og ulemper ved camming. De positive aspekter omfatter muligheden for at tjene penge hjemmefra, fleksibiliteten til at arbejde, n\u00e5r du vil, og muligheden for at komme i kontakt med mennesker fra hele verden. Ulemperne er, at camming kan v\u00e6re ret vanedannende og kan f\u00f8re til \u00f8konomiske problemer, hvis man ikke er forsigtig.<\/p>\n<p>Camskip har en r\u00e6kke fordele i forhold til andre metoder til onlinekommunikation. Den mest \u00e5benlyse fordel er m\u00e5ske, at det er gratis at bruge. Det betyder, at alle med en internetforbindelse kan bruge camskip uden at skulle betale noget.<\/p>\n<p>En anden fordel ved camskip er, at det giver brugerne en mere intim form for kommunikation end andre metoder som f.eks. chatrum eller fora. Det skyldes, at brugerne er i stand til at se hinandens ansigter, mens de taler. Det kan v\u00e6re med til at opbygge tillid og relationer mellem brugerne.<\/p>\n<p>Der er dog ogs\u00e5 nogle ulemper forbundet med camskip. En af dem er, at det kan v\u00e6re ret sv\u00e6rt at finde folk, som man gerne vil tale med p\u00e5 camskip. Det skyldes, at siden er afh\u00e6ngig af, at brugerne finder hinanden via n\u00f8gleord og tags. Derfor kan det v\u00e6re ret sv\u00e6rt at finde nogen, der deler dine interesser p\u00e5 camskip.<\/p>\n<h2>Hvad du kan forvente, n\u00e5r du bruger camskip<\/h2>\n<p>N\u00e5r du bruger camskip, kan du forvente at m\u00f8de nye mennesker fra hele verden. Du vil kunne chatte med dem og flirte med dem. Du kan endda finde dig selv i et forhold med en, du har m\u00f8dt p\u00e5 camskip.<\/p>\n<h2>Hvorfor er camskip s\u00e5 popul\u00e6r en tilf\u00e6ldig videochatplatform?<\/h2>\n<p>Siden lanceringen i begyndelsen af 2020 er camskip blevet en af de mest popul\u00e6re tilf\u00e6ldige videochatplatforme p\u00e5 internettet. Der er et par vigtige grunde til, at camskip er s\u00e5 popul\u00e6r:<\/p>\n<ul>\n<li style=\"font-weight: 400;\" aria-level=\"1\">Camskip er helt gratis at bruge - der er ingen skjulte gebyrer eller afgifter.<\/li>\n<li style=\"font-weight: 400;\" aria-level=\"1\">Camskip er supernem at bruge - alt, hvad du beh\u00f8ver, er et webkamera og en internetforbindelse.<\/li>\n<li style=\"font-weight: 400;\" aria-level=\"1\">Camskip tilbyder et stort udvalg af funktioner, herunder muligheden for at m\u00f8de nye mennesker og flirte med fremmede.<\/li>\n<li style=\"font-weight: 400;\" aria-level=\"1\">Camskip er tilg\u00e6ngelig p\u00e5 flere sprog, s\u00e5 brugere fra hele verden kan f\u00e5 gl\u00e6de af den.<\/li>\n<li style=\"font-weight: 400;\" aria-level=\"1\">Camskip tilf\u00f8jer hele tiden nye funktioner og forbedrer brugeroplevelsen.<\/li>\n<\/ul>\n<p>Hvis du leder efter en sjov og nem m\u00e5de at m\u00f8de nye mennesker p\u00e5 og flirte med fremmede, s\u00e5 er camskip helt sikkert v\u00e6rd at tjekke ud!<\/p>\n<h2>S\u00e5dan f\u00e5r du mest muligt ud af camskip<\/h2>\n<p>Der er ingen tvivl om, at camskip er en fantastisk m\u00e5de at m\u00f8de nye mennesker p\u00e5 og flirte med fremmede. Men hvis du virkelig vil have mest muligt ud af dette sociale netv\u00e6rkssted, er der et par ting, du b\u00f8r huske p\u00e5.<\/p>\n<p>For det f\u00f8rste skal du huske at v\u00e6re sikker. Giv ikke personlige oplysninger til nogen, du ikke kender, og v\u00e6r forsigtig med, hvad du siger i chatrum. Man ved aldrig, hvem der lurer i den anden ende.<\/p>\n<p>For det andet skal du udnytte alle de funktioner, camskip har at byde p\u00e5. Brug s\u00f8gefunktionen til at finde folk med samme interesser, tilmeld dig grupper og deltag i diskussioner. Jo mere du interagerer med andre, jo st\u00f8rre er sandsynligheden for, at du finder en s\u00e6rlig person.<\/p>\n<p>Endelig skal du have det sjovt! Det kan v\u00e6re sjovt at flirte og m\u00f8de nye mennesker, s\u00e5 lad v\u00e6re med at tage dig selv for alvorligt. Slap af og nyd oplevelsen, s\u00e5 er du sikker p\u00e5 at f\u00e5 det sjovt.<\/p>\n<h2>Hvilken slags mennesker kan du forvente p\u00e5 en tilf\u00e6ldig videochatplatform?<\/h2>\n<p>De mennesker, du vil m\u00f8de p\u00e5 enhver <a href=\"https:\/\/strangercam.com\/da\/chathub\/\">Tilf\u00e6ldig videochat<\/a> Platformen vil v\u00e6re en blandet landhandel. Nogle vil v\u00e6re venlige og \u00e5bne, mens andre vil v\u00e6re mere reserverede. Du kan ogs\u00e5 m\u00f8de mennesker fra alle samfundslag, herunder forskellige kulturer og baggrunde.<\/p>\n<p>Hvis du leder efter k\u00e6rlighed eller bare lidt sjov, vil du helt sikkert finde det p\u00e5 en tilf\u00e6ldig videochatplatform som camskip. Du ved aldrig, hvem du m\u00f8der p\u00e5 disse platforme - det kan v\u00e6re en komplet fremmed fra hvor som helst i verden. Men \u00e9n ting er sikkert: Du vil f\u00e5 en masse sjov ud af at flirte og chatte med nye mennesker p\u00e5 camskip.<\/p>\n<h2>Er det sikkert at bruge?<\/h2>\n<p>Hvis du overvejer at bruge CamSkip til at m\u00f8de nye mennesker og flirte med fremmede, spekulerer du m\u00e5ske p\u00e5, om det er sikkert at bruge. Selv om der ikke er nogen garanti for, at du f\u00e5r en positiv oplevelse ved at bruge siden, er der nogle ting, du kan g\u00f8re for at hj\u00e6lpe med at sikre din sikkerhed. Tag dig f\u00f8rst tid til at l\u00e6se sidens sikkerhedstips. Disse tips kan hj\u00e6lpe dig med at undg\u00e5 potentielle fareomr\u00e5der og s\u00f8rge for, at du er klar over, hvordan du kan v\u00e6re sikker, n\u00e5r du bruger siden. S\u00f8rg desuden for kun at chatte med fremmede p\u00e5 offentlige steder. Det hj\u00e6lper med at reducere risikoen for at m\u00f8de nogen, der m\u00e5ske ikke er s\u00e5 trov\u00e6rdige, som du gerne vil. Endelig skal du stole p\u00e5 din mavefornemmelse. Hvis der er noget, der f\u00f8les forkert ved en person, du chatter med, er det nok bedst at g\u00e5 videre til en anden. Ved at f\u00f8lge disse enkle sikkerhedstips kan du v\u00e6re med til at sikre, at din oplevelse med CamSkip bliver positiv.<\/p>\n<h2>Forebyggende foranstaltninger ved brug af tilf\u00e6ldig videochat<\/h2>\n<p>N\u00e5r du bruger tilf\u00e6ldig videochat, er der visse forholdsregler, du kan tage for at forhindre negative oplevelser. For det f\u00f8rste skal du s\u00f8rge for kun at oprette forbindelse til personer, du kender og stoler p\u00e5. Hvis du ikke kender den person, du vil i kontakt med, skal du s\u00f8rge for at unders\u00f8ge det f\u00f8rst. For det andet skal du undg\u00e5 at dele personlige oplysninger eller deltage i aktiviteter, der kan f\u00f8re til identitetstyveri eller svindel. Endelig skal du altid v\u00e6re forsigtig, n\u00e5r du m\u00f8der nogen personligt for f\u00f8rste gang. Hvis det er muligt, skal du m\u00f8des et offentligt sted og tage nogen med dig. Ved at f\u00f8lge disse enkle tips kan du sikre, at din oplevelse med tilf\u00e6ldig videochat bliver positiv.<\/p>\n<h2>Alternativ til camskip<\/h2>\n<p>Der er mange alternativer til camskip derude. Uanset om du er p\u00e5 udkig efter en mere flirtende oplevelse eller bare vil m\u00f8de nye mennesker, er der en mulighed for dig. Her er nogle af de bedste alternativer til camskip:<\/p>\n<ol>\n<li><a href=\"https:\/\/strangercam.com\/da\/omegle\/\">Omegle<\/a>: Denne side ligner camskip, fordi den giver dig mulighed for at chatte med fremmede. Men den har ogs\u00e5 en sektion, hvor du kan flirte med folk. Det g\u00f8r det godt for dem, der er p\u00e5 udkig efter en mere flirtende oplevelse.<\/li>\n<li>Chatrandom: Denne side ligner camskip, fordi den giver dig mulighed for at chatte med fremmede. Men den har ogs\u00e5 en sektion, hvor du kan flirte med folk. Det g\u00f8r det godt for dem, der er p\u00e5 udkig efter en mere flirtende oplevelse.<\/li>\n<li>DirtyRoulette: Denne side ligner camskip, fordi den giver dig mulighed for at chatte med fremmede. Men den har ogs\u00e5 en sektion, hvor du kan flirte med folk. Det g\u00f8r det godt for dem, der er p\u00e5 udkig efter en mere flirtende oplevelse.<\/li>\n<\/ol>\n<h2>Konklusion<\/h2>\n<p>Hvis du er p\u00e5 udkig efter en ny m\u00e5de at m\u00f8de mennesker p\u00e5 og flirte med fremmede, er camskip bestemt v\u00e6rd at tjekke ud. Appen er gratis at bruge og nem at navigere i, hvilket g\u00f8r den til en god mulighed for alle, der er nysgerrige p\u00e5 online dating eller bare gerne vil chatte med folk fra hele verden. Uanset om du leder efter venskab eller noget mere, kan camskip hj\u00e6lpe dig med at komme i kontakt med ligesindede i et sikkert og sjovt milj\u00f8. S\u00e5 hvorfor ikke give det et fors\u00f8g i dag?<\/p>","protected":false},"excerpt":{"rendered":"<p>Have you ever wished you could just skip past all the small talk and get to the fun part of meeting new people? Well, now there&#8217;s an app for that! Camskip is a new dating app that allows you to do just that &#8211; meet new people and flirt with strangers, without all the hassle. [&hellip;]<\/p>\n","protected":false},"author":6,"featured_media":559,"parent":0,"menu_order":0,"comment_status":"closed","ping_status":"closed","template":"","meta":{"footnotes":""},"class_list":["post-11194","page","type-page","status-publish","has-post-thumbnail","hentry"],"yoast_head":"<!-- This site is optimized with the Yoast SEO plugin v26.9 - https:\/\/yoast.com\/product\/yoast-seo-wordpress\/ -->\n<title>Camskip - Chat with strangers on StrangerCam.com<\/title>\n<meta name=\"description\" content=\"Like Camskip? Come chat with more than 5.000.000 strangers on Stranger Cam for Free! Turn on your cam and find new friends &amp; maby a match!\" \/>\n<meta name=\"robots\" content=\"index, follow, max-snippet:-1, max-image-preview:large, max-video-preview:-1\" \/>\n<link rel=\"canonical\" href=\"https:\/\/strangercam.com\/da\/camskip\/\" \/>\n<meta property=\"og:locale\" content=\"da_DK\" \/>\n<meta property=\"og:type\" content=\"article\" \/>\n<meta property=\"og:title\" content=\"Camskip - Chat with strangers on StrangerCam.com\" \/>\n<meta property=\"og:description\" content=\"Like Camskip? Come chat with more than 5.000.000 strangers on Stranger Cam for Free! Turn on your cam and find new friends &amp; maby a match!\" \/>\n<meta property=\"og:url\" content=\"https:\/\/strangercam.com\/da\/camskip\/\" \/>\n<meta property=\"og:site_name\" content=\"Strangercam\" \/>\n<meta property=\"article:publisher\" content=\"https:\/\/www.facebook.com\/strangercam\" \/>\n<meta property=\"article:modified_time\" content=\"2023-08-21T09:40:39+00:00\" \/>\n<meta property=\"og:image\" content=\"https:\/\/strangercam.com\/wp-content\/uploads\/2020\/11\/stranger-cam-1.png\" \/>\n\t<meta property=\"og:image:width\" content=\"800\" \/>\n\t<meta property=\"og:image:height\" content=\"800\" \/>\n\t<meta property=\"og:image:type\" content=\"image\/png\" \/>\n<meta name=\"twitter:card\" content=\"summary_large_image\" \/>\n<meta name=\"twitter:site\" content=\"@strangercamapp\" \/>\n<meta name=\"twitter:label1\" content=\"Estimeret l\u00e6setid\" \/>\n\t<meta name=\"twitter:data1\" content=\"7 minutter\" \/>\n<script type=\"application\/ld+json\" class=\"yoast-schema-graph\">{\"@context\":\"https:\/\/schema.org\",\"@graph\":[{\"@type\":\"WebPage\",\"@id\":\"https:\/\/strangercam.com\/camskip\/\",\"url\":\"https:\/\/strangercam.com\/camskip\/\",\"name\":\"Camskip - Chat with strangers on StrangerCam.com\",\"isPartOf\":{\"@id\":\"https:\/\/strangercam.com\/#website\"},\"primaryImageOfPage\":{\"@id\":\"https:\/\/strangercam.com\/camskip\/#primaryimage\"},\"image\":{\"@id\":\"https:\/\/strangercam.com\/camskip\/#primaryimage\"},\"thumbnailUrl\":\"https:\/\/strangercam.com\/wp-content\/uploads\/2020\/11\/stranger-cam-1.png\",\"datePublished\":\"2022-08-11T13:50:53+00:00\",\"dateModified\":\"2023-08-21T09:40:39+00:00\",\"description\":\"Like Camskip? Come chat with more than 5.000.000 strangers on Stranger Cam for Free! Turn on your cam and find new friends & maby a match!\",\"breadcrumb\":{\"@id\":\"https:\/\/strangercam.com\/camskip\/#breadcrumb\"},\"inLanguage\":\"da-DK\",\"potentialAction\":[{\"@type\":\"ReadAction\",\"target\":[\"https:\/\/strangercam.com\/camskip\/\"]}]},{\"@type\":\"ImageObject\",\"inLanguage\":\"da-DK\",\"@id\":\"https:\/\/strangercam.com\/camskip\/#primaryimage\",\"url\":\"https:\/\/strangercam.com\/wp-content\/uploads\/2020\/11\/stranger-cam-1.png\",\"contentUrl\":\"https:\/\/strangercam.com\/wp-content\/uploads\/2020\/11\/stranger-cam-1.png\",\"width\":800,\"height\":800,\"caption\":\"stranger cam random video chat\"},{\"@type\":\"BreadcrumbList\",\"@id\":\"https:\/\/strangercam.com\/camskip\/#breadcrumb\",\"itemListElement\":[{\"@type\":\"ListItem\",\"position\":1,\"name\":\"Home\",\"item\":\"https:\/\/strangercam.com\/\"},{\"@type\":\"ListItem\",\"position\":2,\"name\":\"Camskip\"}]},{\"@type\":\"WebSite\",\"@id\":\"https:\/\/strangercam.com\/#website\",\"url\":\"https:\/\/strangercam.com\/\",\"name\":\"Strangercam\",\"description\":\"Random Video Chat with Strangers\",\"publisher\":{\"@id\":\"https:\/\/strangercam.com\/#organization\"},\"alternateName\":\"Strangercam.com\",\"potentialAction\":[{\"@type\":\"SearchAction\",\"target\":{\"@type\":\"EntryPoint\",\"urlTemplate\":\"https:\/\/strangercam.com\/?s={search_term_string}\"},\"query-input\":{\"@type\":\"PropertyValueSpecification\",\"valueRequired\":true,\"valueName\":\"search_term_string\"}}],\"inLanguage\":\"da-DK\"},{\"@type\":\"Organization\",\"@id\":\"https:\/\/strangercam.com\/#organization\",\"name\":\"Strangercam\",\"alternateName\":\"Strangercam.com\",\"url\":\"https:\/\/strangercam.com\/\",\"logo\":{\"@type\":\"ImageObject\",\"inLanguage\":\"da-DK\",\"@id\":\"https:\/\/strangercam.com\/#\/schema\/logo\/image\/\",\"url\":\"https:\/\/strangercam.com\/wp-content\/uploads\/2020\/11\/cropped-new-favicon-black.png\",\"contentUrl\":\"https:\/\/strangercam.com\/wp-content\/uploads\/2020\/11\/cropped-new-favicon-black.png\",\"width\":512,\"height\":512,\"caption\":\"Strangercam\"},\"image\":{\"@id\":\"https:\/\/strangercam.com\/#\/schema\/logo\/image\/\"},\"sameAs\":[\"https:\/\/www.facebook.com\/strangercam\",\"https:\/\/x.com\/strangercamapp\"]}]}<\/script>\n<!-- \/ Yoast SEO plugin. -->","yoast_head_json":{"title":"Camskip - Chat med fremmede p\u00e5 StrangerCam.com","description":"Kan du lide Camskip? Kom og chat med mere end 5.000.000 fremmede p\u00e5 Stranger Cam helt gratis! T\u00e6nd for dit kamera og find nye venner og m\u00e5ske et match!","robots":{"index":"index","follow":"follow","max-snippet":"max-snippet:-1","max-image-preview":"max-image-preview:large","max-video-preview":"max-video-preview:-1"},"canonical":"https:\/\/strangercam.com\/da\/camskip\/","og_locale":"da_DK","og_type":"article","og_title":"Camskip - Chat with strangers on StrangerCam.com","og_description":"Like Camskip? Come chat with more than 5.000.000 strangers on Stranger Cam for Free! Turn on your cam and find new friends & maby a match!","og_url":"https:\/\/strangercam.com\/da\/camskip\/","og_site_name":"Strangercam","article_publisher":"https:\/\/www.facebook.com\/strangercam","article_modified_time":"2023-08-21T09:40:39+00:00","og_image":[{"width":800,"height":800,"url":"https:\/\/strangercam.com\/wp-content\/uploads\/2020\/11\/stranger-cam-1.png","type":"image\/png"}],"twitter_card":"summary_large_image","twitter_site":"@strangercamapp","twitter_misc":{"Estimeret l\u00e6setid":"7 minutter"},"schema":{"@context":"https:\/\/schema.org","@graph":[{"@type":"WebPage","@id":"https:\/\/strangercam.com\/camskip\/","url":"https:\/\/strangercam.com\/camskip\/","name":"Camskip - Chat med fremmede p\u00e5 StrangerCam.com","isPartOf":{"@id":"https:\/\/strangercam.com\/#website"},"primaryImageOfPage":{"@id":"https:\/\/strangercam.com\/camskip\/#primaryimage"},"image":{"@id":"https:\/\/strangercam.com\/camskip\/#primaryimage"},"thumbnailUrl":"https:\/\/strangercam.com\/wp-content\/uploads\/2020\/11\/stranger-cam-1.png","datePublished":"2022-08-11T13:50:53+00:00","dateModified":"2023-08-21T09:40:39+00:00","description":"Kan du lide Camskip? Kom og chat med mere end 5.000.000 fremmede p\u00e5 Stranger Cam helt gratis! T\u00e6nd for dit kamera og find nye venner og m\u00e5ske et match!","breadcrumb":{"@id":"https:\/\/strangercam.com\/camskip\/#breadcrumb"},"inLanguage":"da-DK","potentialAction":[{"@type":"ReadAction","target":["https:\/\/strangercam.com\/camskip\/"]}]},{"@type":"ImageObject","inLanguage":"da-DK","@id":"https:\/\/strangercam.com\/camskip\/#primaryimage","url":"https:\/\/strangercam.com\/wp-content\/uploads\/2020\/11\/stranger-cam-1.png","contentUrl":"https:\/\/strangercam.com\/wp-content\/uploads\/2020\/11\/stranger-cam-1.png","width":800,"height":800,"caption":"stranger cam random video chat"},{"@type":"BreadcrumbList","@id":"https:\/\/strangercam.com\/camskip\/#breadcrumb","itemListElement":[{"@type":"ListItem","position":1,"name":"Home","item":"https:\/\/strangercam.com\/"},{"@type":"ListItem","position":2,"name":"Camskip"}]},{"@type":"WebSite","@id":"https:\/\/strangercam.com\/#website","url":"https:\/\/strangercam.com\/","name":"Strangercam","description":"Tilf\u00e6ldig videochat med fremmede","publisher":{"@id":"https:\/\/strangercam.com\/#organization"},"alternateName":"Strangercam.com","potentialAction":[{"@type":"SearchAction","target":{"@type":"EntryPoint","urlTemplate":"https:\/\/strangercam.com\/?s={search_term_string}"},"query-input":{"@type":"PropertyValueSpecification","valueRequired":true,"valueName":"search_term_string"}}],"inLanguage":"da-DK"},{"@type":"Organization","@id":"https:\/\/strangercam.com\/#organization","name":"Strangercam","alternateName":"Strangercam.com","url":"https:\/\/strangercam.com\/","logo":{"@type":"ImageObject","inLanguage":"da-DK","@id":"https:\/\/strangercam.com\/#\/schema\/logo\/image\/","url":"https:\/\/strangercam.com\/wp-content\/uploads\/2020\/11\/cropped-new-favicon-black.png","contentUrl":"https:\/\/strangercam.com\/wp-content\/uploads\/2020\/11\/cropped-new-favicon-black.png","width":512,"height":512,"caption":"Strangercam"},"image":{"@id":"https:\/\/strangercam.com\/#\/schema\/logo\/image\/"},"sameAs":["https:\/\/www.facebook.com\/strangercam","https:\/\/x.com\/strangercamapp"]}]}},"_links":{"self":[{"href":"https:\/\/strangercam.com\/da\/wp-json\/wp\/v2\/pages\/11194","targetHints":{"allow":["GET"]}}],"collection":[{"href":"https:\/\/strangercam.com\/da\/wp-json\/wp\/v2\/pages"}],"about":[{"href":"https:\/\/strangercam.com\/da\/wp-json\/wp\/v2\/types\/page"}],"author":[{"embeddable":true,"href":"https:\/\/strangercam.com\/da\/wp-json\/wp\/v2\/users\/6"}],"replies":[{"embeddable":true,"href":"https:\/\/strangercam.com\/da\/wp-json\/wp\/v2\/comments?post=11194"}],"version-history":[{"count":0,"href":"https:\/\/strangercam.com\/da\/wp-json\/wp\/v2\/pages\/11194\/revisions"}],"wp:featuredmedia":[{"embeddable":true,"href":"https:\/\/strangercam.com\/da\/wp-json\/wp\/v2\/media\/559"}],"wp:attachment":[{"href":"https:\/\/strangercam.com\/da\/wp-json\/wp\/v2\/media?parent=11194"}],"curies":[{"name":"wp","href":"https:\/\/api.w.org\/{rel}","templated":true}]}}