{"id":11167,"date":"2022-08-11T15:18:17","date_gmt":"2022-08-11T13:18:17","guid":{"rendered":"https:\/\/strangercam.com\/?page_id=11167"},"modified":"2023-08-21T12:48:49","modified_gmt":"2023-08-21T10:48:49","slug":"ulive-chat","status":"publish","type":"page","link":"https:\/\/strangercam.com\/da\/ulive-chat\/","title":{"rendered":"Ulive Chat"},"content":{"rendered":"<p>I disse dage med social distancering kan det v\u00e6re sv\u00e6rt at finde m\u00e5der at komme i kontakt med andre p\u00e5. Men der er et sted, du altid kan g\u00e5 hen for at tale med fremmede: ulive-chat. P\u00e5 ulive-chat kan du <a href=\"https:\/\/strangercam.com\/da\/chatroulette\/\">chat<\/a> med folk fra hele verden om alt muligt. S\u00e5 kom ind og begynd <a href=\"https:\/\/strangercam.com\/da\/chatingly\/\">Chatter<\/a>!<\/p>\n<h2>Hvad er ulive chat?<\/h2>\n<p>ulive-chat er en ny social medieplatform, der giver brugerne mulighed for at komme i kontakt med hinanden gennem korte, 10-sekunders <a href=\"https:\/\/strangercam.com\/da\/rabbit-video-chat\/\">video<\/a> chats. Det er en god m\u00e5de at <a href=\"https:\/\/strangercam.com\/da\/coomeet\/\">m\u00f8des<\/a> nye mennesker og f\u00e5 venner fra hele verden. Du kan bruge ulive-chat til at tale om alt, hvad du har lyst til, uanset om det er din yndlingsserie, de seneste nyheder eller bare det, der optager dig.<\/p>\n<h2>S\u00e5dan starter du en chat p\u00e5 ulive chat<\/h2>\n<p>Hvis du f\u00f8ler dig ensom og har lyst til at tale med nogen, er ulive-chat en god mulighed. Det er en chattjeneste, der forbinder dig med mennesker fra hele verden, s\u00e5 du kan f\u00e5 nye venner og l\u00e6re om nye kulturer. S\u00e5dan starter du en chat p\u00e5 ulive-chat:<\/p>\n<ol>\n<li>G\u00e5 til ulive-chats hjemmeside og opret en konto.<\/li>\n<li>N\u00e5r du er logget ind, skal du klikke p\u00e5 knappen \"Start Chatting\".<\/li>\n<li>Der vises en liste over personer, der er online i \u00f8jeblikket. V\u00e6lg den person, du vil chatte med, og klik p\u00e5 vedkommendes navn.<\/li>\n<li>Et nyt chatvindue \u00e5bner sig. Begynd at chatte med din nye ven!<\/li>\n<\/ol>\n<h2>Hvad man kan tale om med fremmede p\u00e5 ulive chat<\/h2>\n<p>Hvis du leder efter noget at tale om med fremmede p\u00e5 ulive-chat, er her nogle ideer:<\/p>\n<ul>\n<li style=\"font-weight: 400;\" aria-level=\"1\">Pr\u00e6senter dig selv, og sp\u00f8rg den anden person, hvad han eller hun hedder.<\/li>\n<li style=\"font-weight: 400;\" aria-level=\"1\">Hvor kommer de fra?<\/li>\n<li style=\"font-weight: 400;\" aria-level=\"1\">Hvad arbejder de med?<\/li>\n<li style=\"font-weight: 400;\" aria-level=\"1\">Hvad er deres hobbyer?<\/li>\n<li style=\"font-weight: 400;\" aria-level=\"1\">Har de nogen k\u00e6ledyr?<\/li>\n<li style=\"font-weight: 400;\" aria-level=\"1\">Hvad er deres yndlingsmusik\/film\/tv-serie?<\/li>\n<li style=\"font-weight: 400;\" aria-level=\"1\">Hvad har v\u00e6ret den bedste dag i deres liv?<\/li>\n<li style=\"font-weight: 400;\" aria-level=\"1\">Hvad er deres v\u00e6rste frygt?<\/li>\n<li style=\"font-weight: 400;\" aria-level=\"1\">Hvad er deres st\u00f8rste bedrift?<\/li>\n<li style=\"font-weight: 400;\" aria-level=\"1\">Har de nogle m\u00e6rkelige talenter?<\/li>\n<li style=\"font-weight: 400;\" aria-level=\"1\">Hvad er det bedste r\u00e5d, de nogensinde har f\u00e5et?<\/li>\n<\/ul>\n<h2>Fordele og ulemper ved ulive chat<\/h2>\n<p>ulive-chat er et socialt netv\u00e6rkssite, der giver brugerne mulighed for at kommunikere med hinanden i realtid. Siden har eksisteret i et par \u00e5r og har f\u00e5et en loyal skare af brugere. Men som alle sociale netv\u00e6rkssider er der fordele og ulemper ved at bruge ulive-chat.<\/p>\n<p>Fordelene ved at bruge ulive-chat er blandt andet f\u00f8lgende:<\/p>\n<ul>\n<li style=\"font-weight: 400;\" aria-level=\"1\">Siden er nem at bruge og navigere rundt p\u00e5.<\/li>\n<li style=\"font-weight: 400;\" aria-level=\"1\">Brugerne kan kommunikere med hinanden i realtid.<\/li>\n<li style=\"font-weight: 400;\" aria-level=\"1\">Siden har en loyal skare af brugere.<\/li>\n<li style=\"font-weight: 400;\" aria-level=\"1\">Webstedet er <a href=\"https:\/\/strangercam.com\/da\/chat4free\/\">gratis<\/a> at bruge.<\/li>\n<\/ul>\n<p>Ulemperne ved at bruge ulive-chat omfatter f\u00f8lgende:<\/p>\n<ul>\n<li style=\"font-weight: 400;\" aria-level=\"1\">Nogle brugere har rapporteret, at siden til tider har v\u00e6ret fejlbeh\u00e6ftet og langsom.<\/li>\n<li style=\"font-weight: 400;\" aria-level=\"1\">Der er ingen m\u00e5de at verificere andre brugeres identitet p\u00e5, s\u00e5 der er risiko for svindel og bedrageri.<\/li>\n<li style=\"font-weight: 400;\" aria-level=\"1\">Nogle brugere har klaget over, at sidens interface ikke er s\u00e5 brugervenligt, som det kunne v\u00e6re.<\/li>\n<\/ul>\n<h2>Hvorfor er ulive chat s\u00e5 popul\u00e6r en tilf\u00e6ldig videochatplatform?<\/h2>\n<p>ulive-chat er en popul\u00e6r platform for tilf\u00e6ldig videochat af flere grunde. For det f\u00f8rste er den nem at bruge og kr\u00e6ver ingen registrering. For det andet tilbyder den en bred vifte af funktioner, der giver brugerne mulighed for at tilpasse deres oplevelse. Endelig har den et st\u00e6rkt f\u00e6llesskab af brugere, som altid er villige til at hj\u00e6lpe nybegyndere.<\/p>\n<h2>S\u00e5dan afslutter du en chat p\u00e5 ulive chat<\/h2>\n<p>Hvis du er f\u00e6rdig med at tale med nogen p\u00e5 ulive-chat, skal du blot klikke p\u00e5 knappen \"afslut chat\". Det afslutter samtalen og f\u00f8rer dig tilbage til ulive-chats hovedside.<\/p>\n<h2>Fordelene ved at tale med fremmede p\u00e5 ulive chat<\/h2>\n<p>Vi kender alle ordsproget: \u201cDet er godt at tale med fremmede.\u201d Og der er meget sandhed i det. At tale med fremmede kan v\u00e6re en god m\u00e5de at komme ud af sin komfortzone p\u00e5 og m\u00f8de nye mennesker. Men hvad nu, hvis du ikke er sikker p\u00e5, hvordan du skal starte en samtale med en fremmed? Det er her, ulive-chat kommer ind i billedet.<\/p>\n<p>ulive-chat er en hjemmeside, hvor du kan chatte med fremmede fra hele verden. Det er en god m\u00e5de at \u00f8ve sine sociale f\u00e6rdigheder p\u00e5 og l\u00e6re folk fra forskellige kulturer at kende. Og det bedste af det hele er, at det er helt gratis!<\/p>\n<p>S\u00e5 hvorfor ikke pr\u00f8ve det? Du vil m\u00e5ske opdage, at det er sjovere at tale med fremmede, end du troede!<\/p>\n<h2>Hvordan f\u00e5r man mest ud af ulive chat?<\/h2>\n<p>ulive-chat er en fantastisk platform til at tale med fremmede og f\u00e5 nye venner. Her er nogle tips til at f\u00e5 mest muligt ud af din ulive-chat-oplevelse:<\/p>\n<ol>\n<li>V\u00e6r \u00e5ben og venlig. Ingen har lyst til at tale med en gnaven person, s\u00e5 s\u00e6t et smil p\u00e5 l\u00e6ben og v\u00e6r klar til at indg\u00e5 i en samtale.<\/li>\n<li>V\u00e6r ikke bange for at starte samtalen. Det kan v\u00e6re sv\u00e6rt at bryde isen, men husk, at alle andre er i samme b\u00e5d. Bare sig hej, og se, hvor samtalen f\u00f8rer dig hen.<\/li>\n<li>Stil sp\u00f8rgsm\u00e5l. Folk elsker at tale om sig selv, s\u00e5 stil en masse sp\u00f8rgsm\u00e5l for at f\u00e5 den anden til at tale. Du l\u00e6rer alle mulige interessante ting om dem p\u00e5 denne m\u00e5de.<\/li>\n<li>V\u00e6r en aktiv lytter. V\u00e6r virkelig opm\u00e6rksom p\u00e5, hvad den anden person siger, og du vil hurtigt opbygge en relation til dem.<\/li>\n<li>Hav det sjovt! Det kan v\u00e6re meget sjovt at tale med fremmede, s\u00e5 slap af og nyd oplevelsen.<\/li>\n<\/ol>\n<h2>Risikoen ved at tale med fremmede p\u00e5 ulive chat<\/h2>\n<p>N\u00e5r man taler med nogen p\u00e5 ulive-chat, er man aldrig helt sikker p\u00e5, hvem de er. De kan v\u00e6re hvem som helst, fra hvor som helst i verden, og du ved ikke, hvad deres intentioner er. Selv om det er dejligt at m\u00f8de nye mennesker og have sjove samtaler, skal du v\u00e6re opm\u00e6rksom p\u00e5 de risici, der er forbundet med at tale med fremmede online. Her er nogle ting, du skal huske p\u00e5:<\/p>\n<ol>\n<li>Du ved ikke, hvem de er. Den person, du taler med, kan lyve om sin identitet. De kan udgive sig for at v\u00e6re nogen, de ikke er, eller de kan bruge et falsk profilbillede. V\u00e6r forsigtig med at dele personlige oplysninger med nogen, du ikke kender.<\/li>\n<li>De pr\u00f8ver m\u00e5ske at snyde dig. Desv\u00e6rre er der mennesker derude, som fors\u00f8ger at udnytte andre ved at narre dem til at sende penge eller dele personlige oplysninger. Hvis nogen p\u00e5 ulive-chat beder dig om penge eller dit kreditkortnummer, skal du passe p\u00e5!<\/li>\n<li>Du afsl\u00f8rer m\u00e5ske for meget om dig selv. N\u00e5r du taler med nogen, du ikke kender, er det let at blive fanget af samtalen og afsl\u00f8re mere, end du havde t\u00e6nkt dig. V\u00e6r opm\u00e6rksom p\u00e5, hvad du deler, og lad v\u00e6re med at afsl\u00f8re<\/li>\n<\/ol>\n<h2>Er det sikkert at bruge?<\/h2>\n<p>Hvis du spekulerer p\u00e5, om det er sikkert at bruge ulive-chat til at tale med fremmede, er svaret: Det kommer an p\u00e5. Selvom ulive-chat har nogle sikkerhedsforanstaltninger p\u00e5 plads, som f.eks. kun tillader brugere over 18 \u00e5r at bruge siden, er der altid en risiko ved at tale med folk, man ikke kender online.<\/p>\n<p>N\u00e5r det er sagt, b\u00f8r du v\u00e6re i sikkerhed, hvis du bruger din sunde fornuft og tager nogle grundl\u00e6ggende forholdsregler, s\u00e5som ikke at dele personlige oplysninger eller m\u00f8des med fremmede i virkeligheden. S\u00e5 l\u00e6nge du er opm\u00e6rksom p\u00e5 risiciene, kan det v\u00e6re en sjov og interessant oplevelse at bruge ulive-chat til at tale med fremmede.<\/p>\n<h2>Konklusion<\/h2>\n<p>Hvis du leder efter en sjov og nem m\u00e5de at komme i kontakt med nye mennesker p\u00e5, s\u00e5 er ulive-chat bestemt v\u00e6rd at tjekke ud. Det bedste ved det er, at der ikke er nogen fremmede p\u00e5 ulive-chat - alle er der for at chatte og have det sjovt. S\u00e5 pr\u00f8v det bare - det kan v\u00e6re, at du f\u00e5r nogle nye venner.<\/p>","protected":false},"excerpt":{"rendered":"<p>In these days of social distancing, it can be hard to find ways to connect with others. But there&#8217;s one place you can always go to talk with strangers: ulive-chat. On ulive-chat, you can chat with people from all over the world about anything and everything. So come on in and start chatting! What is [&hellip;]<\/p>\n","protected":false},"author":6,"featured_media":559,"parent":0,"menu_order":0,"comment_status":"closed","ping_status":"closed","template":"","meta":{"footnotes":""},"class_list":["post-11167","page","type-page","status-publish","has-post-thumbnail","hentry"],"yoast_head":"<!-- This site is optimized with the Yoast SEO plugin v27.4 - https:\/\/yoast.com\/product\/yoast-seo-wordpress\/ -->\n<title>Ulive Chat - Chat with strangers on StrangerCam.com<\/title>\n<meta name=\"description\" content=\"Like Ulive Chat? Come chat with more than 5.000.000 strangers on Stranger Cam for Free! Turn on your cam and find new friends &amp; maby a match!\" \/>\n<meta name=\"robots\" content=\"index, follow, max-snippet:-1, max-image-preview:large, max-video-preview:-1\" \/>\n<link rel=\"canonical\" href=\"https:\/\/strangercam.com\/da\/ulive-chat\/\" \/>\n<meta property=\"og:locale\" content=\"da_DK\" \/>\n<meta property=\"og:type\" content=\"article\" \/>\n<meta property=\"og:title\" content=\"Ulive Chat - Chat with strangers on StrangerCam.com\" \/>\n<meta property=\"og:description\" content=\"Like Ulive Chat? Come chat with more than 5.000.000 strangers on Stranger Cam for Free! Turn on your cam and find new friends &amp; maby a match!\" \/>\n<meta property=\"og:url\" content=\"https:\/\/strangercam.com\/da\/ulive-chat\/\" \/>\n<meta property=\"og:site_name\" content=\"Strangercam\" \/>\n<meta property=\"article:publisher\" content=\"https:\/\/www.facebook.com\/strangercam\" \/>\n<meta property=\"article:modified_time\" content=\"2023-08-21T10:48:49+00:00\" \/>\n<meta property=\"og:image\" content=\"https:\/\/strangercam.com\/wp-content\/uploads\/2020\/11\/stranger-cam-1.png\" \/>\n\t<meta property=\"og:image:width\" content=\"800\" \/>\n\t<meta property=\"og:image:height\" content=\"800\" \/>\n\t<meta property=\"og:image:type\" content=\"image\/png\" \/>\n<meta name=\"twitter:card\" content=\"summary_large_image\" \/>\n<meta name=\"twitter:site\" content=\"@strangercamapp\" \/>\n<meta name=\"twitter:label1\" content=\"Estimeret l\u00e6setid\" \/>\n\t<meta name=\"twitter:data1\" content=\"6 minutter\" \/>\n<script type=\"application\/ld+json\" class=\"yoast-schema-graph\">{\"@context\":\"https:\\\/\\\/schema.org\",\"@graph\":[{\"@type\":\"WebPage\",\"@id\":\"https:\\\/\\\/strangercam.com\\\/ulive-chat\\\/\",\"url\":\"https:\\\/\\\/strangercam.com\\\/ulive-chat\\\/\",\"name\":\"Ulive Chat - Chat with strangers on StrangerCam.com\",\"isPartOf\":{\"@id\":\"https:\\\/\\\/strangercam.com\\\/#website\"},\"primaryImageOfPage\":{\"@id\":\"https:\\\/\\\/strangercam.com\\\/ulive-chat\\\/#primaryimage\"},\"image\":{\"@id\":\"https:\\\/\\\/strangercam.com\\\/ulive-chat\\\/#primaryimage\"},\"thumbnailUrl\":\"https:\\\/\\\/strangercam.com\\\/wp-content\\\/uploads\\\/2020\\\/11\\\/stranger-cam-1.png\",\"datePublished\":\"2022-08-11T13:18:17+00:00\",\"dateModified\":\"2023-08-21T10:48:49+00:00\",\"description\":\"Like Ulive Chat? Come chat with more than 5.000.000 strangers on Stranger Cam for Free! Turn on your cam and find new friends & maby a match!\",\"breadcrumb\":{\"@id\":\"https:\\\/\\\/strangercam.com\\\/ulive-chat\\\/#breadcrumb\"},\"inLanguage\":\"da-DK\",\"potentialAction\":[{\"@type\":\"ReadAction\",\"target\":[\"https:\\\/\\\/strangercam.com\\\/ulive-chat\\\/\"]}]},{\"@type\":\"ImageObject\",\"inLanguage\":\"da-DK\",\"@id\":\"https:\\\/\\\/strangercam.com\\\/ulive-chat\\\/#primaryimage\",\"url\":\"https:\\\/\\\/strangercam.com\\\/wp-content\\\/uploads\\\/2020\\\/11\\\/stranger-cam-1.png\",\"contentUrl\":\"https:\\\/\\\/strangercam.com\\\/wp-content\\\/uploads\\\/2020\\\/11\\\/stranger-cam-1.png\",\"width\":800,\"height\":800,\"caption\":\"stranger cam random video chat\"},{\"@type\":\"BreadcrumbList\",\"@id\":\"https:\\\/\\\/strangercam.com\\\/ulive-chat\\\/#breadcrumb\",\"itemListElement\":[{\"@type\":\"ListItem\",\"position\":1,\"name\":\"Home\",\"item\":\"https:\\\/\\\/strangercam.com\\\/\"},{\"@type\":\"ListItem\",\"position\":2,\"name\":\"Ulive Chat\"}]},{\"@type\":\"WebSite\",\"@id\":\"https:\\\/\\\/strangercam.com\\\/#website\",\"url\":\"https:\\\/\\\/strangercam.com\\\/\",\"name\":\"Strangercam\",\"description\":\"Random Video Chat with Strangers\",\"publisher\":{\"@id\":\"https:\\\/\\\/strangercam.com\\\/#organization\"},\"alternateName\":\"Strangercam.com\",\"potentialAction\":[{\"@type\":\"SearchAction\",\"target\":{\"@type\":\"EntryPoint\",\"urlTemplate\":\"https:\\\/\\\/strangercam.com\\\/?s={search_term_string}\"},\"query-input\":{\"@type\":\"PropertyValueSpecification\",\"valueRequired\":true,\"valueName\":\"search_term_string\"}}],\"inLanguage\":\"da-DK\"},{\"@type\":\"Organization\",\"@id\":\"https:\\\/\\\/strangercam.com\\\/#organization\",\"name\":\"Strangercam\",\"alternateName\":\"Strangercam.com\",\"url\":\"https:\\\/\\\/strangercam.com\\\/\",\"logo\":{\"@type\":\"ImageObject\",\"inLanguage\":\"da-DK\",\"@id\":\"https:\\\/\\\/strangercam.com\\\/#\\\/schema\\\/logo\\\/image\\\/\",\"url\":\"https:\\\/\\\/strangercam.com\\\/wp-content\\\/uploads\\\/2020\\\/11\\\/cropped-new-favicon-black.png\",\"contentUrl\":\"https:\\\/\\\/strangercam.com\\\/wp-content\\\/uploads\\\/2020\\\/11\\\/cropped-new-favicon-black.png\",\"width\":512,\"height\":512,\"caption\":\"Strangercam\"},\"image\":{\"@id\":\"https:\\\/\\\/strangercam.com\\\/#\\\/schema\\\/logo\\\/image\\\/\"},\"sameAs\":[\"https:\\\/\\\/www.facebook.com\\\/strangercam\",\"https:\\\/\\\/x.com\\\/strangercamapp\"]}]}<\/script>\n<!-- \/ Yoast SEO plugin. -->","yoast_head_json":{"title":"Ulive Chat - Chat med fremmede p\u00e5 StrangerCam.com","description":"Kan du lide Ulive Chat? Kom og chat med mere end 5.000.000 fremmede p\u00e5 Stranger Cam helt gratis! T\u00e6nd for dit kamera og find nye venner og m\u00e5ske et match!","robots":{"index":"index","follow":"follow","max-snippet":"max-snippet:-1","max-image-preview":"max-image-preview:large","max-video-preview":"max-video-preview:-1"},"canonical":"https:\/\/strangercam.com\/da\/ulive-chat\/","og_locale":"da_DK","og_type":"article","og_title":"Ulive Chat - Chat with strangers on StrangerCam.com","og_description":"Like Ulive Chat? Come chat with more than 5.000.000 strangers on Stranger Cam for Free! Turn on your cam and find new friends & maby a match!","og_url":"https:\/\/strangercam.com\/da\/ulive-chat\/","og_site_name":"Strangercam","article_publisher":"https:\/\/www.facebook.com\/strangercam","article_modified_time":"2023-08-21T10:48:49+00:00","og_image":[{"width":800,"height":800,"url":"https:\/\/strangercam.com\/wp-content\/uploads\/2020\/11\/stranger-cam-1.png","type":"image\/png"}],"twitter_card":"summary_large_image","twitter_site":"@strangercamapp","twitter_misc":{"Estimeret l\u00e6setid":"6 minutter"},"schema":{"@context":"https:\/\/schema.org","@graph":[{"@type":"WebPage","@id":"https:\/\/strangercam.com\/ulive-chat\/","url":"https:\/\/strangercam.com\/ulive-chat\/","name":"Ulive Chat - Chat med fremmede p\u00e5 StrangerCam.com","isPartOf":{"@id":"https:\/\/strangercam.com\/#website"},"primaryImageOfPage":{"@id":"https:\/\/strangercam.com\/ulive-chat\/#primaryimage"},"image":{"@id":"https:\/\/strangercam.com\/ulive-chat\/#primaryimage"},"thumbnailUrl":"https:\/\/strangercam.com\/wp-content\/uploads\/2020\/11\/stranger-cam-1.png","datePublished":"2022-08-11T13:18:17+00:00","dateModified":"2023-08-21T10:48:49+00:00","description":"Kan du lide Ulive Chat? Kom og chat med mere end 5.000.000 fremmede p\u00e5 Stranger Cam helt gratis! T\u00e6nd for dit kamera og find nye venner og m\u00e5ske et match!","breadcrumb":{"@id":"https:\/\/strangercam.com\/ulive-chat\/#breadcrumb"},"inLanguage":"da-DK","potentialAction":[{"@type":"ReadAction","target":["https:\/\/strangercam.com\/ulive-chat\/"]}]},{"@type":"ImageObject","inLanguage":"da-DK","@id":"https:\/\/strangercam.com\/ulive-chat\/#primaryimage","url":"https:\/\/strangercam.com\/wp-content\/uploads\/2020\/11\/stranger-cam-1.png","contentUrl":"https:\/\/strangercam.com\/wp-content\/uploads\/2020\/11\/stranger-cam-1.png","width":800,"height":800,"caption":"stranger cam random video chat"},{"@type":"BreadcrumbList","@id":"https:\/\/strangercam.com\/ulive-chat\/#breadcrumb","itemListElement":[{"@type":"ListItem","position":1,"name":"Home","item":"https:\/\/strangercam.com\/"},{"@type":"ListItem","position":2,"name":"Ulive Chat"}]},{"@type":"WebSite","@id":"https:\/\/strangercam.com\/#website","url":"https:\/\/strangercam.com\/","name":"Strangercam","description":"Tilf\u00e6ldig videochat med fremmede","publisher":{"@id":"https:\/\/strangercam.com\/#organization"},"alternateName":"Strangercam.com","potentialAction":[{"@type":"SearchAction","target":{"@type":"EntryPoint","urlTemplate":"https:\/\/strangercam.com\/?s={search_term_string}"},"query-input":{"@type":"PropertyValueSpecification","valueRequired":true,"valueName":"search_term_string"}}],"inLanguage":"da-DK"},{"@type":"Organization","@id":"https:\/\/strangercam.com\/#organization","name":"Strangercam","alternateName":"Strangercam.com","url":"https:\/\/strangercam.com\/","logo":{"@type":"ImageObject","inLanguage":"da-DK","@id":"https:\/\/strangercam.com\/#\/schema\/logo\/image\/","url":"https:\/\/strangercam.com\/wp-content\/uploads\/2020\/11\/cropped-new-favicon-black.png","contentUrl":"https:\/\/strangercam.com\/wp-content\/uploads\/2020\/11\/cropped-new-favicon-black.png","width":512,"height":512,"caption":"Strangercam"},"image":{"@id":"https:\/\/strangercam.com\/#\/schema\/logo\/image\/"},"sameAs":["https:\/\/www.facebook.com\/strangercam","https:\/\/x.com\/strangercamapp"]}]}},"_links":{"self":[{"href":"https:\/\/strangercam.com\/da\/wp-json\/wp\/v2\/pages\/11167","targetHints":{"allow":["GET"]}}],"collection":[{"href":"https:\/\/strangercam.com\/da\/wp-json\/wp\/v2\/pages"}],"about":[{"href":"https:\/\/strangercam.com\/da\/wp-json\/wp\/v2\/types\/page"}],"author":[{"embeddable":true,"href":"https:\/\/strangercam.com\/da\/wp-json\/wp\/v2\/users\/6"}],"replies":[{"embeddable":true,"href":"https:\/\/strangercam.com\/da\/wp-json\/wp\/v2\/comments?post=11167"}],"version-history":[{"count":0,"href":"https:\/\/strangercam.com\/da\/wp-json\/wp\/v2\/pages\/11167\/revisions"}],"wp:featuredmedia":[{"embeddable":true,"href":"https:\/\/strangercam.com\/da\/wp-json\/wp\/v2\/media\/559"}],"wp:attachment":[{"href":"https:\/\/strangercam.com\/da\/wp-json\/wp\/v2\/media?parent=11167"}],"curies":[{"name":"wp","href":"https:\/\/api.w.org\/{rel}","templated":true}]}}