{"id":11154,"date":"2022-08-11T15:12:40","date_gmt":"2022-08-11T13:12:40","guid":{"rendered":"https:\/\/strangercam.com\/?page_id=11154"},"modified":"2023-08-21T12:24:41","modified_gmt":"2023-08-21T10:24:41","slug":"chatride","status":"publish","type":"page","link":"https:\/\/strangercam.com\/da\/chatride\/","title":{"rendered":"Chatride"},"content":{"rendered":"<p>Tilf\u00e6ldig video <a href=\"https:\/\/strangercam.com\/da\/chatroulette\/\">chat<\/a> er den nye trend, og Chatride er en af de mest popul\u00e6re tilf\u00e6ldige videochatplatforme. Hvis du vil vide alle detaljer om Chatride, skal du forts\u00e6tte med at l\u00e6se, her i denne artikel vil vi d\u00e6kke alle detaljer, som du har brug for at vide, f\u00f8r du bruger denne platform.<\/p>\n<h2>Hvad er chatride?<\/h2>\n<p>Chatride er en ny m\u00e5de at chatte med venner og familie p\u00e5. Det er en fantastisk m\u00e5de at holde kontakten med dem, man holder af, uanset om man er t\u00e6t p\u00e5 eller langt v\u00e6k. Du kan bruge Chatride til at chatte med hvem som helst i verden, s\u00e5 l\u00e6nge de har en internetforbindelse. Alt, hvad du beh\u00f8ver, er en webbrowser og en konto hos Chatride. N\u00e5r du er logget ind, kan du begynde at chatte med det samme. Du skal bare skrive din besked og trykke send. Din besked vises i chatvinduet, s\u00e5 alle kan se den. Du kan ogs\u00e5 tilf\u00f8je venner og familie til din chat, s\u00e5 de kan deltage i samtalen. S\u00e5 hvad venter du p\u00e5? Begynd at chatte med dine k\u00e6re i dag!<\/p>\n<h2>Hvad er fordelene ved chatride?<\/h2>\n<p>Nogle af fordelene ved Chatride er<\/p>\n<ul>\n<li style=\"font-weight: 400;\" aria-level=\"1\">Det er en god m\u00e5de at <a href=\"https:\/\/strangercam.com\/da\/coomeet\/\">m\u00f8des<\/a> nye mennesker fra hele verden.<\/li>\n<li style=\"font-weight: 400;\" aria-level=\"1\">Du kan l\u00e6re om forskellige kulturer og livsstile.<\/li>\n<li style=\"font-weight: 400;\" aria-level=\"1\">Du kan \u00f8ve dine sprogf\u00e6rdigheder med indf\u00f8dte talere.<\/li>\n<li style=\"font-weight: 400;\" aria-level=\"1\">Det er en sjov og nem m\u00e5de at f\u00e5 nye venner p\u00e5.<\/li>\n<\/ul>\n<h2>Hvordan bruger man chatride?<\/h2>\n<p>Chatride er en ny og revolutionerende m\u00e5de at chatte med tilf\u00e6ldige mennesker over hele verden. Her er en hurtig guide til, hvordan du bruger Chatride:<\/p>\n<ul>\n<li style=\"font-weight: 400;\" aria-level=\"1\">F\u00f8rst skal du downloade appen fra din app store (findes til b\u00e5de iPhone og Android).<\/li>\n<li style=\"font-weight: 400;\" aria-level=\"1\">N\u00e5r du har installeret appen, skal du \u00e5bne den og oprette en konto. Du skal angive dit navn, din e-mailadresse og en adgangskode.<\/li>\n<li style=\"font-weight: 400;\" aria-level=\"1\">N\u00e5r du er logget ind, kan du begynde at chatte med tilf\u00e6ldige mennesker. Chatride finder dit bedste match baseret p\u00e5<\/li>\n<\/ul>\n<h2>Tips til at komme i gang med chatride?<\/h2>\n<p>Her er nogle tips til at komme i gang:<\/p>\n<ol>\n<li style=\"font-weight: 400;\" aria-level=\"1\">Brug s\u00f8gefeltet: S\u00f8gefeltet er din bedste ven p\u00e5 Chatride. Du kan bruge det til at finde folk med samme interesser som dig eller til at finde emner, som du er interesseret i.<\/li>\n<li style=\"font-weight: 400;\" aria-level=\"1\">Kom i kontakt med mennesker: Chatride handler om at komme i kontakt med mennesker. S\u00e5 v\u00e6r ikke genert, r\u00e6k ud og begynd at chatte med nogen. Du ved aldrig, hvem du vil m\u00f8de!<\/li>\n<li style=\"font-weight: 400;\" aria-level=\"1\">Join grupper: Grupper er en fantastisk m\u00e5de at m\u00f8de nye mennesker p\u00e5 og finde ligesindede. Hvis der er en gruppe, der interesserer dig, s\u00e5 meld dig ind i den og begynd at chatte!<\/li>\n<li style=\"font-weight: 400;\" aria-level=\"1\">Brug chatrummene: Chatrummene p\u00e5 Chatride er gode steder at m\u00f8de nye mennesker og have sjove samtaler. S\u00e5 v\u00e6rsgo at kaste dig ud i det!<\/li>\n<li style=\"font-weight: 400;\" aria-level=\"1\">Hav det sjovt! Dette er det vigtigste tip af alle.<\/li>\n<\/ol>\n<h2>Fordele og ulemper ved chatride<\/h2>\n<h4>Fordele:<\/h4>\n<ul>\n<li style=\"font-weight: 400;\" aria-level=\"1\">Gratis at downloade og bruge<\/li>\n<li style=\"font-weight: 400;\" aria-level=\"1\">Kan komme i kontakt med mennesker fra hele verden<\/li>\n<li style=\"font-weight: 400;\" aria-level=\"1\">Video- og lydkvaliteten er god<\/li>\n<li style=\"font-weight: 400;\" aria-level=\"1\">Har en r\u00e6kke funktioner s\u00e5som tekst, stemme og <a href=\"https:\/\/strangercam.com\/da\/amerikansk-tilfaeldigt-videoopkald\/\">Videoopkald<\/a>, gruppechat osv.<\/li>\n<\/ul>\n<h4>Ulemper:<\/h4>\n<ol>\n<li style=\"font-weight: 400;\" aria-level=\"1\">Appen kan til tider v\u00e6re fejlbeh\u00e6ftet<\/li>\n<li style=\"font-weight: 400;\" aria-level=\"1\">Forbindelsen kan let mistes<\/li>\n<\/ol>\n<h2>Chatride vs. andre kommunikationsplatforme<\/h2>\n<p>Der er mange kommunikationsplatforme derude, men Chatride er helt sikkert en af de bedste. Her er hvorfor:<\/p>\n<ul>\n<li style=\"font-weight: 400;\" aria-level=\"1\">Chatride er utrolig brugervenlig. Du beh\u00f8ver ikke at v\u00e6re teknisk ekspert for at bruge den - alle kan samle den op og begynde at chatte i l\u00f8bet af f\u00e5 minutter.<\/li>\n<li style=\"font-weight: 400;\" aria-level=\"1\">Chatride er helt gratis at bruge. Der er ingen skjulte omkostninger eller abonnementsgebyrer - du kan chatte s\u00e5 meget, du vil, uden at bekymre dig om din pengepung.<\/li>\n<li style=\"font-weight: 400;\" aria-level=\"1\">Chatride er ekstremt hurtig og p\u00e5lidelig. Du beh\u00f8ver aldrig at bekymre dig om forsinkelser eller forbindelsesproblemer, n\u00e5r du bruger Chatride.<\/li>\n<li style=\"font-weight: 400;\" aria-level=\"1\">Chatride tilbyder et stort udvalg af funktioner og muligheder. Uanset om du er p\u00e5 udkig efter gruppechat eller private beskeder, har Chatride dig d\u00e6kket ind.<\/li>\n<li style=\"font-weight: 400;\" aria-level=\"1\">Chatride bliver hele tiden opdateret med nye funktioner og forbedringer. Holdet bag Chatride arbejder altid h\u00e5rdt for at sikre, at platformen er den bedste, den kan v\u00e6re.<\/li>\n<\/ul>\n<p>Hvis du er p\u00e5 udkig efter en kommunikationsplatform, der opfylder alle krav, skal du ikke lede l\u00e6ngere end Chatride!<\/p>\n<h2>Hvorfor er Chatride s\u00e5 popul\u00e6r en tilf\u00e6ldig videochat-platform?<\/h2>\n<p>Der er mange grunde til, at Chatride er s\u00e5 popul\u00e6r en tilf\u00e6ldig videochatplatform. For det f\u00f8rste er det helt gratis at bruge. Du beh\u00f8ver ikke at oprette en konto eller betale noget gebyr for at begynde at chatte.<\/p>\n<p>En anden grund er, at Chatride er utrolig nem at bruge. Alt, hvad du skal g\u00f8re, er at g\u00e5 ind p\u00e5 hjemmesiden og klikke p\u00e5 knappen \u201cstart chatting\u201d. S\u00e5 kommer du straks i kontakt med en tilf\u00e6ldig fremmed fra hvor som helst i verden.<\/p>\n<p>Chatgr\u00e6nsefladen er ogs\u00e5 meget brugervenlig. Det er nemt at skrive beskeder eller endda sende emojis og klisterm\u00e6rker. Hvis du gerne vil se den person, du taler med, kan du aktivere webcam-funktionen med nogle f\u00e5 klik.<\/p>\n<p>Endelig er Chatride en af de mest popul\u00e6re tilf\u00e6ldige chatplatforme, fordi den tilbyder et stort udvalg af funktioner. Ud over tekst og <a href=\"https:\/\/strangercam.com\/da\/rabbit-video-chat\/\">videochat<\/a>, Du kan ogs\u00e5 spille spil, dele billeder og endda bruge stemmechat. Der er noget for enhver smag p\u00e5 Chatride!<\/p>\n<h2>Er det sikkert at bruge?<\/h2>\n<p>N\u00e5r det drejer sig om onlinechat, vil du gerne sikre dig, at du bruger en sikker og tryg platform. Chatride er en god mulighed for dem, der leder efter en tryg og sikker m\u00e5de at chatte online p\u00e5. Siden bruger SSL-kryptering til at beskytte dine oplysninger, og alle chatrum bliver modereret af medarbejdere. Du kan ogs\u00e5 oprette en personlig profil, s\u00e5 kun folk, du kender, kan kontakte dig.<\/p>\n<h2>Hvordan er man sikker, n\u00e5r man bruger en tilf\u00e6ldig videochatplatform?<\/h2>\n<p>De fleste <a href=\"https:\/\/strangercam.com\/da\/chathub\/\">Tilf\u00e6ldig videochat<\/a> platforme er sikre at bruge. Der er dog et par ting, du kan g\u00f8re for at garantere din sikkerhed, n\u00e5r du bruger disse platforme. Her er et par tips:<\/p>\n<ul>\n<li style=\"font-weight: 400;\" aria-level=\"1\">Undg\u00e5 at dele personlige oplysninger med nogen, du m\u00f8der p\u00e5 en tilf\u00e6ldig videochatplatform. Dette omfatter dit fulde navn, adresse, telefonnummer, e-mailadresse osv.<\/li>\n<li style=\"font-weight: 400;\" aria-level=\"1\">Hvis nogen, du m\u00f8der p\u00e5 en tilf\u00e6ldig videochatplatform, beder om personlige oplysninger, skal du ikke give dem.<\/li>\n<li style=\"font-weight: 400;\" aria-level=\"1\">Lad v\u00e6re med at m\u00f8des personligt med nogen, du m\u00f8der p\u00e5 en tilf\u00e6ldig videochatplatform.<\/li>\n<li style=\"font-weight: 400;\" aria-level=\"1\">Send ikke penge til nogen, du m\u00f8der p\u00e5 en tilf\u00e6ldig videochatplatform.<\/li>\n<li style=\"font-weight: 400;\" aria-level=\"1\">Hvis en person, du m\u00f8der p\u00e5 en tilf\u00e6ldig videochatplatform, beder om penge, skal du ikke give dem.<\/li>\n<\/ul>\n<h2>Konklusion<\/h2>\n<p>Alt i alt er Chatride en fantastisk m\u00e5de at holde kontakten med venner og familie over hele verden. Det bedste ved det er, at det er gratis at bruge, s\u00e5 du beh\u00f8ver ikke at bekymre dig om at bruge penge. Du kan ogs\u00e5 oprette gruppechats, s\u00e5 du kan holde kontakten med flere personer p\u00e5 \u00e9n gang. S\u00e5 hvad venter du p\u00e5? G\u00e5 i gang med at downloade Chatride i dag!<\/p>","protected":false},"excerpt":{"rendered":"<p>Random video chat is the new trend, and Chatride is one of the most popular random video chatting platform. If you want to know all the details about Chatride keep on reading, Here in this article we are going to cover the all details which you need to know before using this platform. What is [&hellip;]<\/p>\n","protected":false},"author":6,"featured_media":559,"parent":0,"menu_order":0,"comment_status":"closed","ping_status":"closed","template":"","meta":{"footnotes":""},"class_list":["post-11154","page","type-page","status-publish","has-post-thumbnail","hentry"],"yoast_head":"<!-- This site is optimized with the Yoast SEO plugin v26.9 - https:\/\/yoast.com\/product\/yoast-seo-wordpress\/ -->\n<title>Chatride - Chat with strangers on StrangerCam.com<\/title>\n<meta name=\"description\" content=\"Like Chatride? Come chat with more than 5.000.000 strangers on Stranger Cam for Free! Turn on your cam and find new friends &amp; maby a match!\" \/>\n<meta name=\"robots\" content=\"index, follow, max-snippet:-1, max-image-preview:large, max-video-preview:-1\" \/>\n<link rel=\"canonical\" href=\"https:\/\/strangercam.com\/da\/chatride\/\" \/>\n<meta property=\"og:locale\" content=\"da_DK\" \/>\n<meta property=\"og:type\" content=\"article\" \/>\n<meta property=\"og:title\" content=\"Chatride - Chat with strangers on StrangerCam.com\" \/>\n<meta property=\"og:description\" content=\"Like Chatride? Come chat with more than 5.000.000 strangers on Stranger Cam for Free! Turn on your cam and find new friends &amp; maby a match!\" \/>\n<meta property=\"og:url\" content=\"https:\/\/strangercam.com\/da\/chatride\/\" \/>\n<meta property=\"og:site_name\" content=\"Strangercam\" \/>\n<meta property=\"article:publisher\" content=\"https:\/\/www.facebook.com\/strangercam\" \/>\n<meta property=\"article:modified_time\" content=\"2023-08-21T10:24:41+00:00\" \/>\n<meta property=\"og:image\" content=\"https:\/\/strangercam.com\/wp-content\/uploads\/2020\/11\/stranger-cam-1.png\" \/>\n\t<meta property=\"og:image:width\" content=\"800\" \/>\n\t<meta property=\"og:image:height\" content=\"800\" \/>\n\t<meta property=\"og:image:type\" content=\"image\/png\" \/>\n<meta name=\"twitter:card\" content=\"summary_large_image\" \/>\n<meta name=\"twitter:site\" content=\"@strangercamapp\" \/>\n<meta name=\"twitter:label1\" content=\"Estimeret l\u00e6setid\" \/>\n\t<meta name=\"twitter:data1\" content=\"5 minutter\" \/>\n<script type=\"application\/ld+json\" class=\"yoast-schema-graph\">{\"@context\":\"https:\/\/schema.org\",\"@graph\":[{\"@type\":\"WebPage\",\"@id\":\"https:\/\/strangercam.com\/chatride\/\",\"url\":\"https:\/\/strangercam.com\/chatride\/\",\"name\":\"Chatride - Chat with strangers on StrangerCam.com\",\"isPartOf\":{\"@id\":\"https:\/\/strangercam.com\/#website\"},\"primaryImageOfPage\":{\"@id\":\"https:\/\/strangercam.com\/chatride\/#primaryimage\"},\"image\":{\"@id\":\"https:\/\/strangercam.com\/chatride\/#primaryimage\"},\"thumbnailUrl\":\"https:\/\/strangercam.com\/wp-content\/uploads\/2020\/11\/stranger-cam-1.png\",\"datePublished\":\"2022-08-11T13:12:40+00:00\",\"dateModified\":\"2023-08-21T10:24:41+00:00\",\"description\":\"Like Chatride? Come chat with more than 5.000.000 strangers on Stranger Cam for Free! Turn on your cam and find new friends & maby a match!\",\"breadcrumb\":{\"@id\":\"https:\/\/strangercam.com\/chatride\/#breadcrumb\"},\"inLanguage\":\"da-DK\",\"potentialAction\":[{\"@type\":\"ReadAction\",\"target\":[\"https:\/\/strangercam.com\/chatride\/\"]}]},{\"@type\":\"ImageObject\",\"inLanguage\":\"da-DK\",\"@id\":\"https:\/\/strangercam.com\/chatride\/#primaryimage\",\"url\":\"https:\/\/strangercam.com\/wp-content\/uploads\/2020\/11\/stranger-cam-1.png\",\"contentUrl\":\"https:\/\/strangercam.com\/wp-content\/uploads\/2020\/11\/stranger-cam-1.png\",\"width\":800,\"height\":800,\"caption\":\"stranger cam random video chat\"},{\"@type\":\"BreadcrumbList\",\"@id\":\"https:\/\/strangercam.com\/chatride\/#breadcrumb\",\"itemListElement\":[{\"@type\":\"ListItem\",\"position\":1,\"name\":\"Home\",\"item\":\"https:\/\/strangercam.com\/\"},{\"@type\":\"ListItem\",\"position\":2,\"name\":\"Chatride\"}]},{\"@type\":\"WebSite\",\"@id\":\"https:\/\/strangercam.com\/#website\",\"url\":\"https:\/\/strangercam.com\/\",\"name\":\"Strangercam\",\"description\":\"Random Video Chat with Strangers\",\"publisher\":{\"@id\":\"https:\/\/strangercam.com\/#organization\"},\"alternateName\":\"Strangercam.com\",\"potentialAction\":[{\"@type\":\"SearchAction\",\"target\":{\"@type\":\"EntryPoint\",\"urlTemplate\":\"https:\/\/strangercam.com\/?s={search_term_string}\"},\"query-input\":{\"@type\":\"PropertyValueSpecification\",\"valueRequired\":true,\"valueName\":\"search_term_string\"}}],\"inLanguage\":\"da-DK\"},{\"@type\":\"Organization\",\"@id\":\"https:\/\/strangercam.com\/#organization\",\"name\":\"Strangercam\",\"alternateName\":\"Strangercam.com\",\"url\":\"https:\/\/strangercam.com\/\",\"logo\":{\"@type\":\"ImageObject\",\"inLanguage\":\"da-DK\",\"@id\":\"https:\/\/strangercam.com\/#\/schema\/logo\/image\/\",\"url\":\"https:\/\/strangercam.com\/wp-content\/uploads\/2020\/11\/cropped-new-favicon-black.png\",\"contentUrl\":\"https:\/\/strangercam.com\/wp-content\/uploads\/2020\/11\/cropped-new-favicon-black.png\",\"width\":512,\"height\":512,\"caption\":\"Strangercam\"},\"image\":{\"@id\":\"https:\/\/strangercam.com\/#\/schema\/logo\/image\/\"},\"sameAs\":[\"https:\/\/www.facebook.com\/strangercam\",\"https:\/\/x.com\/strangercamapp\"]}]}<\/script>\n<!-- \/ Yoast SEO plugin. -->","yoast_head_json":{"title":"Chatride - Chat med fremmede p\u00e5 StrangerCam.com","description":"Kan du lide Chatride? Kom og chat med mere end 5.000.000 fremmede p\u00e5 Stranger Cam helt gratis! T\u00e6nd for dit kamera og find nye venner og m\u00e5ske et match!","robots":{"index":"index","follow":"follow","max-snippet":"max-snippet:-1","max-image-preview":"max-image-preview:large","max-video-preview":"max-video-preview:-1"},"canonical":"https:\/\/strangercam.com\/da\/chatride\/","og_locale":"da_DK","og_type":"article","og_title":"Chatride - Chat with strangers on StrangerCam.com","og_description":"Like Chatride? Come chat with more than 5.000.000 strangers on Stranger Cam for Free! Turn on your cam and find new friends & maby a match!","og_url":"https:\/\/strangercam.com\/da\/chatride\/","og_site_name":"Strangercam","article_publisher":"https:\/\/www.facebook.com\/strangercam","article_modified_time":"2023-08-21T10:24:41+00:00","og_image":[{"width":800,"height":800,"url":"https:\/\/strangercam.com\/wp-content\/uploads\/2020\/11\/stranger-cam-1.png","type":"image\/png"}],"twitter_card":"summary_large_image","twitter_site":"@strangercamapp","twitter_misc":{"Estimeret l\u00e6setid":"5 minutter"},"schema":{"@context":"https:\/\/schema.org","@graph":[{"@type":"WebPage","@id":"https:\/\/strangercam.com\/chatride\/","url":"https:\/\/strangercam.com\/chatride\/","name":"Chatride - Chat med fremmede p\u00e5 StrangerCam.com","isPartOf":{"@id":"https:\/\/strangercam.com\/#website"},"primaryImageOfPage":{"@id":"https:\/\/strangercam.com\/chatride\/#primaryimage"},"image":{"@id":"https:\/\/strangercam.com\/chatride\/#primaryimage"},"thumbnailUrl":"https:\/\/strangercam.com\/wp-content\/uploads\/2020\/11\/stranger-cam-1.png","datePublished":"2022-08-11T13:12:40+00:00","dateModified":"2023-08-21T10:24:41+00:00","description":"Kan du lide Chatride? Kom og chat med mere end 5.000.000 fremmede p\u00e5 Stranger Cam helt gratis! T\u00e6nd for dit kamera og find nye venner og m\u00e5ske et match!","breadcrumb":{"@id":"https:\/\/strangercam.com\/chatride\/#breadcrumb"},"inLanguage":"da-DK","potentialAction":[{"@type":"ReadAction","target":["https:\/\/strangercam.com\/chatride\/"]}]},{"@type":"ImageObject","inLanguage":"da-DK","@id":"https:\/\/strangercam.com\/chatride\/#primaryimage","url":"https:\/\/strangercam.com\/wp-content\/uploads\/2020\/11\/stranger-cam-1.png","contentUrl":"https:\/\/strangercam.com\/wp-content\/uploads\/2020\/11\/stranger-cam-1.png","width":800,"height":800,"caption":"stranger cam random video chat"},{"@type":"BreadcrumbList","@id":"https:\/\/strangercam.com\/chatride\/#breadcrumb","itemListElement":[{"@type":"ListItem","position":1,"name":"Home","item":"https:\/\/strangercam.com\/"},{"@type":"ListItem","position":2,"name":"Chatride"}]},{"@type":"WebSite","@id":"https:\/\/strangercam.com\/#website","url":"https:\/\/strangercam.com\/","name":"Strangercam","description":"Tilf\u00e6ldig videochat med fremmede","publisher":{"@id":"https:\/\/strangercam.com\/#organization"},"alternateName":"Strangercam.com","potentialAction":[{"@type":"SearchAction","target":{"@type":"EntryPoint","urlTemplate":"https:\/\/strangercam.com\/?s={search_term_string}"},"query-input":{"@type":"PropertyValueSpecification","valueRequired":true,"valueName":"search_term_string"}}],"inLanguage":"da-DK"},{"@type":"Organization","@id":"https:\/\/strangercam.com\/#organization","name":"Strangercam","alternateName":"Strangercam.com","url":"https:\/\/strangercam.com\/","logo":{"@type":"ImageObject","inLanguage":"da-DK","@id":"https:\/\/strangercam.com\/#\/schema\/logo\/image\/","url":"https:\/\/strangercam.com\/wp-content\/uploads\/2020\/11\/cropped-new-favicon-black.png","contentUrl":"https:\/\/strangercam.com\/wp-content\/uploads\/2020\/11\/cropped-new-favicon-black.png","width":512,"height":512,"caption":"Strangercam"},"image":{"@id":"https:\/\/strangercam.com\/#\/schema\/logo\/image\/"},"sameAs":["https:\/\/www.facebook.com\/strangercam","https:\/\/x.com\/strangercamapp"]}]}},"_links":{"self":[{"href":"https:\/\/strangercam.com\/da\/wp-json\/wp\/v2\/pages\/11154","targetHints":{"allow":["GET"]}}],"collection":[{"href":"https:\/\/strangercam.com\/da\/wp-json\/wp\/v2\/pages"}],"about":[{"href":"https:\/\/strangercam.com\/da\/wp-json\/wp\/v2\/types\/page"}],"author":[{"embeddable":true,"href":"https:\/\/strangercam.com\/da\/wp-json\/wp\/v2\/users\/6"}],"replies":[{"embeddable":true,"href":"https:\/\/strangercam.com\/da\/wp-json\/wp\/v2\/comments?post=11154"}],"version-history":[{"count":0,"href":"https:\/\/strangercam.com\/da\/wp-json\/wp\/v2\/pages\/11154\/revisions"}],"wp:featuredmedia":[{"embeddable":true,"href":"https:\/\/strangercam.com\/da\/wp-json\/wp\/v2\/media\/559"}],"wp:attachment":[{"href":"https:\/\/strangercam.com\/da\/wp-json\/wp\/v2\/media?parent=11154"}],"curies":[{"name":"wp","href":"https:\/\/api.w.org\/{rel}","templated":true}]}}