{"id":11142,"date":"2022-08-11T15:06:21","date_gmt":"2022-08-11T13:06:21","guid":{"rendered":"https:\/\/strangercam.com\/?page_id=11142"},"modified":"2023-08-21T11:40:39","modified_gmt":"2023-08-21T09:40:39","slug":"camki","status":"publish","type":"page","link":"https:\/\/strangercam.com\/da\/camki\/","title":{"rendered":"Camki"},"content":{"rendered":"<p>Der findes mange online chatteplatforme i dag. Blandt dem er Camki en p\u00e5lidelig online chatplatform, der tilbyder forskellige funktioner til sine brugere. Nogle af disse funktioner inkluderer support til lyd- og videoopkald, instant messaging, fildeling osv.<\/p>\n<h2>Hvad er Camki?<\/h2>\n<p>Camki er en ny online chatteplatform, der er blevet mere og mere popul\u00e6r p\u00e5 det seneste. Det er en p\u00e5lidelig og brugervenlig platform, der tilbyder mange funktioner til sine brugere. Camki er et godt sted at komme i kontakt med venner og familiemedlemmer, s\u00e5vel som <a href=\"https:\/\/strangercam.com\/da\/coomeet\/\">m\u00f8des<\/a> nye mennesker fra hele verden. Platformen er ogs\u00e5 perfekt for virksomheder, da den giver dem mulighed for at kommunikere med kunder og klienter i realtid.<\/p>\n<h2>Hvordan bruger man Camki?<\/h2>\n<p>Hvis du er p\u00e5 udkig efter en p\u00e5lidelig online chatplatform, er Camki det perfekte valg. Camki er nem at bruge og tilbyder en r\u00e6kke funktioner, der g\u00f8r den til et godt valg til onlinechat. Her er nogle tips til, hvordan du bruger Camki:<\/p>\n<ul>\n<li style=\"font-weight: 400;\" aria-level=\"1\">For at komme i gang med at bruge Camki skal du oprette en gratis konto. Du skal angive dit navn, din e-mailadresse og oprette en adgangskode.<\/li>\n<li style=\"font-weight: 400;\" aria-level=\"1\">N\u00e5r du har oprettet din konto, skal du logge ind og klikke p\u00e5 knappen \"Opret et v\u00e6relse\".<\/li>\n<li style=\"font-weight: 400;\" aria-level=\"1\">Indtast et v\u00e6relsesnavn og en adgangskode (valgfrit).<\/li>\n<li style=\"font-weight: 400;\" aria-level=\"1\">For at begynde at chatte skal du klikke p\u00e5 knappen \u201cStart Chatting\u201d. Du kan ogs\u00e5 brugeCamki-webappen til at <a href=\"https:\/\/strangercam.com\/da\/chathub\/\">chat<\/a> med tilf\u00e6ldige fremmede.<\/li>\n<\/ul>\n<h2>Fordelene ved at bruge Camki<\/h2>\n<p>Der er mange fordele ved at bruge Camki som din online chatteplatform. Her er blot nogle f\u00e5 af grundene til, at Camki er det bedste valg for dig:<\/p>\n<ol>\n<li style=\"font-weight: 400;\" aria-level=\"1\">Camki er utrolig brugervenlig og nem at bruge. Du beh\u00f8ver ingen s\u00e6rlige tekniske f\u00e6rdigheder for at komme i gang - bare log ind og begynd at chatte!<\/li>\n<li style=\"font-weight: 400;\" aria-level=\"1\">Camki er fuldst\u00e6ndig sikker og fortrolig. Alle dine samtaler er private og vil aldrig blive delt med andre.<\/li>\n<li style=\"font-weight: 400;\" aria-level=\"1\">Camki er helt gratis at bruge. Der er ingen skjulte omkostninger eller gebyrer - du kan chatte, s\u00e5 l\u00e6nge du vil, uden at bruge en krone.<\/li>\n<li style=\"font-weight: 400;\" aria-level=\"1\">Camki tilbyder et stort udvalg af funktioner og muligheder, s\u00e5 du kan tilpasse din chatoplevelse, s\u00e5 den passer til dine behov. Du kan v\u00e6lge mellem en r\u00e6kke avatarer, baggrunde og skrifttyper og endda tilf\u00f8je specialeffekter til dine chats.<\/li>\n<li style=\"font-weight: 400;\" aria-level=\"1\">Camki udvides og forbedres hele tiden. Vi tilf\u00f8jer hele tiden nye funktioner og laver forbedringer baseret p\u00e5 feedback fra vores brugere. S\u00e5 du kan v\u00e6re sikker p\u00e5, at Camki altid vil give dig den bedst mulige chatoplevelse.<\/li>\n<\/ol>\n<h2>Ulemperne ved at bruge Camki<\/h2>\n<p>Der er nogle f\u00e5 ulemper ved at bruge Camki, som brugerne b\u00f8r v\u00e6re opm\u00e6rksomme p\u00e5. For det f\u00f8rste er platformen ikke s\u00e5 sikker som nogle af de andre muligheder derude. Det betyder, at dine samtaler kan v\u00e6re s\u00e5rbare over for at blive hacket eller opsnappet. Derudover har Camki ikke mange funktioner sammenlignet med andre platforme, s\u00e5 du kan opleve, at du er begr\u00e6nset i, hvad du kan g\u00f8re.<\/p>\n<h2>Vigtige egenskaber ved Camki<\/h2>\n<p>Hvis du er p\u00e5 udkig efter en p\u00e5lidelig online-chatplatform, er Camki det perfekte valg. Den tilbyder en r\u00e6kke funktioner, der f\u00e5r den til at skille sig ud fra andre chatplatforme. Her er nogle af de mest betydningsfulde funktioner i Camki:<\/p>\n<ul>\n<li style=\"font-weight: 400;\" aria-level=\"1\">Camki er utrolig brugervenlig og nem at bruge. Selv hvis du ikke kender til chatplatforme, kan du finde ud af at bruge Camki i l\u00f8bet af f\u00e5 minutter.<\/li>\n<li style=\"font-weight: 400;\" aria-level=\"1\">Camki tilbyder et h\u00f8jt niveau af sikkerhed og privatliv. Alle dine samtaler og chats er beskyttet, og ingen kan f\u00e5 adgang til dem, medmindre du giver dem tilladelse.<\/li>\n<li style=\"font-weight: 400;\" aria-level=\"1\">Camki er en fantastisk platform til at netv\u00e6rke og m\u00f8de nye mennesker. Du kan finde mennesker med samme interesser som dig selv og nemt komme i kontakt med dem.<\/li>\n<li style=\"font-weight: 400;\" aria-level=\"1\">Camki tilbyder ogs\u00e5 en r\u00e6kke funktioner, der giver dig mulighed for at tilpasse din chatoplevelse. Du kan f.eks. \u00e6ndre skriftst\u00f8rrelse, farve og baggrund i dit chatvindue for at g\u00f8re det mere personligt.<\/li>\n<\/ul>\n<p>Hvis du er p\u00e5 udkig efter en p\u00e5lidelig og funktionsrig online chatplatform, er Camki det perfekte valg!<\/p>\n<h2>Hvordan f\u00e5r man mest muligt ud af Camki?<\/h2>\n<p>Hvis du leder efter en p\u00e5lidelig online chatteplatform, er Camki bestemt v\u00e6rd at tjekke ud. Med sin brugervenlige gr\u00e6nseflade og brede vifte af funktioner g\u00f8r Camki det nemt at holde kontakten med venner og familiemedlemmer, uanset hvor i verden de befinder sig. Her er nogle tips til, hvordan du f\u00e5r mest muligt ud af Camki:<\/p>\n<ol>\n<li style=\"font-weight: 400;\" aria-level=\"1\">Brug s\u00f8gefunktionen til at finde folk, du kender eller gerne vil m\u00f8de. Du kan s\u00f8ge efter folk via deres brugernavn, e-mailadresse eller endda via deres placering.<\/li>\n<li style=\"font-weight: 400;\" aria-level=\"1\">N\u00e5r du har fundet en person, du vil chatte med, skal du bare klikke p\u00e5 vedkommendes navn og begynde at chatte. Camki giver dig ogs\u00e5 mulighed for at foretage videoopkald, s\u00e5 du virkelig kan f\u00f8le, at du taler ansigt til ansigt, uanset hvor du er.<\/li>\n<li style=\"font-weight: 400;\" aria-level=\"1\">Glem ikke at udnytte Camki's andre funktioner, som f.eks. gruppechat og fildeling. De kan v\u00e6re nyttige, n\u00e5r du arbejder p\u00e5 et projekt med venner eller har brug for at dele en stor fil hurtigt og nemt.<\/li>\n<li style=\"font-weight: 400;\" aria-level=\"1\">Og sidst, men ikke mindst, hyg dig! Camki er en fantastisk m\u00e5de at holde kontakten med de mennesker, du holder af, s\u00e5 s\u00f8rg for at have det sjovt, mens du bruger den.<\/li>\n<\/ol>\n<h2>Er det sikkert at bruge?<\/h2>\n<p>N\u00e5r det drejer sig om online chatplatforme, er der altid et sp\u00f8rgsm\u00e5l om sikkerhed. Er det sikkert at bruge Camki? Svaret er ja! Camki er en p\u00e5lidelig online-chatplatform, der tager sikkerhed og privatliv alvorligt. Alle chats p\u00e5 Camki er krypterede fra ende til anden, hvilket betyder, at kun afsender og modtager kan l\u00e6se beskederne. Derudover indsamler eller gemmer Camki ikke nogen brugerdata. S\u00e5 du kan v\u00e6re sikker p\u00e5, at dine samtaler er private og sikre.<\/p>\n<h2>Forebyggende foranstaltninger ved brug af Camki<\/h2>\n<p>Vi ved alle, hvor vigtigt det er at v\u00e6re forsigtig, n\u00e5r man bruger sociale medier og andre onlineplatforme. Det samme g\u00e6lder for Camki, en online chatteplatform. Her er nogle forebyggende foranstaltninger, som du b\u00f8r tage, n\u00e5r du bruger Camki:<\/p>\n<ol>\n<li style=\"font-weight: 400;\" aria-level=\"1\">Del ikke dine personlige oplysninger med nogen p\u00e5 Camki. Dette omfatter dit fulde navn, adresse, telefonnummer, e-mailadresse osv.<\/li>\n<li style=\"font-weight: 400;\" aria-level=\"1\">V\u00e6r forsigtig med de links, du klikker p\u00e5, mens du bruger Camki. Nogle links kan v\u00e6re skadelige og kan f\u00f8re dig til phishing-websteder eller downloade malware til din enhed.<\/li>\n<li style=\"font-weight: 400;\" aria-level=\"1\">Du m\u00e5 ikke deltage i ulovlig aktivitet p\u00e5 Camki. Dette omfatter deling af ophavsretligt beskyttet materiale eller cybermobning.<\/li>\n<li style=\"font-weight: 400;\" aria-level=\"1\">Hvis du st\u00f8der p\u00e5 mist\u00e6nkelig aktivitet p\u00e5 Camki, skal du straks rapportere det til platformens administratorer.<\/li>\n<\/ol>\n<p>Ved at f\u00f8lge disse enkle retningslinjer kan du sikre dig en sikker og behagelig oplevelse, n\u00e5r du bruger Camki!<\/p>\n<h2>Alternativer til Camki<\/h2>\n<p>N\u00e5r det kommer til tilf\u00e6ldige online videochatplatforme, er Camki en af de mest p\u00e5lidelige muligheder derude. Der er dog andre platforme tilg\u00e6ngelige, der tilbyder lignende funktioner og funktionalitet. Her er nogle alternativer til Camki, som du m\u00e5ske vil overveje:<\/p>\n<p><a href=\"https:\/\/strangercam.com\/da\/omegle\/\">Omegle<\/a>: Omegle er en af de mest kendte tilf\u00e6ldige videochatplatforme. Den tilbyder en r\u00e6kke forskellige funktioner, herunder tekst- og videochat, og den er tilg\u00e6ngelig p\u00e5 en r\u00e6kke forskellige enheder.<\/p>\n<p><a href=\"https:\/\/strangercam.com\/da\/chatroulette\/\">Chatroulette<\/a>: Chatroulette er en anden popul\u00e6r videochatplatform, der giver dig mulighed for at komme i kontakt med mennesker fra hele verden. Den tilbyder en r\u00e6kke forskellige funktioner, herunder muligheden for at chatte med folk fra bestemte lande.<\/p>\n<p><a href=\"https:\/\/strangercam.com\/da\/bazoocam\/\">Bazoocam<\/a>: Bazoocam er en anden tilf\u00e6ldig videochatplatform, der tilbyder en r\u00e6kke forskellige funktioner, herunder muligheden for at chatte med folk fra bestemte lande.<\/p>\n<h2>Konklusion<\/h2>\n<p>Vi h\u00e5ber, at du har nydt vores artikel om Camki, en p\u00e5lidelig online chatplatform. Uanset om du leder efter en ny m\u00e5de at kommunikere med dine venner p\u00e5, eller om du bare er nysgerrig p\u00e5, hvad Camki har at tilbyde, tror vi, at du vil blive imponeret over dens funktioner. Hvis du har sp\u00f8rgsm\u00e5l eller kommentarer, er du velkommen til at skrive dem i afsnittet nedenfor.<\/p>","protected":false},"excerpt":{"rendered":"<p>There are many online chatting platforms available today. Among them, Camki is a reliable online chatting platform that offers various features to its users. Some of these features include audio and video call support, instant messaging, file sharing, etc. What is Camki? Camki is a new online chatting platform that has been gaining popularity lately. [&hellip;]<\/p>\n","protected":false},"author":6,"featured_media":559,"parent":0,"menu_order":0,"comment_status":"closed","ping_status":"closed","template":"","meta":{"footnotes":""},"class_list":["post-11142","page","type-page","status-publish","has-post-thumbnail","hentry"],"yoast_head":"<!-- This site is optimized with the Yoast SEO plugin v27.4 - https:\/\/yoast.com\/product\/yoast-seo-wordpress\/ -->\n<title>Camki - Chat with strangers on StrangerCam.com<\/title>\n<meta name=\"description\" content=\"Like Camki? Come chat with more than 5.000.000 strangers on Stranger Cam for Free! Turn on your cam and find new friends &amp; maby a match!\" \/>\n<meta name=\"robots\" content=\"index, follow, max-snippet:-1, max-image-preview:large, max-video-preview:-1\" \/>\n<link rel=\"canonical\" href=\"https:\/\/strangercam.com\/da\/camki\/\" \/>\n<meta property=\"og:locale\" content=\"da_DK\" \/>\n<meta property=\"og:type\" content=\"article\" \/>\n<meta property=\"og:title\" content=\"Camki - Chat with strangers on StrangerCam.com\" \/>\n<meta property=\"og:description\" content=\"Like Camki? Come chat with more than 5.000.000 strangers on Stranger Cam for Free! Turn on your cam and find new friends &amp; maby a match!\" \/>\n<meta property=\"og:url\" content=\"https:\/\/strangercam.com\/da\/camki\/\" \/>\n<meta property=\"og:site_name\" content=\"Strangercam\" \/>\n<meta property=\"article:publisher\" content=\"https:\/\/www.facebook.com\/strangercam\" \/>\n<meta property=\"article:modified_time\" content=\"2023-08-21T09:40:39+00:00\" \/>\n<meta property=\"og:image\" content=\"https:\/\/strangercam.com\/wp-content\/uploads\/2020\/11\/stranger-cam-1.png\" \/>\n\t<meta property=\"og:image:width\" content=\"800\" \/>\n\t<meta property=\"og:image:height\" content=\"800\" \/>\n\t<meta property=\"og:image:type\" content=\"image\/png\" \/>\n<meta name=\"twitter:card\" content=\"summary_large_image\" \/>\n<meta name=\"twitter:site\" content=\"@strangercamapp\" \/>\n<meta name=\"twitter:label1\" content=\"Estimeret l\u00e6setid\" \/>\n\t<meta name=\"twitter:data1\" content=\"6 minutter\" \/>\n<script type=\"application\/ld+json\" class=\"yoast-schema-graph\">{\"@context\":\"https:\\\/\\\/schema.org\",\"@graph\":[{\"@type\":\"WebPage\",\"@id\":\"https:\\\/\\\/strangercam.com\\\/camki\\\/\",\"url\":\"https:\\\/\\\/strangercam.com\\\/camki\\\/\",\"name\":\"Camki - Chat with strangers on StrangerCam.com\",\"isPartOf\":{\"@id\":\"https:\\\/\\\/strangercam.com\\\/#website\"},\"primaryImageOfPage\":{\"@id\":\"https:\\\/\\\/strangercam.com\\\/camki\\\/#primaryimage\"},\"image\":{\"@id\":\"https:\\\/\\\/strangercam.com\\\/camki\\\/#primaryimage\"},\"thumbnailUrl\":\"https:\\\/\\\/strangercam.com\\\/wp-content\\\/uploads\\\/2020\\\/11\\\/stranger-cam-1.png\",\"datePublished\":\"2022-08-11T13:06:21+00:00\",\"dateModified\":\"2023-08-21T09:40:39+00:00\",\"description\":\"Like Camki? Come chat with more than 5.000.000 strangers on Stranger Cam for Free! Turn on your cam and find new friends & maby a match!\",\"breadcrumb\":{\"@id\":\"https:\\\/\\\/strangercam.com\\\/camki\\\/#breadcrumb\"},\"inLanguage\":\"da-DK\",\"potentialAction\":[{\"@type\":\"ReadAction\",\"target\":[\"https:\\\/\\\/strangercam.com\\\/camki\\\/\"]}]},{\"@type\":\"ImageObject\",\"inLanguage\":\"da-DK\",\"@id\":\"https:\\\/\\\/strangercam.com\\\/camki\\\/#primaryimage\",\"url\":\"https:\\\/\\\/strangercam.com\\\/wp-content\\\/uploads\\\/2020\\\/11\\\/stranger-cam-1.png\",\"contentUrl\":\"https:\\\/\\\/strangercam.com\\\/wp-content\\\/uploads\\\/2020\\\/11\\\/stranger-cam-1.png\",\"width\":800,\"height\":800,\"caption\":\"stranger cam random video chat\"},{\"@type\":\"BreadcrumbList\",\"@id\":\"https:\\\/\\\/strangercam.com\\\/camki\\\/#breadcrumb\",\"itemListElement\":[{\"@type\":\"ListItem\",\"position\":1,\"name\":\"Home\",\"item\":\"https:\\\/\\\/strangercam.com\\\/\"},{\"@type\":\"ListItem\",\"position\":2,\"name\":\"Camki\"}]},{\"@type\":\"WebSite\",\"@id\":\"https:\\\/\\\/strangercam.com\\\/#website\",\"url\":\"https:\\\/\\\/strangercam.com\\\/\",\"name\":\"Strangercam\",\"description\":\"Random Video Chat with Strangers\",\"publisher\":{\"@id\":\"https:\\\/\\\/strangercam.com\\\/#organization\"},\"alternateName\":\"Strangercam.com\",\"potentialAction\":[{\"@type\":\"SearchAction\",\"target\":{\"@type\":\"EntryPoint\",\"urlTemplate\":\"https:\\\/\\\/strangercam.com\\\/?s={search_term_string}\"},\"query-input\":{\"@type\":\"PropertyValueSpecification\",\"valueRequired\":true,\"valueName\":\"search_term_string\"}}],\"inLanguage\":\"da-DK\"},{\"@type\":\"Organization\",\"@id\":\"https:\\\/\\\/strangercam.com\\\/#organization\",\"name\":\"Strangercam\",\"alternateName\":\"Strangercam.com\",\"url\":\"https:\\\/\\\/strangercam.com\\\/\",\"logo\":{\"@type\":\"ImageObject\",\"inLanguage\":\"da-DK\",\"@id\":\"https:\\\/\\\/strangercam.com\\\/#\\\/schema\\\/logo\\\/image\\\/\",\"url\":\"https:\\\/\\\/strangercam.com\\\/wp-content\\\/uploads\\\/2020\\\/11\\\/cropped-new-favicon-black.png\",\"contentUrl\":\"https:\\\/\\\/strangercam.com\\\/wp-content\\\/uploads\\\/2020\\\/11\\\/cropped-new-favicon-black.png\",\"width\":512,\"height\":512,\"caption\":\"Strangercam\"},\"image\":{\"@id\":\"https:\\\/\\\/strangercam.com\\\/#\\\/schema\\\/logo\\\/image\\\/\"},\"sameAs\":[\"https:\\\/\\\/www.facebook.com\\\/strangercam\",\"https:\\\/\\\/x.com\\\/strangercamapp\"]}]}<\/script>\n<!-- \/ Yoast SEO plugin. -->","yoast_head_json":{"title":"Camki - Chat med fremmede p\u00e5 StrangerCam.com","description":"Kan du lide Camki? Kom og chat med mere end 5.000.000 fremmede p\u00e5 Stranger Cam helt gratis! T\u00e6nd for dit kamera og find nye venner og m\u00e5ske et match!","robots":{"index":"index","follow":"follow","max-snippet":"max-snippet:-1","max-image-preview":"max-image-preview:large","max-video-preview":"max-video-preview:-1"},"canonical":"https:\/\/strangercam.com\/da\/camki\/","og_locale":"da_DK","og_type":"article","og_title":"Camki - Chat with strangers on StrangerCam.com","og_description":"Like Camki? Come chat with more than 5.000.000 strangers on Stranger Cam for Free! Turn on your cam and find new friends & maby a match!","og_url":"https:\/\/strangercam.com\/da\/camki\/","og_site_name":"Strangercam","article_publisher":"https:\/\/www.facebook.com\/strangercam","article_modified_time":"2023-08-21T09:40:39+00:00","og_image":[{"width":800,"height":800,"url":"https:\/\/strangercam.com\/wp-content\/uploads\/2020\/11\/stranger-cam-1.png","type":"image\/png"}],"twitter_card":"summary_large_image","twitter_site":"@strangercamapp","twitter_misc":{"Estimeret l\u00e6setid":"6 minutter"},"schema":{"@context":"https:\/\/schema.org","@graph":[{"@type":"WebPage","@id":"https:\/\/strangercam.com\/camki\/","url":"https:\/\/strangercam.com\/camki\/","name":"Camki - Chat med fremmede p\u00e5 StrangerCam.com","isPartOf":{"@id":"https:\/\/strangercam.com\/#website"},"primaryImageOfPage":{"@id":"https:\/\/strangercam.com\/camki\/#primaryimage"},"image":{"@id":"https:\/\/strangercam.com\/camki\/#primaryimage"},"thumbnailUrl":"https:\/\/strangercam.com\/wp-content\/uploads\/2020\/11\/stranger-cam-1.png","datePublished":"2022-08-11T13:06:21+00:00","dateModified":"2023-08-21T09:40:39+00:00","description":"Kan du lide Camki? Kom og chat med mere end 5.000.000 fremmede p\u00e5 Stranger Cam helt gratis! T\u00e6nd for dit kamera og find nye venner og m\u00e5ske et match!","breadcrumb":{"@id":"https:\/\/strangercam.com\/camki\/#breadcrumb"},"inLanguage":"da-DK","potentialAction":[{"@type":"ReadAction","target":["https:\/\/strangercam.com\/camki\/"]}]},{"@type":"ImageObject","inLanguage":"da-DK","@id":"https:\/\/strangercam.com\/camki\/#primaryimage","url":"https:\/\/strangercam.com\/wp-content\/uploads\/2020\/11\/stranger-cam-1.png","contentUrl":"https:\/\/strangercam.com\/wp-content\/uploads\/2020\/11\/stranger-cam-1.png","width":800,"height":800,"caption":"stranger cam random video chat"},{"@type":"BreadcrumbList","@id":"https:\/\/strangercam.com\/camki\/#breadcrumb","itemListElement":[{"@type":"ListItem","position":1,"name":"Home","item":"https:\/\/strangercam.com\/"},{"@type":"ListItem","position":2,"name":"Camki"}]},{"@type":"WebSite","@id":"https:\/\/strangercam.com\/#website","url":"https:\/\/strangercam.com\/","name":"Strangercam","description":"Tilf\u00e6ldig videochat med fremmede","publisher":{"@id":"https:\/\/strangercam.com\/#organization"},"alternateName":"Strangercam.com","potentialAction":[{"@type":"SearchAction","target":{"@type":"EntryPoint","urlTemplate":"https:\/\/strangercam.com\/?s={search_term_string}"},"query-input":{"@type":"PropertyValueSpecification","valueRequired":true,"valueName":"search_term_string"}}],"inLanguage":"da-DK"},{"@type":"Organization","@id":"https:\/\/strangercam.com\/#organization","name":"Strangercam","alternateName":"Strangercam.com","url":"https:\/\/strangercam.com\/","logo":{"@type":"ImageObject","inLanguage":"da-DK","@id":"https:\/\/strangercam.com\/#\/schema\/logo\/image\/","url":"https:\/\/strangercam.com\/wp-content\/uploads\/2020\/11\/cropped-new-favicon-black.png","contentUrl":"https:\/\/strangercam.com\/wp-content\/uploads\/2020\/11\/cropped-new-favicon-black.png","width":512,"height":512,"caption":"Strangercam"},"image":{"@id":"https:\/\/strangercam.com\/#\/schema\/logo\/image\/"},"sameAs":["https:\/\/www.facebook.com\/strangercam","https:\/\/x.com\/strangercamapp"]}]}},"_links":{"self":[{"href":"https:\/\/strangercam.com\/da\/wp-json\/wp\/v2\/pages\/11142","targetHints":{"allow":["GET"]}}],"collection":[{"href":"https:\/\/strangercam.com\/da\/wp-json\/wp\/v2\/pages"}],"about":[{"href":"https:\/\/strangercam.com\/da\/wp-json\/wp\/v2\/types\/page"}],"author":[{"embeddable":true,"href":"https:\/\/strangercam.com\/da\/wp-json\/wp\/v2\/users\/6"}],"replies":[{"embeddable":true,"href":"https:\/\/strangercam.com\/da\/wp-json\/wp\/v2\/comments?post=11142"}],"version-history":[{"count":0,"href":"https:\/\/strangercam.com\/da\/wp-json\/wp\/v2\/pages\/11142\/revisions"}],"wp:featuredmedia":[{"embeddable":true,"href":"https:\/\/strangercam.com\/da\/wp-json\/wp\/v2\/media\/559"}],"wp:attachment":[{"href":"https:\/\/strangercam.com\/da\/wp-json\/wp\/v2\/media?parent=11142"}],"curies":[{"name":"wp","href":"https:\/\/api.w.org\/{rel}","templated":true}]}}