{"id":11108,"date":"2022-08-11T14:46:42","date_gmt":"2022-08-11T12:46:42","guid":{"rendered":"https:\/\/strangercam.com\/?page_id=11108"},"modified":"2023-08-21T11:40:39","modified_gmt":"2023-08-21T09:40:39","slug":"camround","status":"publish","type":"page","link":"https:\/\/strangercam.com\/da\/camround\/","title":{"rendered":"Camround"},"content":{"rendered":"<p>I dagens verden er det let at f\u00f8le sig alene og som om, man ikke har nogen at tale med. Hvis du leder efter en m\u00e5de at <a href=\"https:\/\/strangercam.com\/da\/coomeet\/\">m\u00f8des<\/a> nye mennesker og f\u00e5 venner, s\u00e5 er Camround den perfekte app for dig! Camround er en social netv\u00e6rksapp, der s\u00e6tter dig i forbindelse med tilf\u00e6ldige mennesker fra hele verden.<\/p>\n<h2>Hvad er Camround?<\/h2>\n<p>Camround er et nyt socialt netv\u00e6rkssite, der hj\u00e6lper dig med at m\u00f8de tilf\u00e6ldige mennesker og f\u00e5 nye venner. Det er nemt at bruge; du skal bare tilmelde dig og begynde at chatte med folk fra hele verden. Camround er en fantastisk m\u00e5de at m\u00f8de nye mennesker p\u00e5, l\u00e6re om forskellige kulturer og f\u00e5 nye venner.<\/p>\n<h2>Hvordan fungerer Camround?<\/h2>\n<p>Camround er et socialt netv\u00e6rkssted, der forbinder mennesker fra hele verden. Det er nemt at bruge - bare tilmeld dig og begynd at chatte! Du kan m\u00f8de nye venner, l\u00e6re om nye kulturer og m\u00e5ske endda finde k\u00e6rligheden!<\/p>\n<h2>Fordele og ulemper ved Camround<\/h2>\n<p>Hvis du er p\u00e5 udkig efter en ny m\u00e5de at m\u00f8de mennesker og f\u00e5 venner p\u00e5, spekulerer du m\u00e5ske p\u00e5, om Camround er det rigtige valg for dig. I dette blogindl\u00e6g gennemg\u00e5r vi nogle af fordelene og ulemperne ved at bruge Camround, s\u00e5 du selv kan beslutte, om det er det rigtige for dig.<\/p>\n<h4>Fordele:<\/h4>\n<ul>\n<li style=\"font-weight: 400;\" aria-level=\"1\">Camround er en fantastisk m\u00e5de at m\u00f8de nye mennesker fra hele verden p\u00e5. Du kan komme i kontakt med mennesker, der deler dine interesser, og du ved aldrig, hvem du m\u00e5ske m\u00f8der!<\/li>\n<li style=\"font-weight: 400;\" aria-level=\"1\">Det er en sjov og nem m\u00e5de at socialisere p\u00e5 online. Du kan nemt starte samtaler med folk, og der er ikke noget pres for at m\u00f8des personligt, hvis du ikke er klar endnu.<\/li>\n<li style=\"font-weight: 400;\" aria-level=\"1\">Camround er gratis at bruge, s\u00e5 du kan pr\u00f8ve det uden nogen form for forpligtelse.<\/li>\n<\/ul>\n<h4>Ulemper:<\/h4>\n<ul>\n<li style=\"font-weight: 400;\" aria-level=\"1\">Fordi Camround er en tilf\u00e6ldig <a href=\"https:\/\/strangercam.com\/da\/chatroulette\/\">chat<\/a> er der altid mulighed for at st\u00f8de p\u00e5 upassende adf\u00e6rd eller rovdyr. Hvis du ikke er forsigtig, kan du ende i en farlig situation.<\/li>\n<li style=\"font-weight: 400;\" aria-level=\"1\">Der er ogs\u00e5 mulighed for at spilde en masse tid p\u00e5 Camround, hvis man ikke er forsigtig. Det er nemt at blive suget ind i at chatte i timevis uden rigtig at udrette noget.<\/li>\n<\/ul>\n<h2>Vigtige egenskaber ved Camround<\/h2>\n<p>En af de vigtigste funktioner ved Camround er, at det hj\u00e6lper dig med at m\u00f8de tilf\u00e6ldige mennesker og f\u00e5 nye venner. Det er et socialt netv\u00e6rkssite, som giver dig mulighed for at komme i kontakt med mennesker fra hele verden. Det bedste ved Camround er, at det er helt gratis at bruge!<\/p>\n<p>En anden god egenskab ved Camround er, at det giver dig mulighed for at l\u00e6re om forskellige kulturer. Du kan interagere med mennesker fra forskellige dele af verden og l\u00e6re om deres skikke og traditioner. Det er en god m\u00e5de at udvide din horisont p\u00e5 og f\u00e5 en bedre forst\u00e5else af verden omkring dig.<\/p>\n<p>Camround er ogs\u00e5 en god m\u00e5de at holde kontakten med gamle venner p\u00e5. Du kan genoptage kontakten med gamle klassekammerater eller endda f\u00e5 nye venner, der deler dine interesser. Camround g\u00f8r det nemt at holde kontakten med de mennesker, der betyder mest for dig.<\/p>\n<p>S\u00e5 hvad venter du p\u00e5? Tilmeld dig Camround i dag, og begynd at m\u00f8de nye mennesker fra hele verden!<\/p>\n<h2>Hvordan f\u00e5r man mest muligt ud af Camround?<\/h2>\n<p>Hvis du gerne vil have nye venner og m\u00f8de tilf\u00e6ldige mennesker, er Camround det perfekte sted for dig! Her er nogle tips til, hvordan du f\u00e5r mest muligt ud af din oplevelse:<\/p>\n<ul>\n<li style=\"font-weight: 400;\" aria-level=\"1\">V\u00e6r dig selv! Den bedste m\u00e5de at f\u00e5 venner p\u00e5 er at v\u00e6re dig selv og lade andre l\u00e6re dit sande jeg at kende.<\/li>\n<li style=\"font-weight: 400;\" aria-level=\"1\">V\u00e6r \u00e5ben for at m\u00f8de nye mennesker. V\u00e6r ikke bange for at indlede en samtale med nogen, du ikke kender.<\/li>\n<li style=\"font-weight: 400;\" aria-level=\"1\">Bliv involveret i f\u00e6llesskabet. Der foreg\u00e5r altid sjove ting i Camround-f\u00e6llesskabet, s\u00e5 bliv involveret og deltag i det sjove!<\/li>\n<li style=\"font-weight: 400;\" aria-level=\"1\">V\u00e6r respektfuld. Husk at respektere andre og deres meninger, ogs\u00e5 selv om du ikke er enig med dem.<\/li>\n<li style=\"font-weight: 400;\" aria-level=\"1\">S\u00f8rg for at have det sjovt! Det skal v\u00e6re sjovt at f\u00e5 nye venner, s\u00e5 s\u00f8rg for at slappe af og have det sjovt!<\/li>\n<\/ul>\n<h2>Hvorfor er Camround s\u00e5 popul\u00e6r en tilf\u00e6ldig videochat-platform?<\/h2>\n<p><a href=\"https:\/\/strangercam.com\/da\/chathub\/\">Tilf\u00e6ldig videochat<\/a> Platforme som Camround bliver stadig mere popul\u00e6re, da folk leder efter nye m\u00e5der at komme i kontakt med andre online. Der er flere grunde til, at Camround er s\u00e5 popul\u00e6rt, herunder muligheden for at m\u00f8de nye mennesker fra hele verden og det faktum, at det er gratis at bruge.<\/p>\n<p>En af de bedste ting ved Camround er, at det giver brugerne mulighed for at m\u00f8de nye mennesker fra hele verden. Uanset hvor du er, kan du logge ind og begynde at chatte med en ny person. Det er en fantastisk m\u00e5de at f\u00e5 nye venner p\u00e5 og udvide sin sociale cirkel.<\/p>\n<p>En anden grund til, at Camround er s\u00e5 popul\u00e6r, er, at den er gratis at bruge. Du skal ikke betale noget for at tilmelde dig eller chatte, hvilket g\u00f8r det tilg\u00e6ngeligt for alle. Det betyder ogs\u00e5, at der ikke er nogen reklamer, s\u00e5 du kan nyde dine samtaler uden afbrydelser.<\/p>\n<p>Hvis du leder efter en sjov og nem m\u00e5de at m\u00f8de nye mennesker p\u00e5, s\u00e5 er Camround helt sikkert v\u00e6rd at tjekke ud.<\/p>\n<h2>Hvad kan man forvente, n\u00e5r man bruger en tilf\u00e6ldig videochatplatform?<\/h2>\n<p>En tilf\u00e6ldig <a href=\"https:\/\/strangercam.com\/da\/rabbit-video-chat\/\">videochat<\/a> kan v\u00e6re en god m\u00e5de at m\u00f8de nye mennesker og f\u00e5 nye venner p\u00e5. Der er dog nogle ting, du b\u00f8r huske p\u00e5, n\u00e5r du bruger s\u00e5dan en platform.<\/p>\n<p>For det f\u00f8rste skal du huske, at ikke alle, du m\u00f8der p\u00e5 en tilf\u00e6ldig videochatplatform, er dem, de giver sig ud for at v\u00e6re. Der findes svindlere og rovdyr, som bruger disse platforme til at udnytte intetanende brugere. S\u00f8rg for at bruge din sunde fornuft og v\u00e6r forsigtig, n\u00e5r du interagerer med nogen, du m\u00f8der p\u00e5 en tilf\u00e6ldig videochatplatform.<\/p>\n<p>For det andet skal du v\u00e6re opm\u00e6rksom p\u00e5, at nogle af de mennesker, du m\u00f8der p\u00e5 en tilf\u00e6ldig videochatplatform, m\u00e5ske ikke er interesserede i at tale med dig. Hvis nogen virker uinteresserede eller ikke reagerer, skal du ikke tage det personligt, men bare g\u00e5 videre til en anden.<\/p>\n<p>Endelig skal du ikke udlevere personlige oplysninger eller sende penge til nogen, du m\u00f8der p\u00e5 en tilf\u00e6ldig videochatplatform.<\/p>\n<h2>Er det sikkert at bruge?<\/h2>\n<p>N\u00e5r det g\u00e6lder onlinesikkerhed, tager Camround forholdsregler for at sikre, at brugerne er beskyttet mod svindlere og bedragere. Siden bruger verifikationssystemer til at bekr\u00e6fte sine medlemmers identitet, og den har ogs\u00e5 en streng antispam-politik. Derudover tilbyder Camround en sikker tilstand for brugere, der \u00f8nsker at begr\u00e6nse deres interaktioner til kun dem, der er blevet verificeret af webstedet.<\/p>\n<h2>Alternativer til Camround<\/h2>\n<p>Leder du efter nogle alternativer til Camround? Her er et par andre m\u00e5der at m\u00f8de tilf\u00e6ldige mennesker p\u00e5 og f\u00e5 nye venner:<\/p>\n<ul>\n<li style=\"font-weight: 400;\" aria-level=\"1\">Cam4 - Cam4 er en side, der giver dig mulighed for at videochatte med tilf\u00e6ldige mennesker. Det minder meget om Camround, bortset fra at det ikke har de samme funktioner.<\/li>\n<li style=\"font-weight: 400;\" aria-level=\"1\"><a href=\"https:\/\/strangercam.com\/da\/omegle\/\">Omegle<\/a> er en anden side, der giver dig mulighed for at videochatte med tilf\u00e6ldige mennesker. Det har ikke s\u00e5 mange funktioner som Camround, men det er stadig en god mulighed.<\/li>\n<li style=\"font-weight: 400;\" aria-level=\"1\">Chaturbate: Chaturbate er et godt alternativ til Camround og er en live webcam-platform med millioner af brugere.<\/li>\n<\/ul>\n<h2>Konklusion<\/h2>\n<p>Camround er en fantastisk app til at f\u00e5 nye venner og m\u00f8de tilf\u00e6ldige mennesker. Den er nem at bruge, og den er gratis, s\u00e5 der er ikke noget, der forhindrer dig i at pr\u00f8ve den. Uanset om du leder efter nogen at chatte med eller gerne vil m\u00f8des med nogen personligt, er Camround bestemt v\u00e6rd at tjekke ud.<\/p>","protected":false},"excerpt":{"rendered":"<p>In today&#8217;s world, it&#8217;s easy to feel alone and like you don&#8217;t have anyone to talk to. If you&#8217;re looking for a way to meet new people and make friends, Camround is the perfect app for you! Camround is a social networking app that connects you with random people from all over the world. What [&hellip;]<\/p>\n","protected":false},"author":6,"featured_media":559,"parent":0,"menu_order":0,"comment_status":"closed","ping_status":"closed","template":"","meta":{"footnotes":""},"class_list":["post-11108","page","type-page","status-publish","has-post-thumbnail","hentry"],"yoast_head":"<!-- This site is optimized with the Yoast SEO plugin v26.9 - https:\/\/yoast.com\/product\/yoast-seo-wordpress\/ -->\n<title>Camround - Chat with strangers on StrangerCam.com<\/title>\n<meta name=\"description\" content=\"Like Camround? Come chat with more than 5.000.000 strangers on Stranger Cam for Free! Turn on your cam and find new friends &amp; maby a match!\" \/>\n<meta name=\"robots\" content=\"index, follow, max-snippet:-1, max-image-preview:large, max-video-preview:-1\" \/>\n<link rel=\"canonical\" href=\"https:\/\/strangercam.com\/da\/camround\/\" \/>\n<meta property=\"og:locale\" content=\"da_DK\" \/>\n<meta property=\"og:type\" content=\"article\" \/>\n<meta property=\"og:title\" content=\"Camround - Chat with strangers on StrangerCam.com\" \/>\n<meta property=\"og:description\" content=\"Like Camround? Come chat with more than 5.000.000 strangers on Stranger Cam for Free! Turn on your cam and find new friends &amp; maby a match!\" \/>\n<meta property=\"og:url\" content=\"https:\/\/strangercam.com\/da\/camround\/\" \/>\n<meta property=\"og:site_name\" content=\"Strangercam\" \/>\n<meta property=\"article:publisher\" content=\"https:\/\/www.facebook.com\/strangercam\" \/>\n<meta property=\"article:modified_time\" content=\"2023-08-21T09:40:39+00:00\" \/>\n<meta property=\"og:image\" content=\"https:\/\/strangercam.com\/wp-content\/uploads\/2020\/11\/stranger-cam-1.png\" \/>\n\t<meta property=\"og:image:width\" content=\"800\" \/>\n\t<meta property=\"og:image:height\" content=\"800\" \/>\n\t<meta property=\"og:image:type\" content=\"image\/png\" \/>\n<meta name=\"twitter:card\" content=\"summary_large_image\" \/>\n<meta name=\"twitter:site\" content=\"@strangercamapp\" \/>\n<meta name=\"twitter:label1\" content=\"Estimeret l\u00e6setid\" \/>\n\t<meta name=\"twitter:data1\" content=\"6 minutter\" \/>\n<script type=\"application\/ld+json\" class=\"yoast-schema-graph\">{\"@context\":\"https:\/\/schema.org\",\"@graph\":[{\"@type\":\"WebPage\",\"@id\":\"https:\/\/strangercam.com\/camround\/\",\"url\":\"https:\/\/strangercam.com\/camround\/\",\"name\":\"Camround - Chat with strangers on StrangerCam.com\",\"isPartOf\":{\"@id\":\"https:\/\/strangercam.com\/#website\"},\"primaryImageOfPage\":{\"@id\":\"https:\/\/strangercam.com\/camround\/#primaryimage\"},\"image\":{\"@id\":\"https:\/\/strangercam.com\/camround\/#primaryimage\"},\"thumbnailUrl\":\"https:\/\/strangercam.com\/wp-content\/uploads\/2020\/11\/stranger-cam-1.png\",\"datePublished\":\"2022-08-11T12:46:42+00:00\",\"dateModified\":\"2023-08-21T09:40:39+00:00\",\"description\":\"Like Camround? Come chat with more than 5.000.000 strangers on Stranger Cam for Free! Turn on your cam and find new friends & maby a match!\",\"breadcrumb\":{\"@id\":\"https:\/\/strangercam.com\/camround\/#breadcrumb\"},\"inLanguage\":\"da-DK\",\"potentialAction\":[{\"@type\":\"ReadAction\",\"target\":[\"https:\/\/strangercam.com\/camround\/\"]}]},{\"@type\":\"ImageObject\",\"inLanguage\":\"da-DK\",\"@id\":\"https:\/\/strangercam.com\/camround\/#primaryimage\",\"url\":\"https:\/\/strangercam.com\/wp-content\/uploads\/2020\/11\/stranger-cam-1.png\",\"contentUrl\":\"https:\/\/strangercam.com\/wp-content\/uploads\/2020\/11\/stranger-cam-1.png\",\"width\":800,\"height\":800,\"caption\":\"stranger cam random video chat\"},{\"@type\":\"BreadcrumbList\",\"@id\":\"https:\/\/strangercam.com\/camround\/#breadcrumb\",\"itemListElement\":[{\"@type\":\"ListItem\",\"position\":1,\"name\":\"Home\",\"item\":\"https:\/\/strangercam.com\/\"},{\"@type\":\"ListItem\",\"position\":2,\"name\":\"Camround\"}]},{\"@type\":\"WebSite\",\"@id\":\"https:\/\/strangercam.com\/#website\",\"url\":\"https:\/\/strangercam.com\/\",\"name\":\"Strangercam\",\"description\":\"Random Video Chat with Strangers\",\"publisher\":{\"@id\":\"https:\/\/strangercam.com\/#organization\"},\"alternateName\":\"Strangercam.com\",\"potentialAction\":[{\"@type\":\"SearchAction\",\"target\":{\"@type\":\"EntryPoint\",\"urlTemplate\":\"https:\/\/strangercam.com\/?s={search_term_string}\"},\"query-input\":{\"@type\":\"PropertyValueSpecification\",\"valueRequired\":true,\"valueName\":\"search_term_string\"}}],\"inLanguage\":\"da-DK\"},{\"@type\":\"Organization\",\"@id\":\"https:\/\/strangercam.com\/#organization\",\"name\":\"Strangercam\",\"alternateName\":\"Strangercam.com\",\"url\":\"https:\/\/strangercam.com\/\",\"logo\":{\"@type\":\"ImageObject\",\"inLanguage\":\"da-DK\",\"@id\":\"https:\/\/strangercam.com\/#\/schema\/logo\/image\/\",\"url\":\"https:\/\/strangercam.com\/wp-content\/uploads\/2020\/11\/cropped-new-favicon-black.png\",\"contentUrl\":\"https:\/\/strangercam.com\/wp-content\/uploads\/2020\/11\/cropped-new-favicon-black.png\",\"width\":512,\"height\":512,\"caption\":\"Strangercam\"},\"image\":{\"@id\":\"https:\/\/strangercam.com\/#\/schema\/logo\/image\/\"},\"sameAs\":[\"https:\/\/www.facebook.com\/strangercam\",\"https:\/\/x.com\/strangercamapp\"]}]}<\/script>\n<!-- \/ Yoast SEO plugin. -->","yoast_head_json":{"title":"Camround - Chat med fremmede p\u00e5 StrangerCam.com","description":"Kan du lide Camround? Kom og chat med mere end 5.000.000 fremmede p\u00e5 Stranger Cam helt gratis! T\u00e6nd for dit kamera og find nye venner og m\u00e5ske et match!","robots":{"index":"index","follow":"follow","max-snippet":"max-snippet:-1","max-image-preview":"max-image-preview:large","max-video-preview":"max-video-preview:-1"},"canonical":"https:\/\/strangercam.com\/da\/camround\/","og_locale":"da_DK","og_type":"article","og_title":"Camround - Chat with strangers on StrangerCam.com","og_description":"Like Camround? Come chat with more than 5.000.000 strangers on Stranger Cam for Free! Turn on your cam and find new friends & maby a match!","og_url":"https:\/\/strangercam.com\/da\/camround\/","og_site_name":"Strangercam","article_publisher":"https:\/\/www.facebook.com\/strangercam","article_modified_time":"2023-08-21T09:40:39+00:00","og_image":[{"width":800,"height":800,"url":"https:\/\/strangercam.com\/wp-content\/uploads\/2020\/11\/stranger-cam-1.png","type":"image\/png"}],"twitter_card":"summary_large_image","twitter_site":"@strangercamapp","twitter_misc":{"Estimeret l\u00e6setid":"6 minutter"},"schema":{"@context":"https:\/\/schema.org","@graph":[{"@type":"WebPage","@id":"https:\/\/strangercam.com\/camround\/","url":"https:\/\/strangercam.com\/camround\/","name":"Camround - Chat med fremmede p\u00e5 StrangerCam.com","isPartOf":{"@id":"https:\/\/strangercam.com\/#website"},"primaryImageOfPage":{"@id":"https:\/\/strangercam.com\/camround\/#primaryimage"},"image":{"@id":"https:\/\/strangercam.com\/camround\/#primaryimage"},"thumbnailUrl":"https:\/\/strangercam.com\/wp-content\/uploads\/2020\/11\/stranger-cam-1.png","datePublished":"2022-08-11T12:46:42+00:00","dateModified":"2023-08-21T09:40:39+00:00","description":"Kan du lide Camround? Kom og chat med mere end 5.000.000 fremmede p\u00e5 Stranger Cam helt gratis! T\u00e6nd for dit kamera og find nye venner og m\u00e5ske et match!","breadcrumb":{"@id":"https:\/\/strangercam.com\/camround\/#breadcrumb"},"inLanguage":"da-DK","potentialAction":[{"@type":"ReadAction","target":["https:\/\/strangercam.com\/camround\/"]}]},{"@type":"ImageObject","inLanguage":"da-DK","@id":"https:\/\/strangercam.com\/camround\/#primaryimage","url":"https:\/\/strangercam.com\/wp-content\/uploads\/2020\/11\/stranger-cam-1.png","contentUrl":"https:\/\/strangercam.com\/wp-content\/uploads\/2020\/11\/stranger-cam-1.png","width":800,"height":800,"caption":"stranger cam random video chat"},{"@type":"BreadcrumbList","@id":"https:\/\/strangercam.com\/camround\/#breadcrumb","itemListElement":[{"@type":"ListItem","position":1,"name":"Home","item":"https:\/\/strangercam.com\/"},{"@type":"ListItem","position":2,"name":"Camround"}]},{"@type":"WebSite","@id":"https:\/\/strangercam.com\/#website","url":"https:\/\/strangercam.com\/","name":"Strangercam","description":"Tilf\u00e6ldig videochat med fremmede","publisher":{"@id":"https:\/\/strangercam.com\/#organization"},"alternateName":"Strangercam.com","potentialAction":[{"@type":"SearchAction","target":{"@type":"EntryPoint","urlTemplate":"https:\/\/strangercam.com\/?s={search_term_string}"},"query-input":{"@type":"PropertyValueSpecification","valueRequired":true,"valueName":"search_term_string"}}],"inLanguage":"da-DK"},{"@type":"Organization","@id":"https:\/\/strangercam.com\/#organization","name":"Strangercam","alternateName":"Strangercam.com","url":"https:\/\/strangercam.com\/","logo":{"@type":"ImageObject","inLanguage":"da-DK","@id":"https:\/\/strangercam.com\/#\/schema\/logo\/image\/","url":"https:\/\/strangercam.com\/wp-content\/uploads\/2020\/11\/cropped-new-favicon-black.png","contentUrl":"https:\/\/strangercam.com\/wp-content\/uploads\/2020\/11\/cropped-new-favicon-black.png","width":512,"height":512,"caption":"Strangercam"},"image":{"@id":"https:\/\/strangercam.com\/#\/schema\/logo\/image\/"},"sameAs":["https:\/\/www.facebook.com\/strangercam","https:\/\/x.com\/strangercamapp"]}]}},"_links":{"self":[{"href":"https:\/\/strangercam.com\/da\/wp-json\/wp\/v2\/pages\/11108","targetHints":{"allow":["GET"]}}],"collection":[{"href":"https:\/\/strangercam.com\/da\/wp-json\/wp\/v2\/pages"}],"about":[{"href":"https:\/\/strangercam.com\/da\/wp-json\/wp\/v2\/types\/page"}],"author":[{"embeddable":true,"href":"https:\/\/strangercam.com\/da\/wp-json\/wp\/v2\/users\/6"}],"replies":[{"embeddable":true,"href":"https:\/\/strangercam.com\/da\/wp-json\/wp\/v2\/comments?post=11108"}],"version-history":[{"count":0,"href":"https:\/\/strangercam.com\/da\/wp-json\/wp\/v2\/pages\/11108\/revisions"}],"wp:featuredmedia":[{"embeddable":true,"href":"https:\/\/strangercam.com\/da\/wp-json\/wp\/v2\/media\/559"}],"wp:attachment":[{"href":"https:\/\/strangercam.com\/da\/wp-json\/wp\/v2\/media?parent=11108"}],"curies":[{"name":"wp","href":"https:\/\/api.w.org\/{rel}","templated":true}]}}