{"id":10182,"date":"2022-05-30T14:44:10","date_gmt":"2022-05-30T12:44:10","guid":{"rendered":"https:\/\/strangercam.com\/?page_id=10182"},"modified":"2023-08-21T12:24:41","modified_gmt":"2023-08-21T10:24:41","slug":"funyo","status":"publish","type":"page","link":"https:\/\/strangercam.com\/da\/funyo\/","title":{"rendered":"Funyo"},"content":{"rendered":"<p>Ved hj\u00e6lp af dit kamera hj\u00e6lper FunYo med at s\u00e6tte tilf\u00e6ldige mennesker fra hele verden i forbindelse med hinanden. Det er ikke n\u00f8dvendigt at registrere sig, og FunYo er helt gratis at bruge! Tjenesten er enkel at bruge, og vi tilbyder sp\u00e6ndende funktioner som f.eks. muligheden for at interagere med personer i bestemte lande eller bare med <a href=\"https:\/\/strangercam.com\/da\/videochat-med-piger\/\">piger<\/a>.<\/p>\n<h3>De vigtigste funktioner i Funyo Dating App<\/h3>\n<p>I det f\u00f8lgende har vi beskrevet alle de detaljer, du b\u00f8r vide om datingappen Funyo:<\/p>\n<h4>Funyo er en app, der giver dig mulighed for at chatte med tilf\u00e6ldige fremmede.<\/h4>\n<p>Gratis tilf\u00e6ldig <a href=\"https:\/\/strangercam.com\/da\/chatroulette\/\">chat<\/a> p\u00e5 Funyo er den ideelle m\u00e5de at interagere med nye mennesker fra hele verden. Vi har skabt et simpelt system, der koncentrerer sig om at g\u00f8re det nemt for jer alle at linke til webcam-chats, der finder sted i \u00f8jeblikket! Random Chat, Webcam Girls og Gay Chat er tre intelligente m\u00e5der at <a href=\"https:\/\/strangercam.com\/da\/bazoocam\/\">cam<\/a> tale med fremmede. Hver eneste <a href=\"https:\/\/strangercam.com\/da\/chathub\/\">Tilf\u00e6ldig videochat<\/a> systemet forbinder dig med hundredvis af andre mennesker, der livestreamer deres webkameraer og \u00f8nsker at <a href=\"https:\/\/strangercam.com\/da\/coomeet\/\">m\u00f8des<\/a> nye mennesker ligesom dig. Begynd at socialisere i dag med Funyo's trendy og underholdende webcam-samtaler!<\/p>\n<h4>Chat med piger gratis<\/h4>\n<p>Er du tr\u00e6t af at skulle betale skjulte gebyrer for at tale med smukke cam-piger online? Funyo har svaret til dig med gratis pige-webcams til alle! Du kan udforske et stort udvalg af fantastiske live-kameraer og videoopkald med piger i en uendelig periode gratis i vores cam-pige sektion. Oplev piger fra hele verden, der streamer deres webkameraer i en r\u00e6kke forskellige kategorier, og begynd at chatte gratis med dem lige nu!<\/p>\n<h4>Gratis chat for homoseksuelle<\/h4>\n<p>Med Funyo's online gratis homoseksuelle videoopkald kan du finde tusindvis af m\u00e6nd, der viser deres webkameraer lige nu! Tilf\u00e6ldig homoseksuel chat, i mods\u00e6tning til almindelig tilf\u00e6ldig personchat, forbinder dig kun med m\u00e6nd. Homoseksuelle, biseksuelle og nysgerrige m\u00e6nd fra hele verden er klar til at m\u00f8de dig. De fleste homoseksuelle cam-sider kr\u00e6ver betaling for at f\u00e5 adgang til homoseksuelle cams, men p\u00e5 Funyo s\u00e6tter vi dig i kontakt med faktiske mennesker, s\u00e5 du kan have et homoseksuelt kamera til webcam-chat og f\u00e5 lidt gl\u00e6de.<\/p>\n<h3>Konklusion<\/h3>\n<p>Chatrandom har taget store spring i forhold til Funyo med hensyn til brugerbase, med flere mennesker online p\u00e5 Funyo. S\u00e5dan blev det af samme grund. Men Funyo har stadig ogs\u00e5 nok individer til at g\u00f8re det interessant at bes\u00f8ge. S\u00e5 g\u00e5 ind p\u00e5 www.funyo.com og begynd at nyde hver eneste del af dit liv.<\/p>","protected":false},"excerpt":{"rendered":"<p>Using your camera, FunYo helps to connect random people from all over the world. There is no need to register, and FunYo is completely free to use! The service is simple to use, and we provide exciting features such as the option to interact with individuals in specified countries or just with girls. Main Features [&hellip;]<\/p>\n","protected":false},"author":6,"featured_media":559,"parent":0,"menu_order":0,"comment_status":"closed","ping_status":"closed","template":"","meta":{"footnotes":""},"class_list":["post-10182","page","type-page","status-publish","has-post-thumbnail","hentry"],"yoast_head":"<!-- This site is optimized with the Yoast SEO plugin v26.9 - https:\/\/yoast.com\/product\/yoast-seo-wordpress\/ -->\n<title>Funyo - Chat Roulette Anonymously - Cam on StrangerCam.com<\/title>\n<meta name=\"description\" content=\"Like Funyo? Come chat with more than 5.000.000 strangers on Stranger Cam for Free! Turn on your cam and find new friends &amp; maby a match!\" \/>\n<meta name=\"robots\" content=\"index, follow, max-snippet:-1, max-image-preview:large, max-video-preview:-1\" \/>\n<link rel=\"canonical\" href=\"https:\/\/strangercam.com\/da\/funyo\/\" \/>\n<meta property=\"og:locale\" content=\"da_DK\" \/>\n<meta property=\"og:type\" content=\"article\" \/>\n<meta property=\"og:title\" content=\"Funyo - Chat Roulette Anonymously - Cam on StrangerCam.com\" \/>\n<meta property=\"og:description\" content=\"Like Funyo? Come chat with more than 5.000.000 strangers on Stranger Cam for Free! Turn on your cam and find new friends &amp; maby a match!\" \/>\n<meta property=\"og:url\" content=\"https:\/\/strangercam.com\/da\/funyo\/\" \/>\n<meta property=\"og:site_name\" content=\"Strangercam\" \/>\n<meta property=\"article:publisher\" content=\"https:\/\/www.facebook.com\/strangercam\" \/>\n<meta property=\"article:modified_time\" content=\"2023-08-21T10:24:41+00:00\" \/>\n<meta property=\"og:image\" content=\"https:\/\/strangercam.com\/wp-content\/uploads\/2020\/11\/stranger-cam-1.png\" \/>\n\t<meta property=\"og:image:width\" content=\"800\" \/>\n\t<meta property=\"og:image:height\" content=\"800\" \/>\n\t<meta property=\"og:image:type\" content=\"image\/png\" \/>\n<meta name=\"twitter:card\" content=\"summary_large_image\" \/>\n<meta name=\"twitter:site\" content=\"@strangercamapp\" \/>\n<meta name=\"twitter:label1\" content=\"Estimeret l\u00e6setid\" \/>\n\t<meta name=\"twitter:data1\" content=\"2 minutter\" \/>\n<script type=\"application\/ld+json\" class=\"yoast-schema-graph\">{\"@context\":\"https:\/\/schema.org\",\"@graph\":[{\"@type\":\"WebPage\",\"@id\":\"https:\/\/strangercam.com\/funyo\/\",\"url\":\"https:\/\/strangercam.com\/funyo\/\",\"name\":\"Funyo - Chat Roulette Anonymously - Cam on StrangerCam.com\",\"isPartOf\":{\"@id\":\"https:\/\/strangercam.com\/#website\"},\"primaryImageOfPage\":{\"@id\":\"https:\/\/strangercam.com\/funyo\/#primaryimage\"},\"image\":{\"@id\":\"https:\/\/strangercam.com\/funyo\/#primaryimage\"},\"thumbnailUrl\":\"https:\/\/strangercam.com\/wp-content\/uploads\/2020\/11\/stranger-cam-1.png\",\"datePublished\":\"2022-05-30T12:44:10+00:00\",\"dateModified\":\"2023-08-21T10:24:41+00:00\",\"description\":\"Like Funyo? Come chat with more than 5.000.000 strangers on Stranger Cam for Free! Turn on your cam and find new friends & maby a match!\",\"breadcrumb\":{\"@id\":\"https:\/\/strangercam.com\/funyo\/#breadcrumb\"},\"inLanguage\":\"da-DK\",\"potentialAction\":[{\"@type\":\"ReadAction\",\"target\":[\"https:\/\/strangercam.com\/funyo\/\"]}]},{\"@type\":\"ImageObject\",\"inLanguage\":\"da-DK\",\"@id\":\"https:\/\/strangercam.com\/funyo\/#primaryimage\",\"url\":\"https:\/\/strangercam.com\/wp-content\/uploads\/2020\/11\/stranger-cam-1.png\",\"contentUrl\":\"https:\/\/strangercam.com\/wp-content\/uploads\/2020\/11\/stranger-cam-1.png\",\"width\":800,\"height\":800,\"caption\":\"stranger cam random video chat\"},{\"@type\":\"BreadcrumbList\",\"@id\":\"https:\/\/strangercam.com\/funyo\/#breadcrumb\",\"itemListElement\":[{\"@type\":\"ListItem\",\"position\":1,\"name\":\"Home\",\"item\":\"https:\/\/strangercam.com\/\"},{\"@type\":\"ListItem\",\"position\":2,\"name\":\"Funyo\"}]},{\"@type\":\"WebSite\",\"@id\":\"https:\/\/strangercam.com\/#website\",\"url\":\"https:\/\/strangercam.com\/\",\"name\":\"Strangercam\",\"description\":\"Random Video Chat with Strangers\",\"publisher\":{\"@id\":\"https:\/\/strangercam.com\/#organization\"},\"alternateName\":\"Strangercam.com\",\"potentialAction\":[{\"@type\":\"SearchAction\",\"target\":{\"@type\":\"EntryPoint\",\"urlTemplate\":\"https:\/\/strangercam.com\/?s={search_term_string}\"},\"query-input\":{\"@type\":\"PropertyValueSpecification\",\"valueRequired\":true,\"valueName\":\"search_term_string\"}}],\"inLanguage\":\"da-DK\"},{\"@type\":\"Organization\",\"@id\":\"https:\/\/strangercam.com\/#organization\",\"name\":\"Strangercam\",\"alternateName\":\"Strangercam.com\",\"url\":\"https:\/\/strangercam.com\/\",\"logo\":{\"@type\":\"ImageObject\",\"inLanguage\":\"da-DK\",\"@id\":\"https:\/\/strangercam.com\/#\/schema\/logo\/image\/\",\"url\":\"https:\/\/strangercam.com\/wp-content\/uploads\/2020\/11\/cropped-new-favicon-black.png\",\"contentUrl\":\"https:\/\/strangercam.com\/wp-content\/uploads\/2020\/11\/cropped-new-favicon-black.png\",\"width\":512,\"height\":512,\"caption\":\"Strangercam\"},\"image\":{\"@id\":\"https:\/\/strangercam.com\/#\/schema\/logo\/image\/\"},\"sameAs\":[\"https:\/\/www.facebook.com\/strangercam\",\"https:\/\/x.com\/strangercamapp\"]}]}<\/script>\n<!-- \/ Yoast SEO plugin. -->","yoast_head_json":{"title":"Funyo - Chat roulette anonymt - Cam p\u00e5 StrangerCam.com","description":"Kan du lide Funyo? Kom og chat med mere end 5.000.000 fremmede p\u00e5 Stranger Cam helt gratis! T\u00e6nd for dit kamera og find nye venner og m\u00e5ske et match!","robots":{"index":"index","follow":"follow","max-snippet":"max-snippet:-1","max-image-preview":"max-image-preview:large","max-video-preview":"max-video-preview:-1"},"canonical":"https:\/\/strangercam.com\/da\/funyo\/","og_locale":"da_DK","og_type":"article","og_title":"Funyo - Chat Roulette Anonymously - Cam on StrangerCam.com","og_description":"Like Funyo? Come chat with more than 5.000.000 strangers on Stranger Cam for Free! Turn on your cam and find new friends & maby a match!","og_url":"https:\/\/strangercam.com\/da\/funyo\/","og_site_name":"Strangercam","article_publisher":"https:\/\/www.facebook.com\/strangercam","article_modified_time":"2023-08-21T10:24:41+00:00","og_image":[{"width":800,"height":800,"url":"https:\/\/strangercam.com\/wp-content\/uploads\/2020\/11\/stranger-cam-1.png","type":"image\/png"}],"twitter_card":"summary_large_image","twitter_site":"@strangercamapp","twitter_misc":{"Estimeret l\u00e6setid":"2 minutter"},"schema":{"@context":"https:\/\/schema.org","@graph":[{"@type":"WebPage","@id":"https:\/\/strangercam.com\/funyo\/","url":"https:\/\/strangercam.com\/funyo\/","name":"Funyo - Chat roulette anonymt - Cam p\u00e5 StrangerCam.com","isPartOf":{"@id":"https:\/\/strangercam.com\/#website"},"primaryImageOfPage":{"@id":"https:\/\/strangercam.com\/funyo\/#primaryimage"},"image":{"@id":"https:\/\/strangercam.com\/funyo\/#primaryimage"},"thumbnailUrl":"https:\/\/strangercam.com\/wp-content\/uploads\/2020\/11\/stranger-cam-1.png","datePublished":"2022-05-30T12:44:10+00:00","dateModified":"2023-08-21T10:24:41+00:00","description":"Kan du lide Funyo? Kom og chat med mere end 5.000.000 fremmede p\u00e5 Stranger Cam helt gratis! T\u00e6nd for dit kamera og find nye venner og m\u00e5ske et match!","breadcrumb":{"@id":"https:\/\/strangercam.com\/funyo\/#breadcrumb"},"inLanguage":"da-DK","potentialAction":[{"@type":"ReadAction","target":["https:\/\/strangercam.com\/funyo\/"]}]},{"@type":"ImageObject","inLanguage":"da-DK","@id":"https:\/\/strangercam.com\/funyo\/#primaryimage","url":"https:\/\/strangercam.com\/wp-content\/uploads\/2020\/11\/stranger-cam-1.png","contentUrl":"https:\/\/strangercam.com\/wp-content\/uploads\/2020\/11\/stranger-cam-1.png","width":800,"height":800,"caption":"stranger cam random video chat"},{"@type":"BreadcrumbList","@id":"https:\/\/strangercam.com\/funyo\/#breadcrumb","itemListElement":[{"@type":"ListItem","position":1,"name":"Home","item":"https:\/\/strangercam.com\/"},{"@type":"ListItem","position":2,"name":"Funyo"}]},{"@type":"WebSite","@id":"https:\/\/strangercam.com\/#website","url":"https:\/\/strangercam.com\/","name":"Strangercam","description":"Tilf\u00e6ldig videochat med fremmede","publisher":{"@id":"https:\/\/strangercam.com\/#organization"},"alternateName":"Strangercam.com","potentialAction":[{"@type":"SearchAction","target":{"@type":"EntryPoint","urlTemplate":"https:\/\/strangercam.com\/?s={search_term_string}"},"query-input":{"@type":"PropertyValueSpecification","valueRequired":true,"valueName":"search_term_string"}}],"inLanguage":"da-DK"},{"@type":"Organization","@id":"https:\/\/strangercam.com\/#organization","name":"Strangercam","alternateName":"Strangercam.com","url":"https:\/\/strangercam.com\/","logo":{"@type":"ImageObject","inLanguage":"da-DK","@id":"https:\/\/strangercam.com\/#\/schema\/logo\/image\/","url":"https:\/\/strangercam.com\/wp-content\/uploads\/2020\/11\/cropped-new-favicon-black.png","contentUrl":"https:\/\/strangercam.com\/wp-content\/uploads\/2020\/11\/cropped-new-favicon-black.png","width":512,"height":512,"caption":"Strangercam"},"image":{"@id":"https:\/\/strangercam.com\/#\/schema\/logo\/image\/"},"sameAs":["https:\/\/www.facebook.com\/strangercam","https:\/\/x.com\/strangercamapp"]}]}},"_links":{"self":[{"href":"https:\/\/strangercam.com\/da\/wp-json\/wp\/v2\/pages\/10182","targetHints":{"allow":["GET"]}}],"collection":[{"href":"https:\/\/strangercam.com\/da\/wp-json\/wp\/v2\/pages"}],"about":[{"href":"https:\/\/strangercam.com\/da\/wp-json\/wp\/v2\/types\/page"}],"author":[{"embeddable":true,"href":"https:\/\/strangercam.com\/da\/wp-json\/wp\/v2\/users\/6"}],"replies":[{"embeddable":true,"href":"https:\/\/strangercam.com\/da\/wp-json\/wp\/v2\/comments?post=10182"}],"version-history":[{"count":0,"href":"https:\/\/strangercam.com\/da\/wp-json\/wp\/v2\/pages\/10182\/revisions"}],"wp:featuredmedia":[{"embeddable":true,"href":"https:\/\/strangercam.com\/da\/wp-json\/wp\/v2\/media\/559"}],"wp:attachment":[{"href":"https:\/\/strangercam.com\/da\/wp-json\/wp\/v2\/media?parent=10182"}],"curies":[{"name":"wp","href":"https:\/\/api.w.org\/{rel}","templated":true}]}}