{"id":10138,"date":"2022-05-30T14:33:56","date_gmt":"2022-05-30T12:33:56","guid":{"rendered":"https:\/\/strangercam.com\/?page_id=10138"},"modified":"2023-08-21T12:24:42","modified_gmt":"2023-08-21T10:24:42","slug":"omega","status":"publish","type":"page","link":"https:\/\/strangercam.com\/da\/omega\/","title":{"rendered":"Omega"},"content":{"rendered":"<p>Omega er en ny og forbedret <a href=\"https:\/\/strangercam.com\/da\/omegle\/\">Omegle<\/a> der ligesom <a href=\"https:\/\/strangercam.com\/da\/ometv\/\">OmeTv<\/a>, LivU, DODO, Chamet, HOLLA og Facha. Det giver dig ogs\u00e5 mulighed for at kommunikere og f\u00e5 nye venner med personer over hele verden i stemmesamtaler, tilf\u00e6ldig video <a href=\"https:\/\/strangercam.com\/da\/chatroulette\/\">chat<\/a>, og beskeder fra person til person. Omega, den nye og forbedrede Omegle, forbinder dig med et stort antal mennesker fra over 100 lande med kun \u00e9t tryk. Spontane m\u00f8der udvider din sociale cirkel, mens tilf\u00e6ldige videoopkald og samtaler bringer folk t\u00e6ttere p\u00e5 hinanden.<\/p>\n<p>Omega's automatiserede AI-beskyttelsessystem vil sikre alle dine live videosamtaler og live chat-sessioner og sikre, at du ikke st\u00f8der p\u00e5 overtr\u00e6delser eller uacceptabel adf\u00e6rd.<\/p>\n<h3>De vigtigste funktioner i Omega's bedste datingplatform<\/h3>\n<p>Her er nogle af de bedste funktioner p\u00e5 de Omega bedste datingplatforme:<\/p>\n<ul>\n<li>Live Talk og Live Video Chat. Platformen giver dig mulighed for at kommunikere med enhver person online.<\/li>\n<li>DM'er. Du kan ogs\u00e5 chatte direkte med dine venner online p\u00e5 Omega-platformen.<\/li>\n<li>Filter for region og k\u00f8n. Hvis du gerne vil interagere og <a href=\"https:\/\/strangercam.com\/da\/coomeet\/\">m\u00f8des<\/a> specifikke personer, kan filteret hj\u00e6lpe dig med at f\u00e5 adgang til de rigtige personer for dig.<\/li>\n<li>Gaver. Hvis du gerne vil vise \u00e6gte k\u00e6rlighed til en anden person, kan du give vedkommende en gave online.<\/li>\n<\/ul>\n<h3>Hvorfor skal du bruge Omega-platformen til datingform\u00e5l?<\/h3>\n<p>Her er nogle af de vigtigste grunde til, at vi adskiller os fra andre eksisterende apps p\u00e5 nettet:<\/p>\n<ul>\n<li>M\u00f8d nye mennesker fra hele verden i en randomiseret videochat i realtid!<\/li>\n<li>For personer, der elsker at stifte nye bekendtskaber med fremmede, opbygger vi et behageligt, sikkert og sundt onlinef\u00e6llesskab.<\/li>\n<li>Du kan FaceTime totalt fremmede mennesker fra hele verden i Omega - ny og forbedret Omegle-gruppe med flere forskellige og sp\u00e6ndende mennesker, som hver is\u00e6r har deres egne fantastiske historier og oplevelser at fort\u00e6lle.<\/li>\n<li>Hver eneste skr\u00e6ddersyede tilf\u00e6ldige videokonference er v\u00e6rdifuld og v\u00e6rdifuld med mulighed for at skabe et nyt livslangt b\u00e5nd.<\/li>\n<li>Du kan ogs\u00e5 genoptage kontakten med gamle venner via personlige beskeder og tilf\u00e6ldige videokonferencer online.<\/li>\n<li>Match tilf\u00e6ldigt for at skabe nye kontakter gennem live-diskussioner, l\u00e6re om forskellige kulturer og udvide din horisont.<\/li>\n<li>Platformens kundesupport er ogs\u00e5 meget lydh\u00f8r. De svarer p\u00e5 hver klage inden for f\u00e5 minutter. Teamet sikrer, at du f\u00e5r en god oplevelse p\u00e5 platformen uden t\u00f8ven eller frygt. Vi h\u00e5ber oprigtigt, at du nyder at bruge Omega, den st\u00f8rste <a href=\"https:\/\/strangercam.com\/da\/chathub\/\">Tilf\u00e6ldig videochat<\/a> og live chat-v\u00e6rkt\u00f8j til r\u00e5dighed!<\/li>\n<\/ul>\n<h3>Konklusion<\/h3>\n<p>Omega er en forn\u00f8jelig platform, der hj\u00e6lper med at kommunikere med den rigtige person og finde en soulmate, der f\u00e5r dig til at f\u00f8le dig opstemt og vigtig i hele verden.<\/p>","protected":false},"excerpt":{"rendered":"<p>Omega is a new and improved Omegle that, like OmeTv, LivU, DODO, Chamet, HOLLA, and Facha. It also enables you to communicate and make some new friends with individuals all over the world in voice conversations, random video chat, and messaging in person to person. Omega, the new and improved Omegle, will link you with [&hellip;]<\/p>\n","protected":false},"author":6,"featured_media":559,"parent":0,"menu_order":0,"comment_status":"closed","ping_status":"closed","template":"","meta":{"footnotes":""},"class_list":["post-10138","page","type-page","status-publish","has-post-thumbnail","hentry"],"yoast_head":"<!-- This site is optimized with the Yoast SEO plugin v26.9 - https:\/\/yoast.com\/product\/yoast-seo-wordpress\/ -->\n<title>Omega - Chat Roulette Anonymously - Cam on StrangerCam.com<\/title>\n<meta name=\"description\" content=\"Like Omega? Come chat with more than 5.000.000 strangers on Stranger Cam for Free! Turn on your cam and find new friends &amp; maby a match!\" \/>\n<meta name=\"robots\" content=\"index, follow, max-snippet:-1, max-image-preview:large, max-video-preview:-1\" \/>\n<link rel=\"canonical\" href=\"https:\/\/strangercam.com\/da\/omega\/\" \/>\n<meta property=\"og:locale\" content=\"da_DK\" \/>\n<meta property=\"og:type\" content=\"article\" \/>\n<meta property=\"og:title\" content=\"Omega - Chat Roulette Anonymously - Cam on StrangerCam.com\" \/>\n<meta property=\"og:description\" content=\"Like Omega? Come chat with more than 5.000.000 strangers on Stranger Cam for Free! Turn on your cam and find new friends &amp; maby a match!\" \/>\n<meta property=\"og:url\" content=\"https:\/\/strangercam.com\/da\/omega\/\" \/>\n<meta property=\"og:site_name\" content=\"Strangercam\" \/>\n<meta property=\"article:publisher\" content=\"https:\/\/www.facebook.com\/strangercam\" \/>\n<meta property=\"article:modified_time\" content=\"2023-08-21T10:24:42+00:00\" \/>\n<meta property=\"og:image\" content=\"https:\/\/strangercam.com\/wp-content\/uploads\/2020\/11\/stranger-cam-1.png\" \/>\n\t<meta property=\"og:image:width\" content=\"800\" \/>\n\t<meta property=\"og:image:height\" content=\"800\" \/>\n\t<meta property=\"og:image:type\" content=\"image\/png\" \/>\n<meta name=\"twitter:card\" content=\"summary_large_image\" \/>\n<meta name=\"twitter:site\" content=\"@strangercamapp\" \/>\n<meta name=\"twitter:label1\" content=\"Estimeret l\u00e6setid\" \/>\n\t<meta name=\"twitter:data1\" content=\"2 minutter\" \/>\n<script type=\"application\/ld+json\" class=\"yoast-schema-graph\">{\"@context\":\"https:\/\/schema.org\",\"@graph\":[{\"@type\":\"WebPage\",\"@id\":\"https:\/\/strangercam.com\/omega\/\",\"url\":\"https:\/\/strangercam.com\/omega\/\",\"name\":\"Omega - Chat Roulette Anonymously - Cam on StrangerCam.com\",\"isPartOf\":{\"@id\":\"https:\/\/strangercam.com\/#website\"},\"primaryImageOfPage\":{\"@id\":\"https:\/\/strangercam.com\/omega\/#primaryimage\"},\"image\":{\"@id\":\"https:\/\/strangercam.com\/omega\/#primaryimage\"},\"thumbnailUrl\":\"https:\/\/strangercam.com\/wp-content\/uploads\/2020\/11\/stranger-cam-1.png\",\"datePublished\":\"2022-05-30T12:33:56+00:00\",\"dateModified\":\"2023-08-21T10:24:42+00:00\",\"description\":\"Like Omega? Come chat with more than 5.000.000 strangers on Stranger Cam for Free! Turn on your cam and find new friends & maby a match!\",\"breadcrumb\":{\"@id\":\"https:\/\/strangercam.com\/omega\/#breadcrumb\"},\"inLanguage\":\"da-DK\",\"potentialAction\":[{\"@type\":\"ReadAction\",\"target\":[\"https:\/\/strangercam.com\/omega\/\"]}]},{\"@type\":\"ImageObject\",\"inLanguage\":\"da-DK\",\"@id\":\"https:\/\/strangercam.com\/omega\/#primaryimage\",\"url\":\"https:\/\/strangercam.com\/wp-content\/uploads\/2020\/11\/stranger-cam-1.png\",\"contentUrl\":\"https:\/\/strangercam.com\/wp-content\/uploads\/2020\/11\/stranger-cam-1.png\",\"width\":800,\"height\":800,\"caption\":\"stranger cam random video chat\"},{\"@type\":\"BreadcrumbList\",\"@id\":\"https:\/\/strangercam.com\/omega\/#breadcrumb\",\"itemListElement\":[{\"@type\":\"ListItem\",\"position\":1,\"name\":\"Home\",\"item\":\"https:\/\/strangercam.com\/\"},{\"@type\":\"ListItem\",\"position\":2,\"name\":\"Omega\"}]},{\"@type\":\"WebSite\",\"@id\":\"https:\/\/strangercam.com\/#website\",\"url\":\"https:\/\/strangercam.com\/\",\"name\":\"Strangercam\",\"description\":\"Random Video Chat with Strangers\",\"publisher\":{\"@id\":\"https:\/\/strangercam.com\/#organization\"},\"alternateName\":\"Strangercam.com\",\"potentialAction\":[{\"@type\":\"SearchAction\",\"target\":{\"@type\":\"EntryPoint\",\"urlTemplate\":\"https:\/\/strangercam.com\/?s={search_term_string}\"},\"query-input\":{\"@type\":\"PropertyValueSpecification\",\"valueRequired\":true,\"valueName\":\"search_term_string\"}}],\"inLanguage\":\"da-DK\"},{\"@type\":\"Organization\",\"@id\":\"https:\/\/strangercam.com\/#organization\",\"name\":\"Strangercam\",\"alternateName\":\"Strangercam.com\",\"url\":\"https:\/\/strangercam.com\/\",\"logo\":{\"@type\":\"ImageObject\",\"inLanguage\":\"da-DK\",\"@id\":\"https:\/\/strangercam.com\/#\/schema\/logo\/image\/\",\"url\":\"https:\/\/strangercam.com\/wp-content\/uploads\/2020\/11\/cropped-new-favicon-black.png\",\"contentUrl\":\"https:\/\/strangercam.com\/wp-content\/uploads\/2020\/11\/cropped-new-favicon-black.png\",\"width\":512,\"height\":512,\"caption\":\"Strangercam\"},\"image\":{\"@id\":\"https:\/\/strangercam.com\/#\/schema\/logo\/image\/\"},\"sameAs\":[\"https:\/\/www.facebook.com\/strangercam\",\"https:\/\/x.com\/strangercamapp\"]}]}<\/script>\n<!-- \/ Yoast SEO plugin. -->","yoast_head_json":{"title":"Omega - Chat roulette anonymt - Cam p\u00e5 StrangerCam.com","description":"Kan du lide Omega? Kom og chat med mere end 5.000.000 fremmede p\u00e5 Stranger Cam helt gratis! T\u00e6nd for dit kamera og find nye venner og m\u00e5ske et match!","robots":{"index":"index","follow":"follow","max-snippet":"max-snippet:-1","max-image-preview":"max-image-preview:large","max-video-preview":"max-video-preview:-1"},"canonical":"https:\/\/strangercam.com\/da\/omega\/","og_locale":"da_DK","og_type":"article","og_title":"Omega - Chat Roulette Anonymously - Cam on StrangerCam.com","og_description":"Like Omega? Come chat with more than 5.000.000 strangers on Stranger Cam for Free! Turn on your cam and find new friends & maby a match!","og_url":"https:\/\/strangercam.com\/da\/omega\/","og_site_name":"Strangercam","article_publisher":"https:\/\/www.facebook.com\/strangercam","article_modified_time":"2023-08-21T10:24:42+00:00","og_image":[{"width":800,"height":800,"url":"https:\/\/strangercam.com\/wp-content\/uploads\/2020\/11\/stranger-cam-1.png","type":"image\/png"}],"twitter_card":"summary_large_image","twitter_site":"@strangercamapp","twitter_misc":{"Estimeret l\u00e6setid":"2 minutter"},"schema":{"@context":"https:\/\/schema.org","@graph":[{"@type":"WebPage","@id":"https:\/\/strangercam.com\/omega\/","url":"https:\/\/strangercam.com\/omega\/","name":"Omega - Chat roulette anonymt - Cam p\u00e5 StrangerCam.com","isPartOf":{"@id":"https:\/\/strangercam.com\/#website"},"primaryImageOfPage":{"@id":"https:\/\/strangercam.com\/omega\/#primaryimage"},"image":{"@id":"https:\/\/strangercam.com\/omega\/#primaryimage"},"thumbnailUrl":"https:\/\/strangercam.com\/wp-content\/uploads\/2020\/11\/stranger-cam-1.png","datePublished":"2022-05-30T12:33:56+00:00","dateModified":"2023-08-21T10:24:42+00:00","description":"Kan du lide Omega? Kom og chat med mere end 5.000.000 fremmede p\u00e5 Stranger Cam helt gratis! T\u00e6nd for dit kamera og find nye venner og m\u00e5ske et match!","breadcrumb":{"@id":"https:\/\/strangercam.com\/omega\/#breadcrumb"},"inLanguage":"da-DK","potentialAction":[{"@type":"ReadAction","target":["https:\/\/strangercam.com\/omega\/"]}]},{"@type":"ImageObject","inLanguage":"da-DK","@id":"https:\/\/strangercam.com\/omega\/#primaryimage","url":"https:\/\/strangercam.com\/wp-content\/uploads\/2020\/11\/stranger-cam-1.png","contentUrl":"https:\/\/strangercam.com\/wp-content\/uploads\/2020\/11\/stranger-cam-1.png","width":800,"height":800,"caption":"stranger cam random video chat"},{"@type":"BreadcrumbList","@id":"https:\/\/strangercam.com\/omega\/#breadcrumb","itemListElement":[{"@type":"ListItem","position":1,"name":"Home","item":"https:\/\/strangercam.com\/"},{"@type":"ListItem","position":2,"name":"Omega"}]},{"@type":"WebSite","@id":"https:\/\/strangercam.com\/#website","url":"https:\/\/strangercam.com\/","name":"Strangercam","description":"Tilf\u00e6ldig videochat med fremmede","publisher":{"@id":"https:\/\/strangercam.com\/#organization"},"alternateName":"Strangercam.com","potentialAction":[{"@type":"SearchAction","target":{"@type":"EntryPoint","urlTemplate":"https:\/\/strangercam.com\/?s={search_term_string}"},"query-input":{"@type":"PropertyValueSpecification","valueRequired":true,"valueName":"search_term_string"}}],"inLanguage":"da-DK"},{"@type":"Organization","@id":"https:\/\/strangercam.com\/#organization","name":"Strangercam","alternateName":"Strangercam.com","url":"https:\/\/strangercam.com\/","logo":{"@type":"ImageObject","inLanguage":"da-DK","@id":"https:\/\/strangercam.com\/#\/schema\/logo\/image\/","url":"https:\/\/strangercam.com\/wp-content\/uploads\/2020\/11\/cropped-new-favicon-black.png","contentUrl":"https:\/\/strangercam.com\/wp-content\/uploads\/2020\/11\/cropped-new-favicon-black.png","width":512,"height":512,"caption":"Strangercam"},"image":{"@id":"https:\/\/strangercam.com\/#\/schema\/logo\/image\/"},"sameAs":["https:\/\/www.facebook.com\/strangercam","https:\/\/x.com\/strangercamapp"]}]}},"_links":{"self":[{"href":"https:\/\/strangercam.com\/da\/wp-json\/wp\/v2\/pages\/10138","targetHints":{"allow":["GET"]}}],"collection":[{"href":"https:\/\/strangercam.com\/da\/wp-json\/wp\/v2\/pages"}],"about":[{"href":"https:\/\/strangercam.com\/da\/wp-json\/wp\/v2\/types\/page"}],"author":[{"embeddable":true,"href":"https:\/\/strangercam.com\/da\/wp-json\/wp\/v2\/users\/6"}],"replies":[{"embeddable":true,"href":"https:\/\/strangercam.com\/da\/wp-json\/wp\/v2\/comments?post=10138"}],"version-history":[{"count":0,"href":"https:\/\/strangercam.com\/da\/wp-json\/wp\/v2\/pages\/10138\/revisions"}],"wp:featuredmedia":[{"embeddable":true,"href":"https:\/\/strangercam.com\/da\/wp-json\/wp\/v2\/media\/559"}],"wp:attachment":[{"href":"https:\/\/strangercam.com\/da\/wp-json\/wp\/v2\/media?parent=10138"}],"curies":[{"name":"wp","href":"https:\/\/api.w.org\/{rel}","templated":true}]}}