{"id":10116,"date":"2022-05-30T14:29:33","date_gmt":"2022-05-30T12:29:33","guid":{"rendered":"https:\/\/strangercam.com\/?page_id=10116"},"modified":"2023-08-21T12:39:40","modified_gmt":"2023-08-21T10:39:40","slug":"stickam","status":"publish","type":"page","link":"https:\/\/strangercam.com\/da\/stickam\/","title":{"rendered":"Stickam"},"content":{"rendered":"<p>Stickam blev etableret i 2005 som et websted til deling af live-streaming-videoer. Stickam gav brugerne mulighed for at uploade fotos, lyd, <a href=\"https:\/\/strangercam.com\/da\/rabbit-video-chat\/\">video<\/a>og, vigtigst af alt, <a href=\"https:\/\/strangercam.com\/da\/mili\/\">leve<\/a> streame videokonferencer. Hjemmesiden voksede hurtigt til at omfatte liveshows og skabt indhold fra MTV, G4 TV, CBS Radio, NATPE, CES og en r\u00e6kke andre medier samt livekoncerter og shows med en r\u00e6kke forskellige bands og ber\u00f8mtheder.<\/p>\n<p>Stickam g\u00f8r det muligt for enkeltpersoner at inkorporere deres streamingkamera-feeds p\u00e5 andre websteder via en Flash-afspiller, ud over at sende live-video. Muligheden for at \u201clime\u201d en webcam-udsendelse p\u00e5 et andet site blev d\u00f8bt \u201cStickam\u201d.\u201d<\/p>\n<h2>Hvordan fungerer Stickam?<\/h2>\n<p>Brugeren kan bruge Live <a href=\"https:\/\/strangercam.com\/da\/chatroulette\/\">Chat<\/a> til at sende deres webcams kamerastr\u00f8m over internettet. Brugeren havde kontrol over, hvem der kunne se deres live feed. Der var syv kamerapositioner i det rigtige stream-rum. Den st\u00f8rste <a href=\"https:\/\/strangercam.com\/da\/1v1-chat\/\">en<\/a> var til skaberen af chatten. De resterende seks pladser var reserveret til yderligere seks personer, som kunne sende deres live webcam-feeds. Brugerne kunne ogs\u00e5 bruge livechatten til at kommunikere gennem en chatboks, der var identisk med den, man kunne finde p\u00e5 en konventionel chatside. Folk, der har v\u00e6ret uregerlige eller truende, kan blive \u201csparket\u201d eller udelukket af hovedbrugeren. Den prim\u00e6re bruger kunne ogs\u00e5 udpege moderatorer, som var trov\u00e6rdige personer, der kunne fjerne brugere, hvis den prim\u00e6re bruger ikke var i stand til det.<\/p>\n<h2>Hjemmesidens vigtigste funktioner<\/h2>\n<p>Her er nogle af de vigtigste funktioner i Stickam-platformen:<\/p>\n<h3>Aktiv\u00e9r din konto<\/h3>\n<p>I l\u00f8bet af f\u00e5 minutter kan alle \u201cg\u00e5 live\u201d p\u00e5 Stickam og streame video fra deres computere, iPhones eller iPad. Stickam kan ogs\u00e5 bruges til at transmittere HD og kommercielle udsendelser ved at forbinde HD og andre <a href=\"https:\/\/strangercam.com\/da\/camzey\/\">kameraer<\/a>, processorer og lydindgange.<\/p>\n<h3>Log ind p\u00e5 sociale medier<\/h3>\n<p>Stickam debuterede med sit sociale login-system p\u00e5 VidCon 2012, hvor virksomheden samarbejdede med Maker Studios om at live-transmittere begivenheden. Broadcastere p\u00e5 Stickam kan bruge Linkedin, Facebook, Instagram, Tumblr, Google, Myspace eller Gmail til at give deres venner og fans adgang til deres diskussionsfora. Broadcastere kan begr\u00e6nse antallet af personer i deres rum endnu mere.<\/p>\n<h3>Program for VIP'er<\/h3>\n<p>Stickam havde et s\u00e5dant VIP-brugerprogram fra august 2012. De, der deltog i VIP-programmet, fik reklamefri adgang, en plads p\u00e5 fanen \"who's live\", 25 m\u00f8nter fra remixmarkedet og et Premium-badge p\u00e5 deres profilbillede.<\/p>\n<h3>API til streaming<\/h3>\n<p>I 2008 tilb\u00f8d virksomheden ogs\u00e5 StreamAPI (tidligere Stickam API), en white label-l\u00f8sning. StreamAPI var en white label-virksomhed, der gav kunderne mulighed for at integrere live-streaming i deres applikation eller hjemmeside uden at kr\u00e6ve nogen form for programmeringsviden.<\/p>\n<h2>Konklusion<\/h2>\n<p>Stickam er en p\u00e5lidelig platform af h\u00f8j kvalitet til at f\u00e5 venner online.<\/p>","protected":false},"excerpt":{"rendered":"<p>Stickam was established in 2005 as a live-streaming video-sharing site. Stickam allowed users to upload photos, audio, video, and, most importantly, live stream video conferencing. The website quickly grew to incorporate live shows and created content from MTV, G4 TV, CBS Radio, NATPE, CES, and a variety of other outlets, as well as live concerts [&hellip;]<\/p>\n","protected":false},"author":6,"featured_media":559,"parent":0,"menu_order":0,"comment_status":"closed","ping_status":"closed","template":"","meta":{"footnotes":""},"class_list":["post-10116","page","type-page","status-publish","has-post-thumbnail","hentry"],"yoast_head":"<!-- This site is optimized with the Yoast SEO plugin v26.9 - https:\/\/yoast.com\/product\/yoast-seo-wordpress\/ -->\n<title>Stickam - Chat Roulette Anonymously - Cam on StrangerCam.com<\/title>\n<meta name=\"description\" content=\"Like Stickam? Come chat with more than 5.000.000 strangers on Stranger Cam for Free! Turn on your cam and find new friends &amp; maby a match!\" \/>\n<meta name=\"robots\" content=\"index, follow, max-snippet:-1, max-image-preview:large, max-video-preview:-1\" \/>\n<link rel=\"canonical\" href=\"https:\/\/strangercam.com\/da\/stickam\/\" \/>\n<meta property=\"og:locale\" content=\"da_DK\" \/>\n<meta property=\"og:type\" content=\"article\" \/>\n<meta property=\"og:title\" content=\"Stickam - Chat Roulette Anonymously - Cam on StrangerCam.com\" \/>\n<meta property=\"og:description\" content=\"Like Stickam? Come chat with more than 5.000.000 strangers on Stranger Cam for Free! Turn on your cam and find new friends &amp; maby a match!\" \/>\n<meta property=\"og:url\" content=\"https:\/\/strangercam.com\/da\/stickam\/\" \/>\n<meta property=\"og:site_name\" content=\"Strangercam\" \/>\n<meta property=\"article:publisher\" content=\"https:\/\/www.facebook.com\/strangercam\" \/>\n<meta property=\"article:modified_time\" content=\"2023-08-21T10:39:40+00:00\" \/>\n<meta property=\"og:image\" content=\"https:\/\/strangercam.com\/wp-content\/uploads\/2020\/11\/stranger-cam-1.png\" \/>\n\t<meta property=\"og:image:width\" content=\"800\" \/>\n\t<meta property=\"og:image:height\" content=\"800\" \/>\n\t<meta property=\"og:image:type\" content=\"image\/png\" \/>\n<meta name=\"twitter:card\" content=\"summary_large_image\" \/>\n<meta name=\"twitter:site\" content=\"@strangercamapp\" \/>\n<meta name=\"twitter:label1\" content=\"Estimeret l\u00e6setid\" \/>\n\t<meta name=\"twitter:data1\" content=\"2 minutter\" \/>\n<script type=\"application\/ld+json\" class=\"yoast-schema-graph\">{\"@context\":\"https:\/\/schema.org\",\"@graph\":[{\"@type\":\"WebPage\",\"@id\":\"https:\/\/strangercam.com\/stickam\/\",\"url\":\"https:\/\/strangercam.com\/stickam\/\",\"name\":\"Stickam - Chat Roulette Anonymously - Cam on StrangerCam.com\",\"isPartOf\":{\"@id\":\"https:\/\/strangercam.com\/#website\"},\"primaryImageOfPage\":{\"@id\":\"https:\/\/strangercam.com\/stickam\/#primaryimage\"},\"image\":{\"@id\":\"https:\/\/strangercam.com\/stickam\/#primaryimage\"},\"thumbnailUrl\":\"https:\/\/strangercam.com\/wp-content\/uploads\/2020\/11\/stranger-cam-1.png\",\"datePublished\":\"2022-05-30T12:29:33+00:00\",\"dateModified\":\"2023-08-21T10:39:40+00:00\",\"description\":\"Like Stickam? Come chat with more than 5.000.000 strangers on Stranger Cam for Free! Turn on your cam and find new friends & maby a match!\",\"breadcrumb\":{\"@id\":\"https:\/\/strangercam.com\/stickam\/#breadcrumb\"},\"inLanguage\":\"da-DK\",\"potentialAction\":[{\"@type\":\"ReadAction\",\"target\":[\"https:\/\/strangercam.com\/stickam\/\"]}]},{\"@type\":\"ImageObject\",\"inLanguage\":\"da-DK\",\"@id\":\"https:\/\/strangercam.com\/stickam\/#primaryimage\",\"url\":\"https:\/\/strangercam.com\/wp-content\/uploads\/2020\/11\/stranger-cam-1.png\",\"contentUrl\":\"https:\/\/strangercam.com\/wp-content\/uploads\/2020\/11\/stranger-cam-1.png\",\"width\":800,\"height\":800,\"caption\":\"stranger cam random video chat\"},{\"@type\":\"BreadcrumbList\",\"@id\":\"https:\/\/strangercam.com\/stickam\/#breadcrumb\",\"itemListElement\":[{\"@type\":\"ListItem\",\"position\":1,\"name\":\"Home\",\"item\":\"https:\/\/strangercam.com\/\"},{\"@type\":\"ListItem\",\"position\":2,\"name\":\"Stickam\"}]},{\"@type\":\"WebSite\",\"@id\":\"https:\/\/strangercam.com\/#website\",\"url\":\"https:\/\/strangercam.com\/\",\"name\":\"Strangercam\",\"description\":\"Random Video Chat with Strangers\",\"publisher\":{\"@id\":\"https:\/\/strangercam.com\/#organization\"},\"alternateName\":\"Strangercam.com\",\"potentialAction\":[{\"@type\":\"SearchAction\",\"target\":{\"@type\":\"EntryPoint\",\"urlTemplate\":\"https:\/\/strangercam.com\/?s={search_term_string}\"},\"query-input\":{\"@type\":\"PropertyValueSpecification\",\"valueRequired\":true,\"valueName\":\"search_term_string\"}}],\"inLanguage\":\"da-DK\"},{\"@type\":\"Organization\",\"@id\":\"https:\/\/strangercam.com\/#organization\",\"name\":\"Strangercam\",\"alternateName\":\"Strangercam.com\",\"url\":\"https:\/\/strangercam.com\/\",\"logo\":{\"@type\":\"ImageObject\",\"inLanguage\":\"da-DK\",\"@id\":\"https:\/\/strangercam.com\/#\/schema\/logo\/image\/\",\"url\":\"https:\/\/strangercam.com\/wp-content\/uploads\/2020\/11\/cropped-new-favicon-black.png\",\"contentUrl\":\"https:\/\/strangercam.com\/wp-content\/uploads\/2020\/11\/cropped-new-favicon-black.png\",\"width\":512,\"height\":512,\"caption\":\"Strangercam\"},\"image\":{\"@id\":\"https:\/\/strangercam.com\/#\/schema\/logo\/image\/\"},\"sameAs\":[\"https:\/\/www.facebook.com\/strangercam\",\"https:\/\/x.com\/strangercamapp\"]}]}<\/script>\n<!-- \/ Yoast SEO plugin. -->","yoast_head_json":{"title":"Stickam - Chat roulette anonymt - Cam p\u00e5 StrangerCam.com","description":"Kan du lide Stickam? Kom og chat med mere end 5.000.000 fremmede p\u00e5 Stranger Cam helt gratis! T\u00e6nd for dit kamera og find nye venner og m\u00e5ske et match!","robots":{"index":"index","follow":"follow","max-snippet":"max-snippet:-1","max-image-preview":"max-image-preview:large","max-video-preview":"max-video-preview:-1"},"canonical":"https:\/\/strangercam.com\/da\/stickam\/","og_locale":"da_DK","og_type":"article","og_title":"Stickam - Chat Roulette Anonymously - Cam on StrangerCam.com","og_description":"Like Stickam? Come chat with more than 5.000.000 strangers on Stranger Cam for Free! Turn on your cam and find new friends & maby a match!","og_url":"https:\/\/strangercam.com\/da\/stickam\/","og_site_name":"Strangercam","article_publisher":"https:\/\/www.facebook.com\/strangercam","article_modified_time":"2023-08-21T10:39:40+00:00","og_image":[{"width":800,"height":800,"url":"https:\/\/strangercam.com\/wp-content\/uploads\/2020\/11\/stranger-cam-1.png","type":"image\/png"}],"twitter_card":"summary_large_image","twitter_site":"@strangercamapp","twitter_misc":{"Estimeret l\u00e6setid":"2 minutter"},"schema":{"@context":"https:\/\/schema.org","@graph":[{"@type":"WebPage","@id":"https:\/\/strangercam.com\/stickam\/","url":"https:\/\/strangercam.com\/stickam\/","name":"Stickam - Chat roulette anonymt - Cam p\u00e5 StrangerCam.com","isPartOf":{"@id":"https:\/\/strangercam.com\/#website"},"primaryImageOfPage":{"@id":"https:\/\/strangercam.com\/stickam\/#primaryimage"},"image":{"@id":"https:\/\/strangercam.com\/stickam\/#primaryimage"},"thumbnailUrl":"https:\/\/strangercam.com\/wp-content\/uploads\/2020\/11\/stranger-cam-1.png","datePublished":"2022-05-30T12:29:33+00:00","dateModified":"2023-08-21T10:39:40+00:00","description":"Kan du lide Stickam? Kom og chat med mere end 5.000.000 fremmede p\u00e5 Stranger Cam helt gratis! T\u00e6nd for dit kamera og find nye venner og m\u00e5ske et match!","breadcrumb":{"@id":"https:\/\/strangercam.com\/stickam\/#breadcrumb"},"inLanguage":"da-DK","potentialAction":[{"@type":"ReadAction","target":["https:\/\/strangercam.com\/stickam\/"]}]},{"@type":"ImageObject","inLanguage":"da-DK","@id":"https:\/\/strangercam.com\/stickam\/#primaryimage","url":"https:\/\/strangercam.com\/wp-content\/uploads\/2020\/11\/stranger-cam-1.png","contentUrl":"https:\/\/strangercam.com\/wp-content\/uploads\/2020\/11\/stranger-cam-1.png","width":800,"height":800,"caption":"stranger cam random video chat"},{"@type":"BreadcrumbList","@id":"https:\/\/strangercam.com\/stickam\/#breadcrumb","itemListElement":[{"@type":"ListItem","position":1,"name":"Home","item":"https:\/\/strangercam.com\/"},{"@type":"ListItem","position":2,"name":"Stickam"}]},{"@type":"WebSite","@id":"https:\/\/strangercam.com\/#website","url":"https:\/\/strangercam.com\/","name":"Strangercam","description":"Tilf\u00e6ldig videochat med fremmede","publisher":{"@id":"https:\/\/strangercam.com\/#organization"},"alternateName":"Strangercam.com","potentialAction":[{"@type":"SearchAction","target":{"@type":"EntryPoint","urlTemplate":"https:\/\/strangercam.com\/?s={search_term_string}"},"query-input":{"@type":"PropertyValueSpecification","valueRequired":true,"valueName":"search_term_string"}}],"inLanguage":"da-DK"},{"@type":"Organization","@id":"https:\/\/strangercam.com\/#organization","name":"Strangercam","alternateName":"Strangercam.com","url":"https:\/\/strangercam.com\/","logo":{"@type":"ImageObject","inLanguage":"da-DK","@id":"https:\/\/strangercam.com\/#\/schema\/logo\/image\/","url":"https:\/\/strangercam.com\/wp-content\/uploads\/2020\/11\/cropped-new-favicon-black.png","contentUrl":"https:\/\/strangercam.com\/wp-content\/uploads\/2020\/11\/cropped-new-favicon-black.png","width":512,"height":512,"caption":"Strangercam"},"image":{"@id":"https:\/\/strangercam.com\/#\/schema\/logo\/image\/"},"sameAs":["https:\/\/www.facebook.com\/strangercam","https:\/\/x.com\/strangercamapp"]}]}},"_links":{"self":[{"href":"https:\/\/strangercam.com\/da\/wp-json\/wp\/v2\/pages\/10116","targetHints":{"allow":["GET"]}}],"collection":[{"href":"https:\/\/strangercam.com\/da\/wp-json\/wp\/v2\/pages"}],"about":[{"href":"https:\/\/strangercam.com\/da\/wp-json\/wp\/v2\/types\/page"}],"author":[{"embeddable":true,"href":"https:\/\/strangercam.com\/da\/wp-json\/wp\/v2\/users\/6"}],"replies":[{"embeddable":true,"href":"https:\/\/strangercam.com\/da\/wp-json\/wp\/v2\/comments?post=10116"}],"version-history":[{"count":0,"href":"https:\/\/strangercam.com\/da\/wp-json\/wp\/v2\/pages\/10116\/revisions"}],"wp:featuredmedia":[{"embeddable":true,"href":"https:\/\/strangercam.com\/da\/wp-json\/wp\/v2\/media\/559"}],"wp:attachment":[{"href":"https:\/\/strangercam.com\/da\/wp-json\/wp\/v2\/media?parent=10116"}],"curies":[{"name":"wp","href":"https:\/\/api.w.org\/{rel}","templated":true}]}}