{"id":10096,"date":"2022-05-30T14:20:25","date_gmt":"2022-05-30T12:20:25","guid":{"rendered":"https:\/\/strangercam.com\/?page_id=10096"},"modified":"2023-08-21T12:42:59","modified_gmt":"2023-08-21T10:42:59","slug":"tandoo","status":"publish","type":"page","link":"https:\/\/strangercam.com\/da\/tandoo\/","title":{"rendered":"Tandoo"},"content":{"rendered":"<p>Tandoo er en <a href=\"https:\/\/strangercam.com\/da\/chat4free\/\">gratis<\/a> Online-kooperativ <a href=\"https:\/\/strangercam.com\/da\/mili\/\">leve<\/a> video <a href=\"https:\/\/strangercam.com\/da\/chatroulette\/\">chat<\/a> applikation, der lader dig <a href=\"https:\/\/strangercam.com\/da\/coomeet\/\">m\u00f8des<\/a> nye mennesker fra hele verden! Fremmede kan kontaktes via mail, stemmechat eller <a href=\"https:\/\/strangercam.com\/da\/rabbit-video-chat\/\">videochat<\/a>. F\u00e5 endnu mere gl\u00e6de af at deltage i sm\u00e5 spil og deltage i fester! Hver funktion er indrettet til at chatte og skabe nye bekendtskaber. Join os lige nu for at opleve enorm sjov og lykke.<\/p>\n<h3>De vigtigste funktioner i Tandoo.Com<\/h3>\n<p>Vi har pr\u00e6senteret de vigtigste funktioner i Tandoo.Com nedenfor:<\/p>\n<ul>\n<li>Videochat i realtid: Du kan tale med dine venner ansigt til ansigt med den eksklusive video- og lydchatfunktion. Vi har ogs\u00e5 tolkning i realtid for at hj\u00e6lpe med at fjerne sproglige barrierer. Sk\u00f8nhedsforbedringer og -effekter underst\u00f8ttes ogs\u00e5.<\/li>\n<li>Stemmechat, der er enkel: Det er lettere og mindre stressende at dele sit hjerte og sin sj\u00e6l med andre, n\u00e5r man bruger voice chat.<\/li>\n<li>Absolut rigtige personer: Tandoo har ikke nogen falske brugere. Vi tror p\u00e5, at du f\u00e5r en bedre tid med at finde nye venner. Vi filtrerer omhyggeligt brugere af h\u00f8j kvalitet og sender deres profiler gennem vores verificeringsproces.<\/li>\n<li>Venskaber fra hele verden: Find nye bekendtskaber i dit omr\u00e5de eller ved at s\u00f8ge efter mennesker med samme interesser i fjerne lande.<\/li>\n<li>Inds\u00e6t tilf\u00e6ldig anbefaling: Den mest effektive metode til at f\u00e5 nye bekendtskaber. V\u00e6lg mellem en telefon- eller videokonference, og m\u00f8d vennerne i ro og mag for at chatte.<\/li>\n<li>Joining Party Room er meget sjovt: Join os i realtid! Du kan gratis se en livestream og chatte med op til 5 brugere p\u00e5 samme tid!<\/li>\n<li>Sm\u00e5 spil at spille: Du har et privat chatrum og en sms-samtale med en ven. Giv gaver til dine venner og spil Secret Truth for at l\u00e6re dem bedre at kende!<\/li>\n<\/ul>\n<h3>De vigtigste tjenester, der tilbydes af Tandoo.Com<\/h3>\n<p>Her er nogle af de bedste tjenester, som platformen tilbyder:<\/p>\n<ul>\n<li>Tandoo giver dig mulighed for at f\u00f8re samtaler ansigt til ansigt med brugere over hele verden.<\/li>\n<li>B\u00e5de video- og stemmechat er tilg\u00e6ngelige.<\/li>\n<li>F\u00e5 venner med samme interesser over hele verden.<\/li>\n<li>Match tilf\u00e6ldigt, og bliv overrasket over, hvem du m\u00f8der.<\/li>\n<li>Diskuter dine ideer med en gruppe af personer.<\/li>\n<\/ul>\n<h3>Konklusion<\/h3>\n<p>Dette er en af de bedste platforme til at date den rigtige person og tilbringe den bedste tid. Fremmede kan kontaktes via mail, stemmechat eller videochat. F\u00e5 endnu mere gl\u00e6de af at deltage i enkle spil og afholde fester! Hver funktion er indrettet til at tale og skabe nye bekendtskaber. Join os lige nu!<\/p>","protected":false},"excerpt":{"rendered":"<p>Tandoo is a free online cooperative live video chat application that lets you meet new people from all around the world! Strangers can be contacted via mail, voice chat, or video chat. Have even more pleasure by participating in small games and attending parties! Every function is set up for chatting and making new acquaintances. [&hellip;]<\/p>\n","protected":false},"author":6,"featured_media":559,"parent":0,"menu_order":0,"comment_status":"closed","ping_status":"closed","template":"","meta":{"footnotes":""},"class_list":["post-10096","page","type-page","status-publish","has-post-thumbnail","hentry"],"yoast_head":"<!-- This site is optimized with the Yoast SEO plugin v26.9 - https:\/\/yoast.com\/product\/yoast-seo-wordpress\/ -->\n<title>Tandoo - Chat Roulette Anonymously - Cam on StrangerCam.com<\/title>\n<meta name=\"description\" content=\"Like Tandoo? Come chat with more than 5.000.000 strangers on Stranger Cam for Free! Turn on your cam and find new friends &amp; maby a match!\" \/>\n<meta name=\"robots\" content=\"index, follow, max-snippet:-1, max-image-preview:large, max-video-preview:-1\" \/>\n<link rel=\"canonical\" href=\"https:\/\/strangercam.com\/da\/tandoo\/\" \/>\n<meta property=\"og:locale\" content=\"da_DK\" \/>\n<meta property=\"og:type\" content=\"article\" \/>\n<meta property=\"og:title\" content=\"Tandoo - Chat Roulette Anonymously - Cam on StrangerCam.com\" \/>\n<meta property=\"og:description\" content=\"Like Tandoo? Come chat with more than 5.000.000 strangers on Stranger Cam for Free! Turn on your cam and find new friends &amp; maby a match!\" \/>\n<meta property=\"og:url\" content=\"https:\/\/strangercam.com\/da\/tandoo\/\" \/>\n<meta property=\"og:site_name\" content=\"Strangercam\" \/>\n<meta property=\"article:publisher\" content=\"https:\/\/www.facebook.com\/strangercam\" \/>\n<meta property=\"article:modified_time\" content=\"2023-08-21T10:42:59+00:00\" \/>\n<meta property=\"og:image\" content=\"https:\/\/strangercam.com\/wp-content\/uploads\/2020\/11\/stranger-cam-1.png\" \/>\n\t<meta property=\"og:image:width\" content=\"800\" \/>\n\t<meta property=\"og:image:height\" content=\"800\" \/>\n\t<meta property=\"og:image:type\" content=\"image\/png\" \/>\n<meta name=\"twitter:card\" content=\"summary_large_image\" \/>\n<meta name=\"twitter:site\" content=\"@strangercamapp\" \/>\n<meta name=\"twitter:label1\" content=\"Estimeret l\u00e6setid\" \/>\n\t<meta name=\"twitter:data1\" content=\"2 minutter\" \/>\n<script type=\"application\/ld+json\" class=\"yoast-schema-graph\">{\"@context\":\"https:\/\/schema.org\",\"@graph\":[{\"@type\":\"WebPage\",\"@id\":\"https:\/\/strangercam.com\/tandoo\/\",\"url\":\"https:\/\/strangercam.com\/tandoo\/\",\"name\":\"Tandoo - Chat Roulette Anonymously - Cam on StrangerCam.com\",\"isPartOf\":{\"@id\":\"https:\/\/strangercam.com\/#website\"},\"primaryImageOfPage\":{\"@id\":\"https:\/\/strangercam.com\/tandoo\/#primaryimage\"},\"image\":{\"@id\":\"https:\/\/strangercam.com\/tandoo\/#primaryimage\"},\"thumbnailUrl\":\"https:\/\/strangercam.com\/wp-content\/uploads\/2020\/11\/stranger-cam-1.png\",\"datePublished\":\"2022-05-30T12:20:25+00:00\",\"dateModified\":\"2023-08-21T10:42:59+00:00\",\"description\":\"Like Tandoo? Come chat with more than 5.000.000 strangers on Stranger Cam for Free! Turn on your cam and find new friends & maby a match!\",\"breadcrumb\":{\"@id\":\"https:\/\/strangercam.com\/tandoo\/#breadcrumb\"},\"inLanguage\":\"da-DK\",\"potentialAction\":[{\"@type\":\"ReadAction\",\"target\":[\"https:\/\/strangercam.com\/tandoo\/\"]}]},{\"@type\":\"ImageObject\",\"inLanguage\":\"da-DK\",\"@id\":\"https:\/\/strangercam.com\/tandoo\/#primaryimage\",\"url\":\"https:\/\/strangercam.com\/wp-content\/uploads\/2020\/11\/stranger-cam-1.png\",\"contentUrl\":\"https:\/\/strangercam.com\/wp-content\/uploads\/2020\/11\/stranger-cam-1.png\",\"width\":800,\"height\":800,\"caption\":\"stranger cam random video chat\"},{\"@type\":\"BreadcrumbList\",\"@id\":\"https:\/\/strangercam.com\/tandoo\/#breadcrumb\",\"itemListElement\":[{\"@type\":\"ListItem\",\"position\":1,\"name\":\"Home\",\"item\":\"https:\/\/strangercam.com\/\"},{\"@type\":\"ListItem\",\"position\":2,\"name\":\"Tandoo\"}]},{\"@type\":\"WebSite\",\"@id\":\"https:\/\/strangercam.com\/#website\",\"url\":\"https:\/\/strangercam.com\/\",\"name\":\"Strangercam\",\"description\":\"Random Video Chat with Strangers\",\"publisher\":{\"@id\":\"https:\/\/strangercam.com\/#organization\"},\"alternateName\":\"Strangercam.com\",\"potentialAction\":[{\"@type\":\"SearchAction\",\"target\":{\"@type\":\"EntryPoint\",\"urlTemplate\":\"https:\/\/strangercam.com\/?s={search_term_string}\"},\"query-input\":{\"@type\":\"PropertyValueSpecification\",\"valueRequired\":true,\"valueName\":\"search_term_string\"}}],\"inLanguage\":\"da-DK\"},{\"@type\":\"Organization\",\"@id\":\"https:\/\/strangercam.com\/#organization\",\"name\":\"Strangercam\",\"alternateName\":\"Strangercam.com\",\"url\":\"https:\/\/strangercam.com\/\",\"logo\":{\"@type\":\"ImageObject\",\"inLanguage\":\"da-DK\",\"@id\":\"https:\/\/strangercam.com\/#\/schema\/logo\/image\/\",\"url\":\"https:\/\/strangercam.com\/wp-content\/uploads\/2020\/11\/cropped-new-favicon-black.png\",\"contentUrl\":\"https:\/\/strangercam.com\/wp-content\/uploads\/2020\/11\/cropped-new-favicon-black.png\",\"width\":512,\"height\":512,\"caption\":\"Strangercam\"},\"image\":{\"@id\":\"https:\/\/strangercam.com\/#\/schema\/logo\/image\/\"},\"sameAs\":[\"https:\/\/www.facebook.com\/strangercam\",\"https:\/\/x.com\/strangercamapp\"]}]}<\/script>\n<!-- \/ Yoast SEO plugin. -->","yoast_head_json":{"title":"Tandoo - Chat roulette anonymt - Cam p\u00e5 StrangerCam.com","description":"Kan du lide Tandoo? Kom og chat med mere end 5.000.000 fremmede p\u00e5 Stranger Cam helt gratis! T\u00e6nd for dit kamera og find nye venner og m\u00e5ske et match!","robots":{"index":"index","follow":"follow","max-snippet":"max-snippet:-1","max-image-preview":"max-image-preview:large","max-video-preview":"max-video-preview:-1"},"canonical":"https:\/\/strangercam.com\/da\/tandoo\/","og_locale":"da_DK","og_type":"article","og_title":"Tandoo - Chat Roulette Anonymously - Cam on StrangerCam.com","og_description":"Like Tandoo? Come chat with more than 5.000.000 strangers on Stranger Cam for Free! Turn on your cam and find new friends & maby a match!","og_url":"https:\/\/strangercam.com\/da\/tandoo\/","og_site_name":"Strangercam","article_publisher":"https:\/\/www.facebook.com\/strangercam","article_modified_time":"2023-08-21T10:42:59+00:00","og_image":[{"width":800,"height":800,"url":"https:\/\/strangercam.com\/wp-content\/uploads\/2020\/11\/stranger-cam-1.png","type":"image\/png"}],"twitter_card":"summary_large_image","twitter_site":"@strangercamapp","twitter_misc":{"Estimeret l\u00e6setid":"2 minutter"},"schema":{"@context":"https:\/\/schema.org","@graph":[{"@type":"WebPage","@id":"https:\/\/strangercam.com\/tandoo\/","url":"https:\/\/strangercam.com\/tandoo\/","name":"Tandoo - Chat roulette anonymt - Cam p\u00e5 StrangerCam.com","isPartOf":{"@id":"https:\/\/strangercam.com\/#website"},"primaryImageOfPage":{"@id":"https:\/\/strangercam.com\/tandoo\/#primaryimage"},"image":{"@id":"https:\/\/strangercam.com\/tandoo\/#primaryimage"},"thumbnailUrl":"https:\/\/strangercam.com\/wp-content\/uploads\/2020\/11\/stranger-cam-1.png","datePublished":"2022-05-30T12:20:25+00:00","dateModified":"2023-08-21T10:42:59+00:00","description":"Kan du lide Tandoo? Kom og chat med mere end 5.000.000 fremmede p\u00e5 Stranger Cam helt gratis! T\u00e6nd for dit kamera og find nye venner og m\u00e5ske et match!","breadcrumb":{"@id":"https:\/\/strangercam.com\/tandoo\/#breadcrumb"},"inLanguage":"da-DK","potentialAction":[{"@type":"ReadAction","target":["https:\/\/strangercam.com\/tandoo\/"]}]},{"@type":"ImageObject","inLanguage":"da-DK","@id":"https:\/\/strangercam.com\/tandoo\/#primaryimage","url":"https:\/\/strangercam.com\/wp-content\/uploads\/2020\/11\/stranger-cam-1.png","contentUrl":"https:\/\/strangercam.com\/wp-content\/uploads\/2020\/11\/stranger-cam-1.png","width":800,"height":800,"caption":"stranger cam random video chat"},{"@type":"BreadcrumbList","@id":"https:\/\/strangercam.com\/tandoo\/#breadcrumb","itemListElement":[{"@type":"ListItem","position":1,"name":"Home","item":"https:\/\/strangercam.com\/"},{"@type":"ListItem","position":2,"name":"Tandoo"}]},{"@type":"WebSite","@id":"https:\/\/strangercam.com\/#website","url":"https:\/\/strangercam.com\/","name":"Strangercam","description":"Tilf\u00e6ldig videochat med fremmede","publisher":{"@id":"https:\/\/strangercam.com\/#organization"},"alternateName":"Strangercam.com","potentialAction":[{"@type":"SearchAction","target":{"@type":"EntryPoint","urlTemplate":"https:\/\/strangercam.com\/?s={search_term_string}"},"query-input":{"@type":"PropertyValueSpecification","valueRequired":true,"valueName":"search_term_string"}}],"inLanguage":"da-DK"},{"@type":"Organization","@id":"https:\/\/strangercam.com\/#organization","name":"Strangercam","alternateName":"Strangercam.com","url":"https:\/\/strangercam.com\/","logo":{"@type":"ImageObject","inLanguage":"da-DK","@id":"https:\/\/strangercam.com\/#\/schema\/logo\/image\/","url":"https:\/\/strangercam.com\/wp-content\/uploads\/2020\/11\/cropped-new-favicon-black.png","contentUrl":"https:\/\/strangercam.com\/wp-content\/uploads\/2020\/11\/cropped-new-favicon-black.png","width":512,"height":512,"caption":"Strangercam"},"image":{"@id":"https:\/\/strangercam.com\/#\/schema\/logo\/image\/"},"sameAs":["https:\/\/www.facebook.com\/strangercam","https:\/\/x.com\/strangercamapp"]}]}},"_links":{"self":[{"href":"https:\/\/strangercam.com\/da\/wp-json\/wp\/v2\/pages\/10096","targetHints":{"allow":["GET"]}}],"collection":[{"href":"https:\/\/strangercam.com\/da\/wp-json\/wp\/v2\/pages"}],"about":[{"href":"https:\/\/strangercam.com\/da\/wp-json\/wp\/v2\/types\/page"}],"author":[{"embeddable":true,"href":"https:\/\/strangercam.com\/da\/wp-json\/wp\/v2\/users\/6"}],"replies":[{"embeddable":true,"href":"https:\/\/strangercam.com\/da\/wp-json\/wp\/v2\/comments?post=10096"}],"version-history":[{"count":0,"href":"https:\/\/strangercam.com\/da\/wp-json\/wp\/v2\/pages\/10096\/revisions"}],"wp:featuredmedia":[{"embeddable":true,"href":"https:\/\/strangercam.com\/da\/wp-json\/wp\/v2\/media\/559"}],"wp:attachment":[{"href":"https:\/\/strangercam.com\/da\/wp-json\/wp\/v2\/media?parent=10096"}],"curies":[{"name":"wp","href":"https:\/\/api.w.org\/{rel}","templated":true}]}}