{"id":1004,"date":"2021-01-10T16:44:29","date_gmt":"2021-01-10T14:44:29","guid":{"rendered":"https:\/\/strangercam.com\/?page_id=1004"},"modified":"2023-08-21T12:24:41","modified_gmt":"2023-08-21T10:24:41","slug":"emerald-chat","status":"publish","type":"page","link":"https:\/\/strangercam.com\/da\/emerald-chat\/","title":{"rendered":"Emerald Chat"},"content":{"rendered":"<p>De fleste mennesker har en travl livsstil i dag for at n\u00e5 deres m\u00e5l. Derfor har de sv\u00e6rt ved at f\u00e5 nye venner, som de kan dele deres f\u00f8lelser med og andre ting med. Med teknologier, der vokser hurtigt dag for dag, bliver det en enkel proces at komme i kontakt med fremmede, der kan hj\u00e6lpe med at opbygge nye relationer. I dag findes der webplatforme og mobilapps, som har til form\u00e5l at opfylde forventningerne hos brugere, der \u00f8nsker at <a href=\"https:\/\/strangercam.com\/da\/chatroulette\/\">chat<\/a> med andre p\u00e5 en nem m\u00e5de. Samtidig er det n\u00f8dvendigt at evaluere dem med stor opm\u00e6rksomhed for at v\u00e6lge den rigtige.<\/p>\n<h2>Emerald webplatform til at m\u00f8de nye mennesker<\/h2>\n<p>Emerald er en webplatform, der er designet til hurtigt at m\u00f8de nye mennesker online. Platformen giver brugerne mulighed for at finde interessante personer fra forskellige samfundslag s\u00e5 hurtigt som muligt. Den giver mulighed for at komme i kontakt med mennesker, der har lignende interesser. Enhver, der \u00f8nsker at chatte med fremmede, kan bruge denne platform, fordi den tilbyder de bedste funktioner. Faktisk er platformen den rigtige destination for dem, der \u00f8nsker at identificere deres specielle i enkle trin. Samtidig b\u00f8r brugerne l\u00e6se instruktionerne omhyggeligt, f\u00f8r de chatter.<\/p>\n<h2>Hvordan fungerer det?<\/h2>\n<p>EmeraldChat h\u00e6vdes at v\u00e6re alternativet til <a href=\"https:\/\/strangercam.com\/da\/omegle\/\">Omegle<\/a> og dens brugergr\u00e6nseflade er stort set den samme. Ligesom Omegle kr\u00e6ver den ikke mange oplysninger for at registrere sig, og du kan starte en <a href=\"https:\/\/strangercam.com\/da\/video-chat-with-strangers\/\">videochat med fremmede<\/a> frit.<\/p>\n<p>For at begynde at videochatte med fremmede skal du g\u00e5 til startsiden og klikke p\u00e5 startknappen. V\u00e6lg derefter k\u00f8nnet mand-kvinde, og derefter bliver du bedt om at v\u00e6lge en mulighed fra<\/p>\n<ul>\n<li>En til en tekstchat<\/li>\n<li><a href=\"https:\/\/strangercam.com\/da\/rabbit-video-chat\/\">Videochat<\/a><\/li>\n<li>Gruppechat<\/li>\n<\/ul>\n<h3>En til en tekstchat:<\/h3>\n<p>I en-til-en-chat f\u00e5r du mulighed for kun at chatte med \u00e9n person, og du kan v\u00e6lge den person blandt de 13 forskellige hashtags, og n\u00e5r du klikker p\u00e5 det hashtag, du er interesseret i, finder Emerald et match til dig, og s\u00e5 kan du begynde at chatte med den person.<\/p>\n<h3>Videochat<\/h3>\n<p>I en-til-en-tekstchat kan du kun tekstchatte med en person. Hvis du vil se den anden person gennem et webcam, skal du v\u00e6lge videochatmuligheden. Mange mennesker foretr\u00e6kker denne mulighed og \u00f8nsker at videochatte med fremmede. Det er her, du kan finde gode venner eller romantik, eller du kan nyde det rettidige kammeratskab. N\u00e5r man bruger videochat, skal man v\u00e6re mere forsigtig og aldrig fort\u00e6lle nogen personlige oplysninger eller lignende til nogen fremmed, da mange online-svindlere altid leder efter uskyldige mennesker at svindle med.<\/p>\n<h3>Gruppechat<\/h3>\n<p>Emeralds gruppechatfunktioner giver brugerne mulighed for at deltage i forskellige grupper med f\u00e6lles interesser. Brugere kan deltage i gruppechat ved at v\u00e6lge de hashtags, der interesserer dem.<\/p>\n<h2>Hvilke funktioner er tilg\u00e6ngelige i Emerald-webplatformen?<\/h2>\n<p>Webplatformen giver brugerne mulighed for at f\u00f8re samtaler med tekstbeskeder og videochats for at sikre en bedre oplevelse. Derudover giver emerald chat-webplatformen brugerne mulighed for at dele fotos og mediefiler uden problemer. Brugere kan endda filtrere kampe efter k\u00f8n og placering p\u00e5 denne platform, n\u00e5r de vil <a href=\"https:\/\/strangercam.com\/da\/coomeet\/\">m\u00f8des<\/a> nye mennesker. Tilmeldingsprocessen er enkel og g\u00f8r det muligt for en person at s\u00f8ge efter gode venner fra forskellige dele af verden. Da webplatformen er gratis at bruge, g\u00f8r den det muligt for en person at komme i kontakt med andre s\u00e5 hurtigt som muligt.<\/p>\n<h2>Funktioner, der tilbydes af emerald chat app<\/h2>\n<p>Appen er i \u00f8jeblikket under udvikling og vil komme med unikke funktioner. Nogle af dem omfatter letv\u00e6gt, tilpasning, hyppige opdateringer, fuldtidsmoderation og fremragende support. Den vil fungere p\u00e5 alle mobile enheder, s\u00e5 brugerne kan foretage opkald med andre ved h\u00f8je hastigheder. De, der \u00f8nsker at vide mere om detaljerne, kan bes\u00f8ge den officielle hjemmeside, der kan hj\u00e6lpe med at finde nogen, der har fremragende kvaliteter. Smaragdchat-webplatformen g\u00f8r det muligt at opbygge nye relationer p\u00e5 forskellige steder for at dele alt i et sikkert milj\u00f8. P\u00e5 den anden side er det bydende n\u00f8dvendigt at l\u00e6se vilk\u00e5rene og betingelserne korrekt, f\u00f8r du bruger platformen.<\/p>\n<h2>Prisfasts\u00e6ttelse<\/h2>\n<p>Emerald er en fremmed videochat-app, der tilbyder sine grundl\u00e6ggende tjenester gratis. Men du kan altid k\u00f8be et medlemskab af den og nyde godt af nogle ekstra fordele. Den tilbyder to typer af medlemskabsprogrammer.<\/p>\n<ul>\n<li>Emerald Gold-medlemskab<\/li>\n<li>Emerald Hall of Fame<\/li>\n<\/ul>\n<h3>Emerald Gold-medlemskab<\/h3>\n<p>Emerald-brugere kan abonnere p\u00e5 guldmedlemskab ved at betale 3.89$ pr. m\u00e5ned. Emerald-guldmedlemmer kan nyde godt af mange premium-funktioner, herunder k\u00f8nsfiltre og et bl\u00e5t kryds ved siden af brugernes navne.<\/p>\n<h3>Emerald Hall of Fame<\/h3>\n<p>Emerald-brugere kan komme ind i Emerald Hall of Fame ved at betale 8.89$ pr. m\u00e5ned. Emerald Hall of Fame-brugernes profil vises i topresultaterne og f\u00e5r mange venneanmodninger og i sidste ende mange chancer for at chatte med mennesker over hele verden.<\/p>\n<h2>Er det sikkert at bruge?<\/h2>\n<p>Mange mennesker bruger nu videochat-apps til at finde nye venner, romantik eller sl\u00e5 tiden ihjel. Men mange fremmede videochat-apps er slet ikke sikre, de er enten fulde af online-svindlere og upassende indhold, eller der er risiko for privatlivets fred. EmeraldChat h\u00e6vdes at v\u00e6re alternativet til Omegle og den kopierede Omegle i alt, men her ser de ud til at mangle. Da den ikke kr\u00e6ver Emeralds mobilapp, er den stadig under udvikling, men du kan bruge den og har det samme brugervenlige dashboard som hjemmesiden.<\/p>","protected":false},"excerpt":{"rendered":"<p>Most people are having a busy lifestyle today to accomplish their goals. As a result, they find it difficult to make new friends for sharing their emotions and other things. With technologies are growing fast day by day, it becomes a simple process to connect with strangers easily that can help build new relationships. Nowadays, [&hellip;]<\/p>\n","protected":false},"author":6,"featured_media":559,"parent":0,"menu_order":0,"comment_status":"closed","ping_status":"closed","template":"","meta":{"footnotes":""},"class_list":["post-1004","page","type-page","status-publish","has-post-thumbnail","hentry"],"yoast_head":"<!-- This site is optimized with the Yoast SEO plugin v27.4 - https:\/\/yoast.com\/product\/yoast-seo-wordpress\/ -->\n<title>Emerald Chat - Cam with Strangers on StrangerCam.com<\/title>\n<meta name=\"description\" content=\"Like Emerald Chat? Come chat with more than 5.000.000 strangers on Stranger Cam for Free! Turn on your cam and find new friends!\" \/>\n<meta name=\"robots\" content=\"index, follow, max-snippet:-1, max-image-preview:large, max-video-preview:-1\" \/>\n<link rel=\"canonical\" href=\"https:\/\/strangercam.com\/da\/emerald-chat\/\" \/>\n<meta property=\"og:locale\" content=\"da_DK\" \/>\n<meta property=\"og:type\" content=\"article\" \/>\n<meta property=\"og:title\" content=\"Emerald Chat - Cam with Strangers on StrangerCam.com\" \/>\n<meta property=\"og:description\" content=\"Like Emerald Chat? Come chat with more than 5.000.000 strangers on Stranger Cam for Free! Turn on your cam and find new friends!\" \/>\n<meta property=\"og:url\" content=\"https:\/\/strangercam.com\/da\/emerald-chat\/\" \/>\n<meta property=\"og:site_name\" content=\"Strangercam\" \/>\n<meta property=\"article:publisher\" content=\"https:\/\/www.facebook.com\/strangercam\" \/>\n<meta property=\"article:modified_time\" content=\"2023-08-21T10:24:41+00:00\" \/>\n<meta property=\"og:image\" content=\"https:\/\/strangercam.com\/wp-content\/uploads\/2020\/11\/stranger-cam-1.png\" \/>\n\t<meta property=\"og:image:width\" content=\"800\" \/>\n\t<meta property=\"og:image:height\" content=\"800\" \/>\n\t<meta property=\"og:image:type\" content=\"image\/png\" \/>\n<meta name=\"twitter:card\" content=\"summary_large_image\" \/>\n<meta name=\"twitter:site\" content=\"@strangercamapp\" \/>\n<meta name=\"twitter:label1\" content=\"Estimeret l\u00e6setid\" \/>\n\t<meta name=\"twitter:data1\" content=\"5 minutter\" \/>\n<script type=\"application\/ld+json\" class=\"yoast-schema-graph\">{\"@context\":\"https:\\\/\\\/schema.org\",\"@graph\":[{\"@type\":\"WebPage\",\"@id\":\"https:\\\/\\\/strangercam.com\\\/emerald-chat\\\/\",\"url\":\"https:\\\/\\\/strangercam.com\\\/emerald-chat\\\/\",\"name\":\"Emerald Chat - Cam with Strangers on StrangerCam.com\",\"isPartOf\":{\"@id\":\"https:\\\/\\\/strangercam.com\\\/#website\"},\"primaryImageOfPage\":{\"@id\":\"https:\\\/\\\/strangercam.com\\\/emerald-chat\\\/#primaryimage\"},\"image\":{\"@id\":\"https:\\\/\\\/strangercam.com\\\/emerald-chat\\\/#primaryimage\"},\"thumbnailUrl\":\"https:\\\/\\\/strangercam.com\\\/wp-content\\\/uploads\\\/2020\\\/11\\\/stranger-cam-1.png\",\"datePublished\":\"2021-01-10T14:44:29+00:00\",\"dateModified\":\"2023-08-21T10:24:41+00:00\",\"description\":\"Like Emerald Chat? Come chat with more than 5.000.000 strangers on Stranger Cam for Free! Turn on your cam and find new friends!\",\"breadcrumb\":{\"@id\":\"https:\\\/\\\/strangercam.com\\\/emerald-chat\\\/#breadcrumb\"},\"inLanguage\":\"da-DK\",\"potentialAction\":[{\"@type\":\"ReadAction\",\"target\":[\"https:\\\/\\\/strangercam.com\\\/emerald-chat\\\/\"]}]},{\"@type\":\"ImageObject\",\"inLanguage\":\"da-DK\",\"@id\":\"https:\\\/\\\/strangercam.com\\\/emerald-chat\\\/#primaryimage\",\"url\":\"https:\\\/\\\/strangercam.com\\\/wp-content\\\/uploads\\\/2020\\\/11\\\/stranger-cam-1.png\",\"contentUrl\":\"https:\\\/\\\/strangercam.com\\\/wp-content\\\/uploads\\\/2020\\\/11\\\/stranger-cam-1.png\",\"width\":800,\"height\":800,\"caption\":\"stranger cam random video chat\"},{\"@type\":\"BreadcrumbList\",\"@id\":\"https:\\\/\\\/strangercam.com\\\/emerald-chat\\\/#breadcrumb\",\"itemListElement\":[{\"@type\":\"ListItem\",\"position\":1,\"name\":\"Home\",\"item\":\"https:\\\/\\\/strangercam.com\\\/\"},{\"@type\":\"ListItem\",\"position\":2,\"name\":\"Emerald Chat\"}]},{\"@type\":\"WebSite\",\"@id\":\"https:\\\/\\\/strangercam.com\\\/#website\",\"url\":\"https:\\\/\\\/strangercam.com\\\/\",\"name\":\"Strangercam\",\"description\":\"Random Video Chat with Strangers\",\"publisher\":{\"@id\":\"https:\\\/\\\/strangercam.com\\\/#organization\"},\"alternateName\":\"Strangercam.com\",\"potentialAction\":[{\"@type\":\"SearchAction\",\"target\":{\"@type\":\"EntryPoint\",\"urlTemplate\":\"https:\\\/\\\/strangercam.com\\\/?s={search_term_string}\"},\"query-input\":{\"@type\":\"PropertyValueSpecification\",\"valueRequired\":true,\"valueName\":\"search_term_string\"}}],\"inLanguage\":\"da-DK\"},{\"@type\":\"Organization\",\"@id\":\"https:\\\/\\\/strangercam.com\\\/#organization\",\"name\":\"Strangercam\",\"alternateName\":\"Strangercam.com\",\"url\":\"https:\\\/\\\/strangercam.com\\\/\",\"logo\":{\"@type\":\"ImageObject\",\"inLanguage\":\"da-DK\",\"@id\":\"https:\\\/\\\/strangercam.com\\\/#\\\/schema\\\/logo\\\/image\\\/\",\"url\":\"https:\\\/\\\/strangercam.com\\\/wp-content\\\/uploads\\\/2020\\\/11\\\/cropped-new-favicon-black.png\",\"contentUrl\":\"https:\\\/\\\/strangercam.com\\\/wp-content\\\/uploads\\\/2020\\\/11\\\/cropped-new-favicon-black.png\",\"width\":512,\"height\":512,\"caption\":\"Strangercam\"},\"image\":{\"@id\":\"https:\\\/\\\/strangercam.com\\\/#\\\/schema\\\/logo\\\/image\\\/\"},\"sameAs\":[\"https:\\\/\\\/www.facebook.com\\\/strangercam\",\"https:\\\/\\\/x.com\\\/strangercamapp\"]}]}<\/script>\n<!-- \/ Yoast SEO plugin. -->","yoast_head_json":{"title":"Emerald Chat - Cam med fremmede p\u00e5 StrangerCam.com","description":"Kan du lide Emerald Chat? Kom og chat med mere end 5.000.000 fremmede p\u00e5 Stranger Cam helt gratis! T\u00e6nd for dit kamera, og find nye venner!","robots":{"index":"index","follow":"follow","max-snippet":"max-snippet:-1","max-image-preview":"max-image-preview:large","max-video-preview":"max-video-preview:-1"},"canonical":"https:\/\/strangercam.com\/da\/emerald-chat\/","og_locale":"da_DK","og_type":"article","og_title":"Emerald Chat - Cam with Strangers on StrangerCam.com","og_description":"Like Emerald Chat? Come chat with more than 5.000.000 strangers on Stranger Cam for Free! Turn on your cam and find new friends!","og_url":"https:\/\/strangercam.com\/da\/emerald-chat\/","og_site_name":"Strangercam","article_publisher":"https:\/\/www.facebook.com\/strangercam","article_modified_time":"2023-08-21T10:24:41+00:00","og_image":[{"width":800,"height":800,"url":"https:\/\/strangercam.com\/wp-content\/uploads\/2020\/11\/stranger-cam-1.png","type":"image\/png"}],"twitter_card":"summary_large_image","twitter_site":"@strangercamapp","twitter_misc":{"Estimeret l\u00e6setid":"5 minutter"},"schema":{"@context":"https:\/\/schema.org","@graph":[{"@type":"WebPage","@id":"https:\/\/strangercam.com\/emerald-chat\/","url":"https:\/\/strangercam.com\/emerald-chat\/","name":"Emerald Chat - Cam med fremmede p\u00e5 StrangerCam.com","isPartOf":{"@id":"https:\/\/strangercam.com\/#website"},"primaryImageOfPage":{"@id":"https:\/\/strangercam.com\/emerald-chat\/#primaryimage"},"image":{"@id":"https:\/\/strangercam.com\/emerald-chat\/#primaryimage"},"thumbnailUrl":"https:\/\/strangercam.com\/wp-content\/uploads\/2020\/11\/stranger-cam-1.png","datePublished":"2021-01-10T14:44:29+00:00","dateModified":"2023-08-21T10:24:41+00:00","description":"Kan du lide Emerald Chat? Kom og chat med mere end 5.000.000 fremmede p\u00e5 Stranger Cam helt gratis! T\u00e6nd for dit kamera, og find nye venner!","breadcrumb":{"@id":"https:\/\/strangercam.com\/emerald-chat\/#breadcrumb"},"inLanguage":"da-DK","potentialAction":[{"@type":"ReadAction","target":["https:\/\/strangercam.com\/emerald-chat\/"]}]},{"@type":"ImageObject","inLanguage":"da-DK","@id":"https:\/\/strangercam.com\/emerald-chat\/#primaryimage","url":"https:\/\/strangercam.com\/wp-content\/uploads\/2020\/11\/stranger-cam-1.png","contentUrl":"https:\/\/strangercam.com\/wp-content\/uploads\/2020\/11\/stranger-cam-1.png","width":800,"height":800,"caption":"stranger cam random video chat"},{"@type":"BreadcrumbList","@id":"https:\/\/strangercam.com\/emerald-chat\/#breadcrumb","itemListElement":[{"@type":"ListItem","position":1,"name":"Home","item":"https:\/\/strangercam.com\/"},{"@type":"ListItem","position":2,"name":"Emerald Chat"}]},{"@type":"WebSite","@id":"https:\/\/strangercam.com\/#website","url":"https:\/\/strangercam.com\/","name":"Strangercam","description":"Tilf\u00e6ldig videochat med fremmede","publisher":{"@id":"https:\/\/strangercam.com\/#organization"},"alternateName":"Strangercam.com","potentialAction":[{"@type":"SearchAction","target":{"@type":"EntryPoint","urlTemplate":"https:\/\/strangercam.com\/?s={search_term_string}"},"query-input":{"@type":"PropertyValueSpecification","valueRequired":true,"valueName":"search_term_string"}}],"inLanguage":"da-DK"},{"@type":"Organization","@id":"https:\/\/strangercam.com\/#organization","name":"Strangercam","alternateName":"Strangercam.com","url":"https:\/\/strangercam.com\/","logo":{"@type":"ImageObject","inLanguage":"da-DK","@id":"https:\/\/strangercam.com\/#\/schema\/logo\/image\/","url":"https:\/\/strangercam.com\/wp-content\/uploads\/2020\/11\/cropped-new-favicon-black.png","contentUrl":"https:\/\/strangercam.com\/wp-content\/uploads\/2020\/11\/cropped-new-favicon-black.png","width":512,"height":512,"caption":"Strangercam"},"image":{"@id":"https:\/\/strangercam.com\/#\/schema\/logo\/image\/"},"sameAs":["https:\/\/www.facebook.com\/strangercam","https:\/\/x.com\/strangercamapp"]}]}},"_links":{"self":[{"href":"https:\/\/strangercam.com\/da\/wp-json\/wp\/v2\/pages\/1004","targetHints":{"allow":["GET"]}}],"collection":[{"href":"https:\/\/strangercam.com\/da\/wp-json\/wp\/v2\/pages"}],"about":[{"href":"https:\/\/strangercam.com\/da\/wp-json\/wp\/v2\/types\/page"}],"author":[{"embeddable":true,"href":"https:\/\/strangercam.com\/da\/wp-json\/wp\/v2\/users\/6"}],"replies":[{"embeddable":true,"href":"https:\/\/strangercam.com\/da\/wp-json\/wp\/v2\/comments?post=1004"}],"version-history":[{"count":0,"href":"https:\/\/strangercam.com\/da\/wp-json\/wp\/v2\/pages\/1004\/revisions"}],"wp:featuredmedia":[{"embeddable":true,"href":"https:\/\/strangercam.com\/da\/wp-json\/wp\/v2\/media\/559"}],"wp:attachment":[{"href":"https:\/\/strangercam.com\/da\/wp-json\/wp\/v2\/media?parent=1004"}],"curies":[{"name":"wp","href":"https:\/\/api.w.org\/{rel}","templated":true}]}}