{"id":10021,"date":"2022-05-30T13:39:35","date_gmt":"2022-05-30T11:39:35","guid":{"rendered":"https:\/\/strangercam.com\/?page_id=10021"},"modified":"2023-08-21T12:38:00","modified_gmt":"2023-08-21T10:38:00","slug":"randochat","status":"publish","type":"page","link":"https:\/\/strangercam.com\/da\/randochat\/","title":{"rendered":"Randochat"},"content":{"rendered":"<p>RandoChat er en tilf\u00e6ldig <a href=\"https:\/\/strangercam.com\/da\/chatroulette\/\">chat<\/a> program, der giver dig mulighed for at <a href=\"https:\/\/strangercam.com\/da\/coomeet\/\">m\u00f8des<\/a> nye mennesker anonymt. Det er ikke n\u00f8dvendigt at oprette en konto eller logge ind. Med et enkelt tryk kan du starte en en-til-en-samtale. Hjemmesiden tilbyder en brugervenlig platform til at interagere med nye mennesker online. Randochat tilbyder kundesupport af h\u00f8jeste kvalitet.<\/p>\n<h3>Hvordan bruger man dating-appen Randochat?<\/h3>\n<p>Du kan bruge smartphone-applikationen, som giver dig mulighed for at kommunikere med andre brugere, der har tilmeldt sig systemet. Brugerne skal ikke betale noget for at f\u00e5 gl\u00e6de af de interessante funktioner p\u00e5 hjemmesiden. Det er fuldst\u00e6ndig <a href=\"https:\/\/strangercam.com\/da\/chat4free\/\">gratis<\/a> for brugerne. Det er ikke n\u00f8dvendigt at registrere sig. Denne pakke fungerer p\u00e5 samme m\u00e5de som en standard SMS-service, og den giver dig mulighed for at sende b\u00e5de tekst og billeder. Dette systems tilf\u00e6ldighed g\u00f8r det meget sjovt at bruge.<\/p>\n<h3>Vigtigste funktioner p\u00e5 hjemmesiden Randochat<\/h3>\n<p>Her er nogle af de vigtigste funktioner i Randochat:<\/p>\n<ul>\n<li>G\u00f8r RandoChat til din ven. Interager med nye mennesker, mens <a href=\"https:\/\/strangercam.com\/da\/chatingly\/\">Chatter<\/a> anonymt! Det er en helt gratis tjeneste.<\/li>\n<li>Beholder ikke dataene. Dine samtaler opbevares kun p\u00e5 vores servere i en begr\u00e6nset periode og fjernes, n\u00e5r de er blevet sendt til din chatmakker.<\/li>\n<li>For at bruge denne software skal du v\u00e6re mindst 18 \u00e5r gammel. Du m\u00e5 ikke uploade upassende indhold som f.eks. n\u00f8genhed, racistisk eller st\u00f8dende materiale. Hvis det viser sig, at du overtr\u00e6der vores betingelser, kan din konto blive suspenderet p\u00e5 ubestemt tid.<\/li>\n<li>Datasikkerhed. At vide, hvordan udviklere indsamler og deler dine data, er det f\u00f8rste skridt mod sikkerhed. Din praksis for databeskyttelse og fortrolighed kan variere afh\u00e6ngigt af, hvordan du bruger webstedet, hvor du <a href=\"https:\/\/strangercam.com\/da\/mili\/\">leve<\/a>og hvor gammel du er. Disse oplysninger er leveret af udvikleren, som kan opdatere dem i fremtiden.<\/li>\n<li>Der vil ikke v\u00e6re nogen datadeling med tredjeparter. Hjemmesiden giver ikke data til annonc\u00f8rer, som kan bruge dem til forskellige form\u00e5l. Du kan f\u00e5 mere at vide om delingserkl\u00e6ringerne ved at kontakte kundesupport.<\/li>\n<li>Disse datatyper kan indsamles af denne app. Det betyder, at webstedet ikke deler eller gemmer nogen af dine personlige oplysninger, fotos eller videoer. Under transporten er data krypteret.<\/li>\n<li>Fjernelse af data. Hvis du ikke er tryg ved de data, der er lagt ud p\u00e5 nettet, kan du bede om at f\u00e5 dine data fjernet.<\/li>\n<\/ul>\n<h3>Konklusion<\/h3>\n<p>Randochat er en fremragende kvalitetsplatform til at interagere med de rigtige mennesker online. Du kan bruge filtrene til at n\u00e5 den person, du m\u00e5ske elsker, og tilbringe en god tid sammen.<\/p>","protected":false},"excerpt":{"rendered":"<p>RandoChat is a random chat program that allows you to meet new people anonymously. There is no need to establish an account or log in. With a single tap, you may start a one-on-one conversation. The website offers an easy-to-use platform for interacting with new people online. The Randochat offers the highest quality customer support [&hellip;]<\/p>\n","protected":false},"author":6,"featured_media":559,"parent":0,"menu_order":0,"comment_status":"closed","ping_status":"closed","template":"","meta":{"footnotes":""},"class_list":["post-10021","page","type-page","status-publish","has-post-thumbnail","hentry"],"yoast_head":"<!-- This site is optimized with the Yoast SEO plugin v27.4 - https:\/\/yoast.com\/product\/yoast-seo-wordpress\/ -->\n<title>Randochat - Chat Roulette Anonymously - Cam on StrangerCam.com<\/title>\n<meta name=\"description\" content=\"Like Randochat? Come chat with more than 5.000.000 strangers on Stranger Cam for Free! Turn on your cam and find new friends &amp; maby a match!\" \/>\n<meta name=\"robots\" content=\"index, follow, max-snippet:-1, max-image-preview:large, max-video-preview:-1\" \/>\n<link rel=\"canonical\" href=\"https:\/\/strangercam.com\/da\/randochat\/\" \/>\n<meta property=\"og:locale\" content=\"da_DK\" \/>\n<meta property=\"og:type\" content=\"article\" \/>\n<meta property=\"og:title\" content=\"Randochat - Chat Roulette Anonymously - Cam on StrangerCam.com\" \/>\n<meta property=\"og:description\" content=\"Like Randochat? Come chat with more than 5.000.000 strangers on Stranger Cam for Free! Turn on your cam and find new friends &amp; maby a match!\" \/>\n<meta property=\"og:url\" content=\"https:\/\/strangercam.com\/da\/randochat\/\" \/>\n<meta property=\"og:site_name\" content=\"Strangercam\" \/>\n<meta property=\"article:publisher\" content=\"https:\/\/www.facebook.com\/strangercam\" \/>\n<meta property=\"article:modified_time\" content=\"2023-08-21T10:38:00+00:00\" \/>\n<meta property=\"og:image\" content=\"https:\/\/strangercam.com\/wp-content\/uploads\/2020\/11\/stranger-cam-1.png\" \/>\n\t<meta property=\"og:image:width\" content=\"800\" \/>\n\t<meta property=\"og:image:height\" content=\"800\" \/>\n\t<meta property=\"og:image:type\" content=\"image\/png\" \/>\n<meta name=\"twitter:card\" content=\"summary_large_image\" \/>\n<meta name=\"twitter:site\" content=\"@strangercamapp\" \/>\n<meta name=\"twitter:label1\" content=\"Estimeret l\u00e6setid\" \/>\n\t<meta name=\"twitter:data1\" content=\"2 minutter\" \/>\n<script type=\"application\/ld+json\" class=\"yoast-schema-graph\">{\"@context\":\"https:\\\/\\\/schema.org\",\"@graph\":[{\"@type\":\"WebPage\",\"@id\":\"https:\\\/\\\/strangercam.com\\\/randochat\\\/\",\"url\":\"https:\\\/\\\/strangercam.com\\\/randochat\\\/\",\"name\":\"Randochat - Chat Roulette Anonymously - Cam on StrangerCam.com\",\"isPartOf\":{\"@id\":\"https:\\\/\\\/strangercam.com\\\/#website\"},\"primaryImageOfPage\":{\"@id\":\"https:\\\/\\\/strangercam.com\\\/randochat\\\/#primaryimage\"},\"image\":{\"@id\":\"https:\\\/\\\/strangercam.com\\\/randochat\\\/#primaryimage\"},\"thumbnailUrl\":\"https:\\\/\\\/strangercam.com\\\/wp-content\\\/uploads\\\/2020\\\/11\\\/stranger-cam-1.png\",\"datePublished\":\"2022-05-30T11:39:35+00:00\",\"dateModified\":\"2023-08-21T10:38:00+00:00\",\"description\":\"Like Randochat? Come chat with more than 5.000.000 strangers on Stranger Cam for Free! Turn on your cam and find new friends & maby a match!\",\"breadcrumb\":{\"@id\":\"https:\\\/\\\/strangercam.com\\\/randochat\\\/#breadcrumb\"},\"inLanguage\":\"da-DK\",\"potentialAction\":[{\"@type\":\"ReadAction\",\"target\":[\"https:\\\/\\\/strangercam.com\\\/randochat\\\/\"]}]},{\"@type\":\"ImageObject\",\"inLanguage\":\"da-DK\",\"@id\":\"https:\\\/\\\/strangercam.com\\\/randochat\\\/#primaryimage\",\"url\":\"https:\\\/\\\/strangercam.com\\\/wp-content\\\/uploads\\\/2020\\\/11\\\/stranger-cam-1.png\",\"contentUrl\":\"https:\\\/\\\/strangercam.com\\\/wp-content\\\/uploads\\\/2020\\\/11\\\/stranger-cam-1.png\",\"width\":800,\"height\":800,\"caption\":\"stranger cam random video chat\"},{\"@type\":\"BreadcrumbList\",\"@id\":\"https:\\\/\\\/strangercam.com\\\/randochat\\\/#breadcrumb\",\"itemListElement\":[{\"@type\":\"ListItem\",\"position\":1,\"name\":\"Home\",\"item\":\"https:\\\/\\\/strangercam.com\\\/\"},{\"@type\":\"ListItem\",\"position\":2,\"name\":\"Randochat\"}]},{\"@type\":\"WebSite\",\"@id\":\"https:\\\/\\\/strangercam.com\\\/#website\",\"url\":\"https:\\\/\\\/strangercam.com\\\/\",\"name\":\"Strangercam\",\"description\":\"Random Video Chat with Strangers\",\"publisher\":{\"@id\":\"https:\\\/\\\/strangercam.com\\\/#organization\"},\"alternateName\":\"Strangercam.com\",\"potentialAction\":[{\"@type\":\"SearchAction\",\"target\":{\"@type\":\"EntryPoint\",\"urlTemplate\":\"https:\\\/\\\/strangercam.com\\\/?s={search_term_string}\"},\"query-input\":{\"@type\":\"PropertyValueSpecification\",\"valueRequired\":true,\"valueName\":\"search_term_string\"}}],\"inLanguage\":\"da-DK\"},{\"@type\":\"Organization\",\"@id\":\"https:\\\/\\\/strangercam.com\\\/#organization\",\"name\":\"Strangercam\",\"alternateName\":\"Strangercam.com\",\"url\":\"https:\\\/\\\/strangercam.com\\\/\",\"logo\":{\"@type\":\"ImageObject\",\"inLanguage\":\"da-DK\",\"@id\":\"https:\\\/\\\/strangercam.com\\\/#\\\/schema\\\/logo\\\/image\\\/\",\"url\":\"https:\\\/\\\/strangercam.com\\\/wp-content\\\/uploads\\\/2020\\\/11\\\/cropped-new-favicon-black.png\",\"contentUrl\":\"https:\\\/\\\/strangercam.com\\\/wp-content\\\/uploads\\\/2020\\\/11\\\/cropped-new-favicon-black.png\",\"width\":512,\"height\":512,\"caption\":\"Strangercam\"},\"image\":{\"@id\":\"https:\\\/\\\/strangercam.com\\\/#\\\/schema\\\/logo\\\/image\\\/\"},\"sameAs\":[\"https:\\\/\\\/www.facebook.com\\\/strangercam\",\"https:\\\/\\\/x.com\\\/strangercamapp\"]}]}<\/script>\n<!-- \/ Yoast SEO plugin. -->","yoast_head_json":{"title":"Randochat - Chat roulette anonymt - Cam p\u00e5 StrangerCam.com","description":"Kan du lide Randochat? Kom og chat med mere end 5.000.000 fremmede p\u00e5 Stranger Cam helt gratis! T\u00e6nd for dit kamera og find nye venner og m\u00e5ske et match!","robots":{"index":"index","follow":"follow","max-snippet":"max-snippet:-1","max-image-preview":"max-image-preview:large","max-video-preview":"max-video-preview:-1"},"canonical":"https:\/\/strangercam.com\/da\/randochat\/","og_locale":"da_DK","og_type":"article","og_title":"Randochat - Chat Roulette Anonymously - Cam on StrangerCam.com","og_description":"Like Randochat? Come chat with more than 5.000.000 strangers on Stranger Cam for Free! Turn on your cam and find new friends & maby a match!","og_url":"https:\/\/strangercam.com\/da\/randochat\/","og_site_name":"Strangercam","article_publisher":"https:\/\/www.facebook.com\/strangercam","article_modified_time":"2023-08-21T10:38:00+00:00","og_image":[{"width":800,"height":800,"url":"https:\/\/strangercam.com\/wp-content\/uploads\/2020\/11\/stranger-cam-1.png","type":"image\/png"}],"twitter_card":"summary_large_image","twitter_site":"@strangercamapp","twitter_misc":{"Estimeret l\u00e6setid":"2 minutter"},"schema":{"@context":"https:\/\/schema.org","@graph":[{"@type":"WebPage","@id":"https:\/\/strangercam.com\/randochat\/","url":"https:\/\/strangercam.com\/randochat\/","name":"Randochat - Chat roulette anonymt - Cam p\u00e5 StrangerCam.com","isPartOf":{"@id":"https:\/\/strangercam.com\/#website"},"primaryImageOfPage":{"@id":"https:\/\/strangercam.com\/randochat\/#primaryimage"},"image":{"@id":"https:\/\/strangercam.com\/randochat\/#primaryimage"},"thumbnailUrl":"https:\/\/strangercam.com\/wp-content\/uploads\/2020\/11\/stranger-cam-1.png","datePublished":"2022-05-30T11:39:35+00:00","dateModified":"2023-08-21T10:38:00+00:00","description":"Kan du lide Randochat? Kom og chat med mere end 5.000.000 fremmede p\u00e5 Stranger Cam helt gratis! T\u00e6nd for dit kamera og find nye venner og m\u00e5ske et match!","breadcrumb":{"@id":"https:\/\/strangercam.com\/randochat\/#breadcrumb"},"inLanguage":"da-DK","potentialAction":[{"@type":"ReadAction","target":["https:\/\/strangercam.com\/randochat\/"]}]},{"@type":"ImageObject","inLanguage":"da-DK","@id":"https:\/\/strangercam.com\/randochat\/#primaryimage","url":"https:\/\/strangercam.com\/wp-content\/uploads\/2020\/11\/stranger-cam-1.png","contentUrl":"https:\/\/strangercam.com\/wp-content\/uploads\/2020\/11\/stranger-cam-1.png","width":800,"height":800,"caption":"stranger cam random video chat"},{"@type":"BreadcrumbList","@id":"https:\/\/strangercam.com\/randochat\/#breadcrumb","itemListElement":[{"@type":"ListItem","position":1,"name":"Home","item":"https:\/\/strangercam.com\/"},{"@type":"ListItem","position":2,"name":"Randochat"}]},{"@type":"WebSite","@id":"https:\/\/strangercam.com\/#website","url":"https:\/\/strangercam.com\/","name":"Strangercam","description":"Tilf\u00e6ldig videochat med fremmede","publisher":{"@id":"https:\/\/strangercam.com\/#organization"},"alternateName":"Strangercam.com","potentialAction":[{"@type":"SearchAction","target":{"@type":"EntryPoint","urlTemplate":"https:\/\/strangercam.com\/?s={search_term_string}"},"query-input":{"@type":"PropertyValueSpecification","valueRequired":true,"valueName":"search_term_string"}}],"inLanguage":"da-DK"},{"@type":"Organization","@id":"https:\/\/strangercam.com\/#organization","name":"Strangercam","alternateName":"Strangercam.com","url":"https:\/\/strangercam.com\/","logo":{"@type":"ImageObject","inLanguage":"da-DK","@id":"https:\/\/strangercam.com\/#\/schema\/logo\/image\/","url":"https:\/\/strangercam.com\/wp-content\/uploads\/2020\/11\/cropped-new-favicon-black.png","contentUrl":"https:\/\/strangercam.com\/wp-content\/uploads\/2020\/11\/cropped-new-favicon-black.png","width":512,"height":512,"caption":"Strangercam"},"image":{"@id":"https:\/\/strangercam.com\/#\/schema\/logo\/image\/"},"sameAs":["https:\/\/www.facebook.com\/strangercam","https:\/\/x.com\/strangercamapp"]}]}},"_links":{"self":[{"href":"https:\/\/strangercam.com\/da\/wp-json\/wp\/v2\/pages\/10021","targetHints":{"allow":["GET"]}}],"collection":[{"href":"https:\/\/strangercam.com\/da\/wp-json\/wp\/v2\/pages"}],"about":[{"href":"https:\/\/strangercam.com\/da\/wp-json\/wp\/v2\/types\/page"}],"author":[{"embeddable":true,"href":"https:\/\/strangercam.com\/da\/wp-json\/wp\/v2\/users\/6"}],"replies":[{"embeddable":true,"href":"https:\/\/strangercam.com\/da\/wp-json\/wp\/v2\/comments?post=10021"}],"version-history":[{"count":0,"href":"https:\/\/strangercam.com\/da\/wp-json\/wp\/v2\/pages\/10021\/revisions"}],"wp:featuredmedia":[{"embeddable":true,"href":"https:\/\/strangercam.com\/da\/wp-json\/wp\/v2\/media\/559"}],"wp:attachment":[{"href":"https:\/\/strangercam.com\/da\/wp-json\/wp\/v2\/media?parent=10021"}],"curies":[{"name":"wp","href":"https:\/\/api.w.org\/{rel}","templated":true}]}}