{"id":9999,"date":"2022-05-30T13:30:50","date_gmt":"2022-05-30T11:30:50","guid":{"rendered":"https:\/\/strangercam.com\/?page_id=9999"},"modified":"2023-08-21T12:24:41","modified_gmt":"2023-08-21T10:24:41","slug":"chatplanet","status":"publish","type":"page","link":"https:\/\/strangercam.com\/cs\/chatplanet\/","title":{"rendered":"Chatplanet"},"content":{"rendered":"<p>Chatplanet chodit s n\u011bk\u00fdm Aplikace je jedn\u00edm z nejzn\u00e1m\u011bj\u0161\u00edch chodit s n\u011bk\u00fdm aplikace on-line. Jedn\u00e1 se o snadno pou\u017eiteln\u00fd n\u00e1stroj pro konverzaci s n\u00e1hodn\u00fdmi jedinci z cel\u00e9ho sv\u011bta. Kdy\u017e stisknete tla\u010d\u00edtko \u201cStart\u201d, p\u0159iv\u00edtaj\u00ed v\u00e1s stovky lid\u00ed, kte\u0159\u00ed tou\u017e\u00ed po tom, abyste se <a href=\"https:\/\/strangercam.com\/cs\/chathub\/\">chat<\/a>. Je tu spousta kr\u00e1sn\u00fdch d\u00edvek a dobr\u00fdch lid\u00ed, kte\u0159\u00ed si pov\u00eddaj\u00ed.<\/p>\n<h3>Bezpe\u010dn\u00fd a zabezpe\u010den\u00fd syst\u00e9m pro lidi, kte\u0159\u00ed hledaj\u00ed slu\u0161n\u00e9ho a chytr\u00e9ho spole\u010dn\u00edka online<\/h3>\n<p>Jedn\u00e1 se o jeden z nejbezpe\u010dn\u011bj\u0161\u00edch chodit s n\u011bk\u00fdm aplikace, kter\u00e9 umo\u017e\u0148uj\u00ed ostatn\u00edm lidem, aby si sv\u016fj \u010das pln\u011b u\u017e\u00edvat. Pokud v\u00e1m chov\u00e1n\u00ed ciz\u00edho \u010dlov\u011bka vad\u00ed, jednodu\u0161e stiskn\u011bte tla\u010d\u00edtko \u201cDal\u0161\u00ed\u201d a p\u0159ejd\u011bte k dal\u0161\u00edmu \u010dlov\u011bku, se kter\u00fdm si chcete promluvit. Sou\u010d\u00e1st\u00ed aplikace je tla\u010d\u00edtko pro st\u00ed\u017enosti. M\u016f\u017eete si st\u011b\u017eovat, pokud v\u00e1s prot\u011bj\u0161ek zneu\u017e\u00edv\u00e1 nebo pokud se domn\u00edv\u00e1te, \u017ee poru\u0161uje pravidla videochatu. Va\u0161\u00ed st\u00ed\u017enost\u00ed se budou spr\u00e1vci ihned zab\u00fdvat.<\/p>\n<h3>Zaji\u0161t\u011bn\u00ed soukrom\u00ed a bezpe\u010dnosti u\u017eivatel\u016f chatuj\u00edc\u00edch a u\u017e\u00edvaj\u00edc\u00edch si \u010das na Chatplanet<\/h3>\n<p>Chatplanet zaji\u0161\u0165uje bezpe\u010dnost nejen pro u\u017eivatele, ale tak\u00e9 proti vlastn\u00edmu syst\u00e9mu. Zaji\u0161\u0165uje tak\u00e9 bezpe\u010dnost u\u017eivatel\u016f na serverech. Pochopen\u00ed toho, jak v\u00fdvoj\u00e1\u0159i z\u00edsk\u00e1vaj\u00ed a pou\u017e\u00edvaj\u00ed va\u0161e \u00fadaje, je prvn\u00edm krokem k bezpe\u010dnosti. Zabezpe\u010den\u00ed informac\u00ed o va\u0161ich \u00fadaj\u00edch a postupy ochrany soukrom\u00ed se mohou li\u0161it v z\u00e1vislosti na tom, jak str\u00e1nky pou\u017e\u00edv\u00e1te, kde \u017eijete a kolik je v\u00e1m let. Tyto informace poskytl v\u00fdvoj\u00e1\u0159, kter\u00fd je m\u016f\u017ee v budoucnu aktualizovat.<\/p>\n<ul>\n<li>Nedojde ke sd\u00edlen\u00ed \u00fadaj\u016f s t\u0159et\u00edmi stranami. V\u00edce informac\u00ed o prohl\u00e1\u0161en\u00edch o sd\u00edlen\u00ed u\u010din\u011bn\u00fdch v\u00fdvoj\u00e1\u0159i se dozv\u00edte zde.<\/li>\n<li>Nebyly shrom\u00e1\u017ed\u011bny \u017e\u00e1dn\u00e9 informace. Zjist\u011bte v\u00edce o tom, jak program\u00e1to\u0159i deklaruj\u00ed kolekce.<\/li>\n<\/ul>\n<h3>Jsme nejlep\u0161\u00ed alternativn\u00ed webov\u00e9 str\u00e1nky pro v\u0161echny popul\u00e1rn\u00ed seznamka.<\/h3>\n<p>Chatplanet System nab\u00edz\u00ed sv\u00fdm u\u017eivatel\u016fm kvalitn\u00ed a vysoce spolehliv\u00e9 seznamovac\u00ed slu\u017eby. <a href=\"https:\/\/strangercam.com\/cs\/coomeet\/\">Videochat<\/a> na Random ChatPlanet je skv\u011bl\u00fdm m\u00edstem pro navazov\u00e1n\u00ed bl\u00edzk\u00fdch zn\u00e1most\u00ed a my v\u00e1m n\u00e1hodn\u011b vybereme n\u011bkoho, kdo v\u00e1m pom\u016f\u017ee za\u010d\u00edt. Dokud neodhal\u00edte svou identitu, jsou chaty anonymn\u00ed. Alternativy k <a href=\"https:\/\/strangercam.com\/cs\/omegle\/\">Omegle<\/a>, <a href=\"https:\/\/strangercam.com\/cs\/chatroulette\/\">ChatRoulette<\/a>, a Chatruletka jsou Omegle, ChatRoulette a Chatruletka. Chatplanet je nejv\u011bt\u0161\u00edm m\u00edstem n\u00e1hodn\u00e9ho videochatu pro pozn\u00e1v\u00e1n\u00ed nov\u00fdch lid\u00ed. Dejte se do \u0159e\u010di s n\u00e1hodn\u00fdmi cizinci.<\/p>\n<h3>Komunikujte s doty\u010dnou osobou o sv\u00fdch du\u0161evn\u00edch schopnostech a z\u00e1zem\u00ed<\/h3>\n<p>Ve spole\u010dnosti Chatplanet jsme zavedli chytr\u00e9 filtry, kter\u00e9 v\u00e1m umo\u017en\u00ed naj\u00edt tu spr\u00e1vnou osobu. M\u016f\u017eete zadat profesi, fyzick\u00e9 atributy a dal\u0161\u00ed informace o m\u00edst\u011b, abyste z\u00edskali nejlep\u0161\u00ed v\u00fdsledek. M\u016f\u017eete tak komunikovat se spr\u00e1vn\u00fdmi lidmi a pro\u017e\u00edt nejlep\u0161\u00ed chv\u00edle sv\u00e9ho \u017eivota.<\/p>\n<h3>Z\u00e1v\u011br<\/h3>\n<p>Pokud byste cht\u011bli komunikovat s lidmi va\u0161eho kalibru, p\u0159ipojte se k seznamovac\u00ed aplikaci Chatplanet je\u0161t\u011b dnes.<\/p>","protected":false},"excerpt":{"rendered":"<p>Chatplanet dating app is one of the most famous dating apps online. This is an easy-to-use tool for conversing with random individuals from all over the world. When you press the &#8220;Start&#8221; button, you&#8217;ll be greeted by hundreds of folks eager to chat. There are a lot of lovely girls and good people conversing. A [&hellip;]<\/p>\n","protected":false},"author":6,"featured_media":559,"parent":0,"menu_order":0,"comment_status":"closed","ping_status":"closed","template":"","meta":{"footnotes":""},"class_list":["post-9999","page","type-page","status-publish","has-post-thumbnail","hentry"],"yoast_head":"<!-- This site is optimized with the Yoast SEO plugin v26.9 - https:\/\/yoast.com\/product\/yoast-seo-wordpress\/ -->\n<title>Chatplanet - Random Video Chat - Cam on StrangerCam.com<\/title>\n<meta name=\"description\" content=\"Like Chatplanet? Come chat with more than 5.000.000 strangers on Stranger Cam for Free! Turn on your cam and find new friends &amp; maby a match!\" \/>\n<meta name=\"robots\" content=\"index, follow, max-snippet:-1, max-image-preview:large, max-video-preview:-1\" \/>\n<link rel=\"canonical\" href=\"https:\/\/strangercam.com\/cs\/chatplanet\/\" \/>\n<meta property=\"og:locale\" content=\"cs_CZ\" \/>\n<meta property=\"og:type\" content=\"article\" \/>\n<meta property=\"og:title\" content=\"Chatplanet - Random Video Chat - Cam on StrangerCam.com\" \/>\n<meta property=\"og:description\" content=\"Like Chatplanet? Come chat with more than 5.000.000 strangers on Stranger Cam for Free! Turn on your cam and find new friends &amp; maby a match!\" \/>\n<meta property=\"og:url\" content=\"https:\/\/strangercam.com\/cs\/chatplanet\/\" \/>\n<meta property=\"og:site_name\" content=\"Strangercam\" \/>\n<meta property=\"article:publisher\" content=\"https:\/\/www.facebook.com\/strangercam\" \/>\n<meta property=\"article:modified_time\" content=\"2023-08-21T10:24:41+00:00\" \/>\n<meta property=\"og:image\" content=\"https:\/\/strangercam.com\/wp-content\/uploads\/2020\/11\/stranger-cam-1.png\" \/>\n\t<meta property=\"og:image:width\" content=\"800\" \/>\n\t<meta property=\"og:image:height\" content=\"800\" \/>\n\t<meta property=\"og:image:type\" content=\"image\/png\" \/>\n<meta name=\"twitter:card\" content=\"summary_large_image\" \/>\n<meta name=\"twitter:site\" content=\"@strangercamapp\" \/>\n<meta name=\"twitter:label1\" content=\"Odhadovan\u00e1 doba \u010dten\u00ed\" \/>\n\t<meta name=\"twitter:data1\" content=\"2 minuty\" \/>\n<script type=\"application\/ld+json\" class=\"yoast-schema-graph\">{\"@context\":\"https:\/\/schema.org\",\"@graph\":[{\"@type\":\"WebPage\",\"@id\":\"https:\/\/strangercam.com\/chatplanet\/\",\"url\":\"https:\/\/strangercam.com\/chatplanet\/\",\"name\":\"Chatplanet - Random Video Chat - Cam on StrangerCam.com\",\"isPartOf\":{\"@id\":\"https:\/\/strangercam.com\/#website\"},\"primaryImageOfPage\":{\"@id\":\"https:\/\/strangercam.com\/chatplanet\/#primaryimage\"},\"image\":{\"@id\":\"https:\/\/strangercam.com\/chatplanet\/#primaryimage\"},\"thumbnailUrl\":\"https:\/\/strangercam.com\/wp-content\/uploads\/2020\/11\/stranger-cam-1.png\",\"datePublished\":\"2022-05-30T11:30:50+00:00\",\"dateModified\":\"2023-08-21T10:24:41+00:00\",\"description\":\"Like Chatplanet? Come chat with more than 5.000.000 strangers on Stranger Cam for Free! Turn on your cam and find new friends & maby a match!\",\"breadcrumb\":{\"@id\":\"https:\/\/strangercam.com\/chatplanet\/#breadcrumb\"},\"inLanguage\":\"cs\",\"potentialAction\":[{\"@type\":\"ReadAction\",\"target\":[\"https:\/\/strangercam.com\/chatplanet\/\"]}]},{\"@type\":\"ImageObject\",\"inLanguage\":\"cs\",\"@id\":\"https:\/\/strangercam.com\/chatplanet\/#primaryimage\",\"url\":\"https:\/\/strangercam.com\/wp-content\/uploads\/2020\/11\/stranger-cam-1.png\",\"contentUrl\":\"https:\/\/strangercam.com\/wp-content\/uploads\/2020\/11\/stranger-cam-1.png\",\"width\":800,\"height\":800,\"caption\":\"stranger cam random video chat\"},{\"@type\":\"BreadcrumbList\",\"@id\":\"https:\/\/strangercam.com\/chatplanet\/#breadcrumb\",\"itemListElement\":[{\"@type\":\"ListItem\",\"position\":1,\"name\":\"Home\",\"item\":\"https:\/\/strangercam.com\/\"},{\"@type\":\"ListItem\",\"position\":2,\"name\":\"Chatplanet\"}]},{\"@type\":\"WebSite\",\"@id\":\"https:\/\/strangercam.com\/#website\",\"url\":\"https:\/\/strangercam.com\/\",\"name\":\"Strangercam\",\"description\":\"Random Video Chat with Strangers\",\"publisher\":{\"@id\":\"https:\/\/strangercam.com\/#organization\"},\"alternateName\":\"Strangercam.com\",\"potentialAction\":[{\"@type\":\"SearchAction\",\"target\":{\"@type\":\"EntryPoint\",\"urlTemplate\":\"https:\/\/strangercam.com\/?s={search_term_string}\"},\"query-input\":{\"@type\":\"PropertyValueSpecification\",\"valueRequired\":true,\"valueName\":\"search_term_string\"}}],\"inLanguage\":\"cs\"},{\"@type\":\"Organization\",\"@id\":\"https:\/\/strangercam.com\/#organization\",\"name\":\"Strangercam\",\"alternateName\":\"Strangercam.com\",\"url\":\"https:\/\/strangercam.com\/\",\"logo\":{\"@type\":\"ImageObject\",\"inLanguage\":\"cs\",\"@id\":\"https:\/\/strangercam.com\/#\/schema\/logo\/image\/\",\"url\":\"https:\/\/strangercam.com\/wp-content\/uploads\/2020\/11\/cropped-new-favicon-black.png\",\"contentUrl\":\"https:\/\/strangercam.com\/wp-content\/uploads\/2020\/11\/cropped-new-favicon-black.png\",\"width\":512,\"height\":512,\"caption\":\"Strangercam\"},\"image\":{\"@id\":\"https:\/\/strangercam.com\/#\/schema\/logo\/image\/\"},\"sameAs\":[\"https:\/\/www.facebook.com\/strangercam\",\"https:\/\/x.com\/strangercamapp\"]}]}<\/script>\n<!-- \/ Yoast SEO plugin. -->","yoast_head_json":{"title":"Chatplanet - N\u00e1hodn\u00fd videochat - Cam na StrangerCam.com","description":"Jako Chatplanet? Poj\u010fte si zdarma popov\u00eddat s v\u00edce ne\u017e 5 000 000 cizinci na Stranger Cam! Zapn\u011bte si kameru a najd\u011bte nov\u00e9 p\u0159\u00e1tele &amp; maby z\u00e1pas!","robots":{"index":"index","follow":"follow","max-snippet":"max-snippet:-1","max-image-preview":"max-image-preview:large","max-video-preview":"max-video-preview:-1"},"canonical":"https:\/\/strangercam.com\/cs\/chatplanet\/","og_locale":"cs_CZ","og_type":"article","og_title":"Chatplanet - Random Video Chat - Cam on StrangerCam.com","og_description":"Like Chatplanet? Come chat with more than 5.000.000 strangers on Stranger Cam for Free! Turn on your cam and find new friends & maby a match!","og_url":"https:\/\/strangercam.com\/cs\/chatplanet\/","og_site_name":"Strangercam","article_publisher":"https:\/\/www.facebook.com\/strangercam","article_modified_time":"2023-08-21T10:24:41+00:00","og_image":[{"width":800,"height":800,"url":"https:\/\/strangercam.com\/wp-content\/uploads\/2020\/11\/stranger-cam-1.png","type":"image\/png"}],"twitter_card":"summary_large_image","twitter_site":"@strangercamapp","twitter_misc":{"Odhadovan\u00e1 doba \u010dten\u00ed":"2 minuty"},"schema":{"@context":"https:\/\/schema.org","@graph":[{"@type":"WebPage","@id":"https:\/\/strangercam.com\/chatplanet\/","url":"https:\/\/strangercam.com\/chatplanet\/","name":"Chatplanet - N\u00e1hodn\u00fd videochat - Cam na StrangerCam.com","isPartOf":{"@id":"https:\/\/strangercam.com\/#website"},"primaryImageOfPage":{"@id":"https:\/\/strangercam.com\/chatplanet\/#primaryimage"},"image":{"@id":"https:\/\/strangercam.com\/chatplanet\/#primaryimage"},"thumbnailUrl":"https:\/\/strangercam.com\/wp-content\/uploads\/2020\/11\/stranger-cam-1.png","datePublished":"2022-05-30T11:30:50+00:00","dateModified":"2023-08-21T10:24:41+00:00","description":"Jako Chatplanet? Poj\u010fte si zdarma popov\u00eddat s v\u00edce ne\u017e 5 000 000 cizinci na Stranger Cam! Zapn\u011bte si kameru a najd\u011bte nov\u00e9 p\u0159\u00e1tele &amp; maby z\u00e1pas!","breadcrumb":{"@id":"https:\/\/strangercam.com\/chatplanet\/#breadcrumb"},"inLanguage":"cs","potentialAction":[{"@type":"ReadAction","target":["https:\/\/strangercam.com\/chatplanet\/"]}]},{"@type":"ImageObject","inLanguage":"cs","@id":"https:\/\/strangercam.com\/chatplanet\/#primaryimage","url":"https:\/\/strangercam.com\/wp-content\/uploads\/2020\/11\/stranger-cam-1.png","contentUrl":"https:\/\/strangercam.com\/wp-content\/uploads\/2020\/11\/stranger-cam-1.png","width":800,"height":800,"caption":"stranger cam random video chat"},{"@type":"BreadcrumbList","@id":"https:\/\/strangercam.com\/chatplanet\/#breadcrumb","itemListElement":[{"@type":"ListItem","position":1,"name":"Home","item":"https:\/\/strangercam.com\/"},{"@type":"ListItem","position":2,"name":"Chatplanet"}]},{"@type":"WebSite","@id":"https:\/\/strangercam.com\/#website","url":"https:\/\/strangercam.com\/","name":"Strangercam","description":"N\u00e1hodn\u00fd videochat s ciz\u00edmi lidmi","publisher":{"@id":"https:\/\/strangercam.com\/#organization"},"alternateName":"Strangercam.com","potentialAction":[{"@type":"SearchAction","target":{"@type":"EntryPoint","urlTemplate":"https:\/\/strangercam.com\/?s={search_term_string}"},"query-input":{"@type":"PropertyValueSpecification","valueRequired":true,"valueName":"search_term_string"}}],"inLanguage":"cs"},{"@type":"Organization","@id":"https:\/\/strangercam.com\/#organization","name":"Strangercam","alternateName":"Strangercam.com","url":"https:\/\/strangercam.com\/","logo":{"@type":"ImageObject","inLanguage":"cs","@id":"https:\/\/strangercam.com\/#\/schema\/logo\/image\/","url":"https:\/\/strangercam.com\/wp-content\/uploads\/2020\/11\/cropped-new-favicon-black.png","contentUrl":"https:\/\/strangercam.com\/wp-content\/uploads\/2020\/11\/cropped-new-favicon-black.png","width":512,"height":512,"caption":"Strangercam"},"image":{"@id":"https:\/\/strangercam.com\/#\/schema\/logo\/image\/"},"sameAs":["https:\/\/www.facebook.com\/strangercam","https:\/\/x.com\/strangercamapp"]}]}},"_links":{"self":[{"href":"https:\/\/strangercam.com\/cs\/wp-json\/wp\/v2\/pages\/9999","targetHints":{"allow":["GET"]}}],"collection":[{"href":"https:\/\/strangercam.com\/cs\/wp-json\/wp\/v2\/pages"}],"about":[{"href":"https:\/\/strangercam.com\/cs\/wp-json\/wp\/v2\/types\/page"}],"author":[{"embeddable":true,"href":"https:\/\/strangercam.com\/cs\/wp-json\/wp\/v2\/users\/6"}],"replies":[{"embeddable":true,"href":"https:\/\/strangercam.com\/cs\/wp-json\/wp\/v2\/comments?post=9999"}],"version-history":[{"count":0,"href":"https:\/\/strangercam.com\/cs\/wp-json\/wp\/v2\/pages\/9999\/revisions"}],"wp:featuredmedia":[{"embeddable":true,"href":"https:\/\/strangercam.com\/cs\/wp-json\/wp\/v2\/media\/559"}],"wp:attachment":[{"href":"https:\/\/strangercam.com\/cs\/wp-json\/wp\/v2\/media?parent=9999"}],"curies":[{"name":"wp","href":"https:\/\/api.w.org\/{rel}","templated":true}]}}