{"id":9827,"date":"2022-03-01T17:29:57","date_gmt":"2022-03-01T15:29:57","guid":{"rendered":"https:\/\/strangercam.com\/?page_id=9827"},"modified":"2025-06-16T14:18:35","modified_gmt":"2025-06-16T12:18:35","slug":"prohlaseni-o-shode-2257","status":"publish","type":"page","link":"https:\/\/strangercam.com\/cs\/2257-compliance-statement\/","title":{"rendered":"Prohl\u00e1\u0161en\u00ed o shod\u011b 2257"},"content":{"rendered":"<p data-start=\"274\" data-end=\"560\">V souladu s americk\u00fdm z\u00e1konem 18 U.S.C. Section 2257 (Child Protection and Obscenity Enforcement Act of 1988) a dal\u0161\u00edmi mezin\u00e1rodn\u00edmi z\u00e1kony jsou v\u0161echny modelky a modelov\u00e9, kte\u0159\u00ed se objevuj\u00ed na slu\u017eb\u00e1ch nebo platform\u00e1ch, na n\u011b\u017e odkazuj\u00ed nebo na n\u011b\u017e odkazuj\u00ed. <a href=\"https:\/\/strangercam.com\/cs\/\">Strangercam<\/a>.com podle na\u0161eho nejlep\u0161\u00edho v\u011bdom\u00ed dos\u00e1hli v\u011bku 18 let.<\/p>\n<h2 data-start=\"562\" data-end=\"1047\">Z\u0159eknut\u00ed se odpov\u011bdnosti partnera<\/h2>\n<p data-start=\"562\" data-end=\"1047\">Strangercam.com nevlastn\u00ed ani neprovozuje \u017e\u00e1dnou webovou kameru nebo <a href=\"https:\/\/strangercam.com\/cs\/rabbit-video-chat\/\">video<\/a> <a href=\"https:\/\/strangercam.com\/cs\/chatroulette\/\">chat<\/a> n\u00e1stroj\u016f, platforem nebo slu\u017eeb, kter\u00e9 jsou na na\u0161ich str\u00e1nk\u00e1ch uvedeny nebo na kter\u00e9 je na nich odkazov\u00e1no. Jsme partnersk\u00fd a recenzn\u00ed web <a href=\"https:\/\/strangercam.com\/cs\/only2chat\/\">pouze<\/a>; proto nenaj\u00edm\u00e1me, nezad\u00e1v\u00e1me, ne\u0159\u00edd\u00edme ani neorganizujeme \u017e\u00e1dn\u00e9 projekty nebo akce, kter\u00fdch se \u00fa\u010dastn\u00ed modelky. Dodr\u017eov\u00e1n\u00ed paragrafu 18 U.S.C. 2257, v\u010detn\u011b v\u0161ech po\u017eadavk\u016f na ukl\u00e1d\u00e1n\u00ed dokument\u016f a ov\u011b\u0159ov\u00e1n\u00ed v\u011bku, je v\u00fdhradn\u00ed odpov\u011bdnost\u00ed na\u0161ich partner\u016f a platforem, kter\u00e9 provozuj\u00ed.<\/p>\n<h2 data-start=\"1049\" data-end=\"1350\">Obsah t\u0159et\u00edch stran<\/h2>\n<p data-start=\"1049\" data-end=\"1350\">Spole\u010dnost Strangercam.com NEVYTV\u00c1\u0158\u00cd, NEHOSTUJE ANI NE\u0158E\u0160\u00cd \u017d\u00c1DN\u00dd Z MATERI\u00c1L\u016e UVEDEN\u00ddCH NA STR\u00c1NK\u00c1CH T\u0158ET\u00cdCH STRAN, NA KTER\u00c9 ODKAZUJEME. Jak\u00fdkoli obsah vytvo\u0159en\u00fd u\u017eivateli nebo modelov\u00fd obsah dostupn\u00fd na t\u011bchto platform\u00e1ch je \u0159\u00edzen a regulov\u00e1n provozovateli p\u0159\u00edslu\u0161n\u00fdch str\u00e1nek, nikoli spole\u010dnost\u00ed Strangercam.com.<\/p>\n<p data-start=\"1352\" data-end=\"1674\">Na\u0161\u00edm \u00fakolem je pouze recenzovat, doporu\u010dovat a poskytovat partnersk\u00e9 odkazy na extern\u00ed platformy a slu\u017eby. Ka\u017ed\u00e1 osoba, kter\u00e1 se zaregistruje nebo vyu\u017e\u00edv\u00e1 slu\u017eby prost\u0159ednictv\u00edm odkaz\u016f na Strangercam.com, tak \u010din\u00ed p\u0159\u00edmo a nez\u00e1visle na platform\u00e1ch t\u0159et\u00edch stran, bez jak\u00e9koli \u00fa\u010dasti nebo zapojen\u00ed Strangercam.com nebo jeho z\u00e1stupc\u016f.<\/p>\n<h2 data-start=\"1676\" data-end=\"1946\">Monitorov\u00e1n\u00ed a obsahov\u00e9 normy<\/h2>\n<p data-start=\"1676\" data-end=\"1946\">Strangercam.com neschvaluje ani nepodporuje vytv\u00e1\u0159en\u00ed nebo zve\u0159ej\u0148ov\u00e1n\u00ed obsc\u00e9nn\u00edch materi\u00e1l\u016f. Vyhrazujeme si pr\u00e1vo odstranit odkazy nebo reference na jak\u00fdkoli extern\u00ed obsah, kter\u00fd je podle na\u0161eho n\u00e1zoru zjevn\u011b obsc\u00e9nn\u00ed, neslu\u0161n\u00fd nebo hanliv\u00fd.<\/p>\n<h2 data-start=\"1948\" data-end=\"2136\">Obsah podle Strangercam.com<\/h2>\n<p data-start=\"1948\" data-end=\"2136\">Ve\u0161ker\u00fd obsah vytvo\u0159en\u00fd spole\u010dnost\u00ed Strangercam.com nebo jej\u00edmi z\u00e1stupci nen\u00ed erotick\u00fd ani pornografick\u00fd, a proto nepodl\u00e9h\u00e1 z\u00e1konu USA 18 U.S.C. \u00a7 2257.<\/p>\n<h2 data-start=\"2138\" data-end=\"2503\">Ukl\u00e1d\u00e1n\u00ed dokument\u016f a dodr\u017eov\u00e1n\u00ed p\u0159edpis\u016f<\/h2>\n<p data-start=\"2138\" data-end=\"2503\">Ve\u0161ker\u00e9 z\u00e1znamy o ov\u011b\u0159en\u00ed v\u011bku a dokumenty vy\u017eadovan\u00e9 podle americk\u00e9ho z\u00e1kona 18 U.S.C., \u00a7 2257, uchov\u00e1vaj\u00ed na\u0161i p\u0159idru\u017een\u00ed partne\u0159i a provozovatel\u00e9 platforem t\u0159et\u00edch stran, na kter\u00e9 se p\u0159ipojujeme. Spole\u010dnost Strangercam.com neukl\u00e1d\u00e1 ani neudr\u017euje \u017e\u00e1dn\u00e9 dokumenty 2257, proto\u017ee neprovozujeme ani nevytv\u00e1\u0159\u00edme \u017e\u00e1dn\u00fd obsah, kter\u00fd by takov\u00e9 dodr\u017eov\u00e1n\u00ed vy\u017eadoval.<\/p>\n<p data-start=\"2505\" data-end=\"2624\">V p\u0159\u00edpad\u011b jak\u00fdchkoli dotaz\u016f nebo obav t\u00fdkaj\u00edc\u00edch se dodr\u017eov\u00e1n\u00ed p\u0159edpis\u016f se obracejte p\u0159\u00edmo na provozovatele platforem t\u0159et\u00edch stran.<\/p>","protected":false},"excerpt":{"rendered":"<p>In accordance with US law 18 U.S.C. Section 2257 (Child Protection and Obscenity Enforcement Act of 1988) and other international acts, all models appearing on services or platforms linked or referenced by Strangercam.com have, to the best of our knowledge, reached the age of 18 years. Affiliate Disclaimer Strangercam.com does not own or operate any [&hellip;]<\/p>\n","protected":false},"author":1,"featured_media":0,"parent":0,"menu_order":0,"comment_status":"closed","ping_status":"closed","template":"","meta":{"footnotes":""},"class_list":["post-9827","page","type-page","status-publish","hentry"],"yoast_head":"<!-- This site is optimized with the Yoast SEO plugin v27.4 - https:\/\/yoast.com\/product\/yoast-seo-wordpress\/ -->\n<title>2257 Compliance Statement - Strangercam<\/title>\n<meta name=\"robots\" content=\"index, follow, max-snippet:-1, max-image-preview:large, max-video-preview:-1\" \/>\n<link rel=\"canonical\" href=\"https:\/\/strangercam.com\/cs\/prohlaseni-o-shode-2257\/\" \/>\n<meta property=\"og:locale\" content=\"cs_CZ\" \/>\n<meta property=\"og:type\" content=\"article\" \/>\n<meta property=\"og:title\" content=\"2257 Compliance Statement - Strangercam\" \/>\n<meta property=\"og:description\" content=\"In accordance with US law 18 U.S.C. Section 2257 (Child Protection and Obscenity Enforcement Act of 1988) and other international acts, all models appearing on services or platforms linked or referenced by Strangercam.com have, to the best of our knowledge, reached the age of 18 years. Affiliate Disclaimer Strangercam.com does not own or operate any [&hellip;]\" \/>\n<meta property=\"og:url\" content=\"https:\/\/strangercam.com\/cs\/prohlaseni-o-shode-2257\/\" \/>\n<meta property=\"og:site_name\" content=\"Strangercam\" \/>\n<meta property=\"article:publisher\" content=\"https:\/\/www.facebook.com\/strangercam\" \/>\n<meta property=\"article:modified_time\" content=\"2025-06-16T12:18:35+00:00\" \/>\n<meta property=\"og:image\" content=\"https:\/\/strangercam.com\/wp-content\/uploads\/2021\/10\/Untitled-2.png\" \/>\n\t<meta property=\"og:image:width\" content=\"800\" \/>\n\t<meta property=\"og:image:height\" content=\"532\" \/>\n\t<meta property=\"og:image:type\" content=\"image\/png\" \/>\n<meta name=\"twitter:card\" content=\"summary_large_image\" \/>\n<meta name=\"twitter:site\" content=\"@strangercamapp\" \/>\n<meta name=\"twitter:label1\" content=\"Odhadovan\u00e1 doba \u010dten\u00ed\" \/>\n\t<meta name=\"twitter:data1\" content=\"2 minuty\" \/>\n<script type=\"application\/ld+json\" class=\"yoast-schema-graph\">{\"@context\":\"https:\\\/\\\/schema.org\",\"@graph\":[{\"@type\":\"WebPage\",\"@id\":\"https:\\\/\\\/strangercam.com\\\/2257-compliance-statement\\\/\",\"url\":\"https:\\\/\\\/strangercam.com\\\/2257-compliance-statement\\\/\",\"name\":\"2257 Compliance Statement - Strangercam\",\"isPartOf\":{\"@id\":\"https:\\\/\\\/strangercam.com\\\/#website\"},\"datePublished\":\"2022-03-01T15:29:57+00:00\",\"dateModified\":\"2025-06-16T12:18:35+00:00\",\"breadcrumb\":{\"@id\":\"https:\\\/\\\/strangercam.com\\\/2257-compliance-statement\\\/#breadcrumb\"},\"inLanguage\":\"cs\",\"potentialAction\":[{\"@type\":\"ReadAction\",\"target\":[\"https:\\\/\\\/strangercam.com\\\/2257-compliance-statement\\\/\"]}]},{\"@type\":\"BreadcrumbList\",\"@id\":\"https:\\\/\\\/strangercam.com\\\/2257-compliance-statement\\\/#breadcrumb\",\"itemListElement\":[{\"@type\":\"ListItem\",\"position\":1,\"name\":\"Home\",\"item\":\"https:\\\/\\\/strangercam.com\\\/\"},{\"@type\":\"ListItem\",\"position\":2,\"name\":\"2257 Compliance Statement\"}]},{\"@type\":\"WebSite\",\"@id\":\"https:\\\/\\\/strangercam.com\\\/#website\",\"url\":\"https:\\\/\\\/strangercam.com\\\/\",\"name\":\"Strangercam\",\"description\":\"Random Video Chat with Strangers\",\"publisher\":{\"@id\":\"https:\\\/\\\/strangercam.com\\\/#organization\"},\"alternateName\":\"Strangercam.com\",\"potentialAction\":[{\"@type\":\"SearchAction\",\"target\":{\"@type\":\"EntryPoint\",\"urlTemplate\":\"https:\\\/\\\/strangercam.com\\\/?s={search_term_string}\"},\"query-input\":{\"@type\":\"PropertyValueSpecification\",\"valueRequired\":true,\"valueName\":\"search_term_string\"}}],\"inLanguage\":\"cs\"},{\"@type\":\"Organization\",\"@id\":\"https:\\\/\\\/strangercam.com\\\/#organization\",\"name\":\"Strangercam\",\"alternateName\":\"Strangercam.com\",\"url\":\"https:\\\/\\\/strangercam.com\\\/\",\"logo\":{\"@type\":\"ImageObject\",\"inLanguage\":\"cs\",\"@id\":\"https:\\\/\\\/strangercam.com\\\/#\\\/schema\\\/logo\\\/image\\\/\",\"url\":\"https:\\\/\\\/strangercam.com\\\/wp-content\\\/uploads\\\/2020\\\/11\\\/cropped-new-favicon-black.png\",\"contentUrl\":\"https:\\\/\\\/strangercam.com\\\/wp-content\\\/uploads\\\/2020\\\/11\\\/cropped-new-favicon-black.png\",\"width\":512,\"height\":512,\"caption\":\"Strangercam\"},\"image\":{\"@id\":\"https:\\\/\\\/strangercam.com\\\/#\\\/schema\\\/logo\\\/image\\\/\"},\"sameAs\":[\"https:\\\/\\\/www.facebook.com\\\/strangercam\",\"https:\\\/\\\/x.com\\\/strangercamapp\"]}]}<\/script>\n<!-- \/ Yoast SEO plugin. -->","yoast_head_json":{"title":"Prohl\u00e1\u0161en\u00ed o shod\u011b 2257 - Strangercam","robots":{"index":"index","follow":"follow","max-snippet":"max-snippet:-1","max-image-preview":"max-image-preview:large","max-video-preview":"max-video-preview:-1"},"canonical":"https:\/\/strangercam.com\/cs\/prohlaseni-o-shode-2257\/","og_locale":"cs_CZ","og_type":"article","og_title":"2257 Compliance Statement - Strangercam","og_description":"In accordance with US law 18 U.S.C. Section 2257 (Child Protection and Obscenity Enforcement Act of 1988) and other international acts, all models appearing on services or platforms linked or referenced by Strangercam.com have, to the best of our knowledge, reached the age of 18 years. Affiliate Disclaimer Strangercam.com does not own or operate any [&hellip;]","og_url":"https:\/\/strangercam.com\/cs\/prohlaseni-o-shode-2257\/","og_site_name":"Strangercam","article_publisher":"https:\/\/www.facebook.com\/strangercam","article_modified_time":"2025-06-16T12:18:35+00:00","og_image":[{"width":800,"height":532,"url":"https:\/\/strangercam.com\/wp-content\/uploads\/2021\/10\/Untitled-2.png","type":"image\/png"}],"twitter_card":"summary_large_image","twitter_site":"@strangercamapp","twitter_misc":{"Odhadovan\u00e1 doba \u010dten\u00ed":"2 minuty"},"schema":{"@context":"https:\/\/schema.org","@graph":[{"@type":"WebPage","@id":"https:\/\/strangercam.com\/2257-compliance-statement\/","url":"https:\/\/strangercam.com\/2257-compliance-statement\/","name":"Prohl\u00e1\u0161en\u00ed o shod\u011b 2257 - Strangercam","isPartOf":{"@id":"https:\/\/strangercam.com\/#website"},"datePublished":"2022-03-01T15:29:57+00:00","dateModified":"2025-06-16T12:18:35+00:00","breadcrumb":{"@id":"https:\/\/strangercam.com\/2257-compliance-statement\/#breadcrumb"},"inLanguage":"cs","potentialAction":[{"@type":"ReadAction","target":["https:\/\/strangercam.com\/2257-compliance-statement\/"]}]},{"@type":"BreadcrumbList","@id":"https:\/\/strangercam.com\/2257-compliance-statement\/#breadcrumb","itemListElement":[{"@type":"ListItem","position":1,"name":"Home","item":"https:\/\/strangercam.com\/"},{"@type":"ListItem","position":2,"name":"2257 Compliance Statement"}]},{"@type":"WebSite","@id":"https:\/\/strangercam.com\/#website","url":"https:\/\/strangercam.com\/","name":"Strangercam","description":"N\u00e1hodn\u00fd videochat s ciz\u00edmi lidmi","publisher":{"@id":"https:\/\/strangercam.com\/#organization"},"alternateName":"Strangercam.com","potentialAction":[{"@type":"SearchAction","target":{"@type":"EntryPoint","urlTemplate":"https:\/\/strangercam.com\/?s={search_term_string}"},"query-input":{"@type":"PropertyValueSpecification","valueRequired":true,"valueName":"search_term_string"}}],"inLanguage":"cs"},{"@type":"Organization","@id":"https:\/\/strangercam.com\/#organization","name":"Strangercam","alternateName":"Strangercam.com","url":"https:\/\/strangercam.com\/","logo":{"@type":"ImageObject","inLanguage":"cs","@id":"https:\/\/strangercam.com\/#\/schema\/logo\/image\/","url":"https:\/\/strangercam.com\/wp-content\/uploads\/2020\/11\/cropped-new-favicon-black.png","contentUrl":"https:\/\/strangercam.com\/wp-content\/uploads\/2020\/11\/cropped-new-favicon-black.png","width":512,"height":512,"caption":"Strangercam"},"image":{"@id":"https:\/\/strangercam.com\/#\/schema\/logo\/image\/"},"sameAs":["https:\/\/www.facebook.com\/strangercam","https:\/\/x.com\/strangercamapp"]}]}},"_links":{"self":[{"href":"https:\/\/strangercam.com\/cs\/wp-json\/wp\/v2\/pages\/9827","targetHints":{"allow":["GET"]}}],"collection":[{"href":"https:\/\/strangercam.com\/cs\/wp-json\/wp\/v2\/pages"}],"about":[{"href":"https:\/\/strangercam.com\/cs\/wp-json\/wp\/v2\/types\/page"}],"author":[{"embeddable":true,"href":"https:\/\/strangercam.com\/cs\/wp-json\/wp\/v2\/users\/1"}],"replies":[{"embeddable":true,"href":"https:\/\/strangercam.com\/cs\/wp-json\/wp\/v2\/comments?post=9827"}],"version-history":[{"count":1,"href":"https:\/\/strangercam.com\/cs\/wp-json\/wp\/v2\/pages\/9827\/revisions"}],"predecessor-version":[{"id":12877,"href":"https:\/\/strangercam.com\/cs\/wp-json\/wp\/v2\/pages\/9827\/revisions\/12877"}],"wp:attachment":[{"href":"https:\/\/strangercam.com\/cs\/wp-json\/wp\/v2\/media?parent=9827"}],"curies":[{"name":"wp","href":"https:\/\/api.w.org\/{rel}","templated":true}]}}