{"id":980,"date":"2021-01-09T13:06:16","date_gmt":"2021-01-09T11:06:16","guid":{"rendered":"https:\/\/strangercam.com\/?page_id=980"},"modified":"2023-08-21T11:40:07","modified_gmt":"2023-08-21T09:40:07","slug":"azar-app","status":"publish","type":"page","link":"https:\/\/strangercam.com\/cs\/azar-app\/","title":{"rendered":"Azar App"},"content":{"rendered":"<p>Z\u00edsk\u00e1v\u00e1n\u00ed nov\u00fdch p\u0159\u00e1tel na nov\u00e9m m\u00edst\u011b m\u016f\u017ee b\u00fdt pro mnoho lid\u00ed z r\u016fzn\u00fdch d\u016fvod\u016f obt\u00ed\u017en\u00e9. Proto r\u00e1di vyu\u017e\u00edvaj\u00ed n\u011bkter\u00e9 platformy a aplikace, aby se co nejd\u0159\u00edve spojili s ciz\u00edmi lidmi. Ne v\u0161echny jsou v\u0161ak stejn\u00e9 a \u010dlov\u011bk by si je m\u011bl podrobn\u011b prostudovat. To velmi pom\u016f\u017ee naj\u00edt platformu nebo aplikaci, kter\u00e1 pom\u016f\u017ee snadno naj\u00edt zaj\u00edmav\u00e9 osobnosti z r\u016fzn\u00fdch \u010d\u00e1st\u00ed sv\u011bta. V\u011bt\u0161ina platforem a aplikac\u00ed umo\u017e\u0148uje u\u017eivatel\u016fm rychle se spojit s ostatn\u00edmi a z\u00edskat tak lep\u0161\u00ed zku\u0161enosti.<\/p>\n<h2>Aplikace Azar pro setk\u00e1v\u00e1n\u00ed s podobn\u011b sm\u00fd\u0161lej\u00edc\u00edmi lidmi<\/h2>\n<p>Ka\u017ed\u00fd, kdo chce hledat <a href=\"https:\/\/strangercam.com\/cs\/mili\/\">\u017eiv\u011b<\/a> p\u0159ipojen\u00ed v re\u00e1ln\u00e9m \u010dase si mohou vybrat aplikaci Azar, kter\u00e1 spln\u00ed jejich pot\u0159eby. Na adrese <a href=\"https:\/\/strangercam.com\/cs\/rabbit-video-chat\/\">video<\/a> <a href=\"https:\/\/strangercam.com\/cs\/chatroulette\/\">chat<\/a> aplikace umo\u017e\u0148uje u\u017eivatel\u016fm v\u00e9st z\u00e1bavn\u00e9 konverzace s nezn\u00e1m\u00fdmi osobami s nejnov\u011bj\u0161\u00edmi funkcemi. Dal\u0161\u00ed v\u011bc, kterou aplikace nab\u00edz\u00ed, je, \u017ee umo\u017e\u0148uje p\u0159id\u00e1vat filtry a efekty, zat\u00edmco <a href=\"https:\/\/strangercam.com\/cs\/chatingly\/\">chatov\u00e1n\u00ed<\/a> s ostatn\u00edmi. Krom\u011b toho umo\u017e\u0148uje u\u017eivatel\u016fm naj\u00edt lidi, kte\u0159\u00ed maj\u00ed s danou osobou spole\u010dn\u00e9 z\u00e1jmy. Krom\u011b toho aplikace poskytuje zp\u016fsoby, jak rychle nav\u00e1zat efektivn\u00ed konverzaci s podobn\u011b sm\u00fd\u0161lej\u00edc\u00edmi lidmi z r\u016fzn\u00fdch m\u00edst.<\/p>\n<h2>Jak\u00e9 funkce nab\u00edz\u00ed aplikace Azar?<\/h2>\n<p>P\u0159ed zah\u00e1jen\u00edm konverzace by se u\u017eivatel\u00e9 m\u011bli sezn\u00e1mit s funkcemi aplikace. Azar zahrnuje n\u011bkolik vynikaj\u00edc\u00edch funkc\u00ed pro lidi, kte\u0159\u00ed cht\u011bj\u00ed z\u00edskat dobr\u00e9 p\u0159\u00e1tele v dan\u00e9 lokalit\u011b. Umo\u017e\u0148uje u\u017eivateli proch\u00e1zet funkce historie, kter\u00e9 poskytuj\u00ed zp\u016fsoby, jak pokra\u010dovat v konverzaci s p\u0159edchoz\u00edmi spojen\u00edmi. Krom\u011b toho vestav\u011bn\u00e1 funkce chatu, kterou aplikace nab\u00edz\u00ed, p\u0159ekl\u00e1d\u00e1 zpr\u00e1vy v ciz\u00edch jazyc\u00edch s vysokou p\u0159esnost\u00ed. Platforma aplikace je nejlep\u0161\u00ed volbou pro pozn\u00e1v\u00e1n\u00ed nov\u00fdch lid\u00ed v jednoduch\u00fdch kroc\u00edch. Krom\u011b toho lze dokonce pou\u017e\u00edvat filtry podle pohlav\u00ed a regionu, kdy\u017e chce \u010dlov\u011bk mluvit s ostatn\u00edmi.<\/p>\n<h2>Jak st\u00e1hnout aplikaci?<\/h2>\n<p>Aplikace je nyn\u00ed k dispozici na <a href=\"https:\/\/play.google.com\/store\/apps\/details?id=com.azarlihttps:\/\/play.google.com\/store\/apps\/details?id=com.azarlive.android&amp;hl=en_ZA&amp;gl=USve.android&amp;hl=en_ZA&amp;gl=US\">Obchod Google Play<\/a> a u\u017eivatel\u00e9 si je mohou bez probl\u00e9m\u016f st\u00e1hnout do sv\u00fdch mobiln\u00edch za\u0159\u00edzen\u00ed. U\u017eivatel\u00e9, kte\u0159\u00ed cht\u011bj\u00ed m\u00edt z\u00e1bavn\u00e9 setk\u00e1n\u00ed s ciz\u00edmi lidmi, mohou v\u00edce t\u011b\u017eit z funkce Azar live. Podpora z\u00e1kaznick\u00e9ho t\u00fdmu 24\/7, kterou aplikace nab\u00edz\u00ed, umo\u017e\u0148uje u\u017eivatel\u016fm spojit se s ostatn\u00edmi v z\u00e1bavn\u00e9m prost\u0159ed\u00ed. Z\u00e1rove\u0148 je t\u0159eba si p\u0159ed instalac\u00ed aplikace do mobiln\u00edch za\u0159\u00edzen\u00ed p\u0159e\u010d\u00edst jej\u00ed recenze a hodnocen\u00ed. Ob\u011b str\u00e1nky <a href=\"https:\/\/strangercam.com\/cs\/chat4free\/\">zdarma<\/a> a p\u0159edplatn\u00e9 a u\u017eivatel\u00e9 si mohou vybrat tu nejlep\u0161\u00ed, kter\u00e1 spl\u0148uje jejich o\u010dek\u00e1v\u00e1n\u00ed. Aplikace tak\u00e9 umo\u017e\u0148uje snadn\u00e9 porovn\u00e1v\u00e1n\u00ed profil\u016f, aby se p\u0159\u00e1tel\u00e9 mohli sezn\u00e1mit bez jak\u00fdchkoli pot\u00ed\u017e\u00ed.<\/p>","protected":false},"excerpt":{"rendered":"<p>Making new friends in a new location may become a difficult one for many people due to various factors. As a result, they like to use some platforms and apps to connect with strangers as soon as possible. However, not all are the same and one should make a detailed study about them in detail. [&hellip;]<\/p>\n","protected":false},"author":6,"featured_media":559,"parent":0,"menu_order":0,"comment_status":"closed","ping_status":"closed","template":"","meta":{"footnotes":""},"class_list":["post-980","page","type-page","status-publish","has-post-thumbnail","hentry"],"yoast_head":"<!-- This site is optimized with the Yoast SEO plugin v26.9 - https:\/\/yoast.com\/product\/yoast-seo-wordpress\/ -->\n<title>Azar App - Swipe, Match, Video Chat - Cam on StrangerCam.com<\/title>\n<meta name=\"description\" content=\"Like Azar App? Come chat with more than 5.000.000 strangers on Stranger Cam for Free! Turn on your cam and find new friends &amp; maby a match!\" \/>\n<meta name=\"robots\" content=\"index, follow, max-snippet:-1, max-image-preview:large, max-video-preview:-1\" \/>\n<link rel=\"canonical\" href=\"https:\/\/strangercam.com\/cs\/azar-app\/\" \/>\n<meta property=\"og:locale\" content=\"cs_CZ\" \/>\n<meta property=\"og:type\" content=\"article\" \/>\n<meta property=\"og:title\" content=\"Azar App - Swipe, Match, Video Chat - Cam on StrangerCam.com\" \/>\n<meta property=\"og:description\" content=\"Like Azar App? Come chat with more than 5.000.000 strangers on Stranger Cam for Free! Turn on your cam and find new friends &amp; maby a match!\" \/>\n<meta property=\"og:url\" content=\"https:\/\/strangercam.com\/cs\/azar-app\/\" \/>\n<meta property=\"og:site_name\" content=\"Strangercam\" \/>\n<meta property=\"article:publisher\" content=\"https:\/\/www.facebook.com\/strangercam\" \/>\n<meta property=\"article:modified_time\" content=\"2023-08-21T09:40:07+00:00\" \/>\n<meta property=\"og:image\" content=\"https:\/\/strangercam.com\/wp-content\/uploads\/2020\/11\/stranger-cam-1.png\" \/>\n\t<meta property=\"og:image:width\" content=\"800\" \/>\n\t<meta property=\"og:image:height\" content=\"800\" \/>\n\t<meta property=\"og:image:type\" content=\"image\/png\" \/>\n<meta name=\"twitter:card\" content=\"summary_large_image\" \/>\n<meta name=\"twitter:site\" content=\"@strangercamapp\" \/>\n<meta name=\"twitter:label1\" content=\"Odhadovan\u00e1 doba \u010dten\u00ed\" \/>\n\t<meta name=\"twitter:data1\" content=\"2 minuty\" \/>\n<script type=\"application\/ld+json\" class=\"yoast-schema-graph\">{\"@context\":\"https:\/\/schema.org\",\"@graph\":[{\"@type\":\"WebPage\",\"@id\":\"https:\/\/strangercam.com\/azar-app\/\",\"url\":\"https:\/\/strangercam.com\/azar-app\/\",\"name\":\"Azar App - Swipe, Match, Video Chat - Cam on StrangerCam.com\",\"isPartOf\":{\"@id\":\"https:\/\/strangercam.com\/#website\"},\"primaryImageOfPage\":{\"@id\":\"https:\/\/strangercam.com\/azar-app\/#primaryimage\"},\"image\":{\"@id\":\"https:\/\/strangercam.com\/azar-app\/#primaryimage\"},\"thumbnailUrl\":\"https:\/\/strangercam.com\/wp-content\/uploads\/2020\/11\/stranger-cam-1.png\",\"datePublished\":\"2021-01-09T11:06:16+00:00\",\"dateModified\":\"2023-08-21T09:40:07+00:00\",\"description\":\"Like Azar App? Come chat with more than 5.000.000 strangers on Stranger Cam for Free! Turn on your cam and find new friends & maby a match!\",\"breadcrumb\":{\"@id\":\"https:\/\/strangercam.com\/azar-app\/#breadcrumb\"},\"inLanguage\":\"cs\",\"potentialAction\":[{\"@type\":\"ReadAction\",\"target\":[\"https:\/\/strangercam.com\/azar-app\/\"]}]},{\"@type\":\"ImageObject\",\"inLanguage\":\"cs\",\"@id\":\"https:\/\/strangercam.com\/azar-app\/#primaryimage\",\"url\":\"https:\/\/strangercam.com\/wp-content\/uploads\/2020\/11\/stranger-cam-1.png\",\"contentUrl\":\"https:\/\/strangercam.com\/wp-content\/uploads\/2020\/11\/stranger-cam-1.png\",\"width\":800,\"height\":800,\"caption\":\"stranger cam random video chat\"},{\"@type\":\"BreadcrumbList\",\"@id\":\"https:\/\/strangercam.com\/azar-app\/#breadcrumb\",\"itemListElement\":[{\"@type\":\"ListItem\",\"position\":1,\"name\":\"Home\",\"item\":\"https:\/\/strangercam.com\/\"},{\"@type\":\"ListItem\",\"position\":2,\"name\":\"Azar App\"}]},{\"@type\":\"WebSite\",\"@id\":\"https:\/\/strangercam.com\/#website\",\"url\":\"https:\/\/strangercam.com\/\",\"name\":\"Strangercam\",\"description\":\"Random Video Chat with Strangers\",\"publisher\":{\"@id\":\"https:\/\/strangercam.com\/#organization\"},\"alternateName\":\"Strangercam.com\",\"potentialAction\":[{\"@type\":\"SearchAction\",\"target\":{\"@type\":\"EntryPoint\",\"urlTemplate\":\"https:\/\/strangercam.com\/?s={search_term_string}\"},\"query-input\":{\"@type\":\"PropertyValueSpecification\",\"valueRequired\":true,\"valueName\":\"search_term_string\"}}],\"inLanguage\":\"cs\"},{\"@type\":\"Organization\",\"@id\":\"https:\/\/strangercam.com\/#organization\",\"name\":\"Strangercam\",\"alternateName\":\"Strangercam.com\",\"url\":\"https:\/\/strangercam.com\/\",\"logo\":{\"@type\":\"ImageObject\",\"inLanguage\":\"cs\",\"@id\":\"https:\/\/strangercam.com\/#\/schema\/logo\/image\/\",\"url\":\"https:\/\/strangercam.com\/wp-content\/uploads\/2020\/11\/cropped-new-favicon-black.png\",\"contentUrl\":\"https:\/\/strangercam.com\/wp-content\/uploads\/2020\/11\/cropped-new-favicon-black.png\",\"width\":512,\"height\":512,\"caption\":\"Strangercam\"},\"image\":{\"@id\":\"https:\/\/strangercam.com\/#\/schema\/logo\/image\/\"},\"sameAs\":[\"https:\/\/www.facebook.com\/strangercam\",\"https:\/\/x.com\/strangercamapp\"]}]}<\/script>\n<!-- \/ Yoast SEO plugin. -->","yoast_head_json":{"title":"Azar App - Swipe, Z\u00e1pas, Video Chat - Cam na StrangerCam.com","description":"Jako Azar App? Poj\u010fte si zdarma popov\u00eddat s v\u00edce ne\u017e 5 000 000 cizinci na Stranger Cam! Zapn\u011bte si kameru a najd\u011bte nov\u00e9 p\u0159\u00e1tele &amp; maby z\u00e1pas!","robots":{"index":"index","follow":"follow","max-snippet":"max-snippet:-1","max-image-preview":"max-image-preview:large","max-video-preview":"max-video-preview:-1"},"canonical":"https:\/\/strangercam.com\/cs\/azar-app\/","og_locale":"cs_CZ","og_type":"article","og_title":"Azar App - Swipe, Match, Video Chat - Cam on StrangerCam.com","og_description":"Like Azar App? Come chat with more than 5.000.000 strangers on Stranger Cam for Free! Turn on your cam and find new friends & maby a match!","og_url":"https:\/\/strangercam.com\/cs\/azar-app\/","og_site_name":"Strangercam","article_publisher":"https:\/\/www.facebook.com\/strangercam","article_modified_time":"2023-08-21T09:40:07+00:00","og_image":[{"width":800,"height":800,"url":"https:\/\/strangercam.com\/wp-content\/uploads\/2020\/11\/stranger-cam-1.png","type":"image\/png"}],"twitter_card":"summary_large_image","twitter_site":"@strangercamapp","twitter_misc":{"Odhadovan\u00e1 doba \u010dten\u00ed":"2 minuty"},"schema":{"@context":"https:\/\/schema.org","@graph":[{"@type":"WebPage","@id":"https:\/\/strangercam.com\/azar-app\/","url":"https:\/\/strangercam.com\/azar-app\/","name":"Azar App - Swipe, Z\u00e1pas, Video Chat - Cam na StrangerCam.com","isPartOf":{"@id":"https:\/\/strangercam.com\/#website"},"primaryImageOfPage":{"@id":"https:\/\/strangercam.com\/azar-app\/#primaryimage"},"image":{"@id":"https:\/\/strangercam.com\/azar-app\/#primaryimage"},"thumbnailUrl":"https:\/\/strangercam.com\/wp-content\/uploads\/2020\/11\/stranger-cam-1.png","datePublished":"2021-01-09T11:06:16+00:00","dateModified":"2023-08-21T09:40:07+00:00","description":"Jako Azar App? Poj\u010fte si zdarma popov\u00eddat s v\u00edce ne\u017e 5 000 000 cizinci na Stranger Cam! Zapn\u011bte si kameru a najd\u011bte nov\u00e9 p\u0159\u00e1tele &amp; maby z\u00e1pas!","breadcrumb":{"@id":"https:\/\/strangercam.com\/azar-app\/#breadcrumb"},"inLanguage":"cs","potentialAction":[{"@type":"ReadAction","target":["https:\/\/strangercam.com\/azar-app\/"]}]},{"@type":"ImageObject","inLanguage":"cs","@id":"https:\/\/strangercam.com\/azar-app\/#primaryimage","url":"https:\/\/strangercam.com\/wp-content\/uploads\/2020\/11\/stranger-cam-1.png","contentUrl":"https:\/\/strangercam.com\/wp-content\/uploads\/2020\/11\/stranger-cam-1.png","width":800,"height":800,"caption":"stranger cam random video chat"},{"@type":"BreadcrumbList","@id":"https:\/\/strangercam.com\/azar-app\/#breadcrumb","itemListElement":[{"@type":"ListItem","position":1,"name":"Home","item":"https:\/\/strangercam.com\/"},{"@type":"ListItem","position":2,"name":"Azar App"}]},{"@type":"WebSite","@id":"https:\/\/strangercam.com\/#website","url":"https:\/\/strangercam.com\/","name":"Strangercam","description":"N\u00e1hodn\u00fd videochat s ciz\u00edmi lidmi","publisher":{"@id":"https:\/\/strangercam.com\/#organization"},"alternateName":"Strangercam.com","potentialAction":[{"@type":"SearchAction","target":{"@type":"EntryPoint","urlTemplate":"https:\/\/strangercam.com\/?s={search_term_string}"},"query-input":{"@type":"PropertyValueSpecification","valueRequired":true,"valueName":"search_term_string"}}],"inLanguage":"cs"},{"@type":"Organization","@id":"https:\/\/strangercam.com\/#organization","name":"Strangercam","alternateName":"Strangercam.com","url":"https:\/\/strangercam.com\/","logo":{"@type":"ImageObject","inLanguage":"cs","@id":"https:\/\/strangercam.com\/#\/schema\/logo\/image\/","url":"https:\/\/strangercam.com\/wp-content\/uploads\/2020\/11\/cropped-new-favicon-black.png","contentUrl":"https:\/\/strangercam.com\/wp-content\/uploads\/2020\/11\/cropped-new-favicon-black.png","width":512,"height":512,"caption":"Strangercam"},"image":{"@id":"https:\/\/strangercam.com\/#\/schema\/logo\/image\/"},"sameAs":["https:\/\/www.facebook.com\/strangercam","https:\/\/x.com\/strangercamapp"]}]}},"_links":{"self":[{"href":"https:\/\/strangercam.com\/cs\/wp-json\/wp\/v2\/pages\/980","targetHints":{"allow":["GET"]}}],"collection":[{"href":"https:\/\/strangercam.com\/cs\/wp-json\/wp\/v2\/pages"}],"about":[{"href":"https:\/\/strangercam.com\/cs\/wp-json\/wp\/v2\/types\/page"}],"author":[{"embeddable":true,"href":"https:\/\/strangercam.com\/cs\/wp-json\/wp\/v2\/users\/6"}],"replies":[{"embeddable":true,"href":"https:\/\/strangercam.com\/cs\/wp-json\/wp\/v2\/comments?post=980"}],"version-history":[{"count":0,"href":"https:\/\/strangercam.com\/cs\/wp-json\/wp\/v2\/pages\/980\/revisions"}],"wp:featuredmedia":[{"embeddable":true,"href":"https:\/\/strangercam.com\/cs\/wp-json\/wp\/v2\/media\/559"}],"wp:attachment":[{"href":"https:\/\/strangercam.com\/cs\/wp-json\/wp\/v2\/media?parent=980"}],"curies":[{"name":"wp","href":"https:\/\/api.w.org\/{rel}","templated":true}]}}