{"id":9038,"date":"2025-09-29T10:37:31","date_gmt":"2025-09-29T08:37:31","guid":{"rendered":"https:\/\/strangercam.com\/?page_id=9038"},"modified":"2025-09-29T12:03:57","modified_gmt":"2025-09-29T10:03:57","slug":"bezplatny-online-chat","status":"publish","type":"page","link":"https:\/\/strangercam.com\/cs\/free-online-chat\/","title":{"rendered":"Bezplatn\u00fd online chat"},"content":{"rendered":"<p>Hled\u00e1te zdarma online <a href=\"https:\/\/strangercam.com\/cs\/chathub\/\">Chat<\/a>? Nejste sami. Miliony lid\u00ed ka\u017ed\u00fd m\u011bs\u00edc zad\u00e1vaj\u00ed do Googlu p\u0159esn\u011b tato slova a hledaj\u00ed rychl\u00fd, bezpe\u010dn\u00fd a bezplatn\u00fd zp\u016fsob, jak se dostat do <a href=\"https:\/\/strangercam.com\/cs\/coomeet\/\">Seznamte se s<\/a> nov\u00e9 lidi online. Na rozd\u00edl od soci\u00e1ln\u00edch s\u00edt\u00ed nebo seznamovac\u00edch aplikac\u00ed, kter\u00e9 vy\u017eaduj\u00ed zdlouhavou registraci, v\u00e1m bezplatn\u00e9 online chatovac\u00ed platformy umo\u017en\u00ed nav\u00e1zat spojen\u00ed okam\u017eit\u011b - bez zbyte\u010dn\u00fdch pot\u00ed\u017e\u00ed.<\/p>\n<p>V roce 2025 je d\u00edky platform\u00e1m, jako je StrangerCam, snaz\u0161\u00ed ne\u017e kdy d\u0159\u00edve za\u010d\u00edt chatovat zdarma, bez stahov\u00e1n\u00ed nebo skryt\u00fdch n\u00e1klad\u016f. A\u0165 u\u017e chcete nez\u00e1vazn\u011b konverzovat, nav\u00e1zat glob\u00e1ln\u00ed p\u0159\u00e1telstv\u00ed nebo lehce flirtovat, bezplatn\u00fd online chat je st\u00e1le jedn\u00edm z nejzaj\u00edmav\u011bj\u0161\u00edch zp\u016fsob\u016f, jak nav\u00e1zat online kontakt.<\/p>\n<p>V tomto pr\u016fvodci najdete v\u0161e, co pot\u0159ebujete v\u011bd\u011bt: co je bezplatn\u00fd online chat, pro\u010d je tak popul\u00e1rn\u00ed, jak funguje, jak\u00e1 je jeho historie, jak\u00e9 funkce jsou nejd\u016fle\u017eit\u011bj\u0161\u00ed, jak\u00e9 jsou nejlep\u0161\u00ed platformy, bezpe\u010dnostn\u00ed tipy a pro\u010d je StrangerCam jednou z nejlep\u0161\u00edch mo\u017enost\u00ed.<\/p>\n<h2>Co je bezplatn\u00fd online chat?<\/h2>\n<p>Bezplatn\u00fd online chat ozna\u010duje digit\u00e1ln\u00ed platformy, kde m\u016f\u017eete s lidmi okam\u017eit\u011b mluvit prost\u0159ednictv\u00edm textu nebo videa, ani\u017e byste museli platit poplatky nebo vytv\u00e1\u0159et dlouh\u00e9 profily. My\u0161lenka je jednoduch\u00e1: kliknete na tla\u010d\u00edtko a jste ve spojen\u00ed s n\u011bk\u00fdm nov\u00fdm - kdykoli a kdekoli.<\/p>\n<p>Na rozd\u00edl od tradi\u010dn\u00edch soci\u00e1ln\u00edch m\u00e9di\u00ed nebo seznamovac\u00edch aplikac\u00ed jsou bezplatn\u00e9 chatovac\u00ed platformy o spont\u00e1nnosti. Nevy\u017eaduj\u00ed swipov\u00e1n\u00ed, algoritmy ani kur\u00e1torsk\u00e9 profily. M\u00edsto toho umo\u017e\u0148uj\u00ed interakci v re\u00e1ln\u00e9m \u010dase s ciz\u00edmi lidmi z cel\u00e9ho sv\u011bta.<\/p>\n<h2>Pro\u010d lid\u00e9 miluj\u00ed bezplatn\u00fd online chat<\/h2>\n<p>Fr\u00e1ze \"bezplatn\u00fd online chat\" z\u016fst\u00e1v\u00e1 popul\u00e1rn\u00ed po cel\u00e1 desetilet\u00ed, proto\u017ee:<\/p>\n<ul>\n<li>Okam\u017eit\u00e9 p\u0159ipojen\u00ed: \u017d\u00e1dn\u00e9 \u010dek\u00e1n\u00ed na shodu nebo odpov\u011b\u010f.<\/li>\n<li>Glob\u00e1ln\u00ed p\u0159\u00e1telstv\u00ed: Seznamte se s lidmi z v\u00edce ne\u017e 100 zem\u00ed.<\/li>\n<li>Rozmanitost rozhovor\u016f: Od nez\u00e1vazn\u00e9ho \u0161k\u00e1dlen\u00ed a\u017e po hlub\u0161\u00ed rozhovory.<\/li>\n<li>Cenov\u00e1 dostupnost: P\u0159\u00edstup skute\u010dn\u011b zdarma, \u017e\u00e1dn\u00e9 skryt\u00e9 paywally.<\/li>\n<li>Spont\u00e1nnost: Ka\u017ed\u00fd chat je jedine\u010dn\u00fd a nep\u0159edv\u00eddateln\u00fd.<\/li>\n<li>Flexibilita: Mo\u017enost textov\u00e9ho nebo \u017eiv\u00e9ho videochatu.<\/li>\n<\/ul>\n<p>Je to dokonal\u00e1 kombinace z\u00e1bavy, autenticity a p\u0159\u00edstupnosti.<\/p>\n<h2>Jak funguje bezplatn\u00fd online chat<\/h2>\n<p>Postup je jednoduch\u00fd:<\/p>\n<ol>\n<li>Otev\u0159ete si chatovac\u00ed platformu, nap\u0159\u00edklad StrangerCam.<\/li>\n<li>Vyberte re\u017eim chatu (textov\u00fd chat nebo video).<\/li>\n<li>Povolen\u00ed p\u0159\u00edstupu ke kame\u0159e\/mikrofonu pro video.<\/li>\n<li>Klikn\u011bte na tla\u010d\u00edtko \"Spustit chat\".<\/li>\n<li>Okam\u017eit\u011b se spojte s n\u011bk\u00fdm po cel\u00e9m sv\u011bt\u011b.<\/li>\n<li>Chcete-li se sezn\u00e1mit s n\u011bk\u00fdm nov\u00fdm, klikn\u011bte kdykoli na tla\u010d\u00edtko \"Dal\u0161\u00ed\".<\/li>\n<\/ol>\n<p>N\u011bkter\u00e9 weby tak\u00e9 p\u0159id\u00e1vaj\u00ed funkce, jako jsou filtry, skupinov\u00e9 chatovac\u00ed m\u00edstnosti nebo p\u0159ekladatelsk\u00e9 n\u00e1stroje.<\/p>\n<h2>Funkce, na kter\u00e9 je t\u0159eba se zam\u011b\u0159it<\/h2>\n<p>P\u0159i v\u00fdb\u011bru bezplatn\u00e9ho online chatu se ujist\u011bte, \u017ee obsahuje:<\/p>\n<ul>\n<li>Skute\u010dn\u011b bezplatn\u00fd p\u0159\u00edstup - vyhn\u011bte se str\u00e1nk\u00e1m, kter\u00e9 skr\u00fdvaj\u00ed funkce za placen\u00fdmi zdmi.<\/li>\n<li>Nen\u00ed nutn\u00e1 registrace - z\u016fsta\u0148te v anonymit\u011b, p\u0159ipojte se okam\u017eit\u011b.<\/li>\n<li>Mo\u017enosti videa a textu - flexibilita pro r\u016fzn\u00e9 n\u00e1lady.<\/li>\n<li>Design vhodn\u00fd pro mobiln\u00ed za\u0159\u00edzen\u00ed - plynul\u00fd na telefonech a tabletech.<\/li>\n<li>Siln\u00e9 moderov\u00e1n\u00ed - bezpe\u010dn\u011bj\u0161\u00ed ne\u017e star\u00e9 chatovac\u00ed m\u00edstnosti.<\/li>\n<li>Glob\u00e1ln\u00ed u\u017eivatelsk\u00e1 z\u00e1kladna - v\u00edce lid\u00ed znamen\u00e1 v\u00edce z\u00e1bavy.<\/li>\n<\/ul>\n<h2>Nejlep\u0161\u00ed bezplatn\u00e9 online chatovac\u00ed platformy v roce 2025<\/h2>\n<p>Zde je srovn\u00e1n\u00ed dne\u0161n\u00edch nejlep\u0161\u00edch bezplatn\u00fdch chatovac\u00edch str\u00e1nek:<\/p>\n<table>\n<thead>\n<tr>\n<th>Platforma<\/th>\n<th align=\"center\">Voln\u00fd p\u0159\u00edstup<\/th>\n<th align=\"center\">Pot\u0159ebn\u00e1 registrace<\/th>\n<th align=\"center\">Videochat<\/th>\n<th align=\"center\">Mobiln\u00ed podpora<\/th>\n<th align=\"center\">Moderov\u00e1n\u00ed<\/th>\n<th>Pozn\u00e1mky<\/th>\n<\/tr>\n<\/thead>\n<tbody>\n<tr>\n<td>StrangerCam<\/td>\n<td align=\"center\">\u2705<\/td>\n<td align=\"center\">\u274c<\/td>\n<td align=\"center\">\u2705<\/td>\n<td align=\"center\">\u2705<\/td>\n<td align=\"center\">\u2705<\/td>\n<td>Nejlep\u0161\u00ed volba: zdarma, okam\u017eit\u011b, bezpe\u010dn\u011b<\/td>\n<\/tr>\n<tr>\n<td><a href=\"https:\/\/strangercam.com\/cs\/chatroulette\/\">Chatroulette<\/a><\/td>\n<td align=\"center\">\u2705<\/td>\n<td align=\"center\">\u274c<\/td>\n<td align=\"center\">\u2705<\/td>\n<td align=\"center\">\u2705<\/td>\n<td align=\"center\">\u2705<\/td>\n<td>Klasick\u00e9, ale omezen\u00e9 funkce<\/td>\n<\/tr>\n<tr>\n<td>Chatrandom<\/td>\n<td align=\"center\">\u2705<\/td>\n<td align=\"center\">\u274c<\/td>\n<td align=\"center\">\u2705<\/td>\n<td align=\"center\">\u2705<\/td>\n<td align=\"center\">\u2705<\/td>\n<td>Velk\u00e1 u\u017eivatelsk\u00e1 z\u00e1kladna, tla\u010d\u00ed na aktualizace<\/td>\n<\/tr>\n<tr>\n<td><a href=\"https:\/\/strangercam.com\/cs\/ometv\/\">OmeTV<\/a><\/td>\n<td align=\"center\">\u2705<\/td>\n<td align=\"center\">\u274c<\/td>\n<td align=\"center\">\u2705<\/td>\n<td align=\"center\">\u2705<\/td>\n<td align=\"center\">\u2705<\/td>\n<td>Mobiln\u00ed aplikace pro n\u00e1hodn\u00fd chat<\/td>\n<\/tr>\n<tr>\n<td>Shagle<\/td>\n<td align=\"center\">\u2705<\/td>\n<td align=\"center\">\u274c<\/td>\n<td align=\"center\">\u2705<\/td>\n<td align=\"center\">\u2705<\/td>\n<td align=\"center\">\u2705<\/td>\n<td>Vstup zdarma, pr\u00e9miov\u00e9 filtry uzam\u010deny<\/td>\n<\/tr>\n<tr>\n<td>WireClub<\/td>\n<td align=\"center\">\u2705<\/td>\n<td align=\"center\">\u2705<\/td>\n<td align=\"center\">\u274c<\/td>\n<td align=\"center\">\u2705<\/td>\n<td align=\"center\">\u2705<\/td>\n<td>Tradi\u010dn\u011bj\u0161\u00ed textov\u00e9 chaty<\/td>\n<\/tr>\n<\/tbody>\n<\/table>\n<p>StrangerCam je jednou z m\u00e1la platforem, kter\u00e9 kombinuj\u00ed bezplatn\u00fd neomezen\u00fd p\u0159\u00edstup, \u017e\u00e1dnou registraci a mo\u017enost video + textov\u00e9ho chatu.<\/p>\n<h2>Pro\u010d je StrangerCam nejlep\u0161\u00ed mo\u017enost\u00ed bezplatn\u00e9ho online chatu<\/h2>\n<p>Zde je d\u016fvod, pro\u010d je StrangerCam nejlep\u0161\u00ed volbou pro bezplatn\u00fd online chat v roce 2025:<\/p>\n<h3>1. Zcela zdarma<\/h3>\n<p>\u017d\u00e1dn\u00e9 skryt\u00e9 n\u00e1klady, zkou\u0161ky nebo \u00fav\u011brov\u00e9 syst\u00e9my.<\/p>\n<h3>2. Nen\u00ed nutn\u00e1 registrace<\/h3>\n<p>Z\u016fsta\u0148te v anonymit\u011b a chatujte okam\u017eit\u011b.<\/p>\n<h3>3. Mo\u017enosti textu a videa<\/h3>\n<p>P\u0159ep\u00ednejte mezi re\u017eimy podle toho, jak v\u00e1m to vyhovuje.<\/p>\n<h3>4. Bezpe\u010dn\u00e9 a moderovan\u00e9<\/h3>\n<p>Lep\u0161\u00ed bezpe\u010dnostn\u00ed n\u00e1stroje ne\u017e star\u00e9 chatovac\u00ed m\u00edstnosti.<\/p>\n<h3>5. P\u0159ipraveno pro mobiln\u00ed za\u0159\u00edzen\u00ed a stoln\u00ed po\u010d\u00edta\u010de<\/h3>\n<p>Optimalizov\u00e1no pro v\u0161echna za\u0159\u00edzen\u00ed.<\/p>\n<h3>6. Glob\u00e1ln\u00ed dosah<\/h3>\n<p>Seznamte se s lidmi z v\u00edce ne\u017e 100 zem\u00ed 24\/7.<\/p>\n<h2>Zku\u0161enosti skute\u010dn\u00fdch u\u017eivatel\u016f<\/h2>\n<blockquote><p>\"Hledal jsem Online chat zdarma a na\u0161el jsem StrangerCam. Bylo to okam\u017eit\u00e9, z\u00e1bavn\u00e9 a poznal jsem lidi z cel\u00e9ho sv\u011bta.\"<br \/>\n- Jake, 25 let<\/p><\/blockquote>\n<blockquote><p>\"L\u00edb\u00ed se mi, \u017ee se nemus\u00edm registrovat ani poskytovat osobn\u00ed \u00fadaje. Je to opravdu zdarma.\"<br \/>\n- Sophia, 22 let<\/p><\/blockquote>\n<blockquote><p>\"Je to bezpe\u010dn\u00e9 a jednoduch\u00e9. D\u00edky tla\u010d\u00edtku p\u0159esko\u010dit je snadn\u00e9 pokra\u010dovat d\u00e1l.\"<br \/>\n- Ryan, 30 let<\/p><\/blockquote>\n<blockquote><p>\"Na rozd\u00edl od star\u00fdch chat\u016f je tento modern\u00ed a moderovan\u00fd. Bezplatn\u00fd online chat kone\u010dn\u011b funguje.\"<br \/>\n- Emma, 20 let<\/p><\/blockquote>\n<h2>Psychologie bezplatn\u00e9ho online chatu<\/h2>\n<p>Pro\u010d je bezplatn\u00fd online chat v roce 2025 st\u00e1le tak popul\u00e1rn\u00ed? Vyu\u017e\u00edv\u00e1 t\u0159i univerz\u00e1ln\u00ed lidsk\u00e9 pot\u0159eby:<\/p>\n<ol>\n<li>Okam\u017eit\u00e9 uspokojen\u00ed: Chceme okam\u017eit\u00e9 spojen\u00ed bez \u010dek\u00e1n\u00ed.<\/li>\n<li>Novinka: Ka\u017ed\u00fd ciz\u00ed \u010dlov\u011bk p\u0159in\u00e1\u0161\u00ed novou konverzaci, kter\u00e1 je st\u00e1le zaj\u00edmav\u00e1.<\/li>\n<li>Cenov\u00e1 dostupnost: P\u0159id\u00e1n\u00edm slova \"zdarma\" se st\u00e1v\u00e1 dostupn\u00fdm pro kohokoli a kdekoli.<\/li>\n<\/ol>\n<p>To vysv\u011btluje, pro\u010d je tento term\u00edn rok co rok velmi vyhled\u00e1van\u00fd.<\/p>\n<h2>Bezpe\u010dnostn\u00ed tipy pro bezplatn\u00fd online chat<\/h2>\n<p>Online chatov\u00e1n\u00ed je sice z\u00e1bava, ale bezpe\u010dnost by m\u011bla b\u00fdt v\u017edy na prvn\u00edm m\u00edst\u011b:<\/p>\n<ul>\n<li>Nikdy nesd\u011blujte osobn\u00ed \u00fadaje (telefon, adresu, pracovi\u0161t\u011b).<\/li>\n<li>Neklikejte na odkazy od ciz\u00edch lid\u00ed.<\/li>\n<li>Pokud je v\u00e1m n\u011bkdo nep\u0159\u00edjemn\u00fd, pou\u017eijte funkci P\u0159esko\u010dit\/Blokovat.<\/li>\n<li>P\u0159ed spu\u0161t\u011bn\u00edm \u017eiv\u00e9ho vys\u00edl\u00e1n\u00ed zkontrolujte pozad\u00ed fotoapar\u00e1tu.<\/li>\n<li>Dr\u017ete se p\u0159ezd\u00edvek, ne skute\u010dn\u00fdch jmen.<\/li>\n<li>Respektujte v\u011bkov\u00e9 omezen\u00ed - nepou\u017e\u00edvejte chat pro dosp\u011bl\u00e9, pokud je v\u00e1m m\u00e9n\u011b ne\u017e 18 let.<\/li>\n<\/ul>\n<h2>Jak za\u010d\u00edt - krok za krokem<\/h2>\n<p>Zah\u00e1jen\u00ed bezplatn\u00e9ho online chatu trv\u00e1 jen n\u011bkolik sekund:<\/p>\n<ol>\n<li>Otev\u0159ete StrangerCam ve sv\u00e9m prohl\u00ed\u017ee\u010di nebo za\u0159\u00edzen\u00ed.<\/li>\n<li>Vyberte si re\u017eim chatu: text nebo video.<\/li>\n<li>Povolen\u00ed p\u0159\u00edstupu ke kame\u0159e\/mikrofonu (pro video).<\/li>\n<li>Klikn\u011bte na tla\u010d\u00edtko Spustit chat.<\/li>\n<li>Okam\u017eit\u011b se seznamte s nov\u00fdmi lidmi - stisknut\u00edm tla\u010d\u00edtka Dal\u0161\u00ed m\u016f\u017eete kdykoli p\u0159epnout.<\/li>\n<\/ol>\n<p>V roce 2025 z\u016fst\u00e1v\u00e1 bezplatn\u00fd online chat jedn\u00edm z nejrychlej\u0161\u00edch, nejjednodu\u0161\u0161\u00edch a nejz\u00e1bavn\u011bj\u0161\u00edch zp\u016fsob\u016f, jak se sezn\u00e1mit s lidmi online. Na rozd\u00edl od seznamovac\u00edch aplikac\u00ed nebo soci\u00e1ln\u00edch s\u00edt\u00ed je okam\u017eit\u00fd, glob\u00e1ln\u00ed a spont\u00e1nn\u00ed.<\/p>\n<p>D\u00edky platform\u00e1m, jako je StrangerCam, je to lep\u0161\u00ed ne\u017e kdy d\u0159\u00edv: skute\u010dn\u011b bezplatn\u00e9, bezpe\u010dn\u00e9 a pln\u00e9 skute\u010dn\u00fdch u\u017eivatel\u016f z cel\u00e9ho sv\u011bta. A\u0165 u\u017e hled\u00e1te p\u0159\u00e1tele, nez\u00e1vaznou z\u00e1bavu nebo jen konverzaci, kter\u00e1 za\u017eene nudu, bezplatn\u00fd online chat je v\u017edy vzd\u00e1len jen jedno kliknut\u00ed.<\/p>\n<p>Jste p\u0159ipraveni se p\u0159ipojit? Spus\u0165te bezplatn\u00fd online chat je\u0161t\u011b dnes a zjist\u011bte, s k\u00fdm se sezn\u00e1m\u00edte p\u0159\u00ed\u0161t\u011b.<\/p>","protected":false},"excerpt":{"rendered":"<p>Are you searching for Free Online Chat? You\u2019re not alone. Millions of people every month type those exact words into Google, looking for a quick, safe, and free way to meet new people online. Unlike social networks or dating apps that require lengthy signups, free online chat platforms let you connect instantly\u2014without the hassle. In [&hellip;]<\/p>\n","protected":false},"author":8,"featured_media":0,"parent":0,"menu_order":0,"comment_status":"closed","ping_status":"closed","template":"","meta":{"footnotes":""},"class_list":["post-9038","page","type-page","status-publish","hentry"],"yoast_head":"<!-- This site is optimized with the Yoast SEO plugin v27.4 - https:\/\/yoast.com\/product\/yoast-seo-wordpress\/ -->\n<title>Free Online Chat with Video Chat on Strangercam.com<\/title>\n<meta name=\"description\" content=\"Liking Free Online Chat? Join millions on StrangerCam.com! Start a random video chat, turn on your cam, and meet strangers instantly.\" \/>\n<meta name=\"robots\" content=\"index, follow, max-snippet:-1, max-image-preview:large, max-video-preview:-1\" \/>\n<link rel=\"canonical\" href=\"https:\/\/strangercam.com\/cs\/bezplatny-online-chat\/\" \/>\n<meta property=\"og:locale\" content=\"cs_CZ\" \/>\n<meta property=\"og:type\" content=\"article\" \/>\n<meta property=\"og:title\" content=\"Free Online Chat with Video Chat on Strangercam.com\" \/>\n<meta property=\"og:description\" content=\"Liking Free Online Chat? Join millions on StrangerCam.com! Start a random video chat, turn on your cam, and meet strangers instantly.\" \/>\n<meta property=\"og:url\" content=\"https:\/\/strangercam.com\/cs\/bezplatny-online-chat\/\" \/>\n<meta property=\"og:site_name\" content=\"Strangercam\" \/>\n<meta property=\"article:publisher\" content=\"https:\/\/www.facebook.com\/strangercam\" \/>\n<meta property=\"article:modified_time\" content=\"2025-09-29T10:03:57+00:00\" \/>\n<meta property=\"og:image\" content=\"https:\/\/strangercam.com\/wp-content\/uploads\/2021\/10\/Untitled-2.png\" \/>\n\t<meta property=\"og:image:width\" content=\"800\" \/>\n\t<meta property=\"og:image:height\" content=\"532\" \/>\n\t<meta property=\"og:image:type\" content=\"image\/png\" \/>\n<meta name=\"twitter:card\" content=\"summary_large_image\" \/>\n<meta name=\"twitter:site\" content=\"@strangercamapp\" \/>\n<meta name=\"twitter:label1\" content=\"Odhadovan\u00e1 doba \u010dten\u00ed\" \/>\n\t<meta name=\"twitter:data1\" content=\"4 minuty\" \/>\n<script type=\"application\/ld+json\" class=\"yoast-schema-graph\">{\"@context\":\"https:\\\/\\\/schema.org\",\"@graph\":[{\"@type\":\"WebPage\",\"@id\":\"https:\\\/\\\/strangercam.com\\\/free-online-chat\\\/\",\"url\":\"https:\\\/\\\/strangercam.com\\\/free-online-chat\\\/\",\"name\":\"Free Online Chat with Video Chat on Strangercam.com\",\"isPartOf\":{\"@id\":\"https:\\\/\\\/strangercam.com\\\/#website\"},\"datePublished\":\"2025-09-29T08:37:31+00:00\",\"dateModified\":\"2025-09-29T10:03:57+00:00\",\"description\":\"Liking Free Online Chat? Join millions on StrangerCam.com! Start a random video chat, turn on your cam, and meet strangers instantly.\",\"breadcrumb\":{\"@id\":\"https:\\\/\\\/strangercam.com\\\/free-online-chat\\\/#breadcrumb\"},\"inLanguage\":\"cs\",\"potentialAction\":[{\"@type\":\"ReadAction\",\"target\":[\"https:\\\/\\\/strangercam.com\\\/free-online-chat\\\/\"]}]},{\"@type\":\"BreadcrumbList\",\"@id\":\"https:\\\/\\\/strangercam.com\\\/free-online-chat\\\/#breadcrumb\",\"itemListElement\":[{\"@type\":\"ListItem\",\"position\":1,\"name\":\"Home\",\"item\":\"https:\\\/\\\/strangercam.com\\\/\"},{\"@type\":\"ListItem\",\"position\":2,\"name\":\"Free Online Chat\"}]},{\"@type\":\"WebSite\",\"@id\":\"https:\\\/\\\/strangercam.com\\\/#website\",\"url\":\"https:\\\/\\\/strangercam.com\\\/\",\"name\":\"Strangercam\",\"description\":\"Random Video Chat with Strangers\",\"publisher\":{\"@id\":\"https:\\\/\\\/strangercam.com\\\/#organization\"},\"alternateName\":\"Strangercam.com\",\"potentialAction\":[{\"@type\":\"SearchAction\",\"target\":{\"@type\":\"EntryPoint\",\"urlTemplate\":\"https:\\\/\\\/strangercam.com\\\/?s={search_term_string}\"},\"query-input\":{\"@type\":\"PropertyValueSpecification\",\"valueRequired\":true,\"valueName\":\"search_term_string\"}}],\"inLanguage\":\"cs\"},{\"@type\":\"Organization\",\"@id\":\"https:\\\/\\\/strangercam.com\\\/#organization\",\"name\":\"Strangercam\",\"alternateName\":\"Strangercam.com\",\"url\":\"https:\\\/\\\/strangercam.com\\\/\",\"logo\":{\"@type\":\"ImageObject\",\"inLanguage\":\"cs\",\"@id\":\"https:\\\/\\\/strangercam.com\\\/#\\\/schema\\\/logo\\\/image\\\/\",\"url\":\"https:\\\/\\\/strangercam.com\\\/wp-content\\\/uploads\\\/2020\\\/11\\\/cropped-new-favicon-black.png\",\"contentUrl\":\"https:\\\/\\\/strangercam.com\\\/wp-content\\\/uploads\\\/2020\\\/11\\\/cropped-new-favicon-black.png\",\"width\":512,\"height\":512,\"caption\":\"Strangercam\"},\"image\":{\"@id\":\"https:\\\/\\\/strangercam.com\\\/#\\\/schema\\\/logo\\\/image\\\/\"},\"sameAs\":[\"https:\\\/\\\/www.facebook.com\\\/strangercam\",\"https:\\\/\\\/x.com\\\/strangercamapp\"]}]}<\/script>\n<!-- \/ Yoast SEO plugin. -->","yoast_head_json":{"title":"Bezplatn\u00fd online chat s videochatem na str\u00e1nce Strangercam.com","description":"L\u00edb\u00ed se v\u00e1m online chat zdarma? Join miliony na StrangerCam.com! Spus\u0165te n\u00e1hodn\u00fd videochat, zapn\u011bte kameru a okam\u017eit\u011b se seznamte s ciz\u00edmi lidmi.","robots":{"index":"index","follow":"follow","max-snippet":"max-snippet:-1","max-image-preview":"max-image-preview:large","max-video-preview":"max-video-preview:-1"},"canonical":"https:\/\/strangercam.com\/cs\/bezplatny-online-chat\/","og_locale":"cs_CZ","og_type":"article","og_title":"Free Online Chat with Video Chat on Strangercam.com","og_description":"Liking Free Online Chat? Join millions on StrangerCam.com! Start a random video chat, turn on your cam, and meet strangers instantly.","og_url":"https:\/\/strangercam.com\/cs\/bezplatny-online-chat\/","og_site_name":"Strangercam","article_publisher":"https:\/\/www.facebook.com\/strangercam","article_modified_time":"2025-09-29T10:03:57+00:00","og_image":[{"width":800,"height":532,"url":"https:\/\/strangercam.com\/wp-content\/uploads\/2021\/10\/Untitled-2.png","type":"image\/png"}],"twitter_card":"summary_large_image","twitter_site":"@strangercamapp","twitter_misc":{"Odhadovan\u00e1 doba \u010dten\u00ed":"4 minuty"},"schema":{"@context":"https:\/\/schema.org","@graph":[{"@type":"WebPage","@id":"https:\/\/strangercam.com\/free-online-chat\/","url":"https:\/\/strangercam.com\/free-online-chat\/","name":"Bezplatn\u00fd online chat s videochatem na str\u00e1nce Strangercam.com","isPartOf":{"@id":"https:\/\/strangercam.com\/#website"},"datePublished":"2025-09-29T08:37:31+00:00","dateModified":"2025-09-29T10:03:57+00:00","description":"L\u00edb\u00ed se v\u00e1m online chat zdarma? Join miliony na StrangerCam.com! Spus\u0165te n\u00e1hodn\u00fd videochat, zapn\u011bte kameru a okam\u017eit\u011b se seznamte s ciz\u00edmi lidmi.","breadcrumb":{"@id":"https:\/\/strangercam.com\/free-online-chat\/#breadcrumb"},"inLanguage":"cs","potentialAction":[{"@type":"ReadAction","target":["https:\/\/strangercam.com\/free-online-chat\/"]}]},{"@type":"BreadcrumbList","@id":"https:\/\/strangercam.com\/free-online-chat\/#breadcrumb","itemListElement":[{"@type":"ListItem","position":1,"name":"Home","item":"https:\/\/strangercam.com\/"},{"@type":"ListItem","position":2,"name":"Free Online Chat"}]},{"@type":"WebSite","@id":"https:\/\/strangercam.com\/#website","url":"https:\/\/strangercam.com\/","name":"Strangercam","description":"N\u00e1hodn\u00fd videochat s ciz\u00edmi lidmi","publisher":{"@id":"https:\/\/strangercam.com\/#organization"},"alternateName":"Strangercam.com","potentialAction":[{"@type":"SearchAction","target":{"@type":"EntryPoint","urlTemplate":"https:\/\/strangercam.com\/?s={search_term_string}"},"query-input":{"@type":"PropertyValueSpecification","valueRequired":true,"valueName":"search_term_string"}}],"inLanguage":"cs"},{"@type":"Organization","@id":"https:\/\/strangercam.com\/#organization","name":"Strangercam","alternateName":"Strangercam.com","url":"https:\/\/strangercam.com\/","logo":{"@type":"ImageObject","inLanguage":"cs","@id":"https:\/\/strangercam.com\/#\/schema\/logo\/image\/","url":"https:\/\/strangercam.com\/wp-content\/uploads\/2020\/11\/cropped-new-favicon-black.png","contentUrl":"https:\/\/strangercam.com\/wp-content\/uploads\/2020\/11\/cropped-new-favicon-black.png","width":512,"height":512,"caption":"Strangercam"},"image":{"@id":"https:\/\/strangercam.com\/#\/schema\/logo\/image\/"},"sameAs":["https:\/\/www.facebook.com\/strangercam","https:\/\/x.com\/strangercamapp"]}]}},"_links":{"self":[{"href":"https:\/\/strangercam.com\/cs\/wp-json\/wp\/v2\/pages\/9038","targetHints":{"allow":["GET"]}}],"collection":[{"href":"https:\/\/strangercam.com\/cs\/wp-json\/wp\/v2\/pages"}],"about":[{"href":"https:\/\/strangercam.com\/cs\/wp-json\/wp\/v2\/types\/page"}],"author":[{"embeddable":true,"href":"https:\/\/strangercam.com\/cs\/wp-json\/wp\/v2\/users\/8"}],"replies":[{"embeddable":true,"href":"https:\/\/strangercam.com\/cs\/wp-json\/wp\/v2\/comments?post=9038"}],"version-history":[{"count":2,"href":"https:\/\/strangercam.com\/cs\/wp-json\/wp\/v2\/pages\/9038\/revisions"}],"predecessor-version":[{"id":13049,"href":"https:\/\/strangercam.com\/cs\/wp-json\/wp\/v2\/pages\/9038\/revisions\/13049"}],"wp:attachment":[{"href":"https:\/\/strangercam.com\/cs\/wp-json\/wp\/v2\/media?parent=9038"}],"curies":[{"name":"wp","href":"https:\/\/api.w.org\/{rel}","templated":true}]}}