{"id":8932,"date":"2021-11-11T14:14:13","date_gmt":"2021-11-11T12:14:13","guid":{"rendered":"https:\/\/strangercam.com\/?page_id=8932"},"modified":"2023-09-12T15:21:22","modified_gmt":"2023-09-12T13:21:22","slug":"gay-kamera","status":"publish","type":"page","link":"https:\/\/strangercam.com\/cs\/gay-cam\/","title":{"rendered":"Gay kamera"},"content":{"rendered":"<p>V\u00edtejte v Gay <a href=\"https:\/\/strangercam.com\/cs\/bazoocam\/\">Cam<\/a>. Join Gay Cam video <a href=\"https:\/\/strangercam.com\/cs\/chatroulette\/\">chat<\/a> aplikace, kter\u00e1 usnad\u0148uje anonymn\u00ed chatov\u00e1n\u00ed s n\u00e1hodn\u00fdmi cizinci. Gay Cam nab\u00edz\u00ed funkce videochatu v\u010detn\u011b masek obli\u010deje, filtr\u016f pohlav\u00ed a zem\u011b, soukrom\u00e9ho chatu a mnoho dal\u0161\u00edho. Chatujte s n\u00e1hodn\u00fdmi d\u00edvkami a chlapci online, kdekoli na sv\u011bt\u011b, okam\u017eit\u011b. Najd\u011bte si nov\u00e9ho p\u0159\u00edtele, <a href=\"https:\/\/strangercam.com\/cs\/coomeet\/\">Seznamte se s<\/a> p\u0159\u00ed\u0161t\u00ed rande, p\u0159edv\u00e9st sv\u00e9 neuv\u011b\u0159iteln\u00e9 hudebn\u00ed dovednosti, n\u00e1hodn\u011b si popov\u00eddat o fotbale, m\u00edt Gay Cam nebo jen tak v klidu probrat nejnov\u011bj\u0161\u00ed zpr\u00e1vy. <a href=\"https:\/\/netflix.com\">Netflix<\/a> s\u00e9rie s cizincem. Je to zdarma a snadno Gay Cam a bav\u00ed. Nikdy nev\u00edte, kdo na v\u00e1s m\u016f\u017ee \u010dekat na druh\u00e9 stran\u011b webkamery!<\/p>\n<p>Pokud se chcete anonymn\u011b spojit s nov\u00fdmi lidmi, <a href=\"https:\/\/strangercam.com\/cs\/chathub\/\">n\u00e1hodn\u00fd videochat<\/a> je nejlep\u0161\u00ed a nejjednodu\u0161\u0161\u00ed zp\u016fsob, jak to ud\u011blat, a StrangerCam je aplikace chatovac\u00ed kamery, kter\u00e1 v\u00e1s k tomu dovede. Na\u0161i aplikaci jsme optimalizovali tak, abyste si mohli vybrat p\u0159esn\u011b toho, s k\u00fdm se chcete kamerovat - nov\u00fd a inovativn\u00ed zp\u016fsob, jak se spojit s ciz\u00edmi lidmi.<\/p>\n<p>Tak na co \u010dek\u00e1te?\u00a0<a href=\"#chatbox\"><strong>P\u0159ipojte se ke Gay Cam nyn\u00ed!<\/strong><\/a><\/p>","protected":false},"excerpt":{"rendered":"<p>Welcome to . Join the video chat app that makes it easy to chat to random strangers, anonymously. offers video chat features including face masks, gender and country filters, private chat, and much more. Chat with random girls and boys online, anywhere in the world, instantaneously. Find a new friend, meet your next date, show [&hellip;]<\/p>\n","protected":false},"author":8,"featured_media":0,"parent":0,"menu_order":0,"comment_status":"closed","ping_status":"closed","template":"","meta":{"footnotes":""},"class_list":["post-8932","page","type-page","status-publish","hentry"],"yoast_head":"<!-- This site is optimized with the Yoast SEO plugin v27.4 - https:\/\/yoast.com\/product\/yoast-seo-wordpress\/ -->\n<title>Gay Cam - StrangerCam.com: Cam With Strangers<\/title>\n<meta name=\"description\" content=\"Gay Cam anonymously with over 5.000.000 strangers. No Sign-Up Required! Cam with strangers on StrangerCam.com.\" \/>\n<meta name=\"robots\" content=\"index, follow, max-snippet:-1, max-image-preview:large, max-video-preview:-1\" \/>\n<link rel=\"canonical\" href=\"https:\/\/strangercam.com\/cs\/gay-kamera\/\" \/>\n<meta property=\"og:locale\" content=\"cs_CZ\" \/>\n<meta property=\"og:type\" content=\"article\" \/>\n<meta property=\"og:title\" content=\"Gay Cam - StrangerCam.com: Cam With Strangers\" \/>\n<meta property=\"og:description\" content=\"Gay Cam anonymously with over 5.000.000 strangers. No Sign-Up Required! Cam with strangers on StrangerCam.com.\" \/>\n<meta property=\"og:url\" content=\"https:\/\/strangercam.com\/cs\/gay-kamera\/\" \/>\n<meta property=\"og:site_name\" content=\"Strangercam\" \/>\n<meta property=\"article:publisher\" content=\"https:\/\/www.facebook.com\/strangercam\" \/>\n<meta property=\"article:modified_time\" content=\"2023-09-12T13:21:22+00:00\" \/>\n<meta property=\"og:image\" content=\"https:\/\/strangercam.com\/wp-content\/uploads\/2021\/10\/Untitled-2.png\" \/>\n\t<meta property=\"og:image:width\" content=\"800\" \/>\n\t<meta property=\"og:image:height\" content=\"532\" \/>\n\t<meta property=\"og:image:type\" content=\"image\/png\" \/>\n<meta name=\"twitter:card\" content=\"summary_large_image\" \/>\n<meta name=\"twitter:site\" content=\"@strangercamapp\" \/>\n<meta name=\"twitter:label1\" content=\"Odhadovan\u00e1 doba \u010dten\u00ed\" \/>\n\t<meta name=\"twitter:data1\" content=\"4 minuty\" \/>\n<script type=\"application\/ld+json\" class=\"yoast-schema-graph\">{\"@context\":\"https:\\\/\\\/schema.org\",\"@graph\":[{\"@type\":\"WebPage\",\"@id\":\"https:\\\/\\\/strangercam.com\\\/gay-cam\\\/\",\"url\":\"https:\\\/\\\/strangercam.com\\\/gay-cam\\\/\",\"name\":\"Gay Cam - StrangerCam.com: Cam With Strangers\",\"isPartOf\":{\"@id\":\"https:\\\/\\\/strangercam.com\\\/#website\"},\"datePublished\":\"2021-11-11T12:14:13+00:00\",\"dateModified\":\"2023-09-12T13:21:22+00:00\",\"description\":\"Gay Cam anonymously with over 5.000.000 strangers. No Sign-Up Required! Cam with strangers on StrangerCam.com.\",\"breadcrumb\":{\"@id\":\"https:\\\/\\\/strangercam.com\\\/gay-cam\\\/#breadcrumb\"},\"inLanguage\":\"cs\",\"potentialAction\":[{\"@type\":\"ReadAction\",\"target\":[\"https:\\\/\\\/strangercam.com\\\/gay-cam\\\/\"]}]},{\"@type\":\"BreadcrumbList\",\"@id\":\"https:\\\/\\\/strangercam.com\\\/gay-cam\\\/#breadcrumb\",\"itemListElement\":[{\"@type\":\"ListItem\",\"position\":1,\"name\":\"Home\",\"item\":\"https:\\\/\\\/strangercam.com\\\/\"},{\"@type\":\"ListItem\",\"position\":2,\"name\":\"Gay Cam\"}]},{\"@type\":\"WebSite\",\"@id\":\"https:\\\/\\\/strangercam.com\\\/#website\",\"url\":\"https:\\\/\\\/strangercam.com\\\/\",\"name\":\"Strangercam\",\"description\":\"Random Video Chat with Strangers\",\"publisher\":{\"@id\":\"https:\\\/\\\/strangercam.com\\\/#organization\"},\"alternateName\":\"Strangercam.com\",\"potentialAction\":[{\"@type\":\"SearchAction\",\"target\":{\"@type\":\"EntryPoint\",\"urlTemplate\":\"https:\\\/\\\/strangercam.com\\\/?s={search_term_string}\"},\"query-input\":{\"@type\":\"PropertyValueSpecification\",\"valueRequired\":true,\"valueName\":\"search_term_string\"}}],\"inLanguage\":\"cs\"},{\"@type\":\"Organization\",\"@id\":\"https:\\\/\\\/strangercam.com\\\/#organization\",\"name\":\"Strangercam\",\"alternateName\":\"Strangercam.com\",\"url\":\"https:\\\/\\\/strangercam.com\\\/\",\"logo\":{\"@type\":\"ImageObject\",\"inLanguage\":\"cs\",\"@id\":\"https:\\\/\\\/strangercam.com\\\/#\\\/schema\\\/logo\\\/image\\\/\",\"url\":\"https:\\\/\\\/strangercam.com\\\/wp-content\\\/uploads\\\/2020\\\/11\\\/cropped-new-favicon-black.png\",\"contentUrl\":\"https:\\\/\\\/strangercam.com\\\/wp-content\\\/uploads\\\/2020\\\/11\\\/cropped-new-favicon-black.png\",\"width\":512,\"height\":512,\"caption\":\"Strangercam\"},\"image\":{\"@id\":\"https:\\\/\\\/strangercam.com\\\/#\\\/schema\\\/logo\\\/image\\\/\"},\"sameAs\":[\"https:\\\/\\\/www.facebook.com\\\/strangercam\",\"https:\\\/\\\/x.com\\\/strangercamapp\"]}]}<\/script>\n<!-- \/ Yoast SEO plugin. -->","yoast_head_json":{"title":"Gay Cam - StrangerCam.com: Cam With Strangers - CamCam","description":"Gay Cam anonymn\u011b s v\u00edce ne\u017e 5.000.000 cizinci. Nen\u00ed nutn\u00e1 \u017e\u00e1dn\u00e1 registrace! Camujte s ciz\u00edmi lidmi na StrangerCam.com.","robots":{"index":"index","follow":"follow","max-snippet":"max-snippet:-1","max-image-preview":"max-image-preview:large","max-video-preview":"max-video-preview:-1"},"canonical":"https:\/\/strangercam.com\/cs\/gay-kamera\/","og_locale":"cs_CZ","og_type":"article","og_title":"Gay Cam - StrangerCam.com: Cam With Strangers","og_description":"Gay Cam anonymously with over 5.000.000 strangers. No Sign-Up Required! Cam with strangers on StrangerCam.com.","og_url":"https:\/\/strangercam.com\/cs\/gay-kamera\/","og_site_name":"Strangercam","article_publisher":"https:\/\/www.facebook.com\/strangercam","article_modified_time":"2023-09-12T13:21:22+00:00","og_image":[{"width":800,"height":532,"url":"https:\/\/strangercam.com\/wp-content\/uploads\/2021\/10\/Untitled-2.png","type":"image\/png"}],"twitter_card":"summary_large_image","twitter_site":"@strangercamapp","twitter_misc":{"Odhadovan\u00e1 doba \u010dten\u00ed":"4 minuty"},"schema":{"@context":"https:\/\/schema.org","@graph":[{"@type":"WebPage","@id":"https:\/\/strangercam.com\/gay-cam\/","url":"https:\/\/strangercam.com\/gay-cam\/","name":"Gay Cam - StrangerCam.com: Cam With Strangers - CamCam","isPartOf":{"@id":"https:\/\/strangercam.com\/#website"},"datePublished":"2021-11-11T12:14:13+00:00","dateModified":"2023-09-12T13:21:22+00:00","description":"Gay Cam anonymn\u011b s v\u00edce ne\u017e 5.000.000 cizinci. Nen\u00ed nutn\u00e1 \u017e\u00e1dn\u00e1 registrace! Camujte s ciz\u00edmi lidmi na StrangerCam.com.","breadcrumb":{"@id":"https:\/\/strangercam.com\/gay-cam\/#breadcrumb"},"inLanguage":"cs","potentialAction":[{"@type":"ReadAction","target":["https:\/\/strangercam.com\/gay-cam\/"]}]},{"@type":"BreadcrumbList","@id":"https:\/\/strangercam.com\/gay-cam\/#breadcrumb","itemListElement":[{"@type":"ListItem","position":1,"name":"Home","item":"https:\/\/strangercam.com\/"},{"@type":"ListItem","position":2,"name":"Gay Cam"}]},{"@type":"WebSite","@id":"https:\/\/strangercam.com\/#website","url":"https:\/\/strangercam.com\/","name":"Strangercam","description":"N\u00e1hodn\u00fd videochat s ciz\u00edmi lidmi","publisher":{"@id":"https:\/\/strangercam.com\/#organization"},"alternateName":"Strangercam.com","potentialAction":[{"@type":"SearchAction","target":{"@type":"EntryPoint","urlTemplate":"https:\/\/strangercam.com\/?s={search_term_string}"},"query-input":{"@type":"PropertyValueSpecification","valueRequired":true,"valueName":"search_term_string"}}],"inLanguage":"cs"},{"@type":"Organization","@id":"https:\/\/strangercam.com\/#organization","name":"Strangercam","alternateName":"Strangercam.com","url":"https:\/\/strangercam.com\/","logo":{"@type":"ImageObject","inLanguage":"cs","@id":"https:\/\/strangercam.com\/#\/schema\/logo\/image\/","url":"https:\/\/strangercam.com\/wp-content\/uploads\/2020\/11\/cropped-new-favicon-black.png","contentUrl":"https:\/\/strangercam.com\/wp-content\/uploads\/2020\/11\/cropped-new-favicon-black.png","width":512,"height":512,"caption":"Strangercam"},"image":{"@id":"https:\/\/strangercam.com\/#\/schema\/logo\/image\/"},"sameAs":["https:\/\/www.facebook.com\/strangercam","https:\/\/x.com\/strangercamapp"]}]}},"_links":{"self":[{"href":"https:\/\/strangercam.com\/cs\/wp-json\/wp\/v2\/pages\/8932","targetHints":{"allow":["GET"]}}],"collection":[{"href":"https:\/\/strangercam.com\/cs\/wp-json\/wp\/v2\/pages"}],"about":[{"href":"https:\/\/strangercam.com\/cs\/wp-json\/wp\/v2\/types\/page"}],"author":[{"embeddable":true,"href":"https:\/\/strangercam.com\/cs\/wp-json\/wp\/v2\/users\/8"}],"replies":[{"embeddable":true,"href":"https:\/\/strangercam.com\/cs\/wp-json\/wp\/v2\/comments?post=8932"}],"version-history":[{"count":0,"href":"https:\/\/strangercam.com\/cs\/wp-json\/wp\/v2\/pages\/8932\/revisions"}],"wp:attachment":[{"href":"https:\/\/strangercam.com\/cs\/wp-json\/wp\/v2\/media?parent=8932"}],"curies":[{"name":"wp","href":"https:\/\/api.w.org\/{rel}","templated":true}]}}