{"id":881,"date":"2020-12-02T19:15:37","date_gmt":"2020-12-02T17:15:37","guid":{"rendered":"https:\/\/strangercam.com\/?page_id=881"},"modified":"2023-08-21T12:34:45","modified_gmt":"2023-08-21T10:34:45","slug":"ometv","status":"publish","type":"page","link":"https:\/\/strangercam.com\/cs\/ometv\/","title":{"rendered":"OmeTV"},"content":{"rendered":"<p>OmeTV je <a href=\"https:\/\/strangercam.com\/cs\/rabbit-video-chat\/\">video<\/a> <a href=\"https:\/\/strangercam.com\/cs\/chatroulette\/\">chat<\/a> webov\u00e9 str\u00e1nky a aplikace, pomoc\u00ed kter\u00fdch m\u016f\u017eete mluvit s ciz\u00edmi lidmi. Tato webov\u00e1 str\u00e1nka v\u00e1m umo\u017en\u00ed mluvit s jak\u00fdmkoli n\u00e1hodn\u00fdm cizincem pouh\u00fdm kliknut\u00edm na tla\u010d\u00edtko. Webov\u00e1 str\u00e1nka \u0159\u00edk\u00e1, \u017ee je nejlep\u0161\u00ed alternativou k <a href=\"https:\/\/strangercam.com\/cs\/omegle\/\">Omegle<\/a> Televize. Aplikace pro OmeTv je k dispozici pro Android a iOS.<\/p>\n<p>A\u0165 je den nebo noc, na tom nez\u00e1le\u017e\u00ed, pokud chcete chatovat; OmeTv v\u00e1m k tomu poskytne mnoho p\u0159\u00edle\u017eitost\u00ed. Na OmeTv je registrov\u00e1no p\u0159ibli\u017en\u011b 10 milion\u016f lid\u00ed. S t\u011bmito lidmi m\u016f\u017eete voln\u011b chatovat. Platforma v\u00e1m tak\u00e9 umo\u017e\u0148uje vyb\u00edrat a vyb\u00edrat z milion\u016f lid\u00ed.<\/p>\n<p>Jejich jedin\u00fdm c\u00edlem je p\u0159im\u011bt lidi, aby <a href=\"https:\/\/strangercam.com\/cs\/coomeet\/\">Seznamte se s<\/a> st\u00e1le v\u00edce lid\u00ed; mohou si d\u00e1t k\u00e1vu virtu\u00e1ln\u011b z pohodl\u00ed domova nebo se s nimi pod\u011blit o sv\u00e9 pocity. Pomoc\u00ed t\u00e9to aplikace se u\u017e nikdy nebudete c\u00edtit sami. D\u00e1v\u00e1 v\u00e1m \u0161anci nav\u00e1zat nov\u00e1 p\u0159\u00e1telstv\u00ed.<\/p>\n<h3>V\u011bkov\u00e9 omezen\u00ed na OmeTV - dodr\u017eovat nebo ignorovat?<\/h3>\n<p>Jednou z nejv\u00edce znepokojuj\u00edc\u00edch v\u011bc\u00ed na aplikaci je, \u017ee a\u010dkoli informuje, \u017ee u\u017eivatel mus\u00ed b\u00fdt star\u0161\u00ed 18 let, nen\u00ed provedeno \u017e\u00e1dn\u00e9 ov\u011b\u0159en\u00ed, kter\u00e9 by tuto skute\u010dnost potvrdilo. Bylo zji\u0161t\u011bno, \u017ee aplikaci pou\u017e\u00edvalo mnoho teenager\u016f mlad\u0161\u00edch 18 let.<\/p>\n<p>Na OmeTv nepot\u0159ebujete \u00fa\u010det, sta\u010d\u00ed se p\u0159ihl\u00e1sit p\u0159es Facebook a m\u016f\u017eete chatovat s n\u00e1hodn\u00fdm cizincem.<\/p>\n<h3>Co v\u00e1m m\u016f\u017ee zp\u016fsobit z\u00e1kaz?<\/h3>\n<p>Aplikace m\u00e1 n\u011bkolik omezen\u00ed. Za proveden\u00ed n\u00ed\u017ee uveden\u00fdch akc\u00ed m\u016f\u017eete dostat z\u00e1kaz.<\/p>\n<ul>\n<li style=\"font-weight: 400;\" aria-level=\"1\">\u017d\u00e1dost o virtu\u00e1ln\u00ed <a href=\"https:\/\/strangercam.com\/cs\/shagle\/\">sex<\/a> nebo nahotu.<\/li>\n<li style=\"font-weight: 400;\" aria-level=\"1\">Zobrazov\u00e1n\u00ed nevhodn\u00fdch obr\u00e1zk\u016f a vide\u00ed.<\/li>\n<li style=\"font-weight: 400;\" aria-level=\"1\">Neuctiv\u00e9 \u010dinnosti, jako jsou vulgarity, ur\u00e1\u017eky n\u00e1bo\u017eenstv\u00ed nebo rasy, depresivn\u00ed koment\u00e1\u0159e atd.<\/li>\n<li style=\"font-weight: 400;\" aria-level=\"1\">Spamov\u00e1n\u00ed nen\u00ed povoleno. Aplikace zakazuje sd\u00edlen\u00ed odkaz\u016f na jin\u00e9 webov\u00e9 str\u00e1nky.<\/li>\n<\/ul>\n<h3>Podm\u00ednky a pravidla<\/h3>\n<p>Spole\u010dnost OmeTv jasn\u011b uvedla, \u017ee va\u0161e video m\u016f\u017ee pou\u017e\u00edt kdekoli. Podle jejich smluvn\u00edch podm\u00ednek si m\u016f\u017eete ponechat autorsk\u00e1 pr\u00e1va, ale nem\u016f\u017eete ovlivnit, co a kde bude obsah va\u0161ich vide\u00ed streamov\u00e1n.<\/p>\n<p>Spole\u010dnost OmeTv nen\u00ed p\u0159ipravena p\u0159evz\u00edt na sebe \u017e\u00e1dn\u00e9 z\u00e1vazky. Tvrd\u00ed, \u017ee za v\u0161e, co by se mohlo pokazit, nesou odpov\u011bdnost v\u00fdhradn\u011b u\u017eivatel\u00e9.<\/p>\n<h3>Z\u00e1sady ochrany osobn\u00edch \u00fadaj\u016f<\/h3>\n<p>Spole\u010dnost se zavazuje chr\u00e1nit va\u0161e osobn\u00ed \u00fadaje a chr\u00e1nit pr\u00e1va na soukrom\u00ed. Soukrom\u00ed je z\u00e1kladn\u00edm pr\u00e1vem ka\u017ed\u00e9ho \u010dlov\u011bka. Poru\u0161en\u00ed tohoto pr\u00e1va vede k mnoha komplikac\u00edm. Aby se spole\u010dnost OmeTv takov\u00fdm pot\u00ed\u017e\u00edm vyhnula, vypracovala od prvn\u00edho dne tuto p\u0159\u00edsnou strategii.<\/p>\n<p>Webov\u00e9 str\u00e1nky p\u0159eb\u00edraj\u00ed odpov\u011bdnost za zpracov\u00e1n\u00ed va\u0161ich \u00fadaj\u016f, pokud vystupuj\u00ed jako spr\u00e1vce \u00fadaj\u016f. P\u0159i vytv\u00e1\u0159en\u00ed profilu z \u00fa\u010dtu na soci\u00e1ln\u00ed s\u00edti mohou pot\u0159ebovat z\u00e1kladn\u00ed informace, jako je v\u00e1\u0161 profilov\u00fd obr\u00e1zek, jm\u00e9no, telefonn\u00ed \u010d\u00edslo, adresa a \u010dasov\u00e9 p\u00e1smo.<\/p>\n<p>Webov\u00e9 str\u00e1nky nemaj\u00ed v \u00famyslu z\u00edskat \u017e\u00e1dn\u00e9 jin\u00e9 informace nebo p\u0159\u00edstup k va\u0161im \u00fadaj\u016fm. Dokonce se to d\u011bl\u00e1 proto, aby se v\u00e1m na webu l\u00e9pe pracovalo.<\/p>\n<p>Va\u0161e osobn\u00ed \u00fadaje mohou b\u00fdt sd\u00edleny s n\u00e1sleduj\u00edc\u00edmi subjekty;<\/p>\n<ul>\n<li style=\"font-weight: 400;\" aria-level=\"1\">Proto\u017ee se jedn\u00e1 o seznamovac\u00ed aplikaci, mohou b\u00fdt va\u0161e osobn\u00ed \u00fadaje, jako je va\u0161e jm\u00e9no, v\u011bk, pohlav\u00ed, poloha a ve\u0159ejn\u00e9 obr\u00e1zky, viditeln\u00e9 ostatn\u00edm u\u017eivatel\u016fm.<\/li>\n<li style=\"font-weight: 400;\" aria-level=\"1\">Webov\u00e9 str\u00e1nky mohou poskytnout va\u0161e osobn\u00ed informace a \u00fadaje poji\u0161\u0165ovn\u00e1m. Tyto \u00fadaje mohou b\u00fdt rovn\u011b\u017e sd\u00edleny s bankami a odborn\u00fdmi poradci za \u00fa\u010delem kryt\u00ed pojistn\u00fdch \u010d\u00e1stek a spr\u00e1vy n\u00e1klad\u016f.<\/li>\n<li style=\"font-weight: 400;\" aria-level=\"1\">\u00dadaje o va\u0161ich transakc\u00edch budou sd\u00edleny s poskytovateli plateb na webov\u00fdch str\u00e1nk\u00e1ch, jako jsou Google, PayPal, Interkassa, SecurionPay, Apple a SMSBILL.<\/li>\n<\/ul>\n<h3>Dal\u0161\u00ed probl\u00e9my<\/h3>\n<p>N\u011bkter\u00e9 funkce aplikace jsou problematick\u00e9. M\u00e1 \u0161pehovac\u00ed re\u017eim, pomoc\u00ed kter\u00e9ho m\u016f\u017ee t\u0159et\u00ed osoba poslouchat soukrom\u00fd chat. Spycam p\u0159edstavuje zna\u010dn\u00e9 riziko pro soukrom\u00ed ka\u017ed\u00e9ho jednotlivce. Jeliko\u017e je anonymn\u00ed, m\u016f\u017ee v lidech probudit to nejhor\u0161\u00ed. M\u016f\u017ee b\u00fdt pou\u017eita i k vyd\u00edr\u00e1n\u00ed.<\/p>\n<p>Obsah nav\u00edc kontroluje jen n\u011bkolik des\u00edtek moder\u00e1tor\u016f. Ti nesta\u010d\u00ed na to, aby zjistili, zda je masivn\u00ed provoz 10 milion\u016f bezpe\u010dn\u00fd. \u010casto se \u0159\u00edk\u00e1, \u017ee rozs\u00e1hlej\u0161\u00ed provoz je pro seznamky lep\u0161\u00ed. Je v\u0161ak tak\u00e9 n\u00e1ro\u010dn\u00e9 takov\u00fd provoz \u0159\u00eddit. Kv\u016fli mal\u00e9 kontrole a vyv\u00e1\u017eenosti se k platform\u011b m\u016f\u017ee p\u0159ipojit i mnoho hacker\u016f a zlo\u010dinc\u016f.<\/p>\n<p>Zd\u00e1 se, \u017ee omezen\u00ed 18+ na webov\u00fdch str\u00e1nk\u00e1ch chyb\u00ed. Na webov\u00e9 str\u00e1nky se p\u0159ipojilo mnoho teenager\u016f mlad\u0161\u00edch osmn\u00e1cti let. V\u0161ichni jsou vystaveni vn\u011bj\u0161\u00edmu sv\u011btu. M\u016f\u017ee to pro n\u011b b\u00fdt nebezpe\u010dn\u00e9, proto\u017ee v tomto v\u011bku je snadn\u00e9 s d\u011btmi manipulovat.<\/p>\n<h3>Recenze Trustpilot<\/h3>\n<p>Mnoho lid\u00ed si na serveru Trustpilot st\u011b\u017eovalo, \u017ee byli zabanov\u00e1ni kv\u016fli jedn\u00e1n\u00ed ostatn\u00edch. Tak\u00e9 za zru\u0161en\u00ed z\u00e1kazu \u017e\u00e1daj\u00ed o dary. To ukazuje na pochybnou povahu spole\u010dnosti.<\/p>\n<p>V\u017edy je tu v\u0161ak i druh\u00e1 strana p\u0159\u00edb\u011bhu. Tuto stranu m\u016f\u017eete na webu naj\u00edt sami!<\/p>\n<h3>Postup pro pod\u00e1v\u00e1n\u00ed st\u00ed\u017enost\u00ed<\/h3>\n<p>Nejste na to sami!<\/p>\n<p>OmeTv je bezpe\u010dn\u00e9 m\u00edsto pro ka\u017ed\u00e9ho. Pokud v\u00e1m n\u011bco nebo n\u011bkdo vad\u00ed, m\u016f\u017eete si na n\u011bj st\u011b\u017eovat \u00fa\u0159edn\u00edk\u016fm. Tato funkce je zavedena proto, aby se lid\u00e9 p\u0159i pou\u017e\u00edv\u00e1n\u00ed OmeTv c\u00edtili bezpe\u010dn\u011b.<\/p>\n<p>M\u016f\u017eete podat st\u00ed\u017enost na jak\u00e9hokoli u\u017eivatele, kter\u00fd podle v\u00e1s poru\u0161uje role platformy. Aby byla va\u0161e st\u00ed\u017enost \u00fa\u010dinn\u011bj\u0161\u00ed, m\u016f\u017eete p\u0159ilo\u017eit sn\u00edmky obrazovky chatu a dal\u0161\u00ed souvisej\u00edc\u00ed informace, kter\u00e9 \u00fa\u0159ad\u016fm usnadn\u00ed nalezen\u00ed, identifikaci a vy\u0159e\u0161en\u00ed probl\u00e9mu.<\/p>\n<p>Pokud je na n\u011bkter\u00e9ho u\u017eivatele pod\u00e1no p\u0159\u00edli\u0161 mnoho st\u00ed\u017enost\u00ed, webov\u00e9 str\u00e1nky mu automaticky zak\u00e1\u017eou pou\u017e\u00edvat sv\u00e9 slu\u017eby. D\u011bje se tak z d\u016fvodu zaji\u0161t\u011bn\u00ed bezpe\u010dnosti ostatn\u00edch u\u017eivatel\u016f. P\u0159ed p\u0159ijet\u00edm jak\u00e9hokoli z\u00e1va\u017en\u00e9ho opat\u0159en\u00ed je v\u0161ak v\u0161e pe\u010dliv\u011b analyzov\u00e1no.<\/p>\n<h3>Pou\u017e\u00edt, nebo nepou\u017e\u00edt?<\/h3>\n<p>Jsme p\u0159esv\u011bd\u010deni, \u017ee soukrom\u00ed u\u017eivatel\u016f by m\u011blo m\u00edt prioritu. Pokud ne, m\u011blo by b\u00fdt alespo\u0148 respektov\u00e1no!<\/p>\n<p>Zd\u00e1 se v\u0161ak, \u017ee spole\u010dnost OmeTv to nechce ud\u011blat. V jejich z\u00e1sad\u00e1ch ochrany osobn\u00edch \u00fadaj\u016f je uvedeno, \u017ee mohou va\u0161e \u00fadaje sd\u00edlet s t\u0159et\u00edmi stranami. Kompromitace va\u0161ich \u00fadaj\u016f nep\u0159ipad\u00e1 v \u00favahu. Proto je lep\u0161\u00ed se j\u00ed vyhnout.<\/p>\n<p>M\u00edsto toho m\u016f\u017eete pou\u017e\u00edt <a href=\"https:\/\/strangercam.com\/cs\/\">Strangercam<\/a>. Je to lep\u0161\u00ed a spolehliv\u011bj\u0161\u00ed online videochat. M\u016f\u017eete se sezn\u00e1mit s nov\u00fdmi lidmi a chatovat s nimi. A nemus\u00edte se b\u00e1t o sv\u00e1 data a soukrom\u00ed, proto\u017ee stangercam poskytuje maxim\u00e1ln\u00ed zabezpe\u010den\u00ed a chr\u00e1n\u00ed va\u0161e data.<\/p>\n<h3>Z\u00e1v\u011br<\/h3>\n<p>Na t\u00e9to webov\u00e9 str\u00e1nce se vyskytuje mnoho probl\u00e9m\u016f. Bylo \u0159e\u010deno, \u017ee <a href=\"https:\/\/play.google.com\/\">Google Play<\/a>\u00a0a App Store by m\u011bl takov\u00e9 aplikace prov\u011b\u0159ovat. Nem\u011bly by povolovat p\u0159id\u00e1v\u00e1n\u00ed aplikac\u00ed, kter\u00e9 \u0159\u00e1dn\u011b neov\u011b\u0159uj\u00ed v\u011bk a jsou bez rodi\u010dovsk\u00e9 kontroly, na sv\u00e9 platformy.<\/p>\n<p>Zlep\u0161en\u00ed jejich z\u00e1sad ochrany osobn\u00edch \u00fadaj\u016f m\u016f\u017ee zv\u00fd\u0161it jejich d\u016fv\u011bryhodnost. Prozat\u00edm v\u0161ak na trhu existuj\u00ed jin\u00e9, bezpe\u010dn\u011bj\u0161\u00ed mo\u017enosti, ze kter\u00fdch si m\u016f\u017eete vybrat.<\/p>","protected":false},"excerpt":{"rendered":"<p>OmeTV is a video chat website and app using which you can talk to strangers. This website allows you to talk to any random stranger with just a click of a button. The website says that it is the best alternative to Omegle Tv. The app for OmeTv is available for android and iOS. Day [&hellip;]<\/p>\n","protected":false},"author":6,"featured_media":559,"parent":0,"menu_order":0,"comment_status":"closed","ping_status":"closed","template":"","meta":{"footnotes":""},"class_list":["post-881","page","type-page","status-publish","has-post-thumbnail","hentry"],"yoast_head":"<!-- This site is optimized with the Yoast SEO plugin v27.4 - https:\/\/yoast.com\/product\/yoast-seo-wordpress\/ -->\n<title>OmeTV - Omegle Random Chat Alternative on StrangerCam.com<\/title>\n<meta name=\"description\" content=\"Like OmeTV? Come chat with more than 5.000.000 strangers on Stranger Cam for Free! Turn on your cam and find new friends &amp; maby a match!\" \/>\n<meta name=\"robots\" content=\"index, follow, max-snippet:-1, max-image-preview:large, max-video-preview:-1\" \/>\n<link rel=\"canonical\" href=\"https:\/\/strangercam.com\/cs\/ometv\/\" \/>\n<meta property=\"og:locale\" content=\"cs_CZ\" \/>\n<meta property=\"og:type\" content=\"article\" \/>\n<meta property=\"og:title\" content=\"OmeTV - Omegle Random Chat Alternative on StrangerCam.com\" \/>\n<meta property=\"og:description\" content=\"Like OmeTV? Come chat with more than 5.000.000 strangers on Stranger Cam for Free! Turn on your cam and find new friends &amp; maby a match!\" \/>\n<meta property=\"og:url\" content=\"https:\/\/strangercam.com\/cs\/ometv\/\" \/>\n<meta property=\"og:site_name\" content=\"Strangercam\" \/>\n<meta property=\"article:publisher\" content=\"https:\/\/www.facebook.com\/strangercam\" \/>\n<meta property=\"article:modified_time\" content=\"2023-08-21T10:34:45+00:00\" \/>\n<meta property=\"og:image\" content=\"https:\/\/strangercam.com\/wp-content\/uploads\/2020\/11\/stranger-cam-1.png\" \/>\n\t<meta property=\"og:image:width\" content=\"800\" \/>\n\t<meta property=\"og:image:height\" content=\"800\" \/>\n\t<meta property=\"og:image:type\" content=\"image\/png\" \/>\n<meta name=\"twitter:card\" content=\"summary_large_image\" \/>\n<meta name=\"twitter:site\" content=\"@strangercamapp\" \/>\n<meta name=\"twitter:label1\" content=\"Odhadovan\u00e1 doba \u010dten\u00ed\" \/>\n\t<meta name=\"twitter:data1\" content=\"5 minut\" \/>\n<script type=\"application\/ld+json\" class=\"yoast-schema-graph\">{\"@context\":\"https:\\\/\\\/schema.org\",\"@graph\":[{\"@type\":\"WebPage\",\"@id\":\"https:\\\/\\\/strangercam.com\\\/ometv\\\/\",\"url\":\"https:\\\/\\\/strangercam.com\\\/ometv\\\/\",\"name\":\"OmeTV - Omegle Random Chat Alternative on StrangerCam.com\",\"isPartOf\":{\"@id\":\"https:\\\/\\\/strangercam.com\\\/#website\"},\"primaryImageOfPage\":{\"@id\":\"https:\\\/\\\/strangercam.com\\\/ometv\\\/#primaryimage\"},\"image\":{\"@id\":\"https:\\\/\\\/strangercam.com\\\/ometv\\\/#primaryimage\"},\"thumbnailUrl\":\"https:\\\/\\\/strangercam.com\\\/wp-content\\\/uploads\\\/2020\\\/11\\\/stranger-cam-1.png\",\"datePublished\":\"2020-12-02T17:15:37+00:00\",\"dateModified\":\"2023-08-21T10:34:45+00:00\",\"description\":\"Like OmeTV? Come chat with more than 5.000.000 strangers on Stranger Cam for Free! Turn on your cam and find new friends & maby a match!\",\"breadcrumb\":{\"@id\":\"https:\\\/\\\/strangercam.com\\\/ometv\\\/#breadcrumb\"},\"inLanguage\":\"cs\",\"potentialAction\":[{\"@type\":\"ReadAction\",\"target\":[\"https:\\\/\\\/strangercam.com\\\/ometv\\\/\"]}]},{\"@type\":\"ImageObject\",\"inLanguage\":\"cs\",\"@id\":\"https:\\\/\\\/strangercam.com\\\/ometv\\\/#primaryimage\",\"url\":\"https:\\\/\\\/strangercam.com\\\/wp-content\\\/uploads\\\/2020\\\/11\\\/stranger-cam-1.png\",\"contentUrl\":\"https:\\\/\\\/strangercam.com\\\/wp-content\\\/uploads\\\/2020\\\/11\\\/stranger-cam-1.png\",\"width\":800,\"height\":800,\"caption\":\"stranger cam random video chat\"},{\"@type\":\"BreadcrumbList\",\"@id\":\"https:\\\/\\\/strangercam.com\\\/ometv\\\/#breadcrumb\",\"itemListElement\":[{\"@type\":\"ListItem\",\"position\":1,\"name\":\"Home\",\"item\":\"https:\\\/\\\/strangercam.com\\\/\"},{\"@type\":\"ListItem\",\"position\":2,\"name\":\"OmeTV\"}]},{\"@type\":\"WebSite\",\"@id\":\"https:\\\/\\\/strangercam.com\\\/#website\",\"url\":\"https:\\\/\\\/strangercam.com\\\/\",\"name\":\"Strangercam\",\"description\":\"Random Video Chat with Strangers\",\"publisher\":{\"@id\":\"https:\\\/\\\/strangercam.com\\\/#organization\"},\"alternateName\":\"Strangercam.com\",\"potentialAction\":[{\"@type\":\"SearchAction\",\"target\":{\"@type\":\"EntryPoint\",\"urlTemplate\":\"https:\\\/\\\/strangercam.com\\\/?s={search_term_string}\"},\"query-input\":{\"@type\":\"PropertyValueSpecification\",\"valueRequired\":true,\"valueName\":\"search_term_string\"}}],\"inLanguage\":\"cs\"},{\"@type\":\"Organization\",\"@id\":\"https:\\\/\\\/strangercam.com\\\/#organization\",\"name\":\"Strangercam\",\"alternateName\":\"Strangercam.com\",\"url\":\"https:\\\/\\\/strangercam.com\\\/\",\"logo\":{\"@type\":\"ImageObject\",\"inLanguage\":\"cs\",\"@id\":\"https:\\\/\\\/strangercam.com\\\/#\\\/schema\\\/logo\\\/image\\\/\",\"url\":\"https:\\\/\\\/strangercam.com\\\/wp-content\\\/uploads\\\/2020\\\/11\\\/cropped-new-favicon-black.png\",\"contentUrl\":\"https:\\\/\\\/strangercam.com\\\/wp-content\\\/uploads\\\/2020\\\/11\\\/cropped-new-favicon-black.png\",\"width\":512,\"height\":512,\"caption\":\"Strangercam\"},\"image\":{\"@id\":\"https:\\\/\\\/strangercam.com\\\/#\\\/schema\\\/logo\\\/image\\\/\"},\"sameAs\":[\"https:\\\/\\\/www.facebook.com\\\/strangercam\",\"https:\\\/\\\/x.com\\\/strangercamapp\"]}]}<\/script>\n<!-- \/ Yoast SEO plugin. -->","yoast_head_json":{"title":"OmeTV - Omegle N\u00e1hodn\u00fd Chat Alternative na StrangerCam.com","description":"Jako OmeTV? Poj\u010fte si zdarma popov\u00eddat s v\u00edce ne\u017e 5 000 000 cizinci na Stranger Cam! Zapn\u011bte kameru a najd\u011bte nov\u00e9 p\u0159\u00e1tele &amp; maby z\u00e1pas!","robots":{"index":"index","follow":"follow","max-snippet":"max-snippet:-1","max-image-preview":"max-image-preview:large","max-video-preview":"max-video-preview:-1"},"canonical":"https:\/\/strangercam.com\/cs\/ometv\/","og_locale":"cs_CZ","og_type":"article","og_title":"OmeTV - Omegle Random Chat Alternative on StrangerCam.com","og_description":"Like OmeTV? Come chat with more than 5.000.000 strangers on Stranger Cam for Free! Turn on your cam and find new friends & maby a match!","og_url":"https:\/\/strangercam.com\/cs\/ometv\/","og_site_name":"Strangercam","article_publisher":"https:\/\/www.facebook.com\/strangercam","article_modified_time":"2023-08-21T10:34:45+00:00","og_image":[{"width":800,"height":800,"url":"https:\/\/strangercam.com\/wp-content\/uploads\/2020\/11\/stranger-cam-1.png","type":"image\/png"}],"twitter_card":"summary_large_image","twitter_site":"@strangercamapp","twitter_misc":{"Odhadovan\u00e1 doba \u010dten\u00ed":"5 minut"},"schema":{"@context":"https:\/\/schema.org","@graph":[{"@type":"WebPage","@id":"https:\/\/strangercam.com\/ometv\/","url":"https:\/\/strangercam.com\/ometv\/","name":"OmeTV - Omegle N\u00e1hodn\u00fd Chat Alternative na StrangerCam.com","isPartOf":{"@id":"https:\/\/strangercam.com\/#website"},"primaryImageOfPage":{"@id":"https:\/\/strangercam.com\/ometv\/#primaryimage"},"image":{"@id":"https:\/\/strangercam.com\/ometv\/#primaryimage"},"thumbnailUrl":"https:\/\/strangercam.com\/wp-content\/uploads\/2020\/11\/stranger-cam-1.png","datePublished":"2020-12-02T17:15:37+00:00","dateModified":"2023-08-21T10:34:45+00:00","description":"Jako OmeTV? Poj\u010fte si zdarma popov\u00eddat s v\u00edce ne\u017e 5 000 000 cizinci na Stranger Cam! Zapn\u011bte kameru a najd\u011bte nov\u00e9 p\u0159\u00e1tele &amp; maby z\u00e1pas!","breadcrumb":{"@id":"https:\/\/strangercam.com\/ometv\/#breadcrumb"},"inLanguage":"cs","potentialAction":[{"@type":"ReadAction","target":["https:\/\/strangercam.com\/ometv\/"]}]},{"@type":"ImageObject","inLanguage":"cs","@id":"https:\/\/strangercam.com\/ometv\/#primaryimage","url":"https:\/\/strangercam.com\/wp-content\/uploads\/2020\/11\/stranger-cam-1.png","contentUrl":"https:\/\/strangercam.com\/wp-content\/uploads\/2020\/11\/stranger-cam-1.png","width":800,"height":800,"caption":"stranger cam random video chat"},{"@type":"BreadcrumbList","@id":"https:\/\/strangercam.com\/ometv\/#breadcrumb","itemListElement":[{"@type":"ListItem","position":1,"name":"Home","item":"https:\/\/strangercam.com\/"},{"@type":"ListItem","position":2,"name":"OmeTV"}]},{"@type":"WebSite","@id":"https:\/\/strangercam.com\/#website","url":"https:\/\/strangercam.com\/","name":"Strangercam","description":"N\u00e1hodn\u00fd videochat s ciz\u00edmi lidmi","publisher":{"@id":"https:\/\/strangercam.com\/#organization"},"alternateName":"Strangercam.com","potentialAction":[{"@type":"SearchAction","target":{"@type":"EntryPoint","urlTemplate":"https:\/\/strangercam.com\/?s={search_term_string}"},"query-input":{"@type":"PropertyValueSpecification","valueRequired":true,"valueName":"search_term_string"}}],"inLanguage":"cs"},{"@type":"Organization","@id":"https:\/\/strangercam.com\/#organization","name":"Strangercam","alternateName":"Strangercam.com","url":"https:\/\/strangercam.com\/","logo":{"@type":"ImageObject","inLanguage":"cs","@id":"https:\/\/strangercam.com\/#\/schema\/logo\/image\/","url":"https:\/\/strangercam.com\/wp-content\/uploads\/2020\/11\/cropped-new-favicon-black.png","contentUrl":"https:\/\/strangercam.com\/wp-content\/uploads\/2020\/11\/cropped-new-favicon-black.png","width":512,"height":512,"caption":"Strangercam"},"image":{"@id":"https:\/\/strangercam.com\/#\/schema\/logo\/image\/"},"sameAs":["https:\/\/www.facebook.com\/strangercam","https:\/\/x.com\/strangercamapp"]}]}},"_links":{"self":[{"href":"https:\/\/strangercam.com\/cs\/wp-json\/wp\/v2\/pages\/881","targetHints":{"allow":["GET"]}}],"collection":[{"href":"https:\/\/strangercam.com\/cs\/wp-json\/wp\/v2\/pages"}],"about":[{"href":"https:\/\/strangercam.com\/cs\/wp-json\/wp\/v2\/types\/page"}],"author":[{"embeddable":true,"href":"https:\/\/strangercam.com\/cs\/wp-json\/wp\/v2\/users\/6"}],"replies":[{"embeddable":true,"href":"https:\/\/strangercam.com\/cs\/wp-json\/wp\/v2\/comments?post=881"}],"version-history":[{"count":0,"href":"https:\/\/strangercam.com\/cs\/wp-json\/wp\/v2\/pages\/881\/revisions"}],"wp:featuredmedia":[{"embeddable":true,"href":"https:\/\/strangercam.com\/cs\/wp-json\/wp\/v2\/media\/559"}],"wp:attachment":[{"href":"https:\/\/strangercam.com\/cs\/wp-json\/wp\/v2\/media?parent=881"}],"curies":[{"name":"wp","href":"https:\/\/api.w.org\/{rel}","templated":true}]}}