{"id":8708,"date":"2021-10-27T09:29:55","date_gmt":"2021-10-27T07:29:55","guid":{"rendered":"https:\/\/strangercam.com\/?page_id=8708"},"modified":"2025-02-04T09:47:53","modified_gmt":"2025-02-04T07:47:53","slug":"mocospace","status":"publish","type":"page","link":"https:\/\/strangercam.com\/cs\/mocospace\/","title":{"rendered":"MocoSpace"},"content":{"rendered":"<p>Hled\u00e1te soci\u00e1ln\u00ed platformu, kde m\u016f\u017eete <a href=\"https:\/\/strangercam.com\/cs\/chatroulette\/\">chat<\/a> s p\u0159\u00e1teli a u\u017e\u00edvat si nen\u00e1ro\u010dn\u00e9 hry na cest\u00e1ch? MocoSpace by pro v\u00e1s mohl b\u00fdt ide\u00e1ln\u00ed. Kombinac\u00ed komunitn\u00edch funkc\u00ed s integrovan\u00fdm hern\u00edm z\u00e1\u017eitkem vynik\u00e1 MocoSpace mezi tradi\u010dn\u00edmi aplikacemi pro chat a soci\u00e1ln\u00ed s\u00edt\u011b. N\u00ed\u017ee se sezn\u00e1m\u00edme s kl\u00ed\u010dov\u00fdmi funkcemi aplikace MocoSpace, jej\u00edm fungov\u00e1n\u00edm a s t\u00edm, co z n\u00ed d\u011bl\u00e1 \u017eiv\u00e9 online prost\u0159ed\u00ed.<\/p>\n<h2>Co je MocoSpace?<\/h2>\n<p>MocoSpace je mobiln\u011b zam\u011b\u0159en\u00fd produkt <strong>platforma pro soci\u00e1ln\u00ed s\u00edt\u011b<\/strong> kter\u00e1 nab\u00edz\u00ed:<\/p>\n<ul>\n<li><strong>Chatovac\u00ed m\u00edstnosti a f\u00f3ra<\/strong>: <a href=\"https:\/\/strangercam.com\/cs\/coomeet\/\">Seznamte se s<\/a> nov\u00e9 lidi nebo si popov\u00eddat s p\u0159\u00e1teli v tematick\u00fdch chatovac\u00edch prostorech.<\/li>\n<li><strong>Spole\u010densk\u00e9 hry<\/strong>: Vychutnejte si \u0159adu nen\u00e1ro\u010dn\u00fdch her v prohl\u00ed\u017ee\u010di, kter\u00e9 jsou ide\u00e1ln\u00ed pro rychlou z\u00e1bavu.<\/li>\n<li><strong>Profily u\u017eivatel\u016f<\/strong>: P\u0159izp\u016fsobte si prostor pomoc\u00ed fotografi\u00ed, status\u016f a osobn\u00edch informac\u00ed.<\/li>\n<li><strong>Funkce p\u0159\u00e1tel a n\u00e1sledovn\u00edk\u016f<\/strong>: Spojte se s lidmi z cel\u00e9ho sv\u011bta nebo si vytvo\u0159te okruh bl\u00edzk\u00fdch online p\u0159\u00e1tel.<\/li>\n<\/ul>\n<p>Za\u0159\u00edzen\u00ed MocoSpace je lehk\u00e9 a u\u017eivatelsky p\u0159\u00edv\u011btiv\u00e9 a funguje bez probl\u00e9m\u016f na r\u016fzn\u00fdch za\u0159\u00edzen\u00edch, tak\u017ee se m\u016f\u017eete p\u0159ihl\u00e1sit, a\u0165 jste kdekoli.<\/p>\n<h2>Kl\u00ed\u010dov\u00e9 vlastnosti<\/h2>\n<h3>1. Chatovac\u00ed m\u00edstnosti a zas\u00edl\u00e1n\u00ed zpr\u00e1v<\/h3>\n<p>Srdcem syst\u00e9mu MocoSpace je funkce chatu:<\/p>\n<ul>\n<li><strong>Skupinov\u00e9 chatovac\u00ed m\u00edstnosti<\/strong>: P\u0159ipojte se k tematick\u00fdm chat\u016fm - sport, filmy nebo dokonce m\u00edstn\u00ed setk\u00e1n\u00ed - a najd\u011bte podobn\u011b sm\u00fd\u0161lej\u00edc\u00ed u\u017eivatele.<\/li>\n<li><strong>Soukrom\u00e9 zpr\u00e1vy<\/strong>: Vym\u011b\u0148ujte si osobn\u00ed zpr\u00e1vy s p\u0159\u00e1teli nebo nov\u00fdmi kontakty, ani\u017e byste museli opustit platformu.<\/li>\n<li><strong><a href=\"https:\/\/strangercam.com\/cs\/rabbit-video-chat\/\">Video<\/a> a hlas (s omezen\u00edm)<\/strong>: N\u011bkter\u00e9 funkce umo\u017e\u0148uj\u00ed zas\u00edl\u00e1n\u00ed kr\u00e1tk\u00fdch hlasov\u00fdch zpr\u00e1v nebo vide\u00ed, tak\u017ee konverzace jsou osobn\u011bj\u0161\u00ed.<\/li>\n<\/ul>\n<h3>2. Soci\u00e1ln\u00ed hry<\/h3>\n<p>MocoSpace host\u00ed \u0159adu <strong>Hry zalo\u017een\u00e9 na HTML5<\/strong> m\u016f\u017eete hr\u00e1t samostatn\u011b nebo z\u00e1vodn\u011b:<\/p>\n<ul>\n<li><strong>Klasick\u00e9 ark\u00e1dy<\/strong>: Jednoduch\u00e9 hry v retro stylu jsou ide\u00e1ln\u00ed pro rychl\u00e9 p\u0159est\u00e1vky.<\/li>\n<li><strong>Strategie a hran\u00ed rol\u00ed<\/strong>: Budujte aliance, roz\u0161i\u0159ujte virtu\u00e1ln\u00ed kr\u00e1lovstv\u00ed a spojte se s p\u0159\u00e1teli.<\/li>\n<li><strong>\u017deb\u0159\u00ed\u010dky<\/strong>: Sledujte sv\u016fj pokrok a sout\u011b\u017ete s ostatn\u00edmi hr\u00e1\u010di ve sv\u00e9 s\u00edti.<\/li>\n<\/ul>\n<h3>3. P\u0159izp\u016fsoben\u00ed profilu<\/h3>\n<p>V\u00e1\u0161 profil MocoSpace funguje jako osobn\u00ed mini-str\u00e1nka:<\/p>\n<ul>\n<li><strong>Nahr\u00e1v\u00e1n\u00ed fotografi\u00ed<\/strong>: Vytv\u00e1\u0159ejte alba, ve kter\u00fdch m\u016f\u017eete prezentovat nejzaj\u00edmav\u011bj\u0161\u00ed okam\u017eiky sv\u00e9ho \u017eivota.<\/li>\n<li><strong>Bio a aktualizace stavu<\/strong>: Dejte ostatn\u00edm v\u011bd\u011bt, co pr\u00e1v\u011b d\u011bl\u00e1te nebo jakou m\u00e1te n\u00e1ladu.<\/li>\n<li><strong>T\u00e9mata a skiny<\/strong>: P\u0159izp\u016fsobte vzhled sv\u00e9 str\u00e1nky, abyste vynikli.<\/li>\n<\/ul>\n<h3>4. Vlastnosti komunity<\/h3>\n<p>MocoSpace integruje soci\u00e1ln\u00ed prvky, kter\u00e9 pom\u00e1haj\u00ed u\u017eivatel\u016fm nav\u00e1zat hlub\u0161\u00ed kontakt:<\/p>\n<ul>\n<li><strong>P\u0159\u00e1tel\u00e9 a n\u00e1sledovn\u00edci<\/strong>: Roz\u0161i\u0159te svou s\u00ed\u0165 p\u0159id\u00e1n\u00edm u\u017eivatel\u016f nebo sledov\u00e1n\u00edm profil\u016f, kter\u00e9 maj\u00ed stejn\u00e9 z\u00e1jmy.<\/li>\n<li><strong>F\u00f3ra a skupiny<\/strong>: Diskutujte o trendov\u00fdch t\u00e9matech nebo z\u00e1jmech ve specializovan\u00fdch komunit\u00e1ch.<\/li>\n<li><strong>Ozn\u00e1men\u00ed<\/strong>: Z\u016fsta\u0148te informov\u00e1ni o \u017e\u00e1dostech o p\u0159\u00e1telstv\u00ed, pozv\u00e1nk\u00e1ch do skupin a hern\u00edch v\u00fdzv\u00e1ch.<\/li>\n<\/ul>\n<h2>Jak funguje MocoSpace<\/h2>\n<h3>1. Rychl\u00e1 registrace<\/h3>\n<p>\u00da\u010det MocoSpace si m\u016f\u017eete vytvo\u0159it pomoc\u00ed:<\/p>\n<ul>\n<li><strong>E-mail<\/strong>: Standardn\u00ed registrace krok za krokem.<\/li>\n<li><strong>Facebook\/Google<\/strong>: Mo\u017enosti rychl\u00e9ho p\u0159ihl\u00e1\u0161en\u00ed k propojen\u00ed \u00fa\u010dt\u016f soci\u00e1ln\u00edch m\u00e9di\u00ed.<\/li>\n<\/ul>\n<p>Po p\u0159ihl\u00e1\u0161en\u00ed m\u016f\u017eete upravit \u00fadaje sv\u00e9ho profilu a vybrat si hern\u00ed z\u00e1jmy nebo preferovan\u00e9 chatovac\u00ed m\u00edstnosti a za\u010d\u00edt.<\/p>\n<h3>2. Hled\u00e1n\u00ed p\u0159\u00e1tel a z\u00e1bavy<\/h3>\n<p>Kl\u00ed\u010dov\u00fdm l\u00e1kadlem MocoSpace je to, jak snadno m\u016f\u017eete <strong>pozn\u00e1vat nov\u00e9 lidi<\/strong>:<\/p>\n<ul>\n<li>Vyhled\u00e1vejte u\u017eivatele podle v\u011bku, polohy nebo spole\u010dn\u00fdch z\u00e1jm\u016f.<\/li>\n<li>Zapojte se do otev\u0159en\u00fdch chat\u016f o hudb\u011b, filmech, hr\u00e1ch a dal\u0161\u00edch t\u00e9matech.<\/li>\n<li>P\u0159ipojte se k hern\u00edm lobby, najd\u011bte si spoluhr\u00e1\u010de a sout\u011b\u017ete o nejlep\u0161\u00ed sk\u00f3re.<\/li>\n<\/ul>\n<h3>3. Zvy\u0161ov\u00e1n\u00ed \u00farovn\u011b hran\u00edm<\/h3>\n<p>Mnoho <strong>Hry MocoSpace<\/strong> v\u00e1s odm\u011bn\u00ed body a odznaky:<\/p>\n<ul>\n<li>Z\u00edskejte hern\u00ed m\u011bnu na n\u00e1kup vylep\u0161en\u00ed nebo vylep\u0161en\u00ed.<\/li>\n<li>Vyu\u017eijte bonusy z akc\u00ed nebo \u010dasov\u011b omezen\u00e9 v\u00fdzvy.<\/li>\n<li>Vy\u0161plhejte se do \u010dela \u017eeb\u0159\u00ed\u010dk\u016f a p\u0159edve\u010fte sv\u00e9 hern\u00ed dovednosti.<\/li>\n<\/ul>\n<h2>Bezpe\u010dnost a st\u0159\u00eddmost<\/h2>\n<p>Stejn\u011b jako ka\u017ed\u00e1 online s\u00ed\u0165 i MocoSpace \u0159e\u0161\u00ed potenci\u00e1ln\u00ed obavy t\u00fdkaj\u00edc\u00ed se soukrom\u00ed a chov\u00e1n\u00ed:<\/p>\n<ul>\n<li><strong>N\u00e1stroje pro blokov\u00e1n\u00ed a hl\u00e1\u0161en\u00ed<\/strong>: Rychle odstra\u0148te ne\u017e\u00e1douc\u00ed interakce nebo ozna\u010dte podez\u0159el\u00e9 \u00fa\u010dty.<\/li>\n<li><strong>Pokyny Spole\u010denstv\u00ed<\/strong>: Jasn\u00e1 pravidla p\u0159ijateln\u00e9ho chov\u00e1n\u00ed s mo\u017enost\u00ed pozastaven\u00ed \u00fa\u010dtu v p\u0159\u00edpad\u011b jejich poru\u0161en\u00ed.<\/li>\n<li><strong>Ovl\u00e1d\u00e1n\u00ed soukrom\u00ed profilu<\/strong>: Omezte, kdo m\u016f\u017ee vid\u011bt va\u0161e fotografie, p\u0159\u00edsp\u011bvky nebo pozv\u00e1nky na chat.<\/li>\n<\/ul>\n<h2>Monetizace a pr\u00e9miov\u00e9 funkce<\/h2>\n<p>MocoSpace je <strong><a href=\"https:\/\/strangercam.com\/cs\/chat4free\/\">zdarma<\/a> se p\u0159ipojit<\/strong> a pou\u017e\u00edv\u00e1n\u00ed, ale platforma nab\u00edz\u00ed tak\u00e9 voliteln\u00e9 placen\u00e9 upgrady:<\/p>\n<ul>\n<li><strong>Virtu\u00e1ln\u00ed m\u011bna (Moco Gold)<\/strong>: Utr\u00e1cejte za vylep\u0161en\u00ed avatara, exkluzivn\u00ed hern\u00ed p\u0159edm\u011bty nebo motivy profilu.<\/li>\n<li><strong>Zku\u0161enosti bez reklam<\/strong>: Odstran\u011bn\u00ed reklam pro rychlej\u0161\u00ed a \u010dist\u0161\u00ed proch\u00e1zen\u00ed.<\/li>\n<li><strong>Zvl\u00e1\u0161tn\u00ed v\u00fdhody<\/strong>: V n\u011bkter\u00fdch hr\u00e1ch z\u00edsk\u00e1te dal\u0161\u00ed d\u00e1rky nebo bonusy, kter\u00e9 jsou k dispozici prost\u0159ednictv\u00edm n\u00e1kup\u016f v aplikaci.<\/li>\n<\/ul>\n<h2>V\u00fdhody a nev\u00fdhody<\/h2>\n<p>\u017d\u00e1dn\u00e1 platforma nen\u00ed dokonal\u00e1 a MocoSpace nen\u00ed v\u00fdjimkou. Zde je vyv\u00e1\u017een\u00fd pohled:<\/p>\n<table>\n<thead>\n<tr>\n<th>Klady<\/th>\n<th>Nev\u00fdhody<\/th>\n<\/tr>\n<\/thead>\n<tbody>\n<tr>\n<td>\n<ul>\n<li>Kombinace chatu a soci\u00e1ln\u00edch her v jedn\u00e9 aplikaci<\/li>\n<li>U\u017eivatelsky p\u0159\u00edv\u011btiv\u00e9 a lehk\u00e9, ide\u00e1ln\u00ed pro mobiln\u00ed za\u0159\u00edzen\u00ed<\/li>\n<li>Komunitn\u011b \u0159\u00edzen\u00e9, s mnoha z\u00e1jmov\u00fdmi f\u00f3ry.<\/li>\n<li>Snadn\u00e1 registrace a rychl\u00fd n\u00e1stup<\/li>\n<li>Pou\u017e\u00edv\u00e1n\u00ed zdarma, s voliteln\u00fdmi pr\u00e9miov\u00fdmi polo\u017ekami<\/li>\n<\/ul>\n<\/td>\n<td>\n<ul>\n<li>Chatovac\u00ed m\u00edstnosti mohou ob\u010das obsahovat spam nebo <a href=\"https:\/\/strangercam.com\/cs\/shagle\/\">pro dosp\u011bl\u00e9<\/a> obsah<\/li>\n<li>Omezen\u00e9 pokro\u010dil\u00e9 nastaven\u00ed soukrom\u00ed ve srovn\u00e1n\u00ed s b\u011b\u017en\u00fdmi soci\u00e1ln\u00edmi aplikacemi<\/li>\n<li>N\u011bkter\u00e9 pr\u00e9miov\u00e9 funkce mohou b\u00fdt \u010dasem n\u00e1kladn\u00e9<\/li>\n<li>M\u00e9n\u011b \u0161pi\u010dkov\u00fdch nebo pohlcuj\u00edc\u00edch her ve srovn\u00e1n\u00ed se specializovan\u00fdmi hern\u00edmi platformami<\/li>\n<\/ul>\n<\/td>\n<\/tr>\n<\/tbody>\n<\/table>\n<h2>Tipy pro maxim\u00e1ln\u00ed vyu\u017eit\u00ed MocoSpace<\/h2>\n<h3>1. P\u0159izp\u016fsobte si sv\u016fj profil<\/h3>\n<p>Poutav\u00e1 t\u00e9mata a stru\u010dn\u00fd \u017eivotopis v\u00e1m pomohou p\u0159il\u00e1kat p\u0159\u00e1tele nebo hern\u00ed partnery, kte\u0159\u00ed sd\u00edlej\u00ed va\u0161e z\u00e1jmy.<\/p>\n<h3>2. P\u0159ipojte se k aktivn\u00edm chatovac\u00edm m\u00edstnostem<\/h3>\n<p>V dob\u011b nejv\u011bt\u0161\u00edho z\u00e1jmu m\u016f\u017eete nav\u0161t\u00edvit m\u00edstnosti, kde se \u017eiv\u011b diskutuje, a rychleji navazovat kontakty.<\/p>\n<h3>3. Prozkoumejte r\u016fzn\u00e9 hry<\/h3>\n<p>St\u0159\u00edd\u00e1n\u00ed \u017e\u00e1nr\u016f v\u00e1m pom\u016f\u017ee udr\u017eet si nov\u00e9 zku\u0161enosti a sezn\u00e1mit se s nov\u00fdmi lidmi.<\/p>\n<h3>4. Dodr\u017eov\u00e1n\u00ed online etikety<\/h3>\n<p>Dodr\u017eujte pokyny a chovejte se k ostatn\u00edm u\u017eivatel\u016fm s respektem, abyste podpo\u0159ili pozitivn\u00ed a p\u0159\u00edjemnou komunitu.<\/p>\n<h2>Z\u00e1v\u011br<\/h2>\n<p>MocoSpace nab\u00edz\u00ed jedine\u010dn\u00fd spole\u010densk\u00fd z\u00e1\u017eitek, proto\u017ee spojuje chat a hran\u00ed her v jedin\u00e9 mobiln\u00ed platform\u011b. A\u0165 u\u017e chcete nav\u00e1zat konverzaci v chatovac\u00edch m\u00edstnostech, vyzvat p\u0159\u00e1tele na p\u0159\u00edle\u017eitostn\u00e9 hry HTML5 nebo obecn\u011b roz\u0161\u00ed\u0159it sv\u016fj soci\u00e1ln\u00ed okruh, MocoSpace poskytuje n\u00e1stroje a aktivity, kter\u00e9 udr\u017euj\u00ed z\u00e1\u017eitek \u017eiv\u00fd a poutav\u00fd. D\u00edky u\u017eivatelsky p\u0159\u00edv\u011btiv\u00fdm funkc\u00edm a aktivn\u00ed glob\u00e1ln\u00ed komunit\u011b je to z\u00e1bavn\u00e1 volba pro ty, kte\u0159\u00ed cht\u011bj\u00ed vedle soci\u00e1ln\u00edch s\u00edt\u00ed i trochu z\u00e1bavy nav\u00edc. Pokud jste p\u0159ipraveni poznat nov\u00e9 lidi a u\u017e\u00edt si trochu lehk\u00e9ho hran\u00ed, vyzkou\u0161ejte MocoSpace.<\/p>","protected":false},"excerpt":{"rendered":"<p>Looking for a social platform where you can both chat with friends and enjoy casual games on the go? MocoSpace might just be the perfect fit. Combining community-driven features with a built-in gaming experience, MocoSpace stands out among traditional chat and social networking apps. Below, we\u2019ll explore MocoSpace\u2019s key features, how it works, and what [&hellip;]<\/p>\n","protected":false},"author":6,"featured_media":0,"parent":0,"menu_order":0,"comment_status":"closed","ping_status":"closed","template":"","meta":{"footnotes":""},"class_list":["post-8708","page","type-page","status-publish","hentry"],"yoast_head":"<!-- This site is optimized with the Yoast SEO plugin v26.9 - https:\/\/yoast.com\/product\/yoast-seo-wordpress\/ -->\n<title>MocoSpace - Anonymous Chat For Two - StrangerCam.com<\/title>\n<meta name=\"description\" content=\"Like MocoSpace? Come chat with more than 5.000.000 strangers on Stranger Cam for Free! Turn on your cam and find new friends &amp; maby a match!\" \/>\n<meta name=\"robots\" content=\"index, follow, max-snippet:-1, max-image-preview:large, max-video-preview:-1\" \/>\n<link rel=\"canonical\" href=\"https:\/\/strangercam.com\/cs\/mocospace\/\" \/>\n<meta property=\"og:locale\" content=\"cs_CZ\" \/>\n<meta property=\"og:type\" content=\"article\" \/>\n<meta property=\"og:title\" content=\"MocoSpace - Anonymous Chat For Two - StrangerCam.com\" \/>\n<meta property=\"og:description\" content=\"Like MocoSpace? Come chat with more than 5.000.000 strangers on Stranger Cam for Free! Turn on your cam and find new friends &amp; maby a match!\" \/>\n<meta property=\"og:url\" content=\"https:\/\/strangercam.com\/cs\/mocospace\/\" \/>\n<meta property=\"og:site_name\" content=\"Strangercam\" \/>\n<meta property=\"article:publisher\" content=\"https:\/\/www.facebook.com\/strangercam\" \/>\n<meta property=\"article:modified_time\" content=\"2025-02-04T07:47:53+00:00\" \/>\n<meta property=\"og:image\" content=\"https:\/\/strangercam.com\/wp-content\/uploads\/2021\/10\/Untitled-2.png\" \/>\n\t<meta property=\"og:image:width\" content=\"800\" \/>\n\t<meta property=\"og:image:height\" content=\"532\" \/>\n\t<meta property=\"og:image:type\" content=\"image\/png\" \/>\n<meta name=\"twitter:card\" content=\"summary_large_image\" \/>\n<meta name=\"twitter:site\" content=\"@strangercamapp\" \/>\n<meta name=\"twitter:label1\" content=\"Odhadovan\u00e1 doba \u010dten\u00ed\" \/>\n\t<meta name=\"twitter:data1\" content=\"4 minuty\" \/>\n<script type=\"application\/ld+json\" class=\"yoast-schema-graph\">{\"@context\":\"https:\/\/schema.org\",\"@graph\":[{\"@type\":\"WebPage\",\"@id\":\"https:\/\/strangercam.com\/mocospace\/\",\"url\":\"https:\/\/strangercam.com\/mocospace\/\",\"name\":\"MocoSpace - Anonymous Chat For Two - StrangerCam.com\",\"isPartOf\":{\"@id\":\"https:\/\/strangercam.com\/#website\"},\"datePublished\":\"2021-10-27T07:29:55+00:00\",\"dateModified\":\"2025-02-04T07:47:53+00:00\",\"description\":\"Like MocoSpace? Come chat with more than 5.000.000 strangers on Stranger Cam for Free! Turn on your cam and find new friends & maby a match!\",\"breadcrumb\":{\"@id\":\"https:\/\/strangercam.com\/mocospace\/#breadcrumb\"},\"inLanguage\":\"cs\",\"potentialAction\":[{\"@type\":\"ReadAction\",\"target\":[\"https:\/\/strangercam.com\/mocospace\/\"]}]},{\"@type\":\"BreadcrumbList\",\"@id\":\"https:\/\/strangercam.com\/mocospace\/#breadcrumb\",\"itemListElement\":[{\"@type\":\"ListItem\",\"position\":1,\"name\":\"Home\",\"item\":\"https:\/\/strangercam.com\/\"},{\"@type\":\"ListItem\",\"position\":2,\"name\":\"MocoSpace\"}]},{\"@type\":\"WebSite\",\"@id\":\"https:\/\/strangercam.com\/#website\",\"url\":\"https:\/\/strangercam.com\/\",\"name\":\"Strangercam\",\"description\":\"Random Video Chat with Strangers\",\"publisher\":{\"@id\":\"https:\/\/strangercam.com\/#organization\"},\"alternateName\":\"Strangercam.com\",\"potentialAction\":[{\"@type\":\"SearchAction\",\"target\":{\"@type\":\"EntryPoint\",\"urlTemplate\":\"https:\/\/strangercam.com\/?s={search_term_string}\"},\"query-input\":{\"@type\":\"PropertyValueSpecification\",\"valueRequired\":true,\"valueName\":\"search_term_string\"}}],\"inLanguage\":\"cs\"},{\"@type\":\"Organization\",\"@id\":\"https:\/\/strangercam.com\/#organization\",\"name\":\"Strangercam\",\"alternateName\":\"Strangercam.com\",\"url\":\"https:\/\/strangercam.com\/\",\"logo\":{\"@type\":\"ImageObject\",\"inLanguage\":\"cs\",\"@id\":\"https:\/\/strangercam.com\/#\/schema\/logo\/image\/\",\"url\":\"https:\/\/strangercam.com\/wp-content\/uploads\/2020\/11\/cropped-new-favicon-black.png\",\"contentUrl\":\"https:\/\/strangercam.com\/wp-content\/uploads\/2020\/11\/cropped-new-favicon-black.png\",\"width\":512,\"height\":512,\"caption\":\"Strangercam\"},\"image\":{\"@id\":\"https:\/\/strangercam.com\/#\/schema\/logo\/image\/\"},\"sameAs\":[\"https:\/\/www.facebook.com\/strangercam\",\"https:\/\/x.com\/strangercamapp\"]}]}<\/script>\n<!-- \/ Yoast SEO plugin. -->","yoast_head_json":{"title":"MocoSpace - Anonymn\u00ed chat pro dva - StrangerCam.com","description":"Jako MocoSpace? Poj\u010fte si zdarma popov\u00eddat s v\u00edce ne\u017e 5 000 000 cizinci na Stranger Cam! Zapn\u011bte si kameru a najd\u011bte nov\u00e9 p\u0159\u00e1tele &amp; maby z\u00e1pas!","robots":{"index":"index","follow":"follow","max-snippet":"max-snippet:-1","max-image-preview":"max-image-preview:large","max-video-preview":"max-video-preview:-1"},"canonical":"https:\/\/strangercam.com\/cs\/mocospace\/","og_locale":"cs_CZ","og_type":"article","og_title":"MocoSpace - Anonymous Chat For Two - StrangerCam.com","og_description":"Like MocoSpace? Come chat with more than 5.000.000 strangers on Stranger Cam for Free! Turn on your cam and find new friends & maby a match!","og_url":"https:\/\/strangercam.com\/cs\/mocospace\/","og_site_name":"Strangercam","article_publisher":"https:\/\/www.facebook.com\/strangercam","article_modified_time":"2025-02-04T07:47:53+00:00","og_image":[{"width":800,"height":532,"url":"https:\/\/strangercam.com\/wp-content\/uploads\/2021\/10\/Untitled-2.png","type":"image\/png"}],"twitter_card":"summary_large_image","twitter_site":"@strangercamapp","twitter_misc":{"Odhadovan\u00e1 doba \u010dten\u00ed":"4 minuty"},"schema":{"@context":"https:\/\/schema.org","@graph":[{"@type":"WebPage","@id":"https:\/\/strangercam.com\/mocospace\/","url":"https:\/\/strangercam.com\/mocospace\/","name":"MocoSpace - Anonymn\u00ed chat pro dva - StrangerCam.com","isPartOf":{"@id":"https:\/\/strangercam.com\/#website"},"datePublished":"2021-10-27T07:29:55+00:00","dateModified":"2025-02-04T07:47:53+00:00","description":"Jako MocoSpace? Poj\u010fte si zdarma popov\u00eddat s v\u00edce ne\u017e 5 000 000 cizinci na Stranger Cam! Zapn\u011bte si kameru a najd\u011bte nov\u00e9 p\u0159\u00e1tele &amp; maby z\u00e1pas!","breadcrumb":{"@id":"https:\/\/strangercam.com\/mocospace\/#breadcrumb"},"inLanguage":"cs","potentialAction":[{"@type":"ReadAction","target":["https:\/\/strangercam.com\/mocospace\/"]}]},{"@type":"BreadcrumbList","@id":"https:\/\/strangercam.com\/mocospace\/#breadcrumb","itemListElement":[{"@type":"ListItem","position":1,"name":"Home","item":"https:\/\/strangercam.com\/"},{"@type":"ListItem","position":2,"name":"MocoSpace"}]},{"@type":"WebSite","@id":"https:\/\/strangercam.com\/#website","url":"https:\/\/strangercam.com\/","name":"Strangercam","description":"N\u00e1hodn\u00fd videochat s ciz\u00edmi lidmi","publisher":{"@id":"https:\/\/strangercam.com\/#organization"},"alternateName":"Strangercam.com","potentialAction":[{"@type":"SearchAction","target":{"@type":"EntryPoint","urlTemplate":"https:\/\/strangercam.com\/?s={search_term_string}"},"query-input":{"@type":"PropertyValueSpecification","valueRequired":true,"valueName":"search_term_string"}}],"inLanguage":"cs"},{"@type":"Organization","@id":"https:\/\/strangercam.com\/#organization","name":"Strangercam","alternateName":"Strangercam.com","url":"https:\/\/strangercam.com\/","logo":{"@type":"ImageObject","inLanguage":"cs","@id":"https:\/\/strangercam.com\/#\/schema\/logo\/image\/","url":"https:\/\/strangercam.com\/wp-content\/uploads\/2020\/11\/cropped-new-favicon-black.png","contentUrl":"https:\/\/strangercam.com\/wp-content\/uploads\/2020\/11\/cropped-new-favicon-black.png","width":512,"height":512,"caption":"Strangercam"},"image":{"@id":"https:\/\/strangercam.com\/#\/schema\/logo\/image\/"},"sameAs":["https:\/\/www.facebook.com\/strangercam","https:\/\/x.com\/strangercamapp"]}]}},"_links":{"self":[{"href":"https:\/\/strangercam.com\/cs\/wp-json\/wp\/v2\/pages\/8708","targetHints":{"allow":["GET"]}}],"collection":[{"href":"https:\/\/strangercam.com\/cs\/wp-json\/wp\/v2\/pages"}],"about":[{"href":"https:\/\/strangercam.com\/cs\/wp-json\/wp\/v2\/types\/page"}],"author":[{"embeddable":true,"href":"https:\/\/strangercam.com\/cs\/wp-json\/wp\/v2\/users\/6"}],"replies":[{"embeddable":true,"href":"https:\/\/strangercam.com\/cs\/wp-json\/wp\/v2\/comments?post=8708"}],"version-history":[{"count":1,"href":"https:\/\/strangercam.com\/cs\/wp-json\/wp\/v2\/pages\/8708\/revisions"}],"predecessor-version":[{"id":12690,"href":"https:\/\/strangercam.com\/cs\/wp-json\/wp\/v2\/pages\/8708\/revisions\/12690"}],"wp:attachment":[{"href":"https:\/\/strangercam.com\/cs\/wp-json\/wp\/v2\/media?parent=8708"}],"curies":[{"name":"wp","href":"https:\/\/api.w.org\/{rel}","templated":true}]}}