{"id":8689,"date":"2021-10-27T09:18:47","date_gmt":"2021-10-27T07:18:47","guid":{"rendered":"https:\/\/strangercam.com\/?page_id=8689"},"modified":"2023-08-21T11:40:39","modified_gmt":"2023-08-21T09:40:39","slug":"chat-hour","status":"publish","type":"page","link":"https:\/\/strangercam.com\/cs\/chat-hour\/","title":{"rendered":"Chat Hour"},"content":{"rendered":"<p>N\u00e1stup vysokorychlostn\u00edho internetu a modern\u00edch za\u0159\u00edzen\u00ed, jako jsou notebooky a chytr\u00e9 telefony, zcela zm\u011bnil komunikaci a sd\u00edlen\u00ed informac\u00ed. Web skute\u010dn\u011b nab\u00edz\u00ed spoustu mo\u017enost\u00ed, jak znalostn\u00edch, tak z\u00e1bavn\u00fdch. \u017divot se v dne\u0161n\u00ed dob\u011b stal jen pohodln\u011bj\u0161\u00edm a jednodu\u0161\u0161\u00edm. Nyn\u00ed je snadn\u00e9 z\u016fstat ve spojen\u00ed se zn\u00e1m\u00fdmi lidmi, a dokonce i s ciz\u00edmi lidmi z cel\u00e9ho sv\u011bta, ani\u017e byste museli kamkoli vych\u00e1zet. <a href=\"https:\/\/strangercam.com\/cs\/chatroulette\/\">Chat<\/a> Hodina je nejlep\u0161\u00edm m\u00edstem pro <a href=\"https:\/\/strangercam.com\/cs\/coomeet\/\">Seznamte se s<\/a> nov\u00e9 lidi a nov\u00e9 p\u0159\u00e1tele.<\/p>\n<p><strong><a href=\"https:\/\/strangercam.com\/cs\/mili\/\">\u017div\u011b<\/a> videochatov\u00e1n\u00ed<\/strong><\/p>\n<p>Je pova\u017eov\u00e1n za nejnov\u011bj\u0161\u00ed m\u00f3dn\u00ed trend na webu. Zd\u00e1 se, \u017ee lid\u00e9 v\u0161ech v\u011bkov\u00fdch kategori\u00ed vyu\u017eili web ke spojen\u00ed s ostatn\u00edmi pomoc\u00ed chatovac\u00edch port\u00e1l\u016f, jako je Chat Hour. Takov\u00e9 slu\u017eby nab\u00edzej\u00ed spoustu textov\u00fdch zpr\u00e1v a z\u00e1rove\u0148 jsou <a href=\"https:\/\/strangercam.com\/cs\/chat4free\/\">zdarma<\/a> zaregistrovat a pou\u017e\u00edvat. Nyn\u00ed m\u016f\u017eete j\u00edt online a za\u010d\u00edt videochatovat s p\u0159\u00e1teli, zn\u00e1m\u00fdmi lidmi i \u00fapln\u011b ciz\u00edmi lidmi. K interakci s nimi sta\u010d\u00ed stisknout tla\u010d\u00edtko a pou\u017e\u00edt webovou kameru nebo kameru smartphonu.<\/p>\n<p>Renomovan\u00e9 str\u00e1nky jako Chat Hour umo\u017e\u0148uj\u00ed lidem setk\u00e1vat se s cizinci z \u2018virtu\u00e1ln\u00edho sv\u011bta\u2019. Krom\u011b psan\u00ed textov\u00fdch zpr\u00e1v m\u016f\u017eete tak\u00e9 vid\u011bt a sly\u0161et, co m\u00e1 druh\u00e1 osoba na srdci, a to i v re\u00e1ln\u00e9m \u010dase. Oba m\u016f\u017eete b\u00fdt t\u0159eba i v jin\u00e9 zemi. D\u00edky port\u00e1l\u016fm pro online chatov\u00e1n\u00ed v\u0161ak vzd\u00e1lenost ji\u017e nen\u00ed probl\u00e9m. Umo\u017e\u0148uje v\u00e1m tak\u00e9 <a href=\"https:\/\/strangercam.com\/cs\/rabbit-video-chat\/\">videochat<\/a> i na cest\u00e1ch.<\/p>\n<p><strong>Popularita<\/strong><\/p>\n<p>Pravdou je, \u017ee \u017eiv\u00e9 videochaty pou\u017e\u00edvaj\u00ed jak dosp\u00edvaj\u00edc\u00ed, tak dosp\u011bl\u00ed, a zd\u00e1 se, \u017ee jejich po\u010det se ka\u017ed\u00fdm dnem zvy\u0161uje. Dal\u0161\u00edm uv\u00e1d\u011bn\u00fdm d\u016fvodem rostouc\u00ed popularity je zaveden\u00ed vysoce efektivn\u00edch, neru\u0161iv\u00fdch a rychl\u00fdch \u0161irokop\u00e1smov\u00fdch slu\u017eeb i v rozvojov\u00fdch zem\u00edch. Jsou opravdu levn\u00e9 a z\u00e1rove\u0148 poskytuj\u00ed neomezen\u00e9 stahov\u00e1n\u00ed dat a tak\u00e9 umo\u017e\u0148uj\u00ed p\u0159enos dat ve velk\u00e9m mno\u017estv\u00ed. K Chat Hour se m\u016f\u017eete p\u0159ipojit pomoc\u00ed libovoln\u00e9ho za\u0159\u00edzen\u00ed dle vlastn\u00edho v\u00fdb\u011bru, ani\u017e byste museli \u010delit jak\u00fdmkoli pot\u00ed\u017e\u00edm.<\/p>\n<p><strong>Slou\u017e\u00ed k r\u016fzn\u00fdm \u00fa\u010del\u016fm<\/strong><\/p>\n<p>Videochatov\u00e1n\u00ed m\u016f\u017eete pou\u017e\u00edvat pro pouhou z\u00e1bavu, navazov\u00e1n\u00ed nov\u00fdch p\u0159\u00e1telstv\u00ed nebo chatov\u00e1n\u00ed se zn\u00e1m\u00fdmi p\u0159\u00e1teli. Je to skute\u010dn\u011b \u00fa\u017easn\u00fd n\u00e1stroj, kter\u00fd v\u00e1m umo\u017en\u00ed se st\u00fdkat, kdykoli si budete p\u0159\u00e1t. Pomoc\u00ed Chat Hour se m\u016f\u017eete spojit s p\u0159\u00e1teli a rodinou, kte\u0159\u00ed se zdr\u017euj\u00ed daleko, t\u0159eba v jin\u00e9m m\u011bst\u011b nebo zemi. Tyto slu\u017eby se rovn\u011b\u017e osv\u011bd\u010duj\u00ed p\u0159i po\u0159\u00e1d\u00e1n\u00ed videokonferenc\u00ed. Internet dok\u00e1zal zkr\u00e1tit vzd\u00e1lenost d\u00edky p\u0159idan\u00fdm za\u0159\u00edzen\u00edm, jako jsou mikrofony a webov\u00e9 kamery. M\u011bli byste pln\u011b vyu\u017e\u00edt v\u00fdhod takov\u00fdch port\u00e1l\u016f a pokro\u010dil\u00fdch technologi\u00ed, abyste si mohli u\u017e\u00edvat videohovory se v\u0161emi.<\/p>","protected":false},"excerpt":{"rendered":"<p>The advent of high-speed internet and modern devices like laptop and smartphones has completely revolutionized communication and information sharing. The web does offer plenty of facilities, both knowledgeable and entertaining. Life these days has only become more comfortable and easier. It is now easy to stay connected with known people and even strangers from all [&hellip;]<\/p>\n","protected":false},"author":6,"featured_media":559,"parent":0,"menu_order":0,"comment_status":"closed","ping_status":"closed","template":"","meta":{"footnotes":""},"class_list":["post-8689","page","type-page","status-publish","has-post-thumbnail","hentry"],"yoast_head":"<!-- This site is optimized with the Yoast SEO plugin v27.4 - https:\/\/yoast.com\/product\/yoast-seo-wordpress\/ -->\n<title>Chat Hour - Anonymous Chat For Two - Cam on StrangerCam.com<\/title>\n<meta name=\"description\" content=\"Like Chat Hour? Come chat with more than 5.000.000 strangers on Stranger Cam for Free! Turn on your cam and find new friends &amp; maby a match!\" \/>\n<meta name=\"robots\" content=\"index, follow, max-snippet:-1, max-image-preview:large, max-video-preview:-1\" \/>\n<link rel=\"canonical\" href=\"https:\/\/strangercam.com\/cs\/chat-hour\/\" \/>\n<meta property=\"og:locale\" content=\"cs_CZ\" \/>\n<meta property=\"og:type\" content=\"article\" \/>\n<meta property=\"og:title\" content=\"Chat Hour - Anonymous Chat For Two - Cam on StrangerCam.com\" \/>\n<meta property=\"og:description\" content=\"Like Chat Hour? Come chat with more than 5.000.000 strangers on Stranger Cam for Free! Turn on your cam and find new friends &amp; maby a match!\" \/>\n<meta property=\"og:url\" content=\"https:\/\/strangercam.com\/cs\/chat-hour\/\" \/>\n<meta property=\"og:site_name\" content=\"Strangercam\" \/>\n<meta property=\"article:publisher\" content=\"https:\/\/www.facebook.com\/strangercam\" \/>\n<meta property=\"article:modified_time\" content=\"2023-08-21T09:40:39+00:00\" \/>\n<meta property=\"og:image\" content=\"https:\/\/strangercam.com\/wp-content\/uploads\/2020\/11\/stranger-cam-1.png\" \/>\n\t<meta property=\"og:image:width\" content=\"800\" \/>\n\t<meta property=\"og:image:height\" content=\"800\" \/>\n\t<meta property=\"og:image:type\" content=\"image\/png\" \/>\n<meta name=\"twitter:card\" content=\"summary_large_image\" \/>\n<meta name=\"twitter:site\" content=\"@strangercamapp\" \/>\n<meta name=\"twitter:label1\" content=\"Odhadovan\u00e1 doba \u010dten\u00ed\" \/>\n\t<meta name=\"twitter:data1\" content=\"2 minuty\" \/>\n<script type=\"application\/ld+json\" class=\"yoast-schema-graph\">{\"@context\":\"https:\\\/\\\/schema.org\",\"@graph\":[{\"@type\":\"WebPage\",\"@id\":\"https:\\\/\\\/strangercam.com\\\/chat-hour\\\/\",\"url\":\"https:\\\/\\\/strangercam.com\\\/chat-hour\\\/\",\"name\":\"Chat Hour - Anonymous Chat For Two - Cam on StrangerCam.com\",\"isPartOf\":{\"@id\":\"https:\\\/\\\/strangercam.com\\\/#website\"},\"primaryImageOfPage\":{\"@id\":\"https:\\\/\\\/strangercam.com\\\/chat-hour\\\/#primaryimage\"},\"image\":{\"@id\":\"https:\\\/\\\/strangercam.com\\\/chat-hour\\\/#primaryimage\"},\"thumbnailUrl\":\"https:\\\/\\\/strangercam.com\\\/wp-content\\\/uploads\\\/2020\\\/11\\\/stranger-cam-1.png\",\"datePublished\":\"2021-10-27T07:18:47+00:00\",\"dateModified\":\"2023-08-21T09:40:39+00:00\",\"description\":\"Like Chat Hour? Come chat with more than 5.000.000 strangers on Stranger Cam for Free! Turn on your cam and find new friends & maby a match!\",\"breadcrumb\":{\"@id\":\"https:\\\/\\\/strangercam.com\\\/chat-hour\\\/#breadcrumb\"},\"inLanguage\":\"cs\",\"potentialAction\":[{\"@type\":\"ReadAction\",\"target\":[\"https:\\\/\\\/strangercam.com\\\/chat-hour\\\/\"]}]},{\"@type\":\"ImageObject\",\"inLanguage\":\"cs\",\"@id\":\"https:\\\/\\\/strangercam.com\\\/chat-hour\\\/#primaryimage\",\"url\":\"https:\\\/\\\/strangercam.com\\\/wp-content\\\/uploads\\\/2020\\\/11\\\/stranger-cam-1.png\",\"contentUrl\":\"https:\\\/\\\/strangercam.com\\\/wp-content\\\/uploads\\\/2020\\\/11\\\/stranger-cam-1.png\",\"width\":800,\"height\":800,\"caption\":\"stranger cam random video chat\"},{\"@type\":\"BreadcrumbList\",\"@id\":\"https:\\\/\\\/strangercam.com\\\/chat-hour\\\/#breadcrumb\",\"itemListElement\":[{\"@type\":\"ListItem\",\"position\":1,\"name\":\"Home\",\"item\":\"https:\\\/\\\/strangercam.com\\\/\"},{\"@type\":\"ListItem\",\"position\":2,\"name\":\"Chat Hour\"}]},{\"@type\":\"WebSite\",\"@id\":\"https:\\\/\\\/strangercam.com\\\/#website\",\"url\":\"https:\\\/\\\/strangercam.com\\\/\",\"name\":\"Strangercam\",\"description\":\"Random Video Chat with Strangers\",\"publisher\":{\"@id\":\"https:\\\/\\\/strangercam.com\\\/#organization\"},\"alternateName\":\"Strangercam.com\",\"potentialAction\":[{\"@type\":\"SearchAction\",\"target\":{\"@type\":\"EntryPoint\",\"urlTemplate\":\"https:\\\/\\\/strangercam.com\\\/?s={search_term_string}\"},\"query-input\":{\"@type\":\"PropertyValueSpecification\",\"valueRequired\":true,\"valueName\":\"search_term_string\"}}],\"inLanguage\":\"cs\"},{\"@type\":\"Organization\",\"@id\":\"https:\\\/\\\/strangercam.com\\\/#organization\",\"name\":\"Strangercam\",\"alternateName\":\"Strangercam.com\",\"url\":\"https:\\\/\\\/strangercam.com\\\/\",\"logo\":{\"@type\":\"ImageObject\",\"inLanguage\":\"cs\",\"@id\":\"https:\\\/\\\/strangercam.com\\\/#\\\/schema\\\/logo\\\/image\\\/\",\"url\":\"https:\\\/\\\/strangercam.com\\\/wp-content\\\/uploads\\\/2020\\\/11\\\/cropped-new-favicon-black.png\",\"contentUrl\":\"https:\\\/\\\/strangercam.com\\\/wp-content\\\/uploads\\\/2020\\\/11\\\/cropped-new-favicon-black.png\",\"width\":512,\"height\":512,\"caption\":\"Strangercam\"},\"image\":{\"@id\":\"https:\\\/\\\/strangercam.com\\\/#\\\/schema\\\/logo\\\/image\\\/\"},\"sameAs\":[\"https:\\\/\\\/www.facebook.com\\\/strangercam\",\"https:\\\/\\\/x.com\\\/strangercamapp\"]}]}<\/script>\n<!-- \/ Yoast SEO plugin. -->","yoast_head_json":{"title":"Chat Hour - Anonymn\u00ed chat pro dva - Cam na StrangerCam.com","description":"Jako Chat Hour? Poj\u010fte si zdarma popov\u00eddat s v\u00edce ne\u017e 5 000 000 cizinci na Stranger Cam! Zapn\u011bte si kameru a najd\u011bte nov\u00e9 p\u0159\u00e1tele &amp; maby z\u00e1pas!","robots":{"index":"index","follow":"follow","max-snippet":"max-snippet:-1","max-image-preview":"max-image-preview:large","max-video-preview":"max-video-preview:-1"},"canonical":"https:\/\/strangercam.com\/cs\/chat-hour\/","og_locale":"cs_CZ","og_type":"article","og_title":"Chat Hour - Anonymous Chat For Two - Cam on StrangerCam.com","og_description":"Like Chat Hour? Come chat with more than 5.000.000 strangers on Stranger Cam for Free! Turn on your cam and find new friends & maby a match!","og_url":"https:\/\/strangercam.com\/cs\/chat-hour\/","og_site_name":"Strangercam","article_publisher":"https:\/\/www.facebook.com\/strangercam","article_modified_time":"2023-08-21T09:40:39+00:00","og_image":[{"width":800,"height":800,"url":"https:\/\/strangercam.com\/wp-content\/uploads\/2020\/11\/stranger-cam-1.png","type":"image\/png"}],"twitter_card":"summary_large_image","twitter_site":"@strangercamapp","twitter_misc":{"Odhadovan\u00e1 doba \u010dten\u00ed":"2 minuty"},"schema":{"@context":"https:\/\/schema.org","@graph":[{"@type":"WebPage","@id":"https:\/\/strangercam.com\/chat-hour\/","url":"https:\/\/strangercam.com\/chat-hour\/","name":"Chat Hour - Anonymn\u00ed chat pro dva - Cam na StrangerCam.com","isPartOf":{"@id":"https:\/\/strangercam.com\/#website"},"primaryImageOfPage":{"@id":"https:\/\/strangercam.com\/chat-hour\/#primaryimage"},"image":{"@id":"https:\/\/strangercam.com\/chat-hour\/#primaryimage"},"thumbnailUrl":"https:\/\/strangercam.com\/wp-content\/uploads\/2020\/11\/stranger-cam-1.png","datePublished":"2021-10-27T07:18:47+00:00","dateModified":"2023-08-21T09:40:39+00:00","description":"Jako Chat Hour? Poj\u010fte si zdarma popov\u00eddat s v\u00edce ne\u017e 5 000 000 cizinci na Stranger Cam! Zapn\u011bte si kameru a najd\u011bte nov\u00e9 p\u0159\u00e1tele &amp; maby z\u00e1pas!","breadcrumb":{"@id":"https:\/\/strangercam.com\/chat-hour\/#breadcrumb"},"inLanguage":"cs","potentialAction":[{"@type":"ReadAction","target":["https:\/\/strangercam.com\/chat-hour\/"]}]},{"@type":"ImageObject","inLanguage":"cs","@id":"https:\/\/strangercam.com\/chat-hour\/#primaryimage","url":"https:\/\/strangercam.com\/wp-content\/uploads\/2020\/11\/stranger-cam-1.png","contentUrl":"https:\/\/strangercam.com\/wp-content\/uploads\/2020\/11\/stranger-cam-1.png","width":800,"height":800,"caption":"stranger cam random video chat"},{"@type":"BreadcrumbList","@id":"https:\/\/strangercam.com\/chat-hour\/#breadcrumb","itemListElement":[{"@type":"ListItem","position":1,"name":"Home","item":"https:\/\/strangercam.com\/"},{"@type":"ListItem","position":2,"name":"Chat Hour"}]},{"@type":"WebSite","@id":"https:\/\/strangercam.com\/#website","url":"https:\/\/strangercam.com\/","name":"Strangercam","description":"N\u00e1hodn\u00fd videochat s ciz\u00edmi lidmi","publisher":{"@id":"https:\/\/strangercam.com\/#organization"},"alternateName":"Strangercam.com","potentialAction":[{"@type":"SearchAction","target":{"@type":"EntryPoint","urlTemplate":"https:\/\/strangercam.com\/?s={search_term_string}"},"query-input":{"@type":"PropertyValueSpecification","valueRequired":true,"valueName":"search_term_string"}}],"inLanguage":"cs"},{"@type":"Organization","@id":"https:\/\/strangercam.com\/#organization","name":"Strangercam","alternateName":"Strangercam.com","url":"https:\/\/strangercam.com\/","logo":{"@type":"ImageObject","inLanguage":"cs","@id":"https:\/\/strangercam.com\/#\/schema\/logo\/image\/","url":"https:\/\/strangercam.com\/wp-content\/uploads\/2020\/11\/cropped-new-favicon-black.png","contentUrl":"https:\/\/strangercam.com\/wp-content\/uploads\/2020\/11\/cropped-new-favicon-black.png","width":512,"height":512,"caption":"Strangercam"},"image":{"@id":"https:\/\/strangercam.com\/#\/schema\/logo\/image\/"},"sameAs":["https:\/\/www.facebook.com\/strangercam","https:\/\/x.com\/strangercamapp"]}]}},"_links":{"self":[{"href":"https:\/\/strangercam.com\/cs\/wp-json\/wp\/v2\/pages\/8689","targetHints":{"allow":["GET"]}}],"collection":[{"href":"https:\/\/strangercam.com\/cs\/wp-json\/wp\/v2\/pages"}],"about":[{"href":"https:\/\/strangercam.com\/cs\/wp-json\/wp\/v2\/types\/page"}],"author":[{"embeddable":true,"href":"https:\/\/strangercam.com\/cs\/wp-json\/wp\/v2\/users\/6"}],"replies":[{"embeddable":true,"href":"https:\/\/strangercam.com\/cs\/wp-json\/wp\/v2\/comments?post=8689"}],"version-history":[{"count":0,"href":"https:\/\/strangercam.com\/cs\/wp-json\/wp\/v2\/pages\/8689\/revisions"}],"wp:featuredmedia":[{"embeddable":true,"href":"https:\/\/strangercam.com\/cs\/wp-json\/wp\/v2\/media\/559"}],"wp:attachment":[{"href":"https:\/\/strangercam.com\/cs\/wp-json\/wp\/v2\/media?parent=8689"}],"curies":[{"name":"wp","href":"https:\/\/api.w.org\/{rel}","templated":true}]}}