{"id":8647,"date":"2021-10-26T09:38:47","date_gmt":"2021-10-26T07:38:47","guid":{"rendered":"https:\/\/strangercam.com\/?page_id=8647"},"modified":"2023-08-21T11:40:39","modified_gmt":"2023-08-21T09:40:39","slug":"chatib","status":"publish","type":"page","link":"https:\/\/strangercam.com\/cs\/chatib\/","title":{"rendered":"Chatib"},"content":{"rendered":"<p>Pokud jste introvert, m\u016f\u017ee b\u00fdt \u017eivot docela obt\u00ed\u017en\u00fd. M\u016f\u017eete m\u00edt velmi omezen\u00fd okruh p\u0159\u00e1tel. V dne\u0161n\u00ed dob\u011b nab\u00edz\u00ed networking mnoho v\u00fdhod, zejm\u00e9na pokud jde o hled\u00e1n\u00ed zam\u011bstn\u00e1n\u00ed. Od introvert\u016f se vy\u017eaduje, aby projevili s\u00edlu a iniciativu. Abyste dos\u00e1hli \u00fasp\u011bchu, mus\u00edte si vytvo\u0159it osobn\u00ed vztah. K tomu budete pot\u0159ebovat v\u00edce socializa\u010dn\u00edch dovednost\u00ed. M\u016f\u017eete se p\u0159ihl\u00e1sit na <a href=\"https:\/\/strangercam.com\/cs\/chatroulette\/\">chat<\/a> port\u00e1ly, jako je chatib, abyste si u\u017eili skv\u011bl\u00fd \u010das.<\/p>\n<p><strong>Tipy, kter\u00e9 je t\u0159eba dodr\u017eovat, abyste si u\u017eili relaci chatu na adrese chatib<\/strong><\/p>\n<ul>\n<li style=\"font-weight: 400;\" aria-level=\"1\">P\u0159ijm\u011bte p\u0159\u00edrodu: Obecn\u011b plat\u00ed, \u017ee \u017eeny jsou od p\u0159\u00edrody plach\u00e9, co\u017e je zcela norm\u00e1ln\u00ed. Ale u mu\u017e\u016f je to \u00fapln\u011b jinak, zejm\u00e9na u t\u011bch nespole\u010densk\u00fdch. Nejprve se mus\u00edte vyrovnat sami se sebou. <a href=\"https:\/\/strangercam.com\/cs\/only2chat\/\">Pouze<\/a> pak si ostatn\u00ed v\u0161imnou, \u017ee jste sebev\u011bdom\u00ed, a oslov\u00ed v\u00e1s jako prvn\u00ed.<\/li>\n<li style=\"font-weight: 400;\" aria-level=\"1\">Nen\u00ed nutn\u00e9 b\u00fdt upov\u00eddan\u00fd: N\u011bkte\u0159\u00ed introverti se vyh\u00fdbaj\u00ed mluven\u00ed, zejm\u00e9na kdy\u017e jsou mezi ciz\u00edmi lidmi. Jen proto, abyste zapadli do kruhu nezn\u00e1m\u00fdch, nen\u00ed nutn\u00e9 neust\u00e1le mluvit. Jednodu\u0161e se uvoln\u011bte a nechte se un\u00e1\u0161et proudem. Jen se nezdr\u00e1hejte odpov\u00eddat.<\/li>\n<li style=\"font-weight: 400;\" aria-level=\"1\">Naslouchejte a reagujte podle toho: Je zn\u00e1mo, \u017ee extroverti dob\u0159e reaguj\u00ed na v\u0161echny dotazy, kter\u00e9 jim jsou polo\u017eeny. Pro introverty je v\u0161ak obt\u00ed\u017en\u00e9 odpov\u011bd\u011bt, proto\u017ee maj\u00ed tendenci nejprve naslouchat a pak hodn\u011b p\u0159em\u00fd\u0161let. Abyste byli na spr\u00e1vn\u00e9 stran\u011b, nemus\u00edte b\u00fdt extr\u00e9mist\u00e9. Sta\u010d\u00ed naslouchat tomu, co \u0159\u00edk\u00e1 druh\u00e1 osoba, a podle toho reagovat.<\/li>\n<li style=\"font-weight: 400;\" aria-level=\"1\">Vyberte m\u00edsto: Nejlep\u0161\u00ed m\u00edsto pro <a href=\"https:\/\/strangercam.com\/cs\/coomeet\/\">Seznamte se s<\/a> nov\u00ed lid\u00e9 je online <a href=\"https:\/\/strangercam.com\/cs\/chatingly\/\">chatov\u00e1n\u00ed<\/a> port\u00e1ly jako chatib. Ty jsou pova\u017eov\u00e1ny za vynikaj\u00edc\u00ed za\u010d\u00e1tek konverzace pro v\u0161echny introvertn\u00ed lidi. M\u016f\u017eete si vybrat jak\u00e9koli t\u00e9ma, o kter\u00e9m budete diskutovat s podobn\u011b sm\u00fd\u0161lej\u00edc\u00edmi lidmi.<\/li>\n<li style=\"font-weight: 400;\" aria-level=\"1\">Praxe: M\u016f\u017eete n\u00e1sledovat jakoukoli osobu, kter\u00e1 vykazuje spr\u00e1vn\u00e9 dovednosti pro \u0159e\u0161en\u00ed konkr\u00e9tn\u00ed situace. V\u017edy se odd\u00e1vejte zaj\u00edmav\u00fdm rozhovor\u016fm a sna\u017ete se roz\u0161\u00ed\u0159it okruh sv\u00fdch p\u0159\u00e1tel. \u010casem se jist\u011b budete t\u011b\u0161it z toho, \u017ee m\u00e1te obrovskou z\u00e1kladnu p\u0159\u00e1tel.<\/li>\n<li style=\"font-weight: 400;\" aria-level=\"1\">Uka\u017ete sv\u00e9 siln\u00e9 str\u00e1nky: Jste up\u0159\u00edmn\u00fd a um\u00edte naslouchat? Pravdou je, \u017ee extrovertem se nelze st\u00e1t p\u0159es noc. Ur\u010dit\u011b v\u0161ak zaz\u00e1\u0159\u00edte sv\u00fdmi skute\u010dn\u00fdmi siln\u00fdmi str\u00e1nkami, kter\u00fdmi disponujete p\u0159ed ostatn\u00edmi, bez ohledu na to, kdo jste.<\/li>\n<li style=\"font-weight: 400;\" aria-level=\"1\">Sta\u0148te se \u010dlenem skupiny. N\u011bkolik z nich zn\u00e1 spr\u00e1vn\u00e9 techniky, jak pobavit lidi. V p\u0159\u00edpad\u011b, \u017ee se nec\u00edt\u00edte dob\u0159e, jednodu\u0161e se t\u00e9to skupin\u011b vyhn\u011bte. Vyhledejte skupinu, kter\u00e1 m\u00e1 podobn\u00e9 z\u00e1jmy. V opa\u010dn\u00e9m p\u0159\u00edpad\u011b se v\u017edy ocitnete v kout\u011b a budete ostatn\u00edmi odsunuti na vedlej\u0161\u00ed kolej.<\/li>\n<\/ul>\n<p>S chatibem se nikdy nem\u016f\u017eete spl\u00e9st!<\/p>","protected":false},"excerpt":{"rendered":"<p>If you are introverted, then life can be quite difficult. You may have a very limited friend circle. In today\u2019s age, networking does offer lots of benefits especially when it comes to seeking jobs. Introverts are required to display strength and initiative. You need to create a personal relationship to achieve success. For this, you [&hellip;]<\/p>\n","protected":false},"author":6,"featured_media":559,"parent":0,"menu_order":0,"comment_status":"closed","ping_status":"closed","template":"","meta":{"footnotes":""},"class_list":["post-8647","page","type-page","status-publish","has-post-thumbnail","hentry"],"yoast_head":"<!-- This site is optimized with the Yoast SEO plugin v27.4 - https:\/\/yoast.com\/product\/yoast-seo-wordpress\/ -->\n<title>Chatib - Anonymous Chat For Two - Cam on StrangerCam.com<\/title>\n<meta name=\"description\" content=\"Like Chatib? Come chat with more than 5.000.000 strangers on Stranger Cam for Free! Turn on your cam and find new friends &amp; maby a match!\" \/>\n<meta name=\"robots\" content=\"index, follow, max-snippet:-1, max-image-preview:large, max-video-preview:-1\" \/>\n<link rel=\"canonical\" href=\"https:\/\/strangercam.com\/cs\/chatib\/\" \/>\n<meta property=\"og:locale\" content=\"cs_CZ\" \/>\n<meta property=\"og:type\" content=\"article\" \/>\n<meta property=\"og:title\" content=\"Chatib - Anonymous Chat For Two - Cam on StrangerCam.com\" \/>\n<meta property=\"og:description\" content=\"Like Chatib? Come chat with more than 5.000.000 strangers on Stranger Cam for Free! Turn on your cam and find new friends &amp; maby a match!\" \/>\n<meta property=\"og:url\" content=\"https:\/\/strangercam.com\/cs\/chatib\/\" \/>\n<meta property=\"og:site_name\" content=\"Strangercam\" \/>\n<meta property=\"article:publisher\" content=\"https:\/\/www.facebook.com\/strangercam\" \/>\n<meta property=\"article:modified_time\" content=\"2023-08-21T09:40:39+00:00\" \/>\n<meta property=\"og:image\" content=\"https:\/\/strangercam.com\/wp-content\/uploads\/2020\/11\/stranger-cam-1.png\" \/>\n\t<meta property=\"og:image:width\" content=\"800\" \/>\n\t<meta property=\"og:image:height\" content=\"800\" \/>\n\t<meta property=\"og:image:type\" content=\"image\/png\" \/>\n<meta name=\"twitter:card\" content=\"summary_large_image\" \/>\n<meta name=\"twitter:site\" content=\"@strangercamapp\" \/>\n<meta name=\"twitter:label1\" content=\"Odhadovan\u00e1 doba \u010dten\u00ed\" \/>\n\t<meta name=\"twitter:data1\" content=\"2 minuty\" \/>\n<script type=\"application\/ld+json\" class=\"yoast-schema-graph\">{\"@context\":\"https:\\\/\\\/schema.org\",\"@graph\":[{\"@type\":\"WebPage\",\"@id\":\"https:\\\/\\\/strangercam.com\\\/chatib\\\/\",\"url\":\"https:\\\/\\\/strangercam.com\\\/chatib\\\/\",\"name\":\"Chatib - Anonymous Chat For Two - Cam on StrangerCam.com\",\"isPartOf\":{\"@id\":\"https:\\\/\\\/strangercam.com\\\/#website\"},\"primaryImageOfPage\":{\"@id\":\"https:\\\/\\\/strangercam.com\\\/chatib\\\/#primaryimage\"},\"image\":{\"@id\":\"https:\\\/\\\/strangercam.com\\\/chatib\\\/#primaryimage\"},\"thumbnailUrl\":\"https:\\\/\\\/strangercam.com\\\/wp-content\\\/uploads\\\/2020\\\/11\\\/stranger-cam-1.png\",\"datePublished\":\"2021-10-26T07:38:47+00:00\",\"dateModified\":\"2023-08-21T09:40:39+00:00\",\"description\":\"Like Chatib? Come chat with more than 5.000.000 strangers on Stranger Cam for Free! Turn on your cam and find new friends & maby a match!\",\"breadcrumb\":{\"@id\":\"https:\\\/\\\/strangercam.com\\\/chatib\\\/#breadcrumb\"},\"inLanguage\":\"cs\",\"potentialAction\":[{\"@type\":\"ReadAction\",\"target\":[\"https:\\\/\\\/strangercam.com\\\/chatib\\\/\"]}]},{\"@type\":\"ImageObject\",\"inLanguage\":\"cs\",\"@id\":\"https:\\\/\\\/strangercam.com\\\/chatib\\\/#primaryimage\",\"url\":\"https:\\\/\\\/strangercam.com\\\/wp-content\\\/uploads\\\/2020\\\/11\\\/stranger-cam-1.png\",\"contentUrl\":\"https:\\\/\\\/strangercam.com\\\/wp-content\\\/uploads\\\/2020\\\/11\\\/stranger-cam-1.png\",\"width\":800,\"height\":800,\"caption\":\"stranger cam random video chat\"},{\"@type\":\"BreadcrumbList\",\"@id\":\"https:\\\/\\\/strangercam.com\\\/chatib\\\/#breadcrumb\",\"itemListElement\":[{\"@type\":\"ListItem\",\"position\":1,\"name\":\"Home\",\"item\":\"https:\\\/\\\/strangercam.com\\\/\"},{\"@type\":\"ListItem\",\"position\":2,\"name\":\"Chatib\"}]},{\"@type\":\"WebSite\",\"@id\":\"https:\\\/\\\/strangercam.com\\\/#website\",\"url\":\"https:\\\/\\\/strangercam.com\\\/\",\"name\":\"Strangercam\",\"description\":\"Random Video Chat with Strangers\",\"publisher\":{\"@id\":\"https:\\\/\\\/strangercam.com\\\/#organization\"},\"alternateName\":\"Strangercam.com\",\"potentialAction\":[{\"@type\":\"SearchAction\",\"target\":{\"@type\":\"EntryPoint\",\"urlTemplate\":\"https:\\\/\\\/strangercam.com\\\/?s={search_term_string}\"},\"query-input\":{\"@type\":\"PropertyValueSpecification\",\"valueRequired\":true,\"valueName\":\"search_term_string\"}}],\"inLanguage\":\"cs\"},{\"@type\":\"Organization\",\"@id\":\"https:\\\/\\\/strangercam.com\\\/#organization\",\"name\":\"Strangercam\",\"alternateName\":\"Strangercam.com\",\"url\":\"https:\\\/\\\/strangercam.com\\\/\",\"logo\":{\"@type\":\"ImageObject\",\"inLanguage\":\"cs\",\"@id\":\"https:\\\/\\\/strangercam.com\\\/#\\\/schema\\\/logo\\\/image\\\/\",\"url\":\"https:\\\/\\\/strangercam.com\\\/wp-content\\\/uploads\\\/2020\\\/11\\\/cropped-new-favicon-black.png\",\"contentUrl\":\"https:\\\/\\\/strangercam.com\\\/wp-content\\\/uploads\\\/2020\\\/11\\\/cropped-new-favicon-black.png\",\"width\":512,\"height\":512,\"caption\":\"Strangercam\"},\"image\":{\"@id\":\"https:\\\/\\\/strangercam.com\\\/#\\\/schema\\\/logo\\\/image\\\/\"},\"sameAs\":[\"https:\\\/\\\/www.facebook.com\\\/strangercam\",\"https:\\\/\\\/x.com\\\/strangercamapp\"]}]}<\/script>\n<!-- \/ Yoast SEO plugin. -->","yoast_head_json":{"title":"Chatib - Anonymn\u00ed chat pro dva - Cam on StrangerCam.com","description":"Jako Chatib? Poj\u010fte si zdarma popov\u00eddat s v\u00edce ne\u017e 5 000 000 cizinci na Stranger Cam! Zapn\u011bte si kameru a najd\u011bte nov\u00e9 p\u0159\u00e1tele &amp; maby z\u00e1pas!","robots":{"index":"index","follow":"follow","max-snippet":"max-snippet:-1","max-image-preview":"max-image-preview:large","max-video-preview":"max-video-preview:-1"},"canonical":"https:\/\/strangercam.com\/cs\/chatib\/","og_locale":"cs_CZ","og_type":"article","og_title":"Chatib - Anonymous Chat For Two - Cam on StrangerCam.com","og_description":"Like Chatib? Come chat with more than 5.000.000 strangers on Stranger Cam for Free! Turn on your cam and find new friends & maby a match!","og_url":"https:\/\/strangercam.com\/cs\/chatib\/","og_site_name":"Strangercam","article_publisher":"https:\/\/www.facebook.com\/strangercam","article_modified_time":"2023-08-21T09:40:39+00:00","og_image":[{"width":800,"height":800,"url":"https:\/\/strangercam.com\/wp-content\/uploads\/2020\/11\/stranger-cam-1.png","type":"image\/png"}],"twitter_card":"summary_large_image","twitter_site":"@strangercamapp","twitter_misc":{"Odhadovan\u00e1 doba \u010dten\u00ed":"2 minuty"},"schema":{"@context":"https:\/\/schema.org","@graph":[{"@type":"WebPage","@id":"https:\/\/strangercam.com\/chatib\/","url":"https:\/\/strangercam.com\/chatib\/","name":"Chatib - Anonymn\u00ed chat pro dva - Cam on StrangerCam.com","isPartOf":{"@id":"https:\/\/strangercam.com\/#website"},"primaryImageOfPage":{"@id":"https:\/\/strangercam.com\/chatib\/#primaryimage"},"image":{"@id":"https:\/\/strangercam.com\/chatib\/#primaryimage"},"thumbnailUrl":"https:\/\/strangercam.com\/wp-content\/uploads\/2020\/11\/stranger-cam-1.png","datePublished":"2021-10-26T07:38:47+00:00","dateModified":"2023-08-21T09:40:39+00:00","description":"Jako Chatib? Poj\u010fte si zdarma popov\u00eddat s v\u00edce ne\u017e 5 000 000 cizinci na Stranger Cam! Zapn\u011bte si kameru a najd\u011bte nov\u00e9 p\u0159\u00e1tele &amp; maby z\u00e1pas!","breadcrumb":{"@id":"https:\/\/strangercam.com\/chatib\/#breadcrumb"},"inLanguage":"cs","potentialAction":[{"@type":"ReadAction","target":["https:\/\/strangercam.com\/chatib\/"]}]},{"@type":"ImageObject","inLanguage":"cs","@id":"https:\/\/strangercam.com\/chatib\/#primaryimage","url":"https:\/\/strangercam.com\/wp-content\/uploads\/2020\/11\/stranger-cam-1.png","contentUrl":"https:\/\/strangercam.com\/wp-content\/uploads\/2020\/11\/stranger-cam-1.png","width":800,"height":800,"caption":"stranger cam random video chat"},{"@type":"BreadcrumbList","@id":"https:\/\/strangercam.com\/chatib\/#breadcrumb","itemListElement":[{"@type":"ListItem","position":1,"name":"Home","item":"https:\/\/strangercam.com\/"},{"@type":"ListItem","position":2,"name":"Chatib"}]},{"@type":"WebSite","@id":"https:\/\/strangercam.com\/#website","url":"https:\/\/strangercam.com\/","name":"Strangercam","description":"N\u00e1hodn\u00fd videochat s ciz\u00edmi lidmi","publisher":{"@id":"https:\/\/strangercam.com\/#organization"},"alternateName":"Strangercam.com","potentialAction":[{"@type":"SearchAction","target":{"@type":"EntryPoint","urlTemplate":"https:\/\/strangercam.com\/?s={search_term_string}"},"query-input":{"@type":"PropertyValueSpecification","valueRequired":true,"valueName":"search_term_string"}}],"inLanguage":"cs"},{"@type":"Organization","@id":"https:\/\/strangercam.com\/#organization","name":"Strangercam","alternateName":"Strangercam.com","url":"https:\/\/strangercam.com\/","logo":{"@type":"ImageObject","inLanguage":"cs","@id":"https:\/\/strangercam.com\/#\/schema\/logo\/image\/","url":"https:\/\/strangercam.com\/wp-content\/uploads\/2020\/11\/cropped-new-favicon-black.png","contentUrl":"https:\/\/strangercam.com\/wp-content\/uploads\/2020\/11\/cropped-new-favicon-black.png","width":512,"height":512,"caption":"Strangercam"},"image":{"@id":"https:\/\/strangercam.com\/#\/schema\/logo\/image\/"},"sameAs":["https:\/\/www.facebook.com\/strangercam","https:\/\/x.com\/strangercamapp"]}]}},"_links":{"self":[{"href":"https:\/\/strangercam.com\/cs\/wp-json\/wp\/v2\/pages\/8647","targetHints":{"allow":["GET"]}}],"collection":[{"href":"https:\/\/strangercam.com\/cs\/wp-json\/wp\/v2\/pages"}],"about":[{"href":"https:\/\/strangercam.com\/cs\/wp-json\/wp\/v2\/types\/page"}],"author":[{"embeddable":true,"href":"https:\/\/strangercam.com\/cs\/wp-json\/wp\/v2\/users\/6"}],"replies":[{"embeddable":true,"href":"https:\/\/strangercam.com\/cs\/wp-json\/wp\/v2\/comments?post=8647"}],"version-history":[{"count":0,"href":"https:\/\/strangercam.com\/cs\/wp-json\/wp\/v2\/pages\/8647\/revisions"}],"wp:featuredmedia":[{"embeddable":true,"href":"https:\/\/strangercam.com\/cs\/wp-json\/wp\/v2\/media\/559"}],"wp:attachment":[{"href":"https:\/\/strangercam.com\/cs\/wp-json\/wp\/v2\/media?parent=8647"}],"curies":[{"name":"wp","href":"https:\/\/api.w.org\/{rel}","templated":true}]}}