{"id":8588,"date":"2021-10-18T11:30:39","date_gmt":"2021-10-18T09:30:39","guid":{"rendered":"https:\/\/strangercam.com\/?page_id=8588"},"modified":"2023-08-21T12:47:57","modified_gmt":"2023-08-21T10:47:57","slug":"wireclub","status":"publish","type":"page","link":"https:\/\/strangercam.com\/cs\/wireclub\/","title":{"rendered":"Wireclub"},"content":{"rendered":"<p>Je mo\u017en\u00e9, \u017ee jste sly\u0161eli sv\u00e9 p\u0159\u00e1tele, jak se chlub\u00ed t\u00edm, \u017ee maj\u00ed n\u011bkolik on-line <a href=\"https:\/\/strangercam.com\/cs\/chatroulette\/\">chat<\/a> \u00fa\u010dty a navazov\u00e1n\u00ed nov\u00fdch p\u0159\u00e1telstv\u00ed. Je to dost dobr\u00e9 na to, aby v\u00e1s to nal\u00e1kalo zkusit si otev\u0159\u00edt \u00fa\u010det u wireclubu a za\u010d\u00edt chatovat s podobn\u011b sm\u00fd\u0161lej\u00edc\u00edmi lidmi. Ur\u010dit\u011b si u\u017eijete z\u00e1\u017eitek a vzru\u0161en\u00ed, kter\u00e9 v\u00e1m online chatov\u00e1n\u00ed s ciz\u00edmi lidmi p\u0159inese. Je to n\u011bco, co se ned\u00e1 vysv\u011btlit, ale co poc\u00edt\u00edte osobn\u011b.<\/p>\n<p>P\u0159em\u00fd\u0161leli jste n\u011bkdy o tom, \u017ee byste si na\u0161li nov\u00e9 p\u0159\u00e1tele po cel\u00e9m sv\u011bt\u011b? Pokud ne, je na\u010dase o t\u00e9to fantastick\u00e9 zku\u0161enosti p\u0159em\u00fd\u0161let. Je tak dobr\u00e9 pomyslet na to, \u017ee m\u00e1te \u010dlov\u011bka, se kter\u00fdm m\u016f\u017eete bez obav diskutovat o \u010demkoli. Wireclub v\u00e1m tuto fantastickou p\u0159\u00edle\u017eitost nab\u00edz\u00ed.<br \/>\nWireclub v\u00e1m umo\u017e\u0148uje vybrat si ze stovek bezplatn\u00fdch chatovac\u00edch m\u00edstnost\u00ed. M\u016f\u017eete tak\u00e9 dos\u00e1hnout sv\u00fdch zpr\u00e1v a chatovac\u00edch m\u00edstnost\u00ed. Do va\u0161\u00ed chatovac\u00ed m\u00edstnosti se p\u0159ipoj\u00ed dal\u0161\u00ed lid\u00e9 a vy s nimi m\u016f\u017eete hovo\u0159it.<\/p>\n<p>Tak na co \u010dek\u00e1te? B\u011b\u017ete se ihned zaregistrovat!<\/p>\n<h2>Vyu\u017e\u00edv\u00e1n\u00ed chatovac\u00edch relac\u00ed<\/h2>\n<p>A\u010dkoli jsou mobiln\u00ed telefony k dispozici pro chatov\u00e1n\u00ed, jen z\u0159\u00eddka se stane, \u017ee naraz\u00edte na n\u011bkoho, koho ve sv\u00e9 s\u00edti nezn\u00e1te. Vol\u00e1n\u00ed zahrani\u010dn\u00edm p\u0159\u00e1tel\u016fm nav\u00edc znamen\u00e1 nutnost zaplatit vysok\u00fd \u00fa\u010det. Ale s online chatovac\u00edmi m\u00edstnostmi m\u016f\u017eete chatovat zdarma.<br \/>\nN\u011bkter\u00e9 port\u00e1ly, jako nap\u0159\u00edklad Wireclub, tak\u00e9 umo\u017e\u0148uj\u00ed <a href=\"https:\/\/strangercam.com\/cs\/rabbit-video-chat\/\">video<\/a> chatov\u00e1n\u00ed. To znamen\u00e1, \u017ee se oba vid\u00edte v re\u00e1ln\u00e9m \u010dase a m\u016f\u017eete si neru\u0161en\u011b pov\u00eddat. Tak\u00e9 se nemus\u00edte obt\u011b\u017eovat s nadm\u011brn\u00fdmi \u00fa\u010dty za telefon. V\u0161e je zde dostupn\u00e9. M\u016f\u017eete volat komukoli, ani\u017e byste se museli ob\u00e1vat vysok\u00fdch \u00fa\u010dt\u016f.<\/p>\n<h2>Anonymn\u00ed re\u017eim<\/h2>\n<p>Je snadn\u00e9 pov\u00eddat si s lidmi, kter\u00e9 zn\u00e1me. Bylo v\u0161ak zji\u0161t\u011bno, \u017ee lid\u00e9 jsou \u010dasto zklam\u00e1ni, kdy\u017e se sna\u017e\u00ed sd\u00edlet svou skute\u010dnou podstatu a up\u0159\u00edmn\u00e9 emoce s ostatn\u00edmi lidmi ve sv\u00e9m okol\u00ed. Je to smutn\u00e1 realita.<\/p>\n<p>Spole\u010dnost Wireclub vyvinula vynikaj\u00edc\u00ed \u00fasil\u00ed, aby tento probl\u00e9m odstranila. Poskytuj\u00ed takov\u00fdm lidem vynikaj\u00edc\u00ed p\u0159\u00edle\u017eitost mluvit s k\u00fdmkoli bez obav. M\u016f\u017eete si vybrat zemi z\u00e1jmu a pohlav\u00ed podle sv\u00e9ho v\u00fdb\u011bru. Pak budete nasm\u011brov\u00e1ni na nejvhodn\u011bj\u0161\u00ed osobu podle v\u00e1mi popsan\u00fdch preferenc\u00ed.<\/p>\n<p>S touto osobou pak m\u016f\u017eete mluvit zcela anonymn\u011b. Nev\u00ed, kdo jste, a nikdy se to nedozv\u00ed. Je to tedy va\u0161e bezpe\u010d\u00ed. <a href=\"https:\/\/strangercam.com\/cs\/mocospace\/\">prostor<\/a>. \u0158ekn\u011bte, co chcete \u0159\u00edct, a zeptejte se, na co se chcete zeptat!<\/p>\n<h2>Nab\u00edzen\u00e1 za\u0159\u00edzen\u00ed<\/h2>\n<p>Online chatovac\u00ed m\u00edstnosti v\u00e1m umo\u017e\u0148uj\u00ed chatovat zdarma se zn\u00e1m\u00fdmi i nezn\u00e1m\u00fdmi lidmi. N\u011bkter\u00e9 mohou vy\u017eadovat zaplacen\u00ed mal\u00e9 \u010d\u00e1stky, abyste si mohli u\u017e\u00edvat soukrom\u00e9ho chatu na v\u00e1mi zvolen\u00e1 t\u00e9mata. Nejprve bude od v\u00e1s moudr\u00e9 ud\u011blat si pr\u016fzkum a p\u0159ipojit se k renomovan\u00e9mu port\u00e1lu, jako je wireclub. Tak budete v bezpe\u010d\u00ed a zbav\u00edte se v\u0161ech starost\u00ed.<\/p>\n<h2>Bezplatn\u00fd \u017eiv\u00fd chat<\/h2>\n<p>Zdarma <a href=\"https:\/\/strangercam.com\/cs\/mili\/\">\u017eiv\u011b<\/a> chatovat? To um\u00ed jen Wireclub!<\/p>\n<p>Ano, \u010dtete spr\u00e1vn\u011b! Bezplatn\u00fd \u017eiv\u00fd chat s lidmi z cel\u00e9ho sv\u011bta. O z\u016fstatek na \u00fa\u010dtu se nemus\u00edte starat. Jedin\u00e9, o co se mus\u00edte starat, je naj\u00edt toho spr\u00e1vn\u00e9ho \u010dlov\u011bka, se kter\u00fdm si m\u016f\u017eete pov\u00eddat!<\/p>\n<p>Ka\u017ed\u00e1 online chatovac\u00ed platforma nab\u00edz\u00ed n\u011bco jedine\u010dn\u00e9ho a jedine\u010dn\u00e1 v\u011bc, kterou Wireclub nab\u00edz\u00ed, je jej\u00ed bezplatn\u00e9 \u017eiv\u00e9 chatov\u00e1n\u00ed. V\u0161e je zdarma. Sta\u010d\u00ed jen vyu\u017e\u00edt tuto \u00fa\u017easnou p\u0159\u00edle\u017eitost ve sv\u016fj prosp\u011bch.<\/p>\n<p>Bezplatn\u00fd \u017eiv\u00fd chat je p\u0159\u00edle\u017eitost k chatu v re\u00e1ln\u00e9m \u010dase. N\u00e1\u0161 syst\u00e9m pro v\u00e1s najde vhodn\u00e9ho partnera. Pot\u00e9, co se rozhodnete s danou osobou chatovat, Wireclub v\u00e1s spoj\u00ed s osobou sed\u00edc\u00ed na druh\u00e9m konci. Za cel\u00fd tento proces nebudou \u00fa\u010dtov\u00e1ny \u017e\u00e1dn\u00e9 poplatky. To v\u0161e m\u016f\u017eete vyu\u017e\u00edvat bezplatn\u011b.<\/p>\n<h2>P\u0159ijet\u00ed odpov\u00eddaj\u00edc\u00edch bezpe\u010dnostn\u00edch opat\u0159en\u00ed<\/h2>\n<p>Prvn\u00ed rozhovor s ciz\u00edm \u010dlov\u011bkem se m\u016f\u017ee zd\u00e1t docela zaj\u00edmav\u00fd. Nenechte se v\u0161ak un\u00e9st. Nebavte se s ciz\u00edmi lidmi t\u00edm, \u017ee jim sd\u011bl\u00edte sv\u00e9 \u00fadaje, nap\u0159\u00edklad kontaktn\u00ed \u010d\u00edslo nebo adresu. V n\u011bkolika p\u0159\u00edpadech se m\u016f\u017eete dostat do nep\u0159\u00edjemn\u00fdch situac\u00ed kv\u016fli \u0161patn\u00fdm rozhodnut\u00edm. Pokud nov\u00fd chatovac\u00ed port\u00e1l nav\u0161t\u011bvujete poprv\u00e9, sna\u017ete se dr\u017eet pouze zn\u00e1m\u00fdch lid\u00ed. Po ukon\u010den\u00ed relace chatu nezapome\u0148te z chytr\u00e9ho telefonu nebo notebooku vymazat soubory cookie a historii relac\u00ed. Mohou se vyskytnout odposlouch\u00e1va\u010di, kte\u0159\u00ed budou p\u00e1trat po nevinn\u00fdch lidech. Mohou trp\u011bliv\u011b \u010dekat, aby v\u00e1s p\u0159ipravili o d\u016fle\u017eit\u00e9 \u00fadaje, jako je bankovn\u00ed \u00fa\u010det, \u00fadaje o kreditn\u00ed kart\u011b a dal\u0161\u00ed d\u016fle\u017eit\u00e9 informace.<\/p>\n<p>P\u0159i chatov\u00e1n\u00ed se ujist\u011bte, \u017ee nepou\u017e\u00edv\u00e1te jin\u00fd prohl\u00ed\u017ee\u010d pro p\u0159\u00edstup ke sv\u00e9 kreditn\u00ed kart\u011b nebo bankovn\u00edmu \u00fa\u010dtu, proto\u017ee to nebude bezpe\u010dn\u00e9. Pokud jste si na\u0161li nov\u00e9ho p\u0159\u00edtele, jednodu\u0161e s n\u00edm hlasov\u011b chatujte nebo napi\u0161te zpr\u00e1vu. Vyhn\u011bte se str\u00e1nk\u00e1m <a href=\"https:\/\/strangercam.com\/cs\/bazookamera\/\">cam<\/a> zased\u00e1n\u00ed.<\/p>\n<p>P\u0159ijmete-li vhodn\u00e1 opat\u0159en\u00ed, budete v bezpe\u010d\u00ed a budete si moci u\u017e\u00edvat navazov\u00e1n\u00ed nov\u00fdch online p\u0159\u00e1telstv\u00ed.<\/p>\n<h2>Bezplatn\u00e9 chatovac\u00ed m\u00edstnosti<\/h2>\n<p>Co m\u016f\u017ee b\u00fdt lep\u0161\u00edho ne\u017e z\u00edskat v\u011bci, po kter\u00fdch tou\u017e\u00edte, zdarma!<\/p>\n<p>To je to, co d\u011bl\u00e1 Wireclub neuv\u011b\u0159itelnou a u\u017eivatelsky orientovanou platformu pro online videochatov\u00e1n\u00ed. V r\u00e1mci m\u00edstnost\u00ed m\u016f\u017eete chatovat zdarma. Sta\u010d\u00ed se jen p\u0159ihl\u00e1sit. V jedn\u00e9 chatovac\u00ed m\u00edstnosti jsou tis\u00edce lid\u00ed. Pokud nepat\u0159\u00edte mezi lidi, kte\u0159\u00ed se r\u00e1di sch\u00e1zej\u00ed v davu, m\u016f\u017eete se ocitnout i v m\u00e9n\u011b p\u0159epln\u011bn\u00e9 chatovac\u00ed m\u00edstnosti. Na v\u00fdb\u011br je spousta mo\u017enost\u00ed podle va\u0161ich pot\u0159eb a p\u0159\u00e1n\u00ed.<\/p>\n<p>Bezplatn\u00e9 chatovac\u00ed m\u00edstnosti jsou skv\u011bl\u00fdm zdrojem relaxace. M\u016f\u017eete chatovat s k\u00fdmkoli a sd\u00edlet sv\u00e9 pocity a my\u0161lenky bez obav, \u017ee v\u00e1s n\u011bkdo odsoud\u00ed. Tyto chatovac\u00ed m\u00edstnosti poskytuj\u00ed plnohodnotn\u00fd z\u00e1\u017eitek z chatov\u00e1n\u00ed s ciz\u00edmi lidmi.<\/p>","protected":false},"excerpt":{"rendered":"<p>It could be that you have heard your friends boasting of having several online chat accounts and making new friends. It is good enough to lure you to try opening an account with wireclub to initiate chatting with like-minded people. You are sure to enjoy the experience and thrill that you are to derive from [&hellip;]<\/p>\n","protected":false},"author":6,"featured_media":559,"parent":0,"menu_order":0,"comment_status":"closed","ping_status":"closed","template":"","meta":{"footnotes":""},"class_list":["post-8588","page","type-page","status-publish","has-post-thumbnail","hentry"],"yoast_head":"<!-- This site is optimized with the Yoast SEO plugin v26.9 - https:\/\/yoast.com\/product\/yoast-seo-wordpress\/ -->\n<title>Wireclub - Anonymous Chat For Two - Cam on StrangerCam.com<\/title>\n<meta name=\"description\" content=\"Like Wireclub? Come chat with more than 5.000.000 strangers on Stranger Cam for Free! Turn on your cam and find new friends &amp; maby a match!\" \/>\n<meta name=\"robots\" content=\"index, follow, max-snippet:-1, max-image-preview:large, max-video-preview:-1\" \/>\n<link rel=\"canonical\" href=\"https:\/\/strangercam.com\/cs\/wireclub\/\" \/>\n<meta property=\"og:locale\" content=\"cs_CZ\" \/>\n<meta property=\"og:type\" content=\"article\" \/>\n<meta property=\"og:title\" content=\"Wireclub - Anonymous Chat For Two - Cam on StrangerCam.com\" \/>\n<meta property=\"og:description\" content=\"Like Wireclub? Come chat with more than 5.000.000 strangers on Stranger Cam for Free! Turn on your cam and find new friends &amp; maby a match!\" \/>\n<meta property=\"og:url\" content=\"https:\/\/strangercam.com\/cs\/wireclub\/\" \/>\n<meta property=\"og:site_name\" content=\"Strangercam\" \/>\n<meta property=\"article:publisher\" content=\"https:\/\/www.facebook.com\/strangercam\" \/>\n<meta property=\"article:modified_time\" content=\"2023-08-21T10:47:57+00:00\" \/>\n<meta property=\"og:image\" content=\"https:\/\/strangercam.com\/wp-content\/uploads\/2020\/11\/stranger-cam-1.png\" \/>\n\t<meta property=\"og:image:width\" content=\"800\" \/>\n\t<meta property=\"og:image:height\" content=\"800\" \/>\n\t<meta property=\"og:image:type\" content=\"image\/png\" \/>\n<meta name=\"twitter:card\" content=\"summary_large_image\" \/>\n<meta name=\"twitter:site\" content=\"@strangercamapp\" \/>\n<meta name=\"twitter:label1\" content=\"Odhadovan\u00e1 doba \u010dten\u00ed\" \/>\n\t<meta name=\"twitter:data1\" content=\"4 minuty\" \/>\n<script type=\"application\/ld+json\" class=\"yoast-schema-graph\">{\"@context\":\"https:\/\/schema.org\",\"@graph\":[{\"@type\":\"WebPage\",\"@id\":\"https:\/\/strangercam.com\/wireclub\/\",\"url\":\"https:\/\/strangercam.com\/wireclub\/\",\"name\":\"Wireclub - Anonymous Chat For Two - Cam on StrangerCam.com\",\"isPartOf\":{\"@id\":\"https:\/\/strangercam.com\/#website\"},\"primaryImageOfPage\":{\"@id\":\"https:\/\/strangercam.com\/wireclub\/#primaryimage\"},\"image\":{\"@id\":\"https:\/\/strangercam.com\/wireclub\/#primaryimage\"},\"thumbnailUrl\":\"https:\/\/strangercam.com\/wp-content\/uploads\/2020\/11\/stranger-cam-1.png\",\"datePublished\":\"2021-10-18T09:30:39+00:00\",\"dateModified\":\"2023-08-21T10:47:57+00:00\",\"description\":\"Like Wireclub? Come chat with more than 5.000.000 strangers on Stranger Cam for Free! Turn on your cam and find new friends & maby a match!\",\"breadcrumb\":{\"@id\":\"https:\/\/strangercam.com\/wireclub\/#breadcrumb\"},\"inLanguage\":\"cs\",\"potentialAction\":[{\"@type\":\"ReadAction\",\"target\":[\"https:\/\/strangercam.com\/wireclub\/\"]}]},{\"@type\":\"ImageObject\",\"inLanguage\":\"cs\",\"@id\":\"https:\/\/strangercam.com\/wireclub\/#primaryimage\",\"url\":\"https:\/\/strangercam.com\/wp-content\/uploads\/2020\/11\/stranger-cam-1.png\",\"contentUrl\":\"https:\/\/strangercam.com\/wp-content\/uploads\/2020\/11\/stranger-cam-1.png\",\"width\":800,\"height\":800,\"caption\":\"stranger cam random video chat\"},{\"@type\":\"BreadcrumbList\",\"@id\":\"https:\/\/strangercam.com\/wireclub\/#breadcrumb\",\"itemListElement\":[{\"@type\":\"ListItem\",\"position\":1,\"name\":\"Home\",\"item\":\"https:\/\/strangercam.com\/\"},{\"@type\":\"ListItem\",\"position\":2,\"name\":\"Wireclub\"}]},{\"@type\":\"WebSite\",\"@id\":\"https:\/\/strangercam.com\/#website\",\"url\":\"https:\/\/strangercam.com\/\",\"name\":\"Strangercam\",\"description\":\"Random Video Chat with Strangers\",\"publisher\":{\"@id\":\"https:\/\/strangercam.com\/#organization\"},\"alternateName\":\"Strangercam.com\",\"potentialAction\":[{\"@type\":\"SearchAction\",\"target\":{\"@type\":\"EntryPoint\",\"urlTemplate\":\"https:\/\/strangercam.com\/?s={search_term_string}\"},\"query-input\":{\"@type\":\"PropertyValueSpecification\",\"valueRequired\":true,\"valueName\":\"search_term_string\"}}],\"inLanguage\":\"cs\"},{\"@type\":\"Organization\",\"@id\":\"https:\/\/strangercam.com\/#organization\",\"name\":\"Strangercam\",\"alternateName\":\"Strangercam.com\",\"url\":\"https:\/\/strangercam.com\/\",\"logo\":{\"@type\":\"ImageObject\",\"inLanguage\":\"cs\",\"@id\":\"https:\/\/strangercam.com\/#\/schema\/logo\/image\/\",\"url\":\"https:\/\/strangercam.com\/wp-content\/uploads\/2020\/11\/cropped-new-favicon-black.png\",\"contentUrl\":\"https:\/\/strangercam.com\/wp-content\/uploads\/2020\/11\/cropped-new-favicon-black.png\",\"width\":512,\"height\":512,\"caption\":\"Strangercam\"},\"image\":{\"@id\":\"https:\/\/strangercam.com\/#\/schema\/logo\/image\/\"},\"sameAs\":[\"https:\/\/www.facebook.com\/strangercam\",\"https:\/\/x.com\/strangercamapp\"]}]}<\/script>\n<!-- \/ Yoast SEO plugin. -->","yoast_head_json":{"title":"Wireclub - Anonymn\u00ed chat pro dva - Cam na StrangerCam.com","description":"Jako Wireclub? Poj\u010fte si zdarma popov\u00eddat s v\u00edce ne\u017e 5 000 000 cizinci na Stranger Cam! Zapn\u011bte si kameru a najd\u011bte nov\u00e9 p\u0159\u00e1tele &amp; maby z\u00e1pas!","robots":{"index":"index","follow":"follow","max-snippet":"max-snippet:-1","max-image-preview":"max-image-preview:large","max-video-preview":"max-video-preview:-1"},"canonical":"https:\/\/strangercam.com\/cs\/wireclub\/","og_locale":"cs_CZ","og_type":"article","og_title":"Wireclub - Anonymous Chat For Two - Cam on StrangerCam.com","og_description":"Like Wireclub? Come chat with more than 5.000.000 strangers on Stranger Cam for Free! Turn on your cam and find new friends & maby a match!","og_url":"https:\/\/strangercam.com\/cs\/wireclub\/","og_site_name":"Strangercam","article_publisher":"https:\/\/www.facebook.com\/strangercam","article_modified_time":"2023-08-21T10:47:57+00:00","og_image":[{"width":800,"height":800,"url":"https:\/\/strangercam.com\/wp-content\/uploads\/2020\/11\/stranger-cam-1.png","type":"image\/png"}],"twitter_card":"summary_large_image","twitter_site":"@strangercamapp","twitter_misc":{"Odhadovan\u00e1 doba \u010dten\u00ed":"4 minuty"},"schema":{"@context":"https:\/\/schema.org","@graph":[{"@type":"WebPage","@id":"https:\/\/strangercam.com\/wireclub\/","url":"https:\/\/strangercam.com\/wireclub\/","name":"Wireclub - Anonymn\u00ed chat pro dva - Cam na StrangerCam.com","isPartOf":{"@id":"https:\/\/strangercam.com\/#website"},"primaryImageOfPage":{"@id":"https:\/\/strangercam.com\/wireclub\/#primaryimage"},"image":{"@id":"https:\/\/strangercam.com\/wireclub\/#primaryimage"},"thumbnailUrl":"https:\/\/strangercam.com\/wp-content\/uploads\/2020\/11\/stranger-cam-1.png","datePublished":"2021-10-18T09:30:39+00:00","dateModified":"2023-08-21T10:47:57+00:00","description":"Jako Wireclub? Poj\u010fte si zdarma popov\u00eddat s v\u00edce ne\u017e 5 000 000 cizinci na Stranger Cam! Zapn\u011bte si kameru a najd\u011bte nov\u00e9 p\u0159\u00e1tele &amp; maby z\u00e1pas!","breadcrumb":{"@id":"https:\/\/strangercam.com\/wireclub\/#breadcrumb"},"inLanguage":"cs","potentialAction":[{"@type":"ReadAction","target":["https:\/\/strangercam.com\/wireclub\/"]}]},{"@type":"ImageObject","inLanguage":"cs","@id":"https:\/\/strangercam.com\/wireclub\/#primaryimage","url":"https:\/\/strangercam.com\/wp-content\/uploads\/2020\/11\/stranger-cam-1.png","contentUrl":"https:\/\/strangercam.com\/wp-content\/uploads\/2020\/11\/stranger-cam-1.png","width":800,"height":800,"caption":"stranger cam random video chat"},{"@type":"BreadcrumbList","@id":"https:\/\/strangercam.com\/wireclub\/#breadcrumb","itemListElement":[{"@type":"ListItem","position":1,"name":"Home","item":"https:\/\/strangercam.com\/"},{"@type":"ListItem","position":2,"name":"Wireclub"}]},{"@type":"WebSite","@id":"https:\/\/strangercam.com\/#website","url":"https:\/\/strangercam.com\/","name":"Strangercam","description":"N\u00e1hodn\u00fd videochat s ciz\u00edmi lidmi","publisher":{"@id":"https:\/\/strangercam.com\/#organization"},"alternateName":"Strangercam.com","potentialAction":[{"@type":"SearchAction","target":{"@type":"EntryPoint","urlTemplate":"https:\/\/strangercam.com\/?s={search_term_string}"},"query-input":{"@type":"PropertyValueSpecification","valueRequired":true,"valueName":"search_term_string"}}],"inLanguage":"cs"},{"@type":"Organization","@id":"https:\/\/strangercam.com\/#organization","name":"Strangercam","alternateName":"Strangercam.com","url":"https:\/\/strangercam.com\/","logo":{"@type":"ImageObject","inLanguage":"cs","@id":"https:\/\/strangercam.com\/#\/schema\/logo\/image\/","url":"https:\/\/strangercam.com\/wp-content\/uploads\/2020\/11\/cropped-new-favicon-black.png","contentUrl":"https:\/\/strangercam.com\/wp-content\/uploads\/2020\/11\/cropped-new-favicon-black.png","width":512,"height":512,"caption":"Strangercam"},"image":{"@id":"https:\/\/strangercam.com\/#\/schema\/logo\/image\/"},"sameAs":["https:\/\/www.facebook.com\/strangercam","https:\/\/x.com\/strangercamapp"]}]}},"_links":{"self":[{"href":"https:\/\/strangercam.com\/cs\/wp-json\/wp\/v2\/pages\/8588","targetHints":{"allow":["GET"]}}],"collection":[{"href":"https:\/\/strangercam.com\/cs\/wp-json\/wp\/v2\/pages"}],"about":[{"href":"https:\/\/strangercam.com\/cs\/wp-json\/wp\/v2\/types\/page"}],"author":[{"embeddable":true,"href":"https:\/\/strangercam.com\/cs\/wp-json\/wp\/v2\/users\/6"}],"replies":[{"embeddable":true,"href":"https:\/\/strangercam.com\/cs\/wp-json\/wp\/v2\/comments?post=8588"}],"version-history":[{"count":0,"href":"https:\/\/strangercam.com\/cs\/wp-json\/wp\/v2\/pages\/8588\/revisions"}],"wp:featuredmedia":[{"embeddable":true,"href":"https:\/\/strangercam.com\/cs\/wp-json\/wp\/v2\/media\/559"}],"wp:attachment":[{"href":"https:\/\/strangercam.com\/cs\/wp-json\/wp\/v2\/media?parent=8588"}],"curies":[{"name":"wp","href":"https:\/\/api.w.org\/{rel}","templated":true}]}}