{"id":8554,"date":"2021-10-18T10:33:50","date_gmt":"2021-10-18T08:33:50","guid":{"rendered":"https:\/\/strangercam.com\/?page_id=8554"},"modified":"2025-01-23T12:08:04","modified_gmt":"2025-01-23T10:08:04","slug":"vraceni-penez","status":"publish","type":"page","link":"https:\/\/strangercam.com\/cs\/refund\/","title":{"rendered":"Vr\u00e1cen\u00ed pen\u011bz &amp; Chargeback"},"content":{"rendered":"<p>D\u011bkujeme, \u017ee pou\u017e\u00edv\u00e1te na\u0161e webov\u00e9 str\u00e1nky. Vezm\u011bte pros\u00edm na v\u011bdom\u00ed, \u017ee ve\u0161kerou fakturaci, zp\u011btn\u00e9 vy\u00fa\u010dtov\u00e1n\u00ed a z\u00e1kaznickou podporu pro slu\u017eby zakoupen\u00e9 prost\u0159ednictv\u00edm odkaz\u016f na na\u0161ich webov\u00fdch str\u00e1nk\u00e1ch zaji\u0161\u0165uje spole\u010dnost <a href=\"https:\/\/strangercam.com\/cs\/coomeet\/\">Coomeet<\/a>. Jako p\u0159idru\u017een\u00e1 spole\u010dnost nezpracov\u00e1v\u00e1me platby, nevrac\u00edme pen\u00edze ani nespravujeme dotazy z\u00e1kazn\u00edk\u016f t\u00fdkaj\u00edc\u00ed se t\u011bchto transakc\u00ed.<\/p>\n<ol>\n<li><strong>Digit\u00e1ln\u00ed produkty a slu\u017eby<\/strong><br \/>\nNa\u0161e webov\u00e9 str\u00e1nky mohou propagovat nehmotn\u00e9, neodvolateln\u00e9 digit\u00e1ln\u00ed produkty a slu\u017eby nab\u00edzen\u00e9 spole\u010dnost\u00ed Coomeet. P\u0159ed n\u00e1kupem si pros\u00edm pe\u010dliv\u011b prostudujte podrobnosti o produktu nebo slu\u017eb\u011b, abyste se ujistili, \u017ee spl\u0148uje va\u0161e o\u010dek\u00e1v\u00e1n\u00ed. M\u00e1te-li jak\u00e9koli dotazy ohledn\u011b povahy produktu nebo slu\u017eby, obra\u0165te se laskav\u011b na t\u00fdm podpory spole\u010dnosti Coomeet, aby v\u00e1m je objasnil, ne\u017e budete pokra\u010dovat v platb\u011b.<\/li>\n<li><strong>N\u00e1hrady<\/strong><br \/>\nVzhledem k tomu, \u017ee spole\u010dnost Coomeet zpracov\u00e1v\u00e1 fakturaci, ur\u010d\u00ed, zda m\u00e1te n\u00e1rok na vr\u00e1cen\u00ed pen\u011bz podle jejich z\u00e1sad. Vr\u00e1cen\u00ed pen\u011bz m\u016f\u017ee b\u00fdt povoleno za ur\u010dit\u00fdch okolnost\u00ed (nap\u0159. duplicitn\u00ed platby nebo technick\u00e9 chyby). Chcete-li po\u017e\u00e1dat o vr\u00e1cen\u00ed pen\u011bz, postupujte podle postupu ur\u010den\u00e9ho spole\u010dnost\u00ed Coomeet a kontaktujte jej\u00ed t\u00fdm podpory s n\u00e1sleduj\u00edc\u00edmi informacemi:<\/p>\n<ul>\n<li>Datum platby, \u010d\u00e1stka platby a zp\u016fsob platby<\/li>\n<li>\u010c\u00edslo objedn\u00e1vky\/platby\/transakce (nebo jin\u00e9 identifika\u010dn\u00ed \u00fadaje).<\/li>\n<li>D\u016fvod \u017e\u00e1dosti o vr\u00e1cen\u00ed pen\u011bz<\/li>\n<\/ul>\n<p>Pokud je vr\u00e1cen\u00ed pen\u011bz schv\u00e1leno, m\u011bjte na pam\u011bti, \u017ee doba zpracov\u00e1n\u00ed kreditn\u00ed karty nebo banky se m\u016f\u017ee li\u0161it a obvykle se pohybuje v rozmez\u00ed 3-10 pracovn\u00edch dn\u016f. Jak\u00e9koli dotazy t\u00fdkaj\u00edc\u00ed se stavu nebo term\u00ednu vr\u00e1cen\u00ed pen\u011bz sm\u011b\u0159ujte na z\u00e1kaznickou podporu spole\u010dnosti Coomeet.<\/li>\n<li><strong>Chargebacky<\/strong><br \/>\nV p\u0159\u00edpad\u011b vr\u00e1cen\u00ed platby provede spole\u010dnost Coomeet d\u016fkladn\u00e9 pro\u0161et\u0159en\u00ed transakce. Uv\u011bdomte si pros\u00edm, \u017ee zah\u00e1jen\u00ed fale\u0161n\u00e9ho nebo podvodn\u00e9ho chargebacku m\u016f\u017ee m\u00edt za n\u00e1sledek omezen\u00ed va\u0161eho \u00fa\u010dtu a budouc\u00edho \u010dlenstv\u00ed. Pokud pot\u0159ebujete pomoc nebo vysv\u011btlen\u00ed ohledn\u011b vy\u00fa\u010dtov\u00e1n\u00ed, kontaktujte pros\u00edm t\u00fdm podpory Coomeet d\u0159\u00edve, ne\u017e se uch\u00fdl\u00edte k chargebacku.<\/li>\n<li><strong>Odkazy a slu\u017eby t\u0159et\u00edch stran<\/strong><br \/>\nNa\u0161e webov\u00e9 str\u00e1nky mohou odkazovat na extern\u00ed webov\u00e9 str\u00e1nky a aplikace provozovan\u00e9 t\u0159et\u00edmi stranami (v\u010detn\u011b spole\u010dnosti Coomeet). Z\u00e1kazn\u00edci, kte\u0159\u00ed si zakoup\u00ed produkty nebo slu\u017eby od t\u011bchto poskytovatel\u016f, podl\u00e9haj\u00ed podm\u00ednk\u00e1m a postup\u016fm pro vr\u00e1cen\u00ed pen\u011bz p\u0159\u00edslu\u0161n\u00e9ho poskytovatele. V p\u0159\u00edpad\u011b jak\u00fdchkoli probl\u00e9m\u016f nebo obav se obra\u0165te p\u0159\u00edmo na p\u0159\u00edslu\u0161n\u00e9ho poskytovatele slu\u017eeb t\u0159et\u00ed strany.<\/li>\n<li><strong>Kontaktujte n\u00e1s<\/strong><br \/>\nM\u00e1te-li jak\u00e9koli obecn\u00e9 dotazy t\u00fdkaj\u00edc\u00ed se na\u0161eho spojen\u00ed s Coomeet nebo obsahu na\u0161ich webov\u00fdch str\u00e1nek, nev\u00e1hejte a kontaktujte n\u00e1s. <a href=\"https:\/\/strangercam.com\/cs\/chat4free\/\">zdarma<\/a> a kontaktujte n\u00e1s prost\u0159ednictv\u00edm na\u0161\u00ed kontaktn\u00ed str\u00e1nky. Upozor\u0148ujeme v\u0161ak, \u017ee ve\u0161ker\u00e9 dotazy t\u00fdkaj\u00edc\u00ed se fakturace a vr\u00e1cen\u00ed pen\u011bz je t\u0159eba sm\u011b\u0159ovat na z\u00e1kaznickou podporu spole\u010dnosti Coomeet.<\/li>\n<\/ol>\n<p>D\u011bkujeme v\u00e1m za pochopen\u00ed a spolupr\u00e1ci. V\u00e1\u017e\u00edme si va\u0161\u00ed podpory a sna\u017e\u00edme se zajistit bezprobl\u00e9mov\u00fd pr\u016fb\u011bh.<\/p>","protected":false},"excerpt":{"rendered":"<p>Thank you for using our Website. Please note that all billing, chargebacks, and customer support for services purchased through links on our Website are handled by Coomeet. As an affiliate, we do not process payments, issue refunds, or manage customer inquiries for these transactions. Digital Products &amp; Services Our Website may promote non-tangible, irrevocable digital [&hellip;]<\/p>\n","protected":false},"author":1,"featured_media":0,"parent":0,"menu_order":0,"comment_status":"closed","ping_status":"closed","template":"","meta":{"footnotes":""},"class_list":["post-8554","page","type-page","status-publish","hentry"],"yoast_head":"<!-- This site is optimized with the Yoast SEO plugin v27.4 - https:\/\/yoast.com\/product\/yoast-seo-wordpress\/ -->\n<title>Refunds &amp; Chargeback - Strangercam<\/title>\n<meta name=\"robots\" content=\"index, follow, max-snippet:-1, max-image-preview:large, max-video-preview:-1\" \/>\n<link rel=\"canonical\" href=\"https:\/\/strangercam.com\/cs\/vraceni-penez\/\" \/>\n<meta property=\"og:locale\" content=\"cs_CZ\" \/>\n<meta property=\"og:type\" content=\"article\" \/>\n<meta property=\"og:title\" content=\"Refunds &amp; Chargeback - Strangercam\" \/>\n<meta property=\"og:description\" content=\"Thank you for using our Website. Please note that all billing, chargebacks, and customer support for services purchased through links on our Website are handled by Coomeet. As an affiliate, we do not process payments, issue refunds, or manage customer inquiries for these transactions. Digital Products &amp; Services Our Website may promote non-tangible, irrevocable digital [&hellip;]\" \/>\n<meta property=\"og:url\" content=\"https:\/\/strangercam.com\/cs\/vraceni-penez\/\" \/>\n<meta property=\"og:site_name\" content=\"Strangercam\" \/>\n<meta property=\"article:publisher\" content=\"https:\/\/www.facebook.com\/strangercam\" \/>\n<meta property=\"article:modified_time\" content=\"2025-01-23T10:08:04+00:00\" \/>\n<meta property=\"og:image\" content=\"https:\/\/strangercam.com\/wp-content\/uploads\/2021\/10\/Untitled-2.png\" \/>\n\t<meta property=\"og:image:width\" content=\"800\" \/>\n\t<meta property=\"og:image:height\" content=\"532\" \/>\n\t<meta property=\"og:image:type\" content=\"image\/png\" \/>\n<meta name=\"twitter:card\" content=\"summary_large_image\" \/>\n<meta name=\"twitter:site\" content=\"@strangercamapp\" \/>\n<meta name=\"twitter:label1\" content=\"Odhadovan\u00e1 doba \u010dten\u00ed\" \/>\n\t<meta name=\"twitter:data1\" content=\"2 minuty\" \/>\n<script type=\"application\/ld+json\" class=\"yoast-schema-graph\">{\"@context\":\"https:\\\/\\\/schema.org\",\"@graph\":[{\"@type\":\"WebPage\",\"@id\":\"https:\\\/\\\/strangercam.com\\\/refund\\\/\",\"url\":\"https:\\\/\\\/strangercam.com\\\/refund\\\/\",\"name\":\"Refunds & Chargeback - Strangercam\",\"isPartOf\":{\"@id\":\"https:\\\/\\\/strangercam.com\\\/#website\"},\"datePublished\":\"2021-10-18T08:33:50+00:00\",\"dateModified\":\"2025-01-23T10:08:04+00:00\",\"breadcrumb\":{\"@id\":\"https:\\\/\\\/strangercam.com\\\/refund\\\/#breadcrumb\"},\"inLanguage\":\"cs\",\"potentialAction\":[{\"@type\":\"ReadAction\",\"target\":[\"https:\\\/\\\/strangercam.com\\\/refund\\\/\"]}]},{\"@type\":\"BreadcrumbList\",\"@id\":\"https:\\\/\\\/strangercam.com\\\/refund\\\/#breadcrumb\",\"itemListElement\":[{\"@type\":\"ListItem\",\"position\":1,\"name\":\"Home\",\"item\":\"https:\\\/\\\/strangercam.com\\\/\"},{\"@type\":\"ListItem\",\"position\":2,\"name\":\"Refunds &#038; Chargeback\"}]},{\"@type\":\"WebSite\",\"@id\":\"https:\\\/\\\/strangercam.com\\\/#website\",\"url\":\"https:\\\/\\\/strangercam.com\\\/\",\"name\":\"Strangercam\",\"description\":\"Random Video Chat with Strangers\",\"publisher\":{\"@id\":\"https:\\\/\\\/strangercam.com\\\/#organization\"},\"alternateName\":\"Strangercam.com\",\"potentialAction\":[{\"@type\":\"SearchAction\",\"target\":{\"@type\":\"EntryPoint\",\"urlTemplate\":\"https:\\\/\\\/strangercam.com\\\/?s={search_term_string}\"},\"query-input\":{\"@type\":\"PropertyValueSpecification\",\"valueRequired\":true,\"valueName\":\"search_term_string\"}}],\"inLanguage\":\"cs\"},{\"@type\":\"Organization\",\"@id\":\"https:\\\/\\\/strangercam.com\\\/#organization\",\"name\":\"Strangercam\",\"alternateName\":\"Strangercam.com\",\"url\":\"https:\\\/\\\/strangercam.com\\\/\",\"logo\":{\"@type\":\"ImageObject\",\"inLanguage\":\"cs\",\"@id\":\"https:\\\/\\\/strangercam.com\\\/#\\\/schema\\\/logo\\\/image\\\/\",\"url\":\"https:\\\/\\\/strangercam.com\\\/wp-content\\\/uploads\\\/2020\\\/11\\\/cropped-new-favicon-black.png\",\"contentUrl\":\"https:\\\/\\\/strangercam.com\\\/wp-content\\\/uploads\\\/2020\\\/11\\\/cropped-new-favicon-black.png\",\"width\":512,\"height\":512,\"caption\":\"Strangercam\"},\"image\":{\"@id\":\"https:\\\/\\\/strangercam.com\\\/#\\\/schema\\\/logo\\\/image\\\/\"},\"sameAs\":[\"https:\\\/\\\/www.facebook.com\\\/strangercam\",\"https:\\\/\\\/x.com\\\/strangercamapp\"]}]}<\/script>\n<!-- \/ Yoast SEO plugin. -->","yoast_head_json":{"title":"Vr\u00e1cen\u00ed pen\u011bz a zp\u011btn\u00e9 \u00fa\u010dtov\u00e1n\u00ed - Strangercam","robots":{"index":"index","follow":"follow","max-snippet":"max-snippet:-1","max-image-preview":"max-image-preview:large","max-video-preview":"max-video-preview:-1"},"canonical":"https:\/\/strangercam.com\/cs\/vraceni-penez\/","og_locale":"cs_CZ","og_type":"article","og_title":"Refunds & Chargeback - Strangercam","og_description":"Thank you for using our Website. Please note that all billing, chargebacks, and customer support for services purchased through links on our Website are handled by Coomeet. As an affiliate, we do not process payments, issue refunds, or manage customer inquiries for these transactions. Digital Products &amp; Services Our Website may promote non-tangible, irrevocable digital [&hellip;]","og_url":"https:\/\/strangercam.com\/cs\/vraceni-penez\/","og_site_name":"Strangercam","article_publisher":"https:\/\/www.facebook.com\/strangercam","article_modified_time":"2025-01-23T10:08:04+00:00","og_image":[{"width":800,"height":532,"url":"https:\/\/strangercam.com\/wp-content\/uploads\/2021\/10\/Untitled-2.png","type":"image\/png"}],"twitter_card":"summary_large_image","twitter_site":"@strangercamapp","twitter_misc":{"Odhadovan\u00e1 doba \u010dten\u00ed":"2 minuty"},"schema":{"@context":"https:\/\/schema.org","@graph":[{"@type":"WebPage","@id":"https:\/\/strangercam.com\/refund\/","url":"https:\/\/strangercam.com\/refund\/","name":"Vr\u00e1cen\u00ed pen\u011bz a zp\u011btn\u00e9 \u00fa\u010dtov\u00e1n\u00ed - Strangercam","isPartOf":{"@id":"https:\/\/strangercam.com\/#website"},"datePublished":"2021-10-18T08:33:50+00:00","dateModified":"2025-01-23T10:08:04+00:00","breadcrumb":{"@id":"https:\/\/strangercam.com\/refund\/#breadcrumb"},"inLanguage":"cs","potentialAction":[{"@type":"ReadAction","target":["https:\/\/strangercam.com\/refund\/"]}]},{"@type":"BreadcrumbList","@id":"https:\/\/strangercam.com\/refund\/#breadcrumb","itemListElement":[{"@type":"ListItem","position":1,"name":"Home","item":"https:\/\/strangercam.com\/"},{"@type":"ListItem","position":2,"name":"Refunds &#038; Chargeback"}]},{"@type":"WebSite","@id":"https:\/\/strangercam.com\/#website","url":"https:\/\/strangercam.com\/","name":"Strangercam","description":"N\u00e1hodn\u00fd videochat s ciz\u00edmi lidmi","publisher":{"@id":"https:\/\/strangercam.com\/#organization"},"alternateName":"Strangercam.com","potentialAction":[{"@type":"SearchAction","target":{"@type":"EntryPoint","urlTemplate":"https:\/\/strangercam.com\/?s={search_term_string}"},"query-input":{"@type":"PropertyValueSpecification","valueRequired":true,"valueName":"search_term_string"}}],"inLanguage":"cs"},{"@type":"Organization","@id":"https:\/\/strangercam.com\/#organization","name":"Strangercam","alternateName":"Strangercam.com","url":"https:\/\/strangercam.com\/","logo":{"@type":"ImageObject","inLanguage":"cs","@id":"https:\/\/strangercam.com\/#\/schema\/logo\/image\/","url":"https:\/\/strangercam.com\/wp-content\/uploads\/2020\/11\/cropped-new-favicon-black.png","contentUrl":"https:\/\/strangercam.com\/wp-content\/uploads\/2020\/11\/cropped-new-favicon-black.png","width":512,"height":512,"caption":"Strangercam"},"image":{"@id":"https:\/\/strangercam.com\/#\/schema\/logo\/image\/"},"sameAs":["https:\/\/www.facebook.com\/strangercam","https:\/\/x.com\/strangercamapp"]}]}},"_links":{"self":[{"href":"https:\/\/strangercam.com\/cs\/wp-json\/wp\/v2\/pages\/8554","targetHints":{"allow":["GET"]}}],"collection":[{"href":"https:\/\/strangercam.com\/cs\/wp-json\/wp\/v2\/pages"}],"about":[{"href":"https:\/\/strangercam.com\/cs\/wp-json\/wp\/v2\/types\/page"}],"author":[{"embeddable":true,"href":"https:\/\/strangercam.com\/cs\/wp-json\/wp\/v2\/users\/1"}],"replies":[{"embeddable":true,"href":"https:\/\/strangercam.com\/cs\/wp-json\/wp\/v2\/comments?post=8554"}],"version-history":[{"count":1,"href":"https:\/\/strangercam.com\/cs\/wp-json\/wp\/v2\/pages\/8554\/revisions"}],"predecessor-version":[{"id":12667,"href":"https:\/\/strangercam.com\/cs\/wp-json\/wp\/v2\/pages\/8554\/revisions\/12667"}],"wp:attachment":[{"href":"https:\/\/strangercam.com\/cs\/wp-json\/wp\/v2\/media?parent=8554"}],"curies":[{"name":"wp","href":"https:\/\/api.w.org\/{rel}","templated":true}]}}