{"id":8386,"date":"2024-09-19T11:35:24","date_gmt":"2024-09-19T09:35:24","guid":{"rendered":"https:\/\/strangercam.com\/?page_id=8386"},"modified":"2024-09-19T11:37:00","modified_gmt":"2024-09-19T09:37:00","slug":"chat-avenue","status":"publish","type":"page","link":"https:\/\/strangercam.com\/cs\/chat-avenue\/","title":{"rendered":"Chat Avenue"},"content":{"rendered":"<p><a href=\"https:\/\/strangercam.com\/cs\/chatroulette\/\">Chat<\/a> Avenue, zn\u00e1m\u00e1 tak\u00e9 jako Chat Ave, je jednou z nejstar\u0161\u00edch a nejobl\u00edben\u011bj\u0161\u00edch online chatovac\u00edch platforem sou\u010dasnosti. Byla zalo\u017eena v roce 2000 a rozrostla se v \u017eivou komunitu, kde se miliony lid\u00ed z cel\u00e9ho sv\u011bta sch\u00e1zej\u00ed, aby spolu konverzovali, navazovali nov\u00e1 p\u0159\u00e1telstv\u00ed a sd\u00edleli z\u00e1\u017eitky. S v\u00edce ne\u017e 7 miliony n\u00e1v\u0161t\u011bvn\u00edk\u016f ka\u017ed\u00fd m\u011bs\u00edc nab\u00edz\u00ed Chat Avenue dynamick\u00e9 prost\u0159ed\u00ed pro nov\u00e9 i zku\u0161en\u00e9 nad\u0161ence chatu.<\/p>\n<h2>Co je Chat Avenue?<\/h2>\n<p>Chat Avenue je online platforma, kter\u00e1 u\u017eivatel\u016fm poskytuje p\u0159\u00edstup k bezplatn\u00fdm chatovac\u00edm m\u00edstnostem pokr\u00fdvaj\u00edc\u00edm \u0161irokou \u0161k\u00e1lu t\u00e9mat a z\u00e1jm\u016f. Na Chat Avenue si ka\u017ed\u00fd najde n\u011bco pro sebe - od neform\u00e1ln\u00edch konverzac\u00ed a\u017e po c\u00edlen\u011bj\u0161\u00ed diskuse. Platforma je navr\u017eena tak, aby byla u\u017eivatelsky p\u0159\u00edv\u011btiv\u00e1 a p\u0159\u00edstupn\u00e1 lidem v\u0161ech v\u011bkov\u00fdch kategori\u00ed a prost\u0159ed\u00ed, tak\u017ee se do n\u00ed m\u016f\u017ee kdokoli snadno p\u0159ipojit a okam\u017eit\u011b za\u010d\u00edt chatovat.<\/p>\n<h2>Pro\u010d si vybrat Chat Avenue?<\/h2>\n<p>Existuje n\u011bkolik d\u016fvod\u016f, pro\u010d Chat Avenue vynik\u00e1 jako p\u0159edn\u00ed online chatovac\u00ed platforma:<\/p>\n<ul>\n<li><strong>Rozmanit\u00e9 chatovac\u00ed m\u00edstnosti:<\/strong> Na v\u00fdb\u011br m\u00e1te z 20 r\u016fzn\u00fdch chatovac\u00edch m\u00edstnost\u00ed, tak\u017ee si m\u016f\u017eete vybrat tu, kter\u00e1 dokonale odpov\u00edd\u00e1 va\u0161im z\u00e1jm\u016fm. A\u0165 u\u017e se zaj\u00edm\u00e1te o hudbu, sport, technologie nebo hled\u00e1te chatovac\u00ed m\u00edstnosti pro konkr\u00e9tn\u00ed v\u011bk, najdete zde <a href=\"https:\/\/strangercam.com\/cs\/mocospace\/\">prostor<\/a> pro v\u00e1s.<\/li>\n<li><strong>U\u017eivatelsky p\u0159\u00edv\u011btiv\u00e9 rozhran\u00ed:<\/strong> Platforma je ur\u010dena pro v\u0161echny bez ohledu na v\u011bk nebo technologick\u00e9 znalosti. Jej\u00ed p\u0159\u00edmo\u010dar\u00e9 rozvr\u017een\u00ed usnad\u0148uje navigaci a umo\u017e\u0148uje za\u010d\u00edt chatovat bez jak\u00fdchkoli pot\u00ed\u017e\u00ed.<\/li>\n<li><strong>Glob\u00e1ln\u00ed spole\u010denstv\u00ed:<\/strong> Spojte se s tis\u00edci lidmi z r\u016fzn\u00fdch zem\u00ed, kultur a prost\u0159ed\u00ed. Roz\u0161i\u0159te si obzory a poznejte nov\u00e9 perspektivy d\u00edky rozhovor\u016fm s lidmi z cel\u00e9ho sv\u011bta.<\/li>\n<li><strong>Soukrom\u00ed a anonymita:<\/strong> Chat Avenue v\u00e1m umo\u017e\u0148uje p\u0159ihl\u00e1sit se jako \u201cGuest User\u201d, \u010d\u00edm\u017e je zaji\u0161t\u011bna d\u016fv\u011brnost va\u0161\u00ed identity. Pro zah\u00e1jen\u00ed chatu nemus\u00edte uv\u00e1d\u011bt e-mailovou adresu, profily na soci\u00e1ln\u00edch s\u00edt\u00edch ani \u017e\u00e1dn\u00e9 osobn\u00ed \u00fadaje.<\/li>\n<li><strong>Bezplatn\u00e9 pou\u017eit\u00ed:<\/strong> Chat Avenue je zcela zdarma. M\u016f\u017eete se p\u0159ipojit k libovoln\u00e9 chatovac\u00ed m\u00edstnosti bez jak\u00fdchkoli poplatk\u016f nebo skryt\u00fdch plateb.<\/li>\n<\/ul>\n<h2>Jak pou\u017e\u00edvat Chat Avenue<\/h2>\n<p>Pou\u017eit\u00ed Chat Avenue je jednoduch\u00e9 a p\u0159\u00edmo\u010dar\u00e9. Zde je pr\u016fvodce krok za krokem:<\/p>\n<ol>\n<li><strong>Nav\u0161tivte webov\u00e9 str\u00e1nky:<\/strong> P\u0159ejd\u011bte na domovskou str\u00e1nku Chat Avenue.<\/li>\n<li><strong>Vyberte m\u00edstnost chatu:<\/strong> Projd\u011bte si 20 dostupn\u00fdch chatovac\u00edch m\u00edstnost\u00ed a vyberte si tu, kter\u00e1 vyhovuje va\u0161im z\u00e1jm\u016fm. Mezi mo\u017enosti pat\u0159\u00ed chat s dosp\u00edvaj\u00edc\u00edmi, chat s dosp\u011bl\u00fdmi, hudebn\u00ed chat, sportovn\u00ed chat, technologick\u00fd chat, seznamovac\u00ed chat, chat s LGBTQ+ a dal\u0161\u00ed.<\/li>\n<li><strong>Zadejte u\u017eivatelsk\u00e9 jm\u00e9no:<\/strong> Jako host se m\u016f\u017eete p\u0159ihl\u00e1sit jednodu\u0161e v\u00fdb\u011brem u\u017eivatelsk\u00e9ho jm\u00e9na. Nen\u00ed t\u0159eba se registrovat ani poskytovat \u017e\u00e1dn\u00e9 osobn\u00ed \u00fadaje.<\/li>\n<li><strong>Za\u010dn\u011bte chatovat:<\/strong> Po zad\u00e1n\u00ed u\u017eivatelsk\u00e9ho jm\u00e9na budete p\u0159esm\u011brov\u00e1ni do chatovac\u00ed m\u00edstnosti, kde m\u016f\u017eete okam\u017eit\u011b za\u010d\u00edt komunikovat s ostatn\u00edmi u\u017eivateli.<\/li>\n<\/ol>\n<h2>Dostupn\u00e9 chatovac\u00ed m\u00edstnosti<\/h2>\n<p>Abychom v\u00e1m pomohli naj\u00edt ide\u00e1ln\u00ed chatovac\u00ed m\u00edstnost, p\u0159in\u00e1\u0161\u00edme v\u00e1m p\u0159ehled dostupn\u00fdch mo\u017enost\u00ed:<\/p>\n<ul>\n<li><strong>Chat s dosp\u00edvaj\u00edc\u00edmi:<\/strong> Je ur\u010den pro u\u017eivatele ve v\u011bku 13-19 let a poskytuje bezpe\u010dn\u00fd prostor pro setk\u00e1v\u00e1n\u00ed s vrstevn\u00edky.<\/li>\n<li><strong>Chat pro dosp\u011bl\u00e9:<\/strong> Otev\u0159eno u\u017eivatel\u016fm star\u0161\u00edm 18 let pro dosp\u011bl\u00e9 konverzace na r\u016fzn\u00e1 t\u00e9mata.<\/li>\n<li><strong>Hudebn\u00ed chat:<\/strong> Diskutujte o sv\u00fdch obl\u00edben\u00fdch interpretech, albech a \u017e\u00e1nrech s dal\u0161\u00edmi hudebn\u00edmi nad\u0161enci.<\/li>\n<li><strong>Sportovn\u00ed chat:<\/strong> Zapojte se do komunikace s fanou\u0161ky r\u016fzn\u00fdch sport\u016f, sd\u00edlejte zaj\u00edmavosti ze z\u00e1pas\u016f a diskutujte o nadch\u00e1zej\u00edc\u00edch ud\u00e1lostech.<\/li>\n<li><strong>Technologick\u00fd chat:<\/strong> Mluvte o nejnov\u011bj\u0161\u00edch gadgetech, softwaru a technologick\u00fdch trendech.<\/li>\n<li><strong>Seznamovac\u00ed chat:<\/strong> <a href=\"https:\/\/strangercam.com\/cs\/coomeet\/\">Seznamte se s<\/a> nov\u00ed lid\u00e9, kte\u0159\u00ed hledaj\u00ed vztahy nebo p\u0159\u00e1telstv\u00ed.<\/li>\n<li><strong>Chat s LGBTQ+:<\/strong> Podp\u016frn\u00fd prostor pro \u010dleny komunity LGBTQ+, kde se mohou spojit a sd\u00edlet sv\u00e9 zku\u0161enosti.<\/li>\n<li><strong>Obecn\u00fd chat:<\/strong> Pro neform\u00e1ln\u00ed rozhovory na r\u016fzn\u00e1 t\u00e9mata s r\u016fznorodou skupinou lid\u00ed.<\/li>\n<li><strong>Dal\u0161\u00ed z\u00e1jmov\u00e9 m\u00edstnosti:<\/strong> Mimo jin\u00e9 chat s videohrami, chat s anime a dal\u0161\u00ed.<\/li>\n<\/ul>\n<h2>Tipy pro maxim\u00e1ln\u00ed vyu\u017eit\u00ed Chat Avenue<\/h2>\n<p>Chcete-li zlep\u0161it sv\u00e9 zku\u0161enosti s Chat Avenue, zva\u017ete n\u00e1sleduj\u00edc\u00ed tipy:<\/p>\n<ul>\n<li><strong>Zah\u00e1jen\u00ed rozhovor\u016f:<\/strong> Nev\u00e1hejte za\u010d\u00edt chat jednoduch\u00fdm \u201cDobr\u00fd den\u201d nebo \u201cAhoj\u201d. Prvn\u00ed krok m\u016f\u017ee v\u00e9st k poutav\u00e9 a smyslupln\u00e9 diskusi.<\/li>\n<li><strong>Bu\u010fte otev\u0159en\u00ed:<\/strong> P\u0159ijm\u011bte rozmanitost komunity. Lid\u00e9 z r\u016fzn\u00fdch prost\u0159ed\u00ed p\u0159isp\u00edvaj\u00ed k bohat\u00fdm a pou\u010dn\u00fdm rozhovor\u016fm.<\/li>\n<li><strong>Respektujte ostatn\u00ed:<\/strong> V\u017edy p\u0159istupujte k interakc\u00edm zdvo\u0159ile a s porozum\u011bn\u00edm. To podporuje pozitivn\u00ed prost\u0159ed\u00ed pro v\u0161echny.<\/li>\n<li><strong>Zvl\u00e1dejte odm\u00edtnut\u00ed s gr\u00e1ci\u00ed:<\/strong> Ne ka\u017ed\u00fd m\u016f\u017ee reagovat nebo sd\u00edlet stejn\u00e9 z\u00e1jmy, a to je v po\u0159\u00e1dku. P\u0159ejd\u011bte k nov\u00fdm kontakt\u016fm a neberte si to osobn\u011b.<\/li>\n<li><strong>Cvi\u010den\u00ed d\u011bl\u00e1 mistra:<\/strong> \u010c\u00edm v\u00edce se zapoj\u00edte, t\u00edm pohodln\u011bji se v\u00e1m bude pracovat. \u010casem v\u00e1m bude chatov\u00e1n\u00ed p\u0159ipadat p\u0159irozen\u011bj\u0161\u00ed a p\u0159\u00edjemn\u011bj\u0161\u00ed.<\/li>\n<\/ul>\n<h2>P\u0159ekon\u00e1v\u00e1n\u00ed b\u011b\u017en\u00fdch obav<\/h2>\n<p>Navazov\u00e1n\u00ed konverzac\u00ed s ciz\u00edmi lidmi online m\u016f\u017ee b\u00fdt skli\u010duj\u00edc\u00ed, zejm\u00e9na pokud jste v t\u00e9to oblasti nov\u00e1\u010dkem. Zde je n\u011bkolik zp\u016fsob\u016f, jak p\u0159ekonat b\u011b\u017en\u00e9 obavy:<\/p>\n<ul>\n<li><strong>Bojov\u00e1 \u00fazkost:<\/strong> Je norm\u00e1ln\u00ed, \u017ee jste na za\u010d\u00e1tku pr\u00e1ce nerv\u00f3zn\u00ed. Nezapome\u0148te, \u017ee ka\u017ed\u00fd byl kdysi za\u010d\u00e1te\u010dn\u00edk a v\u011bt\u0161ina u\u017eivatel\u016f je p\u0159\u00e1telsk\u00e1 a otev\u0159en\u00e1 konverzaci.<\/li>\n<li><strong>Bu\u010fte sami sebou:<\/strong> Autenticita m\u00e1 dlouh\u00fd dosah. Opravdov\u00e9 interakce \u010dasto vedou ke smyslupln\u00fdm vztah\u016fm a p\u0159\u00e1telstv\u00edm.<\/li>\n<li><strong>Z\u016fsta\u0148te pozitivn\u00ed:<\/strong> Soust\u0159e\u010fte se sp\u00ed\u0161e na to, abyste si z\u00e1\u017eitek u\u017eili, ne\u017e abyste se ob\u00e1vali v\u00fdsledku. Bavte se rozhovory a nestresujte se drobn\u00fdmi ne\u00fasp\u011bchy.<\/li>\n<li><strong>Nebojte se odm\u00edtnut\u00ed:<\/strong> Ne ka\u017ed\u00e1 interakce povede k trval\u00e9mu spojen\u00ed, a to je naprosto v po\u0159\u00e1dku. Zachovejte si pozitivn\u00ed p\u0159\u00edstup a pokra\u010dujte v navazov\u00e1n\u00ed kontakt\u016f s ostatn\u00edmi.<\/li>\n<\/ul>\n<h2>P\u0159ijm\u011bte rozmanitost na Chat Avenue<\/h2>\n<p>Chat Avenue oslavuje rozmanitost a inkluzivitu. Platforma nab\u00edz\u00ed specializovan\u00e9 chatovac\u00ed m\u00edstnosti zam\u011b\u0159en\u00e9 na r\u016fzn\u00e9 z\u00e1jmy a komunity, co\u017e zaji\u0161\u0165uje, \u017ee si ka\u017ed\u00fd najde m\u00edsto, kde se c\u00edt\u00ed dob\u0159e:<\/p>\n<ul>\n<li><strong>Pokoje podle z\u00e1jmu:<\/strong> Spojte se s lidmi, kte\u0159\u00ed maj\u00ed stejn\u00e9 kon\u00ed\u010dky nebo v\u00e1\u0161n\u011b, jako je hudba, sport, technologie nebo hry.<\/li>\n<li><strong>Spole\u010densk\u00e9 m\u00edstnosti:<\/strong> Zapojte se do specifick\u00fdch skupin a komunit v podp\u016frn\u00e9m prost\u0159ed\u00ed, v\u010detn\u011b chat\u016f LGBTQ+ a dal\u0161\u00edch men\u0161inov\u00fdch skupin.<\/li>\n<li><strong>M\u00edstnosti podle v\u011bku:<\/strong> A\u0165 u\u017e jste teenager, nebo dosp\u011bl\u00fd, k dispozici jsou chatovac\u00ed m\u00edstnosti vhodn\u00e9 pro v\u00e1\u0161 v\u011bk, kter\u00e9 zaji\u0161\u0165uj\u00ed bezpe\u010dnost a relevanci.<\/li>\n<\/ul>\n<h2>Bezpe\u010dnost a st\u0159\u00eddmost<\/h2>\n<p>Va\u0161e bezpe\u010dnost je na Chat Avenue prioritou. Platforma m\u00e1 n\u011bkolik funkc\u00ed, kter\u00e9 zaji\u0161\u0165uj\u00ed bezpe\u010dn\u00fd a p\u0159\u00edjemn\u00fd z\u00e1\u017eitek:<\/p>\n<ul>\n<li><strong>Aktivn\u00ed moder\u00e1to\u0159i:<\/strong> Ka\u017ed\u00e1 chatovac\u00ed m\u00edstnost je monitorov\u00e1na moder\u00e1tory, kte\u0159\u00ed se sna\u017e\u00ed udr\u017eovat respektuj\u00edc\u00ed prost\u0159ed\u00ed a prosazuj\u00ed pravidla komunity.<\/li>\n<li><strong>Syst\u00e9m hl\u00e1\u0161en\u00ed:<\/strong> U\u017eivatel\u00e9 mohou nahl\u00e1sit nevhodn\u00e9 chov\u00e1n\u00ed, obt\u011b\u017eov\u00e1n\u00ed nebo poru\u0161en\u00ed pravidel, kter\u00e9 moder\u00e1torsk\u00fd t\u00fdm neprodlen\u011b \u0159e\u0161\u00ed.<\/li>\n<li><strong>Dodr\u017eov\u00e1n\u00ed pokyn\u016f:<\/strong> Od v\u0161ech u\u017eivatel\u016f se o\u010dek\u00e1v\u00e1, \u017ee budou dodr\u017eovat pravidla komunity, aby se podpo\u0159ila pozitivn\u00ed atmosf\u00e9ra. Neuctiv\u00e9 nebo \u0161kodliv\u00e9 chov\u00e1n\u00ed nen\u00ed tolerov\u00e1no.<\/li>\n<\/ul>\n<h2>Nej\u010dast\u011bj\u0161\u00ed dotazy<\/h2>\n<p>Zde je n\u011bkolik \u010dasto kladen\u00fdch ot\u00e1zek t\u00fdkaj\u00edc\u00edch se Chat Avenue:<\/p>\n<p><strong>Ot\u00e1zka: Je pou\u017eit\u00ed Chat Avenue zdarma?<\/strong><\/p>\n<p>Odpov\u011b\u010f: Ano, Chat Avenue je zcela zdarma. M\u016f\u017eete se p\u0159ipojit k jak\u00e9koli chatovac\u00ed m\u00edstnosti bez jak\u00fdchkoli poplatk\u016f.<\/p>\n<p><strong>Ot\u00e1zka: Mus\u00edm si zaregistrovat \u00fa\u010det?<\/strong><\/p>\n<p>Odpov\u011b\u010f: Registrace nen\u00ed nutn\u00e1. M\u016f\u017eete se p\u0159ihl\u00e1sit jako host a zvolit si u\u017eivatelsk\u00e9 jm\u00e9no, kter\u00e9 v\u00e1m umo\u017en\u00ed z\u016fstat v anonymit\u011b.<\/p>\n<p><strong>Ot\u00e1zka: Mohu pou\u017e\u00edvat Chat Avenue na sv\u00e9m mobiln\u00edm za\u0159\u00edzen\u00ed?<\/strong><\/p>\n<p>Odpov\u011b\u010f: Ano, slu\u017eba Chat Avenue je dostupn\u00e1 v po\u010d\u00edta\u010dov\u00fdch i mobiln\u00edch prohl\u00ed\u017ee\u010d\u00edch, tak\u017ee m\u016f\u017eete chatovat, a\u0165 jste kdekoli.<\/p>\n<p><strong>Ot\u00e1zka: Je Chat Avenue bezpe\u010dn\u00fd?<\/strong><\/p>\n<p>Odpov\u011b\u010f: Chat Avenue m\u00e1 zavedena opat\u0159en\u00ed k zaji\u0161t\u011bn\u00ed bezpe\u010dnosti u\u017eivatel\u016f, v\u010detn\u011b aktivn\u00edho moderov\u00e1n\u00ed a syst\u00e9m\u016f hl\u00e1\u0161en\u00ed. V\u017edy je v\u0161ak d\u016fle\u017eit\u00e9 zachov\u00e1vat opatrnost a nesd\u00edlet osobn\u00ed \u00fadaje online.<\/p>\n<p><strong>Ot\u00e1zka: Co m\u00e1m d\u011blat, kdy\u017e se setk\u00e1m s nevhodn\u00fdm chov\u00e1n\u00edm?<\/strong><\/p>\n<p>Odpov\u011b\u010f: U\u017eivatele m\u016f\u017eete nahl\u00e1sit moder\u00e1tor\u016fm, kte\u0159\u00ed p\u0159ijmou p\u0159\u00edslu\u0161n\u00e1 opat\u0159en\u00ed. Je d\u016fle\u017eit\u00e9 udr\u017eovat komunitu bezpe\u010dnou a respektovanou.<\/p>\n<h2>Zku\u0161enosti<\/h2>\n<p>Zde je n\u011bkolik zku\u0161enost\u00ed, o kter\u00e9 se pod\u011blili u\u017eivatel\u00e9 Chat Avenue:<\/p>\n<p><em>\"J\u00e1 jsem <a href=\"https:\/\/strangercam.com\/cs\/chamet\/\">met<\/a> tolik \u00fa\u017easn\u00fdch lid\u00ed na Chat Avenue. Je neuv\u011b\u0159iteln\u00e9, jak snadn\u00e9 je spojit se s ostatn\u00edmi, kte\u0159\u00ed maj\u00ed stejn\u00e9 z\u00e1jmy jako j\u00e1!\u201d<\/em> - Alex T.<\/p>\n<p><em>\u201cJako \u010dlov\u011bku, kter\u00fd je v re\u00e1ln\u00e9m \u017eivot\u011b plach\u00fd, mi Chat Ave dodal sebed\u016fv\u011bru za\u010d\u00edt konverzaci a nav\u00e1zat nov\u00e1 p\u0159\u00e1telstv\u00ed.\u201d<\/em> - Maria S.<\/p>\n<p><em>\u201cRozmanitost na Chat Avenue je fantastick\u00e1. Nau\u010dil jsem se toho tolik od lid\u00ed z cel\u00e9ho sv\u011bta.\u201d<\/em> - Jamal K.<\/p>\n<h2>Dal\u0161\u00ed zdroje<\/h2>\n<p>Dal\u0161\u00ed informace a tipy t\u00fdkaj\u00edc\u00ed se online chatov\u00e1n\u00ed naleznete v t\u011bchto zdroj\u00edch:<\/p>\n<ul>\n<li><strong>Tipy pro bezpe\u010dn\u00fd online chat:<\/strong> Zjist\u011bte, jak se chr\u00e1nit a u\u017e\u00edt si bezpe\u010dn\u00fd chat.<\/li>\n<li><strong>Jak z\u00edskat p\u0159\u00e1tele online:<\/strong> Objevte strategie pro navazov\u00e1n\u00ed smyslupln\u00fdch kontakt\u016f p\u0159es internet.<\/li>\n<li><strong>V\u00fdhody online komunit:<\/strong> Prozkoumejte, jak mohou online platformy jako Chat Avenue obohatit v\u00e1\u0161 spole\u010densk\u00fd \u017eivot.<\/li>\n<\/ul>\n<h2>Sledujte Chat Avenue na soci\u00e1ln\u00edch m\u00e9di\u00edch<\/h2>\n<p>Sledujte Chat Avenue na soci\u00e1ln\u00edch s\u00edt\u00edch a sledujte nejnov\u011bj\u0161\u00ed zpr\u00e1vy a aktualizace:<\/p>\n<ul>\n<li><strong>Facebook<\/strong><\/li>\n<li><strong>Twitter<\/strong><\/li>\n<li><strong>Instagram<\/strong><\/li>\n<\/ul>\n<h2>Z\u00e1v\u011br<\/h2>\n<p>Chat Avenue je va\u0161\u00ed branou do sv\u011bta rozhovor\u016f a p\u0159\u00e1telstv\u00ed. Jeho u\u017eivatelsky p\u0159\u00edv\u011btiv\u00fd design, z\u00e1vazek k ochran\u011b soukrom\u00ed a rozmanit\u00e1 komunita z n\u011bj \u010din\u00ed ide\u00e1ln\u00ed platformu pro ka\u017ed\u00e9ho, kdo se chce p\u0159ipojit online. A\u0165 u\u017e hled\u00e1te p\u0159\u00edle\u017eitostn\u00e9 chaty, smyslupln\u00e9 diskuse nebo se prost\u011b chcete sezn\u00e1mit s nov\u00fdmi lidmi, Chat Avenue v\u00e1m m\u00e1 co nab\u00eddnout. Tak pro\u010d \u010dekat? Sta\u0148te se sou\u010d\u00e1st\u00ed komunity Chat Avenue je\u0161t\u011b dnes a za\u010dn\u011bte objevovat nekone\u010dn\u00e9 mo\u017enosti! Sta\u010d\u00ed p\u00e1r kliknut\u00ed a m\u016f\u017eete se pono\u0159it do poutav\u00fdch diskus\u00ed a sezn\u00e1mit se s fascinuj\u00edc\u00edmi lidmi ze v\u0161ech oblast\u00ed \u017eivota. Chat Avenue v\u00e1s v\u00edt\u00e1 ve sv\u011bt\u011b, kde komunikace nezn\u00e1 hranic.<\/p>\n<h2>P\u0159ipojte se k Chat Avenue je\u0161t\u011b dnes a roz\u0161i\u0159te sv\u016fj sv\u011bt<\/h2>\n<p>D\u00edky rozs\u00e1hl\u00e9 nab\u00eddce chatovac\u00edch m\u00edstnost\u00ed a celosv\u011btov\u00e9 u\u017eivatelsk\u00e9 z\u00e1kladn\u011b nab\u00edz\u00ed Chat Avenue jedine\u010dnou p\u0159\u00edle\u017eitost roz\u0161\u00ed\u0159it si obzory. A\u0165 u\u017e hled\u00e1te nov\u00e9 p\u0159\u00e1tele, chcete se pod\u011blit o sv\u00e9 z\u00e1jmy nebo si jen u\u017e\u00edt nez\u00e1vaznou konverzaci, Chat Avenue je to prav\u00e9 m\u00edsto. Nezapome\u0148te, \u017ee komunikace je kl\u00ed\u010dem k navazov\u00e1n\u00ed kontakt\u016f, a Chat Avenue umo\u017e\u0148uje snadn\u011bji ne\u017e kdy jindy oslovit ostatn\u00ed a nav\u00e1zat s nimi kontakt. Tak se p\u0159ihlaste, vyberte si chatovac\u00ed m\u00edstnost a vydejte se na cestu je\u0161t\u011b dnes!<\/p>","protected":false},"excerpt":{"rendered":"<p>Chat Avenue, also known as Chat Ave, is one of the oldest and most popular online chat platforms available today. Established in 2000, it has grown into a vibrant community where millions of people from around the globe come together to converse, make new friends, and share experiences. With over 7 million visitors each month, [&hellip;]<\/p>\n","protected":false},"author":6,"featured_media":0,"parent":0,"menu_order":0,"comment_status":"closed","ping_status":"closed","template":"","meta":{"footnotes":""},"class_list":["post-8386","page","type-page","status-publish","hentry"],"yoast_head":"<!-- This site is optimized with the Yoast SEO plugin v26.9 - https:\/\/yoast.com\/product\/yoast-seo-wordpress\/ -->\n<title>Chat Avenue - Free Video Chat Rooms - StrangerCam.com<\/title>\n<meta name=\"description\" content=\"Discover Chat Avenue, the ultimate online platform connecting you to free chat rooms and a global community. Join Chat Ave today!\" \/>\n<meta name=\"robots\" content=\"index, follow, max-snippet:-1, max-image-preview:large, max-video-preview:-1\" \/>\n<link rel=\"canonical\" href=\"https:\/\/strangercam.com\/cs\/chat-avenue\/\" \/>\n<meta property=\"og:locale\" content=\"cs_CZ\" \/>\n<meta property=\"og:type\" content=\"article\" \/>\n<meta property=\"og:title\" content=\"Chat Avenue - Free Video Chat Rooms - StrangerCam.com\" \/>\n<meta property=\"og:description\" content=\"Discover Chat Avenue, the ultimate online platform connecting you to free chat rooms and a global community. Join Chat Ave today!\" \/>\n<meta property=\"og:url\" content=\"https:\/\/strangercam.com\/cs\/chat-avenue\/\" \/>\n<meta property=\"og:site_name\" content=\"Strangercam\" \/>\n<meta property=\"article:publisher\" content=\"https:\/\/www.facebook.com\/strangercam\" \/>\n<meta property=\"article:modified_time\" content=\"2024-09-19T09:37:00+00:00\" \/>\n<meta property=\"og:image\" content=\"https:\/\/strangercam.com\/wp-content\/uploads\/2021\/10\/Untitled-2.png\" \/>\n\t<meta property=\"og:image:width\" content=\"800\" \/>\n\t<meta property=\"og:image:height\" content=\"532\" \/>\n\t<meta property=\"og:image:type\" content=\"image\/png\" \/>\n<meta name=\"twitter:card\" content=\"summary_large_image\" \/>\n<meta name=\"twitter:site\" content=\"@strangercamapp\" \/>\n<meta name=\"twitter:label1\" content=\"Odhadovan\u00e1 doba \u010dten\u00ed\" \/>\n\t<meta name=\"twitter:data1\" content=\"7 minut\" \/>\n<script type=\"application\/ld+json\" class=\"yoast-schema-graph\">{\"@context\":\"https:\/\/schema.org\",\"@graph\":[{\"@type\":\"WebPage\",\"@id\":\"https:\/\/strangercam.com\/chat-avenue\/\",\"url\":\"https:\/\/strangercam.com\/chat-avenue\/\",\"name\":\"Chat Avenue - Free Video Chat Rooms - StrangerCam.com\",\"isPartOf\":{\"@id\":\"https:\/\/strangercam.com\/#website\"},\"datePublished\":\"2024-09-19T09:35:24+00:00\",\"dateModified\":\"2024-09-19T09:37:00+00:00\",\"description\":\"Discover Chat Avenue, the ultimate online platform connecting you to free chat rooms and a global community. Join Chat Ave today!\",\"breadcrumb\":{\"@id\":\"https:\/\/strangercam.com\/chat-avenue\/#breadcrumb\"},\"inLanguage\":\"cs\",\"potentialAction\":[{\"@type\":\"ReadAction\",\"target\":[\"https:\/\/strangercam.com\/chat-avenue\/\"]}]},{\"@type\":\"BreadcrumbList\",\"@id\":\"https:\/\/strangercam.com\/chat-avenue\/#breadcrumb\",\"itemListElement\":[{\"@type\":\"ListItem\",\"position\":1,\"name\":\"Home\",\"item\":\"https:\/\/strangercam.com\/\"},{\"@type\":\"ListItem\",\"position\":2,\"name\":\"Chat Avenue\"}]},{\"@type\":\"WebSite\",\"@id\":\"https:\/\/strangercam.com\/#website\",\"url\":\"https:\/\/strangercam.com\/\",\"name\":\"Strangercam\",\"description\":\"Random Video Chat with Strangers\",\"publisher\":{\"@id\":\"https:\/\/strangercam.com\/#organization\"},\"alternateName\":\"Strangercam.com\",\"potentialAction\":[{\"@type\":\"SearchAction\",\"target\":{\"@type\":\"EntryPoint\",\"urlTemplate\":\"https:\/\/strangercam.com\/?s={search_term_string}\"},\"query-input\":{\"@type\":\"PropertyValueSpecification\",\"valueRequired\":true,\"valueName\":\"search_term_string\"}}],\"inLanguage\":\"cs\"},{\"@type\":\"Organization\",\"@id\":\"https:\/\/strangercam.com\/#organization\",\"name\":\"Strangercam\",\"alternateName\":\"Strangercam.com\",\"url\":\"https:\/\/strangercam.com\/\",\"logo\":{\"@type\":\"ImageObject\",\"inLanguage\":\"cs\",\"@id\":\"https:\/\/strangercam.com\/#\/schema\/logo\/image\/\",\"url\":\"https:\/\/strangercam.com\/wp-content\/uploads\/2020\/11\/cropped-new-favicon-black.png\",\"contentUrl\":\"https:\/\/strangercam.com\/wp-content\/uploads\/2020\/11\/cropped-new-favicon-black.png\",\"width\":512,\"height\":512,\"caption\":\"Strangercam\"},\"image\":{\"@id\":\"https:\/\/strangercam.com\/#\/schema\/logo\/image\/\"},\"sameAs\":[\"https:\/\/www.facebook.com\/strangercam\",\"https:\/\/x.com\/strangercamapp\"]}]}<\/script>\n<!-- \/ Yoast SEO plugin. -->","yoast_head_json":{"title":"Chat Avenue - Video chatovac\u00ed m\u00edstnosti zdarma - StrangerCam.com","description":"Objevte Chat Avenue, dokonalou online platformu, kter\u00e1 v\u00e1s spojuje s bezplatn\u00fdmi chatovac\u00edmi m\u00edstnostmi a glob\u00e1ln\u00ed komunitou. P\u0159ipojte se k Chat Ave je\u0161t\u011b dnes!","robots":{"index":"index","follow":"follow","max-snippet":"max-snippet:-1","max-image-preview":"max-image-preview:large","max-video-preview":"max-video-preview:-1"},"canonical":"https:\/\/strangercam.com\/cs\/chat-avenue\/","og_locale":"cs_CZ","og_type":"article","og_title":"Chat Avenue - Free Video Chat Rooms - StrangerCam.com","og_description":"Discover Chat Avenue, the ultimate online platform connecting you to free chat rooms and a global community. Join Chat Ave today!","og_url":"https:\/\/strangercam.com\/cs\/chat-avenue\/","og_site_name":"Strangercam","article_publisher":"https:\/\/www.facebook.com\/strangercam","article_modified_time":"2024-09-19T09:37:00+00:00","og_image":[{"width":800,"height":532,"url":"https:\/\/strangercam.com\/wp-content\/uploads\/2021\/10\/Untitled-2.png","type":"image\/png"}],"twitter_card":"summary_large_image","twitter_site":"@strangercamapp","twitter_misc":{"Odhadovan\u00e1 doba \u010dten\u00ed":"7 minut"},"schema":{"@context":"https:\/\/schema.org","@graph":[{"@type":"WebPage","@id":"https:\/\/strangercam.com\/chat-avenue\/","url":"https:\/\/strangercam.com\/chat-avenue\/","name":"Chat Avenue - Video chatovac\u00ed m\u00edstnosti zdarma - StrangerCam.com","isPartOf":{"@id":"https:\/\/strangercam.com\/#website"},"datePublished":"2024-09-19T09:35:24+00:00","dateModified":"2024-09-19T09:37:00+00:00","description":"Objevte Chat Avenue, dokonalou online platformu, kter\u00e1 v\u00e1s spojuje s bezplatn\u00fdmi chatovac\u00edmi m\u00edstnostmi a glob\u00e1ln\u00ed komunitou. P\u0159ipojte se k Chat Ave je\u0161t\u011b dnes!","breadcrumb":{"@id":"https:\/\/strangercam.com\/chat-avenue\/#breadcrumb"},"inLanguage":"cs","potentialAction":[{"@type":"ReadAction","target":["https:\/\/strangercam.com\/chat-avenue\/"]}]},{"@type":"BreadcrumbList","@id":"https:\/\/strangercam.com\/chat-avenue\/#breadcrumb","itemListElement":[{"@type":"ListItem","position":1,"name":"Home","item":"https:\/\/strangercam.com\/"},{"@type":"ListItem","position":2,"name":"Chat Avenue"}]},{"@type":"WebSite","@id":"https:\/\/strangercam.com\/#website","url":"https:\/\/strangercam.com\/","name":"Strangercam","description":"N\u00e1hodn\u00fd videochat s ciz\u00edmi lidmi","publisher":{"@id":"https:\/\/strangercam.com\/#organization"},"alternateName":"Strangercam.com","potentialAction":[{"@type":"SearchAction","target":{"@type":"EntryPoint","urlTemplate":"https:\/\/strangercam.com\/?s={search_term_string}"},"query-input":{"@type":"PropertyValueSpecification","valueRequired":true,"valueName":"search_term_string"}}],"inLanguage":"cs"},{"@type":"Organization","@id":"https:\/\/strangercam.com\/#organization","name":"Strangercam","alternateName":"Strangercam.com","url":"https:\/\/strangercam.com\/","logo":{"@type":"ImageObject","inLanguage":"cs","@id":"https:\/\/strangercam.com\/#\/schema\/logo\/image\/","url":"https:\/\/strangercam.com\/wp-content\/uploads\/2020\/11\/cropped-new-favicon-black.png","contentUrl":"https:\/\/strangercam.com\/wp-content\/uploads\/2020\/11\/cropped-new-favicon-black.png","width":512,"height":512,"caption":"Strangercam"},"image":{"@id":"https:\/\/strangercam.com\/#\/schema\/logo\/image\/"},"sameAs":["https:\/\/www.facebook.com\/strangercam","https:\/\/x.com\/strangercamapp"]}]}},"_links":{"self":[{"href":"https:\/\/strangercam.com\/cs\/wp-json\/wp\/v2\/pages\/8386","targetHints":{"allow":["GET"]}}],"collection":[{"href":"https:\/\/strangercam.com\/cs\/wp-json\/wp\/v2\/pages"}],"about":[{"href":"https:\/\/strangercam.com\/cs\/wp-json\/wp\/v2\/types\/page"}],"author":[{"embeddable":true,"href":"https:\/\/strangercam.com\/cs\/wp-json\/wp\/v2\/users\/6"}],"replies":[{"embeddable":true,"href":"https:\/\/strangercam.com\/cs\/wp-json\/wp\/v2\/comments?post=8386"}],"version-history":[{"count":0,"href":"https:\/\/strangercam.com\/cs\/wp-json\/wp\/v2\/pages\/8386\/revisions"}],"wp:attachment":[{"href":"https:\/\/strangercam.com\/cs\/wp-json\/wp\/v2\/media?parent=8386"}],"curies":[{"name":"wp","href":"https:\/\/api.w.org\/{rel}","templated":true}]}}