{"id":8226,"date":"2021-09-23T14:11:49","date_gmt":"2021-09-23T12:11:49","guid":{"rendered":"https:\/\/strangercam.com\/?page_id=8226"},"modified":"2023-08-21T12:24:41","modified_gmt":"2023-08-21T10:24:41","slug":"echat","status":"publish","type":"page","link":"https:\/\/strangercam.com\/cs\/echat\/","title":{"rendered":"eChat"},"content":{"rendered":"<h2>M\u011bli byste nav\u00e1zat rozhovor s ciz\u00edm \u010dlov\u011bkem?<\/h2>\n<p>Tuto ot\u00e1zku si kladou t\u00e9m\u011b\u0159 v\u0161ichni, kdo jsou od p\u0159\u00edrody rezervovan\u00ed. Extroverti se s takov\u00fdmi pot\u00ed\u017eemi nesetk\u00e1vaj\u00ed, proto\u017ee jsou otev\u0159en\u00ed a snadno si porozum\u00ed s ka\u017ed\u00fdm \u010dlov\u011bkem. Ale vzhledem k tomu, \u017ee sv\u011bt je pln\u00fd podvodn\u00edk\u016f, \u0161ejd\u00ed\u0159\u016f a t\u011bch, kte\u0159\u00ed maj\u00ed v \u00famyslu druh\u00fdm ubl\u00ed\u017eit, je t\u0159eba p\u0159ijmout odpov\u00eddaj\u00edc\u00ed preventivn\u00ed opat\u0159en\u00ed. To je o to d\u016fle\u017eit\u011bj\u0161\u00ed, pokud se sna\u017e\u00edte komunikovat s ciz\u00edmi lidmi prost\u0159ednictv\u00edm online komunikace. <a href=\"https:\/\/strangercam.com\/cs\/chatroulette\/\">chat<\/a> pokoje. Na adrese <b>echat<\/b>, m\u016f\u017eete v\u00e9st zdrav\u00e9 konverzace, proto\u017ee si m\u016f\u017eete prohl\u00e9dnout profily ostatn\u00edch. M\u016f\u017eete tak\u00e9 chatovat s t\u011bmi, kte\u0159\u00ed maj\u00ed podobn\u00e9 z\u00e1jmy.<\/p>\n<h2>Kdo je cizinec?<\/h2>\n<p>Chcete-li zlomit svou introvertn\u00ed povahu, nejlep\u0161\u00edm m\u00edstem, kde m\u016f\u017eete b\u00fdt. <b>echat<\/b>. M\u016f\u017eete se zde setkat s r\u016fzn\u00fdmi typy lid\u00ed v\u0161ech v\u011bkov\u00fdch kategori\u00ed, mu\u017ei i \u017eenami s r\u016fzn\u00fdmi z\u00e1jmy. Chat mus\u00edte zah\u00e1jit vy, nebo tak m\u016f\u017ee u\u010dinit n\u011bkdo jin\u00fd. Osobu nemus\u00edte zn\u00e1t jinak ne\u017e z vytvo\u0159en\u00e9ho profilu. Jsou to ciz\u00ed lid\u00e9, proto\u017ee o nich mnoho nev\u00edte. Je to <a href=\"https:\/\/strangercam.com\/cs\/only2chat\/\">pouze<\/a> po spojen\u00ed a rozhovoru s nimi, kter\u00fd v\u00e1m pom\u016f\u017ee zjistit, zda mohou b\u00fdt p\u0159\u00e1teli.<\/p>\n<h2>Z\u00edsk\u00e1v\u00e1n\u00ed nov\u00fdch p\u0159\u00e1tel<\/h2>\n<p>Pamatujte, \u017ee ka\u017ed\u00fd pot\u0159ebuje p\u0159\u00e1tele a \u010dlov\u011bk je spole\u010densk\u00e9 zv\u00ed\u0159e. Nen\u00ed prost\u011b mo\u017en\u00e9 se nad\u00e1le vyh\u00fdbat ostatn\u00edm, kter\u00e9 nezn\u00e1te. Online port\u00e1ly jako nap\u0159. <b>echat<\/b> poskytuj\u00ed p\u0159\u00edle\u017eitost nav\u00e1zat spojen\u00ed s ostatn\u00edmi lidmi bez ohledu na jejich polohu nebo vzd\u00e1lenost. Sta\u010d\u00ed zah\u00e1jit chat slovy \u2018Ahoj\u2019 nebo \u2018Dobr\u00fd den\u2019, pokud maj\u00ed z\u00e1jem, konverzace bude n\u00e1sledovat. Zda bude trvat hodiny, nebo skon\u010d\u00ed b\u011bhem zhruba minuty, z\u00e1le\u017e\u00ed na va\u0161em z\u00e1jmu a na zvolen\u00e9m t\u00e9matu. Proto si ur\u010dete kategorie, kde se diskutovan\u00e1 t\u00e9mata <a href=\"https:\/\/strangercam.com\/cs\/chatmatch\/\">z\u00e1pas<\/a> va\u0161e my\u0161len\u00ed a znalosti. Budete se zde c\u00edtit dob\u0159e a nebudete se c\u00edtit jako n\u011bjak\u00fd cizinec. Takov\u00e9 prost\u0159ed\u00ed m\u016f\u017ee b\u00fdt bezpe\u010dn\u00e9 a zaj\u00edmav\u00e9. Pokud m\u00e1te pocit, \u017ee v\u00e1s toto prost\u0159ed\u00ed ohro\u017euje, m\u016f\u017eete se v\u017edy p\u0159esunout do lep\u0161\u00edho. <a href=\"https:\/\/strangercam.com\/cs\/1v1-chat\/\">jeden<\/a> nebo jednodu\u0161e p\u0159epnout na jin\u00fd <a href=\"https:\/\/strangercam.com\/cs\/chatingly\/\">chatov\u00e1n\u00ed<\/a> port\u00e1l. Oslovov\u00e1n\u00ed nov\u00fdch lid\u00ed pom\u00e1h\u00e1 vytv\u00e1\u0159et nov\u00e9 zn\u00e1m\u00e9 a p\u0159\u00e1tele. Vy\u017eaduje to \u010das a hodn\u011b p\u00e9\u010de. V\u00fdsledky v\u0161ak mohou b\u00fdt b\u00e1je\u010dn\u00e9, pokud v\u00edte, jak za\u010d\u00edt prvn\u00ed konverzaci.<\/p>\n<p>Chatov\u00e1n\u00ed online s ciz\u00edmi lidmi udr\u017euje va\u0161e srdce ve skv\u011bl\u00e9 psychick\u00e9 i ment\u00e1ln\u00ed kondici. Dokonce se m\u016f\u017eete dostat k tomu, abyste vypov\u00eddali sv\u00e9 srdce t\u011bm, se kter\u00fdmi se c\u00edt\u00edte p\u0159\u00edjemn\u011b, bezpe\u010dn\u011b a pln\u011b propojeni. Je pravd\u011bpodobn\u00e9, \u017ee v\u00e1m poskytnou n\u011bjak\u00e9 u\u017eite\u010dn\u00e9 rady, kter\u00e9 v\u00e1m pomohou dostat se z va\u0161\u00ed sou\u010dasn\u00e9 \u0161lamastyky a se spoustou v\u011bc\u00ed.<\/p>","protected":false},"excerpt":{"rendered":"<p>Should you initiate talk with a stranger? This is a question that is asked by almost all those who are reserved by nature. The extroverts do not face such trouble since they are outspoken and can get along with any person easily. But with the world being full of scammers, fraudsters, and those who intend [&hellip;]<\/p>\n","protected":false},"author":6,"featured_media":559,"parent":0,"menu_order":0,"comment_status":"closed","ping_status":"closed","template":"","meta":{"footnotes":""},"class_list":["post-8226","page","type-page","status-publish","has-post-thumbnail","hentry"],"yoast_head":"<!-- This site is optimized with the Yoast SEO plugin v27.4 - https:\/\/yoast.com\/product\/yoast-seo-wordpress\/ -->\n<title>eChat - Anonymous Chat For Two - Cam on StrangerCam.com<\/title>\n<meta name=\"description\" content=\"Like eChat? Come chat with more than 5.000.000 strangers on Stranger Cam for Free! Turn on your cam and find new friends &amp; maby a match!\" \/>\n<meta name=\"robots\" content=\"index, follow, max-snippet:-1, max-image-preview:large, max-video-preview:-1\" \/>\n<link rel=\"canonical\" href=\"https:\/\/strangercam.com\/cs\/echat\/\" \/>\n<meta property=\"og:locale\" content=\"cs_CZ\" \/>\n<meta property=\"og:type\" content=\"article\" \/>\n<meta property=\"og:title\" content=\"eChat - Anonymous Chat For Two - Cam on StrangerCam.com\" \/>\n<meta property=\"og:description\" content=\"Like eChat? Come chat with more than 5.000.000 strangers on Stranger Cam for Free! Turn on your cam and find new friends &amp; maby a match!\" \/>\n<meta property=\"og:url\" content=\"https:\/\/strangercam.com\/cs\/echat\/\" \/>\n<meta property=\"og:site_name\" content=\"Strangercam\" \/>\n<meta property=\"article:publisher\" content=\"https:\/\/www.facebook.com\/strangercam\" \/>\n<meta property=\"article:modified_time\" content=\"2023-08-21T10:24:41+00:00\" \/>\n<meta property=\"og:image\" content=\"https:\/\/strangercam.com\/wp-content\/uploads\/2020\/11\/stranger-cam-1.png\" \/>\n\t<meta property=\"og:image:width\" content=\"800\" \/>\n\t<meta property=\"og:image:height\" content=\"800\" \/>\n\t<meta property=\"og:image:type\" content=\"image\/png\" \/>\n<meta name=\"twitter:card\" content=\"summary_large_image\" \/>\n<meta name=\"twitter:site\" content=\"@strangercamapp\" \/>\n<meta name=\"twitter:label1\" content=\"Odhadovan\u00e1 doba \u010dten\u00ed\" \/>\n\t<meta name=\"twitter:data1\" content=\"2 minuty\" \/>\n<script type=\"application\/ld+json\" class=\"yoast-schema-graph\">{\"@context\":\"https:\\\/\\\/schema.org\",\"@graph\":[{\"@type\":\"WebPage\",\"@id\":\"https:\\\/\\\/strangercam.com\\\/echat\\\/\",\"url\":\"https:\\\/\\\/strangercam.com\\\/echat\\\/\",\"name\":\"eChat - Anonymous Chat For Two - Cam on StrangerCam.com\",\"isPartOf\":{\"@id\":\"https:\\\/\\\/strangercam.com\\\/#website\"},\"primaryImageOfPage\":{\"@id\":\"https:\\\/\\\/strangercam.com\\\/echat\\\/#primaryimage\"},\"image\":{\"@id\":\"https:\\\/\\\/strangercam.com\\\/echat\\\/#primaryimage\"},\"thumbnailUrl\":\"https:\\\/\\\/strangercam.com\\\/wp-content\\\/uploads\\\/2020\\\/11\\\/stranger-cam-1.png\",\"datePublished\":\"2021-09-23T12:11:49+00:00\",\"dateModified\":\"2023-08-21T10:24:41+00:00\",\"description\":\"Like eChat? Come chat with more than 5.000.000 strangers on Stranger Cam for Free! Turn on your cam and find new friends & maby a match!\",\"breadcrumb\":{\"@id\":\"https:\\\/\\\/strangercam.com\\\/echat\\\/#breadcrumb\"},\"inLanguage\":\"cs\",\"potentialAction\":[{\"@type\":\"ReadAction\",\"target\":[\"https:\\\/\\\/strangercam.com\\\/echat\\\/\"]}]},{\"@type\":\"ImageObject\",\"inLanguage\":\"cs\",\"@id\":\"https:\\\/\\\/strangercam.com\\\/echat\\\/#primaryimage\",\"url\":\"https:\\\/\\\/strangercam.com\\\/wp-content\\\/uploads\\\/2020\\\/11\\\/stranger-cam-1.png\",\"contentUrl\":\"https:\\\/\\\/strangercam.com\\\/wp-content\\\/uploads\\\/2020\\\/11\\\/stranger-cam-1.png\",\"width\":800,\"height\":800,\"caption\":\"stranger cam random video chat\"},{\"@type\":\"BreadcrumbList\",\"@id\":\"https:\\\/\\\/strangercam.com\\\/echat\\\/#breadcrumb\",\"itemListElement\":[{\"@type\":\"ListItem\",\"position\":1,\"name\":\"Home\",\"item\":\"https:\\\/\\\/strangercam.com\\\/\"},{\"@type\":\"ListItem\",\"position\":2,\"name\":\"eChat\"}]},{\"@type\":\"WebSite\",\"@id\":\"https:\\\/\\\/strangercam.com\\\/#website\",\"url\":\"https:\\\/\\\/strangercam.com\\\/\",\"name\":\"Strangercam\",\"description\":\"Random Video Chat with Strangers\",\"publisher\":{\"@id\":\"https:\\\/\\\/strangercam.com\\\/#organization\"},\"alternateName\":\"Strangercam.com\",\"potentialAction\":[{\"@type\":\"SearchAction\",\"target\":{\"@type\":\"EntryPoint\",\"urlTemplate\":\"https:\\\/\\\/strangercam.com\\\/?s={search_term_string}\"},\"query-input\":{\"@type\":\"PropertyValueSpecification\",\"valueRequired\":true,\"valueName\":\"search_term_string\"}}],\"inLanguage\":\"cs\"},{\"@type\":\"Organization\",\"@id\":\"https:\\\/\\\/strangercam.com\\\/#organization\",\"name\":\"Strangercam\",\"alternateName\":\"Strangercam.com\",\"url\":\"https:\\\/\\\/strangercam.com\\\/\",\"logo\":{\"@type\":\"ImageObject\",\"inLanguage\":\"cs\",\"@id\":\"https:\\\/\\\/strangercam.com\\\/#\\\/schema\\\/logo\\\/image\\\/\",\"url\":\"https:\\\/\\\/strangercam.com\\\/wp-content\\\/uploads\\\/2020\\\/11\\\/cropped-new-favicon-black.png\",\"contentUrl\":\"https:\\\/\\\/strangercam.com\\\/wp-content\\\/uploads\\\/2020\\\/11\\\/cropped-new-favicon-black.png\",\"width\":512,\"height\":512,\"caption\":\"Strangercam\"},\"image\":{\"@id\":\"https:\\\/\\\/strangercam.com\\\/#\\\/schema\\\/logo\\\/image\\\/\"},\"sameAs\":[\"https:\\\/\\\/www.facebook.com\\\/strangercam\",\"https:\\\/\\\/x.com\\\/strangercamapp\"]}]}<\/script>\n<!-- \/ Yoast SEO plugin. -->","yoast_head_json":{"title":"eChat - Anonymn\u00ed chat pro dva - Cam on StrangerCam.com","description":"Jako eChat? Poj\u010fte si zdarma popov\u00eddat s v\u00edce ne\u017e 5 000 000 cizinci na Stranger Cam! Zapn\u011bte si kameru a najd\u011bte nov\u00e9 p\u0159\u00e1tele &amp; maby z\u00e1pas!","robots":{"index":"index","follow":"follow","max-snippet":"max-snippet:-1","max-image-preview":"max-image-preview:large","max-video-preview":"max-video-preview:-1"},"canonical":"https:\/\/strangercam.com\/cs\/echat\/","og_locale":"cs_CZ","og_type":"article","og_title":"eChat - Anonymous Chat For Two - Cam on StrangerCam.com","og_description":"Like eChat? Come chat with more than 5.000.000 strangers on Stranger Cam for Free! Turn on your cam and find new friends & maby a match!","og_url":"https:\/\/strangercam.com\/cs\/echat\/","og_site_name":"Strangercam","article_publisher":"https:\/\/www.facebook.com\/strangercam","article_modified_time":"2023-08-21T10:24:41+00:00","og_image":[{"width":800,"height":800,"url":"https:\/\/strangercam.com\/wp-content\/uploads\/2020\/11\/stranger-cam-1.png","type":"image\/png"}],"twitter_card":"summary_large_image","twitter_site":"@strangercamapp","twitter_misc":{"Odhadovan\u00e1 doba \u010dten\u00ed":"2 minuty"},"schema":{"@context":"https:\/\/schema.org","@graph":[{"@type":"WebPage","@id":"https:\/\/strangercam.com\/echat\/","url":"https:\/\/strangercam.com\/echat\/","name":"eChat - Anonymn\u00ed chat pro dva - Cam on StrangerCam.com","isPartOf":{"@id":"https:\/\/strangercam.com\/#website"},"primaryImageOfPage":{"@id":"https:\/\/strangercam.com\/echat\/#primaryimage"},"image":{"@id":"https:\/\/strangercam.com\/echat\/#primaryimage"},"thumbnailUrl":"https:\/\/strangercam.com\/wp-content\/uploads\/2020\/11\/stranger-cam-1.png","datePublished":"2021-09-23T12:11:49+00:00","dateModified":"2023-08-21T10:24:41+00:00","description":"Jako eChat? Poj\u010fte si zdarma popov\u00eddat s v\u00edce ne\u017e 5 000 000 cizinci na Stranger Cam! Zapn\u011bte si kameru a najd\u011bte nov\u00e9 p\u0159\u00e1tele &amp; maby z\u00e1pas!","breadcrumb":{"@id":"https:\/\/strangercam.com\/echat\/#breadcrumb"},"inLanguage":"cs","potentialAction":[{"@type":"ReadAction","target":["https:\/\/strangercam.com\/echat\/"]}]},{"@type":"ImageObject","inLanguage":"cs","@id":"https:\/\/strangercam.com\/echat\/#primaryimage","url":"https:\/\/strangercam.com\/wp-content\/uploads\/2020\/11\/stranger-cam-1.png","contentUrl":"https:\/\/strangercam.com\/wp-content\/uploads\/2020\/11\/stranger-cam-1.png","width":800,"height":800,"caption":"stranger cam random video chat"},{"@type":"BreadcrumbList","@id":"https:\/\/strangercam.com\/echat\/#breadcrumb","itemListElement":[{"@type":"ListItem","position":1,"name":"Home","item":"https:\/\/strangercam.com\/"},{"@type":"ListItem","position":2,"name":"eChat"}]},{"@type":"WebSite","@id":"https:\/\/strangercam.com\/#website","url":"https:\/\/strangercam.com\/","name":"Strangercam","description":"N\u00e1hodn\u00fd videochat s ciz\u00edmi lidmi","publisher":{"@id":"https:\/\/strangercam.com\/#organization"},"alternateName":"Strangercam.com","potentialAction":[{"@type":"SearchAction","target":{"@type":"EntryPoint","urlTemplate":"https:\/\/strangercam.com\/?s={search_term_string}"},"query-input":{"@type":"PropertyValueSpecification","valueRequired":true,"valueName":"search_term_string"}}],"inLanguage":"cs"},{"@type":"Organization","@id":"https:\/\/strangercam.com\/#organization","name":"Strangercam","alternateName":"Strangercam.com","url":"https:\/\/strangercam.com\/","logo":{"@type":"ImageObject","inLanguage":"cs","@id":"https:\/\/strangercam.com\/#\/schema\/logo\/image\/","url":"https:\/\/strangercam.com\/wp-content\/uploads\/2020\/11\/cropped-new-favicon-black.png","contentUrl":"https:\/\/strangercam.com\/wp-content\/uploads\/2020\/11\/cropped-new-favicon-black.png","width":512,"height":512,"caption":"Strangercam"},"image":{"@id":"https:\/\/strangercam.com\/#\/schema\/logo\/image\/"},"sameAs":["https:\/\/www.facebook.com\/strangercam","https:\/\/x.com\/strangercamapp"]}]}},"_links":{"self":[{"href":"https:\/\/strangercam.com\/cs\/wp-json\/wp\/v2\/pages\/8226","targetHints":{"allow":["GET"]}}],"collection":[{"href":"https:\/\/strangercam.com\/cs\/wp-json\/wp\/v2\/pages"}],"about":[{"href":"https:\/\/strangercam.com\/cs\/wp-json\/wp\/v2\/types\/page"}],"author":[{"embeddable":true,"href":"https:\/\/strangercam.com\/cs\/wp-json\/wp\/v2\/users\/6"}],"replies":[{"embeddable":true,"href":"https:\/\/strangercam.com\/cs\/wp-json\/wp\/v2\/comments?post=8226"}],"version-history":[{"count":0,"href":"https:\/\/strangercam.com\/cs\/wp-json\/wp\/v2\/pages\/8226\/revisions"}],"wp:featuredmedia":[{"embeddable":true,"href":"https:\/\/strangercam.com\/cs\/wp-json\/wp\/v2\/media\/559"}],"wp:attachment":[{"href":"https:\/\/strangercam.com\/cs\/wp-json\/wp\/v2\/media?parent=8226"}],"curies":[{"name":"wp","href":"https:\/\/api.w.org\/{rel}","templated":true}]}}