{"id":8192,"date":"2021-09-23T12:59:14","date_gmt":"2021-09-23T10:59:14","guid":{"rendered":"https:\/\/strangercam.com\/?page_id=8192"},"modified":"2023-08-21T12:48:27","modified_gmt":"2023-08-21T10:48:27","slug":"voojio","status":"publish","type":"page","link":"https:\/\/strangercam.com\/cs\/voojio\/","title":{"rendered":"Voojio"},"content":{"rendered":"<p>Zd\u00e1 se, \u017ee v dne\u0161n\u00ed dob\u011b se o online seznamovac\u00ed platformy zaj\u00edmaj\u00ed lid\u00e9 v\u0161ech v\u011bkov\u00fdch kategori\u00ed a pohlav\u00ed. To je mo\u017en\u00e1 to nejlep\u0161\u00ed m\u00edsto, kde se <a href=\"https:\/\/strangercam.com\/cs\/coomeet\/\">Seznamte se s<\/a> ciz\u00ed lidi a nav\u00e1zat p\u0159\u00e1telstv\u00ed. Je pravd\u011bpodobn\u00e9, \u017ee na sv\u00e9ho partnera nebo sp\u0159\u00edzn\u011bnou du\u0161i naraz\u00edte prost\u0159ednictv\u00edm <b>voojio<\/b>.<\/p>\n<h2>V\u00fdhody online seznamov\u00e1n\u00ed<\/h2>\n<p>Seznamov\u00e1n\u00ed p\u0159es internet <a href=\"https:\/\/strangercam.com\/cs\/chatroom2000\/\">chatovac\u00ed m\u00edstnost<\/a> m\u00e1 sv\u00e9 v\u00fdhody. Prvn\u00ed z nich je <a href=\"https:\/\/strangercam.com\/cs\/1v1-chat\/\">jeden<\/a> je, \u017ee nemus\u00edte utr\u00e1cet \u010das a pen\u00edze za zamy\u0161len\u00ed nad ve\u010de\u0159\u00ed, ob\u011bdem nebo k\u00e1vou. Tak\u00e9 nen\u00ed t\u0159eba rozd\u00e1vat n\u00e1kladn\u00e9 d\u00e1rky. Sp\u00ed\u0161e sta\u010d\u00ed, kdy\u017e budete p\u0159\u00edtomni v dom\u011b. <a href=\"https:\/\/strangercam.com\/cs\/chatroulette\/\">chat<\/a> a u\u017e\u00edt si zaj\u00edmav\u00e9 rozhovory. Proto\u017ee se nejedn\u00e1 o osobn\u00ed setk\u00e1n\u00ed, m\u016f\u017eete se vyhnout \u010dasu, kter\u00fd byste jinak str\u00e1vili obl\u00e9k\u00e1n\u00edm, abyste vypadali dob\u0159e. <b>Voojio<\/b> v\u00e1m poskytne v\u00fdhodu. Pokud naraz\u00edte na n\u011bkoho nudn\u00e9ho, jednodu\u0161e p\u0159esta\u0148te, ani\u017e byste se museli jakkoli vymlouvat nebo vysv\u011btlovat. Tak\u00e9 nen\u00ed prostor pro to, abyste se c\u00edtili trapn\u011b.<\/p>\n<h2>P\u0159ekon\u00e1v\u00e1n\u00ed probl\u00e9m\u016f<\/h2>\n<p>Nezapome\u0148te v\u0161ak, \u017ee internet je tak\u00e9 pln\u00fd podvod\u016f a podvodn\u00edk\u016f, kter\u00fdch je t\u0159eba si b\u00fdt v\u011bdom. Online <a href=\"https:\/\/strangercam.com\/cs\/chatingly\/\">chatov\u00e1n\u00ed<\/a> str\u00e1nky jako nap\u0159. <b>voojio<\/b> p\u0159ij\u00edmaj\u00ed velk\u00e1 opat\u0159en\u00ed, aby zajistili, \u017ee se podvodn\u00edci a podvodn\u00edci nedostanou ven. Mus\u00edte v\u0161ak ud\u011blat v\u0161e pro to, abyste z\u016fstali v bezpe\u010d\u00ed a nenechali se nap\u00e1lit bezohledn\u00fdmi lidmi. Nest\u00e1vejte se snadnou ko\u0159ist\u00ed.<\/p>\n<h2>Kroky, kter\u00e9 je t\u0159eba dodr\u017eovat, abyste si na\u0161li p\u0159\u00e1tele v jak\u00e9koli chatovac\u00ed m\u00edstnosti<\/h2>\n<p>V \u017e\u00e1dn\u00e9 z chatovac\u00edch m\u00edstnost\u00ed neposkytujte soukrom\u00e9 nebo osobn\u00ed informace v jak\u00e9koli podob\u011b. Vyvarujte se prozrazov\u00e1n\u00ed podrobnost\u00ed o sob\u011b a vedete pouze nez\u00e1vazn\u00e9 konverzace. Vyvarujte se rozhovor\u016f o sv\u00e9m osobn\u00edm \u017eivot\u011b, pracovi\u0161ti nebo o \u010demkoli podrobn\u00e9m, co se t\u00fdk\u00e1 va\u0161\u00ed osoby. Pom\u016f\u017ee to zabr\u00e1nit podvodn\u00edk\u016fm, aby ovlivnili v\u00e1\u0161 \u017eivot nebo finan\u010dn\u00ed aspekty.<\/p>\n<p>V p\u0159\u00edpad\u011b, \u017ee jste za\u010dali chodit s n\u011bk\u00fdm p\u0159es chatu, pak pou\u017eijte soukromou m\u00edstnost. M\u016f\u017eete naj\u00edt <b>voojio<\/b> poskytovat soukrom\u00e9 m\u00edstnosti, kter\u00e9 v\u00e1m umo\u017en\u00ed soukrom\u00fd chat s t\u011bmi, kter\u00e9 zn\u00e1te. Umo\u017e\u0148uje tak\u00e9 udr\u017eet va\u0161e rozhovory a osobn\u00ed informace v tajnosti p\u0159ed ostatn\u00edmi. Soukrom\u00e9 chatovac\u00ed m\u00edstnosti jsou bezpochyby bezpe\u010dn\u00fdm m\u00edstem pro individu\u00e1ln\u00ed konverzaci. T\u00edmto zp\u016fsobem se tis\u00edce lid\u00ed ve spole\u010dn\u00e9 chatovac\u00ed m\u00edstnosti nedostanou k va\u0161im osobn\u00edm \u00fadaj\u016fm, kter\u00e9 byste cht\u011bli sd\u00edlet pouze se sv\u00fdm vyvolen\u00fdm.<\/p>\n<p>V\u00e1\u0161 profil v chatu by m\u011bl obsahovat skute\u010dn\u00e9 obr\u00e1zky, a ne fale\u0161n\u00e9. N\u011bkte\u0159\u00ed lid\u00e9 se nechaj\u00ed zastra\u0161it fale\u0161n\u00fdmi obr\u00e1zky. P\u0159i oslovov\u00e1n\u00ed takov\u00fdch profil\u016f maj\u00ed tendenci db\u00e1t dal\u0161\u00edch opat\u0159en\u00ed nebo se jim jednodu\u0161e vyhnout.<\/p>\n<p>Po proveden\u00ed v\u00fd\u0161e uveden\u00fdch krok\u016f v <b>voojio<\/b> v\u00e1m umo\u017en\u00ed z\u00edskat skute\u010dn\u00e9ho \u010dlov\u011bka jako p\u0159\u00edtele nebo \u017eivotn\u00edho partnera.<\/p>","protected":false},"excerpt":{"rendered":"<p>These days, people of all ages and gender seem to be interested in online dating platforms. This is perhaps the best place to meet strangers and make friends. Chances are you may come across your partner or soul mate through voojio. Benefits of online dating Dating through the online chatroom does come with its own [&hellip;]<\/p>\n","protected":false},"author":6,"featured_media":559,"parent":0,"menu_order":0,"comment_status":"closed","ping_status":"closed","template":"","meta":{"footnotes":""},"class_list":["post-8192","page","type-page","status-publish","has-post-thumbnail","hentry"],"yoast_head":"<!-- This site is optimized with the Yoast SEO plugin v27.4 - https:\/\/yoast.com\/product\/yoast-seo-wordpress\/ -->\n<title>Voojio - Anonymous Chat For Two - Cam on StrangerCam.com<\/title>\n<meta name=\"description\" content=\"Like Voojio? Come chat with more than 5.000.000 strangers on Stranger Cam for Free! Turn on your cam and find new friends &amp; maby a match!\" \/>\n<meta name=\"robots\" content=\"index, follow, max-snippet:-1, max-image-preview:large, max-video-preview:-1\" \/>\n<link rel=\"canonical\" href=\"https:\/\/strangercam.com\/cs\/voojio\/\" \/>\n<meta property=\"og:locale\" content=\"cs_CZ\" \/>\n<meta property=\"og:type\" content=\"article\" \/>\n<meta property=\"og:title\" content=\"Voojio - Anonymous Chat For Two - Cam on StrangerCam.com\" \/>\n<meta property=\"og:description\" content=\"Like Voojio? Come chat with more than 5.000.000 strangers on Stranger Cam for Free! Turn on your cam and find new friends &amp; maby a match!\" \/>\n<meta property=\"og:url\" content=\"https:\/\/strangercam.com\/cs\/voojio\/\" \/>\n<meta property=\"og:site_name\" content=\"Strangercam\" \/>\n<meta property=\"article:publisher\" content=\"https:\/\/www.facebook.com\/strangercam\" \/>\n<meta property=\"article:modified_time\" content=\"2023-08-21T10:48:27+00:00\" \/>\n<meta property=\"og:image\" content=\"https:\/\/strangercam.com\/wp-content\/uploads\/2020\/11\/stranger-cam-1.png\" \/>\n\t<meta property=\"og:image:width\" content=\"800\" \/>\n\t<meta property=\"og:image:height\" content=\"800\" \/>\n\t<meta property=\"og:image:type\" content=\"image\/png\" \/>\n<meta name=\"twitter:card\" content=\"summary_large_image\" \/>\n<meta name=\"twitter:site\" content=\"@strangercamapp\" \/>\n<meta name=\"twitter:label1\" content=\"Odhadovan\u00e1 doba \u010dten\u00ed\" \/>\n\t<meta name=\"twitter:data1\" content=\"2 minuty\" \/>\n<script type=\"application\/ld+json\" class=\"yoast-schema-graph\">{\"@context\":\"https:\\\/\\\/schema.org\",\"@graph\":[{\"@type\":\"WebPage\",\"@id\":\"https:\\\/\\\/strangercam.com\\\/voojio\\\/\",\"url\":\"https:\\\/\\\/strangercam.com\\\/voojio\\\/\",\"name\":\"Voojio - Anonymous Chat For Two - Cam on StrangerCam.com\",\"isPartOf\":{\"@id\":\"https:\\\/\\\/strangercam.com\\\/#website\"},\"primaryImageOfPage\":{\"@id\":\"https:\\\/\\\/strangercam.com\\\/voojio\\\/#primaryimage\"},\"image\":{\"@id\":\"https:\\\/\\\/strangercam.com\\\/voojio\\\/#primaryimage\"},\"thumbnailUrl\":\"https:\\\/\\\/strangercam.com\\\/wp-content\\\/uploads\\\/2020\\\/11\\\/stranger-cam-1.png\",\"datePublished\":\"2021-09-23T10:59:14+00:00\",\"dateModified\":\"2023-08-21T10:48:27+00:00\",\"description\":\"Like Voojio? Come chat with more than 5.000.000 strangers on Stranger Cam for Free! Turn on your cam and find new friends & maby a match!\",\"breadcrumb\":{\"@id\":\"https:\\\/\\\/strangercam.com\\\/voojio\\\/#breadcrumb\"},\"inLanguage\":\"cs\",\"potentialAction\":[{\"@type\":\"ReadAction\",\"target\":[\"https:\\\/\\\/strangercam.com\\\/voojio\\\/\"]}]},{\"@type\":\"ImageObject\",\"inLanguage\":\"cs\",\"@id\":\"https:\\\/\\\/strangercam.com\\\/voojio\\\/#primaryimage\",\"url\":\"https:\\\/\\\/strangercam.com\\\/wp-content\\\/uploads\\\/2020\\\/11\\\/stranger-cam-1.png\",\"contentUrl\":\"https:\\\/\\\/strangercam.com\\\/wp-content\\\/uploads\\\/2020\\\/11\\\/stranger-cam-1.png\",\"width\":800,\"height\":800,\"caption\":\"stranger cam random video chat\"},{\"@type\":\"BreadcrumbList\",\"@id\":\"https:\\\/\\\/strangercam.com\\\/voojio\\\/#breadcrumb\",\"itemListElement\":[{\"@type\":\"ListItem\",\"position\":1,\"name\":\"Home\",\"item\":\"https:\\\/\\\/strangercam.com\\\/\"},{\"@type\":\"ListItem\",\"position\":2,\"name\":\"Voojio\"}]},{\"@type\":\"WebSite\",\"@id\":\"https:\\\/\\\/strangercam.com\\\/#website\",\"url\":\"https:\\\/\\\/strangercam.com\\\/\",\"name\":\"Strangercam\",\"description\":\"Random Video Chat with Strangers\",\"publisher\":{\"@id\":\"https:\\\/\\\/strangercam.com\\\/#organization\"},\"alternateName\":\"Strangercam.com\",\"potentialAction\":[{\"@type\":\"SearchAction\",\"target\":{\"@type\":\"EntryPoint\",\"urlTemplate\":\"https:\\\/\\\/strangercam.com\\\/?s={search_term_string}\"},\"query-input\":{\"@type\":\"PropertyValueSpecification\",\"valueRequired\":true,\"valueName\":\"search_term_string\"}}],\"inLanguage\":\"cs\"},{\"@type\":\"Organization\",\"@id\":\"https:\\\/\\\/strangercam.com\\\/#organization\",\"name\":\"Strangercam\",\"alternateName\":\"Strangercam.com\",\"url\":\"https:\\\/\\\/strangercam.com\\\/\",\"logo\":{\"@type\":\"ImageObject\",\"inLanguage\":\"cs\",\"@id\":\"https:\\\/\\\/strangercam.com\\\/#\\\/schema\\\/logo\\\/image\\\/\",\"url\":\"https:\\\/\\\/strangercam.com\\\/wp-content\\\/uploads\\\/2020\\\/11\\\/cropped-new-favicon-black.png\",\"contentUrl\":\"https:\\\/\\\/strangercam.com\\\/wp-content\\\/uploads\\\/2020\\\/11\\\/cropped-new-favicon-black.png\",\"width\":512,\"height\":512,\"caption\":\"Strangercam\"},\"image\":{\"@id\":\"https:\\\/\\\/strangercam.com\\\/#\\\/schema\\\/logo\\\/image\\\/\"},\"sameAs\":[\"https:\\\/\\\/www.facebook.com\\\/strangercam\",\"https:\\\/\\\/x.com\\\/strangercamapp\"]}]}<\/script>\n<!-- \/ Yoast SEO plugin. -->","yoast_head_json":{"title":"Voojio - Anonymn\u00ed chat pro dva - Cam on StrangerCam.com","description":"Jako Voojio? Poj\u010fte si zdarma popov\u00eddat s v\u00edce ne\u017e 5 000 000 cizinci na Stranger Cam! Zapn\u011bte si kameru a najd\u011bte nov\u00e9 p\u0159\u00e1tele &amp; maby z\u00e1pas!","robots":{"index":"index","follow":"follow","max-snippet":"max-snippet:-1","max-image-preview":"max-image-preview:large","max-video-preview":"max-video-preview:-1"},"canonical":"https:\/\/strangercam.com\/cs\/voojio\/","og_locale":"cs_CZ","og_type":"article","og_title":"Voojio - Anonymous Chat For Two - Cam on StrangerCam.com","og_description":"Like Voojio? Come chat with more than 5.000.000 strangers on Stranger Cam for Free! Turn on your cam and find new friends & maby a match!","og_url":"https:\/\/strangercam.com\/cs\/voojio\/","og_site_name":"Strangercam","article_publisher":"https:\/\/www.facebook.com\/strangercam","article_modified_time":"2023-08-21T10:48:27+00:00","og_image":[{"width":800,"height":800,"url":"https:\/\/strangercam.com\/wp-content\/uploads\/2020\/11\/stranger-cam-1.png","type":"image\/png"}],"twitter_card":"summary_large_image","twitter_site":"@strangercamapp","twitter_misc":{"Odhadovan\u00e1 doba \u010dten\u00ed":"2 minuty"},"schema":{"@context":"https:\/\/schema.org","@graph":[{"@type":"WebPage","@id":"https:\/\/strangercam.com\/voojio\/","url":"https:\/\/strangercam.com\/voojio\/","name":"Voojio - Anonymn\u00ed chat pro dva - Cam on StrangerCam.com","isPartOf":{"@id":"https:\/\/strangercam.com\/#website"},"primaryImageOfPage":{"@id":"https:\/\/strangercam.com\/voojio\/#primaryimage"},"image":{"@id":"https:\/\/strangercam.com\/voojio\/#primaryimage"},"thumbnailUrl":"https:\/\/strangercam.com\/wp-content\/uploads\/2020\/11\/stranger-cam-1.png","datePublished":"2021-09-23T10:59:14+00:00","dateModified":"2023-08-21T10:48:27+00:00","description":"Jako Voojio? Poj\u010fte si zdarma popov\u00eddat s v\u00edce ne\u017e 5 000 000 cizinci na Stranger Cam! Zapn\u011bte si kameru a najd\u011bte nov\u00e9 p\u0159\u00e1tele &amp; maby z\u00e1pas!","breadcrumb":{"@id":"https:\/\/strangercam.com\/voojio\/#breadcrumb"},"inLanguage":"cs","potentialAction":[{"@type":"ReadAction","target":["https:\/\/strangercam.com\/voojio\/"]}]},{"@type":"ImageObject","inLanguage":"cs","@id":"https:\/\/strangercam.com\/voojio\/#primaryimage","url":"https:\/\/strangercam.com\/wp-content\/uploads\/2020\/11\/stranger-cam-1.png","contentUrl":"https:\/\/strangercam.com\/wp-content\/uploads\/2020\/11\/stranger-cam-1.png","width":800,"height":800,"caption":"stranger cam random video chat"},{"@type":"BreadcrumbList","@id":"https:\/\/strangercam.com\/voojio\/#breadcrumb","itemListElement":[{"@type":"ListItem","position":1,"name":"Home","item":"https:\/\/strangercam.com\/"},{"@type":"ListItem","position":2,"name":"Voojio"}]},{"@type":"WebSite","@id":"https:\/\/strangercam.com\/#website","url":"https:\/\/strangercam.com\/","name":"Strangercam","description":"N\u00e1hodn\u00fd videochat s ciz\u00edmi lidmi","publisher":{"@id":"https:\/\/strangercam.com\/#organization"},"alternateName":"Strangercam.com","potentialAction":[{"@type":"SearchAction","target":{"@type":"EntryPoint","urlTemplate":"https:\/\/strangercam.com\/?s={search_term_string}"},"query-input":{"@type":"PropertyValueSpecification","valueRequired":true,"valueName":"search_term_string"}}],"inLanguage":"cs"},{"@type":"Organization","@id":"https:\/\/strangercam.com\/#organization","name":"Strangercam","alternateName":"Strangercam.com","url":"https:\/\/strangercam.com\/","logo":{"@type":"ImageObject","inLanguage":"cs","@id":"https:\/\/strangercam.com\/#\/schema\/logo\/image\/","url":"https:\/\/strangercam.com\/wp-content\/uploads\/2020\/11\/cropped-new-favicon-black.png","contentUrl":"https:\/\/strangercam.com\/wp-content\/uploads\/2020\/11\/cropped-new-favicon-black.png","width":512,"height":512,"caption":"Strangercam"},"image":{"@id":"https:\/\/strangercam.com\/#\/schema\/logo\/image\/"},"sameAs":["https:\/\/www.facebook.com\/strangercam","https:\/\/x.com\/strangercamapp"]}]}},"_links":{"self":[{"href":"https:\/\/strangercam.com\/cs\/wp-json\/wp\/v2\/pages\/8192","targetHints":{"allow":["GET"]}}],"collection":[{"href":"https:\/\/strangercam.com\/cs\/wp-json\/wp\/v2\/pages"}],"about":[{"href":"https:\/\/strangercam.com\/cs\/wp-json\/wp\/v2\/types\/page"}],"author":[{"embeddable":true,"href":"https:\/\/strangercam.com\/cs\/wp-json\/wp\/v2\/users\/6"}],"replies":[{"embeddable":true,"href":"https:\/\/strangercam.com\/cs\/wp-json\/wp\/v2\/comments?post=8192"}],"version-history":[{"count":0,"href":"https:\/\/strangercam.com\/cs\/wp-json\/wp\/v2\/pages\/8192\/revisions"}],"wp:featuredmedia":[{"embeddable":true,"href":"https:\/\/strangercam.com\/cs\/wp-json\/wp\/v2\/media\/559"}],"wp:attachment":[{"href":"https:\/\/strangercam.com\/cs\/wp-json\/wp\/v2\/media?parent=8192"}],"curies":[{"name":"wp","href":"https:\/\/api.w.org\/{rel}","templated":true}]}}