{"id":80,"date":"2020-04-09T18:35:29","date_gmt":"2020-04-09T16:35:29","guid":{"rendered":"https:\/\/strangercam.com\/?page_id=80"},"modified":"2023-08-21T11:40:39","modified_gmt":"2023-08-21T09:40:39","slug":"chat-alternative","status":"publish","type":"page","link":"https:\/\/strangercam.com\/cs\/chat-alternative\/","title":{"rendered":"Chat Alternative"},"content":{"rendered":"<p><a href=\"https:\/\/strangercam.com\/cs\/chatroulette\/\">Chat<\/a> Alternativn\u00ed mobiln\u00ed aplikace je ide\u00e1ln\u00ed pro ty, kte\u0159\u00ed cht\u011bj\u00ed <a href=\"https:\/\/strangercam.com\/cs\/coomeet\/\">Seznamte se s<\/a> n\u00e1hodn\u00fdch cizinc\u016f v r\u016fzn\u00fdch \u010d\u00e1stech sv\u011bta. Umo\u017e\u0148uje u\u017eivatel\u016fm m\u00edt <a href=\"https:\/\/strangercam.com\/cs\/rabbit-video-chat\/\">videochat<\/a> s ostatn\u00edmi z jejich domov\u016f. Aplikace nav\u00edc denn\u011b vyhled\u00e1v\u00e1 tis\u00edce nov\u00fdch lid\u00ed, aby zajistila co nejlep\u0161\u00ed z\u00e1\u017eitek. Dal\u0161\u00ed v\u011bc\u00ed je, \u017ee aplikace ukazuje zp\u016fsoby, jak v\u00e9st osobn\u00ed konverzace s ostatn\u00edmi, kte\u0159\u00ed \u017eij\u00ed na m\u00edle daleko od dan\u00e9ho m\u00edsta.<\/p>\n<p>Krom\u011b toho aplikace poskytuje metody pro z\u00fa\u017een\u00ed v\u00fdsledk\u016f, kdy\u017e n\u011bkdo chce chatovat s vybran\u00fdmi cizinci.<a href=\"https:\/\/cashpotresulttoday.com\/\">.<\/a> M\u016f\u017eete si vybrat pohlav\u00ed podle vlastn\u00edho v\u00fdb\u011bru a lokalitu. V\u00fdb\u011br pohlav\u00ed a m\u00edsta m\u00e1 mnoho v\u00fdhod. N\u011bkdy m\u016f\u017eete cht\u00edt hovo\u0159it s cizinci z ur\u010dit\u00e9 zem\u011b a p\u016fvodu. V\u00fdb\u011br zem\u011b podle va\u0161eho v\u00fdb\u011bru v\u00e1m umo\u017en\u00ed hovo\u0159it s lidmi, se kter\u00fdmi chcete.<\/p>\n<h2>D\u016fvody pro pou\u017e\u00edv\u00e1n\u00ed aplikace Chat Alternative<\/h2>\n<h3>1. Umo\u017e\u0148uje u\u017eivatel\u016fm anonymn\u011b chatovat s ostatn\u00edmi.<\/h3>\n<p>Hlavn\u00ed v\u00fdhodou aplikace Chat Alternative je, \u017ee umo\u017e\u0148uje u\u017eivatel\u016fm chatovat s ostatn\u00edmi anonymn\u011b bez nutnosti vytv\u00e1\u0159et \u00fa\u010det.<a href=\"https:\/\/nlcbplaywheresults.com\/\">.<\/a> Aplikace toti\u017e umo\u017e\u0148uje jednodu\u0161e stisknout tla\u010d\u00edtko, kter\u00e9 \u010dlov\u011bku umo\u017en\u00ed snadno za\u010d\u00edt proch\u00e1zet online u\u017eivatele. Kdy\u017e m\u00e1te jistotu, \u017ee druh\u00e1 osoba nikdy nezjist\u00ed, kdo jste, je to okam\u017eik, kdy si za\u010dnete u\u017e\u00edvat online videochatov\u00e1n\u00ed.<\/p>\n<h3>2. Chat Alternative m\u00e1 nejrychleji na\u010d\u00edtaj\u00edc\u00ed va\u010dky s nejlep\u0161\u00ed kvalitou<\/h3>\n<p>Aplikace Chat Alternative p\u0159ich\u00e1z\u00ed s nejrychlej\u0161\u00edm na\u010d\u00edt\u00e1n\u00edm <a href=\"https:\/\/strangercam.com\/cs\/camzey\/\">va\u010dky<\/a> kter\u00e9 u\u017eivatel\u016fm umo\u017e\u0148uj\u00ed setkat se s v\u00edce lidmi v rychl\u00e9m \u010dase. Ve skute\u010dnosti poskytuje p\u0159\u00edle\u017eitosti k setk\u00e1n\u00ed s mnoha ciz\u00edmi lidmi, kte\u0159\u00ed mohou pomoci dos\u00e1hnout c\u00edl\u016f.<\/p>\n<p>Lid\u00e9 \u0159\u00edkaj\u00ed, \u017ee na kvalit\u011b nez\u00e1le\u017e\u00ed, ale nen\u00ed to pravda. Pro efektivn\u00ed komunikaci je pot\u0159eba kvalitn\u00ed video. Bez odpov\u00eddaj\u00edc\u00ed kvality videa nelze s osobou sed\u00edc\u00ed na druh\u00e9m konci l\u00e9pe komunikovat.<\/p>\n<h4>Zvolte vybranou zemi<\/h4>\n<p>V\u00fdb\u011br zem\u011b podle va\u0161eho v\u00fdb\u011bru je nejv\u011bt\u0161\u00ed flex t\u00e9to chatovac\u00ed aplikace. P\u0159ed zah\u00e1jen\u00edm videochatu m\u016f\u017eete vybrat zemi podle sv\u00e9ho v\u00fdb\u011bru. Po v\u00fdb\u011bru zem\u011b v\u00e1s inteligentn\u00ed syst\u00e9m aplikace nasm\u011bruje na provoz v dan\u00e9 zemi. Na va\u0161\u00ed obrazovce se nakonec za\u010dnou zobrazovat lid\u00e9 z dan\u00e9 c\u00edlov\u00e9 zem\u011b. M\u016f\u017eete hovo\u0159it s cizinci z t\u00e9to zem\u011b.<\/p>\n<p>Pak si m\u016f\u017eete vybrat lidi, kte\u0159\u00ed se v\u00e1m nejv\u00edce l\u00edb\u00ed. Mluvte s nimi tak, jak chcete. Nab\u00edz\u00edme v\u00e1m funkce, kter\u00e9 podpo\u0159\u00ed va\u0161i konverzaci. Pokud v\u00e1s konverzace zaujme, m\u016f\u017eete v n\u00ed pokra\u010dovat, pokud ne, p\u0159esko\u010dte na dal\u0161\u00ed!<\/p>\n<h4>Nahl\u00e1sit, pokud se setk\u00e1te s n\u011bjak\u00fdm probl\u00e9mem<\/h4>\n<p>Hlavn\u00ed obavou lid\u00ed, kte\u0159\u00ed pou\u017e\u00edvaj\u00ed online chatovac\u00ed platformy, je soukrom\u00ed a probl\u00e9my, pokud n\u011bkdo ud\u011bl\u00e1 n\u011bco nevhodn\u00e9ho. P\u0159edev\u0161\u00edm se jedn\u00e1 p\u0159edev\u0161\u00edm o myln\u00e9 p\u0159edstavy o online chatovac\u00edch platform\u00e1ch. Pokud se n\u011bco takov\u00e9ho stane v re\u00e1ln\u00e9m \u017eivot\u011b p\u0159i pou\u017e\u00edv\u00e1n\u00ed online mobiln\u00ed aplikace Chat Alternative, m\u016f\u017eete to p\u0159\u00edmo nahl\u00e1sit \u00fa\u0159ad\u016fm.<\/p>\n<p>Je to \u00fa\u010dinn\u00fd zp\u016fsob, jak omezit po\u010det lid\u00ed, proto\u017ee jakmile se to jednou nahl\u00e1s\u00ed, nem\u016f\u017eete platformu u\u017e nikdy pou\u017e\u00edt. Budete nav\u017edy zablokov\u00e1ni.<\/p>\n<h3>3. Chat Alternative je zcela zdarma<\/h3>\n<p>Aplikace je pro u\u017eivatele zcela zdarma a umo\u017e\u0148uje jim p\u0159ibl\u00ed\u017eit jejich spole\u010densk\u00fd \u017eivot. Nav\u00edc je\u0161t\u011b v\u00edce p\u0159isp\u00edv\u00e1 k chatov\u00e1n\u00ed s ostatn\u00edmi na r\u016fzn\u00e1 t\u00e9mata podle jejich z\u00e1jm\u016f. Slu\u017eba bezplatn\u00e9ho videochatu umo\u017e\u0148uje u\u017eivatel\u016fm chatovat po dlouhou dobu bez omezen\u00ed.<\/p>\n<p>Neexistuj\u00ed \u017e\u00e1dn\u00e9 neohraban\u00e9 smlouvy a n\u00e1kupy v aplikac\u00edch. Je zdarma pro v\u0161echny a v\u0161ude!<\/p>\n<h3>4. Chat Alternative je z\u00e1bava<\/h3>\n<p>Po pandemii kovidu 19 a uzav\u0159en\u00ed se mno\u017e\u00ed p\u0159\u00edpady deprese. Ka\u017ed\u00fd pot\u0159ebuje \u00fanik. Je nezbytn\u00e9 o\u017eivit ztracenou energii a naj\u00edt nov\u00fd \u017eivotn\u00ed sm\u011br. Nebojte se bez obav mluvit s ciz\u00edmi lidmi.<\/p>\n<p>Alternativn\u00ed aplikace Chat v\u00e1m nab\u00edz\u00ed fantastickou p\u0159\u00edle\u017eitost k uvoln\u011bn\u00ed mysli. M\u016f\u017eete chatovat s ciz\u00edmi lidmi a zbavit se tak sv\u00e9 z\u00e1t\u011b\u017ee. Mluvte s ciz\u00edmi lidmi a pod\u011blte se s nimi o sv\u00e9 zku\u0161enosti. M\u016f\u017eete tak\u00e9 naslouchat jejich zku\u0161enostem a u\u010dit se od nich. Kdy\u017e u\u017e nic jin\u00e9ho, pov\u00eddejte si o nejnov\u011bj\u0161\u00ed sez\u00f3n\u011b Netflixu.<\/p>\n<h3>5. Poskytuje v\u011bt\u0161\u00ed bezpe\u010dnost<\/h3>\n<p>Aplikace ChatAlternative je jedinou aplikac\u00ed, kter\u00e1 u\u017eivatel\u016fm poskytuje bezpe\u010dnostn\u00ed funkce, kdy\u017e cht\u011bj\u00ed komunikovat s ostatn\u00edmi. Je to nejobl\u00edben\u011bj\u0161\u00ed aplikace s hodnocen\u00edm G\u00a0<a href=\"https:\/\/strangercam.com\/cs\/bazookamera\/\">cam<\/a> chatovac\u00ed slu\u017eby dostupn\u00e9 na trz\u00edch, kter\u00e9 se nezab\u00fdvaj\u00ed grafikou. Aplikace nav\u00edc umo\u017e\u0148uje lidem vstoupit do chatovac\u00ed m\u00edstnosti s v\u011bt\u0161\u00ed ochranou. Mnoho dosp\u00edvaj\u00edc\u00edch tuto slu\u017ebu tak\u00e9 r\u00e1do pou\u017e\u00edv\u00e1, co\u017e jim umo\u017e\u0148uje zajistit lep\u0161\u00ed z\u00e1\u017eitek z chatu.<\/p>\n<h2>Jak st\u00e1hnout aplikaci?<\/h2>\n<p>U\u017eivatel\u00e9 si mohou aplikaci Chat Alternative st\u00e1hnout p\u0159\u00edmo z obchodu Google Play a jednoduch\u00fdm zp\u016fsobem ji nainstalovat do sv\u00fdch chytr\u00fdch telefon\u016f nebo jin\u00fdch za\u0159\u00edzen\u00ed. Aplikace umo\u017e\u0148uje u\u017eivatel\u016fm jednodu\u0161e klepnout na tla\u010d\u00edtko Start a vybrat potenci\u00e1ln\u00ed cizince na z\u00e1klad\u011b mo\u017enost\u00ed. Aplikace nav\u00edc funguje na d\u00e1lku a umo\u017e\u0148uje nav\u00e1zat p\u0159\u00e1telstv\u00ed podle pot\u0159eb. Po instalaci aplikace je mo\u017en\u00e9 rychleji komunikovat s ostatn\u00edmi. Ti, kte\u0159\u00ed si cht\u011bj\u00ed aplikaci nainstalovat, by se m\u011bli podrobn\u011bji sezn\u00e1mit s po\u017eadavky.<\/p>\n<h2>Z\u00e1v\u011br<\/h2>\n<p>Mobiln\u00ed aplikace Chat Alternative je dobrou volbou pro komunikaci s ciz\u00edmi lidmi. Je pro v\u0161echny zcela zdarma. Jedin\u00e9, co pot\u0159ebujete, je aktivn\u00ed p\u0159ipojen\u00ed k internetu. Zvolte jazyk, vyberte region a pohlav\u00ed, o kter\u00e9 m\u00e1te z\u00e1jem, a get, set go...! Pevn\u00e1 politika ochrany osobn\u00edch \u00fadaj\u016f spolu s u\u017eivatelsky p\u0159\u00edv\u011btiv\u00fdm rozhran\u00edm d\u011bl\u00e1 tuto aplikaci skv\u011blou!<\/p>","protected":false},"excerpt":{"rendered":"<p>Chat Alternative mobile app is ideal for those who want to meet random strangers in various parts of the world with ease. It allows users to have a video chat with others from their homes. Moreover, the app finds thousands of new people daily to ensure the best experience. Another thing is that the app [&hellip;]<\/p>\n","protected":false},"author":6,"featured_media":559,"parent":0,"menu_order":0,"comment_status":"closed","ping_status":"closed","template":"","meta":{"footnotes":""},"class_list":["post-80","page","type-page","status-publish","has-post-thumbnail","hentry"],"yoast_head":"<!-- This site is optimized with the Yoast SEO plugin v26.9 - https:\/\/yoast.com\/product\/yoast-seo-wordpress\/ -->\n<title>Chat Alternative - Cam with Strangers on StrangerCam.com<\/title>\n<meta name=\"description\" content=\"Like Chat Alternative? Come chat with more than 5.000.000 strangers on Stranger Cam for Free! Turn on your cam and find new friends!\" \/>\n<meta name=\"robots\" content=\"index, follow, max-snippet:-1, max-image-preview:large, max-video-preview:-1\" \/>\n<link rel=\"canonical\" href=\"https:\/\/strangercam.com\/cs\/chat-alternative\/\" \/>\n<meta property=\"og:locale\" content=\"cs_CZ\" \/>\n<meta property=\"og:type\" content=\"article\" \/>\n<meta property=\"og:title\" content=\"Chat Alternative - Cam with Strangers on StrangerCam.com\" \/>\n<meta property=\"og:description\" content=\"Like Chat Alternative? Come chat with more than 5.000.000 strangers on Stranger Cam for Free! Turn on your cam and find new friends!\" \/>\n<meta property=\"og:url\" content=\"https:\/\/strangercam.com\/cs\/chat-alternative\/\" \/>\n<meta property=\"og:site_name\" content=\"Strangercam\" \/>\n<meta property=\"article:publisher\" content=\"https:\/\/www.facebook.com\/strangercam\" \/>\n<meta property=\"article:modified_time\" content=\"2023-08-21T09:40:39+00:00\" \/>\n<meta property=\"og:image\" content=\"https:\/\/strangercam.com\/wp-content\/uploads\/2020\/11\/stranger-cam-1.png\" \/>\n\t<meta property=\"og:image:width\" content=\"800\" \/>\n\t<meta property=\"og:image:height\" content=\"800\" \/>\n\t<meta property=\"og:image:type\" content=\"image\/png\" \/>\n<meta name=\"twitter:card\" content=\"summary_large_image\" \/>\n<meta name=\"twitter:site\" content=\"@strangercamapp\" \/>\n<meta name=\"twitter:label1\" content=\"Odhadovan\u00e1 doba \u010dten\u00ed\" \/>\n\t<meta name=\"twitter:data1\" content=\"4 minuty\" \/>\n<script type=\"application\/ld+json\" class=\"yoast-schema-graph\">{\"@context\":\"https:\/\/schema.org\",\"@graph\":[{\"@type\":\"WebPage\",\"@id\":\"https:\/\/strangercam.com\/chat-alternative\/\",\"url\":\"https:\/\/strangercam.com\/chat-alternative\/\",\"name\":\"Chat Alternative - Cam with Strangers on StrangerCam.com\",\"isPartOf\":{\"@id\":\"https:\/\/strangercam.com\/#website\"},\"primaryImageOfPage\":{\"@id\":\"https:\/\/strangercam.com\/chat-alternative\/#primaryimage\"},\"image\":{\"@id\":\"https:\/\/strangercam.com\/chat-alternative\/#primaryimage\"},\"thumbnailUrl\":\"https:\/\/strangercam.com\/wp-content\/uploads\/2020\/11\/stranger-cam-1.png\",\"datePublished\":\"2020-04-09T16:35:29+00:00\",\"dateModified\":\"2023-08-21T09:40:39+00:00\",\"description\":\"Like Chat Alternative? Come chat with more than 5.000.000 strangers on Stranger Cam for Free! Turn on your cam and find new friends!\",\"breadcrumb\":{\"@id\":\"https:\/\/strangercam.com\/chat-alternative\/#breadcrumb\"},\"inLanguage\":\"cs\",\"potentialAction\":[{\"@type\":\"ReadAction\",\"target\":[\"https:\/\/strangercam.com\/chat-alternative\/\"]}]},{\"@type\":\"ImageObject\",\"inLanguage\":\"cs\",\"@id\":\"https:\/\/strangercam.com\/chat-alternative\/#primaryimage\",\"url\":\"https:\/\/strangercam.com\/wp-content\/uploads\/2020\/11\/stranger-cam-1.png\",\"contentUrl\":\"https:\/\/strangercam.com\/wp-content\/uploads\/2020\/11\/stranger-cam-1.png\",\"width\":800,\"height\":800,\"caption\":\"stranger cam random video chat\"},{\"@type\":\"BreadcrumbList\",\"@id\":\"https:\/\/strangercam.com\/chat-alternative\/#breadcrumb\",\"itemListElement\":[{\"@type\":\"ListItem\",\"position\":1,\"name\":\"Home\",\"item\":\"https:\/\/strangercam.com\/\"},{\"@type\":\"ListItem\",\"position\":2,\"name\":\"Chat Alternative\"}]},{\"@type\":\"WebSite\",\"@id\":\"https:\/\/strangercam.com\/#website\",\"url\":\"https:\/\/strangercam.com\/\",\"name\":\"Strangercam\",\"description\":\"Random Video Chat with Strangers\",\"publisher\":{\"@id\":\"https:\/\/strangercam.com\/#organization\"},\"alternateName\":\"Strangercam.com\",\"potentialAction\":[{\"@type\":\"SearchAction\",\"target\":{\"@type\":\"EntryPoint\",\"urlTemplate\":\"https:\/\/strangercam.com\/?s={search_term_string}\"},\"query-input\":{\"@type\":\"PropertyValueSpecification\",\"valueRequired\":true,\"valueName\":\"search_term_string\"}}],\"inLanguage\":\"cs\"},{\"@type\":\"Organization\",\"@id\":\"https:\/\/strangercam.com\/#organization\",\"name\":\"Strangercam\",\"alternateName\":\"Strangercam.com\",\"url\":\"https:\/\/strangercam.com\/\",\"logo\":{\"@type\":\"ImageObject\",\"inLanguage\":\"cs\",\"@id\":\"https:\/\/strangercam.com\/#\/schema\/logo\/image\/\",\"url\":\"https:\/\/strangercam.com\/wp-content\/uploads\/2020\/11\/cropped-new-favicon-black.png\",\"contentUrl\":\"https:\/\/strangercam.com\/wp-content\/uploads\/2020\/11\/cropped-new-favicon-black.png\",\"width\":512,\"height\":512,\"caption\":\"Strangercam\"},\"image\":{\"@id\":\"https:\/\/strangercam.com\/#\/schema\/logo\/image\/\"},\"sameAs\":[\"https:\/\/www.facebook.com\/strangercam\",\"https:\/\/x.com\/strangercamapp\"]}]}<\/script>\n<!-- \/ Yoast SEO plugin. -->","yoast_head_json":{"title":"Chat Alternative - Kamera s cizinci na StrangerCam.com","description":"Jako Chat Alternative? Poj\u010fte si zdarma popov\u00eddat s v\u00edce ne\u017e 5 000 000 cizinci na Stranger Cam! Zapn\u011bte si kameru a najd\u011bte si nov\u00e9 p\u0159\u00e1tele!","robots":{"index":"index","follow":"follow","max-snippet":"max-snippet:-1","max-image-preview":"max-image-preview:large","max-video-preview":"max-video-preview:-1"},"canonical":"https:\/\/strangercam.com\/cs\/chat-alternative\/","og_locale":"cs_CZ","og_type":"article","og_title":"Chat Alternative - Cam with Strangers on StrangerCam.com","og_description":"Like Chat Alternative? Come chat with more than 5.000.000 strangers on Stranger Cam for Free! Turn on your cam and find new friends!","og_url":"https:\/\/strangercam.com\/cs\/chat-alternative\/","og_site_name":"Strangercam","article_publisher":"https:\/\/www.facebook.com\/strangercam","article_modified_time":"2023-08-21T09:40:39+00:00","og_image":[{"width":800,"height":800,"url":"https:\/\/strangercam.com\/wp-content\/uploads\/2020\/11\/stranger-cam-1.png","type":"image\/png"}],"twitter_card":"summary_large_image","twitter_site":"@strangercamapp","twitter_misc":{"Odhadovan\u00e1 doba \u010dten\u00ed":"4 minuty"},"schema":{"@context":"https:\/\/schema.org","@graph":[{"@type":"WebPage","@id":"https:\/\/strangercam.com\/chat-alternative\/","url":"https:\/\/strangercam.com\/chat-alternative\/","name":"Chat Alternative - Kamera s cizinci na StrangerCam.com","isPartOf":{"@id":"https:\/\/strangercam.com\/#website"},"primaryImageOfPage":{"@id":"https:\/\/strangercam.com\/chat-alternative\/#primaryimage"},"image":{"@id":"https:\/\/strangercam.com\/chat-alternative\/#primaryimage"},"thumbnailUrl":"https:\/\/strangercam.com\/wp-content\/uploads\/2020\/11\/stranger-cam-1.png","datePublished":"2020-04-09T16:35:29+00:00","dateModified":"2023-08-21T09:40:39+00:00","description":"Jako Chat Alternative? Poj\u010fte si zdarma popov\u00eddat s v\u00edce ne\u017e 5 000 000 cizinci na Stranger Cam! Zapn\u011bte si kameru a najd\u011bte si nov\u00e9 p\u0159\u00e1tele!","breadcrumb":{"@id":"https:\/\/strangercam.com\/chat-alternative\/#breadcrumb"},"inLanguage":"cs","potentialAction":[{"@type":"ReadAction","target":["https:\/\/strangercam.com\/chat-alternative\/"]}]},{"@type":"ImageObject","inLanguage":"cs","@id":"https:\/\/strangercam.com\/chat-alternative\/#primaryimage","url":"https:\/\/strangercam.com\/wp-content\/uploads\/2020\/11\/stranger-cam-1.png","contentUrl":"https:\/\/strangercam.com\/wp-content\/uploads\/2020\/11\/stranger-cam-1.png","width":800,"height":800,"caption":"stranger cam random video chat"},{"@type":"BreadcrumbList","@id":"https:\/\/strangercam.com\/chat-alternative\/#breadcrumb","itemListElement":[{"@type":"ListItem","position":1,"name":"Home","item":"https:\/\/strangercam.com\/"},{"@type":"ListItem","position":2,"name":"Chat Alternative"}]},{"@type":"WebSite","@id":"https:\/\/strangercam.com\/#website","url":"https:\/\/strangercam.com\/","name":"Strangercam","description":"N\u00e1hodn\u00fd videochat s ciz\u00edmi lidmi","publisher":{"@id":"https:\/\/strangercam.com\/#organization"},"alternateName":"Strangercam.com","potentialAction":[{"@type":"SearchAction","target":{"@type":"EntryPoint","urlTemplate":"https:\/\/strangercam.com\/?s={search_term_string}"},"query-input":{"@type":"PropertyValueSpecification","valueRequired":true,"valueName":"search_term_string"}}],"inLanguage":"cs"},{"@type":"Organization","@id":"https:\/\/strangercam.com\/#organization","name":"Strangercam","alternateName":"Strangercam.com","url":"https:\/\/strangercam.com\/","logo":{"@type":"ImageObject","inLanguage":"cs","@id":"https:\/\/strangercam.com\/#\/schema\/logo\/image\/","url":"https:\/\/strangercam.com\/wp-content\/uploads\/2020\/11\/cropped-new-favicon-black.png","contentUrl":"https:\/\/strangercam.com\/wp-content\/uploads\/2020\/11\/cropped-new-favicon-black.png","width":512,"height":512,"caption":"Strangercam"},"image":{"@id":"https:\/\/strangercam.com\/#\/schema\/logo\/image\/"},"sameAs":["https:\/\/www.facebook.com\/strangercam","https:\/\/x.com\/strangercamapp"]}]}},"_links":{"self":[{"href":"https:\/\/strangercam.com\/cs\/wp-json\/wp\/v2\/pages\/80","targetHints":{"allow":["GET"]}}],"collection":[{"href":"https:\/\/strangercam.com\/cs\/wp-json\/wp\/v2\/pages"}],"about":[{"href":"https:\/\/strangercam.com\/cs\/wp-json\/wp\/v2\/types\/page"}],"author":[{"embeddable":true,"href":"https:\/\/strangercam.com\/cs\/wp-json\/wp\/v2\/users\/6"}],"replies":[{"embeddable":true,"href":"https:\/\/strangercam.com\/cs\/wp-json\/wp\/v2\/comments?post=80"}],"version-history":[{"count":0,"href":"https:\/\/strangercam.com\/cs\/wp-json\/wp\/v2\/pages\/80\/revisions"}],"wp:featuredmedia":[{"embeddable":true,"href":"https:\/\/strangercam.com\/cs\/wp-json\/wp\/v2\/media\/559"}],"wp:attachment":[{"href":"https:\/\/strangercam.com\/cs\/wp-json\/wp\/v2\/media?parent=80"}],"curies":[{"name":"wp","href":"https:\/\/api.w.org\/{rel}","templated":true}]}}