{"id":7627,"date":"2021-09-09T14:07:26","date_gmt":"2021-09-09T12:07:26","guid":{"rendered":"https:\/\/strangercam.com\/?page_id=7627"},"modified":"2023-08-21T11:40:39","modified_gmt":"2023-08-21T09:40:39","slug":"chateasy","status":"publish","type":"page","link":"https:\/\/strangercam.com\/cs\/chateasy\/","title":{"rendered":"Chateasy"},"content":{"rendered":"<h2>Jak\u00e9 jsou v\u00fdhody a vlastnosti modelu Chateasy?<\/h2>\n<p>N\u00e1stup vysokorychlostn\u00edho internetu a \u010detn\u00e9 <a href=\"https:\/\/strangercam.com\/cs\/chatingly\/\">chatov\u00e1n\u00ed<\/a> port\u00e1ly zcela zm\u011bnily zp\u016fsob, jak\u00fdm lid\u00e9 komunikuj\u00ed s ve\u0159ejnost\u00ed. <a href=\"https:\/\/strangercam.com\/cs\/1v1-chat\/\">jeden<\/a> dal\u0161\u00ed. V dne\u0161n\u00ed dob\u011b je vid\u011bt, \u017ee lid\u00e9 jsou v\u00edce zanepr\u00e1zdn\u011bni sv\u00fdmi chytr\u00fdmi telefony, kter\u00e9 mapuj\u00ed s ostatn\u00edmi. Online chatov\u00e1n\u00ed skute\u010dn\u011b nab\u00edz\u00ed \u0159adu v\u00fdhod. Umo\u017e\u0148uje v\u00e1m narazit na lidi s podobn\u00fdmi z\u00e1jmy, zvy\u0161uje va\u0161e sebev\u011bdom\u00ed a umo\u017e\u0148uje v\u00e1m z\u016fstat se sv\u00fdmi bl\u00edzk\u00fdmi a milovan\u00fdmi. V\u00fdhody, kter\u00e9 nab\u00edz\u00ed, mohou vyu\u017e\u00edvat dosp\u00edvaj\u00edc\u00ed v opr\u00e1vn\u011bn\u00e9m v\u011bku i dosp\u011bl\u00ed. <b>chateasy<\/b>. Mus\u00edte v\u0161ak p\u0159ijmout odpov\u00eddaj\u00edc\u00ed opat\u0159en\u00ed, abyste z\u016fstali v bezpe\u010d\u00ed.<\/p>\n<p><i>V\u00fdhody online chatov\u00e1n\u00ed<\/i><\/p>\n<ul>\n<li style=\"font-weight: 400;\" aria-level=\"1\"><a href=\"https:\/\/strangercam.com\/cs\/coomeet\/\">Seznamte se s<\/a> nov\u00ed lid\u00e9: To je jedna z nejz\u0159eteln\u011bj\u0161\u00edch v\u00fdhod, kter\u00e9 nab\u00edzej\u00ed online chatovac\u00ed port\u00e1ly. M\u016f\u017eete se s nimi sezn\u00e1mit online, kdykoli budete cht\u00edt a v kteroukoli denn\u00ed \u010di no\u010dn\u00ed dobu. M\u016f\u017eete si tak\u00e9 vybrat jak\u00fdkoli port\u00e1l podle sv\u00e9ho v\u00fdb\u011bru a skupiny z\u00e1jmu. Nejlep\u0161\u00ed na tom je, \u017ee tohoto c\u00edle m\u016f\u017eete dos\u00e1hnout, ani\u017e byste museli opustit sv\u016fj domov. Sta\u010d\u00ed pou\u017e\u00edt notebook nebo telefon a spojit se s ostatn\u00edmi prost\u0159ednictv\u00edm <b>chateasy<\/b>.<\/li>\n<li style=\"font-weight: 400;\" aria-level=\"1\">Sebev\u011bdom\u00ed a sebed\u016fv\u011bra: Chatov\u00e1n\u00ed s ciz\u00edmi lidmi online zvy\u0161uje sebev\u011bdom\u00ed a sebed\u016fv\u011bru. To plat\u00ed t\u00edm sp\u00ed\u0161e, pokud m\u00e1te zlomen\u00e9 srdce a c\u00edt\u00edte se osam\u011bl\u00ed. Zjistilo se, \u017ee n\u011bkte\u0159\u00ed pova\u017euj\u00ed online chatov\u00e1n\u00ed za jak\u00e9si n\u00e1plastov\u00e9 \u0159e\u0161en\u00ed. N\u011bkte\u0159\u00ed ciz\u00ed lid\u00e9 v\u00e1m mohou pomoci z\u00edskat ten n\u00e1dhern\u00fd \u00fasm\u011bv, kter\u00fd jste mohli ztratit po rozvodu nebo smrti milovan\u00e9 osoby.<\/li>\n<li style=\"font-weight: 400;\" aria-level=\"1\">Z\u016fsta\u0148te v kontaktu: Je velmi pravd\u011bpodobn\u00e9, \u017ee se v\u00e1m poda\u0159\u00ed nav\u00e1zat dobr\u00e9 vztahy prost\u0159ednictv\u00edm <b>chateasy<\/b>. To znamen\u00e1, \u017ee se m\u016f\u017eete sp\u0159\u00e1telit s jakoukoli osobou jak\u00e9hokoli v\u011bku a pohlav\u00ed z kter\u00e9koli \u010d\u00e1sti sv\u011bta. Online port\u00e1ly v\u00e1m umo\u017e\u0148uj\u00ed z\u016fstat ve spojen\u00ed z pohodl\u00ed domova nebo i na cest\u00e1ch. Sta\u010d\u00ed m\u00edt p\u0159\u00edstup k chytr\u00e9mu telefonu a internetov\u00e9mu p\u0159ipojen\u00ed spolu s platn\u00fdm pr\u016fkazem toto\u017enosti. abyste mohli p\u0159istupovat ke sv\u00e9mu \u00fa\u010dtu na online port\u00e1lu. M\u016f\u017eete <a href=\"https:\/\/strangercam.com\/cs\/chatroulette\/\">chat<\/a> n\u011bkolik hodin, ani\u017e byste se museli starat o dlouh\u00e9 \u00fa\u010dty. Pravdou je, \u017ee modern\u00ed technologie zkr\u00e1tily vzd\u00e1lenosti.<\/li>\n<li style=\"font-weight: 400;\" aria-level=\"1\">Spojte se s lidmi s podobn\u00fdmi z\u00e1jmy: P\u0159i vyhled\u00e1v\u00e1n\u00ed ur\u010dit\u011b naraz\u00edte na mnoho soci\u00e1ln\u00edch s\u00edt\u00ed s r\u016fzn\u00fdmi kategoriemi. Ty v\u00e1m umo\u017en\u00ed <a href=\"https:\/\/strangercam.com\/cs\/only2chat\/\">chatovat<\/a> v z\u00e1vislosti na va\u0161ich specifick\u00fdch z\u00e1jmech. Zahrnuje tak\u00e9 sportovn\u00ed f\u00f3ra, sb\u011bratelsk\u00e1 f\u00f3ra, f\u00f3ra pro kutily, obchodn\u00ed f\u00f3ra atd. Seznam je prost\u011b nekone\u010dn\u00fd a stejn\u011b tak i mo\u017enosti. M\u016f\u017eete si vybrat libovoln\u00e9 podle sv\u00e9ho aktu\u00e1ln\u00edho rozpolo\u017een\u00ed.<\/li>\n<\/ul>\n<p>P\u0159ipojen\u00ed k <b>chateasy<\/b> v\u00e1m umo\u017en\u00ed z\u00edskat nov\u00e9 znalosti, techniky a informace, kter\u00e9 v\u00e1s zaj\u00edmaj\u00ed.<\/p>","protected":false},"excerpt":{"rendered":"<p>What benefits are the benefits and features of Chateasy? The advent of high speed internet and numerous chatting portals have completely changed how people interact with one another. These days, people can be seen to be busier with their smartphones charting with others. Online chatting does offer numerous benefits. It allows you to come across [&hellip;]<\/p>\n","protected":false},"author":6,"featured_media":559,"parent":0,"menu_order":0,"comment_status":"closed","ping_status":"closed","template":"","meta":{"footnotes":""},"class_list":["post-7627","page","type-page","status-publish","has-post-thumbnail","hentry"],"yoast_head":"<!-- This site is optimized with the Yoast SEO plugin v26.9 - https:\/\/yoast.com\/product\/yoast-seo-wordpress\/ -->\n<title>Chateasy - Anonymous Chat For Two - Cam on StrangerCam.com<\/title>\n<meta name=\"description\" content=\"Like Chateasy? Come chat with more than 5.000.000 strangers on Stranger Cam for Free! Turn on your cam and find new friends &amp; maby a match!\" \/>\n<meta name=\"robots\" content=\"index, follow, max-snippet:-1, max-image-preview:large, max-video-preview:-1\" \/>\n<link rel=\"canonical\" href=\"https:\/\/strangercam.com\/cs\/chateasy\/\" \/>\n<meta property=\"og:locale\" content=\"cs_CZ\" \/>\n<meta property=\"og:type\" content=\"article\" \/>\n<meta property=\"og:title\" content=\"Chateasy - Anonymous Chat For Two - Cam on StrangerCam.com\" \/>\n<meta property=\"og:description\" content=\"Like Chateasy? Come chat with more than 5.000.000 strangers on Stranger Cam for Free! Turn on your cam and find new friends &amp; maby a match!\" \/>\n<meta property=\"og:url\" content=\"https:\/\/strangercam.com\/cs\/chateasy\/\" \/>\n<meta property=\"og:site_name\" content=\"Strangercam\" \/>\n<meta property=\"article:publisher\" content=\"https:\/\/www.facebook.com\/strangercam\" \/>\n<meta property=\"article:modified_time\" content=\"2023-08-21T09:40:39+00:00\" \/>\n<meta property=\"og:image\" content=\"https:\/\/strangercam.com\/wp-content\/uploads\/2020\/11\/stranger-cam-1.png\" \/>\n\t<meta property=\"og:image:width\" content=\"800\" \/>\n\t<meta property=\"og:image:height\" content=\"800\" \/>\n\t<meta property=\"og:image:type\" content=\"image\/png\" \/>\n<meta name=\"twitter:card\" content=\"summary_large_image\" \/>\n<meta name=\"twitter:site\" content=\"@strangercamapp\" \/>\n<meta name=\"twitter:label1\" content=\"Odhadovan\u00e1 doba \u010dten\u00ed\" \/>\n\t<meta name=\"twitter:data1\" content=\"2 minuty\" \/>\n<script type=\"application\/ld+json\" class=\"yoast-schema-graph\">{\"@context\":\"https:\/\/schema.org\",\"@graph\":[{\"@type\":\"WebPage\",\"@id\":\"https:\/\/strangercam.com\/chateasy\/\",\"url\":\"https:\/\/strangercam.com\/chateasy\/\",\"name\":\"Chateasy - Anonymous Chat For Two - Cam on StrangerCam.com\",\"isPartOf\":{\"@id\":\"https:\/\/strangercam.com\/#website\"},\"primaryImageOfPage\":{\"@id\":\"https:\/\/strangercam.com\/chateasy\/#primaryimage\"},\"image\":{\"@id\":\"https:\/\/strangercam.com\/chateasy\/#primaryimage\"},\"thumbnailUrl\":\"https:\/\/strangercam.com\/wp-content\/uploads\/2020\/11\/stranger-cam-1.png\",\"datePublished\":\"2021-09-09T12:07:26+00:00\",\"dateModified\":\"2023-08-21T09:40:39+00:00\",\"description\":\"Like Chateasy? Come chat with more than 5.000.000 strangers on Stranger Cam for Free! Turn on your cam and find new friends & maby a match!\",\"breadcrumb\":{\"@id\":\"https:\/\/strangercam.com\/chateasy\/#breadcrumb\"},\"inLanguage\":\"cs\",\"potentialAction\":[{\"@type\":\"ReadAction\",\"target\":[\"https:\/\/strangercam.com\/chateasy\/\"]}]},{\"@type\":\"ImageObject\",\"inLanguage\":\"cs\",\"@id\":\"https:\/\/strangercam.com\/chateasy\/#primaryimage\",\"url\":\"https:\/\/strangercam.com\/wp-content\/uploads\/2020\/11\/stranger-cam-1.png\",\"contentUrl\":\"https:\/\/strangercam.com\/wp-content\/uploads\/2020\/11\/stranger-cam-1.png\",\"width\":800,\"height\":800,\"caption\":\"stranger cam random video chat\"},{\"@type\":\"BreadcrumbList\",\"@id\":\"https:\/\/strangercam.com\/chateasy\/#breadcrumb\",\"itemListElement\":[{\"@type\":\"ListItem\",\"position\":1,\"name\":\"Home\",\"item\":\"https:\/\/strangercam.com\/\"},{\"@type\":\"ListItem\",\"position\":2,\"name\":\"Chateasy\"}]},{\"@type\":\"WebSite\",\"@id\":\"https:\/\/strangercam.com\/#website\",\"url\":\"https:\/\/strangercam.com\/\",\"name\":\"Strangercam\",\"description\":\"Random Video Chat with Strangers\",\"publisher\":{\"@id\":\"https:\/\/strangercam.com\/#organization\"},\"alternateName\":\"Strangercam.com\",\"potentialAction\":[{\"@type\":\"SearchAction\",\"target\":{\"@type\":\"EntryPoint\",\"urlTemplate\":\"https:\/\/strangercam.com\/?s={search_term_string}\"},\"query-input\":{\"@type\":\"PropertyValueSpecification\",\"valueRequired\":true,\"valueName\":\"search_term_string\"}}],\"inLanguage\":\"cs\"},{\"@type\":\"Organization\",\"@id\":\"https:\/\/strangercam.com\/#organization\",\"name\":\"Strangercam\",\"alternateName\":\"Strangercam.com\",\"url\":\"https:\/\/strangercam.com\/\",\"logo\":{\"@type\":\"ImageObject\",\"inLanguage\":\"cs\",\"@id\":\"https:\/\/strangercam.com\/#\/schema\/logo\/image\/\",\"url\":\"https:\/\/strangercam.com\/wp-content\/uploads\/2020\/11\/cropped-new-favicon-black.png\",\"contentUrl\":\"https:\/\/strangercam.com\/wp-content\/uploads\/2020\/11\/cropped-new-favicon-black.png\",\"width\":512,\"height\":512,\"caption\":\"Strangercam\"},\"image\":{\"@id\":\"https:\/\/strangercam.com\/#\/schema\/logo\/image\/\"},\"sameAs\":[\"https:\/\/www.facebook.com\/strangercam\",\"https:\/\/x.com\/strangercamapp\"]}]}<\/script>\n<!-- \/ Yoast SEO plugin. -->","yoast_head_json":{"title":"Chateasy - Anonymn\u00ed chat pro dva - Cam on StrangerCam.com","description":"Jako Chateasy? Poj\u010fte si zdarma popov\u00eddat s v\u00edce ne\u017e 5 000 000 cizinci na Stranger Cam! Zapn\u011bte si kameru a najd\u011bte nov\u00e9 p\u0159\u00e1tele &amp; maby z\u00e1pas!","robots":{"index":"index","follow":"follow","max-snippet":"max-snippet:-1","max-image-preview":"max-image-preview:large","max-video-preview":"max-video-preview:-1"},"canonical":"https:\/\/strangercam.com\/cs\/chateasy\/","og_locale":"cs_CZ","og_type":"article","og_title":"Chateasy - Anonymous Chat For Two - Cam on StrangerCam.com","og_description":"Like Chateasy? Come chat with more than 5.000.000 strangers on Stranger Cam for Free! Turn on your cam and find new friends & maby a match!","og_url":"https:\/\/strangercam.com\/cs\/chateasy\/","og_site_name":"Strangercam","article_publisher":"https:\/\/www.facebook.com\/strangercam","article_modified_time":"2023-08-21T09:40:39+00:00","og_image":[{"width":800,"height":800,"url":"https:\/\/strangercam.com\/wp-content\/uploads\/2020\/11\/stranger-cam-1.png","type":"image\/png"}],"twitter_card":"summary_large_image","twitter_site":"@strangercamapp","twitter_misc":{"Odhadovan\u00e1 doba \u010dten\u00ed":"2 minuty"},"schema":{"@context":"https:\/\/schema.org","@graph":[{"@type":"WebPage","@id":"https:\/\/strangercam.com\/chateasy\/","url":"https:\/\/strangercam.com\/chateasy\/","name":"Chateasy - Anonymn\u00ed chat pro dva - Cam on StrangerCam.com","isPartOf":{"@id":"https:\/\/strangercam.com\/#website"},"primaryImageOfPage":{"@id":"https:\/\/strangercam.com\/chateasy\/#primaryimage"},"image":{"@id":"https:\/\/strangercam.com\/chateasy\/#primaryimage"},"thumbnailUrl":"https:\/\/strangercam.com\/wp-content\/uploads\/2020\/11\/stranger-cam-1.png","datePublished":"2021-09-09T12:07:26+00:00","dateModified":"2023-08-21T09:40:39+00:00","description":"Jako Chateasy? Poj\u010fte si zdarma popov\u00eddat s v\u00edce ne\u017e 5 000 000 cizinci na Stranger Cam! Zapn\u011bte si kameru a najd\u011bte nov\u00e9 p\u0159\u00e1tele &amp; maby z\u00e1pas!","breadcrumb":{"@id":"https:\/\/strangercam.com\/chateasy\/#breadcrumb"},"inLanguage":"cs","potentialAction":[{"@type":"ReadAction","target":["https:\/\/strangercam.com\/chateasy\/"]}]},{"@type":"ImageObject","inLanguage":"cs","@id":"https:\/\/strangercam.com\/chateasy\/#primaryimage","url":"https:\/\/strangercam.com\/wp-content\/uploads\/2020\/11\/stranger-cam-1.png","contentUrl":"https:\/\/strangercam.com\/wp-content\/uploads\/2020\/11\/stranger-cam-1.png","width":800,"height":800,"caption":"stranger cam random video chat"},{"@type":"BreadcrumbList","@id":"https:\/\/strangercam.com\/chateasy\/#breadcrumb","itemListElement":[{"@type":"ListItem","position":1,"name":"Home","item":"https:\/\/strangercam.com\/"},{"@type":"ListItem","position":2,"name":"Chateasy"}]},{"@type":"WebSite","@id":"https:\/\/strangercam.com\/#website","url":"https:\/\/strangercam.com\/","name":"Strangercam","description":"N\u00e1hodn\u00fd videochat s ciz\u00edmi lidmi","publisher":{"@id":"https:\/\/strangercam.com\/#organization"},"alternateName":"Strangercam.com","potentialAction":[{"@type":"SearchAction","target":{"@type":"EntryPoint","urlTemplate":"https:\/\/strangercam.com\/?s={search_term_string}"},"query-input":{"@type":"PropertyValueSpecification","valueRequired":true,"valueName":"search_term_string"}}],"inLanguage":"cs"},{"@type":"Organization","@id":"https:\/\/strangercam.com\/#organization","name":"Strangercam","alternateName":"Strangercam.com","url":"https:\/\/strangercam.com\/","logo":{"@type":"ImageObject","inLanguage":"cs","@id":"https:\/\/strangercam.com\/#\/schema\/logo\/image\/","url":"https:\/\/strangercam.com\/wp-content\/uploads\/2020\/11\/cropped-new-favicon-black.png","contentUrl":"https:\/\/strangercam.com\/wp-content\/uploads\/2020\/11\/cropped-new-favicon-black.png","width":512,"height":512,"caption":"Strangercam"},"image":{"@id":"https:\/\/strangercam.com\/#\/schema\/logo\/image\/"},"sameAs":["https:\/\/www.facebook.com\/strangercam","https:\/\/x.com\/strangercamapp"]}]}},"_links":{"self":[{"href":"https:\/\/strangercam.com\/cs\/wp-json\/wp\/v2\/pages\/7627","targetHints":{"allow":["GET"]}}],"collection":[{"href":"https:\/\/strangercam.com\/cs\/wp-json\/wp\/v2\/pages"}],"about":[{"href":"https:\/\/strangercam.com\/cs\/wp-json\/wp\/v2\/types\/page"}],"author":[{"embeddable":true,"href":"https:\/\/strangercam.com\/cs\/wp-json\/wp\/v2\/users\/6"}],"replies":[{"embeddable":true,"href":"https:\/\/strangercam.com\/cs\/wp-json\/wp\/v2\/comments?post=7627"}],"version-history":[{"count":0,"href":"https:\/\/strangercam.com\/cs\/wp-json\/wp\/v2\/pages\/7627\/revisions"}],"wp:featuredmedia":[{"embeddable":true,"href":"https:\/\/strangercam.com\/cs\/wp-json\/wp\/v2\/media\/559"}],"wp:attachment":[{"href":"https:\/\/strangercam.com\/cs\/wp-json\/wp\/v2\/media?parent=7627"}],"curies":[{"name":"wp","href":"https:\/\/api.w.org\/{rel}","templated":true}]}}