{"id":5290,"date":"2021-06-20T15:01:12","date_gmt":"2021-06-20T13:01:12","guid":{"rendered":"https:\/\/strangercam.com\/?page_id=5290"},"modified":"2023-08-21T11:40:39","modified_gmt":"2023-08-21T09:40:39","slug":"chat42","status":"publish","type":"page","link":"https:\/\/strangercam.com\/cs\/chat42\/","title":{"rendered":"Chat42"},"content":{"rendered":"<p>Setk\u00e1n\u00ed s ciz\u00edmi lidmi na nov\u00e9m m\u00edst\u011b se nyn\u00ed st\u00e1v\u00e1 snadn\u00fdm <a href=\"https:\/\/strangercam.com\/cs\/1v1-chat\/\">jeden<\/a> v dne\u0161n\u00ed dob\u011b d\u00edky technick\u00e9mu pokroku. A\u010dkoli je k dispozici n\u011bkolik webov\u00fdch str\u00e1nek pro tento \u00fa\u010del, m\u011bli bychom je vyhodnotit, abychom z\u00edskali v\u00edce n\u00e1pad\u016f. Nav\u00edc to velmi pom\u016f\u017ee vybrat nejlep\u0161\u00ed webov\u00e9 str\u00e1nky, kter\u00e9 spl\u0148uj\u00ed po\u017eadavky u\u017eivatel\u016f. Chat42 je online <a href=\"https:\/\/strangercam.com\/cs\/chatingly\/\">chatov\u00e1n\u00ed<\/a> webov\u00e9 str\u00e1nky, kter\u00e9 umo\u017e\u0148uj\u00ed co nejrychlej\u0161\u00ed spojen\u00ed s ostatn\u00edmi. Tento anonymn\u00ed <a href=\"https:\/\/strangercam.com\/cs\/chatroulette\/\">chat<\/a> str\u00e1nky poskytuje zp\u016fsoby, jak naj\u00edt singles v m\u00edst\u011b s lehkost\u00ed t\u00edm, \u017ee \u0159e\u0161\u00ed z\u00e1kladn\u00ed pot\u0159eby \u010dlen\u016f.<\/p>\n<h2>Jak\u00e9 jsou funkce modelu Chat42?<\/h2>\n<p>Jedn\u00e1 se o <a href=\"https:\/\/strangercam.com\/cs\/chat4free\/\">zdarma<\/a> webov\u00e9 str\u00e1nky, kter\u00e9 nevy\u017eaduj\u00ed registraci ani p\u0159ihl\u00e1\u0161en\u00ed. U\u017eivatel\u00e9 mohou zadat sv\u00e9 jm\u00e9no a za\u010d\u00edt chatovat s ostatn\u00edmi co nejd\u0159\u00edve. Webov\u00e9 str\u00e1nky poskytuj\u00ed metody pro sd\u00edlen\u00ed obr\u00e1zk\u016f po zad\u00e1n\u00ed jejich u\u017eivatelsk\u00e9ho jm\u00e9na. Slu\u017eba Chat42 umo\u017e\u0148uje u\u017eivatel\u016fm kontaktovat dv\u011b osoby pouze prost\u0159ednictv\u00edm textov\u00fdch zpr\u00e1v. Dal\u0161\u00ed v\u011bc\u00ed na webov\u00fdch str\u00e1nk\u00e1ch je, \u017ee nab\u00edz\u00ed funkci \u201cnahl\u00e1sit\u201d, kter\u00e1 dl\u00e1\u017ed\u00ed cesty k nahl\u00e1\u0161en\u00ed zneu\u017e\u00edvaj\u00edc\u00edch u\u017eivatel\u016f. Zneu\u017e\u00edvaj\u00edc\u00ed u\u017eivatele lze dokonce zablokovat, aby se p\u0159ede\u0161lo ne\u017e\u00e1douc\u00edm probl\u00e9m\u016fm a dal\u0161\u00edm v\u011bcem. Ka\u017ed\u00fd, kdo chce prozkoumat varianty <a href=\"https:\/\/strangercam.com\/cs\/cizi-chat\/\">ciz\u00ed chat<\/a> \u010dlenov\u00e9 mohou m\u00edt z t\u011bchto webov\u00fdch str\u00e1nek velk\u00fd u\u017eitek.<\/p>\n<h3>Je Chat42 bezpe\u010dn\u00fd pro dosp\u00edvaj\u00edc\u00ed?<\/h3>\n<p>Webov\u00e9 str\u00e1nky jsou vhodn\u00e9 pouze pro dosp\u011bl\u00e9, kte\u0159\u00ed cht\u011bj\u00ed rychle nav\u00e1zat vztah na d\u00e1lku s ostatn\u00edmi. Na druhou stranu nen\u00ed bezpe\u010dn\u00e1 pro dosp\u00edvaj\u00edc\u00ed a ti by se m\u011bli od t\u00e9to webov\u00e9 str\u00e1nky dr\u017eet d\u00e1l. Krom\u011b toho m\u00e1 zvukovou funkci, kter\u00e1 umo\u017e\u0148uje nov\u00fdm u\u017eivatel\u016fm zapnout nebo vypnout pro nov\u00e9 zpr\u00e1vy. Ti, kte\u0159\u00ed cht\u011bj\u00ed mluvit s ciz\u00edmi lidmi, mohou vyu\u017e\u00edt tuto platformu, kter\u00e1 pom\u016f\u017ee dos\u00e1hnout c\u00edl\u016f ve velk\u00e9 m\u00ed\u0159e. Chat42 je ide\u00e1ln\u00edm m\u00edstem pro lidi, kte\u0159\u00ed hledaj\u00ed nov\u00e9 p\u0159\u00e1tele, kte\u0159\u00ed maj\u00ed spole\u010dn\u00e9 z\u00e1jmy. Pom\u00e1h\u00e1 spojit se s ciz\u00edmi lidmi na m\u00edst\u011b, kter\u00e9 d\u00e1v\u00e1 zp\u016fsoby, jak s nimi n\u00e1hodn\u011b vytvo\u0159it pouto.<\/p>\n<h3>Vyplat\u00ed se pou\u017e\u00edvat Chat42?<\/h3>\n<p>I kdy\u017e Chat42 nem\u00e1 \u017e\u00e1dn\u00e9 bohat\u00e9 funkce, webov\u00e9 str\u00e1nky umo\u017e\u0148uj\u00ed u\u017eivatel\u016fm chatovat s ostatn\u00edmi bez jak\u00fdchkoli pot\u00ed\u017e\u00ed. P\u0159ed pou\u017eit\u00edm webov\u00e9 str\u00e1nky je v\u0161ak nutn\u00e9 si podrobn\u011b p\u0159e\u010d\u00edst podm\u00ednky. Pro u\u017eivatele je k dispozici verze aplikace, kterou si mohou st\u00e1hnout do sv\u00fdch mobiln\u00edch telefon\u016f. Umo\u017e\u0148uje provediteln\u00e9 zp\u016fsoby anonymn\u00edho vyhled\u00e1v\u00e1n\u00ed \u00fadaj\u016f o mu\u017e\u00edch a \u017een\u00e1ch v m\u00edst\u011b, kter\u00e9 pom\u00e1haj\u00ed rozv\u00edjet vztahy s nimi. Z\u00e1rove\u0148 je t\u0159eba si p\u0159e\u010d\u00edst recenze online, kter\u00e9 poskytuj\u00ed zp\u016fsoby, jak u\u010dinit spr\u00e1vn\u00e9 rozhodnut\u00ed.<\/p>","protected":false},"excerpt":{"rendered":"<p>Meeting strangers in a new location now becomes an easy one these days due to the technical advancements. Although there are several websites available for this purpose, one should evaluate them for getting more ideas. Moreover, it will help a lot to pick the best website which satisfies the requirements of users. Chat42 is an [&hellip;]<\/p>\n","protected":false},"author":6,"featured_media":559,"parent":0,"menu_order":0,"comment_status":"closed","ping_status":"closed","template":"","meta":{"footnotes":""},"class_list":["post-5290","page","type-page","status-publish","has-post-thumbnail","hentry"],"yoast_head":"<!-- This site is optimized with the Yoast SEO plugin v26.9 - https:\/\/yoast.com\/product\/yoast-seo-wordpress\/ -->\n<title>Chat42 - Anonymous Chat For Two - Cam on StrangerCam.com<\/title>\n<meta name=\"description\" content=\"Like Chat42? Come chat with more than 5.000.000 strangers on Stranger Cam for Free! Turn on your cam and find new friends &amp; maby a match!\" \/>\n<meta name=\"robots\" content=\"index, follow, max-snippet:-1, max-image-preview:large, max-video-preview:-1\" \/>\n<link rel=\"canonical\" href=\"https:\/\/strangercam.com\/cs\/chat42\/\" \/>\n<meta property=\"og:locale\" content=\"cs_CZ\" \/>\n<meta property=\"og:type\" content=\"article\" \/>\n<meta property=\"og:title\" content=\"Chat42 - Anonymous Chat For Two - Cam on StrangerCam.com\" \/>\n<meta property=\"og:description\" content=\"Like Chat42? Come chat with more than 5.000.000 strangers on Stranger Cam for Free! Turn on your cam and find new friends &amp; maby a match!\" \/>\n<meta property=\"og:url\" content=\"https:\/\/strangercam.com\/cs\/chat42\/\" \/>\n<meta property=\"og:site_name\" content=\"Strangercam\" \/>\n<meta property=\"article:publisher\" content=\"https:\/\/www.facebook.com\/strangercam\" \/>\n<meta property=\"article:modified_time\" content=\"2023-08-21T09:40:39+00:00\" \/>\n<meta property=\"og:image\" content=\"https:\/\/strangercam.com\/wp-content\/uploads\/2020\/11\/stranger-cam-1.png\" \/>\n\t<meta property=\"og:image:width\" content=\"800\" \/>\n\t<meta property=\"og:image:height\" content=\"800\" \/>\n\t<meta property=\"og:image:type\" content=\"image\/png\" \/>\n<meta name=\"twitter:card\" content=\"summary_large_image\" \/>\n<meta name=\"twitter:site\" content=\"@strangercamapp\" \/>\n<meta name=\"twitter:label1\" content=\"Odhadovan\u00e1 doba \u010dten\u00ed\" \/>\n\t<meta name=\"twitter:data1\" content=\"2 minuty\" \/>\n<script type=\"application\/ld+json\" class=\"yoast-schema-graph\">{\"@context\":\"https:\/\/schema.org\",\"@graph\":[{\"@type\":\"WebPage\",\"@id\":\"https:\/\/strangercam.com\/chat42\/\",\"url\":\"https:\/\/strangercam.com\/chat42\/\",\"name\":\"Chat42 - Anonymous Chat For Two - Cam on StrangerCam.com\",\"isPartOf\":{\"@id\":\"https:\/\/strangercam.com\/#website\"},\"primaryImageOfPage\":{\"@id\":\"https:\/\/strangercam.com\/chat42\/#primaryimage\"},\"image\":{\"@id\":\"https:\/\/strangercam.com\/chat42\/#primaryimage\"},\"thumbnailUrl\":\"https:\/\/strangercam.com\/wp-content\/uploads\/2020\/11\/stranger-cam-1.png\",\"datePublished\":\"2021-06-20T13:01:12+00:00\",\"dateModified\":\"2023-08-21T09:40:39+00:00\",\"description\":\"Like Chat42? Come chat with more than 5.000.000 strangers on Stranger Cam for Free! Turn on your cam and find new friends & maby a match!\",\"breadcrumb\":{\"@id\":\"https:\/\/strangercam.com\/chat42\/#breadcrumb\"},\"inLanguage\":\"cs\",\"potentialAction\":[{\"@type\":\"ReadAction\",\"target\":[\"https:\/\/strangercam.com\/chat42\/\"]}]},{\"@type\":\"ImageObject\",\"inLanguage\":\"cs\",\"@id\":\"https:\/\/strangercam.com\/chat42\/#primaryimage\",\"url\":\"https:\/\/strangercam.com\/wp-content\/uploads\/2020\/11\/stranger-cam-1.png\",\"contentUrl\":\"https:\/\/strangercam.com\/wp-content\/uploads\/2020\/11\/stranger-cam-1.png\",\"width\":800,\"height\":800,\"caption\":\"stranger cam random video chat\"},{\"@type\":\"BreadcrumbList\",\"@id\":\"https:\/\/strangercam.com\/chat42\/#breadcrumb\",\"itemListElement\":[{\"@type\":\"ListItem\",\"position\":1,\"name\":\"Home\",\"item\":\"https:\/\/strangercam.com\/\"},{\"@type\":\"ListItem\",\"position\":2,\"name\":\"Chat42\"}]},{\"@type\":\"WebSite\",\"@id\":\"https:\/\/strangercam.com\/#website\",\"url\":\"https:\/\/strangercam.com\/\",\"name\":\"Strangercam\",\"description\":\"Random Video Chat with Strangers\",\"publisher\":{\"@id\":\"https:\/\/strangercam.com\/#organization\"},\"alternateName\":\"Strangercam.com\",\"potentialAction\":[{\"@type\":\"SearchAction\",\"target\":{\"@type\":\"EntryPoint\",\"urlTemplate\":\"https:\/\/strangercam.com\/?s={search_term_string}\"},\"query-input\":{\"@type\":\"PropertyValueSpecification\",\"valueRequired\":true,\"valueName\":\"search_term_string\"}}],\"inLanguage\":\"cs\"},{\"@type\":\"Organization\",\"@id\":\"https:\/\/strangercam.com\/#organization\",\"name\":\"Strangercam\",\"alternateName\":\"Strangercam.com\",\"url\":\"https:\/\/strangercam.com\/\",\"logo\":{\"@type\":\"ImageObject\",\"inLanguage\":\"cs\",\"@id\":\"https:\/\/strangercam.com\/#\/schema\/logo\/image\/\",\"url\":\"https:\/\/strangercam.com\/wp-content\/uploads\/2020\/11\/cropped-new-favicon-black.png\",\"contentUrl\":\"https:\/\/strangercam.com\/wp-content\/uploads\/2020\/11\/cropped-new-favicon-black.png\",\"width\":512,\"height\":512,\"caption\":\"Strangercam\"},\"image\":{\"@id\":\"https:\/\/strangercam.com\/#\/schema\/logo\/image\/\"},\"sameAs\":[\"https:\/\/www.facebook.com\/strangercam\",\"https:\/\/x.com\/strangercamapp\"]}]}<\/script>\n<!-- \/ Yoast SEO plugin. -->","yoast_head_json":{"title":"Chat42 - Anonymn\u00ed chat pro dva - Cam on StrangerCam.com","description":"Jako Chat42? Poj\u010fte si zdarma popov\u00eddat s v\u00edce ne\u017e 5 000 000 cizinci na Chat42! Zapn\u011bte kameru a najd\u011bte nov\u00e9 p\u0159\u00e1tele &amp; maby z\u00e1pas!","robots":{"index":"index","follow":"follow","max-snippet":"max-snippet:-1","max-image-preview":"max-image-preview:large","max-video-preview":"max-video-preview:-1"},"canonical":"https:\/\/strangercam.com\/cs\/chat42\/","og_locale":"cs_CZ","og_type":"article","og_title":"Chat42 - Anonymous Chat For Two - Cam on StrangerCam.com","og_description":"Like Chat42? Come chat with more than 5.000.000 strangers on Stranger Cam for Free! Turn on your cam and find new friends & maby a match!","og_url":"https:\/\/strangercam.com\/cs\/chat42\/","og_site_name":"Strangercam","article_publisher":"https:\/\/www.facebook.com\/strangercam","article_modified_time":"2023-08-21T09:40:39+00:00","og_image":[{"width":800,"height":800,"url":"https:\/\/strangercam.com\/wp-content\/uploads\/2020\/11\/stranger-cam-1.png","type":"image\/png"}],"twitter_card":"summary_large_image","twitter_site":"@strangercamapp","twitter_misc":{"Odhadovan\u00e1 doba \u010dten\u00ed":"2 minuty"},"schema":{"@context":"https:\/\/schema.org","@graph":[{"@type":"WebPage","@id":"https:\/\/strangercam.com\/chat42\/","url":"https:\/\/strangercam.com\/chat42\/","name":"Chat42 - Anonymn\u00ed chat pro dva - Cam on StrangerCam.com","isPartOf":{"@id":"https:\/\/strangercam.com\/#website"},"primaryImageOfPage":{"@id":"https:\/\/strangercam.com\/chat42\/#primaryimage"},"image":{"@id":"https:\/\/strangercam.com\/chat42\/#primaryimage"},"thumbnailUrl":"https:\/\/strangercam.com\/wp-content\/uploads\/2020\/11\/stranger-cam-1.png","datePublished":"2021-06-20T13:01:12+00:00","dateModified":"2023-08-21T09:40:39+00:00","description":"Jako Chat42? Poj\u010fte si zdarma popov\u00eddat s v\u00edce ne\u017e 5 000 000 cizinci na Chat42! Zapn\u011bte kameru a najd\u011bte nov\u00e9 p\u0159\u00e1tele &amp; maby z\u00e1pas!","breadcrumb":{"@id":"https:\/\/strangercam.com\/chat42\/#breadcrumb"},"inLanguage":"cs","potentialAction":[{"@type":"ReadAction","target":["https:\/\/strangercam.com\/chat42\/"]}]},{"@type":"ImageObject","inLanguage":"cs","@id":"https:\/\/strangercam.com\/chat42\/#primaryimage","url":"https:\/\/strangercam.com\/wp-content\/uploads\/2020\/11\/stranger-cam-1.png","contentUrl":"https:\/\/strangercam.com\/wp-content\/uploads\/2020\/11\/stranger-cam-1.png","width":800,"height":800,"caption":"stranger cam random video chat"},{"@type":"BreadcrumbList","@id":"https:\/\/strangercam.com\/chat42\/#breadcrumb","itemListElement":[{"@type":"ListItem","position":1,"name":"Home","item":"https:\/\/strangercam.com\/"},{"@type":"ListItem","position":2,"name":"Chat42"}]},{"@type":"WebSite","@id":"https:\/\/strangercam.com\/#website","url":"https:\/\/strangercam.com\/","name":"Strangercam","description":"N\u00e1hodn\u00fd videochat s ciz\u00edmi lidmi","publisher":{"@id":"https:\/\/strangercam.com\/#organization"},"alternateName":"Strangercam.com","potentialAction":[{"@type":"SearchAction","target":{"@type":"EntryPoint","urlTemplate":"https:\/\/strangercam.com\/?s={search_term_string}"},"query-input":{"@type":"PropertyValueSpecification","valueRequired":true,"valueName":"search_term_string"}}],"inLanguage":"cs"},{"@type":"Organization","@id":"https:\/\/strangercam.com\/#organization","name":"Strangercam","alternateName":"Strangercam.com","url":"https:\/\/strangercam.com\/","logo":{"@type":"ImageObject","inLanguage":"cs","@id":"https:\/\/strangercam.com\/#\/schema\/logo\/image\/","url":"https:\/\/strangercam.com\/wp-content\/uploads\/2020\/11\/cropped-new-favicon-black.png","contentUrl":"https:\/\/strangercam.com\/wp-content\/uploads\/2020\/11\/cropped-new-favicon-black.png","width":512,"height":512,"caption":"Strangercam"},"image":{"@id":"https:\/\/strangercam.com\/#\/schema\/logo\/image\/"},"sameAs":["https:\/\/www.facebook.com\/strangercam","https:\/\/x.com\/strangercamapp"]}]}},"_links":{"self":[{"href":"https:\/\/strangercam.com\/cs\/wp-json\/wp\/v2\/pages\/5290","targetHints":{"allow":["GET"]}}],"collection":[{"href":"https:\/\/strangercam.com\/cs\/wp-json\/wp\/v2\/pages"}],"about":[{"href":"https:\/\/strangercam.com\/cs\/wp-json\/wp\/v2\/types\/page"}],"author":[{"embeddable":true,"href":"https:\/\/strangercam.com\/cs\/wp-json\/wp\/v2\/users\/6"}],"replies":[{"embeddable":true,"href":"https:\/\/strangercam.com\/cs\/wp-json\/wp\/v2\/comments?post=5290"}],"version-history":[{"count":0,"href":"https:\/\/strangercam.com\/cs\/wp-json\/wp\/v2\/pages\/5290\/revisions"}],"wp:featuredmedia":[{"embeddable":true,"href":"https:\/\/strangercam.com\/cs\/wp-json\/wp\/v2\/media\/559"}],"wp:attachment":[{"href":"https:\/\/strangercam.com\/cs\/wp-json\/wp\/v2\/media?parent=5290"}],"curies":[{"name":"wp","href":"https:\/\/api.w.org\/{rel}","templated":true}]}}