{"id":5268,"date":"2021-06-20T14:53:54","date_gmt":"2021-06-20T12:53:54","guid":{"rendered":"https:\/\/strangercam.com\/?page_id=5268"},"modified":"2023-08-21T12:24:41","modified_gmt":"2023-08-21T10:24:41","slug":"chatzy","status":"publish","type":"page","link":"https:\/\/strangercam.com\/cs\/chatzy\/","title":{"rendered":"Chatzy"},"content":{"rendered":"<p>N\u011bkte\u0159\u00ed profesion\u00e1lov\u00e9 a internetov\u00ed nad\u0161enci nejprve spustili <b>chatzy<\/b> kolem roku 2001. Postupem \u010dasu se stal v Evrop\u011b popul\u00e1rn\u00edm a v sou\u010dasn\u00e9 dob\u011b m\u00e1 registrovan\u00e9 u\u017eivatele z cel\u00e9ho sv\u011bta. Lid\u00e9 na tuto str\u00e1nku p\u0159istupuj\u00ed z r\u016fzn\u00fdch d\u016fvod\u016f. Nen\u00ed to \u017e\u00e1dn\u00e1 exkluzivn\u00ed seznamka nebo seznamovac\u00ed str\u00e1nka. Lid\u00e9 ji sp\u00ed\u0161e vyu\u017e\u00edvaj\u00ed <a href=\"https:\/\/strangercam.com\/cs\/chat4free\/\">zdarma<\/a> chatovac\u00ed m\u00edstnosti poskytovan\u00e9 t\u00edmto webem k v\u00fdkonu jejich pr\u00e1ce nebo vzd\u011bl\u00e1v\u00e1n\u00ed. N\u011bkte\u0159\u00ed je dokonce vyu\u017e\u00edvaj\u00ed k diskusi o zaj\u00edmav\u00fdch ud\u00e1lostech, t\u00e9matech, navazov\u00e1n\u00ed nov\u00fdch p\u0159\u00e1telstv\u00ed nebo sd\u00edlen\u00ed informac\u00ed o podobn\u00fdch z\u00e1jmech. Tento bezplatn\u00fd <a href=\"https:\/\/strangercam.com\/cs\/chatroulette\/\">chat<\/a> slu\u017eba je skute\u010dn\u011b z\u00e1bavn\u00e1 a vzru\u0161uj\u00edc\u00ed, stejn\u011b jako zcela bezpe\u010dn\u00e1.<\/p>\n<h2>Jak se zaregistrovat na chatzy?<\/h2>\n<p>Sta\u010d\u00ed si zalo\u017eit \u00fa\u010det, p\u0159ipojit se nebo vytvo\u0159it \u00fa\u010det. <a href=\"https:\/\/strangercam.com\/cs\/chatroom2000\/\">chatovac\u00ed m\u00edstnost<\/a> a spustit sv\u016fj <a href=\"https:\/\/strangercam.com\/cs\/chatingly\/\">chatov\u00e1n\u00ed<\/a> zased\u00e1n\u00ed. Je to tak snadn\u00e9 a rychl\u00e9. M\u016f\u017eete tak\u00e9 pozvat svou rodinu a p\u0159\u00e1tele do exkluzivn\u011b vytvo\u0159en\u00e9 chatovac\u00ed m\u00edstnosti nebo se p\u0159ipojit k n\u00e1hodn\u011b vybran\u00e9 chatovac\u00ed m\u00edstnosti, kter\u00e1 v\u00e1s zaj\u00edm\u00e1. Nemus\u00edte tak sd\u00edlet citliv\u00e9 osobn\u00ed \u00fadaje, abyste se mohli p\u0159ipojit k tomuto webu, ale pouze z\u00e1kladn\u00ed informace pro zah\u00e1jen\u00ed relace.<\/p>\n<h3>Jak pou\u017e\u00edvat chatzy?<\/h3>\n<p>M\u016f\u017eete si vytvo\u0159it vlastn\u00ed soukrom\u00fd chat nebo p\u0159istupovat k ji\u017e vytvo\u0159en\u00fdm chat\u016fm a v\u00e9st skupinov\u00e9 diskuse s podobn\u011b sm\u00fd\u0161lej\u00edc\u00edmi lidmi. Str\u00e1nky m\u016f\u017eete vyu\u017e\u00edt k obchodn\u00edm, vzd\u011bl\u00e1vac\u00edm nebo prost\u011b jen k z\u00e1bav\u011b. M\u016f\u017eete k n\u011bmu p\u0159istupovat z libovoln\u00e9ho m\u00edsta a u\u017e\u00edvat si jeho interaktivn\u00ed sezen\u00ed. V p\u0159\u00edpad\u011b, \u017ee tou\u017e\u00edte po pokro\u010dil\u00fdch funkc\u00edch, m\u011bli byste se rozhodnout pro jeho pr\u00e9miov\u00e9 slu\u017eby. V opa\u010dn\u00e9m p\u0159\u00edpad\u011b je bezplatn\u00e1 slu\u017eba dostate\u010dn\u011b dobr\u00e1 na to, abyste si u\u017eili skv\u011bl\u00e9 online chatovac\u00ed sezen\u00ed.<\/p>\n<h3>Jak\u00e9 jsou v\u00fdhody a nev\u00fdhody slu\u017eby chatzy?<\/h3>\n<p>Tato str\u00e1nka je zcela zvl\u00e1\u0161tn\u00ed, proto\u017ee m\u00e1 n\u011bkolik speci\u00e1ln\u00edch funkc\u00ed, kter\u00e9 ji odli\u0161uj\u00ed od t\u011bch, kter\u00e9 jsou k dispozici na webu. Ka\u017ed\u00e9mu \u010dlenovi m\u016f\u017eete pos\u00edlat soukrom\u00e9 zpr\u00e1vy, kter\u00e9 nebudou viditeln\u00e9 pro spr\u00e1vce m\u00edstnosti. K dispozici je tak\u00e9 mo\u017enost uml\u010det nov\u00e1\u010dky, kte\u0159\u00ed vstupuj\u00ed do sezen\u00ed bez pozv\u00e1n\u00ed. Pr\u00e9miov\u00e9 m\u00edstnosti pr\u00fd uml\u010duj\u00ed nov\u00e1\u010dky automaticky. M\u016f\u017eete pou\u017e\u00edt funkci \u2018Status n\u00e1v\u0161t\u011bvn\u00edka\u2019 <a href=\"https:\/\/strangercam.com\/cs\/mocospace\/\">prostor<\/a> vysv\u011btlit \u00fa\u010del chatu. Pro spr\u00e1vce a moder\u00e1tory chatovac\u00edch m\u00edstnost\u00ed je k dispozici re\u017eim n\u00e1hledu. Pom\u00e1h\u00e1 vytv\u00e1\u0159et nov\u00e9 nebo sledovat st\u00e1vaj\u00edc\u00ed konverzace, ani\u017e by si toho n\u011bkdo v\u0161iml. Dal\u0161\u00ed nab\u00edzenou funkc\u00ed jsou \u2018glob\u00e1ln\u00ed zpr\u00e1vy\u2019 umo\u017e\u0148uj\u00edc\u00ed odes\u00edl\u00e1n\u00ed zpr\u00e1v p\u0159\u00edmo v\u0161em \u010dlen\u016fm. Jedinou nev\u00fdhodou je, \u017ee se mezi relacemi m\u016f\u017eete setkat s reklamami, kter\u00e9 mohou b\u00fdt docela otravn\u00e9. Pr\u00e9miov\u00e1 verze p\u0159ich\u00e1z\u00ed s dal\u0161\u00edmi zaj\u00edmav\u00fdmi funkcemi. Za p\u0159\u00edstup k t\u011bmto za\u0159\u00edzen\u00edm v\u0161ak mus\u00edte zaplatit ur\u010ditou \u010d\u00e1stku.<\/p>","protected":false},"excerpt":{"rendered":"<p>Some professionals and internet enthusiasts had first launched chatzy around 2001. With time, it became a popular site in Europe and presently enjoys registered users from all over the world. People access this site for different reasons. It is not some excusive dating or hookup site. Rather, people use the free chatrooms provided by this [&hellip;]<\/p>\n","protected":false},"author":6,"featured_media":559,"parent":0,"menu_order":0,"comment_status":"closed","ping_status":"closed","template":"","meta":{"footnotes":""},"class_list":["post-5268","page","type-page","status-publish","has-post-thumbnail","hentry"],"yoast_head":"<!-- This site is optimized with the Yoast SEO plugin v26.9 - https:\/\/yoast.com\/product\/yoast-seo-wordpress\/ -->\n<title>Chatzy - Free Private Chat Rooms - Cam on StrangerCam.com<\/title>\n<meta name=\"description\" content=\"Like Chatzy? Come chat with more than 5.000.000 strangers on Stranger Cam for Free! Turn on your cam and find new friends &amp; maby a match!\" \/>\n<meta name=\"robots\" content=\"index, follow, max-snippet:-1, max-image-preview:large, max-video-preview:-1\" \/>\n<link rel=\"canonical\" href=\"https:\/\/strangercam.com\/cs\/chatzy\/\" \/>\n<meta property=\"og:locale\" content=\"cs_CZ\" \/>\n<meta property=\"og:type\" content=\"article\" \/>\n<meta property=\"og:title\" content=\"Chatzy - Free Private Chat Rooms - Cam on StrangerCam.com\" \/>\n<meta property=\"og:description\" content=\"Like Chatzy? Come chat with more than 5.000.000 strangers on Stranger Cam for Free! Turn on your cam and find new friends &amp; maby a match!\" \/>\n<meta property=\"og:url\" content=\"https:\/\/strangercam.com\/cs\/chatzy\/\" \/>\n<meta property=\"og:site_name\" content=\"Strangercam\" \/>\n<meta property=\"article:publisher\" content=\"https:\/\/www.facebook.com\/strangercam\" \/>\n<meta property=\"article:modified_time\" content=\"2023-08-21T10:24:41+00:00\" \/>\n<meta property=\"og:image\" content=\"https:\/\/strangercam.com\/wp-content\/uploads\/2020\/11\/stranger-cam-1.png\" \/>\n\t<meta property=\"og:image:width\" content=\"800\" \/>\n\t<meta property=\"og:image:height\" content=\"800\" \/>\n\t<meta property=\"og:image:type\" content=\"image\/png\" \/>\n<meta name=\"twitter:card\" content=\"summary_large_image\" \/>\n<meta name=\"twitter:site\" content=\"@strangercamapp\" \/>\n<meta name=\"twitter:label1\" content=\"Odhadovan\u00e1 doba \u010dten\u00ed\" \/>\n\t<meta name=\"twitter:data1\" content=\"2 minuty\" \/>\n<script type=\"application\/ld+json\" class=\"yoast-schema-graph\">{\"@context\":\"https:\/\/schema.org\",\"@graph\":[{\"@type\":\"WebPage\",\"@id\":\"https:\/\/strangercam.com\/chatzy\/\",\"url\":\"https:\/\/strangercam.com\/chatzy\/\",\"name\":\"Chatzy - Free Private Chat Rooms - Cam on StrangerCam.com\",\"isPartOf\":{\"@id\":\"https:\/\/strangercam.com\/#website\"},\"primaryImageOfPage\":{\"@id\":\"https:\/\/strangercam.com\/chatzy\/#primaryimage\"},\"image\":{\"@id\":\"https:\/\/strangercam.com\/chatzy\/#primaryimage\"},\"thumbnailUrl\":\"https:\/\/strangercam.com\/wp-content\/uploads\/2020\/11\/stranger-cam-1.png\",\"datePublished\":\"2021-06-20T12:53:54+00:00\",\"dateModified\":\"2023-08-21T10:24:41+00:00\",\"description\":\"Like Chatzy? Come chat with more than 5.000.000 strangers on Stranger Cam for Free! Turn on your cam and find new friends & maby a match!\",\"breadcrumb\":{\"@id\":\"https:\/\/strangercam.com\/chatzy\/#breadcrumb\"},\"inLanguage\":\"cs\",\"potentialAction\":[{\"@type\":\"ReadAction\",\"target\":[\"https:\/\/strangercam.com\/chatzy\/\"]}]},{\"@type\":\"ImageObject\",\"inLanguage\":\"cs\",\"@id\":\"https:\/\/strangercam.com\/chatzy\/#primaryimage\",\"url\":\"https:\/\/strangercam.com\/wp-content\/uploads\/2020\/11\/stranger-cam-1.png\",\"contentUrl\":\"https:\/\/strangercam.com\/wp-content\/uploads\/2020\/11\/stranger-cam-1.png\",\"width\":800,\"height\":800,\"caption\":\"stranger cam random video chat\"},{\"@type\":\"BreadcrumbList\",\"@id\":\"https:\/\/strangercam.com\/chatzy\/#breadcrumb\",\"itemListElement\":[{\"@type\":\"ListItem\",\"position\":1,\"name\":\"Home\",\"item\":\"https:\/\/strangercam.com\/\"},{\"@type\":\"ListItem\",\"position\":2,\"name\":\"Chatzy\"}]},{\"@type\":\"WebSite\",\"@id\":\"https:\/\/strangercam.com\/#website\",\"url\":\"https:\/\/strangercam.com\/\",\"name\":\"Strangercam\",\"description\":\"Random Video Chat with Strangers\",\"publisher\":{\"@id\":\"https:\/\/strangercam.com\/#organization\"},\"alternateName\":\"Strangercam.com\",\"potentialAction\":[{\"@type\":\"SearchAction\",\"target\":{\"@type\":\"EntryPoint\",\"urlTemplate\":\"https:\/\/strangercam.com\/?s={search_term_string}\"},\"query-input\":{\"@type\":\"PropertyValueSpecification\",\"valueRequired\":true,\"valueName\":\"search_term_string\"}}],\"inLanguage\":\"cs\"},{\"@type\":\"Organization\",\"@id\":\"https:\/\/strangercam.com\/#organization\",\"name\":\"Strangercam\",\"alternateName\":\"Strangercam.com\",\"url\":\"https:\/\/strangercam.com\/\",\"logo\":{\"@type\":\"ImageObject\",\"inLanguage\":\"cs\",\"@id\":\"https:\/\/strangercam.com\/#\/schema\/logo\/image\/\",\"url\":\"https:\/\/strangercam.com\/wp-content\/uploads\/2020\/11\/cropped-new-favicon-black.png\",\"contentUrl\":\"https:\/\/strangercam.com\/wp-content\/uploads\/2020\/11\/cropped-new-favicon-black.png\",\"width\":512,\"height\":512,\"caption\":\"Strangercam\"},\"image\":{\"@id\":\"https:\/\/strangercam.com\/#\/schema\/logo\/image\/\"},\"sameAs\":[\"https:\/\/www.facebook.com\/strangercam\",\"https:\/\/x.com\/strangercamapp\"]}]}<\/script>\n<!-- \/ Yoast SEO plugin. -->","yoast_head_json":{"title":"Chatzy - Soukrom\u00e9 chatovac\u00ed m\u00edstnosti zdarma - Cam na StrangerCam.com","description":"Jako Chatzy? Poj\u010fte si zdarma popov\u00eddat s v\u00edce ne\u017e 5 000 000 cizinci na Stranger Cam! Zapn\u011bte si kameru a najd\u011bte nov\u00e9 p\u0159\u00e1tele &amp; maby z\u00e1pas!","robots":{"index":"index","follow":"follow","max-snippet":"max-snippet:-1","max-image-preview":"max-image-preview:large","max-video-preview":"max-video-preview:-1"},"canonical":"https:\/\/strangercam.com\/cs\/chatzy\/","og_locale":"cs_CZ","og_type":"article","og_title":"Chatzy - Free Private Chat Rooms - Cam on StrangerCam.com","og_description":"Like Chatzy? Come chat with more than 5.000.000 strangers on Stranger Cam for Free! Turn on your cam and find new friends & maby a match!","og_url":"https:\/\/strangercam.com\/cs\/chatzy\/","og_site_name":"Strangercam","article_publisher":"https:\/\/www.facebook.com\/strangercam","article_modified_time":"2023-08-21T10:24:41+00:00","og_image":[{"width":800,"height":800,"url":"https:\/\/strangercam.com\/wp-content\/uploads\/2020\/11\/stranger-cam-1.png","type":"image\/png"}],"twitter_card":"summary_large_image","twitter_site":"@strangercamapp","twitter_misc":{"Odhadovan\u00e1 doba \u010dten\u00ed":"2 minuty"},"schema":{"@context":"https:\/\/schema.org","@graph":[{"@type":"WebPage","@id":"https:\/\/strangercam.com\/chatzy\/","url":"https:\/\/strangercam.com\/chatzy\/","name":"Chatzy - Soukrom\u00e9 chatovac\u00ed m\u00edstnosti zdarma - Cam na StrangerCam.com","isPartOf":{"@id":"https:\/\/strangercam.com\/#website"},"primaryImageOfPage":{"@id":"https:\/\/strangercam.com\/chatzy\/#primaryimage"},"image":{"@id":"https:\/\/strangercam.com\/chatzy\/#primaryimage"},"thumbnailUrl":"https:\/\/strangercam.com\/wp-content\/uploads\/2020\/11\/stranger-cam-1.png","datePublished":"2021-06-20T12:53:54+00:00","dateModified":"2023-08-21T10:24:41+00:00","description":"Jako Chatzy? Poj\u010fte si zdarma popov\u00eddat s v\u00edce ne\u017e 5 000 000 cizinci na Stranger Cam! Zapn\u011bte si kameru a najd\u011bte nov\u00e9 p\u0159\u00e1tele &amp; maby z\u00e1pas!","breadcrumb":{"@id":"https:\/\/strangercam.com\/chatzy\/#breadcrumb"},"inLanguage":"cs","potentialAction":[{"@type":"ReadAction","target":["https:\/\/strangercam.com\/chatzy\/"]}]},{"@type":"ImageObject","inLanguage":"cs","@id":"https:\/\/strangercam.com\/chatzy\/#primaryimage","url":"https:\/\/strangercam.com\/wp-content\/uploads\/2020\/11\/stranger-cam-1.png","contentUrl":"https:\/\/strangercam.com\/wp-content\/uploads\/2020\/11\/stranger-cam-1.png","width":800,"height":800,"caption":"stranger cam random video chat"},{"@type":"BreadcrumbList","@id":"https:\/\/strangercam.com\/chatzy\/#breadcrumb","itemListElement":[{"@type":"ListItem","position":1,"name":"Home","item":"https:\/\/strangercam.com\/"},{"@type":"ListItem","position":2,"name":"Chatzy"}]},{"@type":"WebSite","@id":"https:\/\/strangercam.com\/#website","url":"https:\/\/strangercam.com\/","name":"Strangercam","description":"N\u00e1hodn\u00fd videochat s ciz\u00edmi lidmi","publisher":{"@id":"https:\/\/strangercam.com\/#organization"},"alternateName":"Strangercam.com","potentialAction":[{"@type":"SearchAction","target":{"@type":"EntryPoint","urlTemplate":"https:\/\/strangercam.com\/?s={search_term_string}"},"query-input":{"@type":"PropertyValueSpecification","valueRequired":true,"valueName":"search_term_string"}}],"inLanguage":"cs"},{"@type":"Organization","@id":"https:\/\/strangercam.com\/#organization","name":"Strangercam","alternateName":"Strangercam.com","url":"https:\/\/strangercam.com\/","logo":{"@type":"ImageObject","inLanguage":"cs","@id":"https:\/\/strangercam.com\/#\/schema\/logo\/image\/","url":"https:\/\/strangercam.com\/wp-content\/uploads\/2020\/11\/cropped-new-favicon-black.png","contentUrl":"https:\/\/strangercam.com\/wp-content\/uploads\/2020\/11\/cropped-new-favicon-black.png","width":512,"height":512,"caption":"Strangercam"},"image":{"@id":"https:\/\/strangercam.com\/#\/schema\/logo\/image\/"},"sameAs":["https:\/\/www.facebook.com\/strangercam","https:\/\/x.com\/strangercamapp"]}]}},"_links":{"self":[{"href":"https:\/\/strangercam.com\/cs\/wp-json\/wp\/v2\/pages\/5268","targetHints":{"allow":["GET"]}}],"collection":[{"href":"https:\/\/strangercam.com\/cs\/wp-json\/wp\/v2\/pages"}],"about":[{"href":"https:\/\/strangercam.com\/cs\/wp-json\/wp\/v2\/types\/page"}],"author":[{"embeddable":true,"href":"https:\/\/strangercam.com\/cs\/wp-json\/wp\/v2\/users\/6"}],"replies":[{"embeddable":true,"href":"https:\/\/strangercam.com\/cs\/wp-json\/wp\/v2\/comments?post=5268"}],"version-history":[{"count":0,"href":"https:\/\/strangercam.com\/cs\/wp-json\/wp\/v2\/pages\/5268\/revisions"}],"wp:featuredmedia":[{"embeddable":true,"href":"https:\/\/strangercam.com\/cs\/wp-json\/wp\/v2\/media\/559"}],"wp:attachment":[{"href":"https:\/\/strangercam.com\/cs\/wp-json\/wp\/v2\/media?parent=5268"}],"curies":[{"name":"wp","href":"https:\/\/api.w.org\/{rel}","templated":true}]}}