{"id":5249,"date":"2021-06-20T14:45:11","date_gmt":"2021-06-20T12:45:11","guid":{"rendered":"https:\/\/strangercam.com\/?page_id=5249"},"modified":"2023-08-21T12:24:41","modified_gmt":"2023-08-21T10:24:41","slug":"chatogo","status":"publish","type":"page","link":"https:\/\/strangercam.com\/cs\/chatogo\/","title":{"rendered":"Chatogo"},"content":{"rendered":"<p>A\u010dkoli <b>chatogo<\/b> je textov\u00fd web, nab\u00edz\u00ed n\u011bco zaj\u00edmav\u00e9ho a jedine\u010dn\u00e9ho. Umo\u017e\u0148uje v\u00e1m spojit se s dal\u0161\u00edmi podobn\u011b sm\u00fd\u0161lej\u00edc\u00edmi lidmi z cel\u00e9ho sv\u011bta. Na t\u00e9to str\u00e1nce se da\u0159\u00ed kombinovat starou \u0161kolu <a href=\"https:\/\/strangercam.com\/cs\/chatroulette\/\">chat<\/a> jednoduchost webov\u00fdch str\u00e1nek s nejnov\u011bj\u0161\u00edmi aplikacemi soci\u00e1ln\u00edch m\u00e9di\u00ed. Je to skv\u011bl\u00e1 platforma <a href=\"https:\/\/strangercam.com\/cs\/only2chat\/\">chatovat<\/a> s \u00fapln\u011b ciz\u00edmi lidmi a nav\u00e1zat kontakt se sv\u00fdm publikem. Pokud jste podnikatel, m\u016f\u017eete snadno zv\u00fd\u0161it n\u00e1v\u0161t\u011bvnost sv\u00fdch profesn\u00edch\/osobn\u00edch str\u00e1nek. Tato chatovac\u00ed str\u00e1nka skute\u010dn\u011b slibuje sv\u00fdm u\u017eivatel\u016fm mnoho a je pln\u00e1 potenci\u00e1ln\u00edch v\u00fdhod. M\u00e1 miliony aktivn\u00edch u\u017eivatel\u016f z cel\u00e9ho sv\u011bta.<\/p>\n<h2>Jak se zaregistrovat u slu\u017eby chatogo<\/h2>\n<p>Registrace na t\u011bchto str\u00e1nk\u00e1ch je snadn\u00e1 a rychl\u00e1 a zabere jen asi p\u016fl minuty. Ov\u011b\u0159en\u00ed e-mailu nebo registrace na Facebooku nen\u00ed vy\u017eadov\u00e1na. Registrace nav\u00edc nen\u00ed spojena s \u017e\u00e1dn\u00fdmi poplatky. Pr\u00e1v\u011b jednoduchost registrace z n\u011bj d\u011bl\u00e1 l\u00eddra v t\u00e9to skupin\u011b. Registrovan\u00fdm \u010dlenem se stanete velmi rychle. M\u016f\u017eete si ji snadno st\u00e1hnout do po\u010d\u00edta\u010de nebo mobiln\u00edho telefonu.<\/p>\n<h3>Jak pou\u017e\u00edvat chatogo<\/h3>\n<p>Na tomto webu si m\u016f\u017eete bez n\u00e1mahy p\u0159izp\u016fsobit chatovac\u00ed m\u00edstnosti a chatovat se spoustou cizinc\u016f z cel\u00e9ho sv\u011bta. Kompatibilita a p\u0159enositelnost s jin\u00fdmi weby v\u010detn\u011b platforem soci\u00e1ln\u00edch m\u00e9di\u00ed je to, co d\u011bl\u00e1 tuto str\u00e1nku <a href=\"https:\/\/strangercam.com\/cs\/1v1-chat\/\">jeden<\/a> unik\u00e1tn\u00ed. M\u016f\u017eete si tak\u00e9 p\u0159izp\u016fsobit jeho vzhled - p\u00edsmo, velikost a barevn\u00e9 sch\u00e9ma tak, aby vyhovovalo va\u0161im specifick\u00fdm pot\u0159eb\u00e1m a n\u00e1lad\u00e1m. M\u016f\u017eete tak\u00e9 stanovit omezen\u00fd po\u010det zpr\u00e1v na osobu, abyste zajistili \u010diteln\u00fd tok chatu. Sta\u010d\u00ed, kdy\u017e chatovac\u00ed m\u00edstnost vlo\u017e\u00edte na po\u017eadovan\u00e9 str\u00e1nky. Zkop\u00edrujte k\u00f3d HTML skupiny a vlo\u017ete jej na sv\u00e9 webov\u00e9 str\u00e1nky.<\/p>\n<h3>Jak\u00e9 jsou v\u00fdhody a nev\u00fdhody syst\u00e9mu chatogo<\/h3>\n<p>Na sv\u00e9 firemn\u00ed nebo osobn\u00ed str\u00e1nky m\u016f\u017eete snadno vlo\u017eit ve\u0159ejn\u00e9 nebo soukrom\u00e9 chatovac\u00ed m\u00edstnosti. Tento chat je kompatibiln\u00ed s r\u016fzn\u00fdmi platformami soci\u00e1ln\u00edch m\u00e9di\u00ed a je tak\u00e9 p\u0159enosn\u00fd. Jste <a href=\"https:\/\/strangercam.com\/cs\/chat4free\/\">zdarma<\/a> vytv\u00e1\u0159et chatovac\u00ed m\u00edstnosti pro skupiny a p\u0159izp\u016fsobovat je podle pot\u0159eby. M\u00e1te mo\u017enost blokovat ur\u010dit\u00e1 slova a ne\u017e\u00e1douc\u00ed \u010dleny. K dispozici je funkce ke sta\u017een\u00ed, jako je MessageCatcher pro opera\u010dn\u00ed syst\u00e9m Windows, kter\u00e1 umo\u017e\u0148uje p\u0159ij\u00edmat d\u016fle\u017eit\u00e9 zpr\u00e1vy, kdy\u017e jste online. Snadn\u00e1 dostupnost je dal\u0161\u00ed zaj\u00edmavou funkc\u00ed, kterou tento web nab\u00edz\u00ed. Registrace, aktualizace \u017eivotopisu, nahr\u00e1n\u00ed profilov\u00e9ho obr\u00e1zku a zas\u00edl\u00e1n\u00ed zpr\u00e1v je zcela zdarma. Nev\u00fdhodou v\u0161ak je, \u017ee se v\u011bt\u0161inou pou\u017e\u00edv\u00e1 k propagaci podnik\u016f a nen\u00ed p\u0159\u00edli\u0161 romantick\u00e1. <a href=\"https:\/\/strangercam.com\/cs\/chatingly\/\">chaty<\/a>. Design aplikac\u00ed, zejm\u00e9na webov\u00fdch str\u00e1nek, m\u016f\u017ee b\u00fdt pro n\u011bkoho probl\u00e9mem.<\/p>","protected":false},"excerpt":{"rendered":"<p>Although chatogo is a text-based site, it offers something interesting and unique. It allows you to connect with other likeminded people from across the globe. This site manages to blend old school chat website simplicity with that of the latest social media apps. It is a wonderful platform to chat with complete strangers as well [&hellip;]<\/p>\n","protected":false},"author":6,"featured_media":559,"parent":0,"menu_order":0,"comment_status":"closed","ping_status":"closed","template":"","meta":{"footnotes":""},"class_list":["post-5249","page","type-page","status-publish","has-post-thumbnail","hentry"],"yoast_head":"<!-- This site is optimized with the Yoast SEO plugin v26.9 - https:\/\/yoast.com\/product\/yoast-seo-wordpress\/ -->\n<title>Chatogo - Free Random Chat Rooms - Cam on StrangerCam.com<\/title>\n<meta name=\"description\" content=\"Like Chatogo? Come chat with more than 5.000.000 strangers on Stranger Cam for Free! Turn on your cam and find new friends &amp; maby a match!\" \/>\n<meta name=\"robots\" content=\"index, follow, max-snippet:-1, max-image-preview:large, max-video-preview:-1\" \/>\n<link rel=\"canonical\" href=\"https:\/\/strangercam.com\/cs\/chatogo\/\" \/>\n<meta property=\"og:locale\" content=\"cs_CZ\" \/>\n<meta property=\"og:type\" content=\"article\" \/>\n<meta property=\"og:title\" content=\"Chatogo - Free Random Chat Rooms - Cam on StrangerCam.com\" \/>\n<meta property=\"og:description\" content=\"Like Chatogo? Come chat with more than 5.000.000 strangers on Stranger Cam for Free! Turn on your cam and find new friends &amp; maby a match!\" \/>\n<meta property=\"og:url\" content=\"https:\/\/strangercam.com\/cs\/chatogo\/\" \/>\n<meta property=\"og:site_name\" content=\"Strangercam\" \/>\n<meta property=\"article:publisher\" content=\"https:\/\/www.facebook.com\/strangercam\" \/>\n<meta property=\"article:modified_time\" content=\"2023-08-21T10:24:41+00:00\" \/>\n<meta property=\"og:image\" content=\"https:\/\/strangercam.com\/wp-content\/uploads\/2020\/11\/stranger-cam-1.png\" \/>\n\t<meta property=\"og:image:width\" content=\"800\" \/>\n\t<meta property=\"og:image:height\" content=\"800\" \/>\n\t<meta property=\"og:image:type\" content=\"image\/png\" \/>\n<meta name=\"twitter:card\" content=\"summary_large_image\" \/>\n<meta name=\"twitter:site\" content=\"@strangercamapp\" \/>\n<meta name=\"twitter:label1\" content=\"Odhadovan\u00e1 doba \u010dten\u00ed\" \/>\n\t<meta name=\"twitter:data1\" content=\"2 minuty\" \/>\n<script type=\"application\/ld+json\" class=\"yoast-schema-graph\">{\"@context\":\"https:\/\/schema.org\",\"@graph\":[{\"@type\":\"WebPage\",\"@id\":\"https:\/\/strangercam.com\/chatogo\/\",\"url\":\"https:\/\/strangercam.com\/chatogo\/\",\"name\":\"Chatogo - Free Random Chat Rooms - Cam on StrangerCam.com\",\"isPartOf\":{\"@id\":\"https:\/\/strangercam.com\/#website\"},\"primaryImageOfPage\":{\"@id\":\"https:\/\/strangercam.com\/chatogo\/#primaryimage\"},\"image\":{\"@id\":\"https:\/\/strangercam.com\/chatogo\/#primaryimage\"},\"thumbnailUrl\":\"https:\/\/strangercam.com\/wp-content\/uploads\/2020\/11\/stranger-cam-1.png\",\"datePublished\":\"2021-06-20T12:45:11+00:00\",\"dateModified\":\"2023-08-21T10:24:41+00:00\",\"description\":\"Like Chatogo? Come chat with more than 5.000.000 strangers on Stranger Cam for Free! Turn on your cam and find new friends & maby a match!\",\"breadcrumb\":{\"@id\":\"https:\/\/strangercam.com\/chatogo\/#breadcrumb\"},\"inLanguage\":\"cs\",\"potentialAction\":[{\"@type\":\"ReadAction\",\"target\":[\"https:\/\/strangercam.com\/chatogo\/\"]}]},{\"@type\":\"ImageObject\",\"inLanguage\":\"cs\",\"@id\":\"https:\/\/strangercam.com\/chatogo\/#primaryimage\",\"url\":\"https:\/\/strangercam.com\/wp-content\/uploads\/2020\/11\/stranger-cam-1.png\",\"contentUrl\":\"https:\/\/strangercam.com\/wp-content\/uploads\/2020\/11\/stranger-cam-1.png\",\"width\":800,\"height\":800,\"caption\":\"stranger cam random video chat\"},{\"@type\":\"BreadcrumbList\",\"@id\":\"https:\/\/strangercam.com\/chatogo\/#breadcrumb\",\"itemListElement\":[{\"@type\":\"ListItem\",\"position\":1,\"name\":\"Home\",\"item\":\"https:\/\/strangercam.com\/\"},{\"@type\":\"ListItem\",\"position\":2,\"name\":\"Chatogo\"}]},{\"@type\":\"WebSite\",\"@id\":\"https:\/\/strangercam.com\/#website\",\"url\":\"https:\/\/strangercam.com\/\",\"name\":\"Strangercam\",\"description\":\"Random Video Chat with Strangers\",\"publisher\":{\"@id\":\"https:\/\/strangercam.com\/#organization\"},\"alternateName\":\"Strangercam.com\",\"potentialAction\":[{\"@type\":\"SearchAction\",\"target\":{\"@type\":\"EntryPoint\",\"urlTemplate\":\"https:\/\/strangercam.com\/?s={search_term_string}\"},\"query-input\":{\"@type\":\"PropertyValueSpecification\",\"valueRequired\":true,\"valueName\":\"search_term_string\"}}],\"inLanguage\":\"cs\"},{\"@type\":\"Organization\",\"@id\":\"https:\/\/strangercam.com\/#organization\",\"name\":\"Strangercam\",\"alternateName\":\"Strangercam.com\",\"url\":\"https:\/\/strangercam.com\/\",\"logo\":{\"@type\":\"ImageObject\",\"inLanguage\":\"cs\",\"@id\":\"https:\/\/strangercam.com\/#\/schema\/logo\/image\/\",\"url\":\"https:\/\/strangercam.com\/wp-content\/uploads\/2020\/11\/cropped-new-favicon-black.png\",\"contentUrl\":\"https:\/\/strangercam.com\/wp-content\/uploads\/2020\/11\/cropped-new-favicon-black.png\",\"width\":512,\"height\":512,\"caption\":\"Strangercam\"},\"image\":{\"@id\":\"https:\/\/strangercam.com\/#\/schema\/logo\/image\/\"},\"sameAs\":[\"https:\/\/www.facebook.com\/strangercam\",\"https:\/\/x.com\/strangercamapp\"]}]}<\/script>\n<!-- \/ Yoast SEO plugin. -->","yoast_head_json":{"title":"Chatogo - N\u00e1hodn\u00e9 chatovac\u00ed m\u00edstnosti zdarma - Cam na StrangerCam.com","description":"Jako Chatogo? Poj\u010fte si zdarma popov\u00eddat s v\u00edce ne\u017e 5 000 000 cizinci na Stranger Cam! Zapn\u011bte kameru a najd\u011bte nov\u00e9 p\u0159\u00e1tele &amp; maby z\u00e1pas!","robots":{"index":"index","follow":"follow","max-snippet":"max-snippet:-1","max-image-preview":"max-image-preview:large","max-video-preview":"max-video-preview:-1"},"canonical":"https:\/\/strangercam.com\/cs\/chatogo\/","og_locale":"cs_CZ","og_type":"article","og_title":"Chatogo - Free Random Chat Rooms - Cam on StrangerCam.com","og_description":"Like Chatogo? Come chat with more than 5.000.000 strangers on Stranger Cam for Free! Turn on your cam and find new friends & maby a match!","og_url":"https:\/\/strangercam.com\/cs\/chatogo\/","og_site_name":"Strangercam","article_publisher":"https:\/\/www.facebook.com\/strangercam","article_modified_time":"2023-08-21T10:24:41+00:00","og_image":[{"width":800,"height":800,"url":"https:\/\/strangercam.com\/wp-content\/uploads\/2020\/11\/stranger-cam-1.png","type":"image\/png"}],"twitter_card":"summary_large_image","twitter_site":"@strangercamapp","twitter_misc":{"Odhadovan\u00e1 doba \u010dten\u00ed":"2 minuty"},"schema":{"@context":"https:\/\/schema.org","@graph":[{"@type":"WebPage","@id":"https:\/\/strangercam.com\/chatogo\/","url":"https:\/\/strangercam.com\/chatogo\/","name":"Chatogo - N\u00e1hodn\u00e9 chatovac\u00ed m\u00edstnosti zdarma - Cam na StrangerCam.com","isPartOf":{"@id":"https:\/\/strangercam.com\/#website"},"primaryImageOfPage":{"@id":"https:\/\/strangercam.com\/chatogo\/#primaryimage"},"image":{"@id":"https:\/\/strangercam.com\/chatogo\/#primaryimage"},"thumbnailUrl":"https:\/\/strangercam.com\/wp-content\/uploads\/2020\/11\/stranger-cam-1.png","datePublished":"2021-06-20T12:45:11+00:00","dateModified":"2023-08-21T10:24:41+00:00","description":"Jako Chatogo? Poj\u010fte si zdarma popov\u00eddat s v\u00edce ne\u017e 5 000 000 cizinci na Stranger Cam! Zapn\u011bte kameru a najd\u011bte nov\u00e9 p\u0159\u00e1tele &amp; maby z\u00e1pas!","breadcrumb":{"@id":"https:\/\/strangercam.com\/chatogo\/#breadcrumb"},"inLanguage":"cs","potentialAction":[{"@type":"ReadAction","target":["https:\/\/strangercam.com\/chatogo\/"]}]},{"@type":"ImageObject","inLanguage":"cs","@id":"https:\/\/strangercam.com\/chatogo\/#primaryimage","url":"https:\/\/strangercam.com\/wp-content\/uploads\/2020\/11\/stranger-cam-1.png","contentUrl":"https:\/\/strangercam.com\/wp-content\/uploads\/2020\/11\/stranger-cam-1.png","width":800,"height":800,"caption":"stranger cam random video chat"},{"@type":"BreadcrumbList","@id":"https:\/\/strangercam.com\/chatogo\/#breadcrumb","itemListElement":[{"@type":"ListItem","position":1,"name":"Home","item":"https:\/\/strangercam.com\/"},{"@type":"ListItem","position":2,"name":"Chatogo"}]},{"@type":"WebSite","@id":"https:\/\/strangercam.com\/#website","url":"https:\/\/strangercam.com\/","name":"Strangercam","description":"N\u00e1hodn\u00fd videochat s ciz\u00edmi lidmi","publisher":{"@id":"https:\/\/strangercam.com\/#organization"},"alternateName":"Strangercam.com","potentialAction":[{"@type":"SearchAction","target":{"@type":"EntryPoint","urlTemplate":"https:\/\/strangercam.com\/?s={search_term_string}"},"query-input":{"@type":"PropertyValueSpecification","valueRequired":true,"valueName":"search_term_string"}}],"inLanguage":"cs"},{"@type":"Organization","@id":"https:\/\/strangercam.com\/#organization","name":"Strangercam","alternateName":"Strangercam.com","url":"https:\/\/strangercam.com\/","logo":{"@type":"ImageObject","inLanguage":"cs","@id":"https:\/\/strangercam.com\/#\/schema\/logo\/image\/","url":"https:\/\/strangercam.com\/wp-content\/uploads\/2020\/11\/cropped-new-favicon-black.png","contentUrl":"https:\/\/strangercam.com\/wp-content\/uploads\/2020\/11\/cropped-new-favicon-black.png","width":512,"height":512,"caption":"Strangercam"},"image":{"@id":"https:\/\/strangercam.com\/#\/schema\/logo\/image\/"},"sameAs":["https:\/\/www.facebook.com\/strangercam","https:\/\/x.com\/strangercamapp"]}]}},"_links":{"self":[{"href":"https:\/\/strangercam.com\/cs\/wp-json\/wp\/v2\/pages\/5249","targetHints":{"allow":["GET"]}}],"collection":[{"href":"https:\/\/strangercam.com\/cs\/wp-json\/wp\/v2\/pages"}],"about":[{"href":"https:\/\/strangercam.com\/cs\/wp-json\/wp\/v2\/types\/page"}],"author":[{"embeddable":true,"href":"https:\/\/strangercam.com\/cs\/wp-json\/wp\/v2\/users\/6"}],"replies":[{"embeddable":true,"href":"https:\/\/strangercam.com\/cs\/wp-json\/wp\/v2\/comments?post=5249"}],"version-history":[{"count":0,"href":"https:\/\/strangercam.com\/cs\/wp-json\/wp\/v2\/pages\/5249\/revisions"}],"wp:featuredmedia":[{"embeddable":true,"href":"https:\/\/strangercam.com\/cs\/wp-json\/wp\/v2\/media\/559"}],"wp:attachment":[{"href":"https:\/\/strangercam.com\/cs\/wp-json\/wp\/v2\/media?parent=5249"}],"curies":[{"name":"wp","href":"https:\/\/api.w.org\/{rel}","templated":true}]}}