{"id":5227,"date":"2021-06-20T14:37:25","date_gmt":"2021-06-20T12:37:25","guid":{"rendered":"https:\/\/strangercam.com\/?page_id=5227"},"modified":"2023-08-21T12:47:26","modified_gmt":"2023-08-21T10:47:26","slug":"y99","status":"publish","type":"page","link":"https:\/\/strangercam.com\/cs\/y99\/","title":{"rendered":"Y99"},"content":{"rendered":"<p>Jedn\u00e1 se o obl\u00edbenou online seznamku, kter\u00e1 umo\u017e\u0148uje zadat n\u011bkter\u00fd z jej\u00edch <a href=\"https:\/\/strangercam.com\/cs\/chatroulette\/\">chat<\/a> bez nutnosti registrace. Mo\u017en\u00e1 hled\u00e1te p\u0159\u00edtele. M\u016f\u017ee to b\u00fdt \u010dlov\u011bk, se kter\u00fdm budete sd\u00edlet sv\u00e9 my\u0161lenky. M\u016f\u017ee to b\u00fdt tak\u00e9 partner, s n\u00edm\u017e budete cht\u00edt vztah posunout na vy\u0161\u0161\u00ed \u00farove\u0148. <a href=\"https:\/\/strangercam.com\/cs\/nextcam\/\">dal\u0161\u00ed<\/a> \u00farove\u0148. Pomoc\u00ed tohoto chatovac\u00edho port\u00e1lu m\u016f\u017eete se sv\u00fdm stejn\u011b sm\u00fd\u0161lej\u00edc\u00edm p\u0159\u00edtelem konverzovat cel\u00e9 hodiny a sd\u00edlet sv\u00e9 pocity. K p\u0159ipojen\u00ed k tomuto chatovac\u00edmu port\u00e1lu m\u016f\u017eete pou\u017e\u00edt notebook, za\u0159\u00edzen\u00ed se syst\u00e9mem Android nebo iphone. Nab\u00edz\u00ed v\u0161ak neoceniteln\u00e9 <a href=\"https:\/\/strangercam.com\/cs\/chatingly\/\">chatov\u00e1n\u00ed<\/a> slu\u017ebu, kterou budete ur\u010dit\u011b r\u00e1di pou\u017e\u00edvat.<\/p>\n<h2>Jak se zaregistrovat u y99<\/h2>\n<p>Pro zah\u00e1jen\u00ed chatov\u00e1n\u00ed na tomto chatovac\u00edm port\u00e1lu nen\u00ed nutn\u00e1 \u017e\u00e1dn\u00e1 registrace. Sp\u00ed\u0161e sta\u010d\u00ed nav\u0161t\u00edvit webov\u00e9 str\u00e1nky nebo spustit aplikaci a zadat sv\u00e9 chatovac\u00ed jm\u00e9no. M\u016f\u017ee to b\u00fdt jak\u00e1koli p\u0159ezd\u00edvka podle va\u0161eho v\u00fdb\u011bru, kterou chcete m\u00edt, abyste se p\u0159edstavili ciz\u00edm lidem tam venku. Jakmile tak u\u010din\u00edte, m\u016f\u017eete jednodu\u0161e zah\u00e1jit svou neregistrovanou relaci chatu. Pokud jste se ji\u017e na tomto port\u00e1lu zaregistrovali a poskytli sv\u00e9 z\u00e1kladn\u00ed informace, sta\u010d\u00ed zadat sv\u00e9 u\u017eivatelsk\u00e9 jm\u00e9no a vytvo\u0159en\u00e9 heslo. K dispozici je tak\u00e9 mo\u017enost obnoven\u00ed \u00fa\u010dtu v p\u0159\u00edpad\u011b, \u017ee heslo zapomenete. P\u0159ihl\u00e1\u0161en\u00ed na tento port\u00e1l je tedy pom\u011brn\u011b snadn\u00e9, rychl\u00e9 a jednoduch\u00e9.<\/p>\n<h3>Jak pou\u017e\u00edvat y99<\/h3>\n<p>Tento port\u00e1l umo\u017e\u0148uje vytv\u00e1\u0159et n\u00e1hodn\u00e9 chaty, p\u0159ipojovat se ke skupinov\u00fdm chat\u016fm, \u010d\u00edst vtipn\u00e9 memy atd. M\u016f\u017eete si vytvo\u0159it vlastn\u00ed chatovac\u00ed skupinu a pozvat do n\u00ed lidi, kte\u0159\u00ed maj\u00ed podobn\u00e9 my\u0161lenky a n\u00e1lady. A\u0165 u\u017e jste registrovan\u00fd, nebo neregistrovan\u00fd u\u017eivatel, m\u016f\u017eete se po celou dobu sezen\u00ed nesm\u00edrn\u011b bavit. M\u00e1te mo\u017enost p\u0159ipojit se ke skupinov\u00fdm chat\u016fm, <a href=\"https:\/\/strangercam.com\/cs\/1v1-chat\/\">jeden<\/a> na jeden a memy. V p\u0159\u00edpad\u011b, \u017ee pot\u0159ebujete poradit, m\u016f\u017eete v\u017edy vyu\u017e\u00edt tipy a n\u00e1vody poskytovan\u00e9 v r\u00e1mci port\u00e1lu, abyste se mohli spr\u00e1vn\u011b rozhodnout.<\/p>\n<h3>Jak\u00e9 jsou v\u00fdhody a nev\u00fdhody y99<\/h3>\n<p>Tento port\u00e1l je rychl\u00fd pro vstup a zah\u00e1jen\u00ed chatov\u00e1n\u00ed s ciz\u00edmi lidmi, a\u0165 u\u017e je to jeden na jednoho nebo ve skupin\u011b. Umo\u017e\u0148uje tak\u00e9 vytv\u00e1\u0159et a sd\u00edlet zaj\u00edmav\u00e9 memy s ostatn\u00edmi po cel\u00e9m sv\u011bt\u011b. V ka\u017ed\u00e9m okam\u017eiku zde najdete tis\u00edce lid\u00ed, kte\u0159\u00ed spolu chatuj\u00ed, a proto je pom\u011brn\u011b popul\u00e1rn\u00ed. Chat m\u016f\u017eete zah\u00e1jit i ukon\u010dit, kdykoli si budete p\u0159\u00e1t. P\u0159\u00e1tel\u00e9 se tak\u00e9 mohou t\u011b\u0161it <a href=\"https:\/\/strangercam.com\/cs\/chat4free\/\">zdarma<\/a> telefon\u00e1ty. Jedin\u00fdm probl\u00e9mem je, \u017ee bez registrace nemus\u00ed b\u00fdt bezpe\u010dn\u00fd. Mus\u00edte tedy chr\u00e1nit sv\u00e9 soukrom\u00ed a nikomu p\u0159es chat nesd\u011blovat sv\u00e9 osobn\u00ed \u00fadaje.<\/p>","protected":false},"excerpt":{"rendered":"<p>This is a popular online dating site that allows you to enter any of its chat rooms without requiring any registration. You may be seeking a friend. It could be a person to share your thoughts. It can also be a partner with whom you may want to take the relationship to the next level. [&hellip;]<\/p>\n","protected":false},"author":6,"featured_media":559,"parent":0,"menu_order":0,"comment_status":"closed","ping_status":"closed","template":"","meta":{"footnotes":""},"class_list":["post-5227","page","type-page","status-publish","has-post-thumbnail","hentry"],"yoast_head":"<!-- This site is optimized with the Yoast SEO plugin v26.9 - https:\/\/yoast.com\/product\/yoast-seo-wordpress\/ -->\n<title>Y99 - Free Online Random Chat - Cam on StrangerCam.com<\/title>\n<meta name=\"description\" content=\"Like Y99? Come chat with more than 5.000.000 strangers on Stranger Cam for Free! Turn on your cam and find new friends &amp; maby a match!\" \/>\n<meta name=\"robots\" content=\"index, follow, max-snippet:-1, max-image-preview:large, max-video-preview:-1\" \/>\n<link rel=\"canonical\" href=\"https:\/\/strangercam.com\/cs\/y99\/\" \/>\n<meta property=\"og:locale\" content=\"cs_CZ\" \/>\n<meta property=\"og:type\" content=\"article\" \/>\n<meta property=\"og:title\" content=\"Y99 - Free Online Random Chat - Cam on StrangerCam.com\" \/>\n<meta property=\"og:description\" content=\"Like Y99? Come chat with more than 5.000.000 strangers on Stranger Cam for Free! Turn on your cam and find new friends &amp; maby a match!\" \/>\n<meta property=\"og:url\" content=\"https:\/\/strangercam.com\/cs\/y99\/\" \/>\n<meta property=\"og:site_name\" content=\"Strangercam\" \/>\n<meta property=\"article:publisher\" content=\"https:\/\/www.facebook.com\/strangercam\" \/>\n<meta property=\"article:modified_time\" content=\"2023-08-21T10:47:26+00:00\" \/>\n<meta property=\"og:image\" content=\"https:\/\/strangercam.com\/wp-content\/uploads\/2020\/11\/stranger-cam-1.png\" \/>\n\t<meta property=\"og:image:width\" content=\"800\" \/>\n\t<meta property=\"og:image:height\" content=\"800\" \/>\n\t<meta property=\"og:image:type\" content=\"image\/png\" \/>\n<meta name=\"twitter:card\" content=\"summary_large_image\" \/>\n<meta name=\"twitter:site\" content=\"@strangercamapp\" \/>\n<meta name=\"twitter:label1\" content=\"Odhadovan\u00e1 doba \u010dten\u00ed\" \/>\n\t<meta name=\"twitter:data1\" content=\"2 minuty\" \/>\n<script type=\"application\/ld+json\" class=\"yoast-schema-graph\">{\"@context\":\"https:\/\/schema.org\",\"@graph\":[{\"@type\":\"WebPage\",\"@id\":\"https:\/\/strangercam.com\/y99\/\",\"url\":\"https:\/\/strangercam.com\/y99\/\",\"name\":\"Y99 - Free Online Random Chat - Cam on StrangerCam.com\",\"isPartOf\":{\"@id\":\"https:\/\/strangercam.com\/#website\"},\"primaryImageOfPage\":{\"@id\":\"https:\/\/strangercam.com\/y99\/#primaryimage\"},\"image\":{\"@id\":\"https:\/\/strangercam.com\/y99\/#primaryimage\"},\"thumbnailUrl\":\"https:\/\/strangercam.com\/wp-content\/uploads\/2020\/11\/stranger-cam-1.png\",\"datePublished\":\"2021-06-20T12:37:25+00:00\",\"dateModified\":\"2023-08-21T10:47:26+00:00\",\"description\":\"Like Y99? Come chat with more than 5.000.000 strangers on Stranger Cam for Free! Turn on your cam and find new friends & maby a match!\",\"breadcrumb\":{\"@id\":\"https:\/\/strangercam.com\/y99\/#breadcrumb\"},\"inLanguage\":\"cs\",\"potentialAction\":[{\"@type\":\"ReadAction\",\"target\":[\"https:\/\/strangercam.com\/y99\/\"]}]},{\"@type\":\"ImageObject\",\"inLanguage\":\"cs\",\"@id\":\"https:\/\/strangercam.com\/y99\/#primaryimage\",\"url\":\"https:\/\/strangercam.com\/wp-content\/uploads\/2020\/11\/stranger-cam-1.png\",\"contentUrl\":\"https:\/\/strangercam.com\/wp-content\/uploads\/2020\/11\/stranger-cam-1.png\",\"width\":800,\"height\":800,\"caption\":\"stranger cam random video chat\"},{\"@type\":\"BreadcrumbList\",\"@id\":\"https:\/\/strangercam.com\/y99\/#breadcrumb\",\"itemListElement\":[{\"@type\":\"ListItem\",\"position\":1,\"name\":\"Home\",\"item\":\"https:\/\/strangercam.com\/\"},{\"@type\":\"ListItem\",\"position\":2,\"name\":\"Y99\"}]},{\"@type\":\"WebSite\",\"@id\":\"https:\/\/strangercam.com\/#website\",\"url\":\"https:\/\/strangercam.com\/\",\"name\":\"Strangercam\",\"description\":\"Random Video Chat with Strangers\",\"publisher\":{\"@id\":\"https:\/\/strangercam.com\/#organization\"},\"alternateName\":\"Strangercam.com\",\"potentialAction\":[{\"@type\":\"SearchAction\",\"target\":{\"@type\":\"EntryPoint\",\"urlTemplate\":\"https:\/\/strangercam.com\/?s={search_term_string}\"},\"query-input\":{\"@type\":\"PropertyValueSpecification\",\"valueRequired\":true,\"valueName\":\"search_term_string\"}}],\"inLanguage\":\"cs\"},{\"@type\":\"Organization\",\"@id\":\"https:\/\/strangercam.com\/#organization\",\"name\":\"Strangercam\",\"alternateName\":\"Strangercam.com\",\"url\":\"https:\/\/strangercam.com\/\",\"logo\":{\"@type\":\"ImageObject\",\"inLanguage\":\"cs\",\"@id\":\"https:\/\/strangercam.com\/#\/schema\/logo\/image\/\",\"url\":\"https:\/\/strangercam.com\/wp-content\/uploads\/2020\/11\/cropped-new-favicon-black.png\",\"contentUrl\":\"https:\/\/strangercam.com\/wp-content\/uploads\/2020\/11\/cropped-new-favicon-black.png\",\"width\":512,\"height\":512,\"caption\":\"Strangercam\"},\"image\":{\"@id\":\"https:\/\/strangercam.com\/#\/schema\/logo\/image\/\"},\"sameAs\":[\"https:\/\/www.facebook.com\/strangercam\",\"https:\/\/x.com\/strangercamapp\"]}]}<\/script>\n<!-- \/ Yoast SEO plugin. -->","yoast_head_json":{"title":"Y99 - N\u00e1hodn\u00fd online chat zdarma - Cam na StrangerCam.com","description":"Jako Y99? Poj\u010fte si zdarma popov\u00eddat s v\u00edce ne\u017e 5 000 000 cizinci na Stranger Cam! Zapn\u011bte si kameru a najd\u011bte nov\u00e9 p\u0159\u00e1tele &amp; maby z\u00e1pas!","robots":{"index":"index","follow":"follow","max-snippet":"max-snippet:-1","max-image-preview":"max-image-preview:large","max-video-preview":"max-video-preview:-1"},"canonical":"https:\/\/strangercam.com\/cs\/y99\/","og_locale":"cs_CZ","og_type":"article","og_title":"Y99 - Free Online Random Chat - Cam on StrangerCam.com","og_description":"Like Y99? Come chat with more than 5.000.000 strangers on Stranger Cam for Free! Turn on your cam and find new friends & maby a match!","og_url":"https:\/\/strangercam.com\/cs\/y99\/","og_site_name":"Strangercam","article_publisher":"https:\/\/www.facebook.com\/strangercam","article_modified_time":"2023-08-21T10:47:26+00:00","og_image":[{"width":800,"height":800,"url":"https:\/\/strangercam.com\/wp-content\/uploads\/2020\/11\/stranger-cam-1.png","type":"image\/png"}],"twitter_card":"summary_large_image","twitter_site":"@strangercamapp","twitter_misc":{"Odhadovan\u00e1 doba \u010dten\u00ed":"2 minuty"},"schema":{"@context":"https:\/\/schema.org","@graph":[{"@type":"WebPage","@id":"https:\/\/strangercam.com\/y99\/","url":"https:\/\/strangercam.com\/y99\/","name":"Y99 - N\u00e1hodn\u00fd online chat zdarma - Cam na StrangerCam.com","isPartOf":{"@id":"https:\/\/strangercam.com\/#website"},"primaryImageOfPage":{"@id":"https:\/\/strangercam.com\/y99\/#primaryimage"},"image":{"@id":"https:\/\/strangercam.com\/y99\/#primaryimage"},"thumbnailUrl":"https:\/\/strangercam.com\/wp-content\/uploads\/2020\/11\/stranger-cam-1.png","datePublished":"2021-06-20T12:37:25+00:00","dateModified":"2023-08-21T10:47:26+00:00","description":"Jako Y99? Poj\u010fte si zdarma popov\u00eddat s v\u00edce ne\u017e 5 000 000 cizinci na Stranger Cam! Zapn\u011bte si kameru a najd\u011bte nov\u00e9 p\u0159\u00e1tele &amp; maby z\u00e1pas!","breadcrumb":{"@id":"https:\/\/strangercam.com\/y99\/#breadcrumb"},"inLanguage":"cs","potentialAction":[{"@type":"ReadAction","target":["https:\/\/strangercam.com\/y99\/"]}]},{"@type":"ImageObject","inLanguage":"cs","@id":"https:\/\/strangercam.com\/y99\/#primaryimage","url":"https:\/\/strangercam.com\/wp-content\/uploads\/2020\/11\/stranger-cam-1.png","contentUrl":"https:\/\/strangercam.com\/wp-content\/uploads\/2020\/11\/stranger-cam-1.png","width":800,"height":800,"caption":"stranger cam random video chat"},{"@type":"BreadcrumbList","@id":"https:\/\/strangercam.com\/y99\/#breadcrumb","itemListElement":[{"@type":"ListItem","position":1,"name":"Home","item":"https:\/\/strangercam.com\/"},{"@type":"ListItem","position":2,"name":"Y99"}]},{"@type":"WebSite","@id":"https:\/\/strangercam.com\/#website","url":"https:\/\/strangercam.com\/","name":"Strangercam","description":"N\u00e1hodn\u00fd videochat s ciz\u00edmi lidmi","publisher":{"@id":"https:\/\/strangercam.com\/#organization"},"alternateName":"Strangercam.com","potentialAction":[{"@type":"SearchAction","target":{"@type":"EntryPoint","urlTemplate":"https:\/\/strangercam.com\/?s={search_term_string}"},"query-input":{"@type":"PropertyValueSpecification","valueRequired":true,"valueName":"search_term_string"}}],"inLanguage":"cs"},{"@type":"Organization","@id":"https:\/\/strangercam.com\/#organization","name":"Strangercam","alternateName":"Strangercam.com","url":"https:\/\/strangercam.com\/","logo":{"@type":"ImageObject","inLanguage":"cs","@id":"https:\/\/strangercam.com\/#\/schema\/logo\/image\/","url":"https:\/\/strangercam.com\/wp-content\/uploads\/2020\/11\/cropped-new-favicon-black.png","contentUrl":"https:\/\/strangercam.com\/wp-content\/uploads\/2020\/11\/cropped-new-favicon-black.png","width":512,"height":512,"caption":"Strangercam"},"image":{"@id":"https:\/\/strangercam.com\/#\/schema\/logo\/image\/"},"sameAs":["https:\/\/www.facebook.com\/strangercam","https:\/\/x.com\/strangercamapp"]}]}},"_links":{"self":[{"href":"https:\/\/strangercam.com\/cs\/wp-json\/wp\/v2\/pages\/5227","targetHints":{"allow":["GET"]}}],"collection":[{"href":"https:\/\/strangercam.com\/cs\/wp-json\/wp\/v2\/pages"}],"about":[{"href":"https:\/\/strangercam.com\/cs\/wp-json\/wp\/v2\/types\/page"}],"author":[{"embeddable":true,"href":"https:\/\/strangercam.com\/cs\/wp-json\/wp\/v2\/users\/6"}],"replies":[{"embeddable":true,"href":"https:\/\/strangercam.com\/cs\/wp-json\/wp\/v2\/comments?post=5227"}],"version-history":[{"count":0,"href":"https:\/\/strangercam.com\/cs\/wp-json\/wp\/v2\/pages\/5227\/revisions"}],"wp:featuredmedia":[{"embeddable":true,"href":"https:\/\/strangercam.com\/cs\/wp-json\/wp\/v2\/media\/559"}],"wp:attachment":[{"href":"https:\/\/strangercam.com\/cs\/wp-json\/wp\/v2\/media?parent=5227"}],"curies":[{"name":"wp","href":"https:\/\/api.w.org\/{rel}","templated":true}]}}