{"id":5209,"date":"2021-06-20T14:24:52","date_gmt":"2021-06-20T12:24:52","guid":{"rendered":"https:\/\/strangercam.com\/?page_id=5209"},"modified":"2023-08-21T12:43:51","modified_gmt":"2023-08-21T10:43:51","slug":"tohla","status":"publish","type":"page","link":"https:\/\/strangercam.com\/cs\/tohla\/","title":{"rendered":"Tohla"},"content":{"rendered":"<p>Tento jedine\u010dn\u00fd <a href=\"https:\/\/strangercam.com\/cs\/chatroulette\/\">chat<\/a> v\u00e1m umo\u017en\u00ed spojit se s \u00fapln\u011b ciz\u00edmi lidmi a diskutovat s nimi o r\u016fzn\u00fdch zaj\u00edmav\u00fdch v\u011bcech. M\u00e1te mo\u017enost textov\u00e9ho chatu, hry Tloons, kreslen\u00ed, hlasov\u00e9ho chatu, <a href=\"https:\/\/strangercam.com\/cs\/rabbit-video-chat\/\">videochat<\/a>, hr\u00e1t si <b>tohla<\/b> Z\u00e1bava, L\u00edb\u00ed nebo nel\u00edb\u00ed atd. Je prost\u011b pln\u00fd vzru\u0161en\u00ed, kter\u00e9 m\u016f\u017eete objevit, kdy\u017e ho nav\u0161t\u00edv\u00edte. Ka\u017ed\u00fd okam\u017eik str\u00e1ven\u00fd na t\u00e9to str\u00e1nce bude jist\u011b \u00fa\u017easn\u00fd a nezapomenuteln\u00fd. Na tomto port\u00e1lu lze nal\u00e9zt tis\u00edce lid\u00ed, kte\u0159\u00ed jsou kdykoli p\u0159ihl\u00e1\u0161eni. Tato v\u00fdkonn\u00e1 platforma v\u00e1m skute\u010dn\u011b poskytuje p\u0159\u00edle\u017eitost dozv\u011bd\u011bt se o ostatn\u00edch a <a href=\"https:\/\/strangercam.com\/cs\/coomeet\/\">Seznamte se s<\/a> podobn\u011b sm\u00fd\u0161lej\u00edc\u00ed lid\u00e9.<\/p>\n<h2>Jak se zaregistrovat u spole\u010dnosti tohla?<\/h2>\n<p>Na tomto port\u00e1lu nemus\u00edte platit \u017e\u00e1dn\u00fd registra\u010dn\u00ed poplatek, abyste z\u00edskali p\u0159\u00edstup k r\u016fzn\u00fdm zaj\u00edmav\u00fdm funkc\u00edm. M\u016f\u017eete se zdarma <a href=\"https:\/\/strangercam.com\/cs\/video-chat-with-girls\/\">video chat s d\u00edvkami<\/a> a chlapci v\u0161ech v\u011bkov\u00fdch kategori\u00ed, ani\u017e byste museli vynalo\u017eit by\u0165 jen desetn\u00edk ze sv\u00e9 kapsy. Sta\u010d\u00ed kliknout na tla\u010d\u00edtko \u2018P\u0159ipojit nyn\u00ed\u2019. Pot\u00e9 budete p\u0159ipojeni k jejich chatovac\u00edmu serveru a okam\u017eit\u011b se za\u010dnete spojovat s ostatn\u00edmi. Na rozd\u00edl od jin\u00fdch port\u00e1l\u016f se snadno pou\u017e\u00edv\u00e1 a je pom\u011brn\u011b rychl\u00fd.<\/p>\n<h3>Jak pou\u017e\u00edvat tohla?<\/h3>\n<p>Tento n\u00e1hodn\u00fd chatovac\u00ed port\u00e1l v\u00e1m umo\u017e\u0148uje chatovat s \u00fapln\u011b ciz\u00edmi lidmi, ani\u017e byste museli odhalit svou skute\u010dnou identitu. Jeho pou\u017e\u00edv\u00e1n\u00ed je pom\u011brn\u011b jednoduch\u00e9 a k zah\u00e1jen\u00ed chatov\u00e1n\u00ed se sta\u010d\u00ed pouze p\u0159ihl\u00e1sit. Tento web v\u0161ak nab\u00edz\u00ed n\u011bkolik zaj\u00edmav\u00fdch aplikac\u00ed ur\u010den\u00fdch pro ka\u017ed\u00e9ho, jako jsou akcie, losov\u00e1n\u00ed a hork\u00e9 nebo ne, atd. M\u016f\u017eete tak\u00e9 vyu\u017e\u00edt mo\u017enosti videochatu, abyste si mohli prohl\u00e9dnout druhou osobu a v\u00e9st \u017eiv\u00fd chat. T\u00edmto zp\u016fsobem se m\u016f\u017eete zbavit nudy a u\u017e\u00edt si spoustu z\u00e1bavy a legrace.<\/p>\n<h3>Jak\u00e9 jsou v\u00fdhody a nev\u00fdhody tohla?<\/h3>\n<p>Tento port\u00e1l je zcela bezpe\u010dn\u00fd a m\u016f\u017eete ho pou\u017e\u00edt, kdykoli se budete nudit nebo hledat n\u011bjakou formu z\u00e1bavy. P\u0159ipojen\u00ed je velmi snadn\u00e9 a nevy\u017eaduje \u017e\u00e1dnou registraci. Tak\u00e9 nemus\u00edte platit \u017e\u00e1dn\u00fd druh registra\u010dn\u00edho poplatku, abyste z\u00edskali p\u0159\u00edstup k r\u016fzn\u00fdm nab\u00edzen\u00fdm funkc\u00edm. P\u0159ich\u00e1z\u00ed s n\u011bkolika zaj\u00edmav\u00fdmi funkcemi a umo\u017e\u0148uje vyu\u017e\u00edvat zabezpe\u010den\u00e9 zapojen\u00ed u\u017eivatel\u016f. Videochat je tak\u00e9 zcela zdarma a m\u016f\u017eete se zapojit s chlapci a <a href=\"https:\/\/strangercam.com\/cs\/mirami\/\">d\u00edvky<\/a> \u017eiv\u011b z kter\u00e9koli \u010d\u00e1sti sv\u011bta. Jedinou nev\u00fdhodou je, \u017ee se jedn\u00e1 o bezplatn\u00fd chatovac\u00ed port\u00e1l, a proto se zde m\u016f\u017ee vyskytovat n\u011bkolik fale\u0161n\u00fdch a podvodn\u00fdch profil\u016f, na kter\u00e9 si mus\u00edte d\u00e1vat pozor.<\/p>","protected":false},"excerpt":{"rendered":"<p>This unique chat site allows you to connect with complete strangers and discuss with them on various interesting things. You have the option to text chat, play Tloons, draw, voice chat, video chat, play tohla Fun, Like or Unlike, etc. It is simply filled with lots of excitement something that you can discover by visiting [&hellip;]<\/p>\n","protected":false},"author":6,"featured_media":559,"parent":0,"menu_order":0,"comment_status":"closed","ping_status":"closed","template":"","meta":{"footnotes":""},"class_list":["post-5209","page","type-page","status-publish","has-post-thumbnail","hentry"],"yoast_head":"<!-- This site is optimized with the Yoast SEO plugin v27.4 - https:\/\/yoast.com\/product\/yoast-seo-wordpress\/ -->\n<title>Tohla - Talk To Strangers - Cam on StrangerCam.com<\/title>\n<meta name=\"description\" content=\"Like Tohla? Come chat with more than 5.000.000 strangers on Stranger Cam for Free! Turn on your cam and find new friends &amp; maby a match!\" \/>\n<meta name=\"robots\" content=\"index, follow, max-snippet:-1, max-image-preview:large, max-video-preview:-1\" \/>\n<link rel=\"canonical\" href=\"https:\/\/strangercam.com\/cs\/tohla\/\" \/>\n<meta property=\"og:locale\" content=\"cs_CZ\" \/>\n<meta property=\"og:type\" content=\"article\" \/>\n<meta property=\"og:title\" content=\"Tohla - Talk To Strangers - Cam on StrangerCam.com\" \/>\n<meta property=\"og:description\" content=\"Like Tohla? Come chat with more than 5.000.000 strangers on Stranger Cam for Free! Turn on your cam and find new friends &amp; maby a match!\" \/>\n<meta property=\"og:url\" content=\"https:\/\/strangercam.com\/cs\/tohla\/\" \/>\n<meta property=\"og:site_name\" content=\"Strangercam\" \/>\n<meta property=\"article:publisher\" content=\"https:\/\/www.facebook.com\/strangercam\" \/>\n<meta property=\"article:modified_time\" content=\"2023-08-21T10:43:51+00:00\" \/>\n<meta property=\"og:image\" content=\"https:\/\/strangercam.com\/wp-content\/uploads\/2020\/11\/stranger-cam-1.png\" \/>\n\t<meta property=\"og:image:width\" content=\"800\" \/>\n\t<meta property=\"og:image:height\" content=\"800\" \/>\n\t<meta property=\"og:image:type\" content=\"image\/png\" \/>\n<meta name=\"twitter:card\" content=\"summary_large_image\" \/>\n<meta name=\"twitter:site\" content=\"@strangercamapp\" \/>\n<meta name=\"twitter:label1\" content=\"Odhadovan\u00e1 doba \u010dten\u00ed\" \/>\n\t<meta name=\"twitter:data1\" content=\"2 minuty\" \/>\n<script type=\"application\/ld+json\" class=\"yoast-schema-graph\">{\"@context\":\"https:\\\/\\\/schema.org\",\"@graph\":[{\"@type\":\"WebPage\",\"@id\":\"https:\\\/\\\/strangercam.com\\\/tohla\\\/\",\"url\":\"https:\\\/\\\/strangercam.com\\\/tohla\\\/\",\"name\":\"Tohla - Talk To Strangers - Cam on StrangerCam.com\",\"isPartOf\":{\"@id\":\"https:\\\/\\\/strangercam.com\\\/#website\"},\"primaryImageOfPage\":{\"@id\":\"https:\\\/\\\/strangercam.com\\\/tohla\\\/#primaryimage\"},\"image\":{\"@id\":\"https:\\\/\\\/strangercam.com\\\/tohla\\\/#primaryimage\"},\"thumbnailUrl\":\"https:\\\/\\\/strangercam.com\\\/wp-content\\\/uploads\\\/2020\\\/11\\\/stranger-cam-1.png\",\"datePublished\":\"2021-06-20T12:24:52+00:00\",\"dateModified\":\"2023-08-21T10:43:51+00:00\",\"description\":\"Like Tohla? Come chat with more than 5.000.000 strangers on Stranger Cam for Free! Turn on your cam and find new friends & maby a match!\",\"breadcrumb\":{\"@id\":\"https:\\\/\\\/strangercam.com\\\/tohla\\\/#breadcrumb\"},\"inLanguage\":\"cs\",\"potentialAction\":[{\"@type\":\"ReadAction\",\"target\":[\"https:\\\/\\\/strangercam.com\\\/tohla\\\/\"]}]},{\"@type\":\"ImageObject\",\"inLanguage\":\"cs\",\"@id\":\"https:\\\/\\\/strangercam.com\\\/tohla\\\/#primaryimage\",\"url\":\"https:\\\/\\\/strangercam.com\\\/wp-content\\\/uploads\\\/2020\\\/11\\\/stranger-cam-1.png\",\"contentUrl\":\"https:\\\/\\\/strangercam.com\\\/wp-content\\\/uploads\\\/2020\\\/11\\\/stranger-cam-1.png\",\"width\":800,\"height\":800,\"caption\":\"stranger cam random video chat\"},{\"@type\":\"BreadcrumbList\",\"@id\":\"https:\\\/\\\/strangercam.com\\\/tohla\\\/#breadcrumb\",\"itemListElement\":[{\"@type\":\"ListItem\",\"position\":1,\"name\":\"Home\",\"item\":\"https:\\\/\\\/strangercam.com\\\/\"},{\"@type\":\"ListItem\",\"position\":2,\"name\":\"Tohla\"}]},{\"@type\":\"WebSite\",\"@id\":\"https:\\\/\\\/strangercam.com\\\/#website\",\"url\":\"https:\\\/\\\/strangercam.com\\\/\",\"name\":\"Strangercam\",\"description\":\"Random Video Chat with Strangers\",\"publisher\":{\"@id\":\"https:\\\/\\\/strangercam.com\\\/#organization\"},\"alternateName\":\"Strangercam.com\",\"potentialAction\":[{\"@type\":\"SearchAction\",\"target\":{\"@type\":\"EntryPoint\",\"urlTemplate\":\"https:\\\/\\\/strangercam.com\\\/?s={search_term_string}\"},\"query-input\":{\"@type\":\"PropertyValueSpecification\",\"valueRequired\":true,\"valueName\":\"search_term_string\"}}],\"inLanguage\":\"cs\"},{\"@type\":\"Organization\",\"@id\":\"https:\\\/\\\/strangercam.com\\\/#organization\",\"name\":\"Strangercam\",\"alternateName\":\"Strangercam.com\",\"url\":\"https:\\\/\\\/strangercam.com\\\/\",\"logo\":{\"@type\":\"ImageObject\",\"inLanguage\":\"cs\",\"@id\":\"https:\\\/\\\/strangercam.com\\\/#\\\/schema\\\/logo\\\/image\\\/\",\"url\":\"https:\\\/\\\/strangercam.com\\\/wp-content\\\/uploads\\\/2020\\\/11\\\/cropped-new-favicon-black.png\",\"contentUrl\":\"https:\\\/\\\/strangercam.com\\\/wp-content\\\/uploads\\\/2020\\\/11\\\/cropped-new-favicon-black.png\",\"width\":512,\"height\":512,\"caption\":\"Strangercam\"},\"image\":{\"@id\":\"https:\\\/\\\/strangercam.com\\\/#\\\/schema\\\/logo\\\/image\\\/\"},\"sameAs\":[\"https:\\\/\\\/www.facebook.com\\\/strangercam\",\"https:\\\/\\\/x.com\\\/strangercamapp\"]}]}<\/script>\n<!-- \/ Yoast SEO plugin. -->","yoast_head_json":{"title":"Tohla - Talk To Strangers - Kamera na StrangerCam.com","description":"Jako Tohla? Poj\u010fte si zdarma popov\u00eddat s v\u00edce ne\u017e 5 000 000 cizinci na Stranger Cam! Zapn\u011bte si kameru a najd\u011bte nov\u00e9 p\u0159\u00e1tele &amp; maby z\u00e1pas!","robots":{"index":"index","follow":"follow","max-snippet":"max-snippet:-1","max-image-preview":"max-image-preview:large","max-video-preview":"max-video-preview:-1"},"canonical":"https:\/\/strangercam.com\/cs\/tohla\/","og_locale":"cs_CZ","og_type":"article","og_title":"Tohla - Talk To Strangers - Cam on StrangerCam.com","og_description":"Like Tohla? Come chat with more than 5.000.000 strangers on Stranger Cam for Free! Turn on your cam and find new friends & maby a match!","og_url":"https:\/\/strangercam.com\/cs\/tohla\/","og_site_name":"Strangercam","article_publisher":"https:\/\/www.facebook.com\/strangercam","article_modified_time":"2023-08-21T10:43:51+00:00","og_image":[{"width":800,"height":800,"url":"https:\/\/strangercam.com\/wp-content\/uploads\/2020\/11\/stranger-cam-1.png","type":"image\/png"}],"twitter_card":"summary_large_image","twitter_site":"@strangercamapp","twitter_misc":{"Odhadovan\u00e1 doba \u010dten\u00ed":"2 minuty"},"schema":{"@context":"https:\/\/schema.org","@graph":[{"@type":"WebPage","@id":"https:\/\/strangercam.com\/tohla\/","url":"https:\/\/strangercam.com\/tohla\/","name":"Tohla - Talk To Strangers - Kamera na StrangerCam.com","isPartOf":{"@id":"https:\/\/strangercam.com\/#website"},"primaryImageOfPage":{"@id":"https:\/\/strangercam.com\/tohla\/#primaryimage"},"image":{"@id":"https:\/\/strangercam.com\/tohla\/#primaryimage"},"thumbnailUrl":"https:\/\/strangercam.com\/wp-content\/uploads\/2020\/11\/stranger-cam-1.png","datePublished":"2021-06-20T12:24:52+00:00","dateModified":"2023-08-21T10:43:51+00:00","description":"Jako Tohla? Poj\u010fte si zdarma popov\u00eddat s v\u00edce ne\u017e 5 000 000 cizinci na Stranger Cam! Zapn\u011bte si kameru a najd\u011bte nov\u00e9 p\u0159\u00e1tele &amp; maby z\u00e1pas!","breadcrumb":{"@id":"https:\/\/strangercam.com\/tohla\/#breadcrumb"},"inLanguage":"cs","potentialAction":[{"@type":"ReadAction","target":["https:\/\/strangercam.com\/tohla\/"]}]},{"@type":"ImageObject","inLanguage":"cs","@id":"https:\/\/strangercam.com\/tohla\/#primaryimage","url":"https:\/\/strangercam.com\/wp-content\/uploads\/2020\/11\/stranger-cam-1.png","contentUrl":"https:\/\/strangercam.com\/wp-content\/uploads\/2020\/11\/stranger-cam-1.png","width":800,"height":800,"caption":"stranger cam random video chat"},{"@type":"BreadcrumbList","@id":"https:\/\/strangercam.com\/tohla\/#breadcrumb","itemListElement":[{"@type":"ListItem","position":1,"name":"Home","item":"https:\/\/strangercam.com\/"},{"@type":"ListItem","position":2,"name":"Tohla"}]},{"@type":"WebSite","@id":"https:\/\/strangercam.com\/#website","url":"https:\/\/strangercam.com\/","name":"Strangercam","description":"N\u00e1hodn\u00fd videochat s ciz\u00edmi lidmi","publisher":{"@id":"https:\/\/strangercam.com\/#organization"},"alternateName":"Strangercam.com","potentialAction":[{"@type":"SearchAction","target":{"@type":"EntryPoint","urlTemplate":"https:\/\/strangercam.com\/?s={search_term_string}"},"query-input":{"@type":"PropertyValueSpecification","valueRequired":true,"valueName":"search_term_string"}}],"inLanguage":"cs"},{"@type":"Organization","@id":"https:\/\/strangercam.com\/#organization","name":"Strangercam","alternateName":"Strangercam.com","url":"https:\/\/strangercam.com\/","logo":{"@type":"ImageObject","inLanguage":"cs","@id":"https:\/\/strangercam.com\/#\/schema\/logo\/image\/","url":"https:\/\/strangercam.com\/wp-content\/uploads\/2020\/11\/cropped-new-favicon-black.png","contentUrl":"https:\/\/strangercam.com\/wp-content\/uploads\/2020\/11\/cropped-new-favicon-black.png","width":512,"height":512,"caption":"Strangercam"},"image":{"@id":"https:\/\/strangercam.com\/#\/schema\/logo\/image\/"},"sameAs":["https:\/\/www.facebook.com\/strangercam","https:\/\/x.com\/strangercamapp"]}]}},"_links":{"self":[{"href":"https:\/\/strangercam.com\/cs\/wp-json\/wp\/v2\/pages\/5209","targetHints":{"allow":["GET"]}}],"collection":[{"href":"https:\/\/strangercam.com\/cs\/wp-json\/wp\/v2\/pages"}],"about":[{"href":"https:\/\/strangercam.com\/cs\/wp-json\/wp\/v2\/types\/page"}],"author":[{"embeddable":true,"href":"https:\/\/strangercam.com\/cs\/wp-json\/wp\/v2\/users\/6"}],"replies":[{"embeddable":true,"href":"https:\/\/strangercam.com\/cs\/wp-json\/wp\/v2\/comments?post=5209"}],"version-history":[{"count":0,"href":"https:\/\/strangercam.com\/cs\/wp-json\/wp\/v2\/pages\/5209\/revisions"}],"wp:featuredmedia":[{"embeddable":true,"href":"https:\/\/strangercam.com\/cs\/wp-json\/wp\/v2\/media\/559"}],"wp:attachment":[{"href":"https:\/\/strangercam.com\/cs\/wp-json\/wp\/v2\/media?parent=5209"}],"curies":[{"name":"wp","href":"https:\/\/api.w.org\/{rel}","templated":true}]}}