{"id":5191,"date":"2021-06-20T14:16:55","date_gmt":"2021-06-20T12:16:55","guid":{"rendered":"https:\/\/strangercam.com\/?page_id=5191"},"modified":"2023-08-21T12:24:42","modified_gmt":"2023-08-21T10:24:42","slug":"meet-skip","status":"publish","type":"page","link":"https:\/\/strangercam.com\/cs\/meet-skip\/","title":{"rendered":"Meet Skip"},"content":{"rendered":"<p><b><a href=\"https:\/\/strangercam.com\/cs\/coomeet\/\">Seznamte se s<\/a> p\u0159esko\u010dit<\/b> se pova\u017euje za anonymn\u00ed <a href=\"https:\/\/strangercam.com\/cs\/chatroulette\/\">chat<\/a> port\u00e1l, kter\u00fd je p\u0159\u00edstupn\u00fd pro <a href=\"https:\/\/strangercam.com\/cs\/chat4free\/\">zdarma<\/a>. Poskytuje u\u017eivatel\u016fm vzru\u0161uj\u00edc\u00ed z\u00e1\u017eitek z chatu jeden na jednoho, kter\u00fd v\u00e1m umo\u017en\u00ed chatovat s ciz\u00edmi lidmi. Pomoc\u00ed jeho superjednoduch\u00e9ho rozhran\u00ed m\u016f\u017eete skute\u010dn\u011b chatovat s ostatn\u00edmi v re\u00e1ln\u00e9m \u010dase. Je navr\u017een tak, aby byl kompatibiln\u00ed pro pou\u017eit\u00ed s r\u016fzn\u00fdmi typy za\u0159\u00edzen\u00ed. Pro p\u0159\u00edstup na tento port\u00e1l nen\u00ed nutn\u00e1 registrace. Chat m\u016f\u017eete zah\u00e1jit okam\u017eit\u011b a bez jak\u00fdchkoli pot\u00ed\u017e\u00ed. Pr\u00e1v\u011b d\u00edky t\u00e9to jedine\u010dn\u00e9 funkci je tento n\u00e1hodn\u00fd chatovac\u00ed port\u00e1l pom\u011brn\u011b obl\u00edben\u00fd mezi lidmi v\u0161ech v\u011bkov\u00fdch kategori\u00ed z cel\u00e9ho sv\u011bta.<\/p>\n<h2>Jak se zaregistrovat na meet skip?<\/h2>\n<p>Registrace u\u017eivatelsk\u00e9ho \u00fa\u010dtu nen\u00ed nutn\u00e1 pro spu\u0161t\u011bn\u00ed <a href=\"https:\/\/strangercam.com\/cs\/chatingly\/\">chatov\u00e1n\u00ed<\/a> zased\u00e1n\u00ed. Sp\u00ed\u0161e se jednodu\u0161e p\u0159ihl\u00e1s\u00edte na tento port\u00e1l a vstoup\u00edte do chatovac\u00ed m\u00edstnosti kliknut\u00edm na pol\u00ed\u010dko \u2018Chatovat nyn\u00ed\u2019. Nab\u00edz\u00ed okam\u017eit\u00e9 chatovac\u00ed sezen\u00ed, ani\u017e byste museli vypl\u0148ovat zdlouhav\u00e9 formul\u00e1\u0159e nebo poskytovat sv\u00e9 osobn\u00ed \u00fadaje. M\u016f\u017eete vstoupit anonymn\u011b pod libovolnou p\u0159ezd\u00edvkou dle vlastn\u00edho v\u00fdb\u011bru a chatovat s dal\u0161\u00edmi podobn\u011b sm\u00fd\u0161lej\u00edc\u00edmi lidmi. M\u00e1te tak\u00e9 mo\u017enost sd\u00edlet se sv\u00fdm partnerem v chatu fotografie.<\/p>\n<h3>Jak pou\u017e\u00edvat meet skip?<\/h3>\n<p>Je velmi snadn\u00e9 jej pou\u017e\u00edvat a vy\u017eaduje, abyste se p\u0159ipojili a ihned zah\u00e1jili relaci chatu. Neexistuj\u00ed \u017e\u00e1dn\u00e1 pevn\u00e1 a rychl\u00e1 pravidla pro text nebo <a href=\"https:\/\/strangercam.com\/cs\/rabbit-video-chat\/\">videochat<\/a>. Partnerovi v chatu m\u016f\u017eete tak\u00e9 poslat n\u011bkolik obr\u00e1zk\u016f, aby bylo zased\u00e1n\u00ed zaj\u00edmav\u011bj\u0161\u00ed. Je to jednoduch\u00e9, snadn\u00e9 a rychl\u00e9, stejn\u011b jako v\u00e1m umo\u017en\u00ed p\u0159il\u00e1kat spoustu ciz\u00edch lid\u00ed, jak je to mo\u017en\u00e9. Tuto str\u00e1nku m\u016f\u017eete nav\u0161t\u00edvit a chatovat, kdykoli se v\u00e1m zachce, ani\u017e byste se museli znovu a znovu registrovat nebo poskytovat sv\u00e9 \u00fadaje.<\/p>\n<h3>Jak\u00e9 jsou v\u00fdhody a nev\u00fdhody meet skipu?<\/h3>\n<p>Tento port\u00e1l v\u00e1m poskytne kompletn\u00ed z\u00e1bavu, kdykoli ji budete hledat, co\u017e v\u00e1m umo\u017en\u00ed odstranit nudu. Uji\u0161\u0165uje v\u00e1s, \u017ee v\u00e1m nab\u00eddne \u00fa\u017easn\u00fd z\u00e1\u017eitek z n\u00e1hodn\u00e9ho chatu v kombinaci se sd\u00edlen\u00edm obr\u00e1zk\u016f. Z rol\u00ed fotoapar\u00e1t\u016f m\u016f\u017eete sd\u00edlet sv\u00e9 obr\u00e1zky s aktu\u00e1ln\u00edm partnerem v chatu, aby va\u0161e relace byla p\u016fsobiv\u011bj\u0161\u00ed. Tak\u00e9 nen\u00ed nutn\u00e9 vytv\u00e1\u0159et \u017e\u00e1dn\u00fd profil. To je n\u011bco, co jin\u00e9 port\u00e1ly pro n\u00e1hodn\u00fd chat nenab\u00edzej\u00ed. Je to sp\u00ed\u0161e ide\u00e1ln\u00ed m\u00edsto k n\u00e1v\u0161t\u011bv\u011b, pokud se c\u00edt\u00edte osam\u011bl\u00ed a chcete uspokojit sv\u00e9 n\u00e1lady. Jedin\u00fdm negativn\u00edm aspektem je, \u017ee mus\u00edte b\u00fdt opatrn\u00ed p\u0159i sd\u00edlen\u00ed sv\u00fdch fotografi\u00ed, proto\u017ee p\u0159ihl\u00e1\u0161en\u00e9 profily nejsou pln\u011b ov\u011b\u0159eny.<\/p>","protected":false},"excerpt":{"rendered":"<p>Meet skip is considered to be an anonymous chat portal that can be accessed for free. It provides users with an exciting one-on-one chat room experience allowing you to chat with strangers. You can actually get to chat with others in real-time using its super-easy interface. It is designed to be compatible to be used [&hellip;]<\/p>\n","protected":false},"author":6,"featured_media":559,"parent":0,"menu_order":0,"comment_status":"closed","ping_status":"closed","template":"","meta":{"footnotes":""},"class_list":["post-5191","page","type-page","status-publish","has-post-thumbnail","hentry"],"yoast_head":"<!-- This site is optimized with the Yoast SEO plugin v26.9 - https:\/\/yoast.com\/product\/yoast-seo-wordpress\/ -->\n<title>Meet Skip - Random Chat Rooms - Cam on StrangerCam.com<\/title>\n<meta name=\"description\" content=\"Like Meet Skip? Come chat with more than 5.000.000 strangers on Stranger Cam for Free! Turn on your cam and find new friends &amp; maby a match!\" \/>\n<meta name=\"robots\" content=\"index, follow, max-snippet:-1, max-image-preview:large, max-video-preview:-1\" \/>\n<link rel=\"canonical\" href=\"https:\/\/strangercam.com\/cs\/meet-skip\/\" \/>\n<meta property=\"og:locale\" content=\"cs_CZ\" \/>\n<meta property=\"og:type\" content=\"article\" \/>\n<meta property=\"og:title\" content=\"Meet Skip - Random Chat Rooms - Cam on StrangerCam.com\" \/>\n<meta property=\"og:description\" content=\"Like Meet Skip? Come chat with more than 5.000.000 strangers on Stranger Cam for Free! Turn on your cam and find new friends &amp; maby a match!\" \/>\n<meta property=\"og:url\" content=\"https:\/\/strangercam.com\/cs\/meet-skip\/\" \/>\n<meta property=\"og:site_name\" content=\"Strangercam\" \/>\n<meta property=\"article:publisher\" content=\"https:\/\/www.facebook.com\/strangercam\" \/>\n<meta property=\"article:modified_time\" content=\"2023-08-21T10:24:42+00:00\" \/>\n<meta property=\"og:image\" content=\"https:\/\/strangercam.com\/wp-content\/uploads\/2020\/11\/stranger-cam-1.png\" \/>\n\t<meta property=\"og:image:width\" content=\"800\" \/>\n\t<meta property=\"og:image:height\" content=\"800\" \/>\n\t<meta property=\"og:image:type\" content=\"image\/png\" \/>\n<meta name=\"twitter:card\" content=\"summary_large_image\" \/>\n<meta name=\"twitter:site\" content=\"@strangercamapp\" \/>\n<meta name=\"twitter:label1\" content=\"Odhadovan\u00e1 doba \u010dten\u00ed\" \/>\n\t<meta name=\"twitter:data1\" content=\"2 minuty\" \/>\n<script type=\"application\/ld+json\" class=\"yoast-schema-graph\">{\"@context\":\"https:\/\/schema.org\",\"@graph\":[{\"@type\":\"WebPage\",\"@id\":\"https:\/\/strangercam.com\/meet-skip\/\",\"url\":\"https:\/\/strangercam.com\/meet-skip\/\",\"name\":\"Meet Skip - Random Chat Rooms - Cam on StrangerCam.com\",\"isPartOf\":{\"@id\":\"https:\/\/strangercam.com\/#website\"},\"primaryImageOfPage\":{\"@id\":\"https:\/\/strangercam.com\/meet-skip\/#primaryimage\"},\"image\":{\"@id\":\"https:\/\/strangercam.com\/meet-skip\/#primaryimage\"},\"thumbnailUrl\":\"https:\/\/strangercam.com\/wp-content\/uploads\/2020\/11\/stranger-cam-1.png\",\"datePublished\":\"2021-06-20T12:16:55+00:00\",\"dateModified\":\"2023-08-21T10:24:42+00:00\",\"description\":\"Like Meet Skip? Come chat with more than 5.000.000 strangers on Stranger Cam for Free! Turn on your cam and find new friends & maby a match!\",\"breadcrumb\":{\"@id\":\"https:\/\/strangercam.com\/meet-skip\/#breadcrumb\"},\"inLanguage\":\"cs\",\"potentialAction\":[{\"@type\":\"ReadAction\",\"target\":[\"https:\/\/strangercam.com\/meet-skip\/\"]}]},{\"@type\":\"ImageObject\",\"inLanguage\":\"cs\",\"@id\":\"https:\/\/strangercam.com\/meet-skip\/#primaryimage\",\"url\":\"https:\/\/strangercam.com\/wp-content\/uploads\/2020\/11\/stranger-cam-1.png\",\"contentUrl\":\"https:\/\/strangercam.com\/wp-content\/uploads\/2020\/11\/stranger-cam-1.png\",\"width\":800,\"height\":800,\"caption\":\"stranger cam random video chat\"},{\"@type\":\"BreadcrumbList\",\"@id\":\"https:\/\/strangercam.com\/meet-skip\/#breadcrumb\",\"itemListElement\":[{\"@type\":\"ListItem\",\"position\":1,\"name\":\"Home\",\"item\":\"https:\/\/strangercam.com\/\"},{\"@type\":\"ListItem\",\"position\":2,\"name\":\"Meet Skip\"}]},{\"@type\":\"WebSite\",\"@id\":\"https:\/\/strangercam.com\/#website\",\"url\":\"https:\/\/strangercam.com\/\",\"name\":\"Strangercam\",\"description\":\"Random Video Chat with Strangers\",\"publisher\":{\"@id\":\"https:\/\/strangercam.com\/#organization\"},\"alternateName\":\"Strangercam.com\",\"potentialAction\":[{\"@type\":\"SearchAction\",\"target\":{\"@type\":\"EntryPoint\",\"urlTemplate\":\"https:\/\/strangercam.com\/?s={search_term_string}\"},\"query-input\":{\"@type\":\"PropertyValueSpecification\",\"valueRequired\":true,\"valueName\":\"search_term_string\"}}],\"inLanguage\":\"cs\"},{\"@type\":\"Organization\",\"@id\":\"https:\/\/strangercam.com\/#organization\",\"name\":\"Strangercam\",\"alternateName\":\"Strangercam.com\",\"url\":\"https:\/\/strangercam.com\/\",\"logo\":{\"@type\":\"ImageObject\",\"inLanguage\":\"cs\",\"@id\":\"https:\/\/strangercam.com\/#\/schema\/logo\/image\/\",\"url\":\"https:\/\/strangercam.com\/wp-content\/uploads\/2020\/11\/cropped-new-favicon-black.png\",\"contentUrl\":\"https:\/\/strangercam.com\/wp-content\/uploads\/2020\/11\/cropped-new-favicon-black.png\",\"width\":512,\"height\":512,\"caption\":\"Strangercam\"},\"image\":{\"@id\":\"https:\/\/strangercam.com\/#\/schema\/logo\/image\/\"},\"sameAs\":[\"https:\/\/www.facebook.com\/strangercam\",\"https:\/\/x.com\/strangercamapp\"]}]}<\/script>\n<!-- \/ Yoast SEO plugin. -->","yoast_head_json":{"title":"Meet Skip - N\u00e1hodn\u00e9 chatovac\u00ed m\u00edstnosti - Cam na StrangerCam.com","description":"Jako Meet Skip? Poj\u010fte si zdarma popov\u00eddat s v\u00edce ne\u017e 5 000 000 cizinci na Stranger Cam! Zapn\u011bte si kameru a najd\u011bte nov\u00e9 p\u0159\u00e1tele &amp; maby z\u00e1pas!","robots":{"index":"index","follow":"follow","max-snippet":"max-snippet:-1","max-image-preview":"max-image-preview:large","max-video-preview":"max-video-preview:-1"},"canonical":"https:\/\/strangercam.com\/cs\/meet-skip\/","og_locale":"cs_CZ","og_type":"article","og_title":"Meet Skip - Random Chat Rooms - Cam on StrangerCam.com","og_description":"Like Meet Skip? Come chat with more than 5.000.000 strangers on Stranger Cam for Free! Turn on your cam and find new friends & maby a match!","og_url":"https:\/\/strangercam.com\/cs\/meet-skip\/","og_site_name":"Strangercam","article_publisher":"https:\/\/www.facebook.com\/strangercam","article_modified_time":"2023-08-21T10:24:42+00:00","og_image":[{"width":800,"height":800,"url":"https:\/\/strangercam.com\/wp-content\/uploads\/2020\/11\/stranger-cam-1.png","type":"image\/png"}],"twitter_card":"summary_large_image","twitter_site":"@strangercamapp","twitter_misc":{"Odhadovan\u00e1 doba \u010dten\u00ed":"2 minuty"},"schema":{"@context":"https:\/\/schema.org","@graph":[{"@type":"WebPage","@id":"https:\/\/strangercam.com\/meet-skip\/","url":"https:\/\/strangercam.com\/meet-skip\/","name":"Meet Skip - N\u00e1hodn\u00e9 chatovac\u00ed m\u00edstnosti - Cam na StrangerCam.com","isPartOf":{"@id":"https:\/\/strangercam.com\/#website"},"primaryImageOfPage":{"@id":"https:\/\/strangercam.com\/meet-skip\/#primaryimage"},"image":{"@id":"https:\/\/strangercam.com\/meet-skip\/#primaryimage"},"thumbnailUrl":"https:\/\/strangercam.com\/wp-content\/uploads\/2020\/11\/stranger-cam-1.png","datePublished":"2021-06-20T12:16:55+00:00","dateModified":"2023-08-21T10:24:42+00:00","description":"Jako Meet Skip? Poj\u010fte si zdarma popov\u00eddat s v\u00edce ne\u017e 5 000 000 cizinci na Stranger Cam! Zapn\u011bte si kameru a najd\u011bte nov\u00e9 p\u0159\u00e1tele &amp; maby z\u00e1pas!","breadcrumb":{"@id":"https:\/\/strangercam.com\/meet-skip\/#breadcrumb"},"inLanguage":"cs","potentialAction":[{"@type":"ReadAction","target":["https:\/\/strangercam.com\/meet-skip\/"]}]},{"@type":"ImageObject","inLanguage":"cs","@id":"https:\/\/strangercam.com\/meet-skip\/#primaryimage","url":"https:\/\/strangercam.com\/wp-content\/uploads\/2020\/11\/stranger-cam-1.png","contentUrl":"https:\/\/strangercam.com\/wp-content\/uploads\/2020\/11\/stranger-cam-1.png","width":800,"height":800,"caption":"stranger cam random video chat"},{"@type":"BreadcrumbList","@id":"https:\/\/strangercam.com\/meet-skip\/#breadcrumb","itemListElement":[{"@type":"ListItem","position":1,"name":"Home","item":"https:\/\/strangercam.com\/"},{"@type":"ListItem","position":2,"name":"Meet Skip"}]},{"@type":"WebSite","@id":"https:\/\/strangercam.com\/#website","url":"https:\/\/strangercam.com\/","name":"Strangercam","description":"N\u00e1hodn\u00fd videochat s ciz\u00edmi lidmi","publisher":{"@id":"https:\/\/strangercam.com\/#organization"},"alternateName":"Strangercam.com","potentialAction":[{"@type":"SearchAction","target":{"@type":"EntryPoint","urlTemplate":"https:\/\/strangercam.com\/?s={search_term_string}"},"query-input":{"@type":"PropertyValueSpecification","valueRequired":true,"valueName":"search_term_string"}}],"inLanguage":"cs"},{"@type":"Organization","@id":"https:\/\/strangercam.com\/#organization","name":"Strangercam","alternateName":"Strangercam.com","url":"https:\/\/strangercam.com\/","logo":{"@type":"ImageObject","inLanguage":"cs","@id":"https:\/\/strangercam.com\/#\/schema\/logo\/image\/","url":"https:\/\/strangercam.com\/wp-content\/uploads\/2020\/11\/cropped-new-favicon-black.png","contentUrl":"https:\/\/strangercam.com\/wp-content\/uploads\/2020\/11\/cropped-new-favicon-black.png","width":512,"height":512,"caption":"Strangercam"},"image":{"@id":"https:\/\/strangercam.com\/#\/schema\/logo\/image\/"},"sameAs":["https:\/\/www.facebook.com\/strangercam","https:\/\/x.com\/strangercamapp"]}]}},"_links":{"self":[{"href":"https:\/\/strangercam.com\/cs\/wp-json\/wp\/v2\/pages\/5191","targetHints":{"allow":["GET"]}}],"collection":[{"href":"https:\/\/strangercam.com\/cs\/wp-json\/wp\/v2\/pages"}],"about":[{"href":"https:\/\/strangercam.com\/cs\/wp-json\/wp\/v2\/types\/page"}],"author":[{"embeddable":true,"href":"https:\/\/strangercam.com\/cs\/wp-json\/wp\/v2\/users\/6"}],"replies":[{"embeddable":true,"href":"https:\/\/strangercam.com\/cs\/wp-json\/wp\/v2\/comments?post=5191"}],"version-history":[{"count":0,"href":"https:\/\/strangercam.com\/cs\/wp-json\/wp\/v2\/pages\/5191\/revisions"}],"wp:featuredmedia":[{"embeddable":true,"href":"https:\/\/strangercam.com\/cs\/wp-json\/wp\/v2\/media\/559"}],"wp:attachment":[{"href":"https:\/\/strangercam.com\/cs\/wp-json\/wp\/v2\/media?parent=5191"}],"curies":[{"name":"wp","href":"https:\/\/api.w.org\/{rel}","templated":true}]}}