{"id":5171,"date":"2021-06-20T14:07:51","date_gmt":"2021-06-20T12:07:51","guid":{"rendered":"https:\/\/strangercam.com\/?page_id=5171"},"modified":"2023-08-21T12:24:42","modified_gmt":"2023-08-21T10:24:42","slug":"lovoo","status":"publish","type":"page","link":"https:\/\/strangercam.com\/cs\/lovoo\/","title":{"rendered":"Lovoo"},"content":{"rendered":"<p>Tato online seznamovac\u00ed aplikace byla vytvo\u0159ena v\u00fdhradn\u011b proto, aby osam\u011bl\u00fdm lidem umo\u017enila <a href=\"https:\/\/strangercam.com\/cs\/chathub\/\">chat<\/a>, <a href=\"https:\/\/strangercam.com\/cs\/flingster\/\">flirt<\/a>a nav\u00e1zat nov\u00e1 p\u0159\u00e1telstv\u00ed. Tvrd\u00ed, \u017ee nab\u00edz\u00ed v\u00edce ne\u017e 4 200 z\u00e1pas\u016f, kter\u00e9 se vytv\u00e1\u0159ej\u00ed ka\u017ed\u00fd m\u011bs\u00edc, a pat\u0159\u00ed mezi nejlep\u0161\u00ed aplikace pro rand\u011bn\u00ed a socializaci. Tv\u016frci se sna\u017e\u00ed neust\u00e1le zav\u00e1d\u011bt nov\u00e9 funkce, aby byla zaj\u00edmav\u00e1 a p\u0159izp\u016fsobovala se po\u017eadavk\u016fm a trend\u016fm trhu. M\u016f\u017ee se pochlubit t\u00edm, \u017ee se od sv\u00e9ho spu\u0161t\u011bn\u00ed t\u011b\u0161\u00ed vysok\u00e9 aktivit\u011b u\u017eivatel\u016f. V sou\u010dasn\u00e9 dob\u011b je v n\u00ed zaregistrov\u00e1no v\u00edce ne\u017e 70 milion\u016f u\u017eivatel\u016f z cel\u00e9ho sv\u011bta. Od sv\u00fdch sou\u010dasn\u00fdch u\u017eivatel\u016f se t\u011b\u0161\u00ed dobr\u00e9mu hodnocen\u00ed.<\/p>\n<h2>Jak se zaregistrovat v lovoo?<\/h2>\n<p>Registrace je snadn\u00e1 a velmi rychl\u00e1, zabere jen asi 3-5 minut. Na t\u00e9to str\u00e1nce se m\u016f\u017eete snadno zaregistrovat pomoc\u00ed sv\u00e9ho \u00fa\u010dtu na Facebooku nebo e-mailu. Mus\u00edte tak\u00e9 zadat \u010d\u00edslo sv\u00e9ho mobiln\u00edho telefonu, proto\u017ee k ov\u011b\u0159en\u00ed va\u0161eho profilu bude nutn\u00e9 ov\u011b\u0159en\u00ed pomoc\u00ed SMS. Nov\u00ed \u010dlenov\u00e9 mus\u00ed vyplnit n\u011bkolik z\u00e1kladn\u00edch informac\u00ed v poskytnut\u00e9m formul\u00e1\u0159i a tak\u00e9 vlo\u017eit svou profilovou fotografii. Krom\u011b toho, \u017ee je fotografie povinn\u00e1, pom\u00e1h\u00e1 p\u0159il\u00e1kat v\u011bt\u0161\u00ed po\u010det lid\u00ed, kte\u0159\u00ed se budou o v\u00e1\u0161 profil zaj\u00edmat. R\u016fzn\u00e9 funkce webu si m\u016f\u017eete prohl\u00ed\u017eet i bez vypl\u0148ov\u00e1n\u00ed profilu.<\/p>\n<h3>Jak pou\u017e\u00edvat lovoo?<\/h3>\n<p>Pou\u017e\u00edv\u00e1n\u00ed t\u011bchto str\u00e1nek je pom\u011brn\u011b snadn\u00e9. M\u016f\u017eete narazit na funkci \u2018Objevovat\u2019, kterou lze ozna\u010dit jako n\u00e1hodn\u00e9 vyhled\u00e1v\u00e1n\u00ed \u010dlen\u016f. Umo\u017e\u0148uje v\u00e1m nastavit filtry vyhled\u00e1v\u00e1n\u00ed podle m\u00edsta, v\u011bkov\u00e9ho rozmez\u00ed a pohlav\u00ed. Dal\u0161\u00ed zaj\u00edmavou funkc\u00ed je \u2018Play\u2019, kter\u00e1 je pova\u017eov\u00e1na za seznamovac\u00ed hru. Tato str\u00e1nka <a href=\"https:\/\/strangercam.com\/cs\/chatroulette\/\">ruleta<\/a> typ p\u0159i\u0159azov\u00e1n\u00ed zobraz\u00ed \u010dleny, kter\u00e9 se v\u00e1m mohou l\u00edbit, nebo je m\u016f\u017eete p\u0159esunout kliknut\u00edm na k\u0159\u00ed\u017eek (x).<\/p>\n<h3>Jak\u00e9 jsou v\u00fdhody a nev\u00fdhody lovoo?<\/h3>\n<p>Ur\u00e1\u017eliv\u00e9 u\u017eivatele m\u016f\u017eete snadno blokovat a tak\u00e9 je okam\u017eit\u011b nahl\u00e1sit spr\u00e1vci webu. K dispozici je ov\u011b\u0159en\u00fd odznak. <a href=\"https:\/\/strangercam.com\/cs\/chat4free\/\">Zdarma<\/a> \u010dlenov\u00e9 si po \u00fasp\u011b\u0161n\u00e9m vypln\u011bn\u00ed sv\u00e9ho profilu mohou prohl\u00ed\u017eet profily ostatn\u00edch \u010dlen\u016f, fotogalerie. P\u0159\u00edstup na tyto str\u00e1nky m\u016f\u017eete z\u00edskat na sv\u00e9m notebooku nebo dokonce mobiln\u00edm telefonu. Aplikace je pom\u011brn\u011b vysoce interaktivn\u00ed a nab\u00edz\u00ed snadn\u00e9 a rychl\u00e9 naviga\u010dn\u00ed za\u0159\u00edzen\u00ed. Je zdarma ke sta\u017een\u00ed v za\u0159\u00edzen\u00edch se syst\u00e9mem Android i iOS. Aplikace tak\u00e9 poskytuje dv\u011b dal\u0161\u00ed funkce, a to <b>lovoo<\/b> <a href=\"https:\/\/strangercam.com\/cs\/mili\/\">\u017div\u011b<\/a> a radar. D\u00edky nim je aplikace vysoce interaktivn\u00ed. M\u00e1 tak\u00e9 kr\u00e1sn\u00fd design. Nev\u00fdhodou v\u0161ak je, \u017ee profily jsou velmi m\u00e1lo podrobn\u00e9. O ka\u017ed\u00e9m profilu \u010dlena z\u00edsk\u00e1te jen omezen\u00e9 informace omezen\u00e9 pouze na v\u011bk, polohu, jm\u00e9no a na to, zda je \u010dlen v sou\u010dasn\u00e9 dob\u011b online.<\/p>","protected":false},"excerpt":{"rendered":"<p>This online dating app has been created exclusively to allow lonely people to chat, flirt, and make new friends. It claims to offer 4,200+ matches being made every month and is among the best apps to date and socialize. The makers have been trying to introduce new features continuously to make it interesting and adapt [&hellip;]<\/p>\n","protected":false},"author":6,"featured_media":559,"parent":0,"menu_order":0,"comment_status":"closed","ping_status":"closed","template":"","meta":{"footnotes":""},"class_list":["post-5171","page","type-page","status-publish","has-post-thumbnail","hentry"],"yoast_head":"<!-- This site is optimized with the Yoast SEO plugin v26.9 - https:\/\/yoast.com\/product\/yoast-seo-wordpress\/ -->\n<title>Lovoo - App for Flirting and Dating - Cam on StrangerCam.com<\/title>\n<meta name=\"description\" content=\"Like Lovoo? Come chat with more than 5.000.000 strangers on Stranger Cam for Free! Turn on your cam and find new friends &amp; maby a match!\" \/>\n<meta name=\"robots\" content=\"index, follow, max-snippet:-1, max-image-preview:large, max-video-preview:-1\" \/>\n<link rel=\"canonical\" href=\"https:\/\/strangercam.com\/cs\/lovoo\/\" \/>\n<meta property=\"og:locale\" content=\"cs_CZ\" \/>\n<meta property=\"og:type\" content=\"article\" \/>\n<meta property=\"og:title\" content=\"Lovoo - App for Flirting and Dating - Cam on StrangerCam.com\" \/>\n<meta property=\"og:description\" content=\"Like Lovoo? Come chat with more than 5.000.000 strangers on Stranger Cam for Free! Turn on your cam and find new friends &amp; maby a match!\" \/>\n<meta property=\"og:url\" content=\"https:\/\/strangercam.com\/cs\/lovoo\/\" \/>\n<meta property=\"og:site_name\" content=\"Strangercam\" \/>\n<meta property=\"article:publisher\" content=\"https:\/\/www.facebook.com\/strangercam\" \/>\n<meta property=\"article:modified_time\" content=\"2023-08-21T10:24:42+00:00\" \/>\n<meta property=\"og:image\" content=\"https:\/\/strangercam.com\/wp-content\/uploads\/2020\/11\/stranger-cam-1.png\" \/>\n\t<meta property=\"og:image:width\" content=\"800\" \/>\n\t<meta property=\"og:image:height\" content=\"800\" \/>\n\t<meta property=\"og:image:type\" content=\"image\/png\" \/>\n<meta name=\"twitter:card\" content=\"summary_large_image\" \/>\n<meta name=\"twitter:site\" content=\"@strangercamapp\" \/>\n<meta name=\"twitter:label1\" content=\"Odhadovan\u00e1 doba \u010dten\u00ed\" \/>\n\t<meta name=\"twitter:data1\" content=\"2 minuty\" \/>\n<script type=\"application\/ld+json\" class=\"yoast-schema-graph\">{\"@context\":\"https:\/\/schema.org\",\"@graph\":[{\"@type\":\"WebPage\",\"@id\":\"https:\/\/strangercam.com\/lovoo\/\",\"url\":\"https:\/\/strangercam.com\/lovoo\/\",\"name\":\"Lovoo - App for Flirting and Dating - Cam on StrangerCam.com\",\"isPartOf\":{\"@id\":\"https:\/\/strangercam.com\/#website\"},\"primaryImageOfPage\":{\"@id\":\"https:\/\/strangercam.com\/lovoo\/#primaryimage\"},\"image\":{\"@id\":\"https:\/\/strangercam.com\/lovoo\/#primaryimage\"},\"thumbnailUrl\":\"https:\/\/strangercam.com\/wp-content\/uploads\/2020\/11\/stranger-cam-1.png\",\"datePublished\":\"2021-06-20T12:07:51+00:00\",\"dateModified\":\"2023-08-21T10:24:42+00:00\",\"description\":\"Like Lovoo? Come chat with more than 5.000.000 strangers on Stranger Cam for Free! Turn on your cam and find new friends & maby a match!\",\"breadcrumb\":{\"@id\":\"https:\/\/strangercam.com\/lovoo\/#breadcrumb\"},\"inLanguage\":\"cs\",\"potentialAction\":[{\"@type\":\"ReadAction\",\"target\":[\"https:\/\/strangercam.com\/lovoo\/\"]}]},{\"@type\":\"ImageObject\",\"inLanguage\":\"cs\",\"@id\":\"https:\/\/strangercam.com\/lovoo\/#primaryimage\",\"url\":\"https:\/\/strangercam.com\/wp-content\/uploads\/2020\/11\/stranger-cam-1.png\",\"contentUrl\":\"https:\/\/strangercam.com\/wp-content\/uploads\/2020\/11\/stranger-cam-1.png\",\"width\":800,\"height\":800,\"caption\":\"stranger cam random video chat\"},{\"@type\":\"BreadcrumbList\",\"@id\":\"https:\/\/strangercam.com\/lovoo\/#breadcrumb\",\"itemListElement\":[{\"@type\":\"ListItem\",\"position\":1,\"name\":\"Home\",\"item\":\"https:\/\/strangercam.com\/\"},{\"@type\":\"ListItem\",\"position\":2,\"name\":\"Lovoo\"}]},{\"@type\":\"WebSite\",\"@id\":\"https:\/\/strangercam.com\/#website\",\"url\":\"https:\/\/strangercam.com\/\",\"name\":\"Strangercam\",\"description\":\"Random Video Chat with Strangers\",\"publisher\":{\"@id\":\"https:\/\/strangercam.com\/#organization\"},\"alternateName\":\"Strangercam.com\",\"potentialAction\":[{\"@type\":\"SearchAction\",\"target\":{\"@type\":\"EntryPoint\",\"urlTemplate\":\"https:\/\/strangercam.com\/?s={search_term_string}\"},\"query-input\":{\"@type\":\"PropertyValueSpecification\",\"valueRequired\":true,\"valueName\":\"search_term_string\"}}],\"inLanguage\":\"cs\"},{\"@type\":\"Organization\",\"@id\":\"https:\/\/strangercam.com\/#organization\",\"name\":\"Strangercam\",\"alternateName\":\"Strangercam.com\",\"url\":\"https:\/\/strangercam.com\/\",\"logo\":{\"@type\":\"ImageObject\",\"inLanguage\":\"cs\",\"@id\":\"https:\/\/strangercam.com\/#\/schema\/logo\/image\/\",\"url\":\"https:\/\/strangercam.com\/wp-content\/uploads\/2020\/11\/cropped-new-favicon-black.png\",\"contentUrl\":\"https:\/\/strangercam.com\/wp-content\/uploads\/2020\/11\/cropped-new-favicon-black.png\",\"width\":512,\"height\":512,\"caption\":\"Strangercam\"},\"image\":{\"@id\":\"https:\/\/strangercam.com\/#\/schema\/logo\/image\/\"},\"sameAs\":[\"https:\/\/www.facebook.com\/strangercam\",\"https:\/\/x.com\/strangercamapp\"]}]}<\/script>\n<!-- \/ Yoast SEO plugin. -->","yoast_head_json":{"title":"Lovoo - Aplikace pro flirtov\u00e1n\u00ed a rand\u011bn\u00ed - Cam on StrangerCam.com","description":"Jako Lovoo? Poj\u010fte si zdarma popov\u00eddat s v\u00edce ne\u017e 5 000 000 cizinci na Stranger Cam! Zapn\u011bte si kameru a najd\u011bte nov\u00e9 p\u0159\u00e1tele &amp; maby z\u00e1pas!","robots":{"index":"index","follow":"follow","max-snippet":"max-snippet:-1","max-image-preview":"max-image-preview:large","max-video-preview":"max-video-preview:-1"},"canonical":"https:\/\/strangercam.com\/cs\/lovoo\/","og_locale":"cs_CZ","og_type":"article","og_title":"Lovoo - App for Flirting and Dating - Cam on StrangerCam.com","og_description":"Like Lovoo? Come chat with more than 5.000.000 strangers on Stranger Cam for Free! Turn on your cam and find new friends & maby a match!","og_url":"https:\/\/strangercam.com\/cs\/lovoo\/","og_site_name":"Strangercam","article_publisher":"https:\/\/www.facebook.com\/strangercam","article_modified_time":"2023-08-21T10:24:42+00:00","og_image":[{"width":800,"height":800,"url":"https:\/\/strangercam.com\/wp-content\/uploads\/2020\/11\/stranger-cam-1.png","type":"image\/png"}],"twitter_card":"summary_large_image","twitter_site":"@strangercamapp","twitter_misc":{"Odhadovan\u00e1 doba \u010dten\u00ed":"2 minuty"},"schema":{"@context":"https:\/\/schema.org","@graph":[{"@type":"WebPage","@id":"https:\/\/strangercam.com\/lovoo\/","url":"https:\/\/strangercam.com\/lovoo\/","name":"Lovoo - Aplikace pro flirtov\u00e1n\u00ed a rand\u011bn\u00ed - Cam on StrangerCam.com","isPartOf":{"@id":"https:\/\/strangercam.com\/#website"},"primaryImageOfPage":{"@id":"https:\/\/strangercam.com\/lovoo\/#primaryimage"},"image":{"@id":"https:\/\/strangercam.com\/lovoo\/#primaryimage"},"thumbnailUrl":"https:\/\/strangercam.com\/wp-content\/uploads\/2020\/11\/stranger-cam-1.png","datePublished":"2021-06-20T12:07:51+00:00","dateModified":"2023-08-21T10:24:42+00:00","description":"Jako Lovoo? Poj\u010fte si zdarma popov\u00eddat s v\u00edce ne\u017e 5 000 000 cizinci na Stranger Cam! Zapn\u011bte si kameru a najd\u011bte nov\u00e9 p\u0159\u00e1tele &amp; maby z\u00e1pas!","breadcrumb":{"@id":"https:\/\/strangercam.com\/lovoo\/#breadcrumb"},"inLanguage":"cs","potentialAction":[{"@type":"ReadAction","target":["https:\/\/strangercam.com\/lovoo\/"]}]},{"@type":"ImageObject","inLanguage":"cs","@id":"https:\/\/strangercam.com\/lovoo\/#primaryimage","url":"https:\/\/strangercam.com\/wp-content\/uploads\/2020\/11\/stranger-cam-1.png","contentUrl":"https:\/\/strangercam.com\/wp-content\/uploads\/2020\/11\/stranger-cam-1.png","width":800,"height":800,"caption":"stranger cam random video chat"},{"@type":"BreadcrumbList","@id":"https:\/\/strangercam.com\/lovoo\/#breadcrumb","itemListElement":[{"@type":"ListItem","position":1,"name":"Home","item":"https:\/\/strangercam.com\/"},{"@type":"ListItem","position":2,"name":"Lovoo"}]},{"@type":"WebSite","@id":"https:\/\/strangercam.com\/#website","url":"https:\/\/strangercam.com\/","name":"Strangercam","description":"N\u00e1hodn\u00fd videochat s ciz\u00edmi lidmi","publisher":{"@id":"https:\/\/strangercam.com\/#organization"},"alternateName":"Strangercam.com","potentialAction":[{"@type":"SearchAction","target":{"@type":"EntryPoint","urlTemplate":"https:\/\/strangercam.com\/?s={search_term_string}"},"query-input":{"@type":"PropertyValueSpecification","valueRequired":true,"valueName":"search_term_string"}}],"inLanguage":"cs"},{"@type":"Organization","@id":"https:\/\/strangercam.com\/#organization","name":"Strangercam","alternateName":"Strangercam.com","url":"https:\/\/strangercam.com\/","logo":{"@type":"ImageObject","inLanguage":"cs","@id":"https:\/\/strangercam.com\/#\/schema\/logo\/image\/","url":"https:\/\/strangercam.com\/wp-content\/uploads\/2020\/11\/cropped-new-favicon-black.png","contentUrl":"https:\/\/strangercam.com\/wp-content\/uploads\/2020\/11\/cropped-new-favicon-black.png","width":512,"height":512,"caption":"Strangercam"},"image":{"@id":"https:\/\/strangercam.com\/#\/schema\/logo\/image\/"},"sameAs":["https:\/\/www.facebook.com\/strangercam","https:\/\/x.com\/strangercamapp"]}]}},"_links":{"self":[{"href":"https:\/\/strangercam.com\/cs\/wp-json\/wp\/v2\/pages\/5171","targetHints":{"allow":["GET"]}}],"collection":[{"href":"https:\/\/strangercam.com\/cs\/wp-json\/wp\/v2\/pages"}],"about":[{"href":"https:\/\/strangercam.com\/cs\/wp-json\/wp\/v2\/types\/page"}],"author":[{"embeddable":true,"href":"https:\/\/strangercam.com\/cs\/wp-json\/wp\/v2\/users\/6"}],"replies":[{"embeddable":true,"href":"https:\/\/strangercam.com\/cs\/wp-json\/wp\/v2\/comments?post=5171"}],"version-history":[{"count":0,"href":"https:\/\/strangercam.com\/cs\/wp-json\/wp\/v2\/pages\/5171\/revisions"}],"wp:featuredmedia":[{"embeddable":true,"href":"https:\/\/strangercam.com\/cs\/wp-json\/wp\/v2\/media\/559"}],"wp:attachment":[{"href":"https:\/\/strangercam.com\/cs\/wp-json\/wp\/v2\/media?parent=5171"}],"curies":[{"name":"wp","href":"https:\/\/api.w.org\/{rel}","templated":true}]}}