{"id":5153,"date":"2021-06-19T21:32:14","date_gmt":"2021-06-19T19:32:14","guid":{"rendered":"https:\/\/strangercam.com\/?page_id=5153"},"modified":"2023-08-21T12:24:41","modified_gmt":"2023-08-21T10:24:41","slug":"flirtymania","status":"publish","type":"page","link":"https:\/\/strangercam.com\/cs\/flirtymania\/","title":{"rendered":"Flirtymania"},"content":{"rendered":"<p><b>Flirtymania<\/b> se rychle st\u00e1v\u00e1 obl\u00edbenou webovou kamerou <a href=\"https:\/\/strangercam.com\/cs\/chatroulette\/\">chat<\/a> a ka\u017ed\u00fdm dnem se t\u011b\u0161\u00ed z tis\u00edc\u016f nov\u00fdch registrac\u00ed. Tato str\u00e1nka v\u00e1m umo\u017en\u00ed naj\u00edt datum, <a href=\"https:\/\/strangercam.com\/cs\/coomeet\/\">Seznamte se s<\/a> nov\u00e9 p\u0159\u00e1tele, promluvit si s ciz\u00edmi lidmi nebo se setkat se svou drahou polovi\u010dkou. S tolika zaj\u00edmav\u00fdmi funkcemi v\u00e1m tato str\u00e1nka umo\u017e\u0148uje, abyste si u\u017e\u00edvali a m\u011bli romantick\u00fd \u017eivot. M\u016f\u017eete snadno z\u00edskat p\u0159\u00edstup k \u017eiv\u00fdm webkamer\u00e1m a <a href=\"https:\/\/strangercam.com\/cs\/rabbit-video-chat\/\">videochat<\/a> pokoje zdarma. M\u016f\u017eete uskute\u010d\u0148ovat n\u00e1hodn\u00e9 videohovory a vstupovat do skupinov\u00fdch chatovac\u00edch m\u00edstnost\u00ed a v\u00e9st s ostatn\u00edmi dlouh\u00fd chat.<\/p>\n<h2>Jak se zaregistrovat na flirtymanii?<\/h2>\n<p>Pro p\u0159\u00edstup k r\u016fzn\u00fdm verz\u00edm chatu je d\u016fle\u017eit\u00e9 se na tomto webu zaregistrovat. Za t\u00edmto \u00fa\u010delem mus\u00edte v registra\u010dn\u00edm formul\u00e1\u0159i spr\u00e1vn\u011b zadat sv\u00e9 osobn\u00ed \u00fadaje v\u010detn\u011b u\u017eivatelsk\u00e9ho jm\u00e9na a hesla. Po vygenerov\u00e1n\u00ed jste p\u0159ipraveni k p\u0159\u00edstupu k r\u016fzn\u00fdm zde poskytovan\u00fdm okn\u016fm chatu. Tak\u00e9 se v\u00e1m zobraz\u00ed osoba, se kterou si p\u0159ejete chatovat, a jednoduch\u00fdm kliknut\u00edm na toto okno zah\u00e1j\u00edte chatovac\u00ed relaci. Registrace na t\u011bchto str\u00e1nk\u00e1ch je pom\u011brn\u011b jednoduch\u00e1, snadn\u00e1 a rychl\u00e1. K dispozici m\u00e1te placen\u00e9 verze i verze videochatu v z\u00e1vislosti na va\u0161\u00ed volb\u011b.<\/p>\n<h3>Jak pou\u017e\u00edvat flirtymania?<\/h3>\n<p>Tato str\u00e1nka poskytuje u\u017eivatel\u016fm mnoho mo\u017enost\u00ed a je pom\u011brn\u011b snadno pou\u017eiteln\u00e1. Nejprve se mus\u00edte zaregistrovat n\u00e1v\u0161t\u011bvou libovoln\u00e9ho okna a vytvo\u0159it si u\u017eivatelsk\u00e9 jm\u00e9no a heslo. Jakmile tak u\u010din\u00edte, m\u016f\u017eete z\u00edskat p\u0159\u00edstup k bezplatn\u00e9mu chatu p\u0159es webkameru, bezplatn\u00e9mu <a href=\"https:\/\/strangercam.com\/cs\/bazookamera\/\">cam<\/a> chat, chatovac\u00ed m\u00edstnost s webkamerou atd. Existuj\u00ed tis\u00edce ve\u0159ejn\u00fdch a soukrom\u00fdch chatovac\u00edch m\u00edstnost\u00ed, do kter\u00fdch m\u016f\u017eete vstoupit a u\u017e\u00edt si zaj\u00edmav\u00e9 a z\u00e1bavn\u00e9 sezen\u00ed. Je to zcela bezpe\u010dn\u00e9 a mnohem zaj\u00edmav\u011bj\u0161\u00ed, co\u017e v\u00e1m umo\u017en\u00ed z\u00edskat to, za co si zaplat\u00edte.<\/p>\n<h3>Jak\u00e9 jsou v\u00fdhody a nev\u00fdhody flirtym\u00e1nie?<\/h3>\n<p>Webcam chatroom na t\u011bchto str\u00e1nk\u00e1ch v\u00e1m umo\u017e\u0148uje p\u0159\u00edstup k voln\u00e9mu \u017eiv\u00e9mu <a href=\"https:\/\/strangercam.com\/cs\/video-chat-s-divkami\/\">d\u00edvky<\/a> s plnou anonymitou. Osobn\u00ed \u00fadaje se nebudou muset zobrazovat, zat\u00edmco budete m\u00edt pln\u00fd p\u0159\u00edstup bez va\u0161eho svolen\u00ed. M\u016f\u017eete se p\u0159ipojit k n\u011bkter\u00e9mu z tis\u00edc\u016f ve\u0159ejn\u00fdch a soukrom\u00fdch chatovac\u00edch m\u00edstnost\u00ed pln\u00fdch cizinc\u016f po cel\u00e9m sv\u011bt\u011b. M\u00e1te plnou kontrolu nad t\u00edm, s k\u00fdm budete chatovat v z\u00e1vislosti na sv\u00fdch n\u00e1lad\u00e1ch. V tomto bezplatn\u00e9m webkamerov\u00e9m chatu je nab\u00edzena spousta \u00fa\u017easn\u00fdch n\u00e1lepek. Jedinou nev\u00fdhodou je, \u017ee mus\u00edte odlo\u017eit pen\u00edze, abyste rozveselili p\u0159\u00edtele nebo z\u00edskali n\u011b\u010d\u00ed srdce. Stoj\u00ed to v\u0161ak za vyzkou\u0161en\u00ed, proto\u017ee z t\u00e9to str\u00e1nky m\u016f\u017eete vyt\u011b\u017eit maximum z\u00e1bavy a budete se cht\u00edt znovu vr\u00e1tit pro dal\u0161\u00ed.<\/p>","protected":false},"excerpt":{"rendered":"<p>Flirtymania is fast becoming a popular webcam chat and enjoying new registrations in thousands with each passing day. This site allows you to find a date, meet new friends, talk to likeminded strangers or meet your beloved one. With so many interesting features, this site allows you to permits you to enjoy and have a [&hellip;]<\/p>\n","protected":false},"author":6,"featured_media":559,"parent":0,"menu_order":0,"comment_status":"closed","ping_status":"closed","template":"","meta":{"footnotes":""},"class_list":["post-5153","page","type-page","status-publish","has-post-thumbnail","hentry"],"yoast_head":"<!-- This site is optimized with the Yoast SEO plugin v26.9 - https:\/\/yoast.com\/product\/yoast-seo-wordpress\/ -->\n<title>Flirtymania - Video Chat With Girls - Cam on StrangerCam.com<\/title>\n<meta name=\"description\" content=\"Like Flirtymania? Come chat with more than 5.000.000 strangers on Stranger Cam for Free! Turn on your cam and find new friends &amp; maby a match!\" \/>\n<meta name=\"robots\" content=\"index, follow, max-snippet:-1, max-image-preview:large, max-video-preview:-1\" \/>\n<link rel=\"canonical\" href=\"https:\/\/strangercam.com\/cs\/flirtymania\/\" \/>\n<meta property=\"og:locale\" content=\"cs_CZ\" \/>\n<meta property=\"og:type\" content=\"article\" \/>\n<meta property=\"og:title\" content=\"Flirtymania - Video Chat With Girls - Cam on StrangerCam.com\" \/>\n<meta property=\"og:description\" content=\"Like Flirtymania? Come chat with more than 5.000.000 strangers on Stranger Cam for Free! Turn on your cam and find new friends &amp; maby a match!\" \/>\n<meta property=\"og:url\" content=\"https:\/\/strangercam.com\/cs\/flirtymania\/\" \/>\n<meta property=\"og:site_name\" content=\"Strangercam\" \/>\n<meta property=\"article:publisher\" content=\"https:\/\/www.facebook.com\/strangercam\" \/>\n<meta property=\"article:modified_time\" content=\"2023-08-21T10:24:41+00:00\" \/>\n<meta property=\"og:image\" content=\"https:\/\/strangercam.com\/wp-content\/uploads\/2020\/11\/stranger-cam-1.png\" \/>\n\t<meta property=\"og:image:width\" content=\"800\" \/>\n\t<meta property=\"og:image:height\" content=\"800\" \/>\n\t<meta property=\"og:image:type\" content=\"image\/png\" \/>\n<meta name=\"twitter:card\" content=\"summary_large_image\" \/>\n<meta name=\"twitter:site\" content=\"@strangercamapp\" \/>\n<meta name=\"twitter:label1\" content=\"Odhadovan\u00e1 doba \u010dten\u00ed\" \/>\n\t<meta name=\"twitter:data1\" content=\"2 minuty\" \/>\n<script type=\"application\/ld+json\" class=\"yoast-schema-graph\">{\"@context\":\"https:\/\/schema.org\",\"@graph\":[{\"@type\":\"WebPage\",\"@id\":\"https:\/\/strangercam.com\/flirtymania\/\",\"url\":\"https:\/\/strangercam.com\/flirtymania\/\",\"name\":\"Flirtymania - Video Chat With Girls - Cam on StrangerCam.com\",\"isPartOf\":{\"@id\":\"https:\/\/strangercam.com\/#website\"},\"primaryImageOfPage\":{\"@id\":\"https:\/\/strangercam.com\/flirtymania\/#primaryimage\"},\"image\":{\"@id\":\"https:\/\/strangercam.com\/flirtymania\/#primaryimage\"},\"thumbnailUrl\":\"https:\/\/strangercam.com\/wp-content\/uploads\/2020\/11\/stranger-cam-1.png\",\"datePublished\":\"2021-06-19T19:32:14+00:00\",\"dateModified\":\"2023-08-21T10:24:41+00:00\",\"description\":\"Like Flirtymania? Come chat with more than 5.000.000 strangers on Stranger Cam for Free! Turn on your cam and find new friends & maby a match!\",\"breadcrumb\":{\"@id\":\"https:\/\/strangercam.com\/flirtymania\/#breadcrumb\"},\"inLanguage\":\"cs\",\"potentialAction\":[{\"@type\":\"ReadAction\",\"target\":[\"https:\/\/strangercam.com\/flirtymania\/\"]}]},{\"@type\":\"ImageObject\",\"inLanguage\":\"cs\",\"@id\":\"https:\/\/strangercam.com\/flirtymania\/#primaryimage\",\"url\":\"https:\/\/strangercam.com\/wp-content\/uploads\/2020\/11\/stranger-cam-1.png\",\"contentUrl\":\"https:\/\/strangercam.com\/wp-content\/uploads\/2020\/11\/stranger-cam-1.png\",\"width\":800,\"height\":800,\"caption\":\"stranger cam random video chat\"},{\"@type\":\"BreadcrumbList\",\"@id\":\"https:\/\/strangercam.com\/flirtymania\/#breadcrumb\",\"itemListElement\":[{\"@type\":\"ListItem\",\"position\":1,\"name\":\"Home\",\"item\":\"https:\/\/strangercam.com\/\"},{\"@type\":\"ListItem\",\"position\":2,\"name\":\"Flirtymania\"}]},{\"@type\":\"WebSite\",\"@id\":\"https:\/\/strangercam.com\/#website\",\"url\":\"https:\/\/strangercam.com\/\",\"name\":\"Strangercam\",\"description\":\"Random Video Chat with Strangers\",\"publisher\":{\"@id\":\"https:\/\/strangercam.com\/#organization\"},\"alternateName\":\"Strangercam.com\",\"potentialAction\":[{\"@type\":\"SearchAction\",\"target\":{\"@type\":\"EntryPoint\",\"urlTemplate\":\"https:\/\/strangercam.com\/?s={search_term_string}\"},\"query-input\":{\"@type\":\"PropertyValueSpecification\",\"valueRequired\":true,\"valueName\":\"search_term_string\"}}],\"inLanguage\":\"cs\"},{\"@type\":\"Organization\",\"@id\":\"https:\/\/strangercam.com\/#organization\",\"name\":\"Strangercam\",\"alternateName\":\"Strangercam.com\",\"url\":\"https:\/\/strangercam.com\/\",\"logo\":{\"@type\":\"ImageObject\",\"inLanguage\":\"cs\",\"@id\":\"https:\/\/strangercam.com\/#\/schema\/logo\/image\/\",\"url\":\"https:\/\/strangercam.com\/wp-content\/uploads\/2020\/11\/cropped-new-favicon-black.png\",\"contentUrl\":\"https:\/\/strangercam.com\/wp-content\/uploads\/2020\/11\/cropped-new-favicon-black.png\",\"width\":512,\"height\":512,\"caption\":\"Strangercam\"},\"image\":{\"@id\":\"https:\/\/strangercam.com\/#\/schema\/logo\/image\/\"},\"sameAs\":[\"https:\/\/www.facebook.com\/strangercam\",\"https:\/\/x.com\/strangercamapp\"]}]}<\/script>\n<!-- \/ Yoast SEO plugin. -->","yoast_head_json":{"title":"Flirtymania - Video chat s d\u00edvkami - Cam na StrangerCam.com","description":"Jako Flirtymania? Poj\u010fte si zdarma popov\u00eddat s v\u00edce ne\u017e 5 000 000 cizinci na Stranger Cam! Zapn\u011bte si kameru a najd\u011bte nov\u00e9 p\u0159\u00e1tele &amp; maby z\u00e1pas!","robots":{"index":"index","follow":"follow","max-snippet":"max-snippet:-1","max-image-preview":"max-image-preview:large","max-video-preview":"max-video-preview:-1"},"canonical":"https:\/\/strangercam.com\/cs\/flirtymania\/","og_locale":"cs_CZ","og_type":"article","og_title":"Flirtymania - Video Chat With Girls - Cam on StrangerCam.com","og_description":"Like Flirtymania? Come chat with more than 5.000.000 strangers on Stranger Cam for Free! Turn on your cam and find new friends & maby a match!","og_url":"https:\/\/strangercam.com\/cs\/flirtymania\/","og_site_name":"Strangercam","article_publisher":"https:\/\/www.facebook.com\/strangercam","article_modified_time":"2023-08-21T10:24:41+00:00","og_image":[{"width":800,"height":800,"url":"https:\/\/strangercam.com\/wp-content\/uploads\/2020\/11\/stranger-cam-1.png","type":"image\/png"}],"twitter_card":"summary_large_image","twitter_site":"@strangercamapp","twitter_misc":{"Odhadovan\u00e1 doba \u010dten\u00ed":"2 minuty"},"schema":{"@context":"https:\/\/schema.org","@graph":[{"@type":"WebPage","@id":"https:\/\/strangercam.com\/flirtymania\/","url":"https:\/\/strangercam.com\/flirtymania\/","name":"Flirtymania - Video chat s d\u00edvkami - Cam na StrangerCam.com","isPartOf":{"@id":"https:\/\/strangercam.com\/#website"},"primaryImageOfPage":{"@id":"https:\/\/strangercam.com\/flirtymania\/#primaryimage"},"image":{"@id":"https:\/\/strangercam.com\/flirtymania\/#primaryimage"},"thumbnailUrl":"https:\/\/strangercam.com\/wp-content\/uploads\/2020\/11\/stranger-cam-1.png","datePublished":"2021-06-19T19:32:14+00:00","dateModified":"2023-08-21T10:24:41+00:00","description":"Jako Flirtymania? Poj\u010fte si zdarma popov\u00eddat s v\u00edce ne\u017e 5 000 000 cizinci na Stranger Cam! Zapn\u011bte si kameru a najd\u011bte nov\u00e9 p\u0159\u00e1tele &amp; maby z\u00e1pas!","breadcrumb":{"@id":"https:\/\/strangercam.com\/flirtymania\/#breadcrumb"},"inLanguage":"cs","potentialAction":[{"@type":"ReadAction","target":["https:\/\/strangercam.com\/flirtymania\/"]}]},{"@type":"ImageObject","inLanguage":"cs","@id":"https:\/\/strangercam.com\/flirtymania\/#primaryimage","url":"https:\/\/strangercam.com\/wp-content\/uploads\/2020\/11\/stranger-cam-1.png","contentUrl":"https:\/\/strangercam.com\/wp-content\/uploads\/2020\/11\/stranger-cam-1.png","width":800,"height":800,"caption":"stranger cam random video chat"},{"@type":"BreadcrumbList","@id":"https:\/\/strangercam.com\/flirtymania\/#breadcrumb","itemListElement":[{"@type":"ListItem","position":1,"name":"Home","item":"https:\/\/strangercam.com\/"},{"@type":"ListItem","position":2,"name":"Flirtymania"}]},{"@type":"WebSite","@id":"https:\/\/strangercam.com\/#website","url":"https:\/\/strangercam.com\/","name":"Strangercam","description":"N\u00e1hodn\u00fd videochat s ciz\u00edmi lidmi","publisher":{"@id":"https:\/\/strangercam.com\/#organization"},"alternateName":"Strangercam.com","potentialAction":[{"@type":"SearchAction","target":{"@type":"EntryPoint","urlTemplate":"https:\/\/strangercam.com\/?s={search_term_string}"},"query-input":{"@type":"PropertyValueSpecification","valueRequired":true,"valueName":"search_term_string"}}],"inLanguage":"cs"},{"@type":"Organization","@id":"https:\/\/strangercam.com\/#organization","name":"Strangercam","alternateName":"Strangercam.com","url":"https:\/\/strangercam.com\/","logo":{"@type":"ImageObject","inLanguage":"cs","@id":"https:\/\/strangercam.com\/#\/schema\/logo\/image\/","url":"https:\/\/strangercam.com\/wp-content\/uploads\/2020\/11\/cropped-new-favicon-black.png","contentUrl":"https:\/\/strangercam.com\/wp-content\/uploads\/2020\/11\/cropped-new-favicon-black.png","width":512,"height":512,"caption":"Strangercam"},"image":{"@id":"https:\/\/strangercam.com\/#\/schema\/logo\/image\/"},"sameAs":["https:\/\/www.facebook.com\/strangercam","https:\/\/x.com\/strangercamapp"]}]}},"_links":{"self":[{"href":"https:\/\/strangercam.com\/cs\/wp-json\/wp\/v2\/pages\/5153","targetHints":{"allow":["GET"]}}],"collection":[{"href":"https:\/\/strangercam.com\/cs\/wp-json\/wp\/v2\/pages"}],"about":[{"href":"https:\/\/strangercam.com\/cs\/wp-json\/wp\/v2\/types\/page"}],"author":[{"embeddable":true,"href":"https:\/\/strangercam.com\/cs\/wp-json\/wp\/v2\/users\/6"}],"replies":[{"embeddable":true,"href":"https:\/\/strangercam.com\/cs\/wp-json\/wp\/v2\/comments?post=5153"}],"version-history":[{"count":0,"href":"https:\/\/strangercam.com\/cs\/wp-json\/wp\/v2\/pages\/5153\/revisions"}],"wp:featuredmedia":[{"embeddable":true,"href":"https:\/\/strangercam.com\/cs\/wp-json\/wp\/v2\/media\/559"}],"wp:attachment":[{"href":"https:\/\/strangercam.com\/cs\/wp-json\/wp\/v2\/media?parent=5153"}],"curies":[{"name":"wp","href":"https:\/\/api.w.org\/{rel}","templated":true}]}}