{"id":5113,"date":"2021-06-19T21:05:49","date_gmt":"2021-06-19T19:05:49","guid":{"rendered":"https:\/\/strangercam.com\/?page_id=5113"},"modified":"2023-08-21T11:40:39","modified_gmt":"2023-08-21T09:40:39","slug":"chatiw","status":"publish","type":"page","link":"https:\/\/strangercam.com\/cs\/chatiw\/","title":{"rendered":"Chatiw"},"content":{"rendered":"<p>Mo\u017en\u00e1 se sna\u017e\u00edte naj\u00edt vhodnou osobu online, a proto se zaj\u00edm\u00e1te o. <a href=\"https:\/\/strangercam.com\/cs\/chatingly\/\">chatov\u00e1n\u00ed<\/a> s n\u00e1hodn\u00fdmi ciz\u00edmi lidmi online.<\/p>\n<p>Pokud je to v\u00e1\u0161 p\u0159\u00edpad, jste na spr\u00e1vn\u00e9m m\u00edst\u011b!<\/p>\n<p>Zde je kompletn\u00ed pr\u016fvodce \u00fa\u017easnou online platformou, prost\u0159ednictv\u00edm kter\u00e9 si m\u016f\u017eete za den popov\u00eddat s des\u00edtkami ciz\u00edch lid\u00ed.<\/p>\n<p>Zn\u00ed to p\u016fsobiv\u011b, \u017ee?<\/p>\n<p>P\u0159esto\u017ee existuje \u0159ada online seznamek a aplikac\u00ed,\u00a0<b>chatiw<\/b> je n\u011bco jin\u00e9ho. Tato platforma zalo\u017een\u00e1 na chatu nab\u00edz\u00ed sv\u00fdm u\u017eivatel\u016fm <a href=\"https:\/\/strangercam.com\/cs\/chat4free\/\">zdarma<\/a> komunikace, kter\u00e1 v\u00e1m umo\u017en\u00ed zdarma se spojit s tis\u00edci cizinci z r\u016fzn\u00fdch zem\u00ed.<\/p>\n<p>Neexistuj\u00ed \u017e\u00e1dn\u00e1 omezen\u00ed, jak a s k\u00fdm komunikovat, v\u010detn\u011b v\u00fdb\u011bru m\u00edsta. M\u016f\u017eete <a href=\"https:\/\/strangercam.com\/cs\/chatroulette\/\">chat<\/a> neform\u00e1ln\u011b, pokud hled\u00e1te n\u011bco m\u00e9n\u011b v\u00e1\u017en\u00e9ho nebo dobr\u00e9ho p\u0159\u00edtele. M\u016f\u017eete tak\u00e9 vyu\u017e\u00edt p\u0159\u00edle\u017eitosti k hled\u00e1n\u00ed sp\u0159\u00edzn\u011bn\u00e9 du\u0161e nebo partnera. Tyto str\u00e1nky v\u00e1m tedy nab\u00edzej\u00ed nesm\u00edrnou svobodu, a to zcela podle va\u0161ich n\u00e1lad.<\/p>\n<h2>Jak se zaregistrovat u Chatiw?<\/h2>\n<p>Jeho registra\u010dn\u00ed funkce je jedine\u010dn\u00e1. Nikde jinde nenajdete registra\u010dn\u00ed proces, jako je Chatiw.<\/p>\n<p>Bezplatn\u00ed u\u017eivatel\u00e9 se nemusej\u00ed registrovat, aby mohli vyu\u017e\u00edvat tento web a spojit se s ciz\u00edmi lidmi. Na hlavn\u00ed str\u00e1nce webu je n\u011bkolik pol\u00ed, kter\u00e1 je t\u0159eba spr\u00e1vn\u011b a adekv\u00e1tn\u011b vyplnit.<\/p>\n<p>Obsahuje u\u017eivatelsk\u00e9 jm\u00e9no, polohu, pohlav\u00ed a v\u011bk. Po dokon\u010den\u00ed m\u016f\u017eete za\u010d\u00edt chatovat s k\u00fdmkoli, s k\u00fdm m\u00e1te chu\u0165 se spojit. Tato aplikace\/m\u00edsto v\u00e1m tak\u00e9 umo\u017e\u0148uje pou\u017e\u00edvat sledov\u00e1n\u00ed GPS, kter\u00e9 v\u00e1m poskytne p\u0159esnou polohu va\u0161i i druh\u00e9 osoby.<\/p>\n<h3>Jak pou\u017e\u00edvat Chatiw?<\/h3>\n<p>Chatov\u00e1n\u00ed je hlavn\u00ed \u010dinnost\u00ed, kterou tato str\u00e1nka nab\u00edz\u00ed. Proto jsou poskytovan\u00e9 funkce mapov\u00e1n\u00ed optim\u00e1ln\u00ed. Umo\u017e\u0148uje pos\u00edlat informace, fotografie, odkazy a proch\u00e1zet historii chatu.<\/p>\n<p>N\u011bkter\u00e9 funkce jsou v\u0161ak nab\u00edzeny pouze pr\u00e9miov\u00fdm z\u00e1kazn\u00edk\u016fm. Profily, kter\u00e9 v\u00e1s nezaj\u00edmaj\u00ed, m\u016f\u017eete snadno blokovat a ignorovat. Nab\u00edzen\u00e9 funkce jsou pom\u011brn\u011b zaj\u00edmav\u00e9 a jednoduch\u00e9 na pou\u017e\u00edv\u00e1n\u00ed.<\/p>\n<p>Vyvinut\u00fd syst\u00e9m chatu je nav\u00edc pom\u011brn\u011b v\u00fdkonn\u00fd. Lid\u00e9 na t\u00e9to platform\u011b jsou trochu vysp\u011blej\u0161\u00ed a v\u011bt\u0161ina z nich v\u00ed, co hled\u00e1. V\u0161e zde lze nal\u00e9zt jako intuitivn\u00ed a p\u0159\u00edmo\u010dar\u00e9. Pokud v\u00e1s n\u011bkdo zaujme, m\u016f\u017eete mu to prost\u011b \u0159\u00edct, a pokud ne, sta\u010d\u00ed ho ignorovat.<\/p>\n<h3>Jak\u00e9 jsou v\u00fdhody a nev\u00fdhody modelu Chatiw?<\/h3>\n<p>Pou\u017e\u00edv\u00e1n\u00ed t\u00e9to str\u00e1nky je pom\u011brn\u011b jednoduch\u00e9. Rozhran\u00ed webu je jednoduch\u00e9. M\u016f\u017eete ji snadno pou\u017e\u00edvat, i kdy\u017e jste nikdy p\u0159edt\u00edm \u017e\u00e1dnou seznamku nepou\u017e\u00edvali!<\/p>\n<p>Jako bezplatn\u00fd u\u017eivatel m\u00e1te n\u00e1sleduj\u00edc\u00ed v\u00fdhody;<\/p>\n<ul>\n<li style=\"font-weight: 400;\" aria-level=\"1\">Registrace nen\u00ed nutn\u00e1 a cel\u00fd proces je jednoduch\u00fd a bezplatn\u00fd.<\/li>\n<li style=\"font-weight: 400;\" aria-level=\"1\">Nemus\u00edte ztr\u00e1cet \u010das vytv\u00e1\u0159en\u00edm dlouh\u00fdch profil\u016f.<\/li>\n<li style=\"font-weight: 400;\" aria-level=\"1\">M\u016f\u017eete si p\u0159e\u010d\u00edst i blogov\u00e9 p\u0159\u00edsp\u011bvky a pod\u011blit se o zku\u0161enosti se vztahy, seznamov\u00e1n\u00edm a online komunikac\u00ed.<\/li>\n<li style=\"font-weight: 400;\" aria-level=\"1\">Je to fantastick\u00e9 m\u00edsto, kde se m\u016f\u017eete bavit 24 hodin denn\u011b, 7 dn\u00ed v t\u00fddnu.<\/li>\n<\/ul>\n<p>N\u011bkter\u00e9 nev\u00fdhody zaznamenan\u00e9 v tomto online chatu jsou nespr\u00e1vn\u00e9 registra\u010dn\u00ed funkce.<\/p>\n<ul>\n<li style=\"font-weight: 400;\" aria-level=\"1\">Poka\u017ed\u00e9, kdy\u017e se pokus\u00edte vstoupit na str\u00e1nky a chatovat, mus\u00edte zadat sv\u00e9 u\u017eivatelsk\u00e9 jm\u00e9no a dal\u0161\u00ed d\u016fle\u017eit\u00e9 informace, ale pouze pro \u010dleny zdarma.<\/li>\n<li style=\"font-weight: 400;\" aria-level=\"1\">V sou\u010dasn\u00e9 dob\u011b na platform\u011b pracuje mnoho nevhodn\u00fdch a podvodn\u00fdch profil\u016f.<\/li>\n<li style=\"font-weight: 400;\" aria-level=\"1\">Chcete-li vyu\u017e\u00edvat v\u0161echny funkce, mus\u00edte se st\u00e1t VIP nebo pr\u00e9miov\u00fdm \u010dlenem t\u00edm, \u017ee zaplat\u00edte webov\u00e9 str\u00e1nky.<\/li>\n<\/ul>\n<h3>Tipy od Chatiw<\/h3>\n<p>Chatiw je nepochybn\u011b fantastick\u00e1 online chatovac\u00ed platforma, ale dobr\u00e1 v\u011bc na nich je, \u017ee vedou u\u017eivatele.<\/p>\n<p>Maj\u00ed cel\u00fd vlastn\u00ed blog!<\/p>\n<p>V blogu se sna\u017e\u00ed popsat zp\u016fsoby a zp\u016fsob, jak\u00fdm by m\u011bl \u010dlov\u011bk mluvit s jin\u00fdm cizincem online. Je to dobr\u00fd krok ve dvou sm\u011brech.<\/p>\n<ul>\n<li style=\"font-weight: 400;\" aria-level=\"1\">Nejd\u0159\u00edve u\u017eivatele navede a \u0159ekne mu, jak m\u00e1 mluvit, aby zap\u016fsobil na osobu sed\u00edc\u00ed na druh\u00e9m konci.<\/li>\n<li style=\"font-weight: 400;\" aria-level=\"1\">Druh\u00e1 nejd\u016fle\u017eit\u011bj\u0161\u00ed v\u011bc na tomto blogu je, \u017ee \u0159\u00edk\u00e1, jak se chovat!<\/li>\n<\/ul>\n<p>Je to vynikaj\u00edc\u00ed zp\u016fsob, jak div\u00e1k\u016fm sd\u011blit, \u017ee je lep\u0161\u00ed se chovat slu\u0161n\u011b ne\u017e dostat z\u00e1kaz!<\/p>\n<p>Pro\u010d pou\u017e\u00edvat Chatiw?<\/p>\n<h3>Mobiln\u00ed aplikace<\/h3>\n<p>Nen\u00ed t\u0159eba se ob\u00e1vat!<\/p>\n<p>Chatiw m\u00e1 tak\u00e9 mobiln\u00ed aplikaci. Jak v\u00edme, prohl\u00ed\u017ee\u010de nem\u016f\u017eeme pou\u017e\u00edvat neust\u00e1le. Pro pohodl\u00ed u\u017eivatel\u016f se spole\u010dnost Chatiw odhodlala k tomuto kroku a p\u0159edstavila tuto jedine\u010dnou aplikaci.<\/p>\n<p>Pokud jste u\u017eivatelem syst\u00e9mu Android, m\u016f\u017eete si aplikaci st\u00e1hnout z Obchodu Play, a pokud jste u\u017eivatelem iPhonu, m\u016f\u017eete si ji st\u00e1hnout z App Store.<\/p>\n<h3>Podstata Chatiw<\/h3>\n<p>Chatiw nen\u00ed jen o textu a <a href=\"https:\/\/strangercam.com\/cs\/rabbit-video-chat\/\">video<\/a> chatov\u00e1n\u00ed. Nejedn\u00e1 se pouze o konverzaci s ciz\u00edmi lidmi. V\u00fdvoj\u00e1\u0159i, kte\u0159\u00ed vytvo\u0159ili webov\u00e9 str\u00e1nky a pot\u00e9 i aplikaci, m\u011bli na mysli \u0161ir\u0161\u00ed vizi.<\/p>\n<p>Chatiw je o hled\u00e1n\u00ed dokonal\u00e9ho partnera, sp\u0159\u00edzn\u011bn\u00e9 du\u0161e!<\/p>\n<p>Nen\u00ed to jako b\u011b\u017en\u00e9 chatovac\u00ed platformy, kter\u00e9 umo\u017e\u0148uj\u00ed jen mluvit s lidmi a pak co n\u00e1hodn\u011b? Nic?<\/p>\n<p>Kdyby tomu tak bylo, pro\u010d by se v\u016fbec mluvilo?<\/p>\n<p>V\u0161echno by m\u011blo m\u00edt n\u011bjak\u00fd d\u016fvod a chatov\u00e1n\u00ed by m\u011blo n\u011bkam v\u00e9st, jinak zat\u011b\u017euje ob\u011b strany.<\/p>\n<p>Z tohoto d\u016fvodu spole\u010dnost Chatiw oce\u0148uje, \u017ee se m\u016f\u017eete obr\u00e1tit s chatem na <a href=\"https:\/\/strangercam.com\/cs\/nextcam\/\">dal\u0161\u00ed<\/a> co\u017e je na t\u00e9to webov\u00e9 str\u00e1nce to nej\u00fa\u017easn\u011bj\u0161\u00ed.<\/p>\n<h3>Ochrana osobn\u00edch \u00fadaj\u016f<\/h3>\n<p>Jste zde zaji\u0161t\u011bni. B\u011bhem chatu m\u016f\u017eete sd\u00edlet sv\u00e9 fotky s osobou, kter\u00e1 se v\u00e1m l\u00edb\u00ed, ani\u017e byste se museli ob\u00e1vat o sv\u00e9 soukrom\u00ed. Chatiw v\u00e1s m\u00e1 pod palcem!<\/p>\n<p>Lid\u00e9 se vyh\u00fdbaj\u00ed vstupu do online chatovac\u00edch platforem ze dvou d\u016fvod\u016f. Jedn\u00edm z nich je slo\u017eitost a druh\u00fdm soukrom\u00ed. Spole\u010dnost Chatiw m\u00e1 pro oba tyto probl\u00e9my solidn\u00ed \u0159e\u0161en\u00ed. Sv\u00e9 webov\u00e9 str\u00e1nky ud\u011blali jednoduch\u00e9 a snadno pou\u017eiteln\u00e9. A pro soukrom\u00ed maj\u00ed solidn\u00ed pl\u00e1n. Spole\u010dnost Chatiw shroma\u017e\u010fuje pouze jm\u00e9no, p\u0159\u00edjmen\u00ed, e-mailovou adresu \u00dadaje o pou\u017e\u00edv\u00e1n\u00ed, jedine\u010dn\u00e9 identifik\u00e1tory za\u0159\u00edzen\u00ed pro reklamu (Google Advertiser ID), r\u016fzn\u00e9 typy \u00fadaj\u016f, soubory cookie, zem\u011bpisnou polohu a jazyk.<\/p>\n<p>Kdy\u017e u\u017e mluv\u00edme o poloze, shroma\u017e\u010fuj\u00ed pouze polohu, aby v\u00e1m na\u0161li dokonalou shodu. Naj\u00edt hru je n\u011bkdy obt\u00ed\u017en\u00e9, ale um\u00edst\u011bn\u00ed m\u016f\u017ee pomoci, proto\u017ee \u010d\u00edm bl\u00ed\u017ee je v\u00e1\u0161 partner, t\u00edm lep\u0161\u00ed to bude, jak jsme ji\u017e diskutovali, \u017ee Chatiw oce\u0148uje posunut\u00ed vztah\u016f na dal\u0161\u00ed \u00farove\u0148.<\/p>\n<h3>Z\u00e1v\u011br<\/h3>\n<p>Celkov\u011b vzato, Chatiw je vynikaj\u00edc\u00ed online chatov\u00e1n\u00ed webov\u00e9 str\u00e1nky. M\u016f\u017eete se t\u011b\u0161it na rozhovory s ciz\u00edmi lidmi a navazov\u00e1n\u00ed nov\u00fdch p\u0159\u00e1telstv\u00ed. To v\u0161e m\u016f\u017eete d\u011blat p\u0159i zachov\u00e1n\u00ed bezpe\u010dnosti sv\u00e9 identity.<\/p>","protected":false},"excerpt":{"rendered":"<p>You may be trying to find a suitable person online and hence be interested in chatting with random strangers online. If it is the case, you are in the right place! Here is a complete guide to a wonderful online platform through which you can talk to dozens of strangers in a day. It sounds [&hellip;]<\/p>\n","protected":false},"author":6,"featured_media":559,"parent":0,"menu_order":0,"comment_status":"closed","ping_status":"closed","template":"","meta":{"footnotes":""},"class_list":["post-5113","page","type-page","status-publish","has-post-thumbnail","hentry"],"yoast_head":"<!-- This site is optimized with the Yoast SEO plugin v26.9 - https:\/\/yoast.com\/product\/yoast-seo-wordpress\/ -->\n<title>Chatiw - Free Text Chat Rooms - Cam on StrangerCam.com<\/title>\n<meta name=\"description\" content=\"Like Chatiw? Come chat with more than 5.000.000 strangers on Stranger Cam for Free! Turn on your cam and find new friends &amp; maby a match!\" \/>\n<meta name=\"robots\" content=\"index, follow, max-snippet:-1, max-image-preview:large, max-video-preview:-1\" \/>\n<link rel=\"canonical\" href=\"https:\/\/strangercam.com\/cs\/chatiw\/\" \/>\n<meta property=\"og:locale\" content=\"cs_CZ\" \/>\n<meta property=\"og:type\" content=\"article\" \/>\n<meta property=\"og:title\" content=\"Chatiw - Free Text Chat Rooms - Cam on StrangerCam.com\" \/>\n<meta property=\"og:description\" content=\"Like Chatiw? Come chat with more than 5.000.000 strangers on Stranger Cam for Free! Turn on your cam and find new friends &amp; maby a match!\" \/>\n<meta property=\"og:url\" content=\"https:\/\/strangercam.com\/cs\/chatiw\/\" \/>\n<meta property=\"og:site_name\" content=\"Strangercam\" \/>\n<meta property=\"article:publisher\" content=\"https:\/\/www.facebook.com\/strangercam\" \/>\n<meta property=\"article:modified_time\" content=\"2023-08-21T09:40:39+00:00\" \/>\n<meta property=\"og:image\" content=\"https:\/\/strangercam.com\/wp-content\/uploads\/2020\/11\/stranger-cam-1.png\" \/>\n\t<meta property=\"og:image:width\" content=\"800\" \/>\n\t<meta property=\"og:image:height\" content=\"800\" \/>\n\t<meta property=\"og:image:type\" content=\"image\/png\" \/>\n<meta name=\"twitter:card\" content=\"summary_large_image\" \/>\n<meta name=\"twitter:site\" content=\"@strangercamapp\" \/>\n<meta name=\"twitter:label1\" content=\"Odhadovan\u00e1 doba \u010dten\u00ed\" \/>\n\t<meta name=\"twitter:data1\" content=\"5 minut\" \/>\n<script type=\"application\/ld+json\" class=\"yoast-schema-graph\">{\"@context\":\"https:\/\/schema.org\",\"@graph\":[{\"@type\":\"WebPage\",\"@id\":\"https:\/\/strangercam.com\/chatiw\/\",\"url\":\"https:\/\/strangercam.com\/chatiw\/\",\"name\":\"Chatiw - Free Text Chat Rooms - Cam on StrangerCam.com\",\"isPartOf\":{\"@id\":\"https:\/\/strangercam.com\/#website\"},\"primaryImageOfPage\":{\"@id\":\"https:\/\/strangercam.com\/chatiw\/#primaryimage\"},\"image\":{\"@id\":\"https:\/\/strangercam.com\/chatiw\/#primaryimage\"},\"thumbnailUrl\":\"https:\/\/strangercam.com\/wp-content\/uploads\/2020\/11\/stranger-cam-1.png\",\"datePublished\":\"2021-06-19T19:05:49+00:00\",\"dateModified\":\"2023-08-21T09:40:39+00:00\",\"description\":\"Like Chatiw? Come chat with more than 5.000.000 strangers on Stranger Cam for Free! Turn on your cam and find new friends & maby a match!\",\"breadcrumb\":{\"@id\":\"https:\/\/strangercam.com\/chatiw\/#breadcrumb\"},\"inLanguage\":\"cs\",\"potentialAction\":[{\"@type\":\"ReadAction\",\"target\":[\"https:\/\/strangercam.com\/chatiw\/\"]}]},{\"@type\":\"ImageObject\",\"inLanguage\":\"cs\",\"@id\":\"https:\/\/strangercam.com\/chatiw\/#primaryimage\",\"url\":\"https:\/\/strangercam.com\/wp-content\/uploads\/2020\/11\/stranger-cam-1.png\",\"contentUrl\":\"https:\/\/strangercam.com\/wp-content\/uploads\/2020\/11\/stranger-cam-1.png\",\"width\":800,\"height\":800,\"caption\":\"stranger cam random video chat\"},{\"@type\":\"BreadcrumbList\",\"@id\":\"https:\/\/strangercam.com\/chatiw\/#breadcrumb\",\"itemListElement\":[{\"@type\":\"ListItem\",\"position\":1,\"name\":\"Home\",\"item\":\"https:\/\/strangercam.com\/\"},{\"@type\":\"ListItem\",\"position\":2,\"name\":\"Chatiw\"}]},{\"@type\":\"WebSite\",\"@id\":\"https:\/\/strangercam.com\/#website\",\"url\":\"https:\/\/strangercam.com\/\",\"name\":\"Strangercam\",\"description\":\"Random Video Chat with Strangers\",\"publisher\":{\"@id\":\"https:\/\/strangercam.com\/#organization\"},\"alternateName\":\"Strangercam.com\",\"potentialAction\":[{\"@type\":\"SearchAction\",\"target\":{\"@type\":\"EntryPoint\",\"urlTemplate\":\"https:\/\/strangercam.com\/?s={search_term_string}\"},\"query-input\":{\"@type\":\"PropertyValueSpecification\",\"valueRequired\":true,\"valueName\":\"search_term_string\"}}],\"inLanguage\":\"cs\"},{\"@type\":\"Organization\",\"@id\":\"https:\/\/strangercam.com\/#organization\",\"name\":\"Strangercam\",\"alternateName\":\"Strangercam.com\",\"url\":\"https:\/\/strangercam.com\/\",\"logo\":{\"@type\":\"ImageObject\",\"inLanguage\":\"cs\",\"@id\":\"https:\/\/strangercam.com\/#\/schema\/logo\/image\/\",\"url\":\"https:\/\/strangercam.com\/wp-content\/uploads\/2020\/11\/cropped-new-favicon-black.png\",\"contentUrl\":\"https:\/\/strangercam.com\/wp-content\/uploads\/2020\/11\/cropped-new-favicon-black.png\",\"width\":512,\"height\":512,\"caption\":\"Strangercam\"},\"image\":{\"@id\":\"https:\/\/strangercam.com\/#\/schema\/logo\/image\/\"},\"sameAs\":[\"https:\/\/www.facebook.com\/strangercam\",\"https:\/\/x.com\/strangercamapp\"]}]}<\/script>\n<!-- \/ Yoast SEO plugin. -->","yoast_head_json":{"title":"Chatiw - Textov\u00e9 chatovac\u00ed m\u00edstnosti zdarma - Cam na StrangerCam.com","description":"Jako Chatiw? Poj\u010fte si zdarma popov\u00eddat s v\u00edce ne\u017e 5 000 000 cizinci na Stranger Cam! Zapn\u011bte si kameru a najd\u011bte nov\u00e9 p\u0159\u00e1tele &amp; maby z\u00e1pas!","robots":{"index":"index","follow":"follow","max-snippet":"max-snippet:-1","max-image-preview":"max-image-preview:large","max-video-preview":"max-video-preview:-1"},"canonical":"https:\/\/strangercam.com\/cs\/chatiw\/","og_locale":"cs_CZ","og_type":"article","og_title":"Chatiw - Free Text Chat Rooms - Cam on StrangerCam.com","og_description":"Like Chatiw? Come chat with more than 5.000.000 strangers on Stranger Cam for Free! Turn on your cam and find new friends & maby a match!","og_url":"https:\/\/strangercam.com\/cs\/chatiw\/","og_site_name":"Strangercam","article_publisher":"https:\/\/www.facebook.com\/strangercam","article_modified_time":"2023-08-21T09:40:39+00:00","og_image":[{"width":800,"height":800,"url":"https:\/\/strangercam.com\/wp-content\/uploads\/2020\/11\/stranger-cam-1.png","type":"image\/png"}],"twitter_card":"summary_large_image","twitter_site":"@strangercamapp","twitter_misc":{"Odhadovan\u00e1 doba \u010dten\u00ed":"5 minut"},"schema":{"@context":"https:\/\/schema.org","@graph":[{"@type":"WebPage","@id":"https:\/\/strangercam.com\/chatiw\/","url":"https:\/\/strangercam.com\/chatiw\/","name":"Chatiw - Textov\u00e9 chatovac\u00ed m\u00edstnosti zdarma - Cam na StrangerCam.com","isPartOf":{"@id":"https:\/\/strangercam.com\/#website"},"primaryImageOfPage":{"@id":"https:\/\/strangercam.com\/chatiw\/#primaryimage"},"image":{"@id":"https:\/\/strangercam.com\/chatiw\/#primaryimage"},"thumbnailUrl":"https:\/\/strangercam.com\/wp-content\/uploads\/2020\/11\/stranger-cam-1.png","datePublished":"2021-06-19T19:05:49+00:00","dateModified":"2023-08-21T09:40:39+00:00","description":"Jako Chatiw? Poj\u010fte si zdarma popov\u00eddat s v\u00edce ne\u017e 5 000 000 cizinci na Stranger Cam! Zapn\u011bte si kameru a najd\u011bte nov\u00e9 p\u0159\u00e1tele &amp; maby z\u00e1pas!","breadcrumb":{"@id":"https:\/\/strangercam.com\/chatiw\/#breadcrumb"},"inLanguage":"cs","potentialAction":[{"@type":"ReadAction","target":["https:\/\/strangercam.com\/chatiw\/"]}]},{"@type":"ImageObject","inLanguage":"cs","@id":"https:\/\/strangercam.com\/chatiw\/#primaryimage","url":"https:\/\/strangercam.com\/wp-content\/uploads\/2020\/11\/stranger-cam-1.png","contentUrl":"https:\/\/strangercam.com\/wp-content\/uploads\/2020\/11\/stranger-cam-1.png","width":800,"height":800,"caption":"stranger cam random video chat"},{"@type":"BreadcrumbList","@id":"https:\/\/strangercam.com\/chatiw\/#breadcrumb","itemListElement":[{"@type":"ListItem","position":1,"name":"Home","item":"https:\/\/strangercam.com\/"},{"@type":"ListItem","position":2,"name":"Chatiw"}]},{"@type":"WebSite","@id":"https:\/\/strangercam.com\/#website","url":"https:\/\/strangercam.com\/","name":"Strangercam","description":"N\u00e1hodn\u00fd videochat s ciz\u00edmi lidmi","publisher":{"@id":"https:\/\/strangercam.com\/#organization"},"alternateName":"Strangercam.com","potentialAction":[{"@type":"SearchAction","target":{"@type":"EntryPoint","urlTemplate":"https:\/\/strangercam.com\/?s={search_term_string}"},"query-input":{"@type":"PropertyValueSpecification","valueRequired":true,"valueName":"search_term_string"}}],"inLanguage":"cs"},{"@type":"Organization","@id":"https:\/\/strangercam.com\/#organization","name":"Strangercam","alternateName":"Strangercam.com","url":"https:\/\/strangercam.com\/","logo":{"@type":"ImageObject","inLanguage":"cs","@id":"https:\/\/strangercam.com\/#\/schema\/logo\/image\/","url":"https:\/\/strangercam.com\/wp-content\/uploads\/2020\/11\/cropped-new-favicon-black.png","contentUrl":"https:\/\/strangercam.com\/wp-content\/uploads\/2020\/11\/cropped-new-favicon-black.png","width":512,"height":512,"caption":"Strangercam"},"image":{"@id":"https:\/\/strangercam.com\/#\/schema\/logo\/image\/"},"sameAs":["https:\/\/www.facebook.com\/strangercam","https:\/\/x.com\/strangercamapp"]}]}},"_links":{"self":[{"href":"https:\/\/strangercam.com\/cs\/wp-json\/wp\/v2\/pages\/5113","targetHints":{"allow":["GET"]}}],"collection":[{"href":"https:\/\/strangercam.com\/cs\/wp-json\/wp\/v2\/pages"}],"about":[{"href":"https:\/\/strangercam.com\/cs\/wp-json\/wp\/v2\/types\/page"}],"author":[{"embeddable":true,"href":"https:\/\/strangercam.com\/cs\/wp-json\/wp\/v2\/users\/6"}],"replies":[{"embeddable":true,"href":"https:\/\/strangercam.com\/cs\/wp-json\/wp\/v2\/comments?post=5113"}],"version-history":[{"count":0,"href":"https:\/\/strangercam.com\/cs\/wp-json\/wp\/v2\/pages\/5113\/revisions"}],"wp:featuredmedia":[{"embeddable":true,"href":"https:\/\/strangercam.com\/cs\/wp-json\/wp\/v2\/media\/559"}],"wp:attachment":[{"href":"https:\/\/strangercam.com\/cs\/wp-json\/wp\/v2\/media?parent=5113"}],"curies":[{"name":"wp","href":"https:\/\/api.w.org\/{rel}","templated":true}]}}