{"id":51,"date":"2020-04-08T23:24:23","date_gmt":"2020-04-08T21:24:23","guid":{"rendered":"https:\/\/strangercam.com\/?page_id=51"},"modified":"2025-06-16T14:26:14","modified_gmt":"2025-06-16T12:26:14","slug":"pravidla","status":"publish","type":"page","link":"https:\/\/strangercam.com\/cs\/pravidla\/","title":{"rendered":"Pravidla"},"content":{"rendered":"<p>Strangercam umo\u017e\u0148uje <a href=\"https:\/\/strangercam.com\/cs\/chatroulette\/\">chat<\/a> s na\u0161\u00edm n\u00e1strojem pro n\u00e1hodn\u00fd chat, zdarma a bez registrace. Na\u0161\u00edm posl\u00e1n\u00edm je b\u00fdt podobnou slu\u017ebou jako <a href=\"https:\/\/strangercam.com\/cs\/omegle\/\">Omegle<\/a> kde se m\u016f\u017eete bavit a u\u017e\u00edvat si \u010das. Respektov\u00e1n\u00ed pravidel a p\u0159edpis\u016f pro na\u0161e <a href=\"https:\/\/strangercam.com\/cs\/coomeet\/\">videochat<\/a> je velmi d\u016fle\u017eit\u00fd.<\/p>\n<h2 data-start=\"145\" data-end=\"185\">Z\u0159eknut\u00ed se odpov\u011bdnosti partner\u016f a t\u0159et\u00edch stran<\/h2>\n<p data-start=\"187\" data-end=\"675\">Strangercam je recenzn\u00ed a partnersk\u00e1 webov\u00e1 str\u00e1nka. Nevlastn\u00edme ani neprovozujeme platformy nebo <a href=\"https:\/\/strangercam.com\/cs\/rabbit-video-chat\/\">video<\/a> chatovac\u00ed n\u00e1stroje uveden\u00e9 nebo propojen\u00e9 z na\u0161ich str\u00e1nek. N\u011bkter\u00e9 odkazy mohou b\u00fdt partnersk\u00fdmi odkazy a my m\u016f\u017eeme z\u00edskat provize nebo poplatky, pokud se rozhodnete zaregistrovat nebo komunikovat se slu\u017ebami t\u0159et\u00edch stran prost\u0159ednictv\u00edm na\u0161ich doporu\u010den\u00ed. Pou\u017e\u00edv\u00e1n\u00ed jak\u00fdchkoli str\u00e1nek t\u0159et\u00edch stran podl\u00e9h\u00e1 jejich vlastn\u00edm pravidl\u016fm a z\u00e1sad\u00e1m. Nejsme zodpov\u011bdn\u00ed za obsah nebo chov\u00e1n\u00ed na jak\u00fdchkoli extern\u00edch str\u00e1nk\u00e1ch nebo slu\u017eb\u00e1ch, na kter\u00e9 je odkazov\u00e1no z Strangercam.<\/p>\n<h2>Z\u00e1kazy<\/h2>\n<ul>\n<li>Pou\u017e\u00edv\u00e1n\u00ed Strangercam mlad\u0161\u00ed 18 let.<\/li>\n<li>\u0160\u00ed\u0159en\u00ed vulgarit, sexuality nebo depresivn\u00edch koment\u00e1\u0159\u016f.<\/li>\n<li>Poni\u017eov\u00e1n\u00ed jin\u00e9 osoby na z\u00e1klad\u011b jej\u00edho n\u00e1bo\u017eenstv\u00ed, rasy, pohlav\u00ed, sexu\u00e1ln\u00ed orientace nebo v\u011bku.<\/li>\n<li>Obt\u011b\u017eov\u00e1n\u00ed nebo projevov\u00e1n\u00ed ne\u00facty k ostatn\u00edm u\u017eivatel\u016fm.<\/li>\n<li>Je zak\u00e1z\u00e1no ukazovat nah\u00fd hrudn\u00edk bez p\u0159\u00edtomnosti obli\u010deje na obrazovce.<\/li>\n<li>Videochatujte zcela naz\u00ed nebo ve spodn\u00edm pr\u00e1dle.<\/li>\n<li>\u017d\u00e1d\u00e1n\u00ed o virtu\u00e1ln\u00ed sex nebo nucen\u00ed k n\u011bmu.<\/li>\n<li>Ukazujte sv\u00e9 intimn\u00ed partie p\u0159ed kamerou.<\/li>\n<li>Dot\u00fdk\u00e1n\u00ed se intimn\u00edch parti\u00ed a jejich ukazov\u00e1n\u00ed na kameru.<\/li>\n<li>Zaost\u0159en\u00ed kamery pod hrudn\u00edk.<\/li>\n<li>Zobrazen\u00ed textov\u00e9 zpr\u00e1vy na obrazovce videa, kter\u00e1 u\u017eivatele nasm\u011bruje.<\/li>\n<li>Zobrazen\u00ed obr\u00e1zku na obrazovce videa, kter\u00fd u\u017eivatele nasm\u011bruje.<\/li>\n<li>Zobrazen\u00ed obrazovky po\u010d\u00edta\u010de p\u0159\u00edm\u00fdm u\u017eivatel\u016fm.<\/li>\n<li>Pou\u017eit\u00ed emul\u00e1toru webov\u00e9 kamery k nasm\u011brov\u00e1n\u00ed u\u017eivatel\u016f.<\/li>\n<li>Zobrazen\u00ed libovoln\u00e9ho videa\/obr\u00e1zku\/textov\u00e9 reklamy.<\/li>\n<li>\u017d\u00e1d\u00e1n\u00ed u\u017eivatel\u016f Strangercam o hlasy pro jakoukoli adresu URL nebo o propagaci va\u0161ich produkt\u016f.<\/li>\n<li>Pou\u017e\u00edv\u00e1n\u00ed webov\u00fdch str\u00e1nek k propagaci nebo usnadn\u011bn\u00ed obchodov\u00e1n\u00ed s lidmi, sexu\u00e1ln\u00edho zneu\u017e\u00edv\u00e1n\u00ed, fyzick\u00e9ho t\u00fdr\u00e1n\u00ed nebo prostituce.<\/li>\n<\/ul>\n<h2>St\u00ed\u017enosti<\/h2>\n<p>Pokud se domn\u00edv\u00e1te, \u017ee n\u011bkdo poru\u0161uje na\u0161e pravidla, m\u016f\u017eete podat st\u00ed\u017enost na kohokoli na Strangercam. Zasl\u00e1n\u00ed sn\u00edmku obrazovky se st\u00ed\u017enost\u00ed n\u00e1m usnadn\u00ed a urychl\u00ed p\u0159ijet\u00ed opat\u0159en\u00ed. Proti takov\u00fdm u\u017eivatel\u016fm rychle zakro\u010d\u00edme.<\/p>\n<p>Pokud je na ur\u010dit\u00e9ho u\u017eivatele pod\u00e1no mnoho st\u00ed\u017enost\u00ed, n\u00e1\u0161 syst\u00e9m mu zak\u00e1\u017ee p\u0159\u00edstup na webov\u00e9 str\u00e1nky Strangercam.<\/p>\n<p>Ne\u017e n\u011bkomu zak\u00e1\u017eeme p\u0159\u00edstup na str\u00e1nky Strangercam.com, zva\u017eujeme mnoho skute\u010dnost\u00ed. Strangercam nem\u00e1 v\u00fdhradn\u00ed odpov\u011bdnost za kontrolu spamu a jin\u00fdch vulg\u00e1rn\u00edch aktivit. Z\u00e1rove\u0148 v\u00e1s jako u\u017eivatele \u017e\u00e1d\u00e1me o spolupr\u00e1ci. Bez va\u0161\u00ed podpory nem\u016f\u017eeme z Strangercam odstranit \u017e\u00e1dn\u00e9 naru\u0161itele. Slibujeme, \u017ee s va\u0161\u00ed podporou bude tato chatovac\u00ed slu\u017eba cam-to-cam p\u0159\u00edjemn\u011bj\u0161\u00ed a z\u00e1bavn\u011bj\u0161\u00ed.<\/p>","protected":false},"excerpt":{"rendered":"<p>Strangercam allows you to chat with our random chat tool, free of charge and without registration. Our mission is to be a similar service to Omegle where you can have fun and enjoy your time. Respecting the rules and regulations for our video chat is very important. Affiliate and Third-Party Disclaimer Strangercam is a review [&hellip;]<\/p>\n","protected":false},"author":1,"featured_media":0,"parent":0,"menu_order":0,"comment_status":"closed","ping_status":"closed","template":"","meta":{"footnotes":""},"class_list":["post-51","page","type-page","status-publish","hentry"],"yoast_head":"<!-- This site is optimized with the Yoast SEO plugin v26.9 - https:\/\/yoast.com\/product\/yoast-seo-wordpress\/ -->\n<title>Rules - Strangercam<\/title>\n<meta name=\"robots\" content=\"index, follow, max-snippet:-1, max-image-preview:large, max-video-preview:-1\" \/>\n<link rel=\"canonical\" href=\"https:\/\/strangercam.com\/cs\/pravidla\/\" \/>\n<meta property=\"og:locale\" content=\"cs_CZ\" \/>\n<meta property=\"og:type\" content=\"article\" \/>\n<meta property=\"og:title\" content=\"Rules - Strangercam\" \/>\n<meta property=\"og:description\" content=\"Strangercam allows you to chat with our random chat tool, free of charge and without registration. Our mission is to be a similar service to Omegle where you can have fun and enjoy your time. Respecting the rules and regulations for our video chat is very important. Affiliate and Third-Party Disclaimer Strangercam is a review [&hellip;]\" \/>\n<meta property=\"og:url\" content=\"https:\/\/strangercam.com\/cs\/pravidla\/\" \/>\n<meta property=\"og:site_name\" content=\"Strangercam\" \/>\n<meta property=\"article:publisher\" content=\"https:\/\/www.facebook.com\/strangercam\" \/>\n<meta property=\"article:modified_time\" content=\"2025-06-16T12:26:14+00:00\" \/>\n<meta property=\"og:image\" content=\"https:\/\/strangercam.com\/wp-content\/uploads\/2021\/10\/Untitled-2.png\" \/>\n\t<meta property=\"og:image:width\" content=\"800\" \/>\n\t<meta property=\"og:image:height\" content=\"532\" \/>\n\t<meta property=\"og:image:type\" content=\"image\/png\" \/>\n<meta name=\"twitter:card\" content=\"summary_large_image\" \/>\n<meta name=\"twitter:site\" content=\"@strangercamapp\" \/>\n<meta name=\"twitter:label1\" content=\"Odhadovan\u00e1 doba \u010dten\u00ed\" \/>\n\t<meta name=\"twitter:data1\" content=\"2 minuty\" \/>\n<script type=\"application\/ld+json\" class=\"yoast-schema-graph\">{\"@context\":\"https:\/\/schema.org\",\"@graph\":[{\"@type\":\"WebPage\",\"@id\":\"https:\/\/strangercam.com\/rules\/\",\"url\":\"https:\/\/strangercam.com\/rules\/\",\"name\":\"Rules - Strangercam\",\"isPartOf\":{\"@id\":\"https:\/\/strangercam.com\/#website\"},\"datePublished\":\"2020-04-08T21:24:23+00:00\",\"dateModified\":\"2025-06-16T12:26:14+00:00\",\"breadcrumb\":{\"@id\":\"https:\/\/strangercam.com\/rules\/#breadcrumb\"},\"inLanguage\":\"cs\",\"potentialAction\":[{\"@type\":\"ReadAction\",\"target\":[\"https:\/\/strangercam.com\/rules\/\"]}]},{\"@type\":\"BreadcrumbList\",\"@id\":\"https:\/\/strangercam.com\/rules\/#breadcrumb\",\"itemListElement\":[{\"@type\":\"ListItem\",\"position\":1,\"name\":\"Home\",\"item\":\"https:\/\/strangercam.com\/\"},{\"@type\":\"ListItem\",\"position\":2,\"name\":\"Rules\"}]},{\"@type\":\"WebSite\",\"@id\":\"https:\/\/strangercam.com\/#website\",\"url\":\"https:\/\/strangercam.com\/\",\"name\":\"Strangercam\",\"description\":\"Random Video Chat with Strangers\",\"publisher\":{\"@id\":\"https:\/\/strangercam.com\/#organization\"},\"alternateName\":\"Strangercam.com\",\"potentialAction\":[{\"@type\":\"SearchAction\",\"target\":{\"@type\":\"EntryPoint\",\"urlTemplate\":\"https:\/\/strangercam.com\/?s={search_term_string}\"},\"query-input\":{\"@type\":\"PropertyValueSpecification\",\"valueRequired\":true,\"valueName\":\"search_term_string\"}}],\"inLanguage\":\"cs\"},{\"@type\":\"Organization\",\"@id\":\"https:\/\/strangercam.com\/#organization\",\"name\":\"Strangercam\",\"alternateName\":\"Strangercam.com\",\"url\":\"https:\/\/strangercam.com\/\",\"logo\":{\"@type\":\"ImageObject\",\"inLanguage\":\"cs\",\"@id\":\"https:\/\/strangercam.com\/#\/schema\/logo\/image\/\",\"url\":\"https:\/\/strangercam.com\/wp-content\/uploads\/2020\/11\/cropped-new-favicon-black.png\",\"contentUrl\":\"https:\/\/strangercam.com\/wp-content\/uploads\/2020\/11\/cropped-new-favicon-black.png\",\"width\":512,\"height\":512,\"caption\":\"Strangercam\"},\"image\":{\"@id\":\"https:\/\/strangercam.com\/#\/schema\/logo\/image\/\"},\"sameAs\":[\"https:\/\/www.facebook.com\/strangercam\",\"https:\/\/x.com\/strangercamapp\"]}]}<\/script>\n<!-- \/ Yoast SEO plugin. -->","yoast_head_json":{"title":"Pravidla - Strangercam","robots":{"index":"index","follow":"follow","max-snippet":"max-snippet:-1","max-image-preview":"max-image-preview:large","max-video-preview":"max-video-preview:-1"},"canonical":"https:\/\/strangercam.com\/cs\/pravidla\/","og_locale":"cs_CZ","og_type":"article","og_title":"Rules - Strangercam","og_description":"Strangercam allows you to chat with our random chat tool, free of charge and without registration. Our mission is to be a similar service to Omegle where you can have fun and enjoy your time. Respecting the rules and regulations for our video chat is very important. Affiliate and Third-Party Disclaimer Strangercam is a review [&hellip;]","og_url":"https:\/\/strangercam.com\/cs\/pravidla\/","og_site_name":"Strangercam","article_publisher":"https:\/\/www.facebook.com\/strangercam","article_modified_time":"2025-06-16T12:26:14+00:00","og_image":[{"width":800,"height":532,"url":"https:\/\/strangercam.com\/wp-content\/uploads\/2021\/10\/Untitled-2.png","type":"image\/png"}],"twitter_card":"summary_large_image","twitter_site":"@strangercamapp","twitter_misc":{"Odhadovan\u00e1 doba \u010dten\u00ed":"2 minuty"},"schema":{"@context":"https:\/\/schema.org","@graph":[{"@type":"WebPage","@id":"https:\/\/strangercam.com\/rules\/","url":"https:\/\/strangercam.com\/rules\/","name":"Pravidla - Strangercam","isPartOf":{"@id":"https:\/\/strangercam.com\/#website"},"datePublished":"2020-04-08T21:24:23+00:00","dateModified":"2025-06-16T12:26:14+00:00","breadcrumb":{"@id":"https:\/\/strangercam.com\/rules\/#breadcrumb"},"inLanguage":"cs","potentialAction":[{"@type":"ReadAction","target":["https:\/\/strangercam.com\/rules\/"]}]},{"@type":"BreadcrumbList","@id":"https:\/\/strangercam.com\/rules\/#breadcrumb","itemListElement":[{"@type":"ListItem","position":1,"name":"Home","item":"https:\/\/strangercam.com\/"},{"@type":"ListItem","position":2,"name":"Rules"}]},{"@type":"WebSite","@id":"https:\/\/strangercam.com\/#website","url":"https:\/\/strangercam.com\/","name":"Strangercam","description":"N\u00e1hodn\u00fd videochat s ciz\u00edmi lidmi","publisher":{"@id":"https:\/\/strangercam.com\/#organization"},"alternateName":"Strangercam.com","potentialAction":[{"@type":"SearchAction","target":{"@type":"EntryPoint","urlTemplate":"https:\/\/strangercam.com\/?s={search_term_string}"},"query-input":{"@type":"PropertyValueSpecification","valueRequired":true,"valueName":"search_term_string"}}],"inLanguage":"cs"},{"@type":"Organization","@id":"https:\/\/strangercam.com\/#organization","name":"Strangercam","alternateName":"Strangercam.com","url":"https:\/\/strangercam.com\/","logo":{"@type":"ImageObject","inLanguage":"cs","@id":"https:\/\/strangercam.com\/#\/schema\/logo\/image\/","url":"https:\/\/strangercam.com\/wp-content\/uploads\/2020\/11\/cropped-new-favicon-black.png","contentUrl":"https:\/\/strangercam.com\/wp-content\/uploads\/2020\/11\/cropped-new-favicon-black.png","width":512,"height":512,"caption":"Strangercam"},"image":{"@id":"https:\/\/strangercam.com\/#\/schema\/logo\/image\/"},"sameAs":["https:\/\/www.facebook.com\/strangercam","https:\/\/x.com\/strangercamapp"]}]}},"_links":{"self":[{"href":"https:\/\/strangercam.com\/cs\/wp-json\/wp\/v2\/pages\/51","targetHints":{"allow":["GET"]}}],"collection":[{"href":"https:\/\/strangercam.com\/cs\/wp-json\/wp\/v2\/pages"}],"about":[{"href":"https:\/\/strangercam.com\/cs\/wp-json\/wp\/v2\/types\/page"}],"author":[{"embeddable":true,"href":"https:\/\/strangercam.com\/cs\/wp-json\/wp\/v2\/users\/1"}],"replies":[{"embeddable":true,"href":"https:\/\/strangercam.com\/cs\/wp-json\/wp\/v2\/comments?post=51"}],"version-history":[{"count":1,"href":"https:\/\/strangercam.com\/cs\/wp-json\/wp\/v2\/pages\/51\/revisions"}],"predecessor-version":[{"id":12880,"href":"https:\/\/strangercam.com\/cs\/wp-json\/wp\/v2\/pages\/51\/revisions\/12880"}],"wp:attachment":[{"href":"https:\/\/strangercam.com\/cs\/wp-json\/wp\/v2\/media?parent=51"}],"curies":[{"name":"wp","href":"https:\/\/api.w.org\/{rel}","templated":true}]}}