{"id":4988,"date":"2025-09-23T11:42:02","date_gmt":"2025-09-23T09:42:02","guid":{"rendered":"https:\/\/strangercam.com\/?page_id=4988"},"modified":"2025-09-23T12:44:52","modified_gmt":"2025-09-23T10:44:52","slug":"badoo-zdarma-chat-a-datovani-app-pof","status":"publish","type":"page","link":"https:\/\/strangercam.com\/cs\/badoo-free-chat-and-dating-app-pof\/","title":{"rendered":"Badoo Bezplatn\u00fd chat a datov\u00e1n\u00ed aplikace Pof"},"content":{"rendered":"<p>Pokud hled\u00e1te Badoo zdarma <a href=\"https:\/\/strangercam.com\/cs\/chatroulette\/\">chat<\/a> a seznamovac\u00ed aplikace nebo POF (Plenty of Fish), pravd\u011bpodobn\u011b hled\u00e1te spolehliv\u00fd zp\u016fsob, jak se sezn\u00e1mit. <a href=\"https:\/\/strangercam.com\/cs\/coomeet\/\">Seznamte se s<\/a> nov\u00e9 lidi online. Ob\u011b platformy jsou ve sv\u011bt\u011b seznamov\u00e1n\u00ed velmi popul\u00e1rn\u00ed, ale nab\u00edzej\u00ed velmi odli\u0161n\u00e9 z\u00e1\u017eitky.<\/p>\n<p>Badoo je \u010dasto vn\u00edm\u00e1no jako glob\u00e1ln\u00ed aplikace pro objevov\u00e1n\u00ed nov\u00fdch lid\u00ed - m\u00edsto, kde se m\u016f\u017eete sezn\u00e1mit s nov\u00fdmi lidmi, chatovat zdarma a dokonce zkoumat p\u0159\u00e1telstv\u00ed i rand\u011bn\u00ed. Naproti tomu POF (Plenty of Fish) je jednou z nejd\u00e9le funguj\u00edc\u00edch seznamovac\u00edch platforem, kter\u00e1 je zn\u00e1m\u00e1 sv\u00fdmi rozs\u00e1hl\u00fdmi profily a p\u0159\u00edstupem zam\u011b\u0159en\u00fdm na kompatibilitu.<\/p>\n<p>V tomto pr\u016fvodci si ob\u011b aplikace rozebereme, porovn\u00e1me jejich funkce, zd\u016frazn\u00edme v\u00fdhody a nev\u00fdhody a tak\u00e9 p\u0159edstav\u00edme t\u0159et\u00ed mo\u017enost: <a href=\"https:\/\/strangercam.com\/cs\/chathub\/\">n\u00e1hodn\u00fd videochat<\/a> platformy jako StrangerCam, kter\u00e9 kombinuj\u00ed to nejlep\u0161\u00ed z obou sv\u011bt\u016f - chat a spont\u00e1nn\u00ed objevov\u00e1n\u00ed.<\/p>\n<h2>Co je aplikace Badoo pro bezplatn\u00fd chat a seznamov\u00e1n\u00ed?<\/h2>\n<p>Spole\u010dnost Badoo, kter\u00e1 byla zalo\u017eena v roce 2006, je jednou z nejv\u011bt\u0161\u00edch platforem pro vyhled\u00e1v\u00e1n\u00ed na soci\u00e1ln\u00edch s\u00edt\u00edch na sv\u011bt\u011b. Na rozd\u00edl od tradi\u010dn\u00edch seznamovac\u00edch aplikac\u00ed, kter\u00e9 se zam\u011b\u0159uj\u00ed pouze na milostn\u00e9 vztahy, Badoo umo\u017e\u0148uje lidem:<\/p>\n<ul>\n<li>Voln\u011b si pov\u00eddejte s nov\u00fdmi lidmi.<\/li>\n<li>Prozkoumejte p\u0159\u00e1telstv\u00ed, p\u0159\u00edle\u017eitostn\u00e9 chaty nebo rand\u011bn\u00ed.<\/li>\n<li>Pomoc\u00ed porovn\u00e1v\u00e1n\u00ed podle polohy m\u016f\u017eete zobrazit lidi v okol\u00ed.<\/li>\n<li>Ov\u011b\u0159ujte profily, abyste omezili v\u00fdskyt fale\u0161n\u00fdch profil\u016f a podvod\u016f.<\/li>\n<\/ul>\n<p>Nejv\u011bt\u0161\u00edm l\u00e1kadlem je funkce bezplatn\u00e9ho chatu - na rozd\u00edl od aplikac\u00ed, kter\u00e9 v\u00fdrazn\u011b omezuj\u00ed zas\u00edl\u00e1n\u00ed zpr\u00e1v, Badoo umo\u017e\u0148uje snadno za\u010d\u00edt konverzaci bez nekone\u010dn\u00e9ho posouv\u00e1n\u00ed.<\/p>\n<h2>Co je POF (Plenty of Fish)?<\/h2>\n<p>Spole\u010dnost Plenty of Fish (POF), zalo\u017een\u00e1 v roce 2003, je veter\u00e1nem ve sv\u011bt\u011b online seznamov\u00e1n\u00ed. Je to jedna z nejroz\u0161\u00ed\u0159en\u011bj\u0161\u00edch seznamovac\u00edch platforem, zejm\u00e9na v Severn\u00ed Americe.<\/p>\n<p>POF se zam\u011b\u0159uje na:<\/p>\n<ul>\n<li>Podrobn\u00e9 profily: U\u017eivatel\u00e9 vypl\u0148uj\u00ed dotazn\u00edky a osobnostn\u00ed testy.<\/li>\n<li>Shoda kompatibility: Navr\u017eeno tak, aby lid\u00e9 m\u011bli v\u011bt\u0161\u00ed \u0161anci na dlouhodob\u00fd \u00fasp\u011bch.<\/li>\n<li>Velk\u00e1 u\u017eivatelsk\u00e1 z\u00e1kladna: Des\u00edtky milion\u016f \u010dlen\u016f po cel\u00e9m sv\u011bt\u011b.<\/li>\n<li>Tradi\u010dn\u00ed seznamovac\u00ed funkce: Zpr\u00e1vy, seznamka a seznamov\u00e1n\u00ed zam\u011b\u0159en\u00e9 na vztahy.<\/li>\n<\/ul>\n<p>POF sice umo\u017e\u0148uje voln\u00fd chat, ale jeho struktura se ve srovn\u00e1n\u00ed s neform\u00e1ln\u00edm p\u0159\u00edstupem Badoo p\u0159ikl\u00e1n\u00ed k seri\u00f3zn\u00edmu seznamov\u00e1n\u00ed.<\/p>\n<h2>Hlavn\u00ed rozd\u00edly mezi Badoo a POF<\/h2>\n<table>\n<thead>\n<tr>\n<th>Funkce<\/th>\n<th>Badoo Bezplatn\u00fd chat a seznamka<\/th>\n<th>POF (Plenty of Fish)<\/th>\n<\/tr>\n<\/thead>\n<tbody>\n<tr>\n<td>Prim\u00e1rn\u00ed \u00fa\u010del<\/td>\n<td>Soci\u00e1ln\u00ed objevov\u00e1n\u00ed + seznamov\u00e1n\u00ed<\/td>\n<td>Tradi\u010dn\u00ed seznamov\u00e1n\u00ed<\/td>\n<\/tr>\n<tr>\n<td>Chatov\u00e1n\u00ed<\/td>\n<td>Zdarma, okam\u017eit\u011b, p\u0159\u00edle\u017eitostn\u011b<\/td>\n<td>Zdarma, ale strukturovan\u011b<\/td>\n<\/tr>\n<tr>\n<td>Profily<\/td>\n<td>Kr\u00e1tk\u00e9, neform\u00e1ln\u00ed, z\u00e1bavn\u00e9<\/td>\n<td>Podrobn\u00e9, osobnostn\u011b zam\u011b\u0159en\u00e9<\/td>\n<\/tr>\n<tr>\n<td>Ov\u011b\u0159ov\u00e1n\u00ed<\/td>\n<td>K dispozici je ov\u011b\u0159ov\u00e1n\u00ed fotografi\u00ed<\/td>\n<td>Standardn\u00ed, m\u00e9n\u011b p\u0159\u00edsn\u00e9<\/td>\n<\/tr>\n<tr>\n<td>U\u017eivatelsk\u00e1 z\u00e1kladna<\/td>\n<td>Glob\u00e1ln\u00ed, mlad\u0161\u00ed publikum<\/td>\n<td>P\u0159ev\u00e1\u017en\u011b USA\/Kanada, v\u011bkov\u011b sm\u00ed\u0161en\u00e9<\/td>\n<\/tr>\n<tr>\n<td>Nejlep\u0161\u00ed pro<\/td>\n<td>N\u00e1hodn\u00e9 chaty, flirtov\u00e1n\u00ed, p\u0159\u00e1telstv\u00ed<\/td>\n<td>V\u00e1\u017en\u00e9 sezn\u00e1men\u00ed, dlouhodob\u00e9 vztahy<\/td>\n<\/tr>\n<\/tbody>\n<\/table>\n<p>Stru\u010dn\u011b \u0159e\u010deno:<\/p>\n<ul>\n<li>Badoo si vyberte, pokud se chcete nez\u00e1vazn\u011b bavit, rychle si pov\u00eddat a kombinovat p\u0159\u00e1telstv\u00ed a rand\u011bn\u00ed.<\/li>\n<li>Pokud jste v\u00edce zam\u011b\u0159eni na vztahy a chcete se pono\u0159it do podrobn\u00fdch profil\u016f, zvolte POF.<\/li>\n<\/ul>\n<h2>Nev\u00fdhody Badoo i POF<\/h2>\n<p>Ob\u011b aplikace jsou sice obl\u00edben\u00e9, ale nejsou dokonal\u00e9:<\/p>\n<ul>\n<li>Badoo Nev\u00fdhody:\n<ul>\n<li>Pokud neprovedete upgrade, m\u016f\u017ee b\u00fdt zahlcen reklamami.<\/li>\n<li>Mnoho u\u017eivatel\u016f vyhled\u00e1v\u00e1 pouze p\u0159\u00edle\u017eitostn\u00e9 interakce.<\/li>\n<li>Riziko fale\u0161n\u00fdch \u00fa\u010dt\u016f navzdory ov\u011b\u0159en\u00ed.<\/li>\n<\/ul>\n<\/li>\n<li>Nev\u00fdhody POF:\n<ul>\n<li>Podrobn\u00fd proces registrace zabere n\u011bjak\u00fd \u010das.<\/li>\n<li>V\u00edce se zam\u011b\u0159uje na v\u00e1\u017en\u00e9 sezn\u00e1men\u00ed, m\u00e9n\u011b na nez\u00e1vaznou z\u00e1bavu.<\/li>\n<li>Rozhran\u00ed je ve srovn\u00e1n\u00ed s modern\u00edmi aplikacemi zastaral\u00e9.<\/li>\n<\/ul>\n<\/li>\n<\/ul>\n<h2>T\u0159et\u00ed mo\u017enost: N\u00e1hodn\u00fd videochat<\/h2>\n<p>Pokud hled\u00e1te n\u011bco rychlej\u0161\u00edho, spont\u00e1nn\u011bj\u0161\u00edho a bezplatn\u00e9ho, stoj\u00ed za to vyzkou\u0161et n\u00e1hodn\u00e9 videochatov\u00e9 platformy, jako je StrangerCam. Na rozd\u00edl od Badoo nebo POF nemus\u00edte vypl\u0148ovat dlouh\u00e9 formul\u00e1\u0159e ani \u010dekat na shodu - kliknete na tla\u010d\u00edtko a okam\u017eit\u011b se spoj\u00edte tv\u00e1\u0159\u00ed v tv\u00e1\u0159 s n\u011bk\u00fdm nov\u00fdm.<\/p>\n<p>Zde je d\u016fvod, pro\u010d mnoho lid\u00ed, kte\u0159\u00ed hledaj\u00ed bezplatn\u00fd chat Badoo nebo POF zdarma datov\u00e1n\u00ed tak\u00e9 vyu\u017e\u00edvaj\u00ed n\u00e1hodn\u00fd chat:<\/p>\n<ul>\n<li>Okam\u017eit\u00e9 uspokojen\u00ed: \u017d\u00e1dn\u00e9 \u010dek\u00e1n\u00ed, jen okam\u017eit\u00e9 videohovory.<\/li>\n<li>Voln\u00fd p\u0159\u00edstup: \u017d\u00e1dn\u00e9 placen\u00ed za z\u00e1kladn\u00ed chatov\u00e1n\u00ed.<\/li>\n<li>Autenti\u010dnost: Videochat zaji\u0161\u0165uje, \u017ee mluv\u00edte se skute\u010dn\u00fdmi lidmi, nikoli s roboty.<\/li>\n<li>Le\u017e\u00e9rn\u00ed nebo koketn\u00ed: Ide\u00e1ln\u00ed pro lehkou z\u00e1bavu bez tlaku form\u00e1ln\u00edch seznamovac\u00edch aplikac\u00ed.<\/li>\n<li>Registrace nen\u00ed nutn\u00e1: \u00dapln\u00e1 anonymita, pokud ji chcete.<\/li>\n<\/ul>\n<h2>Pro\u010d je StrangerCam v\u00fdjime\u010dn\u00e1<\/h2>\n<p>StrangerCam je jednou z p\u0159edn\u00edch platforem pro bezplatn\u00fd n\u00e1hodn\u00fd videochat, kter\u00e1 nab\u00edz\u00ed:<\/p>\n<ul>\n<li>Bezplatn\u00e9 a neomezen\u00e9 chaty.<\/li>\n<li>Filtry podle pohlav\u00ed (vyberte si chat s <a href=\"https:\/\/strangercam.com\/cs\/video-chat-with-girls\/\">d\u00edvky<\/a> nebo kluci).<\/li>\n<li>Registrace nen\u00ed nutn\u00e1.<\/li>\n<li>N\u00e1stroje pro bezpe\u010dn\u00e9 moderov\u00e1n\u00ed.<\/li>\n<li>Kompatibilita s mobiln\u00edmi a stoln\u00edmi po\u010d\u00edta\u010di.<\/li>\n<li>Glob\u00e1ln\u00ed u\u017eivatelsk\u00e1 z\u00e1kladna.<\/li>\n<\/ul>\n<p>Pro ka\u017ed\u00e9ho, kdo se pt\u00e1: \"Kde najdu bezplatn\u00fd chat jako Badoo?\" nebo \"Existuje p\u0159\u00edle\u017eitostn\u00e1 alternativa k POF?\", je StrangerCam odpov\u011bd\u00ed - kombinuje vzru\u0161en\u00ed bezplatn\u00e9ho chatu Badoo s autenticitou skute\u010dn\u00fdch spojen\u00ed POF.<\/p>\n<h2>Zku\u0161enosti skute\u010dn\u00fdch u\u017eivatel\u016f<\/h2>\n<blockquote><p><em>\"Badoo se mi l\u00edbilo pro p\u0159\u00edle\u017eitostn\u00e9 chaty, ale ne v\u017edy jsem dost\u00e1val rychl\u00e9 odpov\u011bdi. StrangerCam to vy\u0159e\u0161il - je to okam\u017eit\u00e9.\"<\/em><br \/>\n- Jake, 28 let<\/p><\/blockquote>\n<blockquote><p><em>\"POF mi p\u0159ipadal p\u0159\u00edli\u0161 v\u00e1\u017en\u00fd. StrangerCam je z\u00e1bavn\u00e1 a bezplatn\u00e1 a mohu kdykoli p\u0159esko\u010dit na dal\u0161\u00ed osobu.\"<\/em><br \/>\n- Sophia, 23 let<\/p><\/blockquote>\n<blockquote><p><em>\"N\u00e1hodn\u00fd videochat je skv\u011bl\u00e1 rovnov\u00e1ha - n\u011bkdy se setk\u00e1v\u00e1te s lidmi, abyste si zaflirtovali, jindy jen pro zasm\u00e1n\u00ed.\"<\/em><br \/>\n- Ryan, 30 let<\/p><\/blockquote>\n<h2>Bezpe\u010dnostn\u00ed tipy pro online chatov\u00e1n\u00ed<\/h2>\n<p>A\u0165 u\u017e jste na Badoo, POF nebo StrangerCam, v\u017edy z\u016fsta\u0148te v bezpe\u010d\u00ed:<\/p>\n<ul>\n<li>Nikdy nesd\u011blujte osobn\u00ed \u00fadaje (adresu, telefon, pracovi\u0161t\u011b).<\/li>\n<li>Nepos\u00edlejte pen\u00edze ciz\u00edm lidem.<\/li>\n<li>Bu\u010fte opatrn\u00ed p\u0159i sd\u00edlen\u00ed profil\u016f na soci\u00e1ln\u00edch s\u00edt\u00edch.<\/li>\n<li>Pokud je v\u00e1m n\u011bkdo nep\u0159\u00edjemn\u00fd, pou\u017eijte n\u00e1stroje pro hl\u00e1\u0161en\u00ed.<\/li>\n<li>P\u0159ed spu\u0161t\u011bn\u00edm \u017eiv\u00e9ho vys\u00edl\u00e1n\u00ed zkontrolujte pozad\u00ed webov\u00e9 kamery.<\/li>\n<\/ul>\n<p>Pokud hled\u00e1te bezplatn\u00fd chat a seznamovac\u00ed aplikaci Badoo nebo POF (Plenty of Fish), prozkoum\u00e1v\u00e1te dv\u011b z nejzn\u00e1m\u011bj\u0161\u00edch seznamovac\u00edch platforem na sv\u011bt\u011b.<\/p>\n<ul>\n<li>Badoo je skv\u011bl\u00e9 pro p\u0159\u00edle\u017eitostn\u00e9 chaty, setk\u00e1v\u00e1n\u00ed s lidmi v okol\u00ed a objevov\u00e1n\u00ed nov\u00fdch soci\u00e1ln\u00edch s\u00edt\u00ed.<\/li>\n<li>POF je ide\u00e1ln\u00ed pro v\u00e1\u017en\u00e9 z\u00e1jemce o sezn\u00e1men\u00ed, kte\u0159\u00ed cht\u011bj\u00ed podrobn\u00e9 profily a dlouhodob\u00e1 spojen\u00ed.<\/li>\n<li>StrangerCam je ide\u00e1ln\u00ed, pokud chcete okam\u017eit\u00e9 n\u00e1hodn\u00e9 videochaty tv\u00e1\u0159\u00ed v tv\u00e1\u0159 bez registrac\u00ed, poplatk\u016f a \u010dek\u00e1n\u00ed.<\/li>\n<\/ul>\n<p>Jste p\u0159ipraveni se okam\u017eit\u011b p\u0159ipojit? Vyzkou\u0161ejte bezplatn\u00fd n\u00e1hodn\u00fd videochat je\u0161t\u011b dnes a zjist\u011bte, koho potk\u00e1te p\u0159\u00ed\u0161t\u011b.<\/p>","protected":false},"excerpt":{"rendered":"<p>If you\u2019re searching for Badoo free chat and dating app or POF (Plenty of Fish), you\u2019re probably looking for a reliable way to meet new people online. Both platforms are hugely popular in the dating world, but they offer very different experiences. Badoo is often seen as a global social discovery app\u2014a place to meet [&hellip;]<\/p>\n","protected":false},"author":8,"featured_media":0,"parent":0,"menu_order":0,"comment_status":"closed","ping_status":"closed","template":"","meta":{"footnotes":""},"class_list":["post-4988","page","type-page","status-publish","hentry"],"yoast_head":"<!-- This site is optimized with the Yoast SEO plugin v27.4 - https:\/\/yoast.com\/product\/yoast-seo-wordpress\/ -->\n<title>Badoo Free Chat And Dating App Pof on Strangercam.com<\/title>\n<meta name=\"description\" content=\"Liking Badoo Free Chat And Dating App Pof? Join millions on StrangerCam.com! Start a random video chat, turn on your cam, and meet strangers instantly.\" \/>\n<meta name=\"robots\" content=\"index, follow, max-snippet:-1, max-image-preview:large, max-video-preview:-1\" \/>\n<link rel=\"canonical\" href=\"https:\/\/strangercam.com\/cs\/badoo-zdarma-chat-a-datovani-app-pof\/\" \/>\n<meta property=\"og:locale\" content=\"cs_CZ\" \/>\n<meta property=\"og:type\" content=\"article\" \/>\n<meta property=\"og:title\" content=\"Badoo Free Chat And Dating App Pof on Strangercam.com\" \/>\n<meta property=\"og:description\" content=\"Liking Badoo Free Chat And Dating App Pof? Join millions on StrangerCam.com! Start a random video chat, turn on your cam, and meet strangers instantly.\" \/>\n<meta property=\"og:url\" content=\"https:\/\/strangercam.com\/cs\/badoo-zdarma-chat-a-datovani-app-pof\/\" \/>\n<meta property=\"og:site_name\" content=\"Strangercam\" \/>\n<meta property=\"article:publisher\" content=\"https:\/\/www.facebook.com\/strangercam\" \/>\n<meta property=\"article:modified_time\" content=\"2025-09-23T10:44:52+00:00\" \/>\n<meta property=\"og:image\" content=\"https:\/\/strangercam.com\/wp-content\/uploads\/2021\/10\/Untitled-2.png\" \/>\n\t<meta property=\"og:image:width\" content=\"800\" \/>\n\t<meta property=\"og:image:height\" content=\"532\" \/>\n\t<meta property=\"og:image:type\" content=\"image\/png\" \/>\n<meta name=\"twitter:card\" content=\"summary_large_image\" \/>\n<meta name=\"twitter:site\" content=\"@strangercamapp\" \/>\n<meta name=\"twitter:label1\" content=\"Odhadovan\u00e1 doba \u010dten\u00ed\" \/>\n\t<meta name=\"twitter:data1\" content=\"4 minuty\" \/>\n<script type=\"application\/ld+json\" class=\"yoast-schema-graph\">{\"@context\":\"https:\\\/\\\/schema.org\",\"@graph\":[{\"@type\":\"WebPage\",\"@id\":\"https:\\\/\\\/strangercam.com\\\/badoo-free-chat-and-dating-app-pof\\\/\",\"url\":\"https:\\\/\\\/strangercam.com\\\/badoo-free-chat-and-dating-app-pof\\\/\",\"name\":\"Badoo Free Chat And Dating App Pof on Strangercam.com\",\"isPartOf\":{\"@id\":\"https:\\\/\\\/strangercam.com\\\/#website\"},\"datePublished\":\"2025-09-23T09:42:02+00:00\",\"dateModified\":\"2025-09-23T10:44:52+00:00\",\"description\":\"Liking Badoo Free Chat And Dating App Pof? Join millions on StrangerCam.com! Start a random video chat, turn on your cam, and meet strangers instantly.\",\"breadcrumb\":{\"@id\":\"https:\\\/\\\/strangercam.com\\\/badoo-free-chat-and-dating-app-pof\\\/#breadcrumb\"},\"inLanguage\":\"cs\",\"potentialAction\":[{\"@type\":\"ReadAction\",\"target\":[\"https:\\\/\\\/strangercam.com\\\/badoo-free-chat-and-dating-app-pof\\\/\"]}]},{\"@type\":\"BreadcrumbList\",\"@id\":\"https:\\\/\\\/strangercam.com\\\/badoo-free-chat-and-dating-app-pof\\\/#breadcrumb\",\"itemListElement\":[{\"@type\":\"ListItem\",\"position\":1,\"name\":\"Home\",\"item\":\"https:\\\/\\\/strangercam.com\\\/\"},{\"@type\":\"ListItem\",\"position\":2,\"name\":\"Badoo Free Chat And Dating App Pof\"}]},{\"@type\":\"WebSite\",\"@id\":\"https:\\\/\\\/strangercam.com\\\/#website\",\"url\":\"https:\\\/\\\/strangercam.com\\\/\",\"name\":\"Strangercam\",\"description\":\"Random Video Chat with Strangers\",\"publisher\":{\"@id\":\"https:\\\/\\\/strangercam.com\\\/#organization\"},\"alternateName\":\"Strangercam.com\",\"potentialAction\":[{\"@type\":\"SearchAction\",\"target\":{\"@type\":\"EntryPoint\",\"urlTemplate\":\"https:\\\/\\\/strangercam.com\\\/?s={search_term_string}\"},\"query-input\":{\"@type\":\"PropertyValueSpecification\",\"valueRequired\":true,\"valueName\":\"search_term_string\"}}],\"inLanguage\":\"cs\"},{\"@type\":\"Organization\",\"@id\":\"https:\\\/\\\/strangercam.com\\\/#organization\",\"name\":\"Strangercam\",\"alternateName\":\"Strangercam.com\",\"url\":\"https:\\\/\\\/strangercam.com\\\/\",\"logo\":{\"@type\":\"ImageObject\",\"inLanguage\":\"cs\",\"@id\":\"https:\\\/\\\/strangercam.com\\\/#\\\/schema\\\/logo\\\/image\\\/\",\"url\":\"https:\\\/\\\/strangercam.com\\\/wp-content\\\/uploads\\\/2020\\\/11\\\/cropped-new-favicon-black.png\",\"contentUrl\":\"https:\\\/\\\/strangercam.com\\\/wp-content\\\/uploads\\\/2020\\\/11\\\/cropped-new-favicon-black.png\",\"width\":512,\"height\":512,\"caption\":\"Strangercam\"},\"image\":{\"@id\":\"https:\\\/\\\/strangercam.com\\\/#\\\/schema\\\/logo\\\/image\\\/\"},\"sameAs\":[\"https:\\\/\\\/www.facebook.com\\\/strangercam\",\"https:\\\/\\\/x.com\\\/strangercamapp\"]}]}<\/script>\n<!-- \/ Yoast SEO plugin. -->","yoast_head_json":{"title":"Badoo zdarma Chat a datov\u00e1n\u00ed aplikace Pof na Strangercam.com","description":"L\u00edb\u00ed se v\u00e1m aplikace Badoo Free Chat and Dating App Pof? Join miliony na StrangerCam.com! Spus\u0165te n\u00e1hodn\u00fd videochat, zapn\u011bte kameru a okam\u017eit\u011b se seznamte s ciz\u00edmi lidmi.","robots":{"index":"index","follow":"follow","max-snippet":"max-snippet:-1","max-image-preview":"max-image-preview:large","max-video-preview":"max-video-preview:-1"},"canonical":"https:\/\/strangercam.com\/cs\/badoo-zdarma-chat-a-datovani-app-pof\/","og_locale":"cs_CZ","og_type":"article","og_title":"Badoo Free Chat And Dating App Pof on Strangercam.com","og_description":"Liking Badoo Free Chat And Dating App Pof? Join millions on StrangerCam.com! Start a random video chat, turn on your cam, and meet strangers instantly.","og_url":"https:\/\/strangercam.com\/cs\/badoo-zdarma-chat-a-datovani-app-pof\/","og_site_name":"Strangercam","article_publisher":"https:\/\/www.facebook.com\/strangercam","article_modified_time":"2025-09-23T10:44:52+00:00","og_image":[{"width":800,"height":532,"url":"https:\/\/strangercam.com\/wp-content\/uploads\/2021\/10\/Untitled-2.png","type":"image\/png"}],"twitter_card":"summary_large_image","twitter_site":"@strangercamapp","twitter_misc":{"Odhadovan\u00e1 doba \u010dten\u00ed":"4 minuty"},"schema":{"@context":"https:\/\/schema.org","@graph":[{"@type":"WebPage","@id":"https:\/\/strangercam.com\/badoo-free-chat-and-dating-app-pof\/","url":"https:\/\/strangercam.com\/badoo-free-chat-and-dating-app-pof\/","name":"Badoo zdarma Chat a datov\u00e1n\u00ed aplikace Pof na Strangercam.com","isPartOf":{"@id":"https:\/\/strangercam.com\/#website"},"datePublished":"2025-09-23T09:42:02+00:00","dateModified":"2025-09-23T10:44:52+00:00","description":"L\u00edb\u00ed se v\u00e1m aplikace Badoo Free Chat and Dating App Pof? Join miliony na StrangerCam.com! Spus\u0165te n\u00e1hodn\u00fd videochat, zapn\u011bte kameru a okam\u017eit\u011b se seznamte s ciz\u00edmi lidmi.","breadcrumb":{"@id":"https:\/\/strangercam.com\/badoo-free-chat-and-dating-app-pof\/#breadcrumb"},"inLanguage":"cs","potentialAction":[{"@type":"ReadAction","target":["https:\/\/strangercam.com\/badoo-free-chat-and-dating-app-pof\/"]}]},{"@type":"BreadcrumbList","@id":"https:\/\/strangercam.com\/badoo-free-chat-and-dating-app-pof\/#breadcrumb","itemListElement":[{"@type":"ListItem","position":1,"name":"Home","item":"https:\/\/strangercam.com\/"},{"@type":"ListItem","position":2,"name":"Badoo Free Chat And Dating App Pof"}]},{"@type":"WebSite","@id":"https:\/\/strangercam.com\/#website","url":"https:\/\/strangercam.com\/","name":"Strangercam","description":"N\u00e1hodn\u00fd videochat s ciz\u00edmi lidmi","publisher":{"@id":"https:\/\/strangercam.com\/#organization"},"alternateName":"Strangercam.com","potentialAction":[{"@type":"SearchAction","target":{"@type":"EntryPoint","urlTemplate":"https:\/\/strangercam.com\/?s={search_term_string}"},"query-input":{"@type":"PropertyValueSpecification","valueRequired":true,"valueName":"search_term_string"}}],"inLanguage":"cs"},{"@type":"Organization","@id":"https:\/\/strangercam.com\/#organization","name":"Strangercam","alternateName":"Strangercam.com","url":"https:\/\/strangercam.com\/","logo":{"@type":"ImageObject","inLanguage":"cs","@id":"https:\/\/strangercam.com\/#\/schema\/logo\/image\/","url":"https:\/\/strangercam.com\/wp-content\/uploads\/2020\/11\/cropped-new-favicon-black.png","contentUrl":"https:\/\/strangercam.com\/wp-content\/uploads\/2020\/11\/cropped-new-favicon-black.png","width":512,"height":512,"caption":"Strangercam"},"image":{"@id":"https:\/\/strangercam.com\/#\/schema\/logo\/image\/"},"sameAs":["https:\/\/www.facebook.com\/strangercam","https:\/\/x.com\/strangercamapp"]}]}},"_links":{"self":[{"href":"https:\/\/strangercam.com\/cs\/wp-json\/wp\/v2\/pages\/4988","targetHints":{"allow":["GET"]}}],"collection":[{"href":"https:\/\/strangercam.com\/cs\/wp-json\/wp\/v2\/pages"}],"about":[{"href":"https:\/\/strangercam.com\/cs\/wp-json\/wp\/v2\/types\/page"}],"author":[{"embeddable":true,"href":"https:\/\/strangercam.com\/cs\/wp-json\/wp\/v2\/users\/8"}],"replies":[{"embeddable":true,"href":"https:\/\/strangercam.com\/cs\/wp-json\/wp\/v2\/comments?post=4988"}],"version-history":[{"count":2,"href":"https:\/\/strangercam.com\/cs\/wp-json\/wp\/v2\/pages\/4988\/revisions"}],"predecessor-version":[{"id":13043,"href":"https:\/\/strangercam.com\/cs\/wp-json\/wp\/v2\/pages\/4988\/revisions\/13043"}],"wp:attachment":[{"href":"https:\/\/strangercam.com\/cs\/wp-json\/wp\/v2\/media?parent=4988"}],"curies":[{"name":"wp","href":"https:\/\/api.w.org\/{rel}","templated":true}]}}