{"id":4970,"date":"2021-06-14T22:54:13","date_gmt":"2021-06-14T20:54:13","guid":{"rendered":"https:\/\/strangercam.com\/?page_id=4970"},"modified":"2023-09-12T15:18:55","modified_gmt":"2023-09-12T13:18:55","slug":"bezplatny-chat-pro-dospele","status":"publish","type":"page","link":"https:\/\/strangercam.com\/cs\/free-adult-chat\/","title":{"rendered":"Bezplatn\u00fd chat pro dosp\u011bl\u00e9"},"content":{"rendered":"<p>V\u00edtejte na str\u00e1nk\u00e1ch Free Adult <a href=\"https:\/\/strangercam.com\/cs\/chatroulette\/\">Chat<\/a>. Join aplikace pro videochat pro dosp\u011bl\u00e9 zdarma, kter\u00e1 usnad\u0148uje anonymn\u00ed chatov\u00e1n\u00ed s n\u00e1hodn\u00fdmi cizinci. Free Adult Chat nab\u00edz\u00ed funkce videochatu v\u010detn\u011b masek obli\u010deje, filtr\u016f pohlav\u00ed a zem\u00ed, soukrom\u00e9ho chatu a mnoho dal\u0161\u00edho. Chatujte s n\u00e1hodn\u00fdmi d\u00edvkami a chlapci online, kdekoli na sv\u011bt\u011b, okam\u017eit\u011b. Najd\u011bte si nov\u00e9ho p\u0159\u00edtele, <a href=\"https:\/\/strangercam.com\/cs\/coomeet\/\">Seznamte se s<\/a> p\u0159\u00ed\u0161t\u00ed rande, p\u0159edv\u00e9st sv\u00e9 neuv\u011b\u0159iteln\u00e9 hudebn\u00ed schopnosti, n\u00e1hodn\u011b si popov\u00eddat o fotbale, m\u00edt bezplatn\u00fd chat pro dosp\u011bl\u00e9 nebo se jen zklidnit a probrat s n\u011bk\u00fdm ciz\u00edm nejnov\u011bj\u0161\u00ed seri\u00e1l z Netflixu. Chatovat zdarma pro dosp\u011bl\u00e9 je snadn\u00e9 a z\u00e1bavn\u00e9. Nikdy nev\u00edte, kdo na v\u00e1s m\u016f\u017ee \u010dekat na druh\u00e9 stran\u011b webkamery!<\/p>\n<p>Dosp\u011bl\u00fd chatov\u00e1n\u00ed je nejv\u00edce uspokojuj\u00edc\u00ed fr\u00e1ze pro mnoho mlad\u00fdch lid\u00ed a obecn\u011b mezi vrstevn\u00edky v\u0161ech v\u011bkov\u00fdch kategori\u00ed. Je tak fascinuj\u00edc\u00ed a p\u0159ita\u017eliv\u00e9, \u017ee z n\u011bj ka\u017ed\u00fd chce m\u00edt kousek. Mlad\u00ed lid\u00e9 \u010dasto hledaj\u00ed str\u00e1nky, jako je StrangerCam.com.<br \/>\nPokud se chcete anonymn\u011b spojit s nov\u00fdmi lidmi,\u00a0<a href=\"https:\/\/strangercam.com\/cs\/chathub\/\">n\u00e1hodn\u00fd videochat<\/a>\u00a0je nejlep\u0161\u00ed a nejjednodu\u0161\u0161\u00ed zp\u016fsob, jak to ud\u011blat, a StrangerCam je chat. <a href=\"https:\/\/strangercam.com\/cs\/bazoocam\/\">cam<\/a> aplikace, kter\u00e1 v\u00e1s tam zavede. Na\u0161i aplikaci jsme optimalizovali tak, abyste si mohli vybrat p\u0159esn\u011b toho, s k\u00fdm se chcete kamar\u00e1dit - nov\u00fd a inovativn\u00ed zp\u016fsob, jak se spojit s ciz\u00edmi lidmi.<\/p>\n<p>Tak na co \u010dek\u00e1te? Join Bezplatn\u00fd chat pro dosp\u011bl\u00e9 nyn\u00ed!<\/p>\n<h3>Co je StrangerCam.com!<\/h3>\n<p>StrangerCam je online chatovac\u00ed platforma pro dosp\u011bl\u00e9. To znamen\u00e1, \u017ee dosp\u011bl\u00ed lid\u00e9 mohou naj\u00edt sv\u00e9 potenci\u00e1ln\u00ed prot\u011bj\u0161ky a bavit se s nimi.<br \/>\nHlavn\u00edm \u00fa\u010delem t\u011bchto webov\u00fdch str\u00e1nek je d\u00e1t ka\u017ed\u00e9mu vhodnou p\u0159\u00edle\u017eitost. Algoritmus webu je navr\u017een tak, aby vyb\u00edral nejvhodn\u011bj\u0161\u00ed prot\u011bj\u0161ky. Jedn\u00e1 se o novou a jedine\u010dnou funkci, kterou dosud \u017e\u00e1dn\u00e1 online seznamovac\u00ed aplikace nespustila.<\/p>\n<h2>Funkce bezplatn\u00e9ho chatu pro dosp\u011bl\u00e9<\/h2>\n<p>To jsou n\u011bkter\u00e9 skv\u011bl\u00e9 funkce, kter\u00e9 d\u011blaj\u00ed StrangerCam lep\u0161\u00ed ne\u017e jak\u00e9koliv jin\u00e9 webov\u00e9 str\u00e1nky pro dosp\u011bl\u00e9.<\/p>\n<p>Pod\u00edvejme se na funkce:<\/p>\n<h3>Vyhn\u011bte se obav\u00e1m o v\u00fdsledky<\/h3>\n<p>Postar\u00e1me se o v\u00e1s!<\/p>\n<p>Pokud jste citliv\u00ed, pak je pro v\u00e1s ur\u010dena kamera StrangerCam.<\/p>\n<p>Pro\u010d bychom to m\u011bli \u0159\u00edkat? Proto\u017ee v\u00edme, \u017ee je to bezpe\u010dn\u00e9!<\/p>\n<p>Nen\u00ed t\u0159eba se ob\u00e1vat a myslet na sv\u00e9 obavy. Vy i v\u0161e, co v\u00e1m pat\u0159\u00ed, jste zde v bezpe\u010d\u00ed. Va\u0161e \u00fadaje a identitu chr\u00e1n\u00edme za ka\u017edou cenu. Spole\u010dnost se t\u00edmto heslem \u0159\u00edd\u00ed ji\u017e dlouho.<\/p>\n<h3>Sd\u00edlen\u00ed obsahu pro dosp\u011bl\u00e9<\/h3>\n<p>Pokud jde o souhlas obou z\u00fa\u010dastn\u011bn\u00fdch osob, nem\u00e1me \u017e\u00e1dn\u00fd probl\u00e9m!<\/p>\n<p>Vyslechneme dotazy z\u00e1kazn\u00edk\u016f, ale nezasahujeme do osobn\u00edch z\u00e1le\u017eitost\u00ed. M\u016f\u017eete sd\u00edlet cokoli, pokud s t\u00edm v\u00e1\u0161 partner souhlas\u00ed.<\/p>\n<h3>Zah\u00e1jen\u00ed konverzace<\/h3>\n<p>Chcete nav\u00e1zat konverzaci a nev\u00edte, jak na to?<\/p>\n<p>Pokud ano, pak jste na spr\u00e1vn\u00e9m m\u00edst\u011b. Fantastick\u00e1 kolekce filtr\u016f v\u00e1m m\u016f\u017ee pomoci zah\u00e1jit i konverzaci. Je to z\u00e1bavn\u00e1, ale \u00fa\u010dinn\u00e1 metoda. Filtry v\u00e1m tak\u00e9 mohou pomoci, aby se v\u00e1\u0161 potenci\u00e1ln\u00ed partner.<\/p>\n<h3>Rozesm\u011bjte je<\/h3>\n<p>Pokud jste si \u010dlov\u011bka opravdu obl\u00edbili, chovejte se k n\u011bmu d\u016fstojn\u011b. Rozesm\u011bjte je.<\/p>\n<p>\u0158ekn\u011bte vtip nebo o n\u011bj po\u017e\u00e1dejte. Vtipy jsou skv\u011bl\u00fdmi inici\u00e1tory konverzace. Rozesm\u011bjte je p\u0159ed\u00e1n\u00edm mil\u00e9ho komplimentu. Tyto drobnosti lidi sbli\u017euj\u00ed.<\/p>","protected":false},"excerpt":{"rendered":"<p>Welcome to Free Adult Chat. Join the Free Adult Chat\u00a0video chat app, making it easy to chat to random strangers anonymously. Free Adult Chat offers video chat features including face masks, gender and country filters, private chat, and much more. Chat with random girls\u00a0and boys online, anywhere in the world, instantaneously. Find a new friend, [&hellip;]<\/p>\n","protected":false},"author":8,"featured_media":0,"parent":0,"menu_order":0,"comment_status":"closed","ping_status":"closed","template":"","meta":{"footnotes":""},"class_list":["post-4970","page","type-page","status-publish","hentry"],"yoast_head":"<!-- This site is optimized with the Yoast SEO plugin v27.4 - https:\/\/yoast.com\/product\/yoast-seo-wordpress\/ -->\n<title>Free Adult Chat - StrangerCam.com: Cam With Strangers<\/title>\n<meta name=\"description\" content=\"Free Adult Chat anonymously with over 5.000.000 strangers. No Sign-Up Required! Cam with strangers on StrangerCam.com.\" \/>\n<meta name=\"robots\" content=\"index, follow, max-snippet:-1, max-image-preview:large, max-video-preview:-1\" \/>\n<link rel=\"canonical\" href=\"https:\/\/strangercam.com\/cs\/bezplatny-chat-pro-dospele\/\" \/>\n<meta property=\"og:locale\" content=\"cs_CZ\" \/>\n<meta property=\"og:type\" content=\"article\" \/>\n<meta property=\"og:title\" content=\"Free Adult Chat - StrangerCam.com: Cam With Strangers\" \/>\n<meta property=\"og:description\" content=\"Free Adult Chat anonymously with over 5.000.000 strangers. No Sign-Up Required! Cam with strangers on StrangerCam.com.\" \/>\n<meta property=\"og:url\" content=\"https:\/\/strangercam.com\/cs\/bezplatny-chat-pro-dospele\/\" \/>\n<meta property=\"og:site_name\" content=\"Strangercam\" \/>\n<meta property=\"article:publisher\" content=\"https:\/\/www.facebook.com\/strangercam\" \/>\n<meta property=\"article:modified_time\" content=\"2023-09-12T13:18:55+00:00\" \/>\n<meta property=\"og:image\" content=\"https:\/\/strangercam.com\/wp-content\/uploads\/2021\/10\/Untitled-2.png\" \/>\n\t<meta property=\"og:image:width\" content=\"800\" \/>\n\t<meta property=\"og:image:height\" content=\"532\" \/>\n\t<meta property=\"og:image:type\" content=\"image\/png\" \/>\n<meta name=\"twitter:card\" content=\"summary_large_image\" \/>\n<meta name=\"twitter:site\" content=\"@strangercamapp\" \/>\n<meta name=\"twitter:label1\" content=\"Odhadovan\u00e1 doba \u010dten\u00ed\" \/>\n\t<meta name=\"twitter:data1\" content=\"3 minuty\" \/>\n<script type=\"application\/ld+json\" class=\"yoast-schema-graph\">{\"@context\":\"https:\\\/\\\/schema.org\",\"@graph\":[{\"@type\":\"WebPage\",\"@id\":\"https:\\\/\\\/strangercam.com\\\/free-adult-chat\\\/\",\"url\":\"https:\\\/\\\/strangercam.com\\\/free-adult-chat\\\/\",\"name\":\"Free Adult Chat - StrangerCam.com: Cam With Strangers\",\"isPartOf\":{\"@id\":\"https:\\\/\\\/strangercam.com\\\/#website\"},\"datePublished\":\"2021-06-14T20:54:13+00:00\",\"dateModified\":\"2023-09-12T13:18:55+00:00\",\"description\":\"Free Adult Chat anonymously with over 5.000.000 strangers. No Sign-Up Required! Cam with strangers on StrangerCam.com.\",\"breadcrumb\":{\"@id\":\"https:\\\/\\\/strangercam.com\\\/free-adult-chat\\\/#breadcrumb\"},\"inLanguage\":\"cs\",\"potentialAction\":[{\"@type\":\"ReadAction\",\"target\":[\"https:\\\/\\\/strangercam.com\\\/free-adult-chat\\\/\"]}]},{\"@type\":\"BreadcrumbList\",\"@id\":\"https:\\\/\\\/strangercam.com\\\/free-adult-chat\\\/#breadcrumb\",\"itemListElement\":[{\"@type\":\"ListItem\",\"position\":1,\"name\":\"Home\",\"item\":\"https:\\\/\\\/strangercam.com\\\/\"},{\"@type\":\"ListItem\",\"position\":2,\"name\":\"Free Adult Chat\"}]},{\"@type\":\"WebSite\",\"@id\":\"https:\\\/\\\/strangercam.com\\\/#website\",\"url\":\"https:\\\/\\\/strangercam.com\\\/\",\"name\":\"Strangercam\",\"description\":\"Random Video Chat with Strangers\",\"publisher\":{\"@id\":\"https:\\\/\\\/strangercam.com\\\/#organization\"},\"alternateName\":\"Strangercam.com\",\"potentialAction\":[{\"@type\":\"SearchAction\",\"target\":{\"@type\":\"EntryPoint\",\"urlTemplate\":\"https:\\\/\\\/strangercam.com\\\/?s={search_term_string}\"},\"query-input\":{\"@type\":\"PropertyValueSpecification\",\"valueRequired\":true,\"valueName\":\"search_term_string\"}}],\"inLanguage\":\"cs\"},{\"@type\":\"Organization\",\"@id\":\"https:\\\/\\\/strangercam.com\\\/#organization\",\"name\":\"Strangercam\",\"alternateName\":\"Strangercam.com\",\"url\":\"https:\\\/\\\/strangercam.com\\\/\",\"logo\":{\"@type\":\"ImageObject\",\"inLanguage\":\"cs\",\"@id\":\"https:\\\/\\\/strangercam.com\\\/#\\\/schema\\\/logo\\\/image\\\/\",\"url\":\"https:\\\/\\\/strangercam.com\\\/wp-content\\\/uploads\\\/2020\\\/11\\\/cropped-new-favicon-black.png\",\"contentUrl\":\"https:\\\/\\\/strangercam.com\\\/wp-content\\\/uploads\\\/2020\\\/11\\\/cropped-new-favicon-black.png\",\"width\":512,\"height\":512,\"caption\":\"Strangercam\"},\"image\":{\"@id\":\"https:\\\/\\\/strangercam.com\\\/#\\\/schema\\\/logo\\\/image\\\/\"},\"sameAs\":[\"https:\\\/\\\/www.facebook.com\\\/strangercam\",\"https:\\\/\\\/x.com\\\/strangercamapp\"]}]}<\/script>\n<!-- \/ Yoast SEO plugin. -->","yoast_head_json":{"title":"Chat pro dosp\u011bl\u00e9 zdarma - StrangerCam.com: Cam s cizinci","description":"Bezplatn\u00fd chat pro dosp\u011bl\u00e9 anonymn\u011b s v\u00edce ne\u017e 5.000.000 cizinci. Nen\u00ed nutn\u00e1 \u017e\u00e1dn\u00e1 registrace! Cam s cizinci na StrangerCam.com.","robots":{"index":"index","follow":"follow","max-snippet":"max-snippet:-1","max-image-preview":"max-image-preview:large","max-video-preview":"max-video-preview:-1"},"canonical":"https:\/\/strangercam.com\/cs\/bezplatny-chat-pro-dospele\/","og_locale":"cs_CZ","og_type":"article","og_title":"Free Adult Chat - StrangerCam.com: Cam With Strangers","og_description":"Free Adult Chat anonymously with over 5.000.000 strangers. No Sign-Up Required! Cam with strangers on StrangerCam.com.","og_url":"https:\/\/strangercam.com\/cs\/bezplatny-chat-pro-dospele\/","og_site_name":"Strangercam","article_publisher":"https:\/\/www.facebook.com\/strangercam","article_modified_time":"2023-09-12T13:18:55+00:00","og_image":[{"width":800,"height":532,"url":"https:\/\/strangercam.com\/wp-content\/uploads\/2021\/10\/Untitled-2.png","type":"image\/png"}],"twitter_card":"summary_large_image","twitter_site":"@strangercamapp","twitter_misc":{"Odhadovan\u00e1 doba \u010dten\u00ed":"3 minuty"},"schema":{"@context":"https:\/\/schema.org","@graph":[{"@type":"WebPage","@id":"https:\/\/strangercam.com\/free-adult-chat\/","url":"https:\/\/strangercam.com\/free-adult-chat\/","name":"Chat pro dosp\u011bl\u00e9 zdarma - StrangerCam.com: Cam s cizinci","isPartOf":{"@id":"https:\/\/strangercam.com\/#website"},"datePublished":"2021-06-14T20:54:13+00:00","dateModified":"2023-09-12T13:18:55+00:00","description":"Bezplatn\u00fd chat pro dosp\u011bl\u00e9 anonymn\u011b s v\u00edce ne\u017e 5.000.000 cizinci. Nen\u00ed nutn\u00e1 \u017e\u00e1dn\u00e1 registrace! Cam s cizinci na StrangerCam.com.","breadcrumb":{"@id":"https:\/\/strangercam.com\/free-adult-chat\/#breadcrumb"},"inLanguage":"cs","potentialAction":[{"@type":"ReadAction","target":["https:\/\/strangercam.com\/free-adult-chat\/"]}]},{"@type":"BreadcrumbList","@id":"https:\/\/strangercam.com\/free-adult-chat\/#breadcrumb","itemListElement":[{"@type":"ListItem","position":1,"name":"Home","item":"https:\/\/strangercam.com\/"},{"@type":"ListItem","position":2,"name":"Free Adult Chat"}]},{"@type":"WebSite","@id":"https:\/\/strangercam.com\/#website","url":"https:\/\/strangercam.com\/","name":"Strangercam","description":"N\u00e1hodn\u00fd videochat s ciz\u00edmi lidmi","publisher":{"@id":"https:\/\/strangercam.com\/#organization"},"alternateName":"Strangercam.com","potentialAction":[{"@type":"SearchAction","target":{"@type":"EntryPoint","urlTemplate":"https:\/\/strangercam.com\/?s={search_term_string}"},"query-input":{"@type":"PropertyValueSpecification","valueRequired":true,"valueName":"search_term_string"}}],"inLanguage":"cs"},{"@type":"Organization","@id":"https:\/\/strangercam.com\/#organization","name":"Strangercam","alternateName":"Strangercam.com","url":"https:\/\/strangercam.com\/","logo":{"@type":"ImageObject","inLanguage":"cs","@id":"https:\/\/strangercam.com\/#\/schema\/logo\/image\/","url":"https:\/\/strangercam.com\/wp-content\/uploads\/2020\/11\/cropped-new-favicon-black.png","contentUrl":"https:\/\/strangercam.com\/wp-content\/uploads\/2020\/11\/cropped-new-favicon-black.png","width":512,"height":512,"caption":"Strangercam"},"image":{"@id":"https:\/\/strangercam.com\/#\/schema\/logo\/image\/"},"sameAs":["https:\/\/www.facebook.com\/strangercam","https:\/\/x.com\/strangercamapp"]}]}},"_links":{"self":[{"href":"https:\/\/strangercam.com\/cs\/wp-json\/wp\/v2\/pages\/4970","targetHints":{"allow":["GET"]}}],"collection":[{"href":"https:\/\/strangercam.com\/cs\/wp-json\/wp\/v2\/pages"}],"about":[{"href":"https:\/\/strangercam.com\/cs\/wp-json\/wp\/v2\/types\/page"}],"author":[{"embeddable":true,"href":"https:\/\/strangercam.com\/cs\/wp-json\/wp\/v2\/users\/8"}],"replies":[{"embeddable":true,"href":"https:\/\/strangercam.com\/cs\/wp-json\/wp\/v2\/comments?post=4970"}],"version-history":[{"count":0,"href":"https:\/\/strangercam.com\/cs\/wp-json\/wp\/v2\/pages\/4970\/revisions"}],"wp:attachment":[{"href":"https:\/\/strangercam.com\/cs\/wp-json\/wp\/v2\/media?parent=4970"}],"curies":[{"name":"wp","href":"https:\/\/api.w.org\/{rel}","templated":true}]}}