{"id":4952,"date":"2021-06-14T22:51:33","date_gmt":"2021-06-14T20:51:33","guid":{"rendered":"https:\/\/strangercam.com\/?page_id=4952"},"modified":"2023-09-12T15:16:14","modified_gmt":"2023-09-12T13:16:14","slug":"chatovaci-mistnosti-pro-dospele","status":"publish","type":"page","link":"https:\/\/strangercam.com\/cs\/adult-chat-rooms\/","title":{"rendered":"Chatovac\u00ed m\u00edstnosti pro dosp\u011bl\u00e9"},"content":{"rendered":"<p>V\u00edtejte na str\u00e1nk\u00e1ch pro dosp\u011bl\u00e9 <a href=\"https:\/\/strangercam.com\/cs\/chatroulette\/\">Chat<\/a> Rooms. Join the Adult Chat Rooms video chat app that makes it easy to chat to random strangers, anonymously. Adult Chat Rooms offers video chat features including face masks, gender and country filters, private chat, and much more. Chat with random girls and boys online, anywhere in the world, instantaneously. Find a new friend, <a href=\"https:\/\/strangercam.com\/cs\/coomeet\/\">Seznamte se s<\/a> your next date, show off your incredible music skills, have a random chat about football, have Adult Chat Rooms, or just chill and discuss the latest <a href=\"https:\/\/netflix.com\">Netflix<\/a> series with a stranger. It&#8217;s free and easy to Adult Chat Rooms and having fun. You never know who might be waiting for you on the other side of that webcam!<\/p>\n<p>Pokud se chcete anonymn\u011b spojit s nov\u00fdmi lidmi, <a href=\"https:\/\/strangercam.com\/cs\/chathub\/\">n\u00e1hodn\u00fd videochat<\/a> je nejlep\u0161\u00ed a nejjednodu\u0161\u0161\u00ed zp\u016fsob, jak to ud\u011blat, a StrangerCam je chat. <a href=\"https:\/\/strangercam.com\/cs\/bazoocam\/\">cam<\/a> aplikace, kter\u00e1 v\u00e1s tam zavede. Na\u0161i aplikaci jsme optimalizovali tak, abyste si mohli vybrat, s k\u00fdm p\u0159esn\u011b se chcete spojit - nov\u00fd a inovativn\u00ed zp\u016fsob, jak se spojit s ciz\u00edmi lidmi.<\/p>\n<p>Tak na co \u010dek\u00e1te?\u00a0<a href=\"#chatbox\"><strong>P\u0159ipojte se k chatovac\u00ed m\u00edstnosti pro dosp\u011bl\u00e9 nyn\u00ed!<\/strong><\/a><\/p>","protected":false},"excerpt":{"rendered":"<p>Welcome to . Join the video chat app that makes it easy to chat to random strangers, anonymously. offers video chat features including face masks, gender and country filters, private chat, and much more. Chat with random girls and boys online, anywhere in the world, instantaneously. Find a new friend, meet your next date, show [&hellip;]<\/p>\n","protected":false},"author":8,"featured_media":0,"parent":0,"menu_order":0,"comment_status":"closed","ping_status":"closed","template":"","meta":{"footnotes":""},"class_list":["post-4952","page","type-page","status-publish","hentry"],"yoast_head":"<!-- This site is optimized with the Yoast SEO plugin v27.4 - https:\/\/yoast.com\/product\/yoast-seo-wordpress\/ -->\n<title>Adult Chat Rooms - StrangerCam.com: Cam With Strangers<\/title>\n<meta name=\"description\" content=\"Adult Chat Rooms anonymously with over 5.000.000 strangers. No Sign-Up Required! Cam with strangers on StrangerCam.com.\" \/>\n<meta name=\"robots\" content=\"index, follow, max-snippet:-1, max-image-preview:large, max-video-preview:-1\" \/>\n<link rel=\"canonical\" href=\"https:\/\/strangercam.com\/cs\/chatovaci-mistnosti-pro-dospele\/\" \/>\n<meta property=\"og:locale\" content=\"cs_CZ\" \/>\n<meta property=\"og:type\" content=\"article\" \/>\n<meta property=\"og:title\" content=\"Adult Chat Rooms - StrangerCam.com: Cam With Strangers\" \/>\n<meta property=\"og:description\" content=\"Adult Chat Rooms anonymously with over 5.000.000 strangers. No Sign-Up Required! Cam with strangers on StrangerCam.com.\" \/>\n<meta property=\"og:url\" content=\"https:\/\/strangercam.com\/cs\/chatovaci-mistnosti-pro-dospele\/\" \/>\n<meta property=\"og:site_name\" content=\"Strangercam\" \/>\n<meta property=\"article:publisher\" content=\"https:\/\/www.facebook.com\/strangercam\" \/>\n<meta property=\"article:modified_time\" content=\"2023-09-12T13:16:14+00:00\" \/>\n<meta property=\"og:image\" content=\"https:\/\/strangercam.com\/wp-content\/uploads\/2021\/10\/Untitled-2.png\" \/>\n\t<meta property=\"og:image:width\" content=\"800\" \/>\n\t<meta property=\"og:image:height\" content=\"532\" \/>\n\t<meta property=\"og:image:type\" content=\"image\/png\" \/>\n<meta name=\"twitter:card\" content=\"summary_large_image\" \/>\n<meta name=\"twitter:site\" content=\"@strangercamapp\" \/>\n<meta name=\"twitter:label1\" content=\"Odhadovan\u00e1 doba \u010dten\u00ed\" \/>\n\t<meta name=\"twitter:data1\" content=\"2 minuty\" \/>\n<script type=\"application\/ld+json\" class=\"yoast-schema-graph\">{\"@context\":\"https:\\\/\\\/schema.org\",\"@graph\":[{\"@type\":\"WebPage\",\"@id\":\"https:\\\/\\\/strangercam.com\\\/adult-chat-rooms\\\/\",\"url\":\"https:\\\/\\\/strangercam.com\\\/adult-chat-rooms\\\/\",\"name\":\"Adult Chat Rooms - StrangerCam.com: Cam With Strangers\",\"isPartOf\":{\"@id\":\"https:\\\/\\\/strangercam.com\\\/#website\"},\"datePublished\":\"2021-06-14T20:51:33+00:00\",\"dateModified\":\"2023-09-12T13:16:14+00:00\",\"description\":\"Adult Chat Rooms anonymously with over 5.000.000 strangers. No Sign-Up Required! Cam with strangers on StrangerCam.com.\",\"breadcrumb\":{\"@id\":\"https:\\\/\\\/strangercam.com\\\/adult-chat-rooms\\\/#breadcrumb\"},\"inLanguage\":\"cs\",\"potentialAction\":[{\"@type\":\"ReadAction\",\"target\":[\"https:\\\/\\\/strangercam.com\\\/adult-chat-rooms\\\/\"]}]},{\"@type\":\"BreadcrumbList\",\"@id\":\"https:\\\/\\\/strangercam.com\\\/adult-chat-rooms\\\/#breadcrumb\",\"itemListElement\":[{\"@type\":\"ListItem\",\"position\":1,\"name\":\"Home\",\"item\":\"https:\\\/\\\/strangercam.com\\\/\"},{\"@type\":\"ListItem\",\"position\":2,\"name\":\"Adult Chat Rooms\"}]},{\"@type\":\"WebSite\",\"@id\":\"https:\\\/\\\/strangercam.com\\\/#website\",\"url\":\"https:\\\/\\\/strangercam.com\\\/\",\"name\":\"Strangercam\",\"description\":\"Random Video Chat with Strangers\",\"publisher\":{\"@id\":\"https:\\\/\\\/strangercam.com\\\/#organization\"},\"alternateName\":\"Strangercam.com\",\"potentialAction\":[{\"@type\":\"SearchAction\",\"target\":{\"@type\":\"EntryPoint\",\"urlTemplate\":\"https:\\\/\\\/strangercam.com\\\/?s={search_term_string}\"},\"query-input\":{\"@type\":\"PropertyValueSpecification\",\"valueRequired\":true,\"valueName\":\"search_term_string\"}}],\"inLanguage\":\"cs\"},{\"@type\":\"Organization\",\"@id\":\"https:\\\/\\\/strangercam.com\\\/#organization\",\"name\":\"Strangercam\",\"alternateName\":\"Strangercam.com\",\"url\":\"https:\\\/\\\/strangercam.com\\\/\",\"logo\":{\"@type\":\"ImageObject\",\"inLanguage\":\"cs\",\"@id\":\"https:\\\/\\\/strangercam.com\\\/#\\\/schema\\\/logo\\\/image\\\/\",\"url\":\"https:\\\/\\\/strangercam.com\\\/wp-content\\\/uploads\\\/2020\\\/11\\\/cropped-new-favicon-black.png\",\"contentUrl\":\"https:\\\/\\\/strangercam.com\\\/wp-content\\\/uploads\\\/2020\\\/11\\\/cropped-new-favicon-black.png\",\"width\":512,\"height\":512,\"caption\":\"Strangercam\"},\"image\":{\"@id\":\"https:\\\/\\\/strangercam.com\\\/#\\\/schema\\\/logo\\\/image\\\/\"},\"sameAs\":[\"https:\\\/\\\/www.facebook.com\\\/strangercam\",\"https:\\\/\\\/x.com\\\/strangercamapp\"]}]}<\/script>\n<!-- \/ Yoast SEO plugin. -->","yoast_head_json":{"title":"Chatovac\u00ed m\u00edstnosti pro dosp\u011bl\u00e9 - StrangerCam.com: Cam s cizinci","description":"Chatovac\u00ed m\u00edstnosti pro dosp\u011bl\u00e9 anonymn\u011b s v\u00edce ne\u017e 5.000.000 cizinci. Nen\u00ed nutn\u00e1 \u017e\u00e1dn\u00e1 registrace! Cam s ciz\u00edmi lidmi na StrangerCam.com.","robots":{"index":"index","follow":"follow","max-snippet":"max-snippet:-1","max-image-preview":"max-image-preview:large","max-video-preview":"max-video-preview:-1"},"canonical":"https:\/\/strangercam.com\/cs\/chatovaci-mistnosti-pro-dospele\/","og_locale":"cs_CZ","og_type":"article","og_title":"Adult Chat Rooms - StrangerCam.com: Cam With Strangers","og_description":"Adult Chat Rooms anonymously with over 5.000.000 strangers. No Sign-Up Required! Cam with strangers on StrangerCam.com.","og_url":"https:\/\/strangercam.com\/cs\/chatovaci-mistnosti-pro-dospele\/","og_site_name":"Strangercam","article_publisher":"https:\/\/www.facebook.com\/strangercam","article_modified_time":"2023-09-12T13:16:14+00:00","og_image":[{"width":800,"height":532,"url":"https:\/\/strangercam.com\/wp-content\/uploads\/2021\/10\/Untitled-2.png","type":"image\/png"}],"twitter_card":"summary_large_image","twitter_site":"@strangercamapp","twitter_misc":{"Odhadovan\u00e1 doba \u010dten\u00ed":"2 minuty"},"schema":{"@context":"https:\/\/schema.org","@graph":[{"@type":"WebPage","@id":"https:\/\/strangercam.com\/adult-chat-rooms\/","url":"https:\/\/strangercam.com\/adult-chat-rooms\/","name":"Chatovac\u00ed m\u00edstnosti pro dosp\u011bl\u00e9 - StrangerCam.com: Cam s cizinci","isPartOf":{"@id":"https:\/\/strangercam.com\/#website"},"datePublished":"2021-06-14T20:51:33+00:00","dateModified":"2023-09-12T13:16:14+00:00","description":"Chatovac\u00ed m\u00edstnosti pro dosp\u011bl\u00e9 anonymn\u011b s v\u00edce ne\u017e 5.000.000 cizinci. Nen\u00ed nutn\u00e1 \u017e\u00e1dn\u00e1 registrace! Cam s ciz\u00edmi lidmi na StrangerCam.com.","breadcrumb":{"@id":"https:\/\/strangercam.com\/adult-chat-rooms\/#breadcrumb"},"inLanguage":"cs","potentialAction":[{"@type":"ReadAction","target":["https:\/\/strangercam.com\/adult-chat-rooms\/"]}]},{"@type":"BreadcrumbList","@id":"https:\/\/strangercam.com\/adult-chat-rooms\/#breadcrumb","itemListElement":[{"@type":"ListItem","position":1,"name":"Home","item":"https:\/\/strangercam.com\/"},{"@type":"ListItem","position":2,"name":"Adult Chat Rooms"}]},{"@type":"WebSite","@id":"https:\/\/strangercam.com\/#website","url":"https:\/\/strangercam.com\/","name":"Strangercam","description":"N\u00e1hodn\u00fd videochat s ciz\u00edmi lidmi","publisher":{"@id":"https:\/\/strangercam.com\/#organization"},"alternateName":"Strangercam.com","potentialAction":[{"@type":"SearchAction","target":{"@type":"EntryPoint","urlTemplate":"https:\/\/strangercam.com\/?s={search_term_string}"},"query-input":{"@type":"PropertyValueSpecification","valueRequired":true,"valueName":"search_term_string"}}],"inLanguage":"cs"},{"@type":"Organization","@id":"https:\/\/strangercam.com\/#organization","name":"Strangercam","alternateName":"Strangercam.com","url":"https:\/\/strangercam.com\/","logo":{"@type":"ImageObject","inLanguage":"cs","@id":"https:\/\/strangercam.com\/#\/schema\/logo\/image\/","url":"https:\/\/strangercam.com\/wp-content\/uploads\/2020\/11\/cropped-new-favicon-black.png","contentUrl":"https:\/\/strangercam.com\/wp-content\/uploads\/2020\/11\/cropped-new-favicon-black.png","width":512,"height":512,"caption":"Strangercam"},"image":{"@id":"https:\/\/strangercam.com\/#\/schema\/logo\/image\/"},"sameAs":["https:\/\/www.facebook.com\/strangercam","https:\/\/x.com\/strangercamapp"]}]}},"_links":{"self":[{"href":"https:\/\/strangercam.com\/cs\/wp-json\/wp\/v2\/pages\/4952","targetHints":{"allow":["GET"]}}],"collection":[{"href":"https:\/\/strangercam.com\/cs\/wp-json\/wp\/v2\/pages"}],"about":[{"href":"https:\/\/strangercam.com\/cs\/wp-json\/wp\/v2\/types\/page"}],"author":[{"embeddable":true,"href":"https:\/\/strangercam.com\/cs\/wp-json\/wp\/v2\/users\/8"}],"replies":[{"embeddable":true,"href":"https:\/\/strangercam.com\/cs\/wp-json\/wp\/v2\/comments?post=4952"}],"version-history":[{"count":0,"href":"https:\/\/strangercam.com\/cs\/wp-json\/wp\/v2\/pages\/4952\/revisions"}],"wp:attachment":[{"href":"https:\/\/strangercam.com\/cs\/wp-json\/wp\/v2\/media?parent=4952"}],"curies":[{"name":"wp","href":"https:\/\/api.w.org\/{rel}","templated":true}]}}