{"id":4906,"date":"2021-06-14T19:57:32","date_gmt":"2021-06-14T17:57:32","guid":{"rendered":"https:\/\/strangercam.com\/?page_id=4906"},"modified":"2023-09-12T15:21:44","modified_gmt":"2023-09-12T13:21:44","slug":"gay-chat","status":"publish","type":"page","link":"https:\/\/strangercam.com\/cs\/gay-chat\/","title":{"rendered":"Gay chat"},"content":{"rendered":"<p>V\u00edtejte v Gay <a href=\"https:\/\/strangercam.com\/cs\/chatroulette\/\">Chat<\/a>. Join aplikace pro videochat Gay Chat, kter\u00e1 usnad\u0148uje anonymn\u00ed chatov\u00e1n\u00ed s n\u00e1hodn\u00fdmi cizinci. Gay Chat nab\u00edz\u00ed funkce videochatu v\u010detn\u011b masek obli\u010deje, pohlav\u00ed, filtr\u016f zem\u00ed, soukrom\u00e9ho chatu a mnoho dal\u0161\u00edho. Chatujte s n\u00e1hodn\u00fdmi d\u00edvkami a chlapci online, kdekoli na sv\u011bt\u011b, okam\u017eit\u011b.<a href=\"https:\/\/nlcbplaywheresults.com\/\">.<\/a> Najd\u011bte si nov\u00e9ho p\u0159\u00edtele, <a href=\"https:\/\/strangercam.com\/cs\/coomeet\/\">Seznamte se s<\/a> p\u0159\u00ed\u0161t\u00ed rande, p\u0159edv\u00e9st sv\u00e9 neuv\u011b\u0159iteln\u00e9 hudebn\u00ed dovednosti, n\u00e1hodn\u011b si popov\u00eddat o fotbale, uspo\u0159\u00e1dat Gay Chat nebo si v klidu s n\u011bk\u00fdm ciz\u00edm popov\u00eddat o nejnov\u011bj\u0161\u00edm seri\u00e1lu z Netflixu. Gay Chat je zdarma, je snadn\u00fd a bav\u00ed. Nikdy nev\u00edte, kdo na v\u00e1s m\u016f\u017ee \u010dekat na druh\u00e9 stran\u011b webkamery!<\/p>\n<p>Pokud se chcete anonymn\u011b spojit s nov\u00fdmi lidmi,\u00a0<a href=\"https:\/\/strangercam.com\/cs\/chathub\/\">n\u00e1hodn\u00fd videochat<\/a>\u00a0je nejlep\u0161\u00ed a nejjednodu\u0161\u0161\u00ed zp\u016fsob, jak to ud\u011blat, a StrangerCam je chat. <a href=\"https:\/\/strangercam.com\/cs\/bazoocam\/\">cam<\/a> aplikace, kter\u00e1 v\u00e1s tam zavede<a href=\"https:\/\/cashpotresulttoday.com\/\">.<\/a> Na\u0161i aplikaci jsme optimalizovali tak, abyste si mohli vybrat, s k\u00fdm p\u0159esn\u011b chcete j\u00edt - nov\u00fd a inovativn\u00ed zp\u016fsob, jak se spojit s ciz\u00edmi lidmi.<\/p>\n<p>Tak na co \u010dek\u00e1te? Join Gay Chat nyn\u00ed!<\/p>\n<h3>Gay chat je vynikaj\u00edc\u00ed!<\/h3>\n<p>To ne\u0159\u00edk\u00e1me my, ale z\u00e1kazn\u00edci!<\/p>\n<p>Mo\u017en\u00e1 si mysl\u00edte, \u017ee pr\u00e1v\u011b proto je to skv\u011bl\u00e9? M\u00e1me v\u0161echny odpov\u011bdi!<\/p>\n<p>Je skv\u011bl\u00fd d\u00edky sv\u00e9 jednoduchosti. Je skv\u011bl\u00e1 d\u00edky up\u0159\u00edmn\u00fdm emoc\u00edm obou z\u00fa\u010dastn\u011bn\u00fdch. Je skv\u011bl\u00fd, proto\u017ee n\u011bkdo bojuje se spole\u010dnost\u00ed a vystupuje jako gay a stoj\u00ed si za t\u00edm, co chce.<\/p>\n<p>Povzbuzujeme na\u0161e n\u00e1v\u0161t\u011bvn\u00edky, aby si \u0161li pro to, co cht\u011bj\u00ed, a u\u017e\u00edvali si to. Poskytujeme jim z\u00e1zem\u00ed, po kter\u00e9m tou\u017e\u00ed!<\/p>\n<p>Pokud jde o gay chat, m\u016f\u017eete si na StrangerCam vybrat cokoli a cokoli.<\/p>\n<h3>Anonymn\u00ed<\/h3>\n<p>Nikdo t\u011b nezn\u00e1 a ty nezn\u00e1\u0161 nikoho! V tom je to vzru\u0161en\u00ed!<\/p>\n<p>S ciz\u00edmi lidmi m\u016f\u017eete chatovat v naprosto anonymn\u00edm re\u017eimu. Shodujeme se s v\u00e1mi s ciz\u00edmi lidmi po cel\u00e9m sv\u011bt\u011b. M\u016f\u017eete si s nimi pov\u00eddat, zat\u00edmco my se star\u00e1me o va\u0161i identitu a informace.<\/p>\n<p>Udr\u017eet svou identitu v tajnosti, zat\u00edmco chatujete s ciz\u00edmi lidmi, je nezbytn\u00e9 a my jsme v tom nejlep\u0161\u00ed. N\u00e1\u0161 t\u00fdm technik\u016f na tom neust\u00e1le pracuje a chr\u00e1n\u00ed v\u00e1s p\u0159ed v\u0161\u00edm, co obsahuje \u0161kody.<\/p>\n<p>B\u00fdt anonymn\u00ed neznamen\u00e1, \u017ee se nem\u016f\u017eete pod\u011blit o cokoli s ciz\u00edmi lidmi. Anonymn\u00ed re\u017eim jsme zavedli proto, abychom v\u00e1s udr\u017eeli v bezpe\u010d\u00ed, ne proto, abychom v\u00e1s uzav\u0159eli do krabice.<\/p>\n<p>Sv\u00e9 z\u00e1kladn\u00ed informace m\u016f\u017eete sd\u00edlet s ciz\u00edmi lidmi, kte\u0159\u00ed se v\u00e1m l\u00edb\u00ed. Tito ciz\u00ed lid\u00e9 s v\u00e1mi mohou tak\u00e9 sd\u00edlet sv\u00e9 z\u00e1kladn\u00ed informace.<br \/>\nA pokud si budete sympati\u010dt\u00ed a bude se v\u00e1m da\u0159it, m\u016f\u017eete si napl\u00e1novat i rande!<\/p>\n<p>Sd\u00edlen\u00ed informac\u00ed o datu je povinn\u00e9. R\u00e1di bychom v\u0161ak \u0159ekli, \u017ee byste m\u011bli v\u0161e zv\u00e1\u017eit, ne\u017e se rozhodnete setkat se s prot\u011bj\u0161kem osobn\u011b.<\/p>\n<h3>Ochrana osobn\u00edch \u00fadaj\u016f<\/h3>\n<p>M\u00e1me pevn\u00e9 z\u00e1sady ochrany osobn\u00edch \u00fadaj\u016f!<\/p>\n<p>Va\u0161e \u00fadaje s nik\u00fdm nesd\u00edl\u00edme, dokonce ani s jin\u00fdmi ciz\u00edmi lidmi, kte\u0159\u00ed s v\u00e1mi mluv\u00ed. Nech\u00e1v\u00e1me zcela na v\u00e1s, zda o v\u00e1s \u0159eknou dal\u0161\u00edm lidem. Pokud nechcete, nikdo se nedozv\u00ed, kdo jste a odkud jste.<\/p>\n<p>Prodej \u00fadaj\u016f z\u00e1kazn\u00edk\u016f spole\u010dnostem t\u0159et\u00edch stran je b\u011b\u017enou prax\u00ed, ale ne u n\u00e1s. Jsme p\u0159esv\u011bd\u010deni, \u017ee soukrom\u00ed z\u00e1kazn\u00edk\u016f je v online chatu v\u00fdznamn\u00fdm faktorem. Proto va\u0161e \u00fadaje nikomu nesd\u00edl\u00edme ani neprod\u00e1v\u00e1me za \u017e\u00e1dn\u00fdm \u00fa\u010delem, tedy ani za \u00fa\u010delem marketingu a reklamy.<br \/>\nNev\u00e1hejte a nav\u0161tivte StrangerCam. Je bezpe\u010dn\u00e1 a zabezpe\u010den\u00e1. Budete se c\u00edtit jako doma!<\/p>\n<h3>Bezpe\u010dn\u00e9 prost\u0159ed\u00ed<\/h3>\n<p>Pokud se chcete spojit s chlapci a d\u00edvkami po cel\u00e9m sv\u011bt\u011b, neexistuje bezpe\u010dn\u011bj\u0161\u00ed m\u00edsto ne\u017e StrangerCam. Ch\u00e1peme obavy t\u00fdkaj\u00edc\u00ed se online chatu pro dosp\u011bl\u00e9. Proto se n\u00e1\u0161 t\u00fdm neust\u00e1le sna\u017e\u00ed v\u0161e pro v\u00e1s optimalizovat.<\/p>\n<p>Nebojte se mluvit s ciz\u00edmi lidmi, proto\u017ee n\u00e1m kryjete z\u00e1da. Je to platforma pro dosp\u011bl\u00e9, ale to neznamen\u00e1, \u017ee jsme ji nechali otev\u0159enou pro v\u0161echno. Pokud v\u00e1s n\u011bkdo \u0161ikanuje nebo v\u00e1m p\u0159ed\u00e1 n\u011bjak\u00fd takov\u00fd koment\u00e1\u0159, m\u016f\u017eete rovnou zah\u00e1jit st\u00ed\u017enost. Druh\u00e9 stran\u011b bude zablokov\u00e1no dal\u0161\u00ed pou\u017e\u00edv\u00e1n\u00ed slu\u017eby StrangerCam.<\/p>\n<h3>Kontrola<\/h3>\n<p>Je d\u016fle\u017eit\u00e9 m\u00edt kontrolu nad t\u00edm, co d\u011bl\u00e1te online. Zejm\u00e9na pokud jde o videochat pro dosp\u011bl\u00e9, m\u016f\u017ee b\u00fdt n\u011bkdy riskantn\u00ed, proto\u017ee lid\u00e9 mohou zneu\u017e\u00edt informace, kter\u00e9 jste na platform\u011b nebo lidem poskytli.<\/p>\n<p>V tomto p\u0159\u00edpad\u011b se v\u0161ak nemus\u00edte ni\u010deho takov\u00e9ho ob\u00e1vat. Na webov\u00fdch str\u00e1nk\u00e1ch je k dispozici n\u011bkolik funkc\u00ed, kter\u00e9 v\u00e1s p\u0159ed takovou pohromou ochr\u00e1n\u00ed. B\u011bhem videochatu m\u016f\u017eete pou\u017e\u00edt filtr, kter\u00fd skryje va\u0161i tv\u00e1\u0159. T\u00edmto zp\u016fsobem by druh\u00e1 osoba nikdy nepoznala, s k\u00fdm mluv\u00ed. Leda\u017ee byste jim to sami \u0159ekli.<\/p>\n<p>Nen\u00ed skv\u011bl\u00e9 m\u00edt v\u011bci pod kontrolou a vyu\u017e\u00edvat je ve sv\u016fj prosp\u011bch? Vskutku je!<\/p>","protected":false},"excerpt":{"rendered":"<p>Welcome to Gay Chat. Join the Gay Chat\u00a0video chat app, making it easy to chat with random strangers anonymously. Gay Chat offers video chat features including face masks, gender, country filters, private Chat, and much more. Chat with random girls and boys online, anywhere in the world, instantaneously. Find a new friend, meet your next [&hellip;]<\/p>\n","protected":false},"author":8,"featured_media":0,"parent":0,"menu_order":0,"comment_status":"closed","ping_status":"closed","template":"","meta":{"footnotes":""},"class_list":["post-4906","page","type-page","status-publish","hentry"],"yoast_head":"<!-- This site is optimized with the Yoast SEO plugin v27.4 - https:\/\/yoast.com\/product\/yoast-seo-wordpress\/ -->\n<title>Gay Chat - StrangerCam.com: Cam With Strangers<\/title>\n<meta name=\"description\" content=\"Gay Chat anonymously with over 5.000.000 strangers. No Sign-Up Required! Cam with strangers on StrangerCam.com.\" \/>\n<meta name=\"robots\" content=\"index, follow, max-snippet:-1, max-image-preview:large, max-video-preview:-1\" \/>\n<link rel=\"canonical\" href=\"https:\/\/strangercam.com\/cs\/gay-chat\/\" \/>\n<meta property=\"og:locale\" content=\"cs_CZ\" \/>\n<meta property=\"og:type\" content=\"article\" \/>\n<meta property=\"og:title\" content=\"Gay Chat - StrangerCam.com: Cam With Strangers\" \/>\n<meta property=\"og:description\" content=\"Gay Chat anonymously with over 5.000.000 strangers. No Sign-Up Required! Cam with strangers on StrangerCam.com.\" \/>\n<meta property=\"og:url\" content=\"https:\/\/strangercam.com\/cs\/gay-chat\/\" \/>\n<meta property=\"og:site_name\" content=\"Strangercam\" \/>\n<meta property=\"article:publisher\" content=\"https:\/\/www.facebook.com\/strangercam\" \/>\n<meta property=\"article:modified_time\" content=\"2023-09-12T13:21:44+00:00\" \/>\n<meta property=\"og:image\" content=\"https:\/\/strangercam.com\/wp-content\/uploads\/2021\/10\/Untitled-2.png\" \/>\n\t<meta property=\"og:image:width\" content=\"800\" \/>\n\t<meta property=\"og:image:height\" content=\"532\" \/>\n\t<meta property=\"og:image:type\" content=\"image\/png\" \/>\n<meta name=\"twitter:card\" content=\"summary_large_image\" \/>\n<meta name=\"twitter:site\" content=\"@strangercamapp\" \/>\n<meta name=\"twitter:label1\" content=\"Odhadovan\u00e1 doba \u010dten\u00ed\" \/>\n\t<meta name=\"twitter:data1\" content=\"4 minuty\" \/>\n<script type=\"application\/ld+json\" class=\"yoast-schema-graph\">{\"@context\":\"https:\\\/\\\/schema.org\",\"@graph\":[{\"@type\":\"WebPage\",\"@id\":\"https:\\\/\\\/strangercam.com\\\/gay-chat\\\/\",\"url\":\"https:\\\/\\\/strangercam.com\\\/gay-chat\\\/\",\"name\":\"Gay Chat - StrangerCam.com: Cam With Strangers\",\"isPartOf\":{\"@id\":\"https:\\\/\\\/strangercam.com\\\/#website\"},\"datePublished\":\"2021-06-14T17:57:32+00:00\",\"dateModified\":\"2023-09-12T13:21:44+00:00\",\"description\":\"Gay Chat anonymously with over 5.000.000 strangers. No Sign-Up Required! Cam with strangers on StrangerCam.com.\",\"breadcrumb\":{\"@id\":\"https:\\\/\\\/strangercam.com\\\/gay-chat\\\/#breadcrumb\"},\"inLanguage\":\"cs\",\"potentialAction\":[{\"@type\":\"ReadAction\",\"target\":[\"https:\\\/\\\/strangercam.com\\\/gay-chat\\\/\"]}]},{\"@type\":\"BreadcrumbList\",\"@id\":\"https:\\\/\\\/strangercam.com\\\/gay-chat\\\/#breadcrumb\",\"itemListElement\":[{\"@type\":\"ListItem\",\"position\":1,\"name\":\"Home\",\"item\":\"https:\\\/\\\/strangercam.com\\\/\"},{\"@type\":\"ListItem\",\"position\":2,\"name\":\"Gay Chat\"}]},{\"@type\":\"WebSite\",\"@id\":\"https:\\\/\\\/strangercam.com\\\/#website\",\"url\":\"https:\\\/\\\/strangercam.com\\\/\",\"name\":\"Strangercam\",\"description\":\"Random Video Chat with Strangers\",\"publisher\":{\"@id\":\"https:\\\/\\\/strangercam.com\\\/#organization\"},\"alternateName\":\"Strangercam.com\",\"potentialAction\":[{\"@type\":\"SearchAction\",\"target\":{\"@type\":\"EntryPoint\",\"urlTemplate\":\"https:\\\/\\\/strangercam.com\\\/?s={search_term_string}\"},\"query-input\":{\"@type\":\"PropertyValueSpecification\",\"valueRequired\":true,\"valueName\":\"search_term_string\"}}],\"inLanguage\":\"cs\"},{\"@type\":\"Organization\",\"@id\":\"https:\\\/\\\/strangercam.com\\\/#organization\",\"name\":\"Strangercam\",\"alternateName\":\"Strangercam.com\",\"url\":\"https:\\\/\\\/strangercam.com\\\/\",\"logo\":{\"@type\":\"ImageObject\",\"inLanguage\":\"cs\",\"@id\":\"https:\\\/\\\/strangercam.com\\\/#\\\/schema\\\/logo\\\/image\\\/\",\"url\":\"https:\\\/\\\/strangercam.com\\\/wp-content\\\/uploads\\\/2020\\\/11\\\/cropped-new-favicon-black.png\",\"contentUrl\":\"https:\\\/\\\/strangercam.com\\\/wp-content\\\/uploads\\\/2020\\\/11\\\/cropped-new-favicon-black.png\",\"width\":512,\"height\":512,\"caption\":\"Strangercam\"},\"image\":{\"@id\":\"https:\\\/\\\/strangercam.com\\\/#\\\/schema\\\/logo\\\/image\\\/\"},\"sameAs\":[\"https:\\\/\\\/www.facebook.com\\\/strangercam\",\"https:\\\/\\\/x.com\\\/strangercamapp\"]}]}<\/script>\n<!-- \/ Yoast SEO plugin. -->","yoast_head_json":{"title":"Gay Chat - StrangerCam.com: Cam s cizinci","description":"Gay Chat anonymn\u011b s v\u00edce ne\u017e 5.000.000 cizinci. Nen\u00ed nutn\u00e1 \u017e\u00e1dn\u00e1 registrace! Cam s cizinci na StrangerCam.com.","robots":{"index":"index","follow":"follow","max-snippet":"max-snippet:-1","max-image-preview":"max-image-preview:large","max-video-preview":"max-video-preview:-1"},"canonical":"https:\/\/strangercam.com\/cs\/gay-chat\/","og_locale":"cs_CZ","og_type":"article","og_title":"Gay Chat - StrangerCam.com: Cam With Strangers","og_description":"Gay Chat anonymously with over 5.000.000 strangers. No Sign-Up Required! Cam with strangers on StrangerCam.com.","og_url":"https:\/\/strangercam.com\/cs\/gay-chat\/","og_site_name":"Strangercam","article_publisher":"https:\/\/www.facebook.com\/strangercam","article_modified_time":"2023-09-12T13:21:44+00:00","og_image":[{"width":800,"height":532,"url":"https:\/\/strangercam.com\/wp-content\/uploads\/2021\/10\/Untitled-2.png","type":"image\/png"}],"twitter_card":"summary_large_image","twitter_site":"@strangercamapp","twitter_misc":{"Odhadovan\u00e1 doba \u010dten\u00ed":"4 minuty"},"schema":{"@context":"https:\/\/schema.org","@graph":[{"@type":"WebPage","@id":"https:\/\/strangercam.com\/gay-chat\/","url":"https:\/\/strangercam.com\/gay-chat\/","name":"Gay Chat - StrangerCam.com: Cam s cizinci","isPartOf":{"@id":"https:\/\/strangercam.com\/#website"},"datePublished":"2021-06-14T17:57:32+00:00","dateModified":"2023-09-12T13:21:44+00:00","description":"Gay Chat anonymn\u011b s v\u00edce ne\u017e 5.000.000 cizinci. Nen\u00ed nutn\u00e1 \u017e\u00e1dn\u00e1 registrace! Cam s cizinci na StrangerCam.com.","breadcrumb":{"@id":"https:\/\/strangercam.com\/gay-chat\/#breadcrumb"},"inLanguage":"cs","potentialAction":[{"@type":"ReadAction","target":["https:\/\/strangercam.com\/gay-chat\/"]}]},{"@type":"BreadcrumbList","@id":"https:\/\/strangercam.com\/gay-chat\/#breadcrumb","itemListElement":[{"@type":"ListItem","position":1,"name":"Home","item":"https:\/\/strangercam.com\/"},{"@type":"ListItem","position":2,"name":"Gay Chat"}]},{"@type":"WebSite","@id":"https:\/\/strangercam.com\/#website","url":"https:\/\/strangercam.com\/","name":"Strangercam","description":"N\u00e1hodn\u00fd videochat s ciz\u00edmi lidmi","publisher":{"@id":"https:\/\/strangercam.com\/#organization"},"alternateName":"Strangercam.com","potentialAction":[{"@type":"SearchAction","target":{"@type":"EntryPoint","urlTemplate":"https:\/\/strangercam.com\/?s={search_term_string}"},"query-input":{"@type":"PropertyValueSpecification","valueRequired":true,"valueName":"search_term_string"}}],"inLanguage":"cs"},{"@type":"Organization","@id":"https:\/\/strangercam.com\/#organization","name":"Strangercam","alternateName":"Strangercam.com","url":"https:\/\/strangercam.com\/","logo":{"@type":"ImageObject","inLanguage":"cs","@id":"https:\/\/strangercam.com\/#\/schema\/logo\/image\/","url":"https:\/\/strangercam.com\/wp-content\/uploads\/2020\/11\/cropped-new-favicon-black.png","contentUrl":"https:\/\/strangercam.com\/wp-content\/uploads\/2020\/11\/cropped-new-favicon-black.png","width":512,"height":512,"caption":"Strangercam"},"image":{"@id":"https:\/\/strangercam.com\/#\/schema\/logo\/image\/"},"sameAs":["https:\/\/www.facebook.com\/strangercam","https:\/\/x.com\/strangercamapp"]}]}},"_links":{"self":[{"href":"https:\/\/strangercam.com\/cs\/wp-json\/wp\/v2\/pages\/4906","targetHints":{"allow":["GET"]}}],"collection":[{"href":"https:\/\/strangercam.com\/cs\/wp-json\/wp\/v2\/pages"}],"about":[{"href":"https:\/\/strangercam.com\/cs\/wp-json\/wp\/v2\/types\/page"}],"author":[{"embeddable":true,"href":"https:\/\/strangercam.com\/cs\/wp-json\/wp\/v2\/users\/8"}],"replies":[{"embeddable":true,"href":"https:\/\/strangercam.com\/cs\/wp-json\/wp\/v2\/comments?post=4906"}],"version-history":[{"count":0,"href":"https:\/\/strangercam.com\/cs\/wp-json\/wp\/v2\/pages\/4906\/revisions"}],"wp:attachment":[{"href":"https:\/\/strangercam.com\/cs\/wp-json\/wp\/v2\/media?parent=4906"}],"curies":[{"name":"wp","href":"https:\/\/api.w.org\/{rel}","templated":true}]}}