{"id":4887,"date":"2021-06-14T19:18:17","date_gmt":"2021-06-14T17:18:17","guid":{"rendered":"https:\/\/strangercam.com\/?page_id=4887"},"modified":"2023-08-21T12:40:47","modified_gmt":"2023-08-21T10:40:47","slug":"cizi-chat","status":"publish","type":"page","link":"https:\/\/strangercam.com\/cs\/cizi-chat\/","title":{"rendered":"Chat s cizinci"},"content":{"rendered":"<p>V\u00edtejte na str\u00e1nk\u00e1ch Stranger <a href=\"https:\/\/strangercam.com\/cs\/chathub\/\">Chat<\/a>. Join aplikace pro videochat Stranger Chat, kter\u00e1 usnad\u0148uje anonymn\u00ed chatov\u00e1n\u00ed s n\u00e1hodn\u00fdmi cizinci.<a href=\"https:\/\/cashpotresulttoday.com\/\">.<\/a> Ciz\u00ed chat nab\u00edz\u00ed funkce videochatu v\u010detn\u011b masek obli\u010deje, filtr\u016f pohlav\u00ed a zem\u011b, soukrom\u00e9ho chatu a mnoho dal\u0161\u00edho. Chatujte s n\u00e1hodn\u00fdmi d\u00edvkami a chlapci online, kdekoli na sv\u011bt\u011b, okam\u017eit\u011b. Najd\u011bte si nov\u00e9ho p\u0159\u00edtele, <a href=\"https:\/\/strangercam.com\/cs\/coomeet\/\">Seznamte se s<\/a> p\u0159\u00ed\u0161t\u00ed rande, p\u0159edv\u00e9st sv\u00e9 neuv\u011b\u0159iteln\u00e9 hudebn\u00ed schopnosti, n\u00e1hodn\u011b si popov\u00eddat o fotbale, uspo\u0159\u00e1dat ciz\u00ed chat nebo jen tak v klidu probrat s n\u011bk\u00fdm ciz\u00edm nejnov\u011bj\u0161\u00ed seri\u00e1l z Netflixu. Chat s cizinci je zdarma, je snadn\u00fd a z\u00e1bavn\u00fd. Nikdy nev\u00edte, kdo na v\u00e1s m\u016f\u017ee \u010dekat na druh\u00e9 stran\u011b webov\u00e9 kamery!<\/p>\n<p>V\u0161ichni pot\u0159ebujeme n\u011bjakou \u010dinnost, kter\u00e1 n\u00e1s rozvesel\u00ed, a \u017e\u00e1dn\u00e1 \u010dinnost nen\u00ed lep\u0161\u00ed ne\u017e pov\u00edd\u00e1n\u00ed si s ostatn\u00edmi lidmi a sd\u00edlen\u00ed zku\u0161enost\u00ed s nimi.<a href=\"https:\/\/nlcbplaywheresults.com\/\">.<\/a> V minulosti to nebylo snadn\u00e9, ale te\u010f u\u017e ne. StrangerCam v\u00e1m p\u0159inesla skv\u011blou p\u0159\u00edle\u017eitost mluvit s ciz\u00edmi lidmi po cel\u00e9m sv\u011bt\u011b. Join n\u00e1s a bavte se!<\/p>\n<p>Pokud se chcete anonymn\u011b spojit s nov\u00fdmi lidmi, n\u00e1hodn\u00fd videochat je nejlep\u0161\u00ed a nejjednodu\u0161\u0161\u00ed zp\u016fsob, jak to ud\u011blat, a StrangerCam je chat. <a href=\"https:\/\/strangercam.com\/cs\/bazookamera\/\">cam<\/a> aplikace, kter\u00e1 v\u00e1s tam zavede. Na\u0161i aplikaci jsme optimalizovali tak, abyste si mohli vybrat p\u0159esn\u011b toho, s k\u00fdm se chcete kamar\u00e1dit - nov\u00fd a inovativn\u00ed zp\u016fsob, jak se spojit s ciz\u00edmi lidmi.<\/p>\n<p>Tak na co \u010dek\u00e1te? Join Stranger Chat nyn\u00ed!<\/p>\n<h2>Snadn\u00e9 hled\u00e1n\u00ed nov\u00fdch lid\u00ed online na StrangerCam<\/h2>\n<p>Hled\u00e1n\u00ed nov\u00fdch lid\u00ed online nebylo nikdy tak snadn\u00e9!<\/p>\n<p>Hled\u00e1n\u00ed nov\u00fdch lid\u00ed v <a href=\"https:\/\/strangercam.com\/cs\/chatroulette\/\">Chatroulette<\/a> je z\u00e1bava. StrangerCam je online platforma. Umo\u017e\u0148uje u\u017eivatel\u016fm chatovat s ciz\u00edmi lidmi bez registrace. V jej\u00edm st\u0159edu je pouze funkce webov\u00e9 kamery, kter\u00e1 umo\u017e\u0148uje \u010dlov\u011bku rychle zah\u00e1jit chat. Na platform\u011b je k dispozici mnoho mo\u017enost\u00ed chatov\u00e1n\u00ed. Chat m\u016f\u017eete zah\u00e1jit b\u011bhem n\u011bkolika sekund. Sta\u010d\u00ed otev\u0159\u00edt webovou str\u00e1nku, zadat pohlav\u00ed a vybrat zemi dle vlastn\u00edho v\u00fdb\u011bru. Najdeme v\u00e1m potenci\u00e1ln\u00ed prot\u011bj\u0161ky, kter\u00e9 hled\u00e1te.<\/p>\n<p>Umo\u017e\u0148uje tak\u00e9 chatovat a sd\u00edlet d\u016fle\u017eit\u00e9 informace s vybran\u00fdmi lidmi. Slu\u017eby jsou zcela zdarma a umo\u017e\u0148uj\u00ed u\u017eivatel\u016fm naj\u00edt ciz\u00ed lidi se spole\u010dn\u00fdmi z\u00e1jmy. U\u017eivatel\u00e9 tak\u00e9 mohou stisknout tla\u010d\u00edtko p\u0159esko\u010dit, pokud se jim chatov\u00e1n\u00ed s nimi nel\u00edb\u00ed, a p\u0159ej\u00edt k dal\u0161\u00edm. V\u0161e d\u011bl\u00e1me proto, aby na\u0161i z\u00e1kazn\u00edci byli spokojeni ve v\u0161ech mo\u017en\u00fdch ohledech.<\/p>\n<h2>V\u00fdb\u011br<\/h2>\n<p>Poka\u017ed\u00e9, kdy\u017e otev\u0159ete webov\u00e9 str\u00e1nky, zobraz\u00ed se v\u00e1m r\u016fzn\u00e9 mo\u017enosti. Budete m\u00edt mo\u017enost vybrat si pohlav\u00ed podle sv\u00e9ho v\u00fdb\u011bru. StrangerCam pak prost\u0159ednictv\u00edm sv\u00e9 siln\u00e9 s\u00edt\u011b um\u011bl\u00e9 inteligence najde v\u00e1\u0161 prot\u011bj\u0161ek.<br \/>\nMo\u017enost rozhodnout se p\u0159i ka\u017ed\u00e9m pou\u017eit\u00ed platformy je fantastick\u00e1. M\u00e1te pocit, \u017ee m\u00e1te ve\u0161kerou moc, s k\u00fdm chcete mluvit a chatovat pro z\u00e1bavu. Na\u0161im z\u00e1kazn\u00edk\u016fm d\u00e1v\u00e1me v\u011bt\u0161\u00ed pravomoci. Nem\u016f\u017eete s nik\u00fdm mluvit bez jeho souhlasu. Ob\u011b strany si mus\u00ed vybrat. A pokud si n\u011bkoho vyberete zp\u011bt, bude v\u00e1m p\u0159i\u0159azen. Pokud oba lid\u00e9 souhlas\u00ed s t\u00edm, \u017ee spolu budou mluvit, mohou si pov\u00eddat bez omezen\u00ed a obav.<\/p>\n<h2>Kontrola nad informacemi a snadn\u00e9 vyhled\u00e1n\u00ed potenci\u00e1ln\u00edho partnera<\/h2>\n<p>Douf\u00e1me, \u017ee jste ji\u017e pochopili v\u011bt\u0161inu informac\u00ed o t\u00e9to fantastick\u00e9 platform\u011b pro videochat pro dosp\u011bl\u00e9. Ale je tu je\u0161t\u011b n\u011bco d\u016fle\u017eit\u00e9ho, co je t\u0159eba zm\u00ednit!<\/p>\n<p>Va\u0161e \u00fadaje nikomu nesd\u00edl\u00edme. Jsme tu proto, abychom v\u00e1s chr\u00e1nili v ka\u017ed\u00e9m ohledu. Va\u0161e informace jsou u n\u00e1s v bezpe\u010d\u00ed. Va\u0161e informace nesd\u00edl\u00edme v\u016fbec s nik\u00fdm.<\/p>\n<p>Stejn\u011b tak jsme tu my, abychom v\u00e1m to usnadnili. N\u00e1\u0161 inteligentn\u00ed syst\u00e9m v\u00e1m pom\u016f\u017ee naj\u00edt typ \u010dlov\u011bka, kter\u00e9ho hled\u00e1te!<br \/>\nNa v\u00fdb\u011br m\u00e1te spoustu mo\u017enost\u00ed. Sv\u011bt je pro v\u00e1s otev\u0159en\u00fd. Jd\u011bte a chopte se toho, co je va\u0161e!<\/p>","protected":false},"excerpt":{"rendered":"<p>Welcome to Stranger Chat. Join the Stranger Chat video chat app, making it easy to chat with random strangers anonymously. Stranger Chat offers video chat features including face masks, gender and country filters, private chat, and much more. Chat with random girls and boys online, anywhere in the world, instantaneously. Find a new friend, meet [&hellip;]<\/p>\n","protected":false},"author":6,"featured_media":0,"parent":0,"menu_order":0,"comment_status":"closed","ping_status":"closed","template":"","meta":{"footnotes":""},"class_list":["post-4887","page","type-page","status-publish","hentry"],"yoast_head":"<!-- This site is optimized with the Yoast SEO plugin v26.9 - https:\/\/yoast.com\/product\/yoast-seo-wordpress\/ -->\n<title>Stranger Chat - StrangerCam.com: Cam With Strangers<\/title>\n<meta name=\"description\" content=\"Stranger Chat anonymously with over 5.000.000 strangers. No Sign-Up Required! Cam with strangers on StrangerCam.com.\" \/>\n<meta name=\"robots\" content=\"index, follow, max-snippet:-1, max-image-preview:large, max-video-preview:-1\" \/>\n<link rel=\"canonical\" href=\"https:\/\/strangercam.com\/cs\/cizi-chat\/\" \/>\n<meta property=\"og:locale\" content=\"cs_CZ\" \/>\n<meta property=\"og:type\" content=\"article\" \/>\n<meta property=\"og:title\" content=\"Stranger Chat - StrangerCam.com: Cam With Strangers\" \/>\n<meta property=\"og:description\" content=\"Stranger Chat anonymously with over 5.000.000 strangers. No Sign-Up Required! Cam with strangers on StrangerCam.com.\" \/>\n<meta property=\"og:url\" content=\"https:\/\/strangercam.com\/cs\/cizi-chat\/\" \/>\n<meta property=\"og:site_name\" content=\"Strangercam\" \/>\n<meta property=\"article:publisher\" content=\"https:\/\/www.facebook.com\/strangercam\" \/>\n<meta property=\"article:modified_time\" content=\"2023-08-21T10:40:47+00:00\" \/>\n<meta property=\"og:image\" content=\"https:\/\/strangercam.com\/wp-content\/uploads\/2021\/10\/Untitled-2.png\" \/>\n\t<meta property=\"og:image:width\" content=\"800\" \/>\n\t<meta property=\"og:image:height\" content=\"532\" \/>\n\t<meta property=\"og:image:type\" content=\"image\/png\" \/>\n<meta name=\"twitter:card\" content=\"summary_large_image\" \/>\n<meta name=\"twitter:site\" content=\"@strangercamapp\" \/>\n<meta name=\"twitter:label1\" content=\"Odhadovan\u00e1 doba \u010dten\u00ed\" \/>\n\t<meta name=\"twitter:data1\" content=\"3 minuty\" \/>\n<script type=\"application\/ld+json\" class=\"yoast-schema-graph\">{\"@context\":\"https:\/\/schema.org\",\"@graph\":[{\"@type\":\"WebPage\",\"@id\":\"https:\/\/strangercam.com\/stranger-chat\/\",\"url\":\"https:\/\/strangercam.com\/stranger-chat\/\",\"name\":\"Stranger Chat - StrangerCam.com: Cam With Strangers\",\"isPartOf\":{\"@id\":\"https:\/\/strangercam.com\/#website\"},\"datePublished\":\"2021-06-14T17:18:17+00:00\",\"dateModified\":\"2023-08-21T10:40:47+00:00\",\"description\":\"Stranger Chat anonymously with over 5.000.000 strangers. No Sign-Up Required! Cam with strangers on StrangerCam.com.\",\"breadcrumb\":{\"@id\":\"https:\/\/strangercam.com\/stranger-chat\/#breadcrumb\"},\"inLanguage\":\"cs\",\"potentialAction\":[{\"@type\":\"ReadAction\",\"target\":[\"https:\/\/strangercam.com\/stranger-chat\/\"]}]},{\"@type\":\"BreadcrumbList\",\"@id\":\"https:\/\/strangercam.com\/stranger-chat\/#breadcrumb\",\"itemListElement\":[{\"@type\":\"ListItem\",\"position\":1,\"name\":\"Home\",\"item\":\"https:\/\/strangercam.com\/\"},{\"@type\":\"ListItem\",\"position\":2,\"name\":\"Stranger Chat\"}]},{\"@type\":\"WebSite\",\"@id\":\"https:\/\/strangercam.com\/#website\",\"url\":\"https:\/\/strangercam.com\/\",\"name\":\"Strangercam\",\"description\":\"Random Video Chat with Strangers\",\"publisher\":{\"@id\":\"https:\/\/strangercam.com\/#organization\"},\"alternateName\":\"Strangercam.com\",\"potentialAction\":[{\"@type\":\"SearchAction\",\"target\":{\"@type\":\"EntryPoint\",\"urlTemplate\":\"https:\/\/strangercam.com\/?s={search_term_string}\"},\"query-input\":{\"@type\":\"PropertyValueSpecification\",\"valueRequired\":true,\"valueName\":\"search_term_string\"}}],\"inLanguage\":\"cs\"},{\"@type\":\"Organization\",\"@id\":\"https:\/\/strangercam.com\/#organization\",\"name\":\"Strangercam\",\"alternateName\":\"Strangercam.com\",\"url\":\"https:\/\/strangercam.com\/\",\"logo\":{\"@type\":\"ImageObject\",\"inLanguage\":\"cs\",\"@id\":\"https:\/\/strangercam.com\/#\/schema\/logo\/image\/\",\"url\":\"https:\/\/strangercam.com\/wp-content\/uploads\/2020\/11\/cropped-new-favicon-black.png\",\"contentUrl\":\"https:\/\/strangercam.com\/wp-content\/uploads\/2020\/11\/cropped-new-favicon-black.png\",\"width\":512,\"height\":512,\"caption\":\"Strangercam\"},\"image\":{\"@id\":\"https:\/\/strangercam.com\/#\/schema\/logo\/image\/\"},\"sameAs\":[\"https:\/\/www.facebook.com\/strangercam\",\"https:\/\/x.com\/strangercamapp\"]}]}<\/script>\n<!-- \/ Yoast SEO plugin. -->","yoast_head_json":{"title":"Chat s cizinci - StrangerCam.com: Cam s cizinci - CamCamer - CamCamer","description":"Cizinec Chatujte anonymn\u011b s v\u00edce ne\u017e 5.000.000 cizinci. Nen\u00ed nutn\u00e1 registrace! Camujte s cizinci na StrangerCam.com.","robots":{"index":"index","follow":"follow","max-snippet":"max-snippet:-1","max-image-preview":"max-image-preview:large","max-video-preview":"max-video-preview:-1"},"canonical":"https:\/\/strangercam.com\/cs\/cizi-chat\/","og_locale":"cs_CZ","og_type":"article","og_title":"Stranger Chat - StrangerCam.com: Cam With Strangers","og_description":"Stranger Chat anonymously with over 5.000.000 strangers. No Sign-Up Required! Cam with strangers on StrangerCam.com.","og_url":"https:\/\/strangercam.com\/cs\/cizi-chat\/","og_site_name":"Strangercam","article_publisher":"https:\/\/www.facebook.com\/strangercam","article_modified_time":"2023-08-21T10:40:47+00:00","og_image":[{"width":800,"height":532,"url":"https:\/\/strangercam.com\/wp-content\/uploads\/2021\/10\/Untitled-2.png","type":"image\/png"}],"twitter_card":"summary_large_image","twitter_site":"@strangercamapp","twitter_misc":{"Odhadovan\u00e1 doba \u010dten\u00ed":"3 minuty"},"schema":{"@context":"https:\/\/schema.org","@graph":[{"@type":"WebPage","@id":"https:\/\/strangercam.com\/stranger-chat\/","url":"https:\/\/strangercam.com\/stranger-chat\/","name":"Chat s cizinci - StrangerCam.com: Cam s cizinci - CamCamer - CamCamer","isPartOf":{"@id":"https:\/\/strangercam.com\/#website"},"datePublished":"2021-06-14T17:18:17+00:00","dateModified":"2023-08-21T10:40:47+00:00","description":"Cizinec Chatujte anonymn\u011b s v\u00edce ne\u017e 5.000.000 cizinci. Nen\u00ed nutn\u00e1 registrace! Camujte s cizinci na StrangerCam.com.","breadcrumb":{"@id":"https:\/\/strangercam.com\/stranger-chat\/#breadcrumb"},"inLanguage":"cs","potentialAction":[{"@type":"ReadAction","target":["https:\/\/strangercam.com\/stranger-chat\/"]}]},{"@type":"BreadcrumbList","@id":"https:\/\/strangercam.com\/stranger-chat\/#breadcrumb","itemListElement":[{"@type":"ListItem","position":1,"name":"Home","item":"https:\/\/strangercam.com\/"},{"@type":"ListItem","position":2,"name":"Stranger Chat"}]},{"@type":"WebSite","@id":"https:\/\/strangercam.com\/#website","url":"https:\/\/strangercam.com\/","name":"Strangercam","description":"N\u00e1hodn\u00fd videochat s ciz\u00edmi lidmi","publisher":{"@id":"https:\/\/strangercam.com\/#organization"},"alternateName":"Strangercam.com","potentialAction":[{"@type":"SearchAction","target":{"@type":"EntryPoint","urlTemplate":"https:\/\/strangercam.com\/?s={search_term_string}"},"query-input":{"@type":"PropertyValueSpecification","valueRequired":true,"valueName":"search_term_string"}}],"inLanguage":"cs"},{"@type":"Organization","@id":"https:\/\/strangercam.com\/#organization","name":"Strangercam","alternateName":"Strangercam.com","url":"https:\/\/strangercam.com\/","logo":{"@type":"ImageObject","inLanguage":"cs","@id":"https:\/\/strangercam.com\/#\/schema\/logo\/image\/","url":"https:\/\/strangercam.com\/wp-content\/uploads\/2020\/11\/cropped-new-favicon-black.png","contentUrl":"https:\/\/strangercam.com\/wp-content\/uploads\/2020\/11\/cropped-new-favicon-black.png","width":512,"height":512,"caption":"Strangercam"},"image":{"@id":"https:\/\/strangercam.com\/#\/schema\/logo\/image\/"},"sameAs":["https:\/\/www.facebook.com\/strangercam","https:\/\/x.com\/strangercamapp"]}]}},"_links":{"self":[{"href":"https:\/\/strangercam.com\/cs\/wp-json\/wp\/v2\/pages\/4887","targetHints":{"allow":["GET"]}}],"collection":[{"href":"https:\/\/strangercam.com\/cs\/wp-json\/wp\/v2\/pages"}],"about":[{"href":"https:\/\/strangercam.com\/cs\/wp-json\/wp\/v2\/types\/page"}],"author":[{"embeddable":true,"href":"https:\/\/strangercam.com\/cs\/wp-json\/wp\/v2\/users\/6"}],"replies":[{"embeddable":true,"href":"https:\/\/strangercam.com\/cs\/wp-json\/wp\/v2\/comments?post=4887"}],"version-history":[{"count":0,"href":"https:\/\/strangercam.com\/cs\/wp-json\/wp\/v2\/pages\/4887\/revisions"}],"wp:attachment":[{"href":"https:\/\/strangercam.com\/cs\/wp-json\/wp\/v2\/media?parent=4887"}],"curies":[{"name":"wp","href":"https:\/\/api.w.org\/{rel}","templated":true}]}}