{"id":4869,"date":"2025-09-23T11:15:28","date_gmt":"2025-09-23T09:15:28","guid":{"rendered":"https:\/\/strangercam.com\/?page_id=4869"},"modified":"2025-09-23T12:42:03","modified_gmt":"2025-09-23T10:42:03","slug":"kde-mohu-chatovat-s-nahodnymi-divkami","status":"publish","type":"page","link":"https:\/\/strangercam.com\/cs\/where-can-i-chat-with-random-girls\/","title":{"rendered":"Kde mohu chatovat s n\u00e1hodn\u00fdmi d\u00edvkami"},"content":{"rendered":"<p>Pokud se pt\u00e1te sami sebe: \"Kde mohu chatovat s n\u00e1hodn\u00fdmi d\u00edvkami?\", nejste sami. Ka\u017ed\u00fd m\u011bs\u00edc miliony lid\u00ed hledaj\u00ed zp\u016fsoby, jak se okam\u017eit\u011b spojit s d\u00edvkami online - a\u0165 u\u017e kv\u016fli z\u00e1bav\u011b, nez\u00e1vazn\u00e9mu flirtov\u00e1n\u00ed nebo navazov\u00e1n\u00ed nov\u00fdch p\u0159\u00e1telstv\u00ed po cel\u00e9m sv\u011bt\u011b. Dobr\u00e1 zpr\u00e1va? Naj\u00edt bezpe\u010dn\u00e9, bezplatn\u00e9 a skute\u010dn\u00e9 platformy, kde m\u016f\u017eete chatovat s n\u00e1hodn\u00fdmi d\u00edvkami bez dlouh\u00fdch registrac\u00ed nebo skryt\u00fdch poplatk\u016f, je snaz\u0161\u00ed ne\u017e kdy d\u0159\u00edv.<\/p>\n<p>S platformami, jako je StrangerCam, m\u016f\u017eete za\u010d\u00edt chatovat s d\u00edvkami b\u011bhem n\u011bkolika sekund. \u017d\u00e1dn\u00e9 stahov\u00e1n\u00ed, \u017e\u00e1dn\u00e9 profily, \u017e\u00e1dn\u00e9 kreditn\u00ed karty - jen skute\u010dn\u00e9 konverzace s \u017eenami po cel\u00e9m sv\u011bt\u011b, kter\u00e9 se tak\u00e9 cht\u011bj\u00ed spojit.<\/p>\n<p>V tomto pr\u016fvodci se dozv\u00edte v\u0161e, co pot\u0159ebujete v\u011bd\u011bt: kde m\u016f\u017eete chatovat s n\u00e1hodn\u00fdmi d\u00edvkami, jak\u00e9 funkce jsou nejd\u016fle\u017eit\u011bj\u0161\u00ed, srovn\u00e1n\u00ed nejlep\u0161\u00edch platforem, skute\u010dn\u00e9 reference, bezpe\u010dnostn\u00ed tipy a pro\u010d je dnes StrangerCam jednou z nejlep\u0161\u00edch mo\u017enost\u00ed.<\/p>\n<h2>Pro\u010d lid\u00e9 cht\u011bj\u00ed chatovat s n\u00e1hodn\u00fdmi d\u00edvkami<\/h2>\n<p>Vyhled\u00e1v\u00e1n\u00ed n\u00e1hodn\u00e9ho d\u00edv\u010d\u00edho chatu se masivn\u011b roz\u0161\u00ed\u0159ilo a zde je d\u016fvod:<\/p>\n<ul>\n<li>\u00daleva od osam\u011blosti a nudy: Mluven\u00ed s d\u00edvkami online pom\u00e1h\u00e1 naru\u0161it rutinu.<\/li>\n<li>Neform\u00e1ln\u00ed flirtov\u00e1n\u00ed: Mnoho u\u017eivatel\u016f si u\u017e\u00edv\u00e1 nez\u00e1vazn\u00e9 chaty bez n\u00e1tlaku.<\/li>\n<li>Z\u00edsk\u00e1v\u00e1n\u00ed p\u0159\u00e1tel: Je to z\u00e1bavn\u00fd zp\u016fsob, jak se sezn\u00e1mit s lidmi mimo sv\u016fj okruh.<\/li>\n<li>Glob\u00e1ln\u00ed zku\u0161enosti: M\u016f\u017eete se sezn\u00e1mit se \u017eenami ze zem\u00ed, kter\u00e9 jste nikdy nenav\u0161t\u00edvili.<\/li>\n<li>Skute\u010dn\u00e1 spojen\u00ed: \u017div\u00e9 video dokazuje, \u017ee mluv\u00edte se skute\u010dn\u00fdm \u010dlov\u011bkem, ne s botem.<\/li>\n<\/ul>\n<h2>Kde m\u016f\u017eete chatovat s n\u00e1hodn\u00fdmi d\u00edvkami online?<\/h2>\n<p>Existuje mnoho platforem, kter\u00e9 v\u00e1m umo\u017en\u00ed chatovat s n\u00e1hodn\u00fdmi d\u00edvkami - n\u011bkter\u00e9 jsou zdarma, jin\u00e9 placen\u00e9. Zde jsou hlavn\u00ed typy:<\/p>\n<h3>1. N\u00e1hodn\u00e9 str\u00e1nky videochatu<\/h3>\n<p>Webov\u00e9 str\u00e1nky, kde zapnete webovou kameru a okam\u017eit\u011b se spoj\u00edte s d\u00edvkou. P\u0159\u00edklady: StrangerCam, <a href=\"https:\/\/strangercam.com\/cs\/chatroulette\/\">Chatroulette<\/a>, Shagle.<\/p>\n<h3>2. Chatovac\u00ed aplikace s genderov\u00fdmi filtry<\/h3>\n<p>Mobiln\u00ed aplikace jako nap\u0159. <a href=\"https:\/\/strangercam.com\/cs\/ometv\/\">OmeTV<\/a> nebo Chatrandom umo\u017e\u0148uj\u00ed n\u00e1hodn\u00e9 chaty, ale \u010dasto si \u00fa\u010dtuj\u00ed poplatky za \u017eensk\u00e9 filtry.<\/p>\n<h3>3. Placen\u00e9 videoplatformy zam\u011b\u0159en\u00e9 na rand\u011bn\u00ed<\/h3>\n<p>Str\u00e1nky jako <a href=\"https:\/\/strangercam.com\/cs\/coomeet\/\">CooMeet<\/a> nebo LuckyCrush se specializuj\u00ed na setk\u00e1v\u00e1n\u00ed mu\u017e\u016f se \u017eenami, ale vy\u017eaduj\u00ed platbu po kr\u00e1tk\u00fdch zkou\u0161k\u00e1ch.<\/p>\n<h3>4. Bezplatn\u00e9 platformy bez registrace<\/h3>\n<p>StrangerCam pat\u0159\u00ed mezi jedin\u00e9 platformy, kter\u00e9 v\u00e1m umo\u017en\u00ed chatovat s n\u00e1hodn\u00fdmi d\u00edvkami zdarma bez registrace.<\/p>\n<h2>Na jak\u00fdch funkc\u00edch z\u00e1le\u017e\u00ed nejv\u00edce<\/h2>\n<p>P\u0159i rozhodov\u00e1n\u00ed, kde chatovat s n\u00e1hodn\u00fdmi d\u00edvkami, byste se m\u011bli zam\u011b\u0159it na n\u00e1sleduj\u00edc\u00ed informace:<\/p>\n<ul>\n<li>Voln\u00fd filtr pohlav\u00ed - v opa\u010dn\u00e9m p\u0159\u00edpad\u011b m\u016f\u017eete b\u00fdt sp\u00e1rov\u00e1ni s n\u00e1hodn\u00fdmi mu\u017ei.<\/li>\n<li>Nen\u00ed nutn\u00e1 registrace - nejlep\u0161\u00ed platformy v\u00e1m umo\u017en\u00ed p\u0159ipojit se okam\u017eit\u011b.<\/li>\n<li>Mo\u017enosti videochatu - Vid\u011bt n\u011bkoho na <a href=\"https:\/\/strangercam.com\/cs\/bazoocam\/\">cam<\/a> zaru\u010duje, \u017ee jsou skute\u010dn\u00e9.<\/li>\n<li>Moderov\u00e1n\u00ed a nahla\u0161ov\u00e1n\u00ed - zaji\u0161\u0165uje bezpe\u010dnost a respekt k u\u017eivatel\u016fm.<\/li>\n<li>Mobiln\u00ed a stoln\u00ed aplikace - funguje, a\u0165 jste kdekoli.<\/li>\n<li>Glob\u00e1ln\u00ed dosah - velk\u00e1 z\u00e1kladna u\u017eivatelek zaji\u0161\u0165uje rozmanitost.<\/li>\n<\/ul>\n<h2>Nejlep\u0161\u00ed platformy pro chatov\u00e1n\u00ed s n\u00e1hodn\u00fdmi d\u00edvkami v roce 2025<\/h2>\n<p>Zde je srovn\u00e1n\u00ed popul\u00e1rn\u00edch platforem, kde m\u016f\u017eete chatovat s n\u00e1hodn\u00fdmi d\u00edvkami:<\/p>\n<table>\n<thead>\n<tr>\n<th>Platforma<\/th>\n<th align=\"center\">Voln\u00fd p\u0159\u00edstup<\/th>\n<th align=\"center\">Filtr podle pohlav\u00ed<\/th>\n<th align=\"center\">Pot\u0159ebn\u00e1 registrace<\/th>\n<th align=\"center\">Mobiln\u00ed podpora<\/th>\n<th align=\"center\">Moderov\u00e1n\u00ed<\/th>\n<th>Pozn\u00e1mky<\/th>\n<\/tr>\n<\/thead>\n<tbody>\n<tr>\n<td>StrangerCam<\/td>\n<td align=\"center\">\u2705<\/td>\n<td align=\"center\">\u2705 (zdarma)<\/td>\n<td align=\"center\">\u274c<\/td>\n<td align=\"center\">\u2705<\/td>\n<td align=\"center\">\u2705<\/td>\n<td>Nejlep\u0161\u00ed volba, skute\u010dn\u00fd a bezplatn\u00fd d\u00edv\u010d\u00ed filtr<\/td>\n<\/tr>\n<tr>\n<td>Chatroulette<\/td>\n<td align=\"center\">\u2705<\/td>\n<td align=\"center\">\u274c (Placen\u00e9)<\/td>\n<td align=\"center\">\u274c<\/td>\n<td align=\"center\">\u2705<\/td>\n<td align=\"center\">\u2705<\/td>\n<td>Klasick\u00e9, ale bez bezplatn\u00fdch filtr\u016f<\/td>\n<\/tr>\n<tr>\n<td>Chatrandom<\/td>\n<td align=\"center\">\u2705<\/td>\n<td align=\"center\">\u274c (Placen\u00e9)<\/td>\n<td align=\"center\">\u274c<\/td>\n<td align=\"center\">\u2705<\/td>\n<td align=\"center\">\u2705<\/td>\n<td>Obl\u00edben\u00e9, ale tla\u010d\u00ed na pr\u00e9miov\u00e9 upgrady<\/td>\n<\/tr>\n<tr>\n<td>Shagle<\/td>\n<td align=\"center\">\u2705<\/td>\n<td align=\"center\">\u274c (Placen\u00e9)<\/td>\n<td align=\"center\">\u274c<\/td>\n<td align=\"center\">\u2705<\/td>\n<td align=\"center\">\u2705<\/td>\n<td>Za\u010d\u00e1tek je zdarma, ale po\u010det filtr\u016f je omezen<\/td>\n<\/tr>\n<tr>\n<td>CooMeet<\/td>\n<td align=\"center\">\u274c (zku\u0161ebn\u00ed verze)<\/td>\n<td align=\"center\">\u2705<\/td>\n<td align=\"center\">\u2705<\/td>\n<td align=\"center\">\u2705<\/td>\n<td align=\"center\">\u2705<\/td>\n<td>Placen\u00e9, zam\u011b\u0159en\u00e9 na setk\u00e1v\u00e1n\u00ed mu\u017e\u016f se \u017eenami<\/td>\n<\/tr>\n<tr>\n<td>LuckyCrush<\/td>\n<td align=\"center\">\u274c<\/td>\n<td align=\"center\">\u2705<\/td>\n<td align=\"center\">\u2705<\/td>\n<td align=\"center\">\u2705<\/td>\n<td align=\"center\">\u2705<\/td>\n<td>V\u017edy placen\u00e9 chaty podle pohlav\u00ed<\/td>\n<\/tr>\n<\/tbody>\n<\/table>\n<p>StrangerCam je jednou z m\u00e1la platforem, kter\u00e9 nab\u00edzej\u00ed funk\u010dn\u00ed bezplatn\u00fd genderov\u00fd filtr, tak\u017ee m\u016f\u017eete okam\u017eit\u011b chatovat s n\u00e1hodn\u00fdmi d\u00edvkami - bez registrace nebo placen\u00ed.<\/p>\n<h2>Pro\u010d je StrangerCam nejlep\u0161\u00ed volbou<\/h2>\n<p>Zde je d\u016fvod, pro\u010d je StrangerCam jednou z nejlep\u0161\u00edch odpov\u011bd\u00ed na ot\u00e1zku \"Kde mohu chatovat s n\u00e1hodn\u00fdmi d\u00edvkami?\":<\/p>\n<h3>1. Je to 100% Zdarma<\/h3>\n<p>\u017d\u00e1dn\u00e9 zkou\u0161ky, \u017e\u00e1dn\u00e9 kredity - jen neomezen\u00e9 chaty.<\/p>\n<h3>2. Voln\u00fd filtr pohlav\u00ed<\/h3>\n<p>Na rozd\u00edl od v\u011bt\u0161iny web\u016f nemus\u00edte za spojen\u00ed s d\u00edvkami platit nav\u00edc.<\/p>\n<h3>3. Nen\u00ed nutn\u00e1 registrace<\/h3>\n<p>Z\u016fsta\u0148te v anonymit\u011b a okam\u017eit\u011b se p\u0159ipojte.<\/p>\n<h3>4. Bezpe\u010dn\u00e9 a moderovan\u00e9<\/h3>\n<p>Lep\u0161\u00ed bezpe\u010dnost ne\u017e <a href=\"https:\/\/strangercam.com\/cs\/omegle\/\">Omegle<\/a> kdy m\u011bl.<\/p>\n<h3>5. P\u0159ipraveno pro mobiln\u00ed za\u0159\u00edzen\u00ed + stoln\u00ed po\u010d\u00edta\u010de<\/h3>\n<p>Funguje bez probl\u00e9m\u016f na jak\u00e9mkoli za\u0159\u00edzen\u00ed.<\/p>\n<h3>6. R\u016fznorod\u00e1 \u017eensk\u00e1 u\u017eivatelsk\u00e1 z\u00e1kladna<\/h3>\n<p>Seznamte se s d\u00edvkami z v\u00edce ne\u017e 100 zem\u00ed.<\/p>\n<h2>Zku\u0161enosti skute\u010dn\u00fdch u\u017eivatel\u016f<\/h2>\n<blockquote><p><em>\"Hledal jsem m\u00edsto, kde bych mohl chatovat s n\u00e1hodn\u00fdmi d\u00edvkami bez placen\u00ed. StrangerCam byla jedin\u00e1 str\u00e1nka, kter\u00e1 to skute\u010dn\u011b spl\u0148ovala.\"<\/em><br \/>\n- Daniel, 29 let<\/p><\/blockquote>\n<blockquote><p><em>\"Genderov\u00fd filtr je zdarma a funguje perfektn\u011b. B\u011bhem jednoho ve\u010dera jsem se sezn\u00e1mil s d\u00edvkami ze t\u0159\u00ed zem\u00ed.\"<\/em><br \/>\n- Sophia, 22 let<\/p><\/blockquote>\n<blockquote><p><em>\"V\u011bt\u0161ina aplikac\u00ed v\u00e1s nut\u00ed k upgradu, ale StrangerCam je skute\u010dn\u011b zdarma.\"<\/em><br \/>\n- Ryan, 31 let<\/p><\/blockquote>\n<blockquote><p><em>\"Je to bezpe\u010dn\u00e9 a jednoduch\u00e9. L\u00edb\u00ed se mi, \u017ee mohu kdykoli p\u0159esko\u010dit.\"<\/em><br \/>\n- Emma, 20 let<\/p><\/blockquote>\n<h2>Bezpe\u010dnostn\u00ed tipy pro chatov\u00e1n\u00ed s n\u00e1hodn\u00fdmi d\u00edvkami<\/h2>\n<p>P\u0159i pou\u017e\u00edv\u00e1n\u00ed platforem pro online chat s d\u00edvkami v\u017edy dodr\u017eujte tato bezpe\u010dnostn\u00ed pravidla:<\/p>\n<ul>\n<li>Nikdy nesd\u00edlejte osobn\u00ed \u00fadaje (nap\u0159\u00edklad telefonn\u00ed \u010d\u00edslo nebo adresu).<\/li>\n<li>P\u0159esko\u010dte nebo zablokujte ka\u017ed\u00e9ho, kdo je v\u00e1m nep\u0159\u00edjemn\u00fd.<\/li>\n<li>Neklikejte na odkazy sd\u00edlen\u00e9 ciz\u00edmi lidmi.<\/li>\n<li>P\u0159ed zapnut\u00edm webov\u00e9 kamery zkontrolujte pozad\u00ed.<\/li>\n<li>Pou\u017e\u00edvejte p\u0159ezd\u00edvky, nikoli sv\u00e9 skute\u010dn\u00e9 jm\u00e9no.<\/li>\n<li>Respektujte v\u011bkov\u00e1 pravidla platformy - pokud je v\u00e1m m\u00e9n\u011b ne\u017e 18 let, vyhn\u011bte se chat\u016fm pro dosp\u011bl\u00e9.<\/li>\n<\/ul>\n<h2>Jak za\u010d\u00edt - krok za krokem<\/h2>\n<p>Za\u010d\u00edt chatovat s n\u00e1hodn\u00fdmi d\u00edvkami trv\u00e1 jen minutu:<\/p>\n<ol>\n<li>Otev\u0159ete StrangerCam ve sv\u00e9m prohl\u00ed\u017ee\u010di nebo za\u0159\u00edzen\u00ed.<\/li>\n<li>Povolen\u00ed p\u0159\u00edstupu ke kame\u0159e a mikrofonu.<\/li>\n<li>Vyberte filtr pohlav\u00ed (d\u00edvky).<\/li>\n<li>Kliknut\u00edm na tla\u010d\u00edtko Spustit chat se okam\u017eit\u011b p\u0159ipoj\u00edte.<\/li>\n<li>Chcete-li se sezn\u00e1mit s n\u011bk\u00fdm nov\u00fdm, stiskn\u011bte kdykoli tla\u010d\u00edtko Dal\u0161\u00ed.<\/li>\n<\/ol>\n<p>Rychl\u00e9, bezplatn\u00e9 a z\u00e1bavn\u00e9.<\/p>\n<p>Pokud v\u00e1s zaj\u00edm\u00e1: \"Kde mohu chatovat s n\u00e1hodn\u00fdmi d\u00edvkami?\", odpov\u011b\u010f je jednoduch\u00e1: v roce 2025 to umo\u017e\u0148uj\u00ed platformy jako StrangerCam, a to okam\u017eit\u011b a zdarma. Na rozd\u00edl od jin\u00fdch slu\u017eeb, kter\u00e9 blokuj\u00ed genderov\u00e9 filtry za placen\u00fdmi zdmi nebo nut\u00ed k registraci, v\u00e1m StrangerCam umo\u017en\u00ed spojit se se skute\u010dn\u00fdmi d\u00edvkami z cel\u00e9ho sv\u011bta b\u011bhem n\u011bkolika sekund.<\/p>\n<p>Jste p\u0159ipraveni za\u010d\u00edt? Vyzkou\u0161ejte bezplatn\u00fd n\u00e1hodn\u00fd chat s d\u00edvkami je\u0161t\u011b dnes a uvid\u00edte, koho potk\u00e1te p\u0159\u00ed\u0161t\u011b.<\/p>","protected":false},"excerpt":{"rendered":"<p>If you\u2019re asking yourself, \u201cWhere can I chat with random girls?\u201d, you\u2019re not alone. Every month, millions of people search for ways to instantly connect with girls online\u2014whether for fun, casual flirting, or making new friends across the globe. The good news? It&#8217;s easier than ever to find safe, free, and real platforms where you [&hellip;]<\/p>\n","protected":false},"author":8,"featured_media":0,"parent":0,"menu_order":0,"comment_status":"closed","ping_status":"closed","template":"","meta":{"footnotes":""},"class_list":["post-4869","page","type-page","status-publish","hentry"],"yoast_head":"<!-- This site is optimized with the Yoast SEO plugin v27.4 - https:\/\/yoast.com\/product\/yoast-seo-wordpress\/ -->\n<title>Where Can I Chat With Random Girls on Strangercam.com<\/title>\n<meta name=\"description\" content=\"Liking Where Can I Chat With Random Girls? Join millions on StrangerCam.com! Start a random video chat, turn on your cam, and meet strangers instantly.\" \/>\n<meta name=\"robots\" content=\"index, follow, max-snippet:-1, max-image-preview:large, max-video-preview:-1\" \/>\n<link rel=\"canonical\" href=\"https:\/\/strangercam.com\/cs\/kde-mohu-chatovat-s-nahodnymi-divkami\/\" \/>\n<meta property=\"og:locale\" content=\"cs_CZ\" \/>\n<meta property=\"og:type\" content=\"article\" \/>\n<meta property=\"og:title\" content=\"Where Can I Chat With Random Girls on Strangercam.com\" \/>\n<meta property=\"og:description\" content=\"Liking Where Can I Chat With Random Girls? Join millions on StrangerCam.com! Start a random video chat, turn on your cam, and meet strangers instantly.\" \/>\n<meta property=\"og:url\" content=\"https:\/\/strangercam.com\/cs\/kde-mohu-chatovat-s-nahodnymi-divkami\/\" \/>\n<meta property=\"og:site_name\" content=\"Strangercam\" \/>\n<meta property=\"article:publisher\" content=\"https:\/\/www.facebook.com\/strangercam\" \/>\n<meta property=\"article:modified_time\" content=\"2025-09-23T10:42:03+00:00\" \/>\n<meta property=\"og:image\" content=\"https:\/\/strangercam.com\/wp-content\/uploads\/2021\/10\/Untitled-2.png\" \/>\n\t<meta property=\"og:image:width\" content=\"800\" \/>\n\t<meta property=\"og:image:height\" content=\"532\" \/>\n\t<meta property=\"og:image:type\" content=\"image\/png\" \/>\n<meta name=\"twitter:card\" content=\"summary_large_image\" \/>\n<meta name=\"twitter:site\" content=\"@strangercamapp\" \/>\n<meta name=\"twitter:label1\" content=\"Odhadovan\u00e1 doba \u010dten\u00ed\" \/>\n\t<meta name=\"twitter:data1\" content=\"4 minuty\" \/>\n<script type=\"application\/ld+json\" class=\"yoast-schema-graph\">{\"@context\":\"https:\\\/\\\/schema.org\",\"@graph\":[{\"@type\":\"WebPage\",\"@id\":\"https:\\\/\\\/strangercam.com\\\/where-can-i-chat-with-random-girls\\\/\",\"url\":\"https:\\\/\\\/strangercam.com\\\/where-can-i-chat-with-random-girls\\\/\",\"name\":\"Where Can I Chat With Random Girls on Strangercam.com\",\"isPartOf\":{\"@id\":\"https:\\\/\\\/strangercam.com\\\/#website\"},\"datePublished\":\"2025-09-23T09:15:28+00:00\",\"dateModified\":\"2025-09-23T10:42:03+00:00\",\"description\":\"Liking Where Can I Chat With Random Girls? Join millions on StrangerCam.com! Start a random video chat, turn on your cam, and meet strangers instantly.\",\"breadcrumb\":{\"@id\":\"https:\\\/\\\/strangercam.com\\\/where-can-i-chat-with-random-girls\\\/#breadcrumb\"},\"inLanguage\":\"cs\",\"potentialAction\":[{\"@type\":\"ReadAction\",\"target\":[\"https:\\\/\\\/strangercam.com\\\/where-can-i-chat-with-random-girls\\\/\"]}]},{\"@type\":\"BreadcrumbList\",\"@id\":\"https:\\\/\\\/strangercam.com\\\/where-can-i-chat-with-random-girls\\\/#breadcrumb\",\"itemListElement\":[{\"@type\":\"ListItem\",\"position\":1,\"name\":\"Home\",\"item\":\"https:\\\/\\\/strangercam.com\\\/\"},{\"@type\":\"ListItem\",\"position\":2,\"name\":\"Where Can I Chat With Random Girls\"}]},{\"@type\":\"WebSite\",\"@id\":\"https:\\\/\\\/strangercam.com\\\/#website\",\"url\":\"https:\\\/\\\/strangercam.com\\\/\",\"name\":\"Strangercam\",\"description\":\"Random Video Chat with Strangers\",\"publisher\":{\"@id\":\"https:\\\/\\\/strangercam.com\\\/#organization\"},\"alternateName\":\"Strangercam.com\",\"potentialAction\":[{\"@type\":\"SearchAction\",\"target\":{\"@type\":\"EntryPoint\",\"urlTemplate\":\"https:\\\/\\\/strangercam.com\\\/?s={search_term_string}\"},\"query-input\":{\"@type\":\"PropertyValueSpecification\",\"valueRequired\":true,\"valueName\":\"search_term_string\"}}],\"inLanguage\":\"cs\"},{\"@type\":\"Organization\",\"@id\":\"https:\\\/\\\/strangercam.com\\\/#organization\",\"name\":\"Strangercam\",\"alternateName\":\"Strangercam.com\",\"url\":\"https:\\\/\\\/strangercam.com\\\/\",\"logo\":{\"@type\":\"ImageObject\",\"inLanguage\":\"cs\",\"@id\":\"https:\\\/\\\/strangercam.com\\\/#\\\/schema\\\/logo\\\/image\\\/\",\"url\":\"https:\\\/\\\/strangercam.com\\\/wp-content\\\/uploads\\\/2020\\\/11\\\/cropped-new-favicon-black.png\",\"contentUrl\":\"https:\\\/\\\/strangercam.com\\\/wp-content\\\/uploads\\\/2020\\\/11\\\/cropped-new-favicon-black.png\",\"width\":512,\"height\":512,\"caption\":\"Strangercam\"},\"image\":{\"@id\":\"https:\\\/\\\/strangercam.com\\\/#\\\/schema\\\/logo\\\/image\\\/\"},\"sameAs\":[\"https:\\\/\\\/www.facebook.com\\\/strangercam\",\"https:\\\/\\\/x.com\\\/strangercamapp\"]}]}<\/script>\n<!-- \/ Yoast SEO plugin. -->","yoast_head_json":{"title":"Kde mohu chatovat s n\u00e1hodn\u00fdmi d\u00edvkami na Strangercam.com","description":"L\u00edb\u00ed se mi Kde mohu chatovat s n\u00e1hodn\u00fdmi d\u00edvkami? Join miliony na StrangerCam.com! Spus\u0165te n\u00e1hodn\u00fd videochat, zapn\u011bte kameru a okam\u017eit\u011b se seznamte s ciz\u00edmi lidmi.","robots":{"index":"index","follow":"follow","max-snippet":"max-snippet:-1","max-image-preview":"max-image-preview:large","max-video-preview":"max-video-preview:-1"},"canonical":"https:\/\/strangercam.com\/cs\/kde-mohu-chatovat-s-nahodnymi-divkami\/","og_locale":"cs_CZ","og_type":"article","og_title":"Where Can I Chat With Random Girls on Strangercam.com","og_description":"Liking Where Can I Chat With Random Girls? Join millions on StrangerCam.com! Start a random video chat, turn on your cam, and meet strangers instantly.","og_url":"https:\/\/strangercam.com\/cs\/kde-mohu-chatovat-s-nahodnymi-divkami\/","og_site_name":"Strangercam","article_publisher":"https:\/\/www.facebook.com\/strangercam","article_modified_time":"2025-09-23T10:42:03+00:00","og_image":[{"width":800,"height":532,"url":"https:\/\/strangercam.com\/wp-content\/uploads\/2021\/10\/Untitled-2.png","type":"image\/png"}],"twitter_card":"summary_large_image","twitter_site":"@strangercamapp","twitter_misc":{"Odhadovan\u00e1 doba \u010dten\u00ed":"4 minuty"},"schema":{"@context":"https:\/\/schema.org","@graph":[{"@type":"WebPage","@id":"https:\/\/strangercam.com\/where-can-i-chat-with-random-girls\/","url":"https:\/\/strangercam.com\/where-can-i-chat-with-random-girls\/","name":"Kde mohu chatovat s n\u00e1hodn\u00fdmi d\u00edvkami na Strangercam.com","isPartOf":{"@id":"https:\/\/strangercam.com\/#website"},"datePublished":"2025-09-23T09:15:28+00:00","dateModified":"2025-09-23T10:42:03+00:00","description":"L\u00edb\u00ed se mi Kde mohu chatovat s n\u00e1hodn\u00fdmi d\u00edvkami? Join miliony na StrangerCam.com! Spus\u0165te n\u00e1hodn\u00fd videochat, zapn\u011bte kameru a okam\u017eit\u011b se seznamte s ciz\u00edmi lidmi.","breadcrumb":{"@id":"https:\/\/strangercam.com\/where-can-i-chat-with-random-girls\/#breadcrumb"},"inLanguage":"cs","potentialAction":[{"@type":"ReadAction","target":["https:\/\/strangercam.com\/where-can-i-chat-with-random-girls\/"]}]},{"@type":"BreadcrumbList","@id":"https:\/\/strangercam.com\/where-can-i-chat-with-random-girls\/#breadcrumb","itemListElement":[{"@type":"ListItem","position":1,"name":"Home","item":"https:\/\/strangercam.com\/"},{"@type":"ListItem","position":2,"name":"Where Can I Chat With Random Girls"}]},{"@type":"WebSite","@id":"https:\/\/strangercam.com\/#website","url":"https:\/\/strangercam.com\/","name":"Strangercam","description":"N\u00e1hodn\u00fd videochat s ciz\u00edmi lidmi","publisher":{"@id":"https:\/\/strangercam.com\/#organization"},"alternateName":"Strangercam.com","potentialAction":[{"@type":"SearchAction","target":{"@type":"EntryPoint","urlTemplate":"https:\/\/strangercam.com\/?s={search_term_string}"},"query-input":{"@type":"PropertyValueSpecification","valueRequired":true,"valueName":"search_term_string"}}],"inLanguage":"cs"},{"@type":"Organization","@id":"https:\/\/strangercam.com\/#organization","name":"Strangercam","alternateName":"Strangercam.com","url":"https:\/\/strangercam.com\/","logo":{"@type":"ImageObject","inLanguage":"cs","@id":"https:\/\/strangercam.com\/#\/schema\/logo\/image\/","url":"https:\/\/strangercam.com\/wp-content\/uploads\/2020\/11\/cropped-new-favicon-black.png","contentUrl":"https:\/\/strangercam.com\/wp-content\/uploads\/2020\/11\/cropped-new-favicon-black.png","width":512,"height":512,"caption":"Strangercam"},"image":{"@id":"https:\/\/strangercam.com\/#\/schema\/logo\/image\/"},"sameAs":["https:\/\/www.facebook.com\/strangercam","https:\/\/x.com\/strangercamapp"]}]}},"_links":{"self":[{"href":"https:\/\/strangercam.com\/cs\/wp-json\/wp\/v2\/pages\/4869","targetHints":{"allow":["GET"]}}],"collection":[{"href":"https:\/\/strangercam.com\/cs\/wp-json\/wp\/v2\/pages"}],"about":[{"href":"https:\/\/strangercam.com\/cs\/wp-json\/wp\/v2\/types\/page"}],"author":[{"embeddable":true,"href":"https:\/\/strangercam.com\/cs\/wp-json\/wp\/v2\/users\/8"}],"replies":[{"embeddable":true,"href":"https:\/\/strangercam.com\/cs\/wp-json\/wp\/v2\/comments?post=4869"}],"version-history":[{"count":2,"href":"https:\/\/strangercam.com\/cs\/wp-json\/wp\/v2\/pages\/4869\/revisions"}],"predecessor-version":[{"id":13042,"href":"https:\/\/strangercam.com\/cs\/wp-json\/wp\/v2\/pages\/4869\/revisions\/13042"}],"wp:attachment":[{"href":"https:\/\/strangercam.com\/cs\/wp-json\/wp\/v2\/media?parent=4869"}],"curies":[{"name":"wp","href":"https:\/\/api.w.org\/{rel}","templated":true}]}}