{"id":4851,"date":"2025-09-23T11:12:50","date_gmt":"2025-09-23T09:12:50","guid":{"rendered":"https:\/\/strangercam.com\/?page_id=4851"},"modified":"2025-09-23T12:40:15","modified_gmt":"2025-09-23T10:40:15","slug":"bezplatne-online-chatovaci-mistnosti-pro-kazdeho","status":"publish","type":"page","link":"https:\/\/strangercam.com\/cs\/free-online-chat-rooms-for-everyone\/","title":{"rendered":"Online chatovac\u00ed m\u00edstnosti zdarma pro ka\u017ed\u00e9ho"},"content":{"rendered":"<p>Hled\u00e1te zdarma online <a href=\"https:\/\/strangercam.com\/cs\/chathub\/\">chat<\/a> pokoje pro v\u0161echny? Jste na spr\u00e1vn\u00e9m m\u00edst\u011b. V dne\u0161n\u00edm digit\u00e1ln\u00edm sv\u011bt\u011b lid\u00e9 tou\u017e\u00ed po interakci v re\u00e1ln\u00e9m \u010dase - a\u0165 u\u017e jde o navazov\u00e1n\u00ed nov\u00fdch p\u0159\u00e1telstv\u00ed, sd\u00edlen\u00ed p\u0159\u00edb\u011bh\u016f, hled\u00e1n\u00ed podpory nebo prost\u011b jen o p\u0159ekon\u00e1n\u00ed nudy. Na rozd\u00edl od soci\u00e1ln\u00edch s\u00edt\u00ed, kde je v\u0161e upraven\u00e9 a uhlazen\u00e9, nab\u00edzej\u00ed online chatovac\u00ed m\u00edstnosti spont\u00e1nn\u00ed, nefiltrovan\u00fd a z\u00e1bavn\u00fd zp\u016fsob komunikace.<\/p>\n<p>Na platform\u00e1ch, jako je StrangerCam, se m\u016f\u017eete p\u0159ipojit k bezplatn\u00fdm chatovac\u00edm m\u00edstnostem, kde je v\u00edt\u00e1n ka\u017ed\u00fd - bez registrace, bez stahov\u00e1n\u00ed a bez skryt\u00fdch n\u00e1klad\u016f. A\u0165 u\u017e chcete videochatovat s ciz\u00edmi lidmi, nez\u00e1vazn\u011b si pov\u00eddat nebo objevovat glob\u00e1ln\u00ed p\u0159\u00e1telstv\u00ed, bezplatn\u00e9 chatovac\u00ed m\u00edstnosti z\u016fst\u00e1vaj\u00ed jedn\u00edm z nejobl\u00edben\u011bj\u0161\u00edch online z\u00e1\u017eitk\u016f v roce 2025.<\/p>\n<p>Tento pr\u016fvodce obsahuje v\u0161e, co pot\u0159ebujete v\u011bd\u011bt: co jsou chatovac\u00ed m\u00edstnosti, pro\u010d jsou st\u00e1le popul\u00e1rn\u00ed, jak funguj\u00ed, jak\u00e9 funkce hledat, srovn\u00e1n\u00ed nejlep\u0161\u00edch platforem, bezpe\u010dnostn\u00ed tipy a pro\u010d je dnes StrangerCam jednou z nejlep\u0161\u00edch mo\u017enost\u00ed.<\/p>\n<h2>Co jsou bezplatn\u00e9 online chatovac\u00ed m\u00edstnosti pro ka\u017ed\u00e9ho?<\/h2>\n<p>Bezplatn\u00e9 online chatovac\u00ed m\u00edstnosti pro v\u0161echny jsou digit\u00e1ln\u00ed prostory, kde se lid\u00e9 sch\u00e1zej\u00ed, aby spolu mluvili, psali si nebo vedli videochat v re\u00e1ln\u00e9m \u010dase. Na rozd\u00edl od exkluzivn\u00edch seznamovac\u00edch aplikac\u00ed nebo specializovan\u00fdch komunit jsou tyto chatovac\u00ed m\u00edstnosti otev\u0159en\u00e9 v\u0161em - mu\u017e\u016fm, \u017een\u00e1m, dosp\u00edvaj\u00edc\u00edm (s m\u00edstnostmi vhodn\u00fdmi pro jejich v\u011bk) a lidem z r\u016fzn\u00fdch prost\u0159ed\u00ed a zem\u00ed.<\/p>\n<p>Modern\u00ed platformy \u010dasto kombinuj\u00ed textov\u00fd chat, videochat a funkce n\u00e1hodn\u00e9ho p\u00e1rov\u00e1n\u00ed, aby vytvo\u0159ily z\u00e1bavn\u00fd a interaktivn\u00ed z\u00e1\u017eitek.<\/p>\n<h2>Pro\u010d lid\u00e9 st\u00e1le miluj\u00ed bezplatn\u00e9 chatovac\u00ed m\u00edstnosti<\/h2>\n<p>Chatovac\u00ed m\u00edstnosti mohou p\u016fsobit starom\u00f3dn\u011b, ale jsou aktu\u00e1ln\u011bj\u0161\u00ed ne\u017e kdykoli p\u0159edt\u00edm. Zde je d\u016fvod, pro\u010d miliony lid\u00ed denn\u011b pou\u017e\u00edvaj\u00ed bezplatn\u00e9 online chatovac\u00ed m\u00edstnosti:<\/p>\n<ul>\n<li>Okam\u017eit\u00e9 p\u0159ipojen\u00ed: \u017d\u00e1dn\u00e9 profily ani dlouh\u00e9 \u017eivotopisy - sta\u010d\u00ed za\u010d\u00edt chatovat.<\/li>\n<li>Glob\u00e1ln\u00ed p\u0159\u00e1telstv\u00ed: <a href=\"https:\/\/strangercam.com\/cs\/coomeet\/\">Seznamte se s<\/a> lid\u00ed z cel\u00e9ho sv\u011bta.<\/li>\n<li>Rozmanit\u00e9 rozhovory: Od nez\u00e1vazn\u00e9ho \u0161k\u00e1dlen\u00ed po smyslupln\u00e9 rozhovory.<\/li>\n<li>P\u0159\u00edstupnost: P\u0159\u00edstupnost: zdarma a pro v\u0161echny.<\/li>\n<li>Mo\u017enosti videa: Mnoho platforem nyn\u00ed kombinuje textov\u00fd chat s n\u00e1hodn\u00fdm videochatem.<\/li>\n<li>Boj proti osam\u011blosti: Rychl\u00fd zp\u016fsob, jak se c\u00edtit propojen\u00fd.<\/li>\n<\/ul>\n<h2>Jak funguj\u00ed bezplatn\u00e9 online chatovac\u00ed m\u00edstnosti?<\/h2>\n<p>1TP162Vytvo\u0159en\u00ed bezplatn\u00e9 chatovac\u00ed m\u00edstnosti je jednoduch\u00e9:<\/p>\n<ol>\n<li>Otev\u0159ete platformu na po\u010d\u00edta\u010di nebo mobiln\u00edm telefonu.<\/li>\n<li>Vstupte do m\u00edstnosti (n\u011bkter\u00e9 weby v\u00e1s automaticky sp\u00e1ruj\u00ed s ciz\u00edmi lidmi).<\/li>\n<li>Za\u010dn\u011bte chatovat prost\u0159ednictv\u00edm textu nebo videa.<\/li>\n<li>Kdykoli m\u016f\u017eete zm\u011bnit m\u00edstnost nebo u\u017eivatele a sezn\u00e1mit se s n\u011bk\u00fdm nov\u00fdm.<\/li>\n<\/ol>\n<p>N\u011bkter\u00e9 platformy umo\u017e\u0148uj\u00ed tak\u00e9 filtrov\u00e1n\u00ed podle pohlav\u00ed, polohy nebo z\u00e1jm\u016f.<\/p>\n<h2>Nejd\u016fle\u017eit\u011bj\u0161\u00ed funkce, kter\u00e9 je t\u0159eba hledat<\/h2>\n<p>P\u0159i v\u00fdb\u011bru m\u00edsta pro bezplatn\u00e9 online chatovac\u00ed m\u00edstnosti pro v\u0161echny je d\u016fle\u017eit\u00e9 toto:<\/p>\n<h3>1. Nen\u00ed nutn\u00e1 registrace<\/h3>\n<p>M\u011bli byste m\u00edt mo\u017enost p\u0159ipojit se okam\u017eit\u011b bez \u00fa\u010dt\u016f.<\/p>\n<h3>2. Skute\u010dn\u011b voln\u00fd p\u0159\u00edstup<\/h3>\n<p>Vyhn\u011bte se str\u00e1nk\u00e1m, kter\u00e9 inzeruj\u00ed \"zdarma\", ale blokuj\u00ed z\u00e1kladn\u00ed funkce za placen\u00fdmi zdmi.<\/p>\n<h3>3. Mo\u017enosti videa a textu<\/h3>\n<p>Kombinace oboj\u00edho umo\u017e\u0148uje v\u0161estrann\u011bj\u0161\u00ed z\u00e1\u017eitek.<\/p>\n<h3>4. Bezpe\u010dn\u00e9 moderov\u00e1n\u00ed<\/h3>\n<p>Platformy by m\u011bly m\u00edt n\u00e1stroje pro pod\u00e1v\u00e1n\u00ed zpr\u00e1v a aktivn\u00ed moder\u00e1tory.<\/p>\n<h3>5. Design vhodn\u00fd pro mobiln\u00ed za\u0159\u00edzen\u00ed<\/h3>\n<p>Plynul\u00e1 pr\u00e1ce s telefony a tablety je nutnost\u00ed.<\/p>\n<h3>6. Rozmanit\u00e9 m\u00edstnosti a glob\u00e1ln\u00ed dosah<\/h3>\n<p>Nejlep\u0161\u00ed platformy spojuj\u00ed lidi z cel\u00e9ho sv\u011bta.<\/p>\n<h2>Nejlep\u0161\u00ed bezplatn\u00e9 online chatovac\u00ed m\u00edstnosti v roce 2025<\/h2>\n<p>Zde je srovn\u00e1n\u00ed nejobl\u00edben\u011bj\u0161\u00edch platforem, kter\u00e9 nab\u00edzej\u00ed bezplatn\u00e9 chatovac\u00ed m\u00edstnosti pro ka\u017ed\u00e9ho:<\/p>\n<table>\n<thead>\n<tr>\n<th>Platforma<\/th>\n<th align=\"center\">Voln\u00fd p\u0159\u00edstup<\/th>\n<th align=\"center\">Videochat<\/th>\n<th align=\"center\">Pot\u0159ebn\u00e1 registrace<\/th>\n<th align=\"center\">Mobiln\u00ed podpora<\/th>\n<th align=\"center\">Moderov\u00e1n\u00ed<\/th>\n<th>Pozn\u00e1mky<\/th>\n<\/tr>\n<\/thead>\n<tbody>\n<tr>\n<td>StrangerCam<\/td>\n<td align=\"center\">\u2705<\/td>\n<td align=\"center\">\u2705<\/td>\n<td align=\"center\">\u274c<\/td>\n<td align=\"center\">\u2705<\/td>\n<td align=\"center\">\u2705<\/td>\n<td>Nejlep\u0161\u00ed kombinace videa a n\u00e1hodn\u00e9ho chatu<\/td>\n<\/tr>\n<tr>\n<td><a href=\"https:\/\/strangercam.com\/cs\/chatroulette\/\">Chatroulette<\/a><\/td>\n<td align=\"center\">\u2705<\/td>\n<td align=\"center\">\u2705<\/td>\n<td align=\"center\">\u274c<\/td>\n<td align=\"center\">\u2705<\/td>\n<td align=\"center\">\u2705<\/td>\n<td>Klasick\u00e1 mo\u017enost, omezen\u00e9 funkce<\/td>\n<\/tr>\n<tr>\n<td>Chatrandom<\/td>\n<td align=\"center\">\u2705<\/td>\n<td align=\"center\">\u2705<\/td>\n<td align=\"center\">\u274c<\/td>\n<td align=\"center\">\u2705<\/td>\n<td align=\"center\">\u2705<\/td>\n<td>Obl\u00edben\u00e9, ale pr\u00e9miov\u00e9 upsells<\/td>\n<\/tr>\n<tr>\n<td><a href=\"https:\/\/strangercam.com\/cs\/ometv\/\">OmeTV<\/a><\/td>\n<td align=\"center\">\u2705<\/td>\n<td align=\"center\">\u2705<\/td>\n<td align=\"center\">\u274c<\/td>\n<td align=\"center\">\u2705<\/td>\n<td align=\"center\">\u2705<\/td>\n<td>Chatovac\u00ed m\u00edstnosti pro mobiln\u00ed za\u0159\u00edzen\u00ed<\/td>\n<\/tr>\n<tr>\n<td>Shagle<\/td>\n<td align=\"center\">\u2705<\/td>\n<td align=\"center\">\u2705<\/td>\n<td align=\"center\">\u274c<\/td>\n<td align=\"center\">\u2705<\/td>\n<td align=\"center\">\u2705<\/td>\n<td>Uzam\u010den\u00e9 filtry Premium<\/td>\n<\/tr>\n<tr>\n<td>WireClub<\/td>\n<td align=\"center\">\u2705<\/td>\n<td align=\"center\">\u274c<\/td>\n<td align=\"center\">\u2705<\/td>\n<td align=\"center\">\u2705<\/td>\n<td align=\"center\">\u2705<\/td>\n<td>Textov\u00e9 chatovac\u00ed m\u00edstnosti, v\u00edce komunitn\u00edho stylu<\/td>\n<\/tr>\n<\/tbody>\n<\/table>\n<p>StrangerCam vynik\u00e1 jako jedna z nejlep\u0161\u00edch platforem - nab\u00edz\u00ed bezplatn\u00e9 chatovac\u00ed m\u00edstnosti s videem, neomezen\u00e9 pou\u017e\u00edv\u00e1n\u00ed a \u017e\u00e1dnou registraci.<\/p>\n<h2>Pro\u010d je StrangerCam nejlep\u0161\u00ed volbou<\/h2>\n<p>Zde je d\u016fvod, pro\u010d je StrangerCam ide\u00e1ln\u00ed pro bezplatn\u00e9 online chatovac\u00ed m\u00edstnosti pro ka\u017ed\u00e9ho:<\/p>\n<h3>1. Zcela zdarma<\/h3>\n<p>\u017d\u00e1dn\u00e9 skryt\u00e9 poplatky ani \u00fav\u011bry.<\/p>\n<h3>2. Mo\u017enosti video + textov\u00e9ho chatu<\/h3>\n<p>P\u0159ep\u00edn\u00e1n\u00ed mezi n\u00e1hodn\u00fdm videochatem a textov\u00fdm chatem.<\/p>\n<h3>3. Nen\u00ed nutn\u00e1 registrace<\/h3>\n<p>Join okam\u017eit\u011b, z\u016fsta\u0148te v anonymit\u011b.<\/p>\n<h3>4. Bezpe\u010dn\u00e9 a moderovan\u00e9<\/h3>\n<p>Lep\u0161\u00ed moderov\u00e1n\u00ed ne\u017e na v\u011bt\u0161in\u011b platforem.<\/p>\n<h3>5. Funguje v\u0161ude<\/h3>\n<p>Pln\u011b optimalizov\u00e1no pro mobiln\u00ed za\u0159\u00edzen\u00ed a po\u010d\u00edta\u010de.<\/p>\n<h3>6. Inkluzivn\u00ed pro v\u0161echny u\u017eivatele<\/h3>\n<p>P\u0159ipojit se m\u016f\u017ee kdokoli, kdykoli a kdekoli.<\/p>\n<h2>Zku\u0161enosti skute\u010dn\u00fdch u\u017eivatel\u016f<\/h2>\n<blockquote><p><em>\"Hledal jsem bezplatn\u00e9 online chatovac\u00ed m\u00edstnosti, kde bych se mohl sezn\u00e1mit s nov\u00fdmi lidmi, a StrangerCam m\u011bl dokonalou rovnov\u00e1hu mezi z\u00e1bavou a bezpe\u010dnost\u00ed.\"<\/em><br \/>\n- Alex, 27 let<\/p><\/blockquote>\n<blockquote><p><em>\"Na rozd\u00edl od jin\u00fdch platforem jsem se nemusel registrovat ani platit za funkce. Je to skute\u010dn\u011b zdarma.\"<\/em><br \/>\n- Sophia, 22 let<\/p><\/blockquote>\n<blockquote><p><em>\"B\u011bhem jednoho ve\u010dera jsem se bavil s cizinci z p\u011bti zem\u00ed. Je to n\u00e1vykov\u00e9.\"<\/em><br \/>\n- Ryan, 30 let<\/p><\/blockquote>\n<blockquote><p><em>\"Kone\u010dn\u011b chatovac\u00ed m\u00edstnost, kter\u00e1 je d\u00edky skute\u010dn\u00e9mu moderov\u00e1n\u00ed bezpe\u010dn\u00e1.\"<\/em><br \/>\n- Emma, 19 let<\/p><\/blockquote>\n<h2>Bezpe\u010dnostn\u00ed tipy pro online chatovac\u00ed m\u00edstnosti<\/h2>\n<p>Chatovac\u00ed m\u00edstnosti jsou sice z\u00e1bavn\u00e9, ale v\u017edy d\u00e1vejte p\u0159ednost bezpe\u010dnosti:<\/p>\n<ul>\n<li>Nesd\u00edlejte osobn\u00ed \u00fadaje (telefon, e-mail, adresu).<\/li>\n<li>Vyhn\u011bte se podez\u0159el\u00fdm odkaz\u016fm od ciz\u00edch u\u017eivatel\u016f.<\/li>\n<li>Pokud se nec\u00edt\u00edte dob\u0159e, pou\u017eijte n\u00e1stroje pro p\u0159eskakov\u00e1n\u00ed\/blokov\u00e1n\u00ed.<\/li>\n<li>Pokud pou\u017e\u00edv\u00e1te videochat, zkontrolujte sv\u00e9 pozad\u00ed.<\/li>\n<li>Dr\u017ete se funkc\u00ed platformy, jako je hl\u00e1\u0161en\u00ed u\u017eivatel\u016f.<\/li>\n<li>Respektujte v\u011bkov\u00e9 omezen\u00ed - pokud je v\u00e1m m\u00e9n\u011b ne\u017e 18 let, vyhn\u011bte se chat\u016fm pro dosp\u011bl\u00e9.<\/li>\n<\/ul>\n<h2>Jak za\u010d\u00edt - krok za krokem<\/h2>\n<p>P\u0159ipojen\u00ed k bezplatn\u00e9mu online chatu trv\u00e1 n\u011bkolik sekund:<\/p>\n<ol>\n<li>Otev\u0159ete StrangerCam v prohl\u00ed\u017ee\u010di nebo telefonu.<\/li>\n<li>Povolte kameru a mikrofon (pro video).<\/li>\n<li>Klikn\u011bte na tla\u010d\u00edtko Spustit chat nebo se p\u0159ipojte k m\u00edstnosti.<\/li>\n<li>Okam\u017eit\u011b se seznamte s ciz\u00edmi lidmi.<\/li>\n<li>Kdykoli m\u016f\u017eete p\u0159epnout a pov\u00eddat si s n\u011bk\u00fdm nov\u00fdm.<\/li>\n<\/ol>\n<p>V roce 2025 z\u016fst\u00e1vaj\u00ed bezplatn\u00e9 online chatovac\u00ed m\u00edstnosti pro v\u0161echny jedn\u00edm z nejlep\u0161\u00edch zp\u016fsob\u016f, jak se setkat s lidmi online. Jsou spont\u00e1nn\u00ed, glob\u00e1ln\u00ed a z\u00e1bavn\u00e9 a nab\u00edzej\u00ed konverzaci v re\u00e1ln\u00e9m \u010dase s ciz\u00edmi lidmi po cel\u00e9m sv\u011bt\u011b.<\/p>\n<p>Ne ka\u017ed\u00fd web v\u0161ak poskytuje v\u00fdsledky. N\u011bkter\u00e9 skr\u00fdvaj\u00ed funkce za paywallem nebo jsou pln\u00e9 bot\u016f. Proto je StrangerCam tou nejlep\u0161\u00ed volbou: je bezplatn\u00e1, inkluzivn\u00ed, bezpe\u010dn\u00e1 a v\u017edy aktivn\u00ed se skute\u010dn\u00fdmi u\u017eivateli p\u0159ipraven\u00fdmi chatovat.<\/p>\n<p>Jste p\u0159ipraveni se p\u0159ipojit? Zalo\u017ete si bezplatnou online chatovac\u00ed m\u00edstnost je\u0161t\u011b dnes a zjist\u011bte, koho potk\u00e1te p\u0159\u00ed\u0161t\u011b.<\/p>","protected":false},"excerpt":{"rendered":"<p>Looking for free online chat rooms for everyone? You\u2019re in the right place. In today\u2019s digital world, people crave real-time interaction\u2014whether it\u2019s to make new friends, share stories, find support, or simply beat boredom. Unlike social networks where everything is curated and polished, online chat rooms offer a spontaneous, unfiltered, and fun way to connect. [&hellip;]<\/p>\n","protected":false},"author":8,"featured_media":0,"parent":0,"menu_order":0,"comment_status":"closed","ping_status":"closed","template":"","meta":{"footnotes":""},"class_list":["post-4851","page","type-page","status-publish","hentry"],"yoast_head":"<!-- This site is optimized with the Yoast SEO plugin v27.4 - https:\/\/yoast.com\/product\/yoast-seo-wordpress\/ -->\n<title>Free Online Chat Rooms For Everyone on Strangercam.com<\/title>\n<meta name=\"description\" content=\"Liking Free Online Chat Rooms For Everyone? Join millions on StrangerCam.com! Start a random video chat, turn on your cam, and meet strangers instantly.\" \/>\n<meta name=\"robots\" content=\"index, follow, max-snippet:-1, max-image-preview:large, max-video-preview:-1\" \/>\n<link rel=\"canonical\" href=\"https:\/\/strangercam.com\/cs\/bezplatne-online-chatovaci-mistnosti-pro-kazdeho\/\" \/>\n<meta property=\"og:locale\" content=\"cs_CZ\" \/>\n<meta property=\"og:type\" content=\"article\" \/>\n<meta property=\"og:title\" content=\"Free Online Chat Rooms For Everyone on Strangercam.com\" \/>\n<meta property=\"og:description\" content=\"Liking Free Online Chat Rooms For Everyone? Join millions on StrangerCam.com! Start a random video chat, turn on your cam, and meet strangers instantly.\" \/>\n<meta property=\"og:url\" content=\"https:\/\/strangercam.com\/cs\/bezplatne-online-chatovaci-mistnosti-pro-kazdeho\/\" \/>\n<meta property=\"og:site_name\" content=\"Strangercam\" \/>\n<meta property=\"article:publisher\" content=\"https:\/\/www.facebook.com\/strangercam\" \/>\n<meta property=\"article:modified_time\" content=\"2025-09-23T10:40:15+00:00\" \/>\n<meta property=\"og:image\" content=\"https:\/\/strangercam.com\/wp-content\/uploads\/2021\/10\/Untitled-2.png\" \/>\n\t<meta property=\"og:image:width\" content=\"800\" \/>\n\t<meta property=\"og:image:height\" content=\"532\" \/>\n\t<meta property=\"og:image:type\" content=\"image\/png\" \/>\n<meta name=\"twitter:card\" content=\"summary_large_image\" \/>\n<meta name=\"twitter:site\" content=\"@strangercamapp\" \/>\n<meta name=\"twitter:label1\" content=\"Odhadovan\u00e1 doba \u010dten\u00ed\" \/>\n\t<meta name=\"twitter:data1\" content=\"4 minuty\" \/>\n<script type=\"application\/ld+json\" class=\"yoast-schema-graph\">{\"@context\":\"https:\\\/\\\/schema.org\",\"@graph\":[{\"@type\":\"WebPage\",\"@id\":\"https:\\\/\\\/strangercam.com\\\/free-online-chat-rooms-for-everyone\\\/\",\"url\":\"https:\\\/\\\/strangercam.com\\\/free-online-chat-rooms-for-everyone\\\/\",\"name\":\"Free Online Chat Rooms For Everyone on Strangercam.com\",\"isPartOf\":{\"@id\":\"https:\\\/\\\/strangercam.com\\\/#website\"},\"datePublished\":\"2025-09-23T09:12:50+00:00\",\"dateModified\":\"2025-09-23T10:40:15+00:00\",\"description\":\"Liking Free Online Chat Rooms For Everyone? Join millions on StrangerCam.com! Start a random video chat, turn on your cam, and meet strangers instantly.\",\"breadcrumb\":{\"@id\":\"https:\\\/\\\/strangercam.com\\\/free-online-chat-rooms-for-everyone\\\/#breadcrumb\"},\"inLanguage\":\"cs\",\"potentialAction\":[{\"@type\":\"ReadAction\",\"target\":[\"https:\\\/\\\/strangercam.com\\\/free-online-chat-rooms-for-everyone\\\/\"]}]},{\"@type\":\"BreadcrumbList\",\"@id\":\"https:\\\/\\\/strangercam.com\\\/free-online-chat-rooms-for-everyone\\\/#breadcrumb\",\"itemListElement\":[{\"@type\":\"ListItem\",\"position\":1,\"name\":\"Home\",\"item\":\"https:\\\/\\\/strangercam.com\\\/\"},{\"@type\":\"ListItem\",\"position\":2,\"name\":\"Free Online Chat Rooms For Everyone\"}]},{\"@type\":\"WebSite\",\"@id\":\"https:\\\/\\\/strangercam.com\\\/#website\",\"url\":\"https:\\\/\\\/strangercam.com\\\/\",\"name\":\"Strangercam\",\"description\":\"Random Video Chat with Strangers\",\"publisher\":{\"@id\":\"https:\\\/\\\/strangercam.com\\\/#organization\"},\"alternateName\":\"Strangercam.com\",\"potentialAction\":[{\"@type\":\"SearchAction\",\"target\":{\"@type\":\"EntryPoint\",\"urlTemplate\":\"https:\\\/\\\/strangercam.com\\\/?s={search_term_string}\"},\"query-input\":{\"@type\":\"PropertyValueSpecification\",\"valueRequired\":true,\"valueName\":\"search_term_string\"}}],\"inLanguage\":\"cs\"},{\"@type\":\"Organization\",\"@id\":\"https:\\\/\\\/strangercam.com\\\/#organization\",\"name\":\"Strangercam\",\"alternateName\":\"Strangercam.com\",\"url\":\"https:\\\/\\\/strangercam.com\\\/\",\"logo\":{\"@type\":\"ImageObject\",\"inLanguage\":\"cs\",\"@id\":\"https:\\\/\\\/strangercam.com\\\/#\\\/schema\\\/logo\\\/image\\\/\",\"url\":\"https:\\\/\\\/strangercam.com\\\/wp-content\\\/uploads\\\/2020\\\/11\\\/cropped-new-favicon-black.png\",\"contentUrl\":\"https:\\\/\\\/strangercam.com\\\/wp-content\\\/uploads\\\/2020\\\/11\\\/cropped-new-favicon-black.png\",\"width\":512,\"height\":512,\"caption\":\"Strangercam\"},\"image\":{\"@id\":\"https:\\\/\\\/strangercam.com\\\/#\\\/schema\\\/logo\\\/image\\\/\"},\"sameAs\":[\"https:\\\/\\\/www.facebook.com\\\/strangercam\",\"https:\\\/\\\/x.com\\\/strangercamapp\"]}]}<\/script>\n<!-- \/ Yoast SEO plugin. -->","yoast_head_json":{"title":"Online chatovac\u00ed m\u00edstnosti zdarma pro ka\u017ed\u00e9ho na Strangercam.com","description":"L\u00edb\u00ed se v\u00e1m online chatovac\u00ed m\u00edstnosti zdarma pro ka\u017ed\u00e9ho? Join miliony na StrangerCam.com! Spus\u0165te n\u00e1hodn\u00fd videochat, zapn\u011bte kameru a okam\u017eit\u011b se seznamte s ciz\u00edmi lidmi.","robots":{"index":"index","follow":"follow","max-snippet":"max-snippet:-1","max-image-preview":"max-image-preview:large","max-video-preview":"max-video-preview:-1"},"canonical":"https:\/\/strangercam.com\/cs\/bezplatne-online-chatovaci-mistnosti-pro-kazdeho\/","og_locale":"cs_CZ","og_type":"article","og_title":"Free Online Chat Rooms For Everyone on Strangercam.com","og_description":"Liking Free Online Chat Rooms For Everyone? Join millions on StrangerCam.com! Start a random video chat, turn on your cam, and meet strangers instantly.","og_url":"https:\/\/strangercam.com\/cs\/bezplatne-online-chatovaci-mistnosti-pro-kazdeho\/","og_site_name":"Strangercam","article_publisher":"https:\/\/www.facebook.com\/strangercam","article_modified_time":"2025-09-23T10:40:15+00:00","og_image":[{"width":800,"height":532,"url":"https:\/\/strangercam.com\/wp-content\/uploads\/2021\/10\/Untitled-2.png","type":"image\/png"}],"twitter_card":"summary_large_image","twitter_site":"@strangercamapp","twitter_misc":{"Odhadovan\u00e1 doba \u010dten\u00ed":"4 minuty"},"schema":{"@context":"https:\/\/schema.org","@graph":[{"@type":"WebPage","@id":"https:\/\/strangercam.com\/free-online-chat-rooms-for-everyone\/","url":"https:\/\/strangercam.com\/free-online-chat-rooms-for-everyone\/","name":"Online chatovac\u00ed m\u00edstnosti zdarma pro ka\u017ed\u00e9ho na Strangercam.com","isPartOf":{"@id":"https:\/\/strangercam.com\/#website"},"datePublished":"2025-09-23T09:12:50+00:00","dateModified":"2025-09-23T10:40:15+00:00","description":"L\u00edb\u00ed se v\u00e1m online chatovac\u00ed m\u00edstnosti zdarma pro ka\u017ed\u00e9ho? Join miliony na StrangerCam.com! Spus\u0165te n\u00e1hodn\u00fd videochat, zapn\u011bte kameru a okam\u017eit\u011b se seznamte s ciz\u00edmi lidmi.","breadcrumb":{"@id":"https:\/\/strangercam.com\/free-online-chat-rooms-for-everyone\/#breadcrumb"},"inLanguage":"cs","potentialAction":[{"@type":"ReadAction","target":["https:\/\/strangercam.com\/free-online-chat-rooms-for-everyone\/"]}]},{"@type":"BreadcrumbList","@id":"https:\/\/strangercam.com\/free-online-chat-rooms-for-everyone\/#breadcrumb","itemListElement":[{"@type":"ListItem","position":1,"name":"Home","item":"https:\/\/strangercam.com\/"},{"@type":"ListItem","position":2,"name":"Free Online Chat Rooms For Everyone"}]},{"@type":"WebSite","@id":"https:\/\/strangercam.com\/#website","url":"https:\/\/strangercam.com\/","name":"Strangercam","description":"N\u00e1hodn\u00fd videochat s ciz\u00edmi lidmi","publisher":{"@id":"https:\/\/strangercam.com\/#organization"},"alternateName":"Strangercam.com","potentialAction":[{"@type":"SearchAction","target":{"@type":"EntryPoint","urlTemplate":"https:\/\/strangercam.com\/?s={search_term_string}"},"query-input":{"@type":"PropertyValueSpecification","valueRequired":true,"valueName":"search_term_string"}}],"inLanguage":"cs"},{"@type":"Organization","@id":"https:\/\/strangercam.com\/#organization","name":"Strangercam","alternateName":"Strangercam.com","url":"https:\/\/strangercam.com\/","logo":{"@type":"ImageObject","inLanguage":"cs","@id":"https:\/\/strangercam.com\/#\/schema\/logo\/image\/","url":"https:\/\/strangercam.com\/wp-content\/uploads\/2020\/11\/cropped-new-favicon-black.png","contentUrl":"https:\/\/strangercam.com\/wp-content\/uploads\/2020\/11\/cropped-new-favicon-black.png","width":512,"height":512,"caption":"Strangercam"},"image":{"@id":"https:\/\/strangercam.com\/#\/schema\/logo\/image\/"},"sameAs":["https:\/\/www.facebook.com\/strangercam","https:\/\/x.com\/strangercamapp"]}]}},"_links":{"self":[{"href":"https:\/\/strangercam.com\/cs\/wp-json\/wp\/v2\/pages\/4851","targetHints":{"allow":["GET"]}}],"collection":[{"href":"https:\/\/strangercam.com\/cs\/wp-json\/wp\/v2\/pages"}],"about":[{"href":"https:\/\/strangercam.com\/cs\/wp-json\/wp\/v2\/types\/page"}],"author":[{"embeddable":true,"href":"https:\/\/strangercam.com\/cs\/wp-json\/wp\/v2\/users\/8"}],"replies":[{"embeddable":true,"href":"https:\/\/strangercam.com\/cs\/wp-json\/wp\/v2\/comments?post=4851"}],"version-history":[{"count":2,"href":"https:\/\/strangercam.com\/cs\/wp-json\/wp\/v2\/pages\/4851\/revisions"}],"predecessor-version":[{"id":13041,"href":"https:\/\/strangercam.com\/cs\/wp-json\/wp\/v2\/pages\/4851\/revisions\/13041"}],"wp:attachment":[{"href":"https:\/\/strangercam.com\/cs\/wp-json\/wp\/v2\/media?parent=4851"}],"curies":[{"name":"wp","href":"https:\/\/api.w.org\/{rel}","templated":true}]}}