{"id":4831,"date":"2025-09-23T11:00:01","date_gmt":"2025-09-23T09:00:01","guid":{"rendered":"https:\/\/strangercam.com\/?page_id=4831"},"modified":"2025-09-23T12:38:49","modified_gmt":"2025-09-23T10:38:49","slug":"volny-nahodny-chat-s-divkami","status":"publish","type":"page","link":"https:\/\/strangercam.com\/cs\/free-random-chat-with-girls\/","title":{"rendered":"Voln\u00fd n\u00e1hodn\u00fd chat s d\u00edvkami"},"content":{"rendered":"<p>Hled\u00e1te bezplatn\u00fd n\u00e1hodn\u00fd <a href=\"https:\/\/strangercam.com\/cs\/chathub\/\">chat<\/a> s <a href=\"https:\/\/strangercam.com\/cs\/video-chat-with-girls\/\">d\u00edvky<\/a>? Nejste jedin\u00fd. Miliony lid\u00ed ka\u017ed\u00fd m\u011bs\u00edc hledaj\u00ed jednoduch\u00e9, okam\u017eit\u00e9 a z\u00e1bavn\u00e9 zp\u016fsoby, jak se spojit s d\u00edvkami online. Na rozd\u00edl od seznamovac\u00edch aplikac\u00ed nebo soci\u00e1ln\u00edch s\u00edt\u00ed, kter\u00e9 mohou p\u016fsobit pomalu nebo b\u00fdt pln\u00e9 fale\u0161n\u00fdch profil\u016f, je n\u00e1hodn\u00fd chat s d\u00edvkami p\u0159\u00edm\u00fd, spont\u00e1nn\u00ed a skute\u010dn\u00fd.<\/p>\n<p>D\u00edky modern\u00edm platform\u00e1m, jako je StrangerCam, se m\u016f\u017eete okam\u017eit\u011b spojit s d\u00edvkami po cel\u00e9m sv\u011bt\u011b - bez registrace, bez stahov\u00e1n\u00ed a bez skryt\u00fdch n\u00e1klad\u016f. A\u0165 u\u017e hled\u00e1te p\u0159\u00e1telstv\u00ed, nez\u00e1vazn\u00fd flirt nebo jen z\u00e1bavn\u00fd zp\u016fsob, jak tr\u00e1vit \u010das, bezplatn\u00fd n\u00e1hodn\u00fd chat s d\u00edvkami je jedn\u00edm z nejzaj\u00edmav\u011bj\u0161\u00edch zp\u016fsob\u016f, jak se sezn\u00e1mit s nov\u00fdmi lidmi v roce 2025.<\/p>\n<p>V tomto pr\u016fvodci najdete v\u0161e, co pot\u0159ebujete v\u011bd\u011bt: co znamen\u00e1 bezplatn\u00fd n\u00e1hodn\u00fd chat s d\u00edvkami, pro\u010d je tak popul\u00e1rn\u00ed, jak funguje, kter\u00e9 funkce jsou nejd\u016fle\u017eit\u011bj\u0161\u00ed, srovn\u00e1n\u00ed platforem, bezpe\u010dnostn\u00ed tipy a pro\u010d je dnes StrangerCam nejlep\u0161\u00ed volbou.<\/p>\n<h2>Co je zdarma n\u00e1hodn\u00fd chat s d\u00edvkami?<\/h2>\n<p>Bezplatn\u00fd n\u00e1hodn\u00fd chat s d\u00edvkami je online slu\u017eba, kter\u00e1 v\u00e1m umo\u017en\u00ed okam\u017eit\u011b se spojit s u\u017eivatelkami prost\u0159ednictv\u00edm \u017eiv\u00e9ho videochatu nebo textov\u00e9ho chatu. Na rozd\u00edl od seznamovac\u00edch aplikac\u00ed, kter\u00e9 vy\u017eaduj\u00ed p\u0159ejet\u00ed prstem nebo dlouh\u00e9 p\u0159ihla\u0161ov\u00e1n\u00ed, je n\u00e1hodn\u00fd chat rychl\u00fd - povol\u00edte kameru, kliknete na tla\u010d\u00edtko start a b\u011bhem n\u011bkolika sekund se ocitnete tv\u00e1\u0159\u00ed v tv\u00e1\u0159 d\u00edvce, kter\u00e1 si chce popov\u00eddat.<\/p>\n<p>Nejlep\u0161\u00ed platformy nab\u00edzej\u00ed skute\u010dn\u00e9 filtry podle pohlav\u00ed, tak\u017ee si m\u016f\u017eete vybrat, zda chcete randit pouze s d\u00edvkami, a neskr\u00fdvaj\u00ed tuto funkci za placenou zd\u00ed.<\/p>\n<h2>Pro\u010d lid\u00e9 miluj\u00ed n\u00e1hodn\u00fd chat s d\u00edvkami<\/h2>\n<p>Popularita bezplatn\u00e9ho n\u00e1hodn\u00e9ho chatu s d\u00edvkami prudce vzrostla, proto\u017ee:<\/p>\n<ul>\n<li>Spont\u00e1nn\u00ed z\u00e1bava: Ka\u017ed\u00e9 spojen\u00ed je nov\u00e9 a nep\u0159edv\u00eddateln\u00e9.<\/li>\n<li>Autenti\u010dnost: Videochaty dokazuj\u00ed, \u017ee mluv\u00edte se skute\u010dnou d\u00edvkou, ne s botem.<\/li>\n<li>Instantn\u00ed chemie: \u017d\u00e1dn\u00e9 \u010dek\u00e1n\u00ed - hned uvid\u00edte, jestli si padnete do oka.<\/li>\n<li>Flirtov\u00e1n\u00ed a p\u0159\u00e1telstv\u00ed: Skv\u011bl\u00e9 pro p\u0159\u00edle\u017eitostnou z\u00e1bavu nebo nav\u00e1z\u00e1n\u00ed skute\u010dn\u00fdch vztah\u016f.<\/li>\n<li>\u017d\u00e1dn\u00fd z\u00e1vazek: Nevy\u017eaduj\u00ed se \u017e\u00e1dn\u00e9 registrace ani \u00fa\u010dty.<\/li>\n<li>Glob\u00e1ln\u00ed dosah: Seznamte se s d\u00edvkami z cel\u00e9ho sv\u011bta.<\/li>\n<\/ul>\n<h2>Jak funguje bezplatn\u00fd n\u00e1hodn\u00fd chat s d\u00edvkami?<\/h2>\n<p>Proces je rychl\u00fd a jednoduch\u00fd:<\/p>\n<ol>\n<li>Otev\u0159ete platformu (pro stoln\u00ed po\u010d\u00edta\u010de nebo mobiln\u00ed za\u0159\u00edzen\u00ed).<\/li>\n<li>Povolen\u00ed p\u0159\u00edstupu ke kame\u0159e a mikrofonu.<\/li>\n<li>Vyberte filtr pohlav\u00ed (d\u00edvky).<\/li>\n<li>Klikn\u011bte na tla\u010d\u00edtko \"Spustit chat\".<\/li>\n<li>Okam\u017eit\u011b se spojte s n\u00e1hodnou d\u00edvkou.<\/li>\n<li>Chcete-li se sezn\u00e1mit s n\u011bk\u00fdm nov\u00fdm, klikn\u011bte kdykoli na tla\u010d\u00edtko \"Dal\u0161\u00ed\".<\/li>\n<\/ol>\n<p>N\u011bkter\u00e9 platformy nab\u00edzej\u00ed tak\u00e9 funkce, jako jsou filtry polohy, p\u0159eklady nebo mobiln\u00ed aplikace pro chatov\u00e1n\u00ed na cest\u00e1ch.<\/p>\n<h2>Nejd\u016fle\u017eit\u011bj\u0161\u00ed funkce, kter\u00e9 je t\u0159eba hledat<\/h2>\n<p>Chcete-li nejlep\u0161\u00ed n\u00e1hodn\u00fd chat s d\u00edvkami, ujist\u011bte se, \u017ee platforma zahrnuje:<\/p>\n<h3>1. Skute\u010dn\u011b bezplatn\u00fd genderov\u00fd filtr<\/h3>\n<p>Mnoho str\u00e1nek tvrd\u00ed, \u017ee v\u00e1m umo\u017en\u00ed z\u00e1pas s d\u00edvkami, ale vy\u017eaduj\u00ed platbu. Hledejte platformu, kde je to zdarma.<\/p>\n<h3>2. Nen\u00ed nutn\u00e1 registrace<\/h3>\n<p>Z\u016fsta\u0148te v anonymit\u011b a neuv\u00e1d\u011bjte osobn\u00ed \u00fadaje.<\/p>\n<h3>3. Siln\u00e1 um\u00edrn\u011bnost<\/h3>\n<p>Aktivn\u00ed hl\u00e1\u0161en\u00ed a moderov\u00e1n\u00ed udr\u017euj\u00ed prostor bezpe\u010dn\u00fd.<\/p>\n<h3>4. Vysoce kvalitn\u00ed video a zvuk<\/h3>\n<p>Hladk\u00e9 p\u0159ipojen\u00ed zp\u0159\u00edjem\u0148uje chatov\u00e1n\u00ed.<\/p>\n<h3>5. Design vhodn\u00fd pro mobiln\u00ed za\u0159\u00edzen\u00ed<\/h3>\n<p>Ujist\u011bte se, \u017ee funguje na telefonech i stoln\u00edch po\u010d\u00edta\u010d\u00edch.<\/p>\n<h2>Nejlep\u0161\u00ed Voln\u00fd N\u00e1hodn\u00fd Chat s d\u00edvkami platformy v 2025<\/h2>\n<p>Zde je srovn\u00e1n\u00ed nejlep\u0161\u00edch platforem pro n\u00e1hodn\u00e9 chaty s d\u00edvkami:<\/p>\n<table>\n<thead>\n<tr>\n<th>Platforma<\/th>\n<th align=\"center\">Voln\u00fd p\u0159\u00edstup<\/th>\n<th align=\"center\">Filtr podle pohlav\u00ed<\/th>\n<th align=\"center\">Pot\u0159ebn\u00e1 registrace<\/th>\n<th align=\"center\">Mobiln\u00ed podpora<\/th>\n<th align=\"center\">Moderov\u00e1n\u00ed<\/th>\n<th>Pozn\u00e1mky<\/th>\n<\/tr>\n<\/thead>\n<tbody>\n<tr>\n<td>StrangerCam<\/td>\n<td align=\"center\">\u2705<\/td>\n<td align=\"center\">\u2705 (zdarma)<\/td>\n<td align=\"center\">\u274c<\/td>\n<td align=\"center\">\u2705<\/td>\n<td align=\"center\">\u2705<\/td>\n<td>Nejlep\u0161\u00ed volba pro voln\u00e9 d\u00edv\u010d\u00ed chaty<\/td>\n<\/tr>\n<tr>\n<td><a href=\"https:\/\/strangercam.com\/cs\/chatroulette\/\">Chatroulette<\/a><\/td>\n<td align=\"center\">\u2705<\/td>\n<td align=\"center\">\u274c (Placen\u00e9)<\/td>\n<td align=\"center\">\u274c<\/td>\n<td align=\"center\">\u2705<\/td>\n<td align=\"center\">\u2705<\/td>\n<td>Klasick\u00e9, ale bez bezplatn\u00fdch filtr\u016f<\/td>\n<\/tr>\n<tr>\n<td>Chatrandom<\/td>\n<td align=\"center\">\u2705<\/td>\n<td align=\"center\">\u274c (Placen\u00e9)<\/td>\n<td align=\"center\">\u274c<\/td>\n<td align=\"center\">\u2705<\/td>\n<td align=\"center\">\u2705<\/td>\n<td>Obl\u00edben\u00e9, ale vy\u017eaduj\u00ed se upgrady<\/td>\n<\/tr>\n<tr>\n<td>Shagle<\/td>\n<td align=\"center\">\u2705<\/td>\n<td align=\"center\">\u274c (Placen\u00e9)<\/td>\n<td align=\"center\">\u274c<\/td>\n<td align=\"center\">\u2705<\/td>\n<td align=\"center\">\u2705<\/td>\n<td>Pro za\u010d\u00e1tek zdarma, pr\u00e9miov\u00e9 filtry uzam\u010deny<\/td>\n<\/tr>\n<tr>\n<td><a href=\"https:\/\/strangercam.com\/cs\/coomeet\/\">CooMeet<\/a><\/td>\n<td align=\"center\">\u274c (zku\u0161ebn\u00ed verze)<\/td>\n<td align=\"center\">\u2705<\/td>\n<td align=\"center\">\u2705<\/td>\n<td align=\"center\">\u2705<\/td>\n<td align=\"center\">\u2705<\/td>\n<td>Zaplaceno po kr\u00e1tk\u00e9m zku\u0161ebn\u00edm obdob\u00ed<\/td>\n<\/tr>\n<tr>\n<td>LuckyCrush<\/td>\n<td align=\"center\">\u274c<\/td>\n<td align=\"center\">\u2705<\/td>\n<td align=\"center\">\u2705<\/td>\n<td align=\"center\">\u2705<\/td>\n<td align=\"center\">\u2705<\/td>\n<td>V\u017edy placen\u00e9, podle pohlav\u00ed<\/td>\n<\/tr>\n<\/tbody>\n<\/table>\n<p>StrangerCam vynik\u00e1 jako jedna z m\u00e1la platforem, kter\u00e1 nab\u00edz\u00ed bezplatn\u00fd genderov\u00fd filtr, tak\u017ee m\u016f\u017eete chatovat s d\u00edvkami okam\u017eit\u011b - bez registrace nebo skryt\u00fdch poplatk\u016f.<\/p>\n<h2>Pro\u010d je StrangerCam nejlep\u0161\u00ed volbou<\/h2>\n<p>Zde je d\u016fvod, pro\u010d je StrangerCam nejlep\u0161\u00ed volbou pro n\u00e1hodn\u00fd chat s d\u00edvkami v 2025:<\/p>\n<h3>1. Voln\u00fd filtr pohlav\u00ed<\/h3>\n<p>Na rozd\u00edl od jin\u00fdch platforem v\u00e1m StrangerCam umo\u017e\u0148uje spojit se s d\u00edvkami bez placen\u00ed.<\/p>\n<h3>2. Zcela zdarma a neomezen\u011b<\/h3>\n<p>\u017d\u00e1dn\u00e9 skryt\u00e9 poplatky, \u017e\u00e1dn\u00fd kreditn\u00ed syst\u00e9m - jen neomezen\u00e9 konverzace.<\/p>\n<h3>3. Nen\u00ed nutn\u00e1 registrace<\/h3>\n<p>Z\u016fsta\u0148te v anonymit\u011b a p\u0159ipojte se b\u011bhem n\u011bkolika sekund.<\/p>\n<h3>4. Bezpe\u010dn\u00e9 a moderovan\u00e9<\/h3>\n<p>D\u00edky aktivn\u00edmu moderov\u00e1n\u00ed je tato zku\u0161enost bezpe\u010dn\u011bj\u0161\u00ed ne\u017e na v\u011bt\u0161in\u011b platforem.<\/p>\n<h3>5. Funguje na v\u0161ech za\u0159\u00edzen\u00edch<\/h3>\n<p>Optimalizov\u00e1no pro telefony, tablety a stoln\u00ed po\u010d\u00edta\u010de.<\/p>\n<h3>6. Glob\u00e1ln\u00ed \u017eensk\u00e1 u\u017eivatelsk\u00e1 z\u00e1kladna<\/h3>\n<p>Seznamte se s d\u00edvkami z v\u00edce ne\u017e 100 zem\u00ed.<\/p>\n<h2>Zku\u0161enosti skute\u010dn\u00fdch u\u017eivatel\u016f<\/h2>\n<blockquote><p><em>\"Zkou\u0161el jsem i jin\u00e9 str\u00e1nky, ale v\u0161echny m\u011b nutily platit za chat s d\u00edvkami. StrangerCam mi to ve skute\u010dnosti umo\u017e\u0148uje zdarma.\"<\/em><br \/>\n- Daniel, 28 let<\/p><\/blockquote>\n<blockquote><p><em>\"Sp\u0159\u00e1telila jsem se s d\u00edvkami ze t\u0159\u00ed r\u016fzn\u00fdch zem\u00ed. Je to z\u00e1bava a pocit bezpe\u010d\u00ed.\"<\/em><br \/>\n- Sophia, 22 let<\/p><\/blockquote>\n<blockquote><p><em>\"Genderov\u00fd filtr funguje bez skryt\u00fdch poplatk\u016f - kone\u010dn\u011b str\u00e1nka, kter\u00e1 p\u0159in\u00e1\u0161\u00ed v\u00fdsledky.\"<\/em><br \/>\n- Ryan, 30 let<\/p><\/blockquote>\n<blockquote><p><em>\"Rychl\u00e9, z\u00e1bavn\u00e9 a zdarma. StrangerCam je m\u016fj tip na n\u00e1hodn\u00e9 chaty s d\u00edvkami.\"<\/em><br \/>\n- Lea, 19 let<\/p><\/blockquote>\n<h2>Bezpe\u010dnostn\u00ed tipy pro n\u00e1hodn\u00fd chat s d\u00edvkami<\/h2>\n<p>Chatov\u00e1n\u00ed online je sice z\u00e1bavn\u00e9, ale v\u017edy dbejte na bezpe\u010dnost:<\/p>\n<ul>\n<li>Nesd\u011blujte osobn\u00ed \u00fadaje, jako je telefonn\u00ed \u010d\u00edslo nebo adresa.<\/li>\n<li>Neklikejte na odkazy od ciz\u00edch lid\u00ed.<\/li>\n<li>Pokud se nec\u00edt\u00edte dob\u0159e, pou\u017eijte voln\u011b tla\u010d\u00edtko \"Dal\u0161\u00ed\".<\/li>\n<li>P\u0159ed zapnut\u00edm webov\u00e9 kamery zkontrolujte pozad\u00ed.<\/li>\n<li>Dr\u017ete se n\u00e1stroj\u016f platformy pro hl\u00e1\u0161en\u00ed nebo blokov\u00e1n\u00ed.<\/li>\n<li>Respektujte v\u011bkov\u00e1 pravidla - nepou\u017e\u00edvejte, pokud je v\u00e1m m\u00e9n\u011b ne\u017e 18 let.<\/li>\n<\/ul>\n<h2>Jak za\u010d\u00edt - krok za krokem<\/h2>\n<p>Spu\u0161t\u011bn\u00ed bezplatn\u00e9ho n\u00e1hodn\u00e9ho chatu s d\u00edvkami trv\u00e1 jen n\u011bkolik sekund:<\/p>\n<ol>\n<li>Otev\u0159ete StrangerCam ve sv\u00e9m za\u0159\u00edzen\u00ed.<\/li>\n<li>Povolen\u00ed p\u0159\u00edstupu ke kame\u0159e a mikrofonu.<\/li>\n<li>Vyberte filtr pohlav\u00ed (d\u00edvky).<\/li>\n<li>Klikn\u011bte na tla\u010d\u00edtko Spustit chat.<\/li>\n<li>Chcete-li se sezn\u00e1mit s n\u011bk\u00fdm nov\u00fdm, stiskn\u011bte kdykoli tla\u010d\u00edtko Dal\u0161\u00ed.<\/li>\n<\/ol>\n<p>Rychle, jednodu\u0161e a zcela zdarma.<\/p>\n<p>V roce 2025 je bezplatn\u00fd n\u00e1hodn\u00fd chat s d\u00edvkami jedn\u00edm z nejzaj\u00edmav\u011bj\u0161\u00edch a nejautenti\u010dt\u011bj\u0161\u00edch zp\u016fsob\u016f, jak poznat nov\u00e9 lidi online. Na rozd\u00edl od seznamovac\u00edch aplikac\u00ed nebo soci\u00e1ln\u00edch s\u00edt\u00ed je spont\u00e1nn\u00ed, skute\u010dn\u00fd a okam\u017eit\u00fd.<\/p>\n<p>Ne ka\u017ed\u00fd web v\u0161ak poskytuje tyto slu\u017eby - mnoh\u00e9 z nich zamykaj\u00ed funkce za placen\u00fdmi zdmi nebo zaplavuj\u00ed sv\u00e9 chaty roboty. Proto je StrangerCam tou nejlep\u0161\u00ed volbou: je zdarma, bezpe\u010dn\u00e1, glob\u00e1ln\u00ed a v\u017edy pln\u00e1 skute\u010dn\u00fdch u\u017eivatel\u016f.<\/p>\n<p>Jste p\u0159ipraveni se p\u0159ipojit? Za\u010dn\u011bte bezplatn\u00fd n\u00e1hodn\u00fd chat s d\u00edvkami je\u0161t\u011b dnes a zjist\u011bte, koho potk\u00e1te p\u0159\u00ed\u0161t\u011b.<\/p>","protected":false},"excerpt":{"rendered":"<p>Are you searching for a free random chat with girls? You\u2019re not the only one. Millions of people every month look for simple, instant, and fun ways to connect with girls online. Unlike dating apps or social media, which can feel slow or full of fake profiles, random chat with girls is direct, spontaneous, and [&hellip;]<\/p>\n","protected":false},"author":8,"featured_media":0,"parent":0,"menu_order":0,"comment_status":"closed","ping_status":"closed","template":"","meta":{"footnotes":""},"class_list":["post-4831","page","type-page","status-publish","hentry"],"yoast_head":"<!-- This site is optimized with the Yoast SEO plugin v27.4 - https:\/\/yoast.com\/product\/yoast-seo-wordpress\/ -->\n<title>Free Random Chat With Girls - StrangerCam.com: Cam With Strangers<\/title>\n<meta name=\"description\" content=\"Free Random Chat With Girls anonymously with over 5.000.000 strangers. No Sign-Up Required! Cam with strangers on StrangerCam.com.\" \/>\n<meta name=\"robots\" content=\"index, follow, max-snippet:-1, max-image-preview:large, max-video-preview:-1\" \/>\n<link rel=\"canonical\" href=\"https:\/\/strangercam.com\/cs\/volny-nahodny-chat-s-divkami\/\" \/>\n<meta property=\"og:locale\" content=\"cs_CZ\" \/>\n<meta property=\"og:type\" content=\"article\" \/>\n<meta property=\"og:title\" content=\"Free Random Chat With Girls - StrangerCam.com: Cam With Strangers\" \/>\n<meta property=\"og:description\" content=\"Free Random Chat With Girls anonymously with over 5.000.000 strangers. No Sign-Up Required! Cam with strangers on StrangerCam.com.\" \/>\n<meta property=\"og:url\" content=\"https:\/\/strangercam.com\/cs\/volny-nahodny-chat-s-divkami\/\" \/>\n<meta property=\"og:site_name\" content=\"Strangercam\" \/>\n<meta property=\"article:publisher\" content=\"https:\/\/www.facebook.com\/strangercam\" \/>\n<meta property=\"article:modified_time\" content=\"2025-09-23T10:38:49+00:00\" \/>\n<meta property=\"og:image\" content=\"https:\/\/strangercam.com\/wp-content\/uploads\/2021\/10\/Untitled-2.png\" \/>\n\t<meta property=\"og:image:width\" content=\"800\" \/>\n\t<meta property=\"og:image:height\" content=\"532\" \/>\n\t<meta property=\"og:image:type\" content=\"image\/png\" \/>\n<meta name=\"twitter:card\" content=\"summary_large_image\" \/>\n<meta name=\"twitter:site\" content=\"@strangercamapp\" \/>\n<meta name=\"twitter:label1\" content=\"Odhadovan\u00e1 doba \u010dten\u00ed\" \/>\n\t<meta name=\"twitter:data1\" content=\"4 minuty\" \/>\n<script type=\"application\/ld+json\" class=\"yoast-schema-graph\">{\"@context\":\"https:\\\/\\\/schema.org\",\"@graph\":[{\"@type\":\"WebPage\",\"@id\":\"https:\\\/\\\/strangercam.com\\\/free-random-chat-with-girls\\\/\",\"url\":\"https:\\\/\\\/strangercam.com\\\/free-random-chat-with-girls\\\/\",\"name\":\"Free Random Chat With Girls - StrangerCam.com: Cam With Strangers\",\"isPartOf\":{\"@id\":\"https:\\\/\\\/strangercam.com\\\/#website\"},\"datePublished\":\"2025-09-23T09:00:01+00:00\",\"dateModified\":\"2025-09-23T10:38:49+00:00\",\"description\":\"Free Random Chat With Girls anonymously with over 5.000.000 strangers. No Sign-Up Required! Cam with strangers on StrangerCam.com.\",\"breadcrumb\":{\"@id\":\"https:\\\/\\\/strangercam.com\\\/free-random-chat-with-girls\\\/#breadcrumb\"},\"inLanguage\":\"cs\",\"potentialAction\":[{\"@type\":\"ReadAction\",\"target\":[\"https:\\\/\\\/strangercam.com\\\/free-random-chat-with-girls\\\/\"]}]},{\"@type\":\"BreadcrumbList\",\"@id\":\"https:\\\/\\\/strangercam.com\\\/free-random-chat-with-girls\\\/#breadcrumb\",\"itemListElement\":[{\"@type\":\"ListItem\",\"position\":1,\"name\":\"Home\",\"item\":\"https:\\\/\\\/strangercam.com\\\/\"},{\"@type\":\"ListItem\",\"position\":2,\"name\":\"Free Random Chat With Girls\"}]},{\"@type\":\"WebSite\",\"@id\":\"https:\\\/\\\/strangercam.com\\\/#website\",\"url\":\"https:\\\/\\\/strangercam.com\\\/\",\"name\":\"Strangercam\",\"description\":\"Random Video Chat with Strangers\",\"publisher\":{\"@id\":\"https:\\\/\\\/strangercam.com\\\/#organization\"},\"alternateName\":\"Strangercam.com\",\"potentialAction\":[{\"@type\":\"SearchAction\",\"target\":{\"@type\":\"EntryPoint\",\"urlTemplate\":\"https:\\\/\\\/strangercam.com\\\/?s={search_term_string}\"},\"query-input\":{\"@type\":\"PropertyValueSpecification\",\"valueRequired\":true,\"valueName\":\"search_term_string\"}}],\"inLanguage\":\"cs\"},{\"@type\":\"Organization\",\"@id\":\"https:\\\/\\\/strangercam.com\\\/#organization\",\"name\":\"Strangercam\",\"alternateName\":\"Strangercam.com\",\"url\":\"https:\\\/\\\/strangercam.com\\\/\",\"logo\":{\"@type\":\"ImageObject\",\"inLanguage\":\"cs\",\"@id\":\"https:\\\/\\\/strangercam.com\\\/#\\\/schema\\\/logo\\\/image\\\/\",\"url\":\"https:\\\/\\\/strangercam.com\\\/wp-content\\\/uploads\\\/2020\\\/11\\\/cropped-new-favicon-black.png\",\"contentUrl\":\"https:\\\/\\\/strangercam.com\\\/wp-content\\\/uploads\\\/2020\\\/11\\\/cropped-new-favicon-black.png\",\"width\":512,\"height\":512,\"caption\":\"Strangercam\"},\"image\":{\"@id\":\"https:\\\/\\\/strangercam.com\\\/#\\\/schema\\\/logo\\\/image\\\/\"},\"sameAs\":[\"https:\\\/\\\/www.facebook.com\\\/strangercam\",\"https:\\\/\\\/x.com\\\/strangercamapp\"]}]}<\/script>\n<!-- \/ Yoast SEO plugin. -->","yoast_head_json":{"title":"Voln\u00fd n\u00e1hodn\u00fd chat s d\u00edvkami - StrangerCam.com: Cam s cizinci","description":"Voln\u00fd n\u00e1hodn\u00fd chat s d\u00edvkami anonymn\u011b s v\u00edce ne\u017e 5.000.000 cizinci. Nen\u00ed nutn\u00e1 \u017e\u00e1dn\u00e1 registrace! Cam s cizinci na StrangerCam.com.","robots":{"index":"index","follow":"follow","max-snippet":"max-snippet:-1","max-image-preview":"max-image-preview:large","max-video-preview":"max-video-preview:-1"},"canonical":"https:\/\/strangercam.com\/cs\/volny-nahodny-chat-s-divkami\/","og_locale":"cs_CZ","og_type":"article","og_title":"Free Random Chat With Girls - StrangerCam.com: Cam With Strangers","og_description":"Free Random Chat With Girls anonymously with over 5.000.000 strangers. No Sign-Up Required! Cam with strangers on StrangerCam.com.","og_url":"https:\/\/strangercam.com\/cs\/volny-nahodny-chat-s-divkami\/","og_site_name":"Strangercam","article_publisher":"https:\/\/www.facebook.com\/strangercam","article_modified_time":"2025-09-23T10:38:49+00:00","og_image":[{"width":800,"height":532,"url":"https:\/\/strangercam.com\/wp-content\/uploads\/2021\/10\/Untitled-2.png","type":"image\/png"}],"twitter_card":"summary_large_image","twitter_site":"@strangercamapp","twitter_misc":{"Odhadovan\u00e1 doba \u010dten\u00ed":"4 minuty"},"schema":{"@context":"https:\/\/schema.org","@graph":[{"@type":"WebPage","@id":"https:\/\/strangercam.com\/free-random-chat-with-girls\/","url":"https:\/\/strangercam.com\/free-random-chat-with-girls\/","name":"Voln\u00fd n\u00e1hodn\u00fd chat s d\u00edvkami - StrangerCam.com: Cam s cizinci","isPartOf":{"@id":"https:\/\/strangercam.com\/#website"},"datePublished":"2025-09-23T09:00:01+00:00","dateModified":"2025-09-23T10:38:49+00:00","description":"Voln\u00fd n\u00e1hodn\u00fd chat s d\u00edvkami anonymn\u011b s v\u00edce ne\u017e 5.000.000 cizinci. Nen\u00ed nutn\u00e1 \u017e\u00e1dn\u00e1 registrace! Cam s cizinci na StrangerCam.com.","breadcrumb":{"@id":"https:\/\/strangercam.com\/free-random-chat-with-girls\/#breadcrumb"},"inLanguage":"cs","potentialAction":[{"@type":"ReadAction","target":["https:\/\/strangercam.com\/free-random-chat-with-girls\/"]}]},{"@type":"BreadcrumbList","@id":"https:\/\/strangercam.com\/free-random-chat-with-girls\/#breadcrumb","itemListElement":[{"@type":"ListItem","position":1,"name":"Home","item":"https:\/\/strangercam.com\/"},{"@type":"ListItem","position":2,"name":"Free Random Chat With Girls"}]},{"@type":"WebSite","@id":"https:\/\/strangercam.com\/#website","url":"https:\/\/strangercam.com\/","name":"Strangercam","description":"N\u00e1hodn\u00fd videochat s ciz\u00edmi lidmi","publisher":{"@id":"https:\/\/strangercam.com\/#organization"},"alternateName":"Strangercam.com","potentialAction":[{"@type":"SearchAction","target":{"@type":"EntryPoint","urlTemplate":"https:\/\/strangercam.com\/?s={search_term_string}"},"query-input":{"@type":"PropertyValueSpecification","valueRequired":true,"valueName":"search_term_string"}}],"inLanguage":"cs"},{"@type":"Organization","@id":"https:\/\/strangercam.com\/#organization","name":"Strangercam","alternateName":"Strangercam.com","url":"https:\/\/strangercam.com\/","logo":{"@type":"ImageObject","inLanguage":"cs","@id":"https:\/\/strangercam.com\/#\/schema\/logo\/image\/","url":"https:\/\/strangercam.com\/wp-content\/uploads\/2020\/11\/cropped-new-favicon-black.png","contentUrl":"https:\/\/strangercam.com\/wp-content\/uploads\/2020\/11\/cropped-new-favicon-black.png","width":512,"height":512,"caption":"Strangercam"},"image":{"@id":"https:\/\/strangercam.com\/#\/schema\/logo\/image\/"},"sameAs":["https:\/\/www.facebook.com\/strangercam","https:\/\/x.com\/strangercamapp"]}]}},"_links":{"self":[{"href":"https:\/\/strangercam.com\/cs\/wp-json\/wp\/v2\/pages\/4831","targetHints":{"allow":["GET"]}}],"collection":[{"href":"https:\/\/strangercam.com\/cs\/wp-json\/wp\/v2\/pages"}],"about":[{"href":"https:\/\/strangercam.com\/cs\/wp-json\/wp\/v2\/types\/page"}],"author":[{"embeddable":true,"href":"https:\/\/strangercam.com\/cs\/wp-json\/wp\/v2\/users\/8"}],"replies":[{"embeddable":true,"href":"https:\/\/strangercam.com\/cs\/wp-json\/wp\/v2\/comments?post=4831"}],"version-history":[{"count":2,"href":"https:\/\/strangercam.com\/cs\/wp-json\/wp\/v2\/pages\/4831\/revisions"}],"predecessor-version":[{"id":13040,"href":"https:\/\/strangercam.com\/cs\/wp-json\/wp\/v2\/pages\/4831\/revisions\/13040"}],"wp:attachment":[{"href":"https:\/\/strangercam.com\/cs\/wp-json\/wp\/v2\/media?parent=4831"}],"curies":[{"name":"wp","href":"https:\/\/api.w.org\/{rel}","templated":true}]}}