{"id":4141,"date":"2025-09-08T08:04:51","date_gmt":"2025-09-08T06:04:51","guid":{"rendered":"https:\/\/strangercam.com\/?page_id=4141"},"modified":"2025-09-08T10:12:00","modified_gmt":"2025-09-08T08:12:00","slug":"cam-dating","status":"publish","type":"page","link":"https:\/\/strangercam.com\/cs\/cam-dating\/","title":{"rendered":"Cam Dating"},"content":{"rendered":"<p>Jste zv\u011bdav\u00ed na <a href=\"https:\/\/strangercam.com\/cs\/bazookamera\/\">cam<\/a> chodit na rande? Nejste sami. St\u00e1le v\u00edce lid\u00ed se obrac\u00ed k online videochat\u016fm jako k z\u00e1bavn\u00e9mu a autentick\u00e9mu zp\u016fsobu navazov\u00e1n\u00ed kontakt\u016f. Na rozd\u00edl od tradi\u010dn\u00edch seznamovac\u00edch aplikac\u00ed, kde konverzace m\u016f\u017ee p\u016fsobit pomalu nebo fale\u0161n\u011b, v\u00e1m seznamov\u00e1n\u00ed p\u0159es videokameru umo\u017en\u00ed vid\u011bt n\u011bkoho a mluvit s n\u00edm okam\u017eit\u011b. Je to osobn\u00ed, skute\u010dn\u00e9 a \u010dasto vzru\u0161uj\u00edc\u00ed ne\u017e pouh\u00e9 proch\u00e1zen\u00ed profil\u016f.<\/p>\n<p>S platformami, jako je StrangerCam, m\u016f\u017eete za\u010d\u00edt <a href=\"https:\/\/strangercam.com\/cs\/chat-z-kamery-do-kamery\/\">bezplatn\u00e1 kamera<\/a> chodit s n\u011bk\u00fdm hned te\u010f - bez registrace, bez stahov\u00e1n\u00ed a bez skryt\u00fdch n\u00e1klad\u016f. A\u0165 u\u017e hled\u00e1te p\u0159\u00e1telstv\u00ed, nez\u00e1vazn\u00fd flirt nebo n\u011bco v\u00e1\u017en\u011bj\u0161\u00edho, seznamov\u00e1n\u00ed p\u0159es kameru je jedn\u00edm z nejrychleji rostouc\u00edch zp\u016fsob\u016f, jak se sezn\u00e1mit s nov\u00fdmi lidmi v roce 2025.<\/p>\n<p>Tento pr\u016fvodce obsahuje v\u0161e, co pot\u0159ebujete v\u011bd\u011bt: co je to cam dating, pro\u010d je tak popul\u00e1rn\u00ed, jak funguje, jak\u00e9 funkce hledat, srovn\u00e1n\u00ed nejlep\u0161\u00edch platforem, bezpe\u010dnostn\u00ed tipy a pro\u010d je dnes StrangerCam jednou z nejlep\u0161\u00edch voleb pro free cam dating.<\/p>\n<h2>Co je Cam Dating?<\/h2>\n<p>Cam dating je forma online rand\u011bn\u00ed, kter\u00e1 vyu\u017e\u00edv\u00e1 \u017eiv\u00e9 video. <a href=\"https:\/\/strangercam.com\/cs\/chathub\/\">chat<\/a> spojit dva lidi tv\u00e1\u0159\u00ed v tv\u00e1\u0159 v re\u00e1ln\u00e9m \u010dase. Nam\u00edsto proch\u00e1zen\u00ed nekone\u010dn\u00fdch profil\u016f nebo \u010dek\u00e1n\u00ed na shodu se seznamov\u00e1n\u00ed p\u0159es kameru zam\u011b\u0159uje na okam\u017eitou chemii - druhou osobu vid\u00edte okam\u017eit\u011b a m\u016f\u017eete se rozhodnout, zda je to ta prav\u00e1 atmosf\u00e9ra.<\/p>\n<p>Form\u00e1t je soukrom\u00fd, jednoduch\u00fd a p\u0159\u00edm\u00fd. Povol\u00edte sv\u016fj fotoapar\u00e1t, kliknete na \"Start\" a okam\u017eit\u011b se spoj\u00edte s n\u011bk\u00fdm, kdo tak\u00e9 hled\u00e1 konverzaci. Pokud to neklapne, stiskn\u011bte tla\u010d\u00edtko Dal\u0161\u00ed a budete spojeni s n\u011bk\u00fdm jin\u00fdm.<\/p>\n<h2>Pro\u010d lid\u00e9 miluj\u00ed datov\u00e1n\u00ed zdarma<\/h2>\n<p>P\u0159ita\u017elivost bezplatn\u00e9ho datov\u00e1n\u00ed s kamerou je jasn\u00e1:<\/p>\n<ul>\n<li>Autenti\u010dnost: V\u00edte, \u017ee se jedn\u00e1 o skute\u010dnou osobu, nikoli o fale\u0161n\u00fd profil nebo bota.<\/li>\n<li>Instantn\u00ed chemie: \u017d\u00e1dn\u00e9 \u010dek\u00e1n\u00ed - rychle rozhodn\u011bte, zda mezi v\u00e1mi p\u0159esko\u010dila jiskra.<\/li>\n<li>Spont\u00e1nnost: Ka\u017ed\u00fd videochat je jedine\u010dn\u00fd a nep\u0159edv\u00eddateln\u00fd.<\/li>\n<li>Ochrana osobn\u00edch \u00fadaj\u016f: Na rozd\u00edl od skupinov\u00fdch m\u00edstnost\u00ed je datov\u00e1n\u00ed s kamerou individu\u00e1ln\u00ed.<\/li>\n<li>Glob\u00e1ln\u00ed dosah: Seznamte se s lidmi z cel\u00e9ho sv\u011bta 24 hodin denn\u011b, 7 dn\u00ed v t\u00fddnu.<\/li>\n<li>Z\u00e1bava a vzru\u0161en\u00ed: Sm\u011bs flirtov\u00e1n\u00ed, p\u0159\u00e1telstv\u00ed a kulturn\u00ed v\u00fdm\u011bny.<\/li>\n<\/ul>\n<h2>Jak funguje Cam Dating?<\/h2>\n<p>Za\u010d\u00edt s cam datingem je jednoduch\u00e9:<\/p>\n<ol>\n<li>Otev\u0159ete si seznamovac\u00ed platformu, jako je StrangerCam.<\/li>\n<li>Povolen\u00ed p\u0159\u00edstupu ke kame\u0159e a mikrofonu.<\/li>\n<li>Klikn\u011bte na tla\u010d\u00edtko \"Spustit chat\".<\/li>\n<li>Seznamte se s n\u011bk\u00fdm okam\u017eit\u011b v soukrom\u00e9m videohovoru.<\/li>\n<li>Pokud se v\u00e1m nel\u00edb\u00ed atmosf\u00e9ra, klikn\u011bte na tla\u010d\u00edtko \"Dal\u0161\u00ed\" a pokra\u010dujte d\u00e1l.<\/li>\n<\/ol>\n<p>Cel\u00fd proces trv\u00e1 m\u00e9n\u011b ne\u017e minutu a m\u016f\u017ee v\u00e9st k hodin\u00e1m z\u00e1bavn\u00fdch a spont\u00e1nn\u00edch rozhovor\u016f.<\/p>\n<h2>Nejd\u016fle\u017eit\u011bj\u0161\u00ed funkce, kter\u00e9 je t\u0159eba hledat<\/h2>\n<p>P\u0159i v\u00fdb\u011bru seznamky s kamerou m\u011bjte na pam\u011bti tyto funkce:<\/p>\n<h3>1. Skute\u010dn\u011b voln\u00fd p\u0159\u00edstup<\/h3>\n<p>Mnoh\u00e9 weby o sob\u011b tvrd\u00ed, \u017ee jsou zdarma, ale podstatn\u00e9 funkce zamykaj\u00ed za placen\u00fdmi zdmi. Hledejte neomezen\u00fd bezplatn\u00fd chat.<\/p>\n<h3>2. Nen\u00ed nutn\u00e1 registrace<\/h3>\n<p>Nejlep\u0161\u00ed cam dating platformy v\u00e1m umo\u017en\u00ed za\u010d\u00edt bez vytvo\u0159en\u00ed \u00fa\u010dtu.<\/p>\n<h3>3. Filtry pohlav\u00ed a lokality<\/h3>\n<p>Pom\u00e1h\u00e1 naj\u00edt lidi, kte\u0159\u00ed odpov\u00eddaj\u00ed va\u0161im preferenc\u00edm.<\/p>\n<h3>4. Bezpe\u010dn\u00e9 moderov\u00e1n\u00ed<\/h3>\n<p>Siln\u00e9 n\u00e1stroje pro hl\u00e1\u0161en\u00ed a blokov\u00e1n\u00ed zaji\u0161\u0165uj\u00ed bezpe\u010dnost prostoru.<\/p>\n<h3>5. Zku\u0161enosti s mobiln\u00edmi za\u0159\u00edzen\u00edmi<\/h3>\n<p>Ujist\u011bte se, \u017ee platforma funguje stejn\u011b dob\u0159e na chytr\u00fdch telefonech jako na stoln\u00edch po\u010d\u00edta\u010d\u00edch.<\/p>\n<h3>6. Vysoce kvalitn\u00ed video a zvuk<\/h3>\n<p>Jasn\u00e9 vazby usnad\u0148uj\u00ed budov\u00e1n\u00ed chemie.<\/p>\n<h2>Nejlep\u0161\u00ed Cam Dating Platforms v roce 2025<\/h2>\n<p>Zde je srovn\u00e1n\u00ed nejobl\u00edben\u011bj\u0161\u00edch platforem pro cam dating:<\/p>\n<table>\n<thead>\n<tr>\n<th>Platforma<\/th>\n<th align=\"center\">Voln\u00fd p\u0159\u00edstup<\/th>\n<th align=\"center\">Filtr podle pohlav\u00ed<\/th>\n<th align=\"center\">Pot\u0159ebn\u00e1 registrace<\/th>\n<th align=\"center\">Mobiln\u00ed podpora<\/th>\n<th align=\"center\">Moderov\u00e1n\u00ed<\/th>\n<th>Pozn\u00e1mky<\/th>\n<\/tr>\n<\/thead>\n<tbody>\n<tr>\n<td>StrangerCam<\/td>\n<td align=\"center\">\u2705<\/td>\n<td align=\"center\">\u2705 (zdarma)<\/td>\n<td align=\"center\">\u274c<\/td>\n<td align=\"center\">\u2705<\/td>\n<td align=\"center\">\u2705<\/td>\n<td>Nejlep\u0161\u00ed volba pro free cam dating<\/td>\n<\/tr>\n<tr>\n<td><a href=\"https:\/\/strangercam.com\/cs\/chatroulette\/\">Chatroulette<\/a><\/td>\n<td align=\"center\">\u2705<\/td>\n<td align=\"center\">\u274c (Placen\u00e9)<\/td>\n<td align=\"center\">\u274c<\/td>\n<td align=\"center\">\u2705<\/td>\n<td align=\"center\">\u2705<\/td>\n<td>Klasick\u00e9, ale n\u00e1kladn\u00e9 genderov\u00e9 filtry<\/td>\n<\/tr>\n<tr>\n<td>Chatrandom<\/td>\n<td align=\"center\">\u2705<\/td>\n<td align=\"center\">\u274c (Placen\u00e9)<\/td>\n<td align=\"center\">\u274c<\/td>\n<td align=\"center\">\u2705<\/td>\n<td align=\"center\">\u2705<\/td>\n<td>Velk\u00e1 u\u017eivatelsk\u00e1 z\u00e1kladna, aktualizace<\/td>\n<\/tr>\n<tr>\n<td>Shagle<\/td>\n<td align=\"center\">\u2705<\/td>\n<td align=\"center\">\u274c (Placen\u00e9)<\/td>\n<td align=\"center\">\u274c<\/td>\n<td align=\"center\">\u2705<\/td>\n<td align=\"center\">\u2705<\/td>\n<td>Voln\u00fd vstup, p\u0159\u00edplatek za filtry<\/td>\n<\/tr>\n<tr>\n<td><a href=\"https:\/\/strangercam.com\/cs\/coomeet\/\">CooMeet<\/a><\/td>\n<td align=\"center\">\u274c (zku\u0161ebn\u00ed verze)<\/td>\n<td align=\"center\">\u2705<\/td>\n<td align=\"center\">\u2705<\/td>\n<td align=\"center\">\u2705<\/td>\n<td align=\"center\">\u2705<\/td>\n<td>Placen\u00e1 platforma zam\u011b\u0159en\u00e1 na seznamov\u00e1n\u00ed s d\u00edvkami<\/td>\n<\/tr>\n<tr>\n<td>LuckyCrush<\/td>\n<td align=\"center\">\u274c<\/td>\n<td align=\"center\">\u2705<\/td>\n<td align=\"center\">\u2705<\/td>\n<td align=\"center\">\u2705<\/td>\n<td align=\"center\">\u2705<\/td>\n<td>V\u017edy placen\u00e9, p\u00e1ruje mu\u017ee se \u017eenami<\/td>\n<\/tr>\n<\/tbody>\n<\/table>\n<p>StrangerCam je jednou z m\u00e1la platforem, kter\u00e9 nab\u00edzej\u00ed bezplatn\u00e9 datov\u00e1n\u00ed s kamerou bez registrace a s funk\u010dn\u00edm filtrem podle pohlav\u00ed.<\/p>\n<h2>Pro\u010d je StrangerCam nejlep\u0161\u00ed volbou<\/h2>\n<p>Zde je d\u016fvod, pro\u010d je StrangerCam nejlep\u0161\u00ed volbou pro cam dating v roce 2025:<\/p>\n<h3>1. Zcela zdarma a neomezen\u011b<\/h3>\n<p>\u017d\u00e1dn\u00e9 skryt\u00e9 poplatky, zkou\u0161ky ani \u00fav\u011bry - chatujte, jak dlouho chcete.<\/p>\n<h3>2. Voln\u00fd filtr pohlav\u00ed<\/h3>\n<p>Vyberte si, s k\u00fdm se chcete setkat - s kluky, d\u00edvkami nebo s ob\u011bma - bez dal\u0161\u00edch poplatk\u016f.<\/p>\n<h3>3. Soukrom\u00e9 chaty jeden na jednoho<\/h3>\n<p>Soust\u0159ed\u011bn\u00e9, osobn\u00ed konverzace nam\u00edsto p\u0159epln\u011bn\u00fdch chat\u016f.<\/p>\n<h3>4. Nen\u00ed nutn\u00e1 registrace<\/h3>\n<p>Z\u016fsta\u0148te v anonymit\u011b a okam\u017eit\u011b se p\u0159ipojte.<\/p>\n<h3>5. Bezpe\u010dn\u00e9 a moderovan\u00e9<\/h3>\n<p>Aktivn\u00ed moderov\u00e1n\u00ed br\u00e1n\u00ed bot\u016fm a nevhodn\u00fdm u\u017eivatel\u016fm.<\/p>\n<h3>6. Funguje na v\u0161ech za\u0159\u00edzen\u00edch<\/h3>\n<p>Optimalizov\u00e1no pro stoln\u00ed po\u010d\u00edta\u010de, tablety a mobiln\u00ed za\u0159\u00edzen\u00ed.<\/p>\n<h2>Zku\u0161enosti skute\u010dn\u00fdch u\u017eivatel\u016f<\/h2>\n<blockquote><p><em>\"Cht\u011bl jsem vyzkou\u0161et cam dating, proto\u017ee b\u011b\u017en\u00e9 aplikace mi p\u0159ipadaly p\u0159\u00edli\u0161 pomal\u00e9. StrangerCam mi poskytla okam\u017eit\u00e9 spojen\u00ed a skute\u010dn\u011b jsem na\u0161la n\u011bkoho, s k\u00fdm si pravideln\u011b pov\u00edd\u00e1m.\"<\/em><br \/>\n- David, 29 let<\/p><\/blockquote>\n<blockquote><p><em>\"Je to skute\u010dn\u011bj\u0161\u00ed ne\u017e p\u0159ejet\u00ed prstem po aplikac\u00edch. Hned pozn\u00e1m, jestli si s n\u011bk\u00fdm rozum\u00edm.\"<\/em><br \/>\n- Sophia, 23 let<\/p><\/blockquote>\n<blockquote><p><em>\"Kone\u010dn\u011b cam seznamka, kde je genderov\u00fd filtr zdarma a funguje, jak bylo sl\u00edbeno.\"<\/em><br \/>\n- Ryan, 31 let<\/p><\/blockquote>\n<blockquote><p><em>\"U\u017e jsem se setkal s lidmi ze t\u0159\u00ed kontinent\u016f. Je to vzru\u0161uj\u00edc\u00ed a mnohem z\u00e1bavn\u011bj\u0161\u00ed ne\u017e tradi\u010dn\u00ed online seznamov\u00e1n\u00ed.\"<\/em><br \/>\n- Lea, 20 let<\/p><\/blockquote>\n<h2>Bezpe\u010dnostn\u00ed tipy pro Cam Dating<\/h2>\n<p>I kdy\u017e je seznamov\u00e1n\u00ed p\u0159es kameru z\u00e1bavn\u00e9 a vzru\u0161uj\u00edc\u00ed, nezapome\u0148te na tyto bezpe\u010dnostn\u00ed z\u00e1sady:<\/p>\n<ul>\n<li>Nesd\u00edlejte osobn\u00ed \u00fadaje, jako je va\u0161e telefonn\u00ed \u010d\u00edslo, e-mail nebo adresa.<\/li>\n<li>P\u0159esko\u010dte nebo zablokujte ka\u017ed\u00e9ho, kdo je v\u00e1m nep\u0159\u00edjemn\u00fd.<\/li>\n<li>Nikdy neklikejte na podez\u0159el\u00e9 odkazy.<\/li>\n<li>P\u0159ed zapnut\u00edm webov\u00e9 kamery zkontrolujte pozad\u00ed.<\/li>\n<li>Dr\u017ete se n\u00e1stroj\u016f platformy pro hl\u00e1\u0161en\u00ed a blokov\u00e1n\u00ed.<\/li>\n<li>Respektujte v\u011bkov\u00e1 omezen\u00ed - pokud je v\u00e1m m\u00e9n\u011b ne\u017e 18 let, nepou\u017e\u00edvejte seznamky pro dosp\u011bl\u00e9.<\/li>\n<\/ul>\n<h2>Jak za\u010d\u00edt - krok za krokem<\/h2>\n<p>Spu\u0161t\u011bn\u00ed cam dating trv\u00e1 m\u00e9n\u011b ne\u017e minutu:<\/p>\n<ol>\n<li>Otev\u0159ete StrangerCam ve sv\u00e9m za\u0159\u00edzen\u00ed.<\/li>\n<li>Povolen\u00ed p\u0159\u00edstupu ke kame\u0159e a mikrofonu.<\/li>\n<li>Vyberte si sv\u00e9 preference (nap\u0159\u00edklad filtry podle pohlav\u00ed).<\/li>\n<li>Kliknut\u00edm na tla\u010d\u00edtko Spustit chat se okam\u017eit\u011b p\u0159ipoj\u00edte.<\/li>\n<li>Pokud se neobjev\u00ed \u017e\u00e1dn\u00e1 jiskra, stiskn\u011bte tla\u010d\u00edtko Dal\u0161\u00ed a pokra\u010dujte d\u00e1l.<\/li>\n<\/ol>\n<p>Rychle, jednodu\u0161e a zdarma 100%.<\/p>\n<p>V roce 2025 je cam dating jedn\u00edm z nejrychlej\u0161\u00edch a nejautenti\u010dt\u011bj\u0161\u00edch zp\u016fsob\u016f, jak nav\u00e1zat online kontakt. Na rozd\u00edl od tradi\u010dn\u00edch seznamovac\u00edch aplikac\u00ed prob\u00edh\u00e1 tv\u00e1\u0159\u00ed v tv\u00e1\u0159, okam\u017eit\u011b a z\u00e1bavn\u011b.<\/p>\n<p>Ale ne ka\u017ed\u00e1 platforma je takov\u00e1. Mnoh\u00e9 z nich skr\u00fdvaj\u00ed z\u00e1kladn\u00ed funkce za paywallem nebo jsou zahlceny roboty. Proto je StrangerCam tou nejlep\u0161\u00ed volbou: je bezplatn\u00e1, bezpe\u010dn\u00e1, soukrom\u00e1 a v\u017edy pln\u00e1 skute\u010dn\u00fdch u\u017eivatel\u016f p\u0159ipraven\u00fdch se p\u0159ipojit.<\/p>\n<p>Jste p\u0159ipraveni to vyzkou\u0161et? Za\u010dn\u011bte zdarma cam dating je\u0161t\u011b dnes a zjist\u011bte, koho potk\u00e1te p\u0159\u00ed\u0161t\u011b.<\/p>","protected":false},"excerpt":{"rendered":"<p>Are you curious about cam dating? You\u2019re not alone. More and more people are turning to online video chats as a fun and authentic way to connect. Unlike traditional dating apps where conversations can feel slow or fake, cam dating lets you see and talk to someone instantly. It\u2019s personal, real, and often more exciting [&hellip;]<\/p>\n","protected":false},"author":8,"featured_media":0,"parent":0,"menu_order":0,"comment_status":"closed","ping_status":"closed","template":"","meta":{"footnotes":""},"class_list":["post-4141","page","type-page","status-publish","hentry"],"yoast_head":"<!-- This site is optimized with the Yoast SEO plugin v26.9 - https:\/\/yoast.com\/product\/yoast-seo-wordpress\/ -->\n<title>Cam Dating with Video Chat on Strangercam.com<\/title>\n<meta name=\"description\" content=\"Liking Cam Dating? Join millions on StrangerCam.com! Start a random video chat, turn on your cam, and meet strangers instantly.\" \/>\n<meta name=\"robots\" content=\"index, follow, max-snippet:-1, max-image-preview:large, max-video-preview:-1\" \/>\n<link rel=\"canonical\" href=\"https:\/\/strangercam.com\/cs\/cam-dating\/\" \/>\n<meta property=\"og:locale\" content=\"cs_CZ\" \/>\n<meta property=\"og:type\" content=\"article\" \/>\n<meta property=\"og:title\" content=\"Cam Dating with Video Chat on Strangercam.com\" \/>\n<meta property=\"og:description\" content=\"Liking Cam Dating? Join millions on StrangerCam.com! Start a random video chat, turn on your cam, and meet strangers instantly.\" \/>\n<meta property=\"og:url\" content=\"https:\/\/strangercam.com\/cs\/cam-dating\/\" \/>\n<meta property=\"og:site_name\" content=\"Strangercam\" \/>\n<meta property=\"article:publisher\" content=\"https:\/\/www.facebook.com\/strangercam\" \/>\n<meta property=\"article:modified_time\" content=\"2025-09-08T08:12:00+00:00\" \/>\n<meta property=\"og:image\" content=\"https:\/\/strangercam.com\/wp-content\/uploads\/2021\/10\/Untitled-2.png\" \/>\n\t<meta property=\"og:image:width\" content=\"800\" \/>\n\t<meta property=\"og:image:height\" content=\"532\" \/>\n\t<meta property=\"og:image:type\" content=\"image\/png\" \/>\n<meta name=\"twitter:card\" content=\"summary_large_image\" \/>\n<meta name=\"twitter:site\" content=\"@strangercamapp\" \/>\n<meta name=\"twitter:label1\" content=\"Odhadovan\u00e1 doba \u010dten\u00ed\" \/>\n\t<meta name=\"twitter:data1\" content=\"4 minuty\" \/>\n<script type=\"application\/ld+json\" class=\"yoast-schema-graph\">{\"@context\":\"https:\/\/schema.org\",\"@graph\":[{\"@type\":\"WebPage\",\"@id\":\"https:\/\/strangercam.com\/cam-dating\/\",\"url\":\"https:\/\/strangercam.com\/cam-dating\/\",\"name\":\"Cam Dating with Video Chat on Strangercam.com\",\"isPartOf\":{\"@id\":\"https:\/\/strangercam.com\/#website\"},\"datePublished\":\"2025-09-08T06:04:51+00:00\",\"dateModified\":\"2025-09-08T08:12:00+00:00\",\"description\":\"Liking Cam Dating? Join millions on StrangerCam.com! Start a random video chat, turn on your cam, and meet strangers instantly.\",\"breadcrumb\":{\"@id\":\"https:\/\/strangercam.com\/cam-dating\/#breadcrumb\"},\"inLanguage\":\"cs\",\"potentialAction\":[{\"@type\":\"ReadAction\",\"target\":[\"https:\/\/strangercam.com\/cam-dating\/\"]}]},{\"@type\":\"BreadcrumbList\",\"@id\":\"https:\/\/strangercam.com\/cam-dating\/#breadcrumb\",\"itemListElement\":[{\"@type\":\"ListItem\",\"position\":1,\"name\":\"Home\",\"item\":\"https:\/\/strangercam.com\/\"},{\"@type\":\"ListItem\",\"position\":2,\"name\":\"Cam Dating\"}]},{\"@type\":\"WebSite\",\"@id\":\"https:\/\/strangercam.com\/#website\",\"url\":\"https:\/\/strangercam.com\/\",\"name\":\"Strangercam\",\"description\":\"Random Video Chat with Strangers\",\"publisher\":{\"@id\":\"https:\/\/strangercam.com\/#organization\"},\"alternateName\":\"Strangercam.com\",\"potentialAction\":[{\"@type\":\"SearchAction\",\"target\":{\"@type\":\"EntryPoint\",\"urlTemplate\":\"https:\/\/strangercam.com\/?s={search_term_string}\"},\"query-input\":{\"@type\":\"PropertyValueSpecification\",\"valueRequired\":true,\"valueName\":\"search_term_string\"}}],\"inLanguage\":\"cs\"},{\"@type\":\"Organization\",\"@id\":\"https:\/\/strangercam.com\/#organization\",\"name\":\"Strangercam\",\"alternateName\":\"Strangercam.com\",\"url\":\"https:\/\/strangercam.com\/\",\"logo\":{\"@type\":\"ImageObject\",\"inLanguage\":\"cs\",\"@id\":\"https:\/\/strangercam.com\/#\/schema\/logo\/image\/\",\"url\":\"https:\/\/strangercam.com\/wp-content\/uploads\/2020\/11\/cropped-new-favicon-black.png\",\"contentUrl\":\"https:\/\/strangercam.com\/wp-content\/uploads\/2020\/11\/cropped-new-favicon-black.png\",\"width\":512,\"height\":512,\"caption\":\"Strangercam\"},\"image\":{\"@id\":\"https:\/\/strangercam.com\/#\/schema\/logo\/image\/\"},\"sameAs\":[\"https:\/\/www.facebook.com\/strangercam\",\"https:\/\/x.com\/strangercamapp\"]}]}<\/script>\n<!-- \/ Yoast SEO plugin. -->","yoast_head_json":{"title":"Cam Dating s video chatem na Strangercam.com","description":"L\u00edb\u00ed se v\u00e1m Cam Dating? Join miliony na StrangerCam.com! Spus\u0165te n\u00e1hodn\u00fd videochat, zapn\u011bte kameru a okam\u017eit\u011b se seznamte s ciz\u00edmi lidmi.","robots":{"index":"index","follow":"follow","max-snippet":"max-snippet:-1","max-image-preview":"max-image-preview:large","max-video-preview":"max-video-preview:-1"},"canonical":"https:\/\/strangercam.com\/cs\/cam-dating\/","og_locale":"cs_CZ","og_type":"article","og_title":"Cam Dating with Video Chat on Strangercam.com","og_description":"Liking Cam Dating? Join millions on StrangerCam.com! Start a random video chat, turn on your cam, and meet strangers instantly.","og_url":"https:\/\/strangercam.com\/cs\/cam-dating\/","og_site_name":"Strangercam","article_publisher":"https:\/\/www.facebook.com\/strangercam","article_modified_time":"2025-09-08T08:12:00+00:00","og_image":[{"width":800,"height":532,"url":"https:\/\/strangercam.com\/wp-content\/uploads\/2021\/10\/Untitled-2.png","type":"image\/png"}],"twitter_card":"summary_large_image","twitter_site":"@strangercamapp","twitter_misc":{"Odhadovan\u00e1 doba \u010dten\u00ed":"4 minuty"},"schema":{"@context":"https:\/\/schema.org","@graph":[{"@type":"WebPage","@id":"https:\/\/strangercam.com\/cam-dating\/","url":"https:\/\/strangercam.com\/cam-dating\/","name":"Cam Dating s video chatem na Strangercam.com","isPartOf":{"@id":"https:\/\/strangercam.com\/#website"},"datePublished":"2025-09-08T06:04:51+00:00","dateModified":"2025-09-08T08:12:00+00:00","description":"L\u00edb\u00ed se v\u00e1m Cam Dating? Join miliony na StrangerCam.com! Spus\u0165te n\u00e1hodn\u00fd videochat, zapn\u011bte kameru a okam\u017eit\u011b se seznamte s ciz\u00edmi lidmi.","breadcrumb":{"@id":"https:\/\/strangercam.com\/cam-dating\/#breadcrumb"},"inLanguage":"cs","potentialAction":[{"@type":"ReadAction","target":["https:\/\/strangercam.com\/cam-dating\/"]}]},{"@type":"BreadcrumbList","@id":"https:\/\/strangercam.com\/cam-dating\/#breadcrumb","itemListElement":[{"@type":"ListItem","position":1,"name":"Home","item":"https:\/\/strangercam.com\/"},{"@type":"ListItem","position":2,"name":"Cam Dating"}]},{"@type":"WebSite","@id":"https:\/\/strangercam.com\/#website","url":"https:\/\/strangercam.com\/","name":"Strangercam","description":"N\u00e1hodn\u00fd videochat s ciz\u00edmi lidmi","publisher":{"@id":"https:\/\/strangercam.com\/#organization"},"alternateName":"Strangercam.com","potentialAction":[{"@type":"SearchAction","target":{"@type":"EntryPoint","urlTemplate":"https:\/\/strangercam.com\/?s={search_term_string}"},"query-input":{"@type":"PropertyValueSpecification","valueRequired":true,"valueName":"search_term_string"}}],"inLanguage":"cs"},{"@type":"Organization","@id":"https:\/\/strangercam.com\/#organization","name":"Strangercam","alternateName":"Strangercam.com","url":"https:\/\/strangercam.com\/","logo":{"@type":"ImageObject","inLanguage":"cs","@id":"https:\/\/strangercam.com\/#\/schema\/logo\/image\/","url":"https:\/\/strangercam.com\/wp-content\/uploads\/2020\/11\/cropped-new-favicon-black.png","contentUrl":"https:\/\/strangercam.com\/wp-content\/uploads\/2020\/11\/cropped-new-favicon-black.png","width":512,"height":512,"caption":"Strangercam"},"image":{"@id":"https:\/\/strangercam.com\/#\/schema\/logo\/image\/"},"sameAs":["https:\/\/www.facebook.com\/strangercam","https:\/\/x.com\/strangercamapp"]}]}},"_links":{"self":[{"href":"https:\/\/strangercam.com\/cs\/wp-json\/wp\/v2\/pages\/4141","targetHints":{"allow":["GET"]}}],"collection":[{"href":"https:\/\/strangercam.com\/cs\/wp-json\/wp\/v2\/pages"}],"about":[{"href":"https:\/\/strangercam.com\/cs\/wp-json\/wp\/v2\/types\/page"}],"author":[{"embeddable":true,"href":"https:\/\/strangercam.com\/cs\/wp-json\/wp\/v2\/users\/8"}],"replies":[{"embeddable":true,"href":"https:\/\/strangercam.com\/cs\/wp-json\/wp\/v2\/comments?post=4141"}],"version-history":[{"count":2,"href":"https:\/\/strangercam.com\/cs\/wp-json\/wp\/v2\/pages\/4141\/revisions"}],"predecessor-version":[{"id":13014,"href":"https:\/\/strangercam.com\/cs\/wp-json\/wp\/v2\/pages\/4141\/revisions\/13014"}],"wp:attachment":[{"href":"https:\/\/strangercam.com\/cs\/wp-json\/wp\/v2\/media?parent=4141"}],"curies":[{"name":"wp","href":"https:\/\/api.w.org\/{rel}","templated":true}]}}