{"id":4107,"date":"2025-09-08T08:58:53","date_gmt":"2025-09-08T06:58:53","guid":{"rendered":"https:\/\/strangercam.com\/?page_id=4107"},"modified":"2025-09-08T10:03:26","modified_gmt":"2025-09-08T08:03:26","slug":"kamera-jeden-na-jednoho","status":"publish","type":"page","link":"https:\/\/strangercam.com\/cs\/one-on-one-cam\/","title":{"rendered":"Kamera jeden na jednoho"},"content":{"rendered":"<p>Hled\u00e1te nejlep\u0161\u00ed jeden na jednoho <a href=\"https:\/\/strangercam.com\/cs\/bazoocam\/\">cam<\/a> zku\u0161enosti? Nejste v tom sami. Miliony lid\u00ed na cel\u00e9m sv\u011bt\u011b d\u00e1vaj\u00ed p\u0159ednost soukrom\u00fdm chat\u016fm tv\u00e1\u0159\u00ed v tv\u00e1\u0159 p\u0159ed hlu\u010dn\u00fdmi skupinov\u00fdmi m\u00edstnostmi nebo p\u0159epln\u011bn\u00fdmi soci\u00e1ln\u00edmi s\u00edt\u011bmi. S kamerou jeden na jednoho z\u00edsk\u00e1te p\u0159\u00edmou, osobn\u00ed konverzaci s ciz\u00edmi lidmi nebo nov\u00fdmi p\u0159\u00e1teli - jen vy a jedna dal\u0161\u00ed osoba na videu, \u017e\u00e1dn\u00e9 rozptylov\u00e1n\u00ed.<\/p>\n<p>V roce 2025 umo\u017e\u0148uj\u00ed platformy jako StrangerCam vyu\u017e\u00edvat bezplatn\u011b jeden na jednoho <a href=\"https:\/\/strangercam.com\/cs\/cam-to-cam-chat\/\">cam chat<\/a> okam\u017eit\u011b - bez registrace, stahov\u00e1n\u00ed a skryt\u00fdch poplatk\u016f. A\u0165 u\u017e hled\u00e1te p\u0159\u00e1telstv\u00ed, nez\u00e1vaznou z\u00e1bavu, flirt nebo jen smysluplnou konverzaci, kamera jeden na jednoho v\u00e1m poskytne soukrom\u00ed a spont\u00e1nnost, kter\u00e9 skupinov\u00e9 chaty nebo seznamovac\u00ed aplikace nedok\u00e1\u017eou.<\/p>\n<p>Tento pr\u016fvodce v\u00e1m vysv\u011btl\u00ed v\u0161e, co pot\u0159ebujete v\u011bd\u011bt: co je to jedna na jednu kameru, pro\u010d ji lid\u00e9 miluj\u00ed, jak funguje, nejd\u016fle\u017eit\u011bj\u0161\u00ed funkce, srovn\u00e1n\u00ed platforem, bezpe\u010dnostn\u00ed tipy a pro\u010d je StrangerCam jedn\u00edm z nejlep\u0161\u00edch m\u00edst pro jednu na jednu kameru v 2025.<\/p>\n<h2>Co je kamera One on One?<\/h2>\n<p>One on one cam je soukrom\u00fd \u017eiv\u00fd videochat, ve kter\u00e9m jste prost\u0159ednictv\u00edm webov\u00e9 kamery a mikrofonu okam\u017eit\u011b spojeni pouze s jednou dal\u0161\u00ed osobou. Na rozd\u00edl od skupinov\u00fdch chat\u016f nebo textov\u00e9ho chatu je tento z\u00e1\u017eitek osobn\u011bj\u0161\u00ed a soust\u0159ed\u011bn\u011bj\u0161\u00ed.<\/p>\n<p>My\u0161lenka je jednoduch\u00e1: stisknete tla\u010d\u00edtko, povol\u00edte webovou kameru a b\u011bhem n\u011bkolika sekund se ocitnete v soukrom\u00e9m videohovoru tv\u00e1\u0159\u00ed v tv\u00e1\u0159 s ciz\u00edm \u010dlov\u011bkem. Pokud konverzace neklapne, stiskn\u011bte tla\u010d\u00edtko Dal\u0161\u00ed a budete spojeni s n\u011bk\u00fdm nov\u00fdm.<\/p>\n<h2>Pro\u010d lid\u00e9 miluj\u00ed bezplatn\u00fd chat jeden na jednoho<\/h2>\n<p>Obliba bezplatn\u00fdch kamer jeden na jednoho vzrostla, proto\u017ee nab\u00edz\u00ed n\u011bco jedine\u010dn\u00e9ho:<\/p>\n<ul>\n<li>Ochrana osobn\u00edch \u00fadaj\u016f: Rozhovory prob\u00edhaj\u00ed mezi \u010dty\u0159ma o\u010dima, ne v ru\u0161n\u00e9 skupin\u011b.<\/li>\n<li>Autenti\u010dnost: Videochat zaji\u0161\u0165uje, \u017ee mluv\u00edte se skute\u010dn\u00fdm \u010dlov\u011bkem, nikoliv s botem.<\/li>\n<li>Spont\u00e1nnost: Ka\u017ed\u00fd nov\u00fd chat je p\u0159ekvapen\u00edm.<\/li>\n<li>\u017d\u00e1dn\u00e9 rozptylov\u00e1n\u00ed: \u017d\u00e1dn\u00e9 sledov\u00e1n\u00ed davu - jen vy a jedna dal\u0161\u00ed osoba.<\/li>\n<li>P\u0159\u00e1telstv\u00ed a flirtov\u00e1n\u00ed: Skv\u011bl\u00e9 pro navazov\u00e1n\u00ed p\u0159\u00e1telstv\u00ed, sd\u00edlen\u00ed p\u0159\u00edb\u011bh\u016f nebo nez\u00e1vaznou z\u00e1bavu.<\/li>\n<li>Okam\u017eit\u00fd p\u0159\u00edstup: \u017d\u00e1dn\u00e9 profily, \u017eivotopisy ani dlouh\u00e9 registrace - sta\u010d\u00ed kliknout a p\u0159ipojit se.<\/li>\n<\/ul>\n<h2>Jak funguje kamera One on One?<\/h2>\n<p>Postup je jednoduch\u00fd a vhodn\u00fd pro za\u010d\u00e1te\u010dn\u00edky:<\/p>\n<ol>\n<li>Otev\u0159ete platformu (pro stoln\u00ed po\u010d\u00edta\u010de nebo mobiln\u00ed za\u0159\u00edzen\u00ed).<\/li>\n<li>Povolen\u00ed p\u0159\u00edstupu ke kame\u0159e a mikrofonu.<\/li>\n<li>Klikn\u011bte na tla\u010d\u00edtko \"Spustit chat\".<\/li>\n<li>Okam\u017eit\u011b se spojte s jednou osobou v soukrom\u00e9 kamerov\u00e9 relaci.<\/li>\n<li>Stisknut\u00edm tla\u010d\u00edtka \"Dal\u0161\u00ed\" m\u016f\u017eete kdykoli pokra\u010dovat.<\/li>\n<\/ol>\n<p>N\u011bkter\u00e9 platformy nab\u00edzej\u00ed tak\u00e9 filtry podle pohlav\u00ed, v\u00fdb\u011br zem\u011b nebo dokonce n\u00e1stroje pro automatick\u00fd p\u0159eklad pro mezin\u00e1rodn\u00ed p\u0159ipojen\u00ed.<\/p>\n<h2>Nejd\u016fle\u017eit\u011bj\u0161\u00ed funkce, kter\u00e9 je t\u0159eba hledat<\/h2>\n<p>P\u0159i v\u00fdb\u011bru platformy pro jednu kameru se zam\u011b\u0159te na tyto d\u016fle\u017eit\u00e9 funkce:<\/p>\n<h3>1. Skute\u010dn\u011b voln\u00fd p\u0159\u00edstup<\/h3>\n<p>Vyhn\u011bte se platform\u00e1m, kter\u00e9 inzeruj\u00ed \"zdarma\", ale kl\u00ed\u010dov\u00e9 funkce blokuj\u00ed za placen\u00fdmi zdmi.<\/p>\n<h3>2. Nen\u00ed nutn\u00e1 registrace<\/h3>\n<p>Z\u016fsta\u0148te v anonymit\u011b - nem\u011bla by b\u00fdt vy\u017eadov\u00e1na \u017e\u00e1dn\u00e1 registrace.<\/p>\n<h3>3. Filtry pohlav\u00ed a lokality<\/h3>\n<p>Pom\u00e1h\u00e1 naj\u00edt typ \u010dlov\u011bka, se kter\u00fdm chcete chatovat.<\/p>\n<h3>4. Soukrom\u00e9 a bezpe\u010dn\u00e9<\/h3>\n<p>Zajist\u011bte, aby platforma nab\u00edzela moderov\u00e1n\u00ed a n\u00e1stroje pro blokov\u00e1n\u00ed\/nahla\u0161ov\u00e1n\u00ed.<\/p>\n<h3>5. Design vhodn\u00fd pro mobiln\u00ed za\u0159\u00edzen\u00ed<\/h3>\n<p>Slu\u017eba by m\u011bla fungovat na telefonech i stoln\u00edch po\u010d\u00edta\u010d\u00edch.<\/p>\n<h3>6. Vysoce kvalitn\u00ed video a zvuk<\/h3>\n<p>Jasn\u00e1 spojen\u00ed usnad\u0148uj\u00ed a zp\u0159\u00edjem\u0148uj\u00ed konverzaci.<\/p>\n<h2>Nejlep\u0161\u00ed platformy One on One Cam v roce 2025<\/h2>\n<p>Zde je srovn\u00e1n\u00ed nejlep\u0161\u00edch platforem pro soukrom\u00fd chat s jednou kamerou:<\/p>\n<table>\n<thead>\n<tr>\n<th>Platforma<\/th>\n<th align=\"center\">Voln\u00fd p\u0159\u00edstup<\/th>\n<th align=\"center\">Filtr podle pohlav\u00ed<\/th>\n<th align=\"center\">Pot\u0159ebn\u00e1 registrace<\/th>\n<th align=\"center\">Mobiln\u00ed podpora<\/th>\n<th align=\"center\">Moderov\u00e1n\u00ed<\/th>\n<th>Pozn\u00e1mky<\/th>\n<\/tr>\n<\/thead>\n<tbody>\n<tr>\n<td>StrangerCam<\/td>\n<td align=\"center\">\u2705<\/td>\n<td align=\"center\">\u2705 (zdarma)<\/td>\n<td align=\"center\">\u274c<\/td>\n<td align=\"center\">\u2705<\/td>\n<td align=\"center\">\u2705<\/td>\n<td>Nejlep\u0161\u00ed v\u0161estrann\u00e1 volba, soukrom\u00e1 kamera jeden na jednoho<\/td>\n<\/tr>\n<tr>\n<td><a href=\"https:\/\/strangercam.com\/cs\/chatroulette\/\">Chatroulette<\/a><\/td>\n<td align=\"center\">\u2705<\/td>\n<td align=\"center\">\u274c (Placen\u00e9)<\/td>\n<td align=\"center\">\u274c<\/td>\n<td align=\"center\">\u2705<\/td>\n<td align=\"center\">\u2705<\/td>\n<td>Klasick\u00e9, ale uzam\u010den\u00e9 genderov\u00e9 filtry<\/td>\n<\/tr>\n<tr>\n<td>Chatrandom<\/td>\n<td align=\"center\">\u2705<\/td>\n<td align=\"center\">\u274c (Placen\u00e9)<\/td>\n<td align=\"center\">\u274c<\/td>\n<td align=\"center\">\u2705<\/td>\n<td align=\"center\">\u2705<\/td>\n<td>Popul\u00e1rn\u00ed, ale aktualizace se prosazuj\u00ed<\/td>\n<\/tr>\n<tr>\n<td><a href=\"https:\/\/strangercam.com\/cs\/ometv\/\">OmeTV<\/a><\/td>\n<td align=\"center\">\u2705<\/td>\n<td align=\"center\">\u274c<\/td>\n<td align=\"center\">\u274c<\/td>\n<td align=\"center\">\u2705<\/td>\n<td align=\"center\">\u2705<\/td>\n<td>Pouze n\u00e1hodn\u011b, mobiln\u00ed aplikace<\/td>\n<\/tr>\n<tr>\n<td>Shagle<\/td>\n<td align=\"center\">\u2705<\/td>\n<td align=\"center\">\u274c (Placen\u00e9)<\/td>\n<td align=\"center\">\u274c<\/td>\n<td align=\"center\">\u2705<\/td>\n<td align=\"center\">\u2705<\/td>\n<td>Z\u00e1kladn\u00ed pou\u017eit\u00ed zdarma, pr\u00e9miov\u00e9 upgrady<\/td>\n<\/tr>\n<tr>\n<td><a href=\"https:\/\/strangercam.com\/cs\/coomeet\/\">CooMeet<\/a><\/td>\n<td align=\"center\">\u274c (zku\u0161ebn\u00ed verze)<\/td>\n<td align=\"center\">\u2705<\/td>\n<td align=\"center\">\u2705<\/td>\n<td align=\"center\">\u2705<\/td>\n<td align=\"center\">\u2705<\/td>\n<td>Placeno po zku\u0161ebn\u00ed dob\u011b, zam\u011b\u0159uje se na d\u00edv\u010d\u00ed chaty<\/td>\n<\/tr>\n<tr>\n<td>LuckyCrush<\/td>\n<td align=\"center\">\u274c<\/td>\n<td align=\"center\">\u2705<\/td>\n<td align=\"center\">\u2705<\/td>\n<td align=\"center\">\u2705<\/td>\n<td align=\"center\">\u2705<\/td>\n<td>V\u017edy placen\u00e9, odpov\u00eddaj\u00edc\u00ed pohlav\u00ed<\/td>\n<\/tr>\n<\/tbody>\n<\/table>\n<p>StrangerCam vynik\u00e1 jako jedna z m\u00e1la platforem, kter\u00e9 nab\u00edzej\u00ed bezplatn\u00fd chat jeden na jednoho s funguj\u00edc\u00edm filtrem pohlav\u00ed a bez registrace.<\/p>\n<h2>Pro\u010d je StrangerCam nejlep\u0161\u00ed volbou<\/h2>\n<p>Tady je d\u016fvod, pro\u010d je StrangerCam nejlep\u0161\u00ed volbou v roce 2025 pro kamery jeden na jednoho:<\/p>\n<h3>1. Zcela zdarma a neomezen\u011b<\/h3>\n<p>\u017d\u00e1dn\u00e9 skryt\u00e9 n\u00e1klady, kredity ani zku\u0161ebn\u00ed limity.<\/p>\n<h3>2. Soukrom\u00e9 kamerov\u00e9 sezen\u00ed jeden na jednoho<\/h3>\n<p>Soust\u0159ed\u011bn\u00e9 osobn\u00ed videohovory bez ru\u0161iv\u00fdch vliv\u016f skupiny.<\/p>\n<h3>3. Voln\u00fd filtr pohlav\u00ed<\/h3>\n<p>Vyberte si, s k\u00fdm se chcete setkat bez placen\u00ed.<\/p>\n<h3>4. Nen\u00ed nutn\u00e1 registrace<\/h3>\n<p>Z\u016fsta\u0148te v anonymit\u011b a okam\u017eit\u011b se p\u0159ipojte.<\/p>\n<h3>5. Bezpe\u010dn\u00e9 a moderovan\u00e9<\/h3>\n<p>D\u00edky d\u016fkladn\u00e9mu hl\u00e1\u0161en\u00ed a moderov\u00e1n\u00ed je bezpe\u010dn\u011bj\u0161\u00ed ne\u017e v\u011bt\u0161ina ostatn\u00edch.<\/p>\n<h3>6. Funguje na v\u0161ech za\u0159\u00edzen\u00edch<\/h3>\n<p>Optimalizov\u00e1no pro po\u010d\u00edta\u010de, tablety a mobiln\u00ed za\u0159\u00edzen\u00ed.<\/p>\n<h2>Zku\u0161enosti skute\u010dn\u00fdch u\u017eivatel\u016f<\/h2>\n<blockquote><p><em>\"U\u017e m\u011b nebavily skupinov\u00e9 chaty a cht\u011bl jsem n\u011bco soukrom\u011bj\u0161\u00edho. Kamera StrangerCam pro jednoho je perfektn\u00ed - jen j\u00e1 a osoba, se kterou mluv\u00edm.\"<\/em><br \/>\n- Daniel, 28 let<\/p><\/blockquote>\n<blockquote><p><em>\"Genderov\u00fd filtr funguje zdarma, co\u017e je mnohem lep\u0161\u00ed ne\u017e u jin\u00fdch platforem, kter\u00e9 jsem zkou\u0161el.\"<\/em><br \/>\n- Sophia, 21 let<\/p><\/blockquote>\n<blockquote><p><em>\"Prost\u0159ednictv\u00edm individu\u00e1ln\u00ed kamery jsem si na\u0161el p\u0159\u00e1tele z cel\u00e9ho sv\u011bta. Je to osobn\u011bj\u0161\u00ed ne\u017e skupinov\u00e9 chaty.\"<\/em><br \/>\n- Ryan, 30 let<\/p><\/blockquote>\n<blockquote><p><em>\"Je to jednoduch\u00e9, rychl\u00e9 a bezpe\u010dn\u00e9. P\u0159esn\u011b to jsem cht\u011bl v bezplatn\u00e9m chatu s jednou kamerou.\"<\/em><br \/>\n- Mia, 19 let<\/p><\/blockquote>\n<h2>Bezpe\u010dnostn\u00ed tipy pro kamerov\u00e9 syst\u00e9my One on One<\/h2>\n<p>Chatov\u00e1n\u00ed s jednou kamerou je sice z\u00e1bavn\u00e9, ale m\u011bjte na pam\u011bti tyto bezpe\u010dnostn\u00ed tipy:<\/p>\n<ul>\n<li>Nesd\u011blujte osobn\u00ed \u00fadaje (telefonn\u00ed \u010d\u00edslo, adresu, e-mail).<\/li>\n<li>P\u0159esko\u010dte nebo zablokujte ka\u017ed\u00e9ho, kdo je v\u00e1m nep\u0159\u00edjemn\u00fd.<\/li>\n<li>Neklikejte na odkazy sd\u00edlen\u00e9 ciz\u00edmi lidmi.<\/li>\n<li>Zkontrolujte si sv\u00e9 pozad\u00ed, abyste ochr\u00e1nili sv\u00e9 soukrom\u00ed.<\/li>\n<li>Pou\u017e\u00edvejte n\u00e1stroje platformy, jako je hl\u00e1\u0161en\u00ed a blokov\u00e1n\u00ed.<\/li>\n<li>Respektujte v\u011bkov\u00e1 omezen\u00ed - pokud je v\u00e1m m\u00e9n\u011b ne\u017e 18 let, nepou\u017e\u00edvejte str\u00e1nky s chatem pro dosp\u011bl\u00e9.<\/li>\n<\/ul>\n<h2>Jak za\u010d\u00edt - krok za krokem<\/h2>\n<p>Zah\u00e1jen\u00ed chatu jeden na jednoho trv\u00e1 m\u00e9n\u011b ne\u017e minutu:<\/p>\n<ol>\n<li>Otev\u0159ete StrangerCam ve sv\u00e9m za\u0159\u00edzen\u00ed.<\/li>\n<li>Povolte p\u0159\u00edstup k fotoapar\u00e1tu a mikrofonu.<\/li>\n<li>Zvolte si sv\u00e9 preference (nap\u0159\u00edklad filtr pohlav\u00ed).<\/li>\n<li>Kliknut\u00edm na tla\u010d\u00edtko Spustit chat se okam\u017eit\u011b p\u0159ipoj\u00edte.<\/li>\n<li>U\u017eijte si soukrom\u00fd chat s jednou kamerou.<\/li>\n<\/ol>\n<p>Rychle, snadno a zdarma.<\/p>\n<p>V roce 2025 z\u016fst\u00e1v\u00e1 kamera jeden na jednoho jedn\u00edm z nejlep\u0161\u00edch zp\u016fsob\u016f online komunikace. Je osobn\u00ed, spont\u00e1nn\u00ed a autentick\u00e1 - umo\u017e\u0148uje v\u00e1m skute\u010dn\u00e9 rozhovory s ciz\u00edmi lidmi po cel\u00e9m sv\u011bt\u011b.<\/p>\n<p>Ne ka\u017ed\u00e1 platforma v\u0161ak stoj\u00ed za v\u00e1\u0161 \u010das. Mnoh\u00e9 z nich skr\u00fdvaj\u00ed funkce za paywallem nebo zaplavuj\u00ed sv\u00e9 str\u00e1nky roboty. Proto je StrangerCam tou nejlep\u0161\u00ed volbou: je zdarma, soukrom\u00e1, bezpe\u010dn\u00e1 a v\u017edy aktivn\u00ed s lidmi p\u0159ipraven\u00fdmi k chatu.<\/p>\n<p>Jste p\u0159ipraveni to vyzkou\u0161et? Za\u010dn\u011bte bezplatn\u00fd chat s jednou kamerou je\u0161t\u011b dnes a zjist\u011bte, koho potk\u00e1te p\u0159\u00ed\u0161t\u011b.<\/p>","protected":false},"excerpt":{"rendered":"<p>Are you searching for the best one on one cam experience? You\u2019re not alone. Millions of people around the world prefer private, face-to-face chats instead of noisy group rooms or crowded social networks. With one on one cam, you get direct, personal conversations with strangers or new friends\u2014just you and one other person on video, [&hellip;]<\/p>\n","protected":false},"author":8,"featured_media":0,"parent":0,"menu_order":0,"comment_status":"closed","ping_status":"closed","template":"","meta":{"footnotes":""},"class_list":["post-4107","page","type-page","status-publish","hentry"],"yoast_head":"<!-- This site is optimized with the Yoast SEO plugin v27.4 - https:\/\/yoast.com\/product\/yoast-seo-wordpress\/ -->\n<title>One On One Cam with Video Chat on Strangercam.com<\/title>\n<meta name=\"description\" content=\"Liking One On One Cam? Join millions on StrangerCam.com! Start a random video chat, turn on your cam, and meet strangers instantly.\" \/>\n<meta name=\"robots\" content=\"index, follow, max-snippet:-1, max-image-preview:large, max-video-preview:-1\" \/>\n<link rel=\"canonical\" href=\"https:\/\/strangercam.com\/cs\/kamera-jeden-na-jednoho\/\" \/>\n<meta property=\"og:locale\" content=\"cs_CZ\" \/>\n<meta property=\"og:type\" content=\"article\" \/>\n<meta property=\"og:title\" content=\"One On One Cam with Video Chat on Strangercam.com\" \/>\n<meta property=\"og:description\" content=\"Liking One On One Cam? Join millions on StrangerCam.com! Start a random video chat, turn on your cam, and meet strangers instantly.\" \/>\n<meta property=\"og:url\" content=\"https:\/\/strangercam.com\/cs\/kamera-jeden-na-jednoho\/\" \/>\n<meta property=\"og:site_name\" content=\"Strangercam\" \/>\n<meta property=\"article:publisher\" content=\"https:\/\/www.facebook.com\/strangercam\" \/>\n<meta property=\"article:modified_time\" content=\"2025-09-08T08:03:26+00:00\" \/>\n<meta property=\"og:image\" content=\"https:\/\/strangercam.com\/wp-content\/uploads\/2021\/10\/Untitled-2.png\" \/>\n\t<meta property=\"og:image:width\" content=\"800\" \/>\n\t<meta property=\"og:image:height\" content=\"532\" \/>\n\t<meta property=\"og:image:type\" content=\"image\/png\" \/>\n<meta name=\"twitter:card\" content=\"summary_large_image\" \/>\n<meta name=\"twitter:site\" content=\"@strangercamapp\" \/>\n<meta name=\"twitter:label1\" content=\"Odhadovan\u00e1 doba \u010dten\u00ed\" \/>\n\t<meta name=\"twitter:data1\" content=\"5 minut\" \/>\n<script type=\"application\/ld+json\" class=\"yoast-schema-graph\">{\"@context\":\"https:\\\/\\\/schema.org\",\"@graph\":[{\"@type\":\"WebPage\",\"@id\":\"https:\\\/\\\/strangercam.com\\\/one-on-one-cam\\\/\",\"url\":\"https:\\\/\\\/strangercam.com\\\/one-on-one-cam\\\/\",\"name\":\"One On One Cam with Video Chat on Strangercam.com\",\"isPartOf\":{\"@id\":\"https:\\\/\\\/strangercam.com\\\/#website\"},\"datePublished\":\"2025-09-08T06:58:53+00:00\",\"dateModified\":\"2025-09-08T08:03:26+00:00\",\"description\":\"Liking One On One Cam? Join millions on StrangerCam.com! Start a random video chat, turn on your cam, and meet strangers instantly.\",\"breadcrumb\":{\"@id\":\"https:\\\/\\\/strangercam.com\\\/one-on-one-cam\\\/#breadcrumb\"},\"inLanguage\":\"cs\",\"potentialAction\":[{\"@type\":\"ReadAction\",\"target\":[\"https:\\\/\\\/strangercam.com\\\/one-on-one-cam\\\/\"]}]},{\"@type\":\"BreadcrumbList\",\"@id\":\"https:\\\/\\\/strangercam.com\\\/one-on-one-cam\\\/#breadcrumb\",\"itemListElement\":[{\"@type\":\"ListItem\",\"position\":1,\"name\":\"Home\",\"item\":\"https:\\\/\\\/strangercam.com\\\/\"},{\"@type\":\"ListItem\",\"position\":2,\"name\":\"One On One Cam\"}]},{\"@type\":\"WebSite\",\"@id\":\"https:\\\/\\\/strangercam.com\\\/#website\",\"url\":\"https:\\\/\\\/strangercam.com\\\/\",\"name\":\"Strangercam\",\"description\":\"Random Video Chat with Strangers\",\"publisher\":{\"@id\":\"https:\\\/\\\/strangercam.com\\\/#organization\"},\"alternateName\":\"Strangercam.com\",\"potentialAction\":[{\"@type\":\"SearchAction\",\"target\":{\"@type\":\"EntryPoint\",\"urlTemplate\":\"https:\\\/\\\/strangercam.com\\\/?s={search_term_string}\"},\"query-input\":{\"@type\":\"PropertyValueSpecification\",\"valueRequired\":true,\"valueName\":\"search_term_string\"}}],\"inLanguage\":\"cs\"},{\"@type\":\"Organization\",\"@id\":\"https:\\\/\\\/strangercam.com\\\/#organization\",\"name\":\"Strangercam\",\"alternateName\":\"Strangercam.com\",\"url\":\"https:\\\/\\\/strangercam.com\\\/\",\"logo\":{\"@type\":\"ImageObject\",\"inLanguage\":\"cs\",\"@id\":\"https:\\\/\\\/strangercam.com\\\/#\\\/schema\\\/logo\\\/image\\\/\",\"url\":\"https:\\\/\\\/strangercam.com\\\/wp-content\\\/uploads\\\/2020\\\/11\\\/cropped-new-favicon-black.png\",\"contentUrl\":\"https:\\\/\\\/strangercam.com\\\/wp-content\\\/uploads\\\/2020\\\/11\\\/cropped-new-favicon-black.png\",\"width\":512,\"height\":512,\"caption\":\"Strangercam\"},\"image\":{\"@id\":\"https:\\\/\\\/strangercam.com\\\/#\\\/schema\\\/logo\\\/image\\\/\"},\"sameAs\":[\"https:\\\/\\\/www.facebook.com\\\/strangercam\",\"https:\\\/\\\/x.com\\\/strangercamapp\"]}]}<\/script>\n<!-- \/ Yoast SEO plugin. -->","yoast_head_json":{"title":"Kamera jeden na jednoho s videochatem na Strangercam.com","description":"L\u00edb\u00ed se v\u00e1m kamera jeden na jednoho? Join miliony na StrangerCam.com! Spus\u0165te n\u00e1hodn\u00fd videochat, zapn\u011bte kameru a okam\u017eit\u011b se seznamte s ciz\u00edmi lidmi.","robots":{"index":"index","follow":"follow","max-snippet":"max-snippet:-1","max-image-preview":"max-image-preview:large","max-video-preview":"max-video-preview:-1"},"canonical":"https:\/\/strangercam.com\/cs\/kamera-jeden-na-jednoho\/","og_locale":"cs_CZ","og_type":"article","og_title":"One On One Cam with Video Chat on Strangercam.com","og_description":"Liking One On One Cam? Join millions on StrangerCam.com! Start a random video chat, turn on your cam, and meet strangers instantly.","og_url":"https:\/\/strangercam.com\/cs\/kamera-jeden-na-jednoho\/","og_site_name":"Strangercam","article_publisher":"https:\/\/www.facebook.com\/strangercam","article_modified_time":"2025-09-08T08:03:26+00:00","og_image":[{"width":800,"height":532,"url":"https:\/\/strangercam.com\/wp-content\/uploads\/2021\/10\/Untitled-2.png","type":"image\/png"}],"twitter_card":"summary_large_image","twitter_site":"@strangercamapp","twitter_misc":{"Odhadovan\u00e1 doba \u010dten\u00ed":"5 minut"},"schema":{"@context":"https:\/\/schema.org","@graph":[{"@type":"WebPage","@id":"https:\/\/strangercam.com\/one-on-one-cam\/","url":"https:\/\/strangercam.com\/one-on-one-cam\/","name":"Kamera jeden na jednoho s videochatem na Strangercam.com","isPartOf":{"@id":"https:\/\/strangercam.com\/#website"},"datePublished":"2025-09-08T06:58:53+00:00","dateModified":"2025-09-08T08:03:26+00:00","description":"L\u00edb\u00ed se v\u00e1m kamera jeden na jednoho? Join miliony na StrangerCam.com! Spus\u0165te n\u00e1hodn\u00fd videochat, zapn\u011bte kameru a okam\u017eit\u011b se seznamte s ciz\u00edmi lidmi.","breadcrumb":{"@id":"https:\/\/strangercam.com\/one-on-one-cam\/#breadcrumb"},"inLanguage":"cs","potentialAction":[{"@type":"ReadAction","target":["https:\/\/strangercam.com\/one-on-one-cam\/"]}]},{"@type":"BreadcrumbList","@id":"https:\/\/strangercam.com\/one-on-one-cam\/#breadcrumb","itemListElement":[{"@type":"ListItem","position":1,"name":"Home","item":"https:\/\/strangercam.com\/"},{"@type":"ListItem","position":2,"name":"One On One Cam"}]},{"@type":"WebSite","@id":"https:\/\/strangercam.com\/#website","url":"https:\/\/strangercam.com\/","name":"Strangercam","description":"N\u00e1hodn\u00fd videochat s ciz\u00edmi lidmi","publisher":{"@id":"https:\/\/strangercam.com\/#organization"},"alternateName":"Strangercam.com","potentialAction":[{"@type":"SearchAction","target":{"@type":"EntryPoint","urlTemplate":"https:\/\/strangercam.com\/?s={search_term_string}"},"query-input":{"@type":"PropertyValueSpecification","valueRequired":true,"valueName":"search_term_string"}}],"inLanguage":"cs"},{"@type":"Organization","@id":"https:\/\/strangercam.com\/#organization","name":"Strangercam","alternateName":"Strangercam.com","url":"https:\/\/strangercam.com\/","logo":{"@type":"ImageObject","inLanguage":"cs","@id":"https:\/\/strangercam.com\/#\/schema\/logo\/image\/","url":"https:\/\/strangercam.com\/wp-content\/uploads\/2020\/11\/cropped-new-favicon-black.png","contentUrl":"https:\/\/strangercam.com\/wp-content\/uploads\/2020\/11\/cropped-new-favicon-black.png","width":512,"height":512,"caption":"Strangercam"},"image":{"@id":"https:\/\/strangercam.com\/#\/schema\/logo\/image\/"},"sameAs":["https:\/\/www.facebook.com\/strangercam","https:\/\/x.com\/strangercamapp"]}]}},"_links":{"self":[{"href":"https:\/\/strangercam.com\/cs\/wp-json\/wp\/v2\/pages\/4107","targetHints":{"allow":["GET"]}}],"collection":[{"href":"https:\/\/strangercam.com\/cs\/wp-json\/wp\/v2\/pages"}],"about":[{"href":"https:\/\/strangercam.com\/cs\/wp-json\/wp\/v2\/types\/page"}],"author":[{"embeddable":true,"href":"https:\/\/strangercam.com\/cs\/wp-json\/wp\/v2\/users\/8"}],"replies":[{"embeddable":true,"href":"https:\/\/strangercam.com\/cs\/wp-json\/wp\/v2\/comments?post=4107"}],"version-history":[{"count":2,"href":"https:\/\/strangercam.com\/cs\/wp-json\/wp\/v2\/pages\/4107\/revisions"}],"predecessor-version":[{"id":13012,"href":"https:\/\/strangercam.com\/cs\/wp-json\/wp\/v2\/pages\/4107\/revisions\/13012"}],"wp:attachment":[{"href":"https:\/\/strangercam.com\/cs\/wp-json\/wp\/v2\/media?parent=4107"}],"curies":[{"name":"wp","href":"https:\/\/api.w.org\/{rel}","templated":true}]}}