{"id":4090,"date":"2025-09-08T07:55:19","date_gmt":"2025-09-08T05:55:19","guid":{"rendered":"https:\/\/strangercam.com\/?page_id=4090"},"modified":"2025-09-08T10:00:45","modified_gmt":"2025-09-08T08:00:45","slug":"omegle-divka-chat","status":"publish","type":"page","link":"https:\/\/strangercam.com\/cs\/omegle-girl-chat\/","title":{"rendered":"Omegle D\u00edvka Chat"},"content":{"rendered":"<p>Hledali jste <a href=\"https:\/\/strangercam.com\/cs\/omegle\/\">Omegle<\/a> d\u00edvka <a href=\"https:\/\/strangercam.com\/cs\/chathub\/\">chat<\/a>? Nejste sami. Po cel\u00e1 l\u00e9ta byl Omegle m\u00edstem pro n\u00e1hodn\u00e9 videochaty, zejm\u00e9na pro lidi, kte\u0159\u00ed se cht\u011bj\u00ed sezn\u00e1mit a chatovat s d\u00edvkami online. Ale od roku 2023, kdy byla slu\u017eba Omegle ukon\u010dena, hledaj\u00ed miliony u\u017eivatel\u016f alternativy, kter\u00e9 nab\u00edzej\u00ed stejn\u00e9 vzru\u0161en\u00ed ze spont\u00e1nn\u00edch spojen\u00ed - s t\u00edm, \u017ee jsou bezpe\u010dn\u011bj\u0161\u00ed, modern\u011bj\u0161\u00ed a skute\u010dn\u011b bezplatn\u00e9.<\/p>\n<p>V roce 2025 umo\u017e\u0148uj\u00ed platformy jako StrangerCam vyu\u017e\u00edvat bezplatn\u00e9 d\u00edv\u010d\u00ed chaty online okam\u017eit\u011b - bez registrace, bez stahov\u00e1n\u00ed a bez skryt\u00fdch poplatk\u016f. A\u0165 u\u017e hled\u00e1te z\u00e1bavu, nez\u00e1vazn\u00e9 flirtov\u00e1n\u00ed, navazov\u00e1n\u00ed nov\u00fdch p\u0159\u00e1telstv\u00ed nebo jen kr\u00e1cen\u00ed \u010dasu, d\u00edv\u010d\u00ed chat ve stylu Omegle z\u016fst\u00e1v\u00e1 jedn\u00edm z nejzaj\u00edmav\u011bj\u0161\u00edch zp\u016fsob\u016f, jak se spojit.<\/p>\n<p>Tento pr\u016fvodce se bude zab\u00fdvat v\u0161\u00edm, co pot\u0159ebujete v\u011bd\u011bt: co byl d\u00edv\u010d\u00ed chat Omegle, pro\u010d se stal tak popul\u00e1rn\u00ed, jak ho nahradily modern\u00ed platformy, jak\u00e9 funkce hledat, srovn\u00e1n\u00ed nejlep\u0161\u00edch alternativ, bezpe\u010dnostn\u00ed tipy a pro\u010d je dnes StrangerCam jednou z nejlep\u0161\u00edch mo\u017enost\u00ed.<\/p>\n<h2>Co bylo Omegle Girl Chat?<\/h2>\n<p>Omegle girl chat odkazoval na funkci n\u00e1hodn\u00e9ho videochatu Omegle, kde se u\u017eivatel\u00e9 mohli pokusit spojit konkr\u00e9tn\u011b s d\u00edvkami online. Samotn\u00e1 slu\u017eba Omegle nenab\u00edzela skute\u010dn\u00fd genderov\u00fd filtr, co\u017e mnoh\u00e9 u\u017eivatele zklamalo. Mnoho vyhled\u00e1v\u00e1n\u00ed \"Omegle girl\" nebo hack\u016f t\u0159et\u00edch stran \u010dasto vedlo k nespolehliv\u00fdm nebo nebezpe\u010dn\u00fdm zku\u0161enostem.<\/p>\n<p>Od t\u00e9 doby, co se Omegle vypnul, popt\u00e1vka po bezpe\u010dn\u00e9m a skute\u010dn\u00e9m d\u00edv\u010d\u00edm chatu jen vzrostla. Proto p\u0159ich\u00e1zej\u00ed platformy, jako je StrangerCam, kter\u00e9 nab\u00edzej\u00ed skute\u010dn\u00e9, bezplatn\u00e9 genderov\u00e9 filtry a lep\u0161\u00ed bezpe\u010dnostn\u00ed funkce, ne\u017e kdy nab\u00edzela Omegle.<\/p>\n<h2>Pro\u010d lid\u00e9 hledaj\u00ed Omegle Girl Chat<\/h2>\n<p>Term\u00edn \"Omegle d\u00edvka chatu\" se stal popul\u00e1rn\u00ed z n\u011bkolika d\u016fvod\u016f:<\/p>\n<ul>\n<li>Touha po \u017eensk\u00fdch spojen\u00edch: Mnoho u\u017eivatel\u016f cht\u011blo chatovat pr\u00e1v\u011b s d\u00edvkami.<\/li>\n<li>Flirtov\u00e1n\u00ed a nez\u00e1vazn\u00e1 z\u00e1bava: Omegle se stal zn\u00e1m\u00fdm pro spont\u00e1nn\u00ed, bezstarostn\u00e1 spojen\u00ed.<\/li>\n<li>Zv\u011bdavost a z\u00e1bava: Pozn\u00e1v\u00e1n\u00ed nov\u00fdch d\u00edvek z cel\u00e9ho sv\u011bta bylo z\u00e1bavn\u00e9 a nep\u0159edv\u00eddateln\u00e9.<\/li>\n<li>Vyhnout se bot\u016fm a podvodn\u00edk\u016fm: U\u017eivatel\u00e9 d\u00e1vaj\u00ed p\u0159ednost videochatu, aby si ov\u011b\u0159ili, \u017ee mluv\u00ed se skute\u010dn\u00fdmi lidmi.<\/li>\n<li>Osam\u011blost: Omegle pro mnoh\u00e9 vyplnil mezeru nudy a poskytl okam\u017eitou soci\u00e1ln\u00ed interakci.<\/li>\n<\/ul>\n<h2>Jak fungoval chat s d\u00edvkou Omegle (a jeho omezen\u00ed)<\/h2>\n<p>Nastaven\u00ed Omegle bylo jednoduch\u00e9:<\/p>\n<ol>\n<li>Otev\u0159ete str\u00e1nku.<\/li>\n<li>Povolte p\u0159\u00edstup k webov\u00e9 kame\u0159e a mikrofonu.<\/li>\n<li>Klikn\u011bte na tla\u010d\u00edtko \"Start\" a spojte se s n\u00e1hodnou osobou.<\/li>\n<li>Stiskn\u011bte tla\u010d\u00edtko \"Dal\u0161\u00ed\" a pokra\u010dujte d\u00e1l.<\/li>\n<\/ol>\n<p>Probl\u00e9m? Omegle nenab\u00edzel funk\u010dn\u00ed genderov\u00fd filtr. Mnoho lid\u00ed, kte\u0159\u00ed hledali \"Omegle d\u00edv\u010d\u00ed chat\", bylo zklam\u00e1no, \u017ee byli p\u0159i\u0159azeni n\u00e1hodn\u011b. A co h\u016f\u0159, nedostatek moderov\u00e1n\u00ed \u010dasto vedl k nebezpe\u010dn\u00fdm nebo nep\u0159\u00edjemn\u00fdm z\u00e1\u017eitk\u016fm.<\/p>\n<h2>Vzestup Omegle D\u00edvka Chat Alternatives<\/h2>\n<p>Od ukon\u010den\u00ed provozu Omegle se objevily lep\u0161\u00ed platformy. Tyto nov\u00e9 str\u00e1nky vylep\u0161uj\u00ed klasick\u00fd form\u00e1t n\u00e1hodn\u00e9ho chatu t\u00edm, \u017ee nab\u00edzej\u00ed:<\/p>\n<ul>\n<li>Skute\u010dn\u00e9 genderov\u00e9 filtry (zdarma nebo placen\u00e9).<\/li>\n<li>Bezpe\u010dn\u011bj\u0161\u00ed prost\u0159ed\u00ed s aktivn\u00edm moderov\u00e1n\u00edm.<\/li>\n<li>Lep\u0161\u00ed mobiln\u00ed podpora.<\/li>\n<li>Kvalitn\u011bj\u0161\u00ed video a zvuk.<\/li>\n<li>Skute\u010dn\u011b bezplatn\u00fd p\u0159\u00edstup bez trik\u016f.<\/li>\n<\/ul>\n<h2>Nejlep\u0161\u00ed platformy pro Omegle Girl Chat in 2025<\/h2>\n<p>Zde je srovn\u00e1n\u00ed dne\u0161n\u00edch nejlep\u0161\u00edch alternativ:<\/p>\n<table>\n<thead>\n<tr>\n<th>Platforma<\/th>\n<th align=\"center\">Voln\u00fd p\u0159\u00edstup<\/th>\n<th align=\"center\">Filtr podle pohlav\u00ed<\/th>\n<th align=\"center\">Pot\u0159ebn\u00e1 registrace<\/th>\n<th align=\"center\">Mobiln\u00ed podpora<\/th>\n<th align=\"center\">Moderov\u00e1n\u00ed<\/th>\n<th>Pozn\u00e1mky<\/th>\n<\/tr>\n<\/thead>\n<tbody>\n<tr>\n<td>StrangerCam<\/td>\n<td align=\"center\">\u2705<\/td>\n<td align=\"center\">\u2705 (zdarma)<\/td>\n<td align=\"center\">\u274c<\/td>\n<td align=\"center\">\u2705<\/td>\n<td align=\"center\">\u2705<\/td>\n<td>Nejlep\u0161\u00ed n\u00e1hrada za Omegle girl chat<\/td>\n<\/tr>\n<tr>\n<td><a href=\"https:\/\/strangercam.com\/cs\/chatroulette\/\">Chatroulette<\/a><\/td>\n<td align=\"center\">\u2705<\/td>\n<td align=\"center\">\u274c (Placen\u00e9)<\/td>\n<td align=\"center\">\u274c<\/td>\n<td align=\"center\">\u2705<\/td>\n<td align=\"center\">\u2705<\/td>\n<td>Klasick\u00e1 mo\u017enost, ale bez bezplatn\u00fdch filtr\u016f<\/td>\n<\/tr>\n<tr>\n<td>Chatrandom<\/td>\n<td align=\"center\">\u2705<\/td>\n<td align=\"center\">\u274c (Placen\u00e9)<\/td>\n<td align=\"center\">\u274c<\/td>\n<td align=\"center\">\u2705<\/td>\n<td align=\"center\">\u2705<\/td>\n<td>Obl\u00edben\u00e9, ale pr\u00e9miov\u00e9 filtry<\/td>\n<\/tr>\n<tr>\n<td>Shagle<\/td>\n<td align=\"center\">\u2705<\/td>\n<td align=\"center\">\u274c (Placen\u00e9)<\/td>\n<td align=\"center\">\u274c<\/td>\n<td align=\"center\">\u2705<\/td>\n<td align=\"center\">\u2705<\/td>\n<td>Tla\u010d\u00ed na upgrady filtr\u016f<\/td>\n<\/tr>\n<tr>\n<td><a href=\"https:\/\/strangercam.com\/cs\/coomeet\/\">CooMeet<\/a><\/td>\n<td align=\"center\">\u274c (zku\u0161ebn\u00ed verze)<\/td>\n<td align=\"center\">\u2705<\/td>\n<td align=\"center\">\u2705<\/td>\n<td align=\"center\">\u2705<\/td>\n<td align=\"center\">\u2705<\/td>\n<td>Placen\u00e1 platforma zam\u011b\u0159en\u00e1 na chatov\u00e1n\u00ed s d\u00edvkami<\/td>\n<\/tr>\n<tr>\n<td>LuckyCrush<\/td>\n<td align=\"center\">\u274c<\/td>\n<td align=\"center\">\u2705<\/td>\n<td align=\"center\">\u2705<\/td>\n<td align=\"center\">\u2705<\/td>\n<td align=\"center\">\u2705<\/td>\n<td>V\u017edy placen\u00e9, spojuje kluky s d\u00edvkami<\/td>\n<\/tr>\n<\/tbody>\n<\/table>\n<p>StrangerCam vynik\u00e1 jako jedna z m\u00e1la platforem nab\u00edzej\u00edc\u00edch bezplatn\u00fd d\u00edv\u010d\u00ed chat ve stylu Omegle s funk\u010dn\u00edm filtrem pohlav\u00ed a bez registrace.<\/p>\n<h2>Pro\u010d je StrangerCam nejlep\u0161\u00ed Omegle D\u00edvka Chat Alternative<\/h2>\n<p>Zde je d\u016fvod, pro\u010d je StrangerCam nejlep\u0161\u00ed volbou v 2025 pro ty, kte\u0159\u00ed hledaj\u00ed Omegle d\u00edvka chatu:<\/p>\n<h3>1. Zcela zdarma a neomezen\u011b<\/h3>\n<p>\u017d\u00e1dn\u00e9 paywally, zku\u0161ebn\u00ed verze ani kredity - pouze bezplatn\u00e9 chaty.<\/p>\n<h3>2. Voln\u00fd filtr pohlav\u00ed<\/h3>\n<p>Seznamte se s d\u00edvkami okam\u017eit\u011b bez placen\u00ed nav\u00edc.<\/p>\n<h3>3. Nen\u00ed nutn\u00e1 registrace<\/h3>\n<p>Z\u016fsta\u0148te v anonymit\u011b a za\u010dn\u011bte chatovat b\u011bhem n\u011bkolika sekund.<\/p>\n<h3>4. Bezpe\u010dn\u00e9 a moderovan\u00e9<\/h3>\n<p>D\u00edky aktivn\u00edmu moderov\u00e1n\u00ed je bezpe\u010dn\u011bj\u0161\u00ed, ne\u017e kdy byl Omegle.<\/p>\n<h3>5. Glob\u00e1ln\u00ed u\u017eivatelsk\u00e1 z\u00e1kladna<\/h3>\n<p>Seznamte se s d\u00edvkami z cel\u00e9ho sv\u011bta, 24\/7.<\/p>\n<h3>6. Optimalizov\u00e1no pro v\u0161echna za\u0159\u00edzen\u00ed<\/h3>\n<p>Funguje bez probl\u00e9m\u016f na po\u010d\u00edta\u010di i na mobilu.<\/p>\n<h2>Zku\u0161enosti skute\u010dn\u00fdch u\u017eivatel\u016f<\/h2>\n<blockquote><p><em>\"Hledal jsem alternativy pro Omegle d\u00edv\u010d\u00ed chat a v\u011bt\u0161ina str\u00e1nek se mi sna\u017eila \u00fa\u010dtovat. StrangerCam skute\u010dn\u011b poskytl bezplatn\u00e9 p\u0159ipojen\u00ed.\"<\/em><br \/>\n- David, 27 let<\/p><\/blockquote>\n<blockquote><p><em>\"Genderov\u00fd filtr zde funguje dokonale. Je to p\u0159esn\u011b to, co Omegle chyb\u011blo.\"<\/em><br \/>\n- Sophia, 22 let<\/p><\/blockquote>\n<blockquote><p><em>\"B\u011bhem necel\u00e9 hodiny jsem se spojila s d\u00edvkami ze t\u0159\u00ed r\u016fzn\u00fdch zem\u00ed. Mnohem lep\u0161\u00ed ne\u017e Omegle.\"<\/em><br \/>\n- Ryan, 30 let<\/p><\/blockquote>\n<blockquote><p><em>\"P\u016fsob\u00ed bezpe\u010dn\u011bji a \u010dist\u011bji ne\u017e Omegle a pokud se mi chat nel\u00edb\u00ed, mohu jej okam\u017eit\u011b p\u0159esko\u010dit.\"<\/em><br \/>\n- Emma, 19 let<\/p><\/blockquote>\n<h2>Bezpe\u010dnostn\u00ed tipy pro d\u00edv\u010d\u00ed chat ve stylu Omegle<\/h2>\n<p>Chatov\u00e1n\u00ed s d\u00edvkami online je sice z\u00e1bavn\u00e9, ale kl\u00ed\u010dov\u00e1 je bezpe\u010dnost:<\/p>\n<ul>\n<li>Nesd\u00edlejte osobn\u00ed \u00fadaje (telefon, e-mail, adresu).<\/li>\n<li>P\u0159esko\u010dte nebo zablokujte ka\u017ed\u00e9ho, kdo je v\u00e1m nep\u0159\u00edjemn\u00fd.<\/li>\n<li>Nikdy neklikejte na podez\u0159el\u00e9 odkazy.<\/li>\n<li>P\u0159ed zapnut\u00edm webov\u00e9 kamery zkontrolujte pozad\u00ed.<\/li>\n<li>Pou\u017e\u00edvejte n\u00e1stroje platformy, jako jsou funkce reportov\u00e1n\u00ed.<\/li>\n<li>Respektujte v\u011bkov\u00e1 omezen\u00ed - pokud je v\u00e1m m\u00e9n\u011b ne\u017e 18 let, vyhn\u011bte se platform\u00e1m pro dosp\u011bl\u00e9.<\/li>\n<\/ul>\n<h2>Jak za\u010d\u00edt - krok za krokem<\/h2>\n<p>Spu\u0161t\u011bn\u00ed d\u00edv\u010d\u00edho chatu ve stylu Omegle trv\u00e1 jen n\u011bkolik sekund:<\/p>\n<ol>\n<li>Otev\u0159ete StrangerCam ve sv\u00e9m za\u0159\u00edzen\u00ed.<\/li>\n<li>Povolen\u00ed p\u0159\u00edstupu ke kame\u0159e a mikrofonu.<\/li>\n<li>Vyberte filtr pohlav\u00ed (d\u00edvky).<\/li>\n<li>Kliknut\u00edm na tla\u010d\u00edtko Spustit chat se okam\u017eit\u011b p\u0159ipoj\u00edte.<\/li>\n<li>Chcete-li se sezn\u00e1mit s n\u011bk\u00fdm nov\u00fdm, stiskn\u011bte kdykoli tla\u010d\u00edtko Dal\u0161\u00ed.<\/li>\n<\/ol>\n<p>Rychle, jednodu\u0161e a zdarma 100%.<\/p>\n<p>I kdy\u017e je Omegle pry\u010d, popt\u00e1vka po Omegle d\u00edv\u010d\u00ed chat nezmizela. Ve skute\u010dnosti je siln\u011bj\u0161\u00ed ne\u017e kdykoli p\u0159edt\u00edm. Dobrou zpr\u00e1vou je, \u017ee modern\u00ed alternativy, jako je StrangerCam, Omegle nejen nahrazuj\u00ed, ale tak\u00e9 vylep\u0161uj\u00ed - nab\u00edzej\u00ed bezplatn\u00e9 genderov\u00e9 filtry, lep\u0161\u00ed moderov\u00e1n\u00ed a bezpe\u010dn\u011bj\u0161\u00ed z\u00e1\u017eitky.<\/p>\n<p>Pokud se chcete sezn\u00e1mit, flirtovat nebo jen nez\u00e1vazn\u011b chatovat s d\u00edvkami online, StrangerCam je jednou z nejlep\u0161\u00edch voleb v roce 2025.<\/p>\n<p>Jste p\u0159ipraveni to vyzkou\u0161et? Za\u010dn\u011bte bezplatn\u00fd d\u00edv\u010d\u00ed chat ve stylu Omegle je\u0161t\u011b dnes a zjist\u011bte, koho potk\u00e1te p\u0159\u00ed\u0161t\u011b.<\/p>","protected":false},"excerpt":{"rendered":"<p>Have you been searching for Omegle girl chat? You\u2019re not alone. For years, Omegle was the go-to place for random video chats, especially for people looking to meet and chat with girls online. But since Omegle shut down in 2023, millions of users have been searching for alternatives that offer the same thrill of spontaneous [&hellip;]<\/p>\n","protected":false},"author":8,"featured_media":0,"parent":0,"menu_order":0,"comment_status":"closed","ping_status":"closed","template":"","meta":{"footnotes":""},"class_list":["post-4090","page","type-page","status-publish","hentry"],"yoast_head":"<!-- This site is optimized with the Yoast SEO plugin v27.4 - https:\/\/yoast.com\/product\/yoast-seo-wordpress\/ -->\n<title>Omegle Girl Chat with Video Chat on Strangercam.com<\/title>\n<meta name=\"description\" content=\"Liking Omegle Girl Chat? Join millions on StrangerCam.com! Start a random video chat, turn on your cam, and meet strangers instantly.\" \/>\n<meta name=\"robots\" content=\"index, follow, max-snippet:-1, max-image-preview:large, max-video-preview:-1\" \/>\n<link rel=\"canonical\" href=\"https:\/\/strangercam.com\/cs\/omegle-divka-chat\/\" \/>\n<meta property=\"og:locale\" content=\"cs_CZ\" \/>\n<meta property=\"og:type\" content=\"article\" \/>\n<meta property=\"og:title\" content=\"Omegle Girl Chat with Video Chat on Strangercam.com\" \/>\n<meta property=\"og:description\" content=\"Liking Omegle Girl Chat? Join millions on StrangerCam.com! Start a random video chat, turn on your cam, and meet strangers instantly.\" \/>\n<meta property=\"og:url\" content=\"https:\/\/strangercam.com\/cs\/omegle-divka-chat\/\" \/>\n<meta property=\"og:site_name\" content=\"Strangercam\" \/>\n<meta property=\"article:publisher\" content=\"https:\/\/www.facebook.com\/strangercam\" \/>\n<meta property=\"article:modified_time\" content=\"2025-09-08T08:00:45+00:00\" \/>\n<meta property=\"og:image\" content=\"https:\/\/strangercam.com\/wp-content\/uploads\/2021\/10\/Untitled-2.png\" \/>\n\t<meta property=\"og:image:width\" content=\"800\" \/>\n\t<meta property=\"og:image:height\" content=\"532\" \/>\n\t<meta property=\"og:image:type\" content=\"image\/png\" \/>\n<meta name=\"twitter:card\" content=\"summary_large_image\" \/>\n<meta name=\"twitter:site\" content=\"@strangercamapp\" \/>\n<meta name=\"twitter:label1\" content=\"Odhadovan\u00e1 doba \u010dten\u00ed\" \/>\n\t<meta name=\"twitter:data1\" content=\"4 minuty\" \/>\n<script type=\"application\/ld+json\" class=\"yoast-schema-graph\">{\"@context\":\"https:\\\/\\\/schema.org\",\"@graph\":[{\"@type\":\"WebPage\",\"@id\":\"https:\\\/\\\/strangercam.com\\\/omegle-girl-chat\\\/\",\"url\":\"https:\\\/\\\/strangercam.com\\\/omegle-girl-chat\\\/\",\"name\":\"Omegle Girl Chat with Video Chat on Strangercam.com\",\"isPartOf\":{\"@id\":\"https:\\\/\\\/strangercam.com\\\/#website\"},\"datePublished\":\"2025-09-08T05:55:19+00:00\",\"dateModified\":\"2025-09-08T08:00:45+00:00\",\"description\":\"Liking Omegle Girl Chat? Join millions on StrangerCam.com! Start a random video chat, turn on your cam, and meet strangers instantly.\",\"breadcrumb\":{\"@id\":\"https:\\\/\\\/strangercam.com\\\/omegle-girl-chat\\\/#breadcrumb\"},\"inLanguage\":\"cs\",\"potentialAction\":[{\"@type\":\"ReadAction\",\"target\":[\"https:\\\/\\\/strangercam.com\\\/omegle-girl-chat\\\/\"]}]},{\"@type\":\"BreadcrumbList\",\"@id\":\"https:\\\/\\\/strangercam.com\\\/omegle-girl-chat\\\/#breadcrumb\",\"itemListElement\":[{\"@type\":\"ListItem\",\"position\":1,\"name\":\"Home\",\"item\":\"https:\\\/\\\/strangercam.com\\\/\"},{\"@type\":\"ListItem\",\"position\":2,\"name\":\"Omegle Girl Chat\"}]},{\"@type\":\"WebSite\",\"@id\":\"https:\\\/\\\/strangercam.com\\\/#website\",\"url\":\"https:\\\/\\\/strangercam.com\\\/\",\"name\":\"Strangercam\",\"description\":\"Random Video Chat with Strangers\",\"publisher\":{\"@id\":\"https:\\\/\\\/strangercam.com\\\/#organization\"},\"alternateName\":\"Strangercam.com\",\"potentialAction\":[{\"@type\":\"SearchAction\",\"target\":{\"@type\":\"EntryPoint\",\"urlTemplate\":\"https:\\\/\\\/strangercam.com\\\/?s={search_term_string}\"},\"query-input\":{\"@type\":\"PropertyValueSpecification\",\"valueRequired\":true,\"valueName\":\"search_term_string\"}}],\"inLanguage\":\"cs\"},{\"@type\":\"Organization\",\"@id\":\"https:\\\/\\\/strangercam.com\\\/#organization\",\"name\":\"Strangercam\",\"alternateName\":\"Strangercam.com\",\"url\":\"https:\\\/\\\/strangercam.com\\\/\",\"logo\":{\"@type\":\"ImageObject\",\"inLanguage\":\"cs\",\"@id\":\"https:\\\/\\\/strangercam.com\\\/#\\\/schema\\\/logo\\\/image\\\/\",\"url\":\"https:\\\/\\\/strangercam.com\\\/wp-content\\\/uploads\\\/2020\\\/11\\\/cropped-new-favicon-black.png\",\"contentUrl\":\"https:\\\/\\\/strangercam.com\\\/wp-content\\\/uploads\\\/2020\\\/11\\\/cropped-new-favicon-black.png\",\"width\":512,\"height\":512,\"caption\":\"Strangercam\"},\"image\":{\"@id\":\"https:\\\/\\\/strangercam.com\\\/#\\\/schema\\\/logo\\\/image\\\/\"},\"sameAs\":[\"https:\\\/\\\/www.facebook.com\\\/strangercam\",\"https:\\\/\\\/x.com\\\/strangercamapp\"]}]}<\/script>\n<!-- \/ Yoast SEO plugin. -->","yoast_head_json":{"title":"Omegle D\u00edvka Chat s videochatem na Strangercam.com","description":"L\u00edb\u00ed se v\u00e1m Omegle Girl Chat? Join miliony na StrangerCam.com! Spus\u0165te n\u00e1hodn\u00fd videochat, zapn\u011bte kameru a okam\u017eit\u011b se seznamte s ciz\u00edmi lidmi.","robots":{"index":"index","follow":"follow","max-snippet":"max-snippet:-1","max-image-preview":"max-image-preview:large","max-video-preview":"max-video-preview:-1"},"canonical":"https:\/\/strangercam.com\/cs\/omegle-divka-chat\/","og_locale":"cs_CZ","og_type":"article","og_title":"Omegle Girl Chat with Video Chat on Strangercam.com","og_description":"Liking Omegle Girl Chat? Join millions on StrangerCam.com! Start a random video chat, turn on your cam, and meet strangers instantly.","og_url":"https:\/\/strangercam.com\/cs\/omegle-divka-chat\/","og_site_name":"Strangercam","article_publisher":"https:\/\/www.facebook.com\/strangercam","article_modified_time":"2025-09-08T08:00:45+00:00","og_image":[{"width":800,"height":532,"url":"https:\/\/strangercam.com\/wp-content\/uploads\/2021\/10\/Untitled-2.png","type":"image\/png"}],"twitter_card":"summary_large_image","twitter_site":"@strangercamapp","twitter_misc":{"Odhadovan\u00e1 doba \u010dten\u00ed":"4 minuty"},"schema":{"@context":"https:\/\/schema.org","@graph":[{"@type":"WebPage","@id":"https:\/\/strangercam.com\/omegle-girl-chat\/","url":"https:\/\/strangercam.com\/omegle-girl-chat\/","name":"Omegle D\u00edvka Chat s videochatem na Strangercam.com","isPartOf":{"@id":"https:\/\/strangercam.com\/#website"},"datePublished":"2025-09-08T05:55:19+00:00","dateModified":"2025-09-08T08:00:45+00:00","description":"L\u00edb\u00ed se v\u00e1m Omegle Girl Chat? Join miliony na StrangerCam.com! Spus\u0165te n\u00e1hodn\u00fd videochat, zapn\u011bte kameru a okam\u017eit\u011b se seznamte s ciz\u00edmi lidmi.","breadcrumb":{"@id":"https:\/\/strangercam.com\/omegle-girl-chat\/#breadcrumb"},"inLanguage":"cs","potentialAction":[{"@type":"ReadAction","target":["https:\/\/strangercam.com\/omegle-girl-chat\/"]}]},{"@type":"BreadcrumbList","@id":"https:\/\/strangercam.com\/omegle-girl-chat\/#breadcrumb","itemListElement":[{"@type":"ListItem","position":1,"name":"Home","item":"https:\/\/strangercam.com\/"},{"@type":"ListItem","position":2,"name":"Omegle Girl Chat"}]},{"@type":"WebSite","@id":"https:\/\/strangercam.com\/#website","url":"https:\/\/strangercam.com\/","name":"Strangercam","description":"N\u00e1hodn\u00fd videochat s ciz\u00edmi lidmi","publisher":{"@id":"https:\/\/strangercam.com\/#organization"},"alternateName":"Strangercam.com","potentialAction":[{"@type":"SearchAction","target":{"@type":"EntryPoint","urlTemplate":"https:\/\/strangercam.com\/?s={search_term_string}"},"query-input":{"@type":"PropertyValueSpecification","valueRequired":true,"valueName":"search_term_string"}}],"inLanguage":"cs"},{"@type":"Organization","@id":"https:\/\/strangercam.com\/#organization","name":"Strangercam","alternateName":"Strangercam.com","url":"https:\/\/strangercam.com\/","logo":{"@type":"ImageObject","inLanguage":"cs","@id":"https:\/\/strangercam.com\/#\/schema\/logo\/image\/","url":"https:\/\/strangercam.com\/wp-content\/uploads\/2020\/11\/cropped-new-favicon-black.png","contentUrl":"https:\/\/strangercam.com\/wp-content\/uploads\/2020\/11\/cropped-new-favicon-black.png","width":512,"height":512,"caption":"Strangercam"},"image":{"@id":"https:\/\/strangercam.com\/#\/schema\/logo\/image\/"},"sameAs":["https:\/\/www.facebook.com\/strangercam","https:\/\/x.com\/strangercamapp"]}]}},"_links":{"self":[{"href":"https:\/\/strangercam.com\/cs\/wp-json\/wp\/v2\/pages\/4090","targetHints":{"allow":["GET"]}}],"collection":[{"href":"https:\/\/strangercam.com\/cs\/wp-json\/wp\/v2\/pages"}],"about":[{"href":"https:\/\/strangercam.com\/cs\/wp-json\/wp\/v2\/types\/page"}],"author":[{"embeddable":true,"href":"https:\/\/strangercam.com\/cs\/wp-json\/wp\/v2\/users\/8"}],"replies":[{"embeddable":true,"href":"https:\/\/strangercam.com\/cs\/wp-json\/wp\/v2\/comments?post=4090"}],"version-history":[{"count":1,"href":"https:\/\/strangercam.com\/cs\/wp-json\/wp\/v2\/pages\/4090\/revisions"}],"predecessor-version":[{"id":13007,"href":"https:\/\/strangercam.com\/cs\/wp-json\/wp\/v2\/pages\/4090\/revisions\/13007"}],"wp:attachment":[{"href":"https:\/\/strangercam.com\/cs\/wp-json\/wp\/v2\/media?parent=4090"}],"curies":[{"name":"wp","href":"https:\/\/api.w.org\/{rel}","templated":true}]}}